{"id":46292,"date":"2022-06-28T20:13:21","date_gmt":"2022-06-28T19:13:21","guid":{"rendered":"https:\/\/www.loewen-apotheke24.com\/?post_type=product&#038;p=46292"},"modified":"2024-09-17T06:45:50","modified_gmt":"2024-09-17T05:45:50","slug":"ffp2-masken-weiss-20x-im-set","status":"publish","type":"product","link":"https:\/\/www.loewen-apotheke24.com\/de\/shop\/loewen-apotheke\/ffp2-masken-weiss-20x-im-set\/","title":{"rendered":"FFP2 Masken wei\u00df &#8211; 20x &#8211; im Set"},"content":{"rendered":"<h3 style=\"text-align: left;\">FFP2 Masken wei\u00df &#8211; 20x &#8211; im Set<\/h3>\n<div class=\"rating__wrap\">\n<p class=\"rating__stars rating__stars--regular rating__url\" style=\"text-align: left;\" data-rating-value=\"4.75\">FFP2 Masken schwarz im Set.\u00a0 Die Atemschutzmaske verf\u00fcgt \u00fcber ein 5-Schicht-Filtersystem und kann \u00fcber 98% der Partikel, Tr\u00f6pfen sowie Aerosole in der Luft filtern, sicher und effizient. Diese Schutzmaske entspricht einem FFP2 Standard gem\u00e4\u00df den EN 149:2001 Kriterien. Sie werden nach der EU-Verordnung 2016\/425 f\u00fcr pers\u00f6nliche Schutzausr\u00fcstung gepr\u00fcft und CE-zertifiziert. CE 2163. Mit eingebauter Nasenbr\u00fccke passt sich die Maske an jeder Nase und jedem Gesicht an. Weiche Aussen- und Innenseite aus Polyesterstoff erm\u00f6glicht es, auch bei l\u00e4ngerem Tragen bequem zu bleiben.<\/p>\n<p class=\"rating__stars rating__stars--regular rating__url\" style=\"text-align: left;\" data-rating-value=\"4.75\">Auch problemlos f\u00fcr Brillentr\u00e4ger mit sehr angenehmen Tragegef\u00fchl.<\/p>\n<\/div>\n<p>Jede Maske wird einzeln verpackt, um eine Verunreinigung vor dem Gebrauch zu verhindern.<\/p>\n<p><strong>Die Vorteile auf einen Blick:<\/strong><\/p>\n<p>&#8211; 5-Schicht-Filtersystem<\/p>\n<p>&#8211; FFP2 Standard gem\u00e4\u00df der\u00a0CE-Zertifizierung EN149:2001+A1:2009<\/p>\n<p>&#8211; Jede Maske wird einzeln verpackt<\/p>\n<p>&nbsp;<\/p>\n<p>Es handelt sich um <a href=\"https:\/\/duuja.de\/ffp2-masken\/\" target=\"_blank\" rel=\"noopener noreferrer\">Herstellerangaben<\/a>.<\/p>\n<p><a href=\"https:\/\/www.loewen-apotheke24.com\/de\/product_tag\/corona\/\">Weitere Produkte zum Schutz vor Infektionen.<\/a><\/p>\n<p>Zu Risiken und Nebenwirkungen lesen Sie die Packungsbeilage und fragen Sie Ihren Arzt oder Apotheker.<\/p>\n","protected":false},"excerpt":{"rendered":"<h2>FFP2 Masken wei\u00df im Set &#8211; 20 St\u00fcck<\/h2>\n<p><strong>PZN<\/strong>:\u00a0 &#8211;\u00a0 (Pharmazentralnummer)<\/p>\n<p><strong>Marke<\/strong>: Apothekenware, diverse Hersteller u.a. Duuja,<\/p>\n<p><strong>Packungsgr\u00f6\u00dfe<\/strong>: 20 St\u00fcck im Set enthalten &#8211; FFP2-Masken wei\u00df<\/p>\n","protected":false},"featured_media":46294,"template":"","meta":[],"product_cat":[89],"product_tag":[28,433,420,470,421],"yoast_head":"<!-- This site is optimized with the Yoast SEO Premium plugin v21.0 (Yoast SEO v21.0) - https:\/\/yoast.com\/wordpress\/plugins\/seo\/ -->\n<title>FFP2 Masken wei\u00df - 20 St\u00fcck - Schutz - L\u00f6wen Apotheke24<\/title>\n<meta name=\"description\" content=\"L\u00f6wen Apotheke24 - Spezialist f\u00fcr Naturheilkunde - kurze Lieferzeit - gratis Lieferung ab 30 \u20ac - Schutz vor Infektionen - FFP2 Masken wei\u00df - 20 St\u00fcck\" \/>\n<meta name=\"robots\" content=\"index, follow, max-snippet:-1, max-image-preview:large, max-video-preview:-1\" \/>\n<link rel=\"canonical\" href=\"https:\/\/www.loewen-apotheke24.com\/de\/shop\/loewen-apotheke\/ffp2-masken-weiss-20x-im-set\/\" \/>\n<meta property=\"og:locale\" content=\"de_DE\" \/>\n<meta property=\"og:type\" content=\"article\" \/>\n<meta property=\"og:title\" content=\"FFP2 Masken wei\u00df - 20 St\u00fcck - Schutz - L\u00f6wen Apotheke24\" \/>\n<meta property=\"og:description\" content=\"L\u00f6wen Apotheke24 - Spezialist f\u00fcr Naturheilkunde - kurze Lieferzeit - gratis Lieferung ab 30 \u20ac - Schutz vor Infektionen - FFP2 Masken wei\u00df - 20 St\u00fcck\" \/>\n<meta property=\"og:url\" content=\"https:\/\/www.loewen-apotheke24.com\/de\/shop\/loewen-apotheke\/ffp2-masken-weiss-20x-im-set\/\" \/>\n<meta property=\"og:site_name\" content=\"L\u00f6wen Apotheke24\" \/>\n<meta property=\"article:modified_time\" content=\"2024-09-17T05:45:50+00:00\" \/>\n<meta property=\"og:image\" content=\"https:\/\/www.loewen-apotheke24.com\/wp-content\/uploads\/2022\/06\/FFP2-Masken-10-Stueck.jpg\" \/>\n\t<meta property=\"og:image:width\" content=\"600\" \/>\n\t<meta property=\"og:image:height\" content=\"600\" \/>\n\t<meta property=\"og:image:type\" content=\"image\/jpeg\" \/>\n<meta name=\"twitter:card\" content=\"summary_large_image\" \/>\n<meta name=\"twitter:label1\" content=\"Gesch\u00e4tzte Lesezeit\" \/>\n\t<meta name=\"twitter:data1\" content=\"1\u00a0Minute\" \/>\n<script type=\"application\/ld+json\" class=\"yoast-schema-graph\">{\"@context\":\"https:\/\/schema.org\",\"@graph\":[{\"@type\":\"WebPage\",\"@id\":\"https:\/\/www.loewen-apotheke24.com\/de\/shop\/loewen-apotheke\/ffp2-masken-weiss-20x-im-set\/\",\"url\":\"https:\/\/www.loewen-apotheke24.com\/de\/shop\/loewen-apotheke\/ffp2-masken-weiss-20x-im-set\/\",\"name\":\"FFP2 Masken wei\u00df - 20 St\u00fcck - Schutz - L\u00f6wen Apotheke24\",\"isPartOf\":{\"@id\":\"https:\/\/www.loewen-apotheke24.com\/de\/#website\"},\"datePublished\":\"2022-06-28T19:13:21+00:00\",\"dateModified\":\"2024-09-17T05:45:50+00:00\",\"description\":\"L\u00f6wen Apotheke24 - Spezialist f\u00fcr Naturheilkunde - kurze Lieferzeit - gratis Lieferung ab 30 \u20ac - Schutz vor Infektionen - FFP2 Masken wei\u00df - 20 St\u00fcck\",\"breadcrumb\":{\"@id\":\"https:\/\/www.loewen-apotheke24.com\/de\/shop\/loewen-apotheke\/ffp2-masken-weiss-20x-im-set\/#breadcrumb\"},\"inLanguage\":\"de\",\"potentialAction\":[{\"@type\":\"ReadAction\",\"target\":[\"https:\/\/www.loewen-apotheke24.com\/de\/shop\/loewen-apotheke\/ffp2-masken-weiss-20x-im-set\/\"]}]},{\"@type\":\"BreadcrumbList\",\"@id\":\"https:\/\/www.loewen-apotheke24.com\/de\/shop\/loewen-apotheke\/ffp2-masken-weiss-20x-im-set\/#breadcrumb\",\"itemListElement\":[{\"@type\":\"ListItem\",\"position\":1,\"name\":\"Shop\",\"item\":\"https:\/\/www.loewen-apotheke24.com\/de\/shop\/\"},{\"@type\":\"ListItem\",\"position\":2,\"name\":\"FFP2 Masken wei\u00df &#8211; 20x &#8211; im Set\"}]},{\"@type\":\"WebSite\",\"@id\":\"https:\/\/www.loewen-apotheke24.com\/de\/#website\",\"url\":\"https:\/\/www.loewen-apotheke24.com\/de\/\",\"name\":\"L\u00f6wen Apotheke24\",\"description\":\"Spezialist f\u00fcr Naturmedizin - Versandapotheke Baden-Baden\",\"publisher\":{\"@id\":\"https:\/\/www.loewen-apotheke24.com\/de\/#organization\"},\"potentialAction\":[{\"@type\":\"SearchAction\",\"target\":{\"@type\":\"EntryPoint\",\"urlTemplate\":\"https:\/\/www.loewen-apotheke24.com\/de\/?s={search_term_string}\"},\"query-input\":\"required name=search_term_string\"}],\"inLanguage\":\"de\"},{\"@type\":\"Organization\",\"@id\":\"https:\/\/www.loewen-apotheke24.com\/de\/#organization\",\"name\":\"L\u00f6wen Apotheke\",\"alternateName\":\"L\u00f6wen Apotheke\",\"url\":\"https:\/\/www.loewen-apotheke24.com\/de\/\",\"logo\":{\"@type\":\"ImageObject\",\"inLanguage\":\"de\",\"@id\":\"https:\/\/www.loewen-apotheke24.com\/de\/#\/schema\/logo\/image\/\",\"url\":\"https:\/\/www.loewen-apotheke24.com\/wp-content\/uploads\/2024\/02\/Logo-Loewen-Apotheke-700x700-1.png\",\"contentUrl\":\"https:\/\/www.loewen-apotheke24.com\/wp-content\/uploads\/2024\/02\/Logo-Loewen-Apotheke-700x700-1.png\",\"width\":700,\"height\":700,\"caption\":\"L\u00f6wen Apotheke\"},\"image\":{\"@id\":\"https:\/\/www.loewen-apotheke24.com\/de\/#\/schema\/logo\/image\/\"}}]}<\/script>\n<!-- \/ Yoast SEO Premium plugin. -->","yoast_head_json":{"title":"FFP2 Masken wei\u00df - 20 St\u00fcck - Schutz - L\u00f6wen Apotheke24","description":"L\u00f6wen Apotheke24 - Spezialist f\u00fcr Naturheilkunde - kurze Lieferzeit - gratis Lieferung ab 30 \u20ac - Schutz vor Infektionen - FFP2 Masken wei\u00df - 20 St\u00fcck","robots":{"index":"index","follow":"follow","max-snippet":"max-snippet:-1","max-image-preview":"max-image-preview:large","max-video-preview":"max-video-preview:-1"},"canonical":"https:\/\/www.loewen-apotheke24.com\/de\/shop\/loewen-apotheke\/ffp2-masken-weiss-20x-im-set\/","og_locale":"de_DE","og_type":"article","og_title":"FFP2 Masken wei\u00df - 20 St\u00fcck - Schutz - L\u00f6wen Apotheke24","og_description":"L\u00f6wen Apotheke24 - Spezialist f\u00fcr Naturheilkunde - kurze Lieferzeit - gratis Lieferung ab 30 \u20ac - Schutz vor Infektionen - FFP2 Masken wei\u00df - 20 St\u00fcck","og_url":"https:\/\/www.loewen-apotheke24.com\/de\/shop\/loewen-apotheke\/ffp2-masken-weiss-20x-im-set\/","og_site_name":"L\u00f6wen Apotheke24","article_modified_time":"2024-09-17T05:45:50+00:00","og_image":[{"width":600,"height":600,"url":"https:\/\/www.loewen-apotheke24.com\/wp-content\/uploads\/2022\/06\/FFP2-Masken-10-Stueck.jpg","type":"image\/jpeg"}],"twitter_card":"summary_large_image","twitter_misc":{"Gesch\u00e4tzte Lesezeit":"1\u00a0Minute"},"schema":{"@context":"https:\/\/schema.org","@graph":[{"@type":"WebPage","@id":"https:\/\/www.loewen-apotheke24.com\/de\/shop\/loewen-apotheke\/ffp2-masken-weiss-20x-im-set\/","url":"https:\/\/www.loewen-apotheke24.com\/de\/shop\/loewen-apotheke\/ffp2-masken-weiss-20x-im-set\/","name":"FFP2 Masken wei\u00df - 20 St\u00fcck - Schutz - L\u00f6wen Apotheke24","isPartOf":{"@id":"https:\/\/www.loewen-apotheke24.com\/de\/#website"},"datePublished":"2022-06-28T19:13:21+00:00","dateModified":"2024-09-17T05:45:50+00:00","description":"L\u00f6wen Apotheke24 - Spezialist f\u00fcr Naturheilkunde - kurze Lieferzeit - gratis Lieferung ab 30 \u20ac - Schutz vor Infektionen - FFP2 Masken wei\u00df - 20 St\u00fcck","breadcrumb":{"@id":"https:\/\/www.loewen-apotheke24.com\/de\/shop\/loewen-apotheke\/ffp2-masken-weiss-20x-im-set\/#breadcrumb"},"inLanguage":"de","potentialAction":[{"@type":"ReadAction","target":["https:\/\/www.loewen-apotheke24.com\/de\/shop\/loewen-apotheke\/ffp2-masken-weiss-20x-im-set\/"]}]},{"@type":"BreadcrumbList","@id":"https:\/\/www.loewen-apotheke24.com\/de\/shop\/loewen-apotheke\/ffp2-masken-weiss-20x-im-set\/#breadcrumb","itemListElement":[{"@type":"ListItem","position":1,"name":"Shop","item":"https:\/\/www.loewen-apotheke24.com\/de\/shop\/"},{"@type":"ListItem","position":2,"name":"FFP2 Masken wei\u00df &#8211; 20x &#8211; im Set"}]},{"@type":"WebSite","@id":"https:\/\/www.loewen-apotheke24.com\/de\/#website","url":"https:\/\/www.loewen-apotheke24.com\/de\/","name":"L\u00f6wen Apotheke24","description":"Spezialist f\u00fcr Naturmedizin - Versandapotheke Baden-Baden","publisher":{"@id":"https:\/\/www.loewen-apotheke24.com\/de\/#organization"},"potentialAction":[{"@type":"SearchAction","target":{"@type":"EntryPoint","urlTemplate":"https:\/\/www.loewen-apotheke24.com\/de\/?s={search_term_string}"},"query-input":"required name=search_term_string"}],"inLanguage":"de"},{"@type":"Organization","@id":"https:\/\/www.loewen-apotheke24.com\/de\/#organization","name":"L\u00f6wen Apotheke","alternateName":"L\u00f6wen Apotheke","url":"https:\/\/www.loewen-apotheke24.com\/de\/","logo":{"@type":"ImageObject","inLanguage":"de","@id":"https:\/\/www.loewen-apotheke24.com\/de\/#\/schema\/logo\/image\/","url":"https:\/\/www.loewen-apotheke24.com\/wp-content\/uploads\/2024\/02\/Logo-Loewen-Apotheke-700x700-1.png","contentUrl":"https:\/\/www.loewen-apotheke24.com\/wp-content\/uploads\/2024\/02\/Logo-Loewen-Apotheke-700x700-1.png","width":700,"height":700,"caption":"L\u00f6wen Apotheke"},"image":{"@id":"https:\/\/www.loewen-apotheke24.com\/de\/#\/schema\/logo\/image\/"}}]}},"_links":{"self":[{"href":"https:\/\/www.loewen-apotheke24.com\/de\/wp-json\/wp\/v2\/product\/46292"}],"collection":[{"href":"https:\/\/www.loewen-apotheke24.com\/de\/wp-json\/wp\/v2\/product"}],"about":[{"href":"https:\/\/www.loewen-apotheke24.com\/de\/wp-json\/wp\/v2\/types\/product"}],"wp:featuredmedia":[{"embeddable":true,"href":"https:\/\/www.loewen-apotheke24.com\/de\/wp-json\/wp\/v2\/media\/46294"}],"wp:attachment":[{"href":"https:\/\/www.loewen-apotheke24.com\/de\/wp-json\/wp\/v2\/media?parent=46292"}],"wp:term":[{"taxonomy":"product_cat","embeddable":true,"href":"https:\/\/www.loewen-apotheke24.com\/de\/wp-json\/wp\/v2\/product_cat?post=46292"},{"taxonomy":"product_tag","embeddable":true,"href":"https:\/\/www.loewen-apotheke24.com\/de\/wp-json\/wp\/v2\/product_tag?post=46292"}],"curies":[{"name":"wp","href":"https:\/\/api.w.org\/{rel}","templated":true}]}}