{"id":46965,"date":"2022-07-12T13:20:19","date_gmt":"2022-07-12T12:20:19","guid":{"rendered":"https:\/\/www.loewen-apotheke24.com\/?post_type=product&#038;p=46965"},"modified":"2025-12-11T07:14:13","modified_gmt":"2025-12-11T06:14:13","slug":"ginkgo-stada-240-mg-60-st","status":"publish","type":"product","link":"https:\/\/www.loewen-apotheke24.com\/de\/shop\/angebot\/ginkgo-stada-240-mg-60-st\/","title":{"rendered":"GINKGO STADA 240 mg Filmtabletten 60 St."},"content":{"rendered":"<h3 style=\"text-align: left;\">Ginkgo STADA 240 mg Filmtabletten<\/h3>\n<p>Ginkgo STADA 240 mg Filmtabletten ist ein pflanzliches Arzneimittel zur Verbesserung einer altersbedingten kognitiven Beeintr\u00e4chtigung und der Lebensqualit\u00e4t bei leichter Demenz. Enth\u00e4lt Lactose und Glucose.Bei Ged\u00e4chtnisst\u00f6rungen, altersbedingten Konzentrationsst\u00f6rungen, Ohrensausen, Schwindel.<\/p>\n<p style=\"text-align: left;\"><strong>Wirkstoffe:\u00a0<\/strong>Bilobalide, Ginkgols\u00e4uren, Ginkgo Flavonoidglykoside, Ginkgobl\u00e4tter Trockenextrakt, (35-67:1), Auszugsmittel: Aceton 60% (m\/m), Ginkgolide A+B+C<\/p>\n<p style=\"text-align: left;\"><strong>Beipackzettel<\/strong>:\u00a0<a href=\"https:\/\/www.loewen-apotheke24.com\/wp-content\/uploads\/2022\/07\/ginko-stada-240mg-Beipackzettel.pdf\">ginko stada 240mg Beipackzettel<\/a><\/p>\n<p>STADA ist ein f\u00fchrender Hersteller hochwertiger Arzneimittel. Mit einer langj\u00e4hrigen Tradition, die im Apothekengewerbe verwurzelt ist, sind wir seit 125 Jahren als zuverl\u00e4ssiger und vertrauensw\u00fcrdiger Partner anerkannt. Mit unseren Produkten unterst\u00fctzen wir Menschen dabei, gesund und fit zu bleiben und zu werden.<\/p>\n<p>Weitere Produktdetails finden Sie beim Hersteller <a href=\"https:\/\/www.stada.de\/produkte\/ginkgo-stada-240-mg-filmtabletten\" target=\"_blank\" rel=\"noopener\">STADA Consumer Health Deutschland GmbH<br \/>\n<\/a><\/p>\n<p data-pm-slice=\"1 1 []\">Andere Kunden interessierten sich auch f\u00fcr Produkte zum Thema: <a href=\"https:\/\/www.loewen-apotheke24.com\/de\/product_tag\/schwindel\/\">Konzentrationsst\u00f6rungen &#8211; Ged\u00e4chtnisst\u00f6rungen &#8211; Mineralstoffe<\/a><\/p>\n<p>Zu Risiken und Nebenwirkungen lesen Sie die Packungsbeilage und fragen Sie Ihren Arzt oder Apotheker.<\/p>\n","protected":false},"excerpt":{"rendered":"<h2>GINKGO STADA 240 mg Filmtabletten 60 St.<\/h2>\n<p>Bei Ged\u00e4chtnisst\u00f6rungen, altersbedingten Konzentrationsst\u00f6rungen, Ohrensausen, Schwindel.<\/p>\n<p><strong>PZN<\/strong>: 11538932 (Pharmazentralnummer)<\/p>\n<p><strong>Darreichungsform<\/strong>: Tabletten<\/p>\n<p><strong>Verordnungsart<\/strong>: Rezeptfrei<\/p>\n<p><strong>Hersteller<\/strong>:\u00a0<a href=\"https:\/\/www.loewen-apotheke24.com\/de\/product_tag\/stada\/\">STADA Arzneimittel AG<\/a><\/p>\n<p><strong>Packungsgr\u00f6\u00dfe<\/strong>: 60 St\u00fcck<\/p>\n","protected":false},"featured_media":46989,"template":"","meta":[],"product_cat":[13,476],"product_tag":[426,475,461,362,474,469],"yoast_head":"<!-- This site is optimized with the Yoast SEO Premium plugin v21.0 (Yoast SEO v21.0) - https:\/\/yoast.com\/wordpress\/plugins\/seo\/ -->\n<title>GINKGO STADA 240 mg Filmtabletten 60 St. - L\u00f6wen Apotheke24<\/title>\n<meta name=\"description\" content=\"L\u00f6wen Apotheke24 - Spezialist f\u00fcr Naturheilkunde - kurze Lieferzeit - gratis Lieferung ab 30 \u20ac - GINKGO STADA 240 mg Filmtabletten 60 St.\" \/>\n<meta name=\"robots\" content=\"index, follow, max-snippet:-1, max-image-preview:large, max-video-preview:-1\" \/>\n<link rel=\"canonical\" href=\"https:\/\/www.loewen-apotheke24.com\/de\/shop\/angebot\/ginkgo-stada-240-mg-60-st\/\" \/>\n<meta property=\"og:locale\" content=\"de_DE\" \/>\n<meta property=\"og:type\" content=\"article\" \/>\n<meta property=\"og:title\" content=\"GINKGO STADA 240 mg Filmtabletten 60 St. - L\u00f6wen Apotheke24\" \/>\n<meta property=\"og:description\" content=\"L\u00f6wen Apotheke24 - Spezialist f\u00fcr Naturheilkunde - kurze Lieferzeit - gratis Lieferung ab 30 \u20ac - GINKGO STADA 240 mg Filmtabletten 60 St.\" \/>\n<meta property=\"og:url\" content=\"https:\/\/www.loewen-apotheke24.com\/de\/shop\/angebot\/ginkgo-stada-240-mg-60-st\/\" \/>\n<meta property=\"og:site_name\" content=\"L\u00f6wen Apotheke24\" \/>\n<meta property=\"article:modified_time\" content=\"2025-12-11T06:14:13+00:00\" \/>\n<meta property=\"og:image\" content=\"https:\/\/www.loewen-apotheke24.com\/wp-content\/uploads\/2022\/07\/Ginko-stada-240mg-60st.jpg\" \/>\n\t<meta property=\"og:image:width\" content=\"600\" \/>\n\t<meta property=\"og:image:height\" content=\"600\" \/>\n\t<meta property=\"og:image:type\" content=\"image\/jpeg\" \/>\n<meta name=\"twitter:card\" content=\"summary_large_image\" \/>\n<meta name=\"twitter:label1\" content=\"Gesch\u00e4tzte Lesezeit\" \/>\n\t<meta name=\"twitter:data1\" content=\"1\u00a0Minute\" \/>\n<script type=\"application\/ld+json\" class=\"yoast-schema-graph\">{\"@context\":\"https:\/\/schema.org\",\"@graph\":[{\"@type\":\"WebPage\",\"@id\":\"https:\/\/www.loewen-apotheke24.com\/de\/shop\/angebot\/ginkgo-stada-240-mg-60-st\/\",\"url\":\"https:\/\/www.loewen-apotheke24.com\/de\/shop\/angebot\/ginkgo-stada-240-mg-60-st\/\",\"name\":\"GINKGO STADA 240 mg Filmtabletten 60 St. - L\u00f6wen Apotheke24\",\"isPartOf\":{\"@id\":\"https:\/\/www.loewen-apotheke24.com\/de\/#website\"},\"datePublished\":\"2022-07-12T12:20:19+00:00\",\"dateModified\":\"2025-12-11T06:14:13+00:00\",\"description\":\"L\u00f6wen Apotheke24 - Spezialist f\u00fcr Naturheilkunde - kurze Lieferzeit - gratis Lieferung ab 30 \u20ac - GINKGO STADA 240 mg Filmtabletten 60 St.\",\"breadcrumb\":{\"@id\":\"https:\/\/www.loewen-apotheke24.com\/de\/shop\/angebot\/ginkgo-stada-240-mg-60-st\/#breadcrumb\"},\"inLanguage\":\"de\",\"potentialAction\":[{\"@type\":\"ReadAction\",\"target\":[\"https:\/\/www.loewen-apotheke24.com\/de\/shop\/angebot\/ginkgo-stada-240-mg-60-st\/\"]}]},{\"@type\":\"BreadcrumbList\",\"@id\":\"https:\/\/www.loewen-apotheke24.com\/de\/shop\/angebot\/ginkgo-stada-240-mg-60-st\/#breadcrumb\",\"itemListElement\":[{\"@type\":\"ListItem\",\"position\":1,\"name\":\"Shop\",\"item\":\"https:\/\/www.loewen-apotheke24.com\/de\/shop\/\"},{\"@type\":\"ListItem\",\"position\":2,\"name\":\"GINKGO STADA 240 mg Filmtabletten 60 St.\"}]},{\"@type\":\"WebSite\",\"@id\":\"https:\/\/www.loewen-apotheke24.com\/de\/#website\",\"url\":\"https:\/\/www.loewen-apotheke24.com\/de\/\",\"name\":\"L\u00f6wen Apotheke24\",\"description\":\"Spezialist f\u00fcr Naturmedizin - Versandapotheke Baden-Baden\",\"publisher\":{\"@id\":\"https:\/\/www.loewen-apotheke24.com\/de\/#organization\"},\"potentialAction\":[{\"@type\":\"SearchAction\",\"target\":{\"@type\":\"EntryPoint\",\"urlTemplate\":\"https:\/\/www.loewen-apotheke24.com\/de\/?s={search_term_string}\"},\"query-input\":\"required name=search_term_string\"}],\"inLanguage\":\"de\"},{\"@type\":\"Organization\",\"@id\":\"https:\/\/www.loewen-apotheke24.com\/de\/#organization\",\"name\":\"L\u00f6wen Apotheke\",\"alternateName\":\"L\u00f6wen Apotheke\",\"url\":\"https:\/\/www.loewen-apotheke24.com\/de\/\",\"logo\":{\"@type\":\"ImageObject\",\"inLanguage\":\"de\",\"@id\":\"https:\/\/www.loewen-apotheke24.com\/de\/#\/schema\/logo\/image\/\",\"url\":\"https:\/\/www.loewen-apotheke24.com\/wp-content\/uploads\/2024\/02\/Logo-Loewen-Apotheke-700x700-1.png\",\"contentUrl\":\"https:\/\/www.loewen-apotheke24.com\/wp-content\/uploads\/2024\/02\/Logo-Loewen-Apotheke-700x700-1.png\",\"width\":700,\"height\":700,\"caption\":\"L\u00f6wen Apotheke\"},\"image\":{\"@id\":\"https:\/\/www.loewen-apotheke24.com\/de\/#\/schema\/logo\/image\/\"}}]}<\/script>\n<!-- \/ Yoast SEO Premium plugin. -->","yoast_head_json":{"title":"GINKGO STADA 240 mg Filmtabletten 60 St. - L\u00f6wen Apotheke24","description":"L\u00f6wen Apotheke24 - Spezialist f\u00fcr Naturheilkunde - kurze Lieferzeit - gratis Lieferung ab 30 \u20ac - GINKGO STADA 240 mg Filmtabletten 60 St.","robots":{"index":"index","follow":"follow","max-snippet":"max-snippet:-1","max-image-preview":"max-image-preview:large","max-video-preview":"max-video-preview:-1"},"canonical":"https:\/\/www.loewen-apotheke24.com\/de\/shop\/angebot\/ginkgo-stada-240-mg-60-st\/","og_locale":"de_DE","og_type":"article","og_title":"GINKGO STADA 240 mg Filmtabletten 60 St. - L\u00f6wen Apotheke24","og_description":"L\u00f6wen Apotheke24 - Spezialist f\u00fcr Naturheilkunde - kurze Lieferzeit - gratis Lieferung ab 30 \u20ac - GINKGO STADA 240 mg Filmtabletten 60 St.","og_url":"https:\/\/www.loewen-apotheke24.com\/de\/shop\/angebot\/ginkgo-stada-240-mg-60-st\/","og_site_name":"L\u00f6wen Apotheke24","article_modified_time":"2025-12-11T06:14:13+00:00","og_image":[{"width":600,"height":600,"url":"https:\/\/www.loewen-apotheke24.com\/wp-content\/uploads\/2022\/07\/Ginko-stada-240mg-60st.jpg","type":"image\/jpeg"}],"twitter_card":"summary_large_image","twitter_misc":{"Gesch\u00e4tzte Lesezeit":"1\u00a0Minute"},"schema":{"@context":"https:\/\/schema.org","@graph":[{"@type":"WebPage","@id":"https:\/\/www.loewen-apotheke24.com\/de\/shop\/angebot\/ginkgo-stada-240-mg-60-st\/","url":"https:\/\/www.loewen-apotheke24.com\/de\/shop\/angebot\/ginkgo-stada-240-mg-60-st\/","name":"GINKGO STADA 240 mg Filmtabletten 60 St. - L\u00f6wen Apotheke24","isPartOf":{"@id":"https:\/\/www.loewen-apotheke24.com\/de\/#website"},"datePublished":"2022-07-12T12:20:19+00:00","dateModified":"2025-12-11T06:14:13+00:00","description":"L\u00f6wen Apotheke24 - Spezialist f\u00fcr Naturheilkunde - kurze Lieferzeit - gratis Lieferung ab 30 \u20ac - GINKGO STADA 240 mg Filmtabletten 60 St.","breadcrumb":{"@id":"https:\/\/www.loewen-apotheke24.com\/de\/shop\/angebot\/ginkgo-stada-240-mg-60-st\/#breadcrumb"},"inLanguage":"de","potentialAction":[{"@type":"ReadAction","target":["https:\/\/www.loewen-apotheke24.com\/de\/shop\/angebot\/ginkgo-stada-240-mg-60-st\/"]}]},{"@type":"BreadcrumbList","@id":"https:\/\/www.loewen-apotheke24.com\/de\/shop\/angebot\/ginkgo-stada-240-mg-60-st\/#breadcrumb","itemListElement":[{"@type":"ListItem","position":1,"name":"Shop","item":"https:\/\/www.loewen-apotheke24.com\/de\/shop\/"},{"@type":"ListItem","position":2,"name":"GINKGO STADA 240 mg Filmtabletten 60 St."}]},{"@type":"WebSite","@id":"https:\/\/www.loewen-apotheke24.com\/de\/#website","url":"https:\/\/www.loewen-apotheke24.com\/de\/","name":"L\u00f6wen Apotheke24","description":"Spezialist f\u00fcr Naturmedizin - Versandapotheke Baden-Baden","publisher":{"@id":"https:\/\/www.loewen-apotheke24.com\/de\/#organization"},"potentialAction":[{"@type":"SearchAction","target":{"@type":"EntryPoint","urlTemplate":"https:\/\/www.loewen-apotheke24.com\/de\/?s={search_term_string}"},"query-input":"required name=search_term_string"}],"inLanguage":"de"},{"@type":"Organization","@id":"https:\/\/www.loewen-apotheke24.com\/de\/#organization","name":"L\u00f6wen Apotheke","alternateName":"L\u00f6wen Apotheke","url":"https:\/\/www.loewen-apotheke24.com\/de\/","logo":{"@type":"ImageObject","inLanguage":"de","@id":"https:\/\/www.loewen-apotheke24.com\/de\/#\/schema\/logo\/image\/","url":"https:\/\/www.loewen-apotheke24.com\/wp-content\/uploads\/2024\/02\/Logo-Loewen-Apotheke-700x700-1.png","contentUrl":"https:\/\/www.loewen-apotheke24.com\/wp-content\/uploads\/2024\/02\/Logo-Loewen-Apotheke-700x700-1.png","width":700,"height":700,"caption":"L\u00f6wen Apotheke"},"image":{"@id":"https:\/\/www.loewen-apotheke24.com\/de\/#\/schema\/logo\/image\/"}}]}},"_links":{"self":[{"href":"https:\/\/www.loewen-apotheke24.com\/de\/wp-json\/wp\/v2\/product\/46965"}],"collection":[{"href":"https:\/\/www.loewen-apotheke24.com\/de\/wp-json\/wp\/v2\/product"}],"about":[{"href":"https:\/\/www.loewen-apotheke24.com\/de\/wp-json\/wp\/v2\/types\/product"}],"wp:featuredmedia":[{"embeddable":true,"href":"https:\/\/www.loewen-apotheke24.com\/de\/wp-json\/wp\/v2\/media\/46989"}],"wp:attachment":[{"href":"https:\/\/www.loewen-apotheke24.com\/de\/wp-json\/wp\/v2\/media?parent=46965"}],"wp:term":[{"taxonomy":"product_cat","embeddable":true,"href":"https:\/\/www.loewen-apotheke24.com\/de\/wp-json\/wp\/v2\/product_cat?post=46965"},{"taxonomy":"product_tag","embeddable":true,"href":"https:\/\/www.loewen-apotheke24.com\/de\/wp-json\/wp\/v2\/product_tag?post=46965"}],"curies":[{"name":"wp","href":"https:\/\/api.w.org\/{rel}","templated":true}]}}