{"id":47261,"date":"2022-07-19T05:31:21","date_gmt":"2022-07-19T04:31:21","guid":{"rendered":"https:\/\/www.loewen-apotheke24.com\/?post_type=product&#038;p=47261"},"modified":"2025-09-15T14:51:18","modified_gmt":"2025-09-15T13:51:18","slug":"ass-stada-100mg-100-st","status":"publish","type":"product","link":"https:\/\/www.loewen-apotheke24.com\/de\/shop\/stada\/ass-stada-100mg-100-st\/","title":{"rendered":"ASS STADA 100mg 100 St."},"content":{"rendered":"<h3 style=\"text-align: left;\">ASS STADA 100mg 100 St.<\/h3>\n<p>ASS STADA 100mg &#8211; zur Sekund\u00e4rpr\u00e4vention von Schlaganfall und Herzinfarkt.<\/p>\n<p>Wird angewendet um das Risiko der Entstehung von Blutgerinnseln zu verringern und folgenden Erkrankungen vorzubeugen: Herzinfarkt, Schlaganfall, Probleme des Herz-Kreislauf-Systems bei Patienten mit stabiler oder instabiler Angina pectoris (Schmerzen im Brustbereich). Wird ebenfalls angewendet, um der Entstehung von Blutgerinnseln nach bestimmten Arten von herzchirurgischen Eingriffen zur Erweiterung oder zum Offenhalten der Blutgef\u00e4\u00dfe vorzubeugen.<\/p>\n<p>Die ASS STADA\u00ae\u202f100 mg magensaftresistenten Tabletten enthalten Acetylsalicyls\u00e4ure, welche als Wirkstoff gegen\u00fcber Thrombozyten aggregationshemmend wirkt. Als \u201eThrombozyten\u201c werden sehr kleine Zellen im Blut bezeichnet, die das Blut zum Gerinnen bringen k\u00f6nnen. Solche \u201eBlutgerinnsel\u201c k\u00f6nnen bei Herzerkrankungen oder bei Patienten mit Schlaganfall in der Vorgeschichte gravierende Folgen haben.<\/p>\n<p style=\"text-align: left;\"><strong>Wirkstoffe<\/strong>:\u00a0Acetylsalicyls\u00e4ure<\/p>\n<p style=\"text-align: left;\"><strong>Beipackzettel<\/strong>:\u00a0<a href=\"https:\/\/www.loewen-apotheke24.com\/wp-content\/uploads\/2022\/07\/ASS-STADA-100mg.pdf\">ASS STADA 100mg<\/a><\/p>\n<p>STADA ist ein f\u00fchrender Hersteller hochwertiger Arzneimittel. Mit einer langj\u00e4hrigen Tradition, die im Apothekengewerbe verwurzelt ist, sind wir seit 125 Jahren als zuverl\u00e4ssiger und vertrauensw\u00fcrdiger Partner anerkannt. Mit unseren Produkten unterst\u00fctzen wir Menschen dabei, gesund und fit zu bleiben und zu werden.<\/p>\n<p>Weitere Produktdetails finden Sie beim Hersteller <a href=\"https:\/\/www.stada.de\/produkte\">STADA Consumer Health Deutschland GmbH<\/a><\/p>\n<p data-pm-slice=\"1 1 []\">Andere Kunden interessierten sich auch f\u00fcr Produkte zum Thema: Herz-Kreislauf.<\/p>\n<p>Zu Risiken und Nebenwirkungen lesen Sie die Packungsbeilage und fragen Sie Ihren Arzt oder Apotheker.<\/p>\n","protected":false},"excerpt":{"rendered":"<h2>ASS STADA 100mg 100 St.<\/h2>\n<p>Zur Sekund\u00e4rpr\u00e4vention von Schlaganfall und Herzinfarkt. Acetylsalicyls\u00e4ure.<\/p>\n<p><strong>PZN<\/strong>: 10544066 (Pharmazentralnummer)<\/p>\n<p><strong>Darreichungsform<\/strong>: Tabletten<\/p>\n<p><strong>Verordnungsart<\/strong>: Rezeptfrei<\/p>\n<p><strong>Hersteller<\/strong>:\u00a0<a href=\"https:\/\/www.loewen-apotheke24.com\/de\/product_tag\/stada\/\">STADA Arzneimittel AG<\/a><\/p>\n<p><strong>Packungsgr\u00f6\u00dfe<\/strong>: 100 St.<\/p>\n","protected":false},"featured_media":47263,"template":"","meta":[],"product_cat":[476],"product_tag":[482,474,481],"yoast_head":"<!-- This site is optimized with the Yoast SEO Premium plugin v21.0 (Yoast SEO v21.0) - https:\/\/yoast.com\/wordpress\/plugins\/seo\/ -->\n<title>ASS STADA 100mg 100 St.<\/title>\n<meta name=\"description\" content=\"L\u00f6wen Apotheke24, Baden-Baden - Spezialist f\u00fcr Naturheilkunde - kurze Lieferzeit - gratis Lieferung ab 30 \u20ac - ASS STADA 100mg 100 St.\" \/>\n<meta name=\"robots\" content=\"index, follow, max-snippet:-1, max-image-preview:large, max-video-preview:-1\" \/>\n<link rel=\"canonical\" href=\"https:\/\/www.loewen-apotheke24.com\/de\/shop\/stada\/ass-stada-100mg-100-st\/\" \/>\n<meta property=\"og:locale\" content=\"de_DE\" \/>\n<meta property=\"og:type\" content=\"article\" \/>\n<meta property=\"og:title\" content=\"ASS STADA 100mg 100 St.\" \/>\n<meta property=\"og:description\" content=\"L\u00f6wen Apotheke24, Baden-Baden - Spezialist f\u00fcr Naturheilkunde - kurze Lieferzeit - gratis Lieferung ab 30 \u20ac - ASS STADA 100mg 100 St.\" \/>\n<meta property=\"og:url\" content=\"https:\/\/www.loewen-apotheke24.com\/de\/shop\/stada\/ass-stada-100mg-100-st\/\" \/>\n<meta property=\"og:site_name\" content=\"L\u00f6wen Apotheke24\" \/>\n<meta property=\"article:modified_time\" content=\"2025-09-15T13:51:18+00:00\" \/>\n<meta property=\"og:image\" content=\"https:\/\/www.loewen-apotheke24.com\/wp-content\/uploads\/2022\/07\/ASS-Stada-100mg-Tabletten.jpg\" \/>\n\t<meta property=\"og:image:width\" content=\"600\" \/>\n\t<meta property=\"og:image:height\" content=\"600\" \/>\n\t<meta property=\"og:image:type\" content=\"image\/jpeg\" \/>\n<meta name=\"twitter:card\" content=\"summary_large_image\" \/>\n<meta name=\"twitter:label1\" content=\"Gesch\u00e4tzte Lesezeit\" \/>\n\t<meta name=\"twitter:data1\" content=\"2\u00a0Minuten\" \/>\n<script type=\"application\/ld+json\" class=\"yoast-schema-graph\">{\"@context\":\"https:\/\/schema.org\",\"@graph\":[{\"@type\":\"WebPage\",\"@id\":\"https:\/\/www.loewen-apotheke24.com\/de\/shop\/stada\/ass-stada-100mg-100-st\/\",\"url\":\"https:\/\/www.loewen-apotheke24.com\/de\/shop\/stada\/ass-stada-100mg-100-st\/\",\"name\":\"ASS STADA 100mg 100 St.\",\"isPartOf\":{\"@id\":\"https:\/\/www.loewen-apotheke24.com\/de\/#website\"},\"datePublished\":\"2022-07-19T04:31:21+00:00\",\"dateModified\":\"2025-09-15T13:51:18+00:00\",\"description\":\"L\u00f6wen Apotheke24, Baden-Baden - Spezialist f\u00fcr Naturheilkunde - kurze Lieferzeit - gratis Lieferung ab 30 \u20ac - ASS STADA 100mg 100 St.\",\"breadcrumb\":{\"@id\":\"https:\/\/www.loewen-apotheke24.com\/de\/shop\/stada\/ass-stada-100mg-100-st\/#breadcrumb\"},\"inLanguage\":\"de\",\"potentialAction\":[{\"@type\":\"ReadAction\",\"target\":[\"https:\/\/www.loewen-apotheke24.com\/de\/shop\/stada\/ass-stada-100mg-100-st\/\"]}]},{\"@type\":\"BreadcrumbList\",\"@id\":\"https:\/\/www.loewen-apotheke24.com\/de\/shop\/stada\/ass-stada-100mg-100-st\/#breadcrumb\",\"itemListElement\":[{\"@type\":\"ListItem\",\"position\":1,\"name\":\"Shop\",\"item\":\"https:\/\/www.loewen-apotheke24.com\/de\/shop\/\"},{\"@type\":\"ListItem\",\"position\":2,\"name\":\"ASS STADA 100mg 100 St.\"}]},{\"@type\":\"WebSite\",\"@id\":\"https:\/\/www.loewen-apotheke24.com\/de\/#website\",\"url\":\"https:\/\/www.loewen-apotheke24.com\/de\/\",\"name\":\"L\u00f6wen Apotheke24\",\"description\":\"Spezialist f\u00fcr Naturmedizin - Versandapotheke Baden-Baden\",\"publisher\":{\"@id\":\"https:\/\/www.loewen-apotheke24.com\/de\/#organization\"},\"potentialAction\":[{\"@type\":\"SearchAction\",\"target\":{\"@type\":\"EntryPoint\",\"urlTemplate\":\"https:\/\/www.loewen-apotheke24.com\/de\/?s={search_term_string}\"},\"query-input\":\"required name=search_term_string\"}],\"inLanguage\":\"de\"},{\"@type\":\"Organization\",\"@id\":\"https:\/\/www.loewen-apotheke24.com\/de\/#organization\",\"name\":\"L\u00f6wen Apotheke\",\"alternateName\":\"L\u00f6wen Apotheke\",\"url\":\"https:\/\/www.loewen-apotheke24.com\/de\/\",\"logo\":{\"@type\":\"ImageObject\",\"inLanguage\":\"de\",\"@id\":\"https:\/\/www.loewen-apotheke24.com\/de\/#\/schema\/logo\/image\/\",\"url\":\"https:\/\/www.loewen-apotheke24.com\/wp-content\/uploads\/2024\/02\/Logo-Loewen-Apotheke-700x700-1.png\",\"contentUrl\":\"https:\/\/www.loewen-apotheke24.com\/wp-content\/uploads\/2024\/02\/Logo-Loewen-Apotheke-700x700-1.png\",\"width\":700,\"height\":700,\"caption\":\"L\u00f6wen Apotheke\"},\"image\":{\"@id\":\"https:\/\/www.loewen-apotheke24.com\/de\/#\/schema\/logo\/image\/\"}}]}<\/script>\n<!-- \/ Yoast SEO Premium plugin. -->","yoast_head_json":{"title":"ASS STADA 100mg 100 St.","description":"L\u00f6wen Apotheke24, Baden-Baden - Spezialist f\u00fcr Naturheilkunde - kurze Lieferzeit - gratis Lieferung ab 30 \u20ac - ASS STADA 100mg 100 St.","robots":{"index":"index","follow":"follow","max-snippet":"max-snippet:-1","max-image-preview":"max-image-preview:large","max-video-preview":"max-video-preview:-1"},"canonical":"https:\/\/www.loewen-apotheke24.com\/de\/shop\/stada\/ass-stada-100mg-100-st\/","og_locale":"de_DE","og_type":"article","og_title":"ASS STADA 100mg 100 St.","og_description":"L\u00f6wen Apotheke24, Baden-Baden - Spezialist f\u00fcr Naturheilkunde - kurze Lieferzeit - gratis Lieferung ab 30 \u20ac - ASS STADA 100mg 100 St.","og_url":"https:\/\/www.loewen-apotheke24.com\/de\/shop\/stada\/ass-stada-100mg-100-st\/","og_site_name":"L\u00f6wen Apotheke24","article_modified_time":"2025-09-15T13:51:18+00:00","og_image":[{"width":600,"height":600,"url":"https:\/\/www.loewen-apotheke24.com\/wp-content\/uploads\/2022\/07\/ASS-Stada-100mg-Tabletten.jpg","type":"image\/jpeg"}],"twitter_card":"summary_large_image","twitter_misc":{"Gesch\u00e4tzte Lesezeit":"2\u00a0Minuten"},"schema":{"@context":"https:\/\/schema.org","@graph":[{"@type":"WebPage","@id":"https:\/\/www.loewen-apotheke24.com\/de\/shop\/stada\/ass-stada-100mg-100-st\/","url":"https:\/\/www.loewen-apotheke24.com\/de\/shop\/stada\/ass-stada-100mg-100-st\/","name":"ASS STADA 100mg 100 St.","isPartOf":{"@id":"https:\/\/www.loewen-apotheke24.com\/de\/#website"},"datePublished":"2022-07-19T04:31:21+00:00","dateModified":"2025-09-15T13:51:18+00:00","description":"L\u00f6wen Apotheke24, Baden-Baden - Spezialist f\u00fcr Naturheilkunde - kurze Lieferzeit - gratis Lieferung ab 30 \u20ac - ASS STADA 100mg 100 St.","breadcrumb":{"@id":"https:\/\/www.loewen-apotheke24.com\/de\/shop\/stada\/ass-stada-100mg-100-st\/#breadcrumb"},"inLanguage":"de","potentialAction":[{"@type":"ReadAction","target":["https:\/\/www.loewen-apotheke24.com\/de\/shop\/stada\/ass-stada-100mg-100-st\/"]}]},{"@type":"BreadcrumbList","@id":"https:\/\/www.loewen-apotheke24.com\/de\/shop\/stada\/ass-stada-100mg-100-st\/#breadcrumb","itemListElement":[{"@type":"ListItem","position":1,"name":"Shop","item":"https:\/\/www.loewen-apotheke24.com\/de\/shop\/"},{"@type":"ListItem","position":2,"name":"ASS STADA 100mg 100 St."}]},{"@type":"WebSite","@id":"https:\/\/www.loewen-apotheke24.com\/de\/#website","url":"https:\/\/www.loewen-apotheke24.com\/de\/","name":"L\u00f6wen Apotheke24","description":"Spezialist f\u00fcr Naturmedizin - Versandapotheke Baden-Baden","publisher":{"@id":"https:\/\/www.loewen-apotheke24.com\/de\/#organization"},"potentialAction":[{"@type":"SearchAction","target":{"@type":"EntryPoint","urlTemplate":"https:\/\/www.loewen-apotheke24.com\/de\/?s={search_term_string}"},"query-input":"required name=search_term_string"}],"inLanguage":"de"},{"@type":"Organization","@id":"https:\/\/www.loewen-apotheke24.com\/de\/#organization","name":"L\u00f6wen Apotheke","alternateName":"L\u00f6wen Apotheke","url":"https:\/\/www.loewen-apotheke24.com\/de\/","logo":{"@type":"ImageObject","inLanguage":"de","@id":"https:\/\/www.loewen-apotheke24.com\/de\/#\/schema\/logo\/image\/","url":"https:\/\/www.loewen-apotheke24.com\/wp-content\/uploads\/2024\/02\/Logo-Loewen-Apotheke-700x700-1.png","contentUrl":"https:\/\/www.loewen-apotheke24.com\/wp-content\/uploads\/2024\/02\/Logo-Loewen-Apotheke-700x700-1.png","width":700,"height":700,"caption":"L\u00f6wen Apotheke"},"image":{"@id":"https:\/\/www.loewen-apotheke24.com\/de\/#\/schema\/logo\/image\/"}}]}},"_links":{"self":[{"href":"https:\/\/www.loewen-apotheke24.com\/de\/wp-json\/wp\/v2\/product\/47261"}],"collection":[{"href":"https:\/\/www.loewen-apotheke24.com\/de\/wp-json\/wp\/v2\/product"}],"about":[{"href":"https:\/\/www.loewen-apotheke24.com\/de\/wp-json\/wp\/v2\/types\/product"}],"wp:featuredmedia":[{"embeddable":true,"href":"https:\/\/www.loewen-apotheke24.com\/de\/wp-json\/wp\/v2\/media\/47263"}],"wp:attachment":[{"href":"https:\/\/www.loewen-apotheke24.com\/de\/wp-json\/wp\/v2\/media?parent=47261"}],"wp:term":[{"taxonomy":"product_cat","embeddable":true,"href":"https:\/\/www.loewen-apotheke24.com\/de\/wp-json\/wp\/v2\/product_cat?post=47261"},{"taxonomy":"product_tag","embeddable":true,"href":"https:\/\/www.loewen-apotheke24.com\/de\/wp-json\/wp\/v2\/product_tag?post=47261"}],"curies":[{"name":"wp","href":"https:\/\/api.w.org\/{rel}","templated":true}]}}