{"id":4741,"date":"2018-06-28T13:03:41","date_gmt":"2018-06-28T12:03:41","guid":{"rendered":"https:\/\/www.loewen-apotheke24.com\/?post_type=product&#038;p=4741"},"modified":"2025-09-15T11:51:23","modified_gmt":"2025-09-15T10:51:23","slug":"biochemie-pflueger-6-kalium-sulfuricum-d6-pulver-100g","status":"publish","type":"product","link":"https:\/\/www.loewen-apotheke24.com\/de\/shop\/pflueger\/biochemie-pflueger-6-kalium-sulfuricum-d6-pulver-100g\/","title":{"rendered":"Biochemie Pfl\u00fcger 6 Kalium sulfuricum D6 Pulver 100g"},"content":{"rendered":"<h2>Biochemie Pfl\u00fcger 6 Kalium sulfuricum D6 Pulver 100g<\/h2>\n<p>Das Salz des Zellstoffwechsels<\/p>\n<p>Je nach Bedarf bieten sich unterschiedliche Sch\u00fc\u00dfler-Salze zur Anwendung an. Dabei k\u00f6nnen auch verschiedene Mittel miteinander kombiniert werden.<\/p>\n<p>Nach der Theorie des Entdeckers Dr. Wilhelm Heinrich Sch\u00fc\u00dfler (1821 \u2013 1898) entstehen Krankheiten durch St\u00f6rungen des Mineralstoffhaushalts der K\u00f6rperzellen. Die Gabe von hom\u00f6opathisch potenzierten Mineralstoffen unterst\u00fctzt den K\u00f6rper und setzt Impulse f\u00fcr die Zellen. Die Sch\u00fc\u00dfler-Salze werden als Begleitung von Therapien angewendet.<\/p>\n<p>Durch die Verd\u00fcnnung gelangen die Mineralstoffe direkt in die Zellen und die Zellfunktion normalisiert sich. Dabei \u00a0geht es nicht um das Ersetzen fehlender Mineralstoffe, sondern um das Bereitstellen von qualitativ hochwertigen Funktionsmitteln, die die Selbstheilung aktivieren.<\/p>\n<p>Es handelt sich um Herstellerangaben.<\/p>\n<p>Weitere Produkte des Herstellers <a href=\"https:\/\/www.loewen-apotheke24.com\/de\/product_cat\/pflueger\/\">hier<\/a>:<br \/>\nWeitere Produktinformationen beim Hersteller: <a href=\"https:\/\/www.pflueger.de\/\" target=\"_blank\" rel=\"noopener noreferrer\">Pfl\u00fcger<\/a><\/p>\n<p>Zu Risiken und Nebenwirkungen lesen Sie die Packungsbeilage und fragen Sie Ihren Arzt oder Apotheker.<\/p>\n","protected":false},"excerpt":{"rendered":"<h2>Biochemie Pfl\u00fcger 6 Kalium sulfuricum D6 Pulver 100g<\/h2>\n<p><strong>PZN<\/strong>:\u00a0 6323394\u00a0 (Pharmazentralnummer)<\/p>\n<p><strong>Darreichungsform<\/strong>: Pulver<\/p>\n<p><strong>Verordnungsart<\/strong>: Rezeptfrei<\/p>\n<p><strong>Marke<\/strong>: Biochemie<\/p>\n<p><strong>Hersteller<\/strong>: Hom\u00f6opathisches Laboratorium Alexander Pfl\u00fcger GmbH &amp; Co. KG<\/p>\n","protected":false},"featured_media":46124,"template":"","meta":[],"product_cat":[185],"product_tag":[176,171,186,330,134],"yoast_head":"<!-- This site is optimized with the Yoast SEO Premium plugin v21.0 (Yoast SEO v21.0) - https:\/\/yoast.com\/wordpress\/plugins\/seo\/ -->\n<title>Biochemie Pfl\u00fcger 6 Kalium sulfuricum D6 Pulver 100g<\/title>\n<meta name=\"description\" content=\"L\u00f6wen Apotheke24 - Spezialist f\u00fcr Naturheilkunde - Weltweiter Versand - kurze Lieferzeit - gratis Lieferung ab 30 \u20ac - Biochemie Pfl\u00fcger 6 Kalium sulfuricum\" \/>\n<meta name=\"robots\" content=\"index, follow, max-snippet:-1, max-image-preview:large, max-video-preview:-1\" \/>\n<link rel=\"canonical\" href=\"https:\/\/www.loewen-apotheke24.com\/de\/shop\/pflueger\/biochemie-pflueger-6-kalium-sulfuricum-d6-pulver-100g\/\" \/>\n<meta property=\"og:locale\" content=\"de_DE\" \/>\n<meta property=\"og:type\" content=\"article\" \/>\n<meta property=\"og:title\" content=\"Biochemie Pfl\u00fcger 6 Kalium sulfuricum D6 Pulver 100g\" \/>\n<meta property=\"og:description\" content=\"L\u00f6wen Apotheke24 - Spezialist f\u00fcr Naturheilkunde - Weltweiter Versand - kurze Lieferzeit - gratis Lieferung ab 30 \u20ac - Biochemie Pfl\u00fcger 6 Kalium sulfuricum\" \/>\n<meta property=\"og:url\" content=\"https:\/\/www.loewen-apotheke24.com\/de\/shop\/pflueger\/biochemie-pflueger-6-kalium-sulfuricum-d6-pulver-100g\/\" \/>\n<meta property=\"og:site_name\" content=\"L\u00f6wen Apotheke24\" \/>\n<meta property=\"article:modified_time\" content=\"2025-09-15T10:51:23+00:00\" \/>\n<meta property=\"og:image\" content=\"https:\/\/www.loewen-apotheke24.com\/wp-content\/uploads\/2018\/06\/Biochemie-Pflueger-6-Kalium-sulfuricum-D6-Pulver-100g-Loewen-Apotheke.jpg\" \/>\n\t<meta property=\"og:image:width\" content=\"600\" \/>\n\t<meta property=\"og:image:height\" content=\"600\" \/>\n\t<meta property=\"og:image:type\" content=\"image\/jpeg\" \/>\n<meta name=\"twitter:card\" content=\"summary_large_image\" \/>\n<meta name=\"twitter:label1\" content=\"Gesch\u00e4tzte Lesezeit\" \/>\n\t<meta name=\"twitter:data1\" content=\"1\u00a0Minute\" \/>\n<script type=\"application\/ld+json\" class=\"yoast-schema-graph\">{\"@context\":\"https:\/\/schema.org\",\"@graph\":[{\"@type\":\"WebPage\",\"@id\":\"https:\/\/www.loewen-apotheke24.com\/de\/shop\/pflueger\/biochemie-pflueger-6-kalium-sulfuricum-d6-pulver-100g\/\",\"url\":\"https:\/\/www.loewen-apotheke24.com\/de\/shop\/pflueger\/biochemie-pflueger-6-kalium-sulfuricum-d6-pulver-100g\/\",\"name\":\"Biochemie Pfl\u00fcger 6 Kalium sulfuricum D6 Pulver 100g\",\"isPartOf\":{\"@id\":\"https:\/\/www.loewen-apotheke24.com\/de\/#website\"},\"datePublished\":\"2018-06-28T12:03:41+00:00\",\"dateModified\":\"2025-09-15T10:51:23+00:00\",\"description\":\"L\u00f6wen Apotheke24 - Spezialist f\u00fcr Naturheilkunde - Weltweiter Versand - kurze Lieferzeit - gratis Lieferung ab 30 \u20ac - Biochemie Pfl\u00fcger 6 Kalium sulfuricum\",\"breadcrumb\":{\"@id\":\"https:\/\/www.loewen-apotheke24.com\/de\/shop\/pflueger\/biochemie-pflueger-6-kalium-sulfuricum-d6-pulver-100g\/#breadcrumb\"},\"inLanguage\":\"de\",\"potentialAction\":[{\"@type\":\"ReadAction\",\"target\":[\"https:\/\/www.loewen-apotheke24.com\/de\/shop\/pflueger\/biochemie-pflueger-6-kalium-sulfuricum-d6-pulver-100g\/\"]}]},{\"@type\":\"BreadcrumbList\",\"@id\":\"https:\/\/www.loewen-apotheke24.com\/de\/shop\/pflueger\/biochemie-pflueger-6-kalium-sulfuricum-d6-pulver-100g\/#breadcrumb\",\"itemListElement\":[{\"@type\":\"ListItem\",\"position\":1,\"name\":\"Shop\",\"item\":\"https:\/\/www.loewen-apotheke24.com\/de\/shop\/\"},{\"@type\":\"ListItem\",\"position\":2,\"name\":\"Biochemie Pfl\u00fcger 6 Kalium sulfuricum D6 Pulver 100g\"}]},{\"@type\":\"WebSite\",\"@id\":\"https:\/\/www.loewen-apotheke24.com\/de\/#website\",\"url\":\"https:\/\/www.loewen-apotheke24.com\/de\/\",\"name\":\"L\u00f6wen Apotheke24\",\"description\":\"Spezialist f\u00fcr Naturmedizin - Versandapotheke Baden-Baden\",\"publisher\":{\"@id\":\"https:\/\/www.loewen-apotheke24.com\/de\/#organization\"},\"potentialAction\":[{\"@type\":\"SearchAction\",\"target\":{\"@type\":\"EntryPoint\",\"urlTemplate\":\"https:\/\/www.loewen-apotheke24.com\/de\/?s={search_term_string}\"},\"query-input\":\"required name=search_term_string\"}],\"inLanguage\":\"de\"},{\"@type\":\"Organization\",\"@id\":\"https:\/\/www.loewen-apotheke24.com\/de\/#organization\",\"name\":\"L\u00f6wen Apotheke\",\"alternateName\":\"L\u00f6wen Apotheke\",\"url\":\"https:\/\/www.loewen-apotheke24.com\/de\/\",\"logo\":{\"@type\":\"ImageObject\",\"inLanguage\":\"de\",\"@id\":\"https:\/\/www.loewen-apotheke24.com\/de\/#\/schema\/logo\/image\/\",\"url\":\"https:\/\/www.loewen-apotheke24.com\/wp-content\/uploads\/2024\/02\/Logo-Loewen-Apotheke-700x700-1.png\",\"contentUrl\":\"https:\/\/www.loewen-apotheke24.com\/wp-content\/uploads\/2024\/02\/Logo-Loewen-Apotheke-700x700-1.png\",\"width\":700,\"height\":700,\"caption\":\"L\u00f6wen Apotheke\"},\"image\":{\"@id\":\"https:\/\/www.loewen-apotheke24.com\/de\/#\/schema\/logo\/image\/\"}}]}<\/script>\n<!-- \/ Yoast SEO Premium plugin. -->","yoast_head_json":{"title":"Biochemie Pfl\u00fcger 6 Kalium sulfuricum D6 Pulver 100g","description":"L\u00f6wen Apotheke24 - Spezialist f\u00fcr Naturheilkunde - Weltweiter Versand - kurze Lieferzeit - gratis Lieferung ab 30 \u20ac - Biochemie Pfl\u00fcger 6 Kalium sulfuricum","robots":{"index":"index","follow":"follow","max-snippet":"max-snippet:-1","max-image-preview":"max-image-preview:large","max-video-preview":"max-video-preview:-1"},"canonical":"https:\/\/www.loewen-apotheke24.com\/de\/shop\/pflueger\/biochemie-pflueger-6-kalium-sulfuricum-d6-pulver-100g\/","og_locale":"de_DE","og_type":"article","og_title":"Biochemie Pfl\u00fcger 6 Kalium sulfuricum D6 Pulver 100g","og_description":"L\u00f6wen Apotheke24 - Spezialist f\u00fcr Naturheilkunde - Weltweiter Versand - kurze Lieferzeit - gratis Lieferung ab 30 \u20ac - Biochemie Pfl\u00fcger 6 Kalium sulfuricum","og_url":"https:\/\/www.loewen-apotheke24.com\/de\/shop\/pflueger\/biochemie-pflueger-6-kalium-sulfuricum-d6-pulver-100g\/","og_site_name":"L\u00f6wen Apotheke24","article_modified_time":"2025-09-15T10:51:23+00:00","og_image":[{"width":600,"height":600,"url":"https:\/\/www.loewen-apotheke24.com\/wp-content\/uploads\/2018\/06\/Biochemie-Pflueger-6-Kalium-sulfuricum-D6-Pulver-100g-Loewen-Apotheke.jpg","type":"image\/jpeg"}],"twitter_card":"summary_large_image","twitter_misc":{"Gesch\u00e4tzte Lesezeit":"1\u00a0Minute"},"schema":{"@context":"https:\/\/schema.org","@graph":[{"@type":"WebPage","@id":"https:\/\/www.loewen-apotheke24.com\/de\/shop\/pflueger\/biochemie-pflueger-6-kalium-sulfuricum-d6-pulver-100g\/","url":"https:\/\/www.loewen-apotheke24.com\/de\/shop\/pflueger\/biochemie-pflueger-6-kalium-sulfuricum-d6-pulver-100g\/","name":"Biochemie Pfl\u00fcger 6 Kalium sulfuricum D6 Pulver 100g","isPartOf":{"@id":"https:\/\/www.loewen-apotheke24.com\/de\/#website"},"datePublished":"2018-06-28T12:03:41+00:00","dateModified":"2025-09-15T10:51:23+00:00","description":"L\u00f6wen Apotheke24 - Spezialist f\u00fcr Naturheilkunde - Weltweiter Versand - kurze Lieferzeit - gratis Lieferung ab 30 \u20ac - Biochemie Pfl\u00fcger 6 Kalium sulfuricum","breadcrumb":{"@id":"https:\/\/www.loewen-apotheke24.com\/de\/shop\/pflueger\/biochemie-pflueger-6-kalium-sulfuricum-d6-pulver-100g\/#breadcrumb"},"inLanguage":"de","potentialAction":[{"@type":"ReadAction","target":["https:\/\/www.loewen-apotheke24.com\/de\/shop\/pflueger\/biochemie-pflueger-6-kalium-sulfuricum-d6-pulver-100g\/"]}]},{"@type":"BreadcrumbList","@id":"https:\/\/www.loewen-apotheke24.com\/de\/shop\/pflueger\/biochemie-pflueger-6-kalium-sulfuricum-d6-pulver-100g\/#breadcrumb","itemListElement":[{"@type":"ListItem","position":1,"name":"Shop","item":"https:\/\/www.loewen-apotheke24.com\/de\/shop\/"},{"@type":"ListItem","position":2,"name":"Biochemie Pfl\u00fcger 6 Kalium sulfuricum D6 Pulver 100g"}]},{"@type":"WebSite","@id":"https:\/\/www.loewen-apotheke24.com\/de\/#website","url":"https:\/\/www.loewen-apotheke24.com\/de\/","name":"L\u00f6wen Apotheke24","description":"Spezialist f\u00fcr Naturmedizin - Versandapotheke Baden-Baden","publisher":{"@id":"https:\/\/www.loewen-apotheke24.com\/de\/#organization"},"potentialAction":[{"@type":"SearchAction","target":{"@type":"EntryPoint","urlTemplate":"https:\/\/www.loewen-apotheke24.com\/de\/?s={search_term_string}"},"query-input":"required name=search_term_string"}],"inLanguage":"de"},{"@type":"Organization","@id":"https:\/\/www.loewen-apotheke24.com\/de\/#organization","name":"L\u00f6wen Apotheke","alternateName":"L\u00f6wen Apotheke","url":"https:\/\/www.loewen-apotheke24.com\/de\/","logo":{"@type":"ImageObject","inLanguage":"de","@id":"https:\/\/www.loewen-apotheke24.com\/de\/#\/schema\/logo\/image\/","url":"https:\/\/www.loewen-apotheke24.com\/wp-content\/uploads\/2024\/02\/Logo-Loewen-Apotheke-700x700-1.png","contentUrl":"https:\/\/www.loewen-apotheke24.com\/wp-content\/uploads\/2024\/02\/Logo-Loewen-Apotheke-700x700-1.png","width":700,"height":700,"caption":"L\u00f6wen Apotheke"},"image":{"@id":"https:\/\/www.loewen-apotheke24.com\/de\/#\/schema\/logo\/image\/"}}]}},"_links":{"self":[{"href":"https:\/\/www.loewen-apotheke24.com\/de\/wp-json\/wp\/v2\/product\/4741"}],"collection":[{"href":"https:\/\/www.loewen-apotheke24.com\/de\/wp-json\/wp\/v2\/product"}],"about":[{"href":"https:\/\/www.loewen-apotheke24.com\/de\/wp-json\/wp\/v2\/types\/product"}],"wp:featuredmedia":[{"embeddable":true,"href":"https:\/\/www.loewen-apotheke24.com\/de\/wp-json\/wp\/v2\/media\/46124"}],"wp:attachment":[{"href":"https:\/\/www.loewen-apotheke24.com\/de\/wp-json\/wp\/v2\/media?parent=4741"}],"wp:term":[{"taxonomy":"product_cat","embeddable":true,"href":"https:\/\/www.loewen-apotheke24.com\/de\/wp-json\/wp\/v2\/product_cat?post=4741"},{"taxonomy":"product_tag","embeddable":true,"href":"https:\/\/www.loewen-apotheke24.com\/de\/wp-json\/wp\/v2\/product_tag?post=4741"}],"curies":[{"name":"wp","href":"https:\/\/api.w.org\/{rel}","templated":true}]}}