{"id":48933,"date":"2022-08-26T10:50:03","date_gmt":"2022-08-26T09:50:03","guid":{"rendered":"https:\/\/www.loewen-apotheke24.com\/?post_type=product&#038;p=48933"},"modified":"2026-02-08T07:53:27","modified_gmt":"2026-02-08T06:53:27","slug":"crp-screen-selbsttest-vedalab-18193583","status":"publish","type":"product","link":"https:\/\/www.loewen-apotheke24.com\/de\/shop\/marke\/crp-screen-selbsttest-vedalab-18193583\/","title":{"rendered":"CRP-Screen Selbsttest"},"content":{"rendered":"<h3 style=\"text-align: left;\">CRP Selbsttest CRP-Screen<\/h3>\n<p>CRP Selbsttest CRP-Screen &#8211; Schnelltest zum Nachweis von C-reaktivem Protein (CRP) in Vollblut (CRP-Screen\u00ae). Selbstanwendung &#8211; Heimanwendung. Entscheidungshilfe bei entz\u00fcndlichen Erkrankungen oder Infektionskrankheiten.<\/p>\n<p>VEDALAB ist ein franz\u00f6sisches Privatunternehmen, das 1991 gegr\u00fcndet wurde. VEDALAB widmet sich der Entwicklung, Produktion und Vermarktung von in vitro immundiagnostischen Schnelltests. Als Marktf\u00fchrer konzentriert sich VEDALAB auf die internationale Expansion durch den Aufbau langfristiger Partnerschaften mit zuverl\u00e4ssigen und vertrauensw\u00fcrdigen Distributoren weltweit. VEDALAB baut seine ohnehin schon breite Produktpalette kontinuierlich aus und ist heute der gr\u00f6\u00dfte echte Hersteller von Schnelltests in Europa.<\/p>\n<p>Weitere Produktdetails finden Sie beim Hersteller:\u00a0<a href=\"https:\/\/www.vedalab.com\/company-profile\/company-history\/\" target=\"_blank\" rel=\"noopener\">veda.Lab, Frankreich<\/a><\/p>\n<h3 style=\"text-align: left;\">Hinweise:<\/h3>\n<p>Die Apothekerin empfiehlt ihren Kunden bei viraler Infektion: <a href=\"https:\/\/www.loewen-apotheke24.com\/de\/shop\/labo-life\/labo-life-2l-eid-kapseln-30-st\/\">Labo Life 2L EID<\/a>\u00a0| Omni-Biotic<\/p>\n<p>Zu Risiken und Nebenwirkungen lesen Sie die Packungsbeilage und fragen Sie Ihren Arzt oder Apotheker.<\/p>\n","protected":false},"excerpt":{"rendered":"<h2>CRP Selbsttest CRP-Screen<\/h2>\n<p>Schnelltest zur Bestimmung des C-reaktiven Proteins. Entscheidungshilfe bei entz\u00fcndlichen Erkrankungen oder Infektionskrankheiten.<\/p>\n<p><strong>PZN<\/strong>:\u00a0 18193583\u00a0 (Pharmazentralnummer)<\/p>\n<p><strong>Darreichungsform<\/strong>: &#8211;<\/p>\n<p><strong>Verordnungsart<\/strong>: Rezeptfrei<\/p>\n<p><strong>Hersteller<\/strong>: veda.Lab Frankreich<\/p>\n<p><strong>Packungsgr\u00f6\u00dfe<\/strong>: 1 Stk<\/p>\n","protected":false},"featured_media":103655,"template":"","meta":[],"product_cat":[43],"product_tag":[496,426,470,422,497],"yoast_head":"<!-- This site is optimized with the Yoast SEO Premium plugin v21.0 (Yoast SEO v21.0) - https:\/\/yoast.com\/wordpress\/plugins\/seo\/ -->\n<title>CRP-Screen Selbsttest - L\u00f6wen Apotheke24<\/title>\n<meta name=\"description\" content=\"L\u00f6wen Apotheke24 - Spezialist f\u00fcr Naturheilkunde - kurze Lieferzeit - gratis Lieferung ab 30 \u20ac - CRP-Screen Selbsttest - Selbsttest\" \/>\n<meta name=\"robots\" content=\"index, follow, max-snippet:-1, max-image-preview:large, max-video-preview:-1\" \/>\n<link rel=\"canonical\" href=\"https:\/\/www.loewen-apotheke24.com\/de\/shop\/marke\/crp-screen-selbsttest-vedalab-18193583\/\" \/>\n<meta property=\"og:locale\" content=\"de_DE\" \/>\n<meta property=\"og:type\" content=\"article\" \/>\n<meta property=\"og:title\" content=\"CRP-Screen Selbsttest - L\u00f6wen Apotheke24\" \/>\n<meta property=\"og:description\" content=\"L\u00f6wen Apotheke24 - Spezialist f\u00fcr Naturheilkunde - kurze Lieferzeit - gratis Lieferung ab 30 \u20ac - CRP-Screen Selbsttest - Selbsttest\" \/>\n<meta property=\"og:url\" content=\"https:\/\/www.loewen-apotheke24.com\/de\/shop\/marke\/crp-screen-selbsttest-vedalab-18193583\/\" \/>\n<meta property=\"og:site_name\" content=\"L\u00f6wen Apotheke24\" \/>\n<meta property=\"article:modified_time\" content=\"2026-02-08T06:53:27+00:00\" \/>\n<meta property=\"og:image\" content=\"https:\/\/www.loewen-apotheke24.com\/wp-content\/uploads\/2022\/08\/crp-screen-selbsttest-veda.lab_-1.webp\" \/>\n\t<meta property=\"og:image:width\" content=\"600\" \/>\n\t<meta property=\"og:image:height\" content=\"600\" \/>\n\t<meta property=\"og:image:type\" content=\"image\/webp\" \/>\n<meta name=\"twitter:card\" content=\"summary_large_image\" \/>\n<meta name=\"twitter:label1\" content=\"Gesch\u00e4tzte Lesezeit\" \/>\n\t<meta name=\"twitter:data1\" content=\"1\u00a0Minute\" \/>\n<script type=\"application\/ld+json\" class=\"yoast-schema-graph\">{\"@context\":\"https:\/\/schema.org\",\"@graph\":[{\"@type\":\"WebPage\",\"@id\":\"https:\/\/www.loewen-apotheke24.com\/de\/shop\/marke\/crp-screen-selbsttest-vedalab-18193583\/\",\"url\":\"https:\/\/www.loewen-apotheke24.com\/de\/shop\/marke\/crp-screen-selbsttest-vedalab-18193583\/\",\"name\":\"CRP-Screen Selbsttest - L\u00f6wen Apotheke24\",\"isPartOf\":{\"@id\":\"https:\/\/www.loewen-apotheke24.com\/de\/#website\"},\"datePublished\":\"2022-08-26T09:50:03+00:00\",\"dateModified\":\"2026-02-08T06:53:27+00:00\",\"description\":\"L\u00f6wen Apotheke24 - Spezialist f\u00fcr Naturheilkunde - kurze Lieferzeit - gratis Lieferung ab 30 \u20ac - CRP-Screen Selbsttest - Selbsttest\",\"breadcrumb\":{\"@id\":\"https:\/\/www.loewen-apotheke24.com\/de\/shop\/marke\/crp-screen-selbsttest-vedalab-18193583\/#breadcrumb\"},\"inLanguage\":\"de\",\"potentialAction\":[{\"@type\":\"ReadAction\",\"target\":[\"https:\/\/www.loewen-apotheke24.com\/de\/shop\/marke\/crp-screen-selbsttest-vedalab-18193583\/\"]}]},{\"@type\":\"BreadcrumbList\",\"@id\":\"https:\/\/www.loewen-apotheke24.com\/de\/shop\/marke\/crp-screen-selbsttest-vedalab-18193583\/#breadcrumb\",\"itemListElement\":[{\"@type\":\"ListItem\",\"position\":1,\"name\":\"Shop\",\"item\":\"https:\/\/www.loewen-apotheke24.com\/de\/shop\/\"},{\"@type\":\"ListItem\",\"position\":2,\"name\":\"CRP-Screen Selbsttest\"}]},{\"@type\":\"WebSite\",\"@id\":\"https:\/\/www.loewen-apotheke24.com\/de\/#website\",\"url\":\"https:\/\/www.loewen-apotheke24.com\/de\/\",\"name\":\"L\u00f6wen Apotheke24\",\"description\":\"Spezialist f\u00fcr Naturmedizin - Versandapotheke Baden-Baden\",\"publisher\":{\"@id\":\"https:\/\/www.loewen-apotheke24.com\/de\/#organization\"},\"potentialAction\":[{\"@type\":\"SearchAction\",\"target\":{\"@type\":\"EntryPoint\",\"urlTemplate\":\"https:\/\/www.loewen-apotheke24.com\/de\/?s={search_term_string}\"},\"query-input\":\"required name=search_term_string\"}],\"inLanguage\":\"de\"},{\"@type\":\"Organization\",\"@id\":\"https:\/\/www.loewen-apotheke24.com\/de\/#organization\",\"name\":\"L\u00f6wen Apotheke\",\"alternateName\":\"L\u00f6wen Apotheke\",\"url\":\"https:\/\/www.loewen-apotheke24.com\/de\/\",\"logo\":{\"@type\":\"ImageObject\",\"inLanguage\":\"de\",\"@id\":\"https:\/\/www.loewen-apotheke24.com\/de\/#\/schema\/logo\/image\/\",\"url\":\"https:\/\/www.loewen-apotheke24.com\/wp-content\/uploads\/2024\/02\/Logo-Loewen-Apotheke-700x700-1.png\",\"contentUrl\":\"https:\/\/www.loewen-apotheke24.com\/wp-content\/uploads\/2024\/02\/Logo-Loewen-Apotheke-700x700-1.png\",\"width\":700,\"height\":700,\"caption\":\"L\u00f6wen Apotheke\"},\"image\":{\"@id\":\"https:\/\/www.loewen-apotheke24.com\/de\/#\/schema\/logo\/image\/\"}}]}<\/script>\n<!-- \/ Yoast SEO Premium plugin. -->","yoast_head_json":{"title":"CRP-Screen Selbsttest - L\u00f6wen Apotheke24","description":"L\u00f6wen Apotheke24 - Spezialist f\u00fcr Naturheilkunde - kurze Lieferzeit - gratis Lieferung ab 30 \u20ac - CRP-Screen Selbsttest - Selbsttest","robots":{"index":"index","follow":"follow","max-snippet":"max-snippet:-1","max-image-preview":"max-image-preview:large","max-video-preview":"max-video-preview:-1"},"canonical":"https:\/\/www.loewen-apotheke24.com\/de\/shop\/marke\/crp-screen-selbsttest-vedalab-18193583\/","og_locale":"de_DE","og_type":"article","og_title":"CRP-Screen Selbsttest - L\u00f6wen Apotheke24","og_description":"L\u00f6wen Apotheke24 - Spezialist f\u00fcr Naturheilkunde - kurze Lieferzeit - gratis Lieferung ab 30 \u20ac - CRP-Screen Selbsttest - Selbsttest","og_url":"https:\/\/www.loewen-apotheke24.com\/de\/shop\/marke\/crp-screen-selbsttest-vedalab-18193583\/","og_site_name":"L\u00f6wen Apotheke24","article_modified_time":"2026-02-08T06:53:27+00:00","og_image":[{"width":600,"height":600,"url":"https:\/\/www.loewen-apotheke24.com\/wp-content\/uploads\/2022\/08\/crp-screen-selbsttest-veda.lab_-1.webp","type":"image\/webp"}],"twitter_card":"summary_large_image","twitter_misc":{"Gesch\u00e4tzte Lesezeit":"1\u00a0Minute"},"schema":{"@context":"https:\/\/schema.org","@graph":[{"@type":"WebPage","@id":"https:\/\/www.loewen-apotheke24.com\/de\/shop\/marke\/crp-screen-selbsttest-vedalab-18193583\/","url":"https:\/\/www.loewen-apotheke24.com\/de\/shop\/marke\/crp-screen-selbsttest-vedalab-18193583\/","name":"CRP-Screen Selbsttest - L\u00f6wen Apotheke24","isPartOf":{"@id":"https:\/\/www.loewen-apotheke24.com\/de\/#website"},"datePublished":"2022-08-26T09:50:03+00:00","dateModified":"2026-02-08T06:53:27+00:00","description":"L\u00f6wen Apotheke24 - Spezialist f\u00fcr Naturheilkunde - kurze Lieferzeit - gratis Lieferung ab 30 \u20ac - CRP-Screen Selbsttest - Selbsttest","breadcrumb":{"@id":"https:\/\/www.loewen-apotheke24.com\/de\/shop\/marke\/crp-screen-selbsttest-vedalab-18193583\/#breadcrumb"},"inLanguage":"de","potentialAction":[{"@type":"ReadAction","target":["https:\/\/www.loewen-apotheke24.com\/de\/shop\/marke\/crp-screen-selbsttest-vedalab-18193583\/"]}]},{"@type":"BreadcrumbList","@id":"https:\/\/www.loewen-apotheke24.com\/de\/shop\/marke\/crp-screen-selbsttest-vedalab-18193583\/#breadcrumb","itemListElement":[{"@type":"ListItem","position":1,"name":"Shop","item":"https:\/\/www.loewen-apotheke24.com\/de\/shop\/"},{"@type":"ListItem","position":2,"name":"CRP-Screen Selbsttest"}]},{"@type":"WebSite","@id":"https:\/\/www.loewen-apotheke24.com\/de\/#website","url":"https:\/\/www.loewen-apotheke24.com\/de\/","name":"L\u00f6wen Apotheke24","description":"Spezialist f\u00fcr Naturmedizin - Versandapotheke Baden-Baden","publisher":{"@id":"https:\/\/www.loewen-apotheke24.com\/de\/#organization"},"potentialAction":[{"@type":"SearchAction","target":{"@type":"EntryPoint","urlTemplate":"https:\/\/www.loewen-apotheke24.com\/de\/?s={search_term_string}"},"query-input":"required name=search_term_string"}],"inLanguage":"de"},{"@type":"Organization","@id":"https:\/\/www.loewen-apotheke24.com\/de\/#organization","name":"L\u00f6wen Apotheke","alternateName":"L\u00f6wen Apotheke","url":"https:\/\/www.loewen-apotheke24.com\/de\/","logo":{"@type":"ImageObject","inLanguage":"de","@id":"https:\/\/www.loewen-apotheke24.com\/de\/#\/schema\/logo\/image\/","url":"https:\/\/www.loewen-apotheke24.com\/wp-content\/uploads\/2024\/02\/Logo-Loewen-Apotheke-700x700-1.png","contentUrl":"https:\/\/www.loewen-apotheke24.com\/wp-content\/uploads\/2024\/02\/Logo-Loewen-Apotheke-700x700-1.png","width":700,"height":700,"caption":"L\u00f6wen Apotheke"},"image":{"@id":"https:\/\/www.loewen-apotheke24.com\/de\/#\/schema\/logo\/image\/"}}]}},"_links":{"self":[{"href":"https:\/\/www.loewen-apotheke24.com\/de\/wp-json\/wp\/v2\/product\/48933"}],"collection":[{"href":"https:\/\/www.loewen-apotheke24.com\/de\/wp-json\/wp\/v2\/product"}],"about":[{"href":"https:\/\/www.loewen-apotheke24.com\/de\/wp-json\/wp\/v2\/types\/product"}],"wp:featuredmedia":[{"embeddable":true,"href":"https:\/\/www.loewen-apotheke24.com\/de\/wp-json\/wp\/v2\/media\/103655"}],"wp:attachment":[{"href":"https:\/\/www.loewen-apotheke24.com\/de\/wp-json\/wp\/v2\/media?parent=48933"}],"wp:term":[{"taxonomy":"product_cat","embeddable":true,"href":"https:\/\/www.loewen-apotheke24.com\/de\/wp-json\/wp\/v2\/product_cat?post=48933"},{"taxonomy":"product_tag","embeddable":true,"href":"https:\/\/www.loewen-apotheke24.com\/de\/wp-json\/wp\/v2\/product_tag?post=48933"}],"curies":[{"name":"wp","href":"https:\/\/api.w.org\/{rel}","templated":true}]}}