{"id":50164,"date":"2022-09-23T08:09:47","date_gmt":"2022-09-23T07:09:47","guid":{"rendered":"https:\/\/www.loewen-apotheke24.com\/?post_type=product&#038;p=50164"},"modified":"2025-12-11T07:18:11","modified_gmt":"2025-12-11T06:18:11","slug":"ibuflam-40mg-ml-100ml-zentiva-09731739","status":"publish","type":"product","link":"https:\/\/www.loewen-apotheke24.com\/de\/shop\/marke\/ibuflam-40mg-ml-100ml-zentiva-09731739\/","title":{"rendered":"Ibuflam 40mg\/ml &#8211; 100ml"},"content":{"rendered":"<h3 style=\"text-align: left;\">Ibuflam 40mg\/ml<\/h3>\n<p>Ibuflam 40mg\/ml f\u00fcr leichte bis m\u00e4\u00dfig starke Schmerzen. Fieber.\u00a0Der Arzneistoff wirkt entz\u00fcndungshemmend, schmerzstillend, fiebersenkend.\u00a0Falls eine Einnahme f\u00fcr mehr als 3 Tage bei Kindern und Jugendlichen bzw. mehr als 4 Tage bei Erwachsenen erforderlich ist, oder die Symptome sich verschlimmern, \u00e4rztlichen Rat einholen.<\/p>\n<p style=\"text-align: left;\"><strong>Wirkstoffe<\/strong>:\u00a0Ibuprofen 200 mg pro 5 ml Saft<\/p>\n<p style=\"text-align: left;\"><strong>Beipackzettel<\/strong>:\u00a0<a href=\"https:\/\/www.apotheken-umschau.de\/medikamente\/beipackzettel\/ibuflam-40-mgml-suspension-zum-einnehmen-9731739.html\">Ibuflam\u00a0<\/a><\/p>\n<p>STADA ist ein f\u00fchrender Hersteller hochwertiger Arzneimittel. Mit einer langj\u00e4hrigen Tradition, die im Apothekengewerbe verwurzelt ist, sind wir seit 125 Jahren als zuverl\u00e4ssiger und vertrauensw\u00fcrdiger Partner anerkannt. Mit unseren Produkten unterst\u00fctzen wir Menschen dabei, gesund und fit zu bleiben und zu werden.<\/p>\n<p>Weitere Produktdetails finden Sie beim Hersteller <a href=\"https:\/\/www.zentiva.de\/\" target=\"_blank\" rel=\"noopener\">Zentiva<\/a><\/p>\n<p>Andere Kunden interessierten sich auch f\u00fcr Produkte zum Thema:\u00a0 <a href=\"https:\/\/www.loewen-apotheke24.com\/de\/product_tag\/schmerzen\/\" rel=\"tag\">Schmerzen<\/a>,\u00a0<a href=\"https:\/\/www.loewen-apotheke24.com\/de\/product_tag\/schmerzmittel\/\" rel=\"tag\">schmerzmittel<\/a><\/p>\n<p>Zu Risiken und Nebenwirkungen lesen Sie die Packungsbeilage und fragen Sie Ihren Arzt oder Apotheker.<\/p>\n","protected":false},"excerpt":{"rendered":"<h2>Ibuflam 40mg\/ml<\/h2>\n<p>Ibuflam 40mg\/ml f\u00fcr leichte bis m\u00e4\u00dfig starke Schmerzen. Fieber.<\/p>\n<p><strong>PZN<\/strong>: 09731739 (Pharmazentralnummer)<\/p>\n<p><strong>Darreichungsform<\/strong>: Saft<\/p>\n<p><strong>Verordnungsart<\/strong>: Rezeptfrei<\/p>\n<p><strong>Hersteller<\/strong>: Zentiva Pharma GmbH<\/p>\n<p><strong>Packungsgr\u00f6\u00dfe<\/strong>: 100 ml<\/p>\n<p>Die Apothekerin empfiehlt ihren Kunden als Alternativen:\u00a0 <a href=\"https:\/\/www.loewen-apotheke24.com\/de\/shop\/angebot\/mucosolvan-kindersaft-30-mg-5-ml-100ml-02807988\/\">Mucosolvan<\/a><\/p>\n","protected":false},"featured_media":106292,"template":"","meta":[],"product_cat":[89,43,476],"product_tag":[270,462,371,456],"yoast_head":"<!-- This site is optimized with the Yoast SEO Premium plugin v21.0 (Yoast SEO v21.0) - https:\/\/yoast.com\/wordpress\/plugins\/seo\/ -->\n<title>Ibuflam 40mg\/ml - 100ml - L\u00f6wen Apotheke24<\/title>\n<meta name=\"description\" content=\"L\u00f6wen Apotheke24 - Spezialist f\u00fcr Naturheilkunde - kurze Lieferzeit - gratis Lieferung ab 30 \u20ac - Ibuflam 40mg\/ml - 100ml - Kinder, Erwachsene\" \/>\n<meta name=\"robots\" content=\"index, follow, max-snippet:-1, max-image-preview:large, max-video-preview:-1\" \/>\n<link rel=\"canonical\" href=\"https:\/\/www.loewen-apotheke24.com\/de\/shop\/marke\/ibuflam-40mg-ml-100ml-zentiva-09731739\/\" \/>\n<meta property=\"og:locale\" content=\"de_DE\" \/>\n<meta property=\"og:type\" content=\"article\" \/>\n<meta property=\"og:title\" content=\"Ibuflam 40mg\/ml - 100ml - L\u00f6wen Apotheke24\" \/>\n<meta property=\"og:description\" content=\"L\u00f6wen Apotheke24 - Spezialist f\u00fcr Naturheilkunde - kurze Lieferzeit - gratis Lieferung ab 30 \u20ac - Ibuflam 40mg\/ml - 100ml - Kinder, Erwachsene\" \/>\n<meta property=\"og:url\" content=\"https:\/\/www.loewen-apotheke24.com\/de\/shop\/marke\/ibuflam-40mg-ml-100ml-zentiva-09731739\/\" \/>\n<meta property=\"og:site_name\" content=\"L\u00f6wen Apotheke24\" \/>\n<meta property=\"article:modified_time\" content=\"2025-12-11T06:18:11+00:00\" \/>\n<meta property=\"og:image\" content=\"https:\/\/www.loewen-apotheke24.com\/wp-content\/uploads\/2022\/09\/Ibuflam.webp\" \/>\n\t<meta property=\"og:image:width\" content=\"600\" \/>\n\t<meta property=\"og:image:height\" content=\"600\" \/>\n\t<meta property=\"og:image:type\" content=\"image\/webp\" \/>\n<meta name=\"twitter:card\" content=\"summary_large_image\" \/>\n<meta name=\"twitter:label1\" content=\"Gesch\u00e4tzte Lesezeit\" \/>\n\t<meta name=\"twitter:data1\" content=\"1\u00a0Minute\" \/>\n<script type=\"application\/ld+json\" class=\"yoast-schema-graph\">{\"@context\":\"https:\/\/schema.org\",\"@graph\":[{\"@type\":\"WebPage\",\"@id\":\"https:\/\/www.loewen-apotheke24.com\/de\/shop\/marke\/ibuflam-40mg-ml-100ml-zentiva-09731739\/\",\"url\":\"https:\/\/www.loewen-apotheke24.com\/de\/shop\/marke\/ibuflam-40mg-ml-100ml-zentiva-09731739\/\",\"name\":\"Ibuflam 40mg\/ml - 100ml - L\u00f6wen Apotheke24\",\"isPartOf\":{\"@id\":\"https:\/\/www.loewen-apotheke24.com\/de\/#website\"},\"datePublished\":\"2022-09-23T07:09:47+00:00\",\"dateModified\":\"2025-12-11T06:18:11+00:00\",\"description\":\"L\u00f6wen Apotheke24 - Spezialist f\u00fcr Naturheilkunde - kurze Lieferzeit - gratis Lieferung ab 30 \u20ac - Ibuflam 40mg\/ml - 100ml - Kinder, Erwachsene\",\"breadcrumb\":{\"@id\":\"https:\/\/www.loewen-apotheke24.com\/de\/shop\/marke\/ibuflam-40mg-ml-100ml-zentiva-09731739\/#breadcrumb\"},\"inLanguage\":\"de\",\"potentialAction\":[{\"@type\":\"ReadAction\",\"target\":[\"https:\/\/www.loewen-apotheke24.com\/de\/shop\/marke\/ibuflam-40mg-ml-100ml-zentiva-09731739\/\"]}]},{\"@type\":\"BreadcrumbList\",\"@id\":\"https:\/\/www.loewen-apotheke24.com\/de\/shop\/marke\/ibuflam-40mg-ml-100ml-zentiva-09731739\/#breadcrumb\",\"itemListElement\":[{\"@type\":\"ListItem\",\"position\":1,\"name\":\"Shop\",\"item\":\"https:\/\/www.loewen-apotheke24.com\/de\/shop\/\"},{\"@type\":\"ListItem\",\"position\":2,\"name\":\"Ibuflam 40mg\/ml &#8211; 100ml\"}]},{\"@type\":\"WebSite\",\"@id\":\"https:\/\/www.loewen-apotheke24.com\/de\/#website\",\"url\":\"https:\/\/www.loewen-apotheke24.com\/de\/\",\"name\":\"L\u00f6wen Apotheke24\",\"description\":\"Spezialist f\u00fcr Naturmedizin - Versandapotheke Baden-Baden\",\"publisher\":{\"@id\":\"https:\/\/www.loewen-apotheke24.com\/de\/#organization\"},\"potentialAction\":[{\"@type\":\"SearchAction\",\"target\":{\"@type\":\"EntryPoint\",\"urlTemplate\":\"https:\/\/www.loewen-apotheke24.com\/de\/?s={search_term_string}\"},\"query-input\":\"required name=search_term_string\"}],\"inLanguage\":\"de\"},{\"@type\":\"Organization\",\"@id\":\"https:\/\/www.loewen-apotheke24.com\/de\/#organization\",\"name\":\"L\u00f6wen Apotheke\",\"alternateName\":\"L\u00f6wen Apotheke\",\"url\":\"https:\/\/www.loewen-apotheke24.com\/de\/\",\"logo\":{\"@type\":\"ImageObject\",\"inLanguage\":\"de\",\"@id\":\"https:\/\/www.loewen-apotheke24.com\/de\/#\/schema\/logo\/image\/\",\"url\":\"https:\/\/www.loewen-apotheke24.com\/wp-content\/uploads\/2024\/02\/Logo-Loewen-Apotheke-700x700-1.png\",\"contentUrl\":\"https:\/\/www.loewen-apotheke24.com\/wp-content\/uploads\/2024\/02\/Logo-Loewen-Apotheke-700x700-1.png\",\"width\":700,\"height\":700,\"caption\":\"L\u00f6wen Apotheke\"},\"image\":{\"@id\":\"https:\/\/www.loewen-apotheke24.com\/de\/#\/schema\/logo\/image\/\"}}]}<\/script>\n<!-- \/ Yoast SEO Premium plugin. -->","yoast_head_json":{"title":"Ibuflam 40mg\/ml - 100ml - L\u00f6wen Apotheke24","description":"L\u00f6wen Apotheke24 - Spezialist f\u00fcr Naturheilkunde - kurze Lieferzeit - gratis Lieferung ab 30 \u20ac - Ibuflam 40mg\/ml - 100ml - Kinder, Erwachsene","robots":{"index":"index","follow":"follow","max-snippet":"max-snippet:-1","max-image-preview":"max-image-preview:large","max-video-preview":"max-video-preview:-1"},"canonical":"https:\/\/www.loewen-apotheke24.com\/de\/shop\/marke\/ibuflam-40mg-ml-100ml-zentiva-09731739\/","og_locale":"de_DE","og_type":"article","og_title":"Ibuflam 40mg\/ml - 100ml - L\u00f6wen Apotheke24","og_description":"L\u00f6wen Apotheke24 - Spezialist f\u00fcr Naturheilkunde - kurze Lieferzeit - gratis Lieferung ab 30 \u20ac - Ibuflam 40mg\/ml - 100ml - Kinder, Erwachsene","og_url":"https:\/\/www.loewen-apotheke24.com\/de\/shop\/marke\/ibuflam-40mg-ml-100ml-zentiva-09731739\/","og_site_name":"L\u00f6wen Apotheke24","article_modified_time":"2025-12-11T06:18:11+00:00","og_image":[{"width":600,"height":600,"url":"https:\/\/www.loewen-apotheke24.com\/wp-content\/uploads\/2022\/09\/Ibuflam.webp","type":"image\/webp"}],"twitter_card":"summary_large_image","twitter_misc":{"Gesch\u00e4tzte Lesezeit":"1\u00a0Minute"},"schema":{"@context":"https:\/\/schema.org","@graph":[{"@type":"WebPage","@id":"https:\/\/www.loewen-apotheke24.com\/de\/shop\/marke\/ibuflam-40mg-ml-100ml-zentiva-09731739\/","url":"https:\/\/www.loewen-apotheke24.com\/de\/shop\/marke\/ibuflam-40mg-ml-100ml-zentiva-09731739\/","name":"Ibuflam 40mg\/ml - 100ml - L\u00f6wen Apotheke24","isPartOf":{"@id":"https:\/\/www.loewen-apotheke24.com\/de\/#website"},"datePublished":"2022-09-23T07:09:47+00:00","dateModified":"2025-12-11T06:18:11+00:00","description":"L\u00f6wen Apotheke24 - Spezialist f\u00fcr Naturheilkunde - kurze Lieferzeit - gratis Lieferung ab 30 \u20ac - Ibuflam 40mg\/ml - 100ml - Kinder, Erwachsene","breadcrumb":{"@id":"https:\/\/www.loewen-apotheke24.com\/de\/shop\/marke\/ibuflam-40mg-ml-100ml-zentiva-09731739\/#breadcrumb"},"inLanguage":"de","potentialAction":[{"@type":"ReadAction","target":["https:\/\/www.loewen-apotheke24.com\/de\/shop\/marke\/ibuflam-40mg-ml-100ml-zentiva-09731739\/"]}]},{"@type":"BreadcrumbList","@id":"https:\/\/www.loewen-apotheke24.com\/de\/shop\/marke\/ibuflam-40mg-ml-100ml-zentiva-09731739\/#breadcrumb","itemListElement":[{"@type":"ListItem","position":1,"name":"Shop","item":"https:\/\/www.loewen-apotheke24.com\/de\/shop\/"},{"@type":"ListItem","position":2,"name":"Ibuflam 40mg\/ml &#8211; 100ml"}]},{"@type":"WebSite","@id":"https:\/\/www.loewen-apotheke24.com\/de\/#website","url":"https:\/\/www.loewen-apotheke24.com\/de\/","name":"L\u00f6wen Apotheke24","description":"Spezialist f\u00fcr Naturmedizin - Versandapotheke Baden-Baden","publisher":{"@id":"https:\/\/www.loewen-apotheke24.com\/de\/#organization"},"potentialAction":[{"@type":"SearchAction","target":{"@type":"EntryPoint","urlTemplate":"https:\/\/www.loewen-apotheke24.com\/de\/?s={search_term_string}"},"query-input":"required name=search_term_string"}],"inLanguage":"de"},{"@type":"Organization","@id":"https:\/\/www.loewen-apotheke24.com\/de\/#organization","name":"L\u00f6wen Apotheke","alternateName":"L\u00f6wen Apotheke","url":"https:\/\/www.loewen-apotheke24.com\/de\/","logo":{"@type":"ImageObject","inLanguage":"de","@id":"https:\/\/www.loewen-apotheke24.com\/de\/#\/schema\/logo\/image\/","url":"https:\/\/www.loewen-apotheke24.com\/wp-content\/uploads\/2024\/02\/Logo-Loewen-Apotheke-700x700-1.png","contentUrl":"https:\/\/www.loewen-apotheke24.com\/wp-content\/uploads\/2024\/02\/Logo-Loewen-Apotheke-700x700-1.png","width":700,"height":700,"caption":"L\u00f6wen Apotheke"},"image":{"@id":"https:\/\/www.loewen-apotheke24.com\/de\/#\/schema\/logo\/image\/"}}]}},"_links":{"self":[{"href":"https:\/\/www.loewen-apotheke24.com\/de\/wp-json\/wp\/v2\/product\/50164"}],"collection":[{"href":"https:\/\/www.loewen-apotheke24.com\/de\/wp-json\/wp\/v2\/product"}],"about":[{"href":"https:\/\/www.loewen-apotheke24.com\/de\/wp-json\/wp\/v2\/types\/product"}],"wp:featuredmedia":[{"embeddable":true,"href":"https:\/\/www.loewen-apotheke24.com\/de\/wp-json\/wp\/v2\/media\/106292"}],"wp:attachment":[{"href":"https:\/\/www.loewen-apotheke24.com\/de\/wp-json\/wp\/v2\/media?parent=50164"}],"wp:term":[{"taxonomy":"product_cat","embeddable":true,"href":"https:\/\/www.loewen-apotheke24.com\/de\/wp-json\/wp\/v2\/product_cat?post=50164"},{"taxonomy":"product_tag","embeddable":true,"href":"https:\/\/www.loewen-apotheke24.com\/de\/wp-json\/wp\/v2\/product_tag?post=50164"}],"curies":[{"name":"wp","href":"https:\/\/api.w.org\/{rel}","templated":true}]}}