{"id":52886,"date":"2022-10-09T19:33:57","date_gmt":"2022-10-09T18:33:57","guid":{"rendered":"https:\/\/www.loewen-apotheke24.com\/?post_type=product&#038;p=52886"},"modified":"2025-11-28T20:04:22","modified_gmt":"2025-11-28T19:04:22","slug":"colpofix-vaginal-gel-spray-20ml","status":"publish","type":"product","link":"https:\/\/www.loewen-apotheke24.com\/de\/shop\/marke\/colpofix-vaginal-gel-spray-20ml\/","title":{"rendered":"Colpofix Vaginal Gel Spray 20ml"},"content":{"rendered":"<h3 style=\"text-align: left;\">Colpofix Vaginal Gel Spray 20ml<\/h3>\n<p style=\"text-align: left;\">Colpofix Vaginal Gel ist ein Medizinprodukt zur Aufrechterhaltung der physiologischen Bedingungen der zerviko-vaginalen Transformationszone im Falle von Ver\u00e4nderungen durch HPV (Human Papillomavirus). Zur Vorbeugung und Behandlung von Geb\u00e4rmutterhalssch\u00e4digungen, die durch humane Papillomaviren (HPV) verursacht wurden.\u00a0Das Vaginal-Gel wird in feinen Tr\u00f6pfchen verspr\u00fcht, um die zerviko-vaginale Schleimhaut leicht zu erreichen und gleichm\u00e4\u00dfig zu beschichten. Colpofix mukoadh\u00e4siven Eigenschaften verhindern ein Auslaufen.<\/p>\n<p>Was sind HP-Viren?\u00a0Humane Papillomviren, abgek\u00fcrzt HPV, z\u00e4hlen zu den h\u00e4ufigsten durch Intimkontakte \u00fcbertragenen Viren. Bisher sind mehr als 200 Virustypen bekannt. Einige dieser Viren sind f\u00fcr die Bildung von gutartigen Feigwarzen an den Genitalien verantwortlich, andere Typen sind ma\u00dfgeblich an der Entstehung von Geb\u00e4rmutterhalskrebs und weiteren Krebsarten an Vulva, Vagina, Anus, im Mund- Rachenbereich oder am Penis beteiligt.<\/p>\n<p style=\"text-align: left;\"><strong>Wirkstoffe:<\/strong><\/p>\n<p style=\"text-align: left;\">Wasser, Sorbitol, Carboxymethyl-Beta-Glucan, vernetztes Acrylpolymer (Polycarbophilic), Imidazolidinylharnstoff, Natriumdehydroacetat.<\/p>\n<p>Weitere Colpofix Vaginal Gel Produktdetails finden Sie beim Hersteller <a href=\"https:\/\/www.colpofix.com\/de\/was-ist-colpofix\/\" target=\"_blank\" rel=\"noopener\">ITF Pharma GmbH<\/a>. Der Pap-Abstrich \u2013 die sogenannte Vaginalzytologie \u2013 hilft, das Auftreten von Geb\u00e4rmutterhalsl\u00e4sionen in einem sehr fr\u00fchen Stadium zu erkennen.<\/p>\n<p>Die Apothekerin empfiehlt ihren Kunden bei viraler Infektion: <a href=\"https:\/\/www.loewen-apotheke24.com\/de\/shop\/labo-life\/labo-life-2l-eid-kapseln-30-st\/\">Labo Life 2L EID<\/a>\u00a0| Omni-Biotic<\/p>\n<p>Zu Risiken und Nebenwirkungen lesen Sie die Packungsbeilage und fragen Sie Ihren Arzt oder Apotheker.<\/p>\n<p>Alternative Produkte aus der Kategorie: <a href=\"https:\/\/www.loewen-apotheke24.com\/de\/shop\/labo-life\/labo-life-2l-papi-kapseln-30-st\/\">Labo Life 2L PAPI Kapseln<\/a><\/p>\n","protected":false},"excerpt":{"rendered":"<h2 style=\"text-align: left;\">Colpofix Vaginal Gel Spray 20ml<\/h2>\n<p>Zur Vorbeugung und Behandlung von Geb\u00e4rmutterhalssch\u00e4digungen &#8211; die durch humane Papillomaviren (HPV) verursacht werden.<\/p>\n<p><strong>PZN<\/strong>: 17617331 (Pharmazentralnummer)<\/p>\n<p><strong>Darreichungsform<\/strong>: Gel &#8211; Spray<\/p>\n<p><strong>Verordnungsart<\/strong>: Rezeptfrei<\/p>\n<p><strong>Hersteller<\/strong>: ITF Pharma GmbH<\/p>\n","protected":false},"featured_media":106289,"template":"","meta":[],"product_cat":[89,43],"product_tag":[896,895],"yoast_head":"<!-- This site is optimized with the Yoast SEO Premium plugin v21.0 (Yoast SEO v21.0) - https:\/\/yoast.com\/wordpress\/plugins\/seo\/ -->\n<title>Colpofix Vaginal Gel Spray 20ml - L\u00f6wen Apotheke24<\/title>\n<meta name=\"description\" content=\"L\u00f6wen Apotheke24 - Deutsche Apotheke - kurze Lieferzeit - gratis Lieferung ab 30 \u20ac - HPV - Humane Papillomviren - Colpofix Vaginal Gel Spray 20ml\" \/>\n<meta name=\"robots\" content=\"index, follow, max-snippet:-1, max-image-preview:large, max-video-preview:-1\" \/>\n<link rel=\"canonical\" href=\"https:\/\/www.loewen-apotheke24.com\/de\/shop\/marke\/colpofix-vaginal-gel-spray-20ml\/\" \/>\n<meta property=\"og:locale\" content=\"de_DE\" \/>\n<meta property=\"og:type\" content=\"article\" \/>\n<meta property=\"og:title\" content=\"Colpofix Vaginal Gel Spray 20ml - L\u00f6wen Apotheke24\" \/>\n<meta property=\"og:description\" content=\"L\u00f6wen Apotheke24 - Deutsche Apotheke - kurze Lieferzeit - gratis Lieferung ab 30 \u20ac - HPV - Humane Papillomviren - Colpofix Vaginal Gel Spray 20ml\" \/>\n<meta property=\"og:url\" content=\"https:\/\/www.loewen-apotheke24.com\/de\/shop\/marke\/colpofix-vaginal-gel-spray-20ml\/\" \/>\n<meta property=\"og:site_name\" content=\"L\u00f6wen Apotheke24\" \/>\n<meta property=\"article:modified_time\" content=\"2025-11-28T19:04:22+00:00\" \/>\n<meta property=\"og:image\" content=\"https:\/\/www.loewen-apotheke24.com\/wp-content\/uploads\/2022\/10\/Colpofix.webp\" \/>\n\t<meta property=\"og:image:width\" content=\"600\" \/>\n\t<meta property=\"og:image:height\" content=\"600\" \/>\n\t<meta property=\"og:image:type\" content=\"image\/webp\" \/>\n<meta name=\"twitter:card\" content=\"summary_large_image\" \/>\n<meta name=\"twitter:label1\" content=\"Gesch\u00e4tzte Lesezeit\" \/>\n\t<meta name=\"twitter:data1\" content=\"2\u00a0Minuten\" \/>\n<script type=\"application\/ld+json\" class=\"yoast-schema-graph\">{\"@context\":\"https:\/\/schema.org\",\"@graph\":[{\"@type\":\"WebPage\",\"@id\":\"https:\/\/www.loewen-apotheke24.com\/de\/shop\/marke\/colpofix-vaginal-gel-spray-20ml\/\",\"url\":\"https:\/\/www.loewen-apotheke24.com\/de\/shop\/marke\/colpofix-vaginal-gel-spray-20ml\/\",\"name\":\"Colpofix Vaginal Gel Spray 20ml - L\u00f6wen Apotheke24\",\"isPartOf\":{\"@id\":\"https:\/\/www.loewen-apotheke24.com\/de\/#website\"},\"datePublished\":\"2022-10-09T18:33:57+00:00\",\"dateModified\":\"2025-11-28T19:04:22+00:00\",\"description\":\"L\u00f6wen Apotheke24 - Deutsche Apotheke - kurze Lieferzeit - gratis Lieferung ab 30 \u20ac - HPV - Humane Papillomviren - Colpofix Vaginal Gel Spray 20ml\",\"breadcrumb\":{\"@id\":\"https:\/\/www.loewen-apotheke24.com\/de\/shop\/marke\/colpofix-vaginal-gel-spray-20ml\/#breadcrumb\"},\"inLanguage\":\"de\",\"potentialAction\":[{\"@type\":\"ReadAction\",\"target\":[\"https:\/\/www.loewen-apotheke24.com\/de\/shop\/marke\/colpofix-vaginal-gel-spray-20ml\/\"]}]},{\"@type\":\"BreadcrumbList\",\"@id\":\"https:\/\/www.loewen-apotheke24.com\/de\/shop\/marke\/colpofix-vaginal-gel-spray-20ml\/#breadcrumb\",\"itemListElement\":[{\"@type\":\"ListItem\",\"position\":1,\"name\":\"Shop\",\"item\":\"https:\/\/www.loewen-apotheke24.com\/de\/shop\/\"},{\"@type\":\"ListItem\",\"position\":2,\"name\":\"Colpofix Vaginal Gel Spray 20ml\"}]},{\"@type\":\"WebSite\",\"@id\":\"https:\/\/www.loewen-apotheke24.com\/de\/#website\",\"url\":\"https:\/\/www.loewen-apotheke24.com\/de\/\",\"name\":\"L\u00f6wen Apotheke24\",\"description\":\"Spezialist f\u00fcr Naturmedizin - Versandapotheke Baden-Baden\",\"publisher\":{\"@id\":\"https:\/\/www.loewen-apotheke24.com\/de\/#organization\"},\"potentialAction\":[{\"@type\":\"SearchAction\",\"target\":{\"@type\":\"EntryPoint\",\"urlTemplate\":\"https:\/\/www.loewen-apotheke24.com\/de\/?s={search_term_string}\"},\"query-input\":\"required name=search_term_string\"}],\"inLanguage\":\"de\"},{\"@type\":\"Organization\",\"@id\":\"https:\/\/www.loewen-apotheke24.com\/de\/#organization\",\"name\":\"L\u00f6wen Apotheke\",\"alternateName\":\"L\u00f6wen Apotheke\",\"url\":\"https:\/\/www.loewen-apotheke24.com\/de\/\",\"logo\":{\"@type\":\"ImageObject\",\"inLanguage\":\"de\",\"@id\":\"https:\/\/www.loewen-apotheke24.com\/de\/#\/schema\/logo\/image\/\",\"url\":\"https:\/\/www.loewen-apotheke24.com\/wp-content\/uploads\/2024\/02\/Logo-Loewen-Apotheke-700x700-1.png\",\"contentUrl\":\"https:\/\/www.loewen-apotheke24.com\/wp-content\/uploads\/2024\/02\/Logo-Loewen-Apotheke-700x700-1.png\",\"width\":700,\"height\":700,\"caption\":\"L\u00f6wen Apotheke\"},\"image\":{\"@id\":\"https:\/\/www.loewen-apotheke24.com\/de\/#\/schema\/logo\/image\/\"}}]}<\/script>\n<!-- \/ Yoast SEO Premium plugin. -->","yoast_head_json":{"title":"Colpofix Vaginal Gel Spray 20ml - L\u00f6wen Apotheke24","description":"L\u00f6wen Apotheke24 - Deutsche Apotheke - kurze Lieferzeit - gratis Lieferung ab 30 \u20ac - HPV - Humane Papillomviren - Colpofix Vaginal Gel Spray 20ml","robots":{"index":"index","follow":"follow","max-snippet":"max-snippet:-1","max-image-preview":"max-image-preview:large","max-video-preview":"max-video-preview:-1"},"canonical":"https:\/\/www.loewen-apotheke24.com\/de\/shop\/marke\/colpofix-vaginal-gel-spray-20ml\/","og_locale":"de_DE","og_type":"article","og_title":"Colpofix Vaginal Gel Spray 20ml - L\u00f6wen Apotheke24","og_description":"L\u00f6wen Apotheke24 - Deutsche Apotheke - kurze Lieferzeit - gratis Lieferung ab 30 \u20ac - HPV - Humane Papillomviren - Colpofix Vaginal Gel Spray 20ml","og_url":"https:\/\/www.loewen-apotheke24.com\/de\/shop\/marke\/colpofix-vaginal-gel-spray-20ml\/","og_site_name":"L\u00f6wen Apotheke24","article_modified_time":"2025-11-28T19:04:22+00:00","og_image":[{"width":600,"height":600,"url":"https:\/\/www.loewen-apotheke24.com\/wp-content\/uploads\/2022\/10\/Colpofix.webp","type":"image\/webp"}],"twitter_card":"summary_large_image","twitter_misc":{"Gesch\u00e4tzte Lesezeit":"2\u00a0Minuten"},"schema":{"@context":"https:\/\/schema.org","@graph":[{"@type":"WebPage","@id":"https:\/\/www.loewen-apotheke24.com\/de\/shop\/marke\/colpofix-vaginal-gel-spray-20ml\/","url":"https:\/\/www.loewen-apotheke24.com\/de\/shop\/marke\/colpofix-vaginal-gel-spray-20ml\/","name":"Colpofix Vaginal Gel Spray 20ml - L\u00f6wen Apotheke24","isPartOf":{"@id":"https:\/\/www.loewen-apotheke24.com\/de\/#website"},"datePublished":"2022-10-09T18:33:57+00:00","dateModified":"2025-11-28T19:04:22+00:00","description":"L\u00f6wen Apotheke24 - Deutsche Apotheke - kurze Lieferzeit - gratis Lieferung ab 30 \u20ac - HPV - Humane Papillomviren - Colpofix Vaginal Gel Spray 20ml","breadcrumb":{"@id":"https:\/\/www.loewen-apotheke24.com\/de\/shop\/marke\/colpofix-vaginal-gel-spray-20ml\/#breadcrumb"},"inLanguage":"de","potentialAction":[{"@type":"ReadAction","target":["https:\/\/www.loewen-apotheke24.com\/de\/shop\/marke\/colpofix-vaginal-gel-spray-20ml\/"]}]},{"@type":"BreadcrumbList","@id":"https:\/\/www.loewen-apotheke24.com\/de\/shop\/marke\/colpofix-vaginal-gel-spray-20ml\/#breadcrumb","itemListElement":[{"@type":"ListItem","position":1,"name":"Shop","item":"https:\/\/www.loewen-apotheke24.com\/de\/shop\/"},{"@type":"ListItem","position":2,"name":"Colpofix Vaginal Gel Spray 20ml"}]},{"@type":"WebSite","@id":"https:\/\/www.loewen-apotheke24.com\/de\/#website","url":"https:\/\/www.loewen-apotheke24.com\/de\/","name":"L\u00f6wen Apotheke24","description":"Spezialist f\u00fcr Naturmedizin - Versandapotheke Baden-Baden","publisher":{"@id":"https:\/\/www.loewen-apotheke24.com\/de\/#organization"},"potentialAction":[{"@type":"SearchAction","target":{"@type":"EntryPoint","urlTemplate":"https:\/\/www.loewen-apotheke24.com\/de\/?s={search_term_string}"},"query-input":"required name=search_term_string"}],"inLanguage":"de"},{"@type":"Organization","@id":"https:\/\/www.loewen-apotheke24.com\/de\/#organization","name":"L\u00f6wen Apotheke","alternateName":"L\u00f6wen Apotheke","url":"https:\/\/www.loewen-apotheke24.com\/de\/","logo":{"@type":"ImageObject","inLanguage":"de","@id":"https:\/\/www.loewen-apotheke24.com\/de\/#\/schema\/logo\/image\/","url":"https:\/\/www.loewen-apotheke24.com\/wp-content\/uploads\/2024\/02\/Logo-Loewen-Apotheke-700x700-1.png","contentUrl":"https:\/\/www.loewen-apotheke24.com\/wp-content\/uploads\/2024\/02\/Logo-Loewen-Apotheke-700x700-1.png","width":700,"height":700,"caption":"L\u00f6wen Apotheke"},"image":{"@id":"https:\/\/www.loewen-apotheke24.com\/de\/#\/schema\/logo\/image\/"}}]}},"_links":{"self":[{"href":"https:\/\/www.loewen-apotheke24.com\/de\/wp-json\/wp\/v2\/product\/52886"}],"collection":[{"href":"https:\/\/www.loewen-apotheke24.com\/de\/wp-json\/wp\/v2\/product"}],"about":[{"href":"https:\/\/www.loewen-apotheke24.com\/de\/wp-json\/wp\/v2\/types\/product"}],"wp:featuredmedia":[{"embeddable":true,"href":"https:\/\/www.loewen-apotheke24.com\/de\/wp-json\/wp\/v2\/media\/106289"}],"wp:attachment":[{"href":"https:\/\/www.loewen-apotheke24.com\/de\/wp-json\/wp\/v2\/media?parent=52886"}],"wp:term":[{"taxonomy":"product_cat","embeddable":true,"href":"https:\/\/www.loewen-apotheke24.com\/de\/wp-json\/wp\/v2\/product_cat?post=52886"},{"taxonomy":"product_tag","embeddable":true,"href":"https:\/\/www.loewen-apotheke24.com\/de\/wp-json\/wp\/v2\/product_tag?post=52886"}],"curies":[{"name":"wp","href":"https:\/\/api.w.org\/{rel}","templated":true}]}}