{"id":56751,"date":"2022-12-17T07:23:26","date_gmt":"2022-12-17T06:23:26","guid":{"rendered":"https:\/\/www.loewen-apotheke24.com\/?post_type=product&#038;p=56751"},"modified":"2024-10-10T11:32:00","modified_gmt":"2024-10-10T10:32:00","slug":"ultrasun-alpine-spf50-sonnenschutz-30ml-14443801","status":"publish","type":"product","link":"https:\/\/www.loewen-apotheke24.com\/de\/shop\/angebot\/ultrasun-alpine-spf50-sonnenschutz-30ml-14443801\/","title":{"rendered":"ultrasun Alpine SPF50+ Sonnenschutz 30ml"},"content":{"rendered":"<h3 style=\"text-align: left;\">ultrasun Alpine SPF50+ Sonnenschutz<\/h3>\n<div>\n<p>ultrasun Alpine SPF50+ Sonnenschutz &#8211; Gesichts-Sonnenschutz f\u00fcr die Berge.<\/p>\n<p>Schnell absorbierendes, nicht fettendes, nicht klebriges UVA und UVB (SPF50) Sonnenschutz Gel mit GSP f\u00fcr Infrarot-Schutz, Titandioxid zum Schutz vor blauem Licht und lamellarer Technologie \u2013 ideal f\u00fcr die ganze Familie und empfindliche Haut.<\/p>\n<p>Ideal bei Sonnenallergie, nicht fettend, samtig weiches Hautgef\u00fchl und mit AHA* dem Allergie-G\u00fctesiegel (Allergiezentrum Schweiz).<\/p>\n<p>Weitere Produktdetails zum ultrasun Sonnenschutz finden Sie beim Hersteller:<a href=\"https:\/\/www.ultrasun.com\/de-DE\" target=\"_blank\" rel=\"noopener\"> ultrasun Professional Protection<\/a><\/p>\n<p>Andere Kunden interessierten sich auch f\u00fcr Produkte zum Thema: Hautreizungen\u00a0 \u00a0|\u00a0 <a href=\"https:\/\/www.loewen-apotheke24.com\/de\/product_tag\/reiseapotheke\/\">Reiseapotheke\u00a0<\/a><\/p>\n<p>Informationen auf dieser Website werden ausschlie\u00dflich f\u00fcr informative Zwecke zur Verf\u00fcgung gestellt. Sie ersetzen keinesfalls die Untersuchung und Behandlung durch einen Arzt. Bitte beachten Sie, dass hierdurch weder Diagnosen gestellt noch Therapien eingeleitet werden k\u00f6nnen.<\/p>\n<p>Zu Risiken und Nebenwirkungen lesen Sie die Packungsbeilage und fragen Sie Ihren Arzt oder Apotheker.<\/p>\n<\/div>\n","protected":false},"excerpt":{"rendered":"<h2 style=\"text-align: left;\">ultrasun Alpine SPF50+ Sonnenschutz &#8211; 30ml<\/h2>\n<p>ultrasun Alpine SPF50+ Sonnenschutz &#8211; Gesichts-Sonnenschutz f\u00fcr die Berge. Schnell absorbierendes, nicht fettendes, nicht klebriges UVA und UVB (SPF50) Sonnenschutz Gel mit GSP f\u00fcr Infrarot-Schutz, Titandioxid zum Schutz vor blauem Licht und lamellarer Technologie.<\/p>\n<p><strong>PZN<\/strong>: 14443801 (Pharmazentralnummer)<\/p>\n<p><strong>Darreichungsform<\/strong>: Creme<\/p>\n<p><strong>Verordnungsart<\/strong>: Rezeptfrei<\/p>\n<p><strong>Hersteller<\/strong>: ultrasun professional Protection, Z\u00fcrich, Schweiz<\/p>\n<p><strong>Packungsgr\u00f6\u00dfe<\/strong>: 30ml<\/p>\n","protected":false},"featured_media":103624,"template":"","meta":[],"product_cat":[13,43],"product_tag":[383,379,154,470,958],"yoast_head":"<!-- This site is optimized with the Yoast SEO Premium plugin v21.0 (Yoast SEO v21.0) - https:\/\/yoast.com\/wordpress\/plugins\/seo\/ -->\n<title>ultrasun Alpine SPF50+ Sonnenschutz 30ml - L\u00f6wen Apotheke24<\/title>\n<meta name=\"description\" content=\"L\u00f6wen Apotheke24 - Spezialist f\u00fcr Naturheilkunde - kurze Lieferzeit - gratis Lieferung ab 30 \u20ac - Medice: ultrasun Alpine SPF50+ Sonnenschutz 30ml\" \/>\n<meta name=\"robots\" content=\"index, follow, max-snippet:-1, max-image-preview:large, max-video-preview:-1\" \/>\n<link rel=\"canonical\" href=\"https:\/\/www.loewen-apotheke24.com\/de\/shop\/angebot\/ultrasun-alpine-spf50-sonnenschutz-30ml-14443801\/\" \/>\n<meta property=\"og:locale\" content=\"de_DE\" \/>\n<meta property=\"og:type\" content=\"article\" \/>\n<meta property=\"og:title\" content=\"ultrasun Alpine SPF50+ Sonnenschutz 30ml - L\u00f6wen Apotheke24\" \/>\n<meta property=\"og:description\" content=\"L\u00f6wen Apotheke24 - Spezialist f\u00fcr Naturheilkunde - kurze Lieferzeit - gratis Lieferung ab 30 \u20ac - Medice: ultrasun Alpine SPF50+ Sonnenschutz 30ml\" \/>\n<meta property=\"og:url\" content=\"https:\/\/www.loewen-apotheke24.com\/de\/shop\/angebot\/ultrasun-alpine-spf50-sonnenschutz-30ml-14443801\/\" \/>\n<meta property=\"og:site_name\" content=\"L\u00f6wen Apotheke24\" \/>\n<meta property=\"article:modified_time\" content=\"2024-10-10T10:32:00+00:00\" \/>\n<meta property=\"og:image\" content=\"https:\/\/www.loewen-apotheke24.com\/wp-content\/uploads\/2022\/12\/ultrasun-Alpine-SPF50-30ml-Sonnenschutz-Loewen-Apptheke-14443801.webp\" \/>\n\t<meta property=\"og:image:width\" content=\"600\" \/>\n\t<meta property=\"og:image:height\" content=\"600\" \/>\n\t<meta property=\"og:image:type\" content=\"image\/webp\" \/>\n<meta name=\"twitter:card\" content=\"summary_large_image\" \/>\n<meta name=\"twitter:label1\" content=\"Gesch\u00e4tzte Lesezeit\" \/>\n\t<meta name=\"twitter:data1\" content=\"1\u00a0Minute\" \/>\n<script type=\"application\/ld+json\" class=\"yoast-schema-graph\">{\"@context\":\"https:\/\/schema.org\",\"@graph\":[{\"@type\":\"WebPage\",\"@id\":\"https:\/\/www.loewen-apotheke24.com\/de\/shop\/angebot\/ultrasun-alpine-spf50-sonnenschutz-30ml-14443801\/\",\"url\":\"https:\/\/www.loewen-apotheke24.com\/de\/shop\/angebot\/ultrasun-alpine-spf50-sonnenschutz-30ml-14443801\/\",\"name\":\"ultrasun Alpine SPF50+ Sonnenschutz 30ml - L\u00f6wen Apotheke24\",\"isPartOf\":{\"@id\":\"https:\/\/www.loewen-apotheke24.com\/de\/#website\"},\"datePublished\":\"2022-12-17T06:23:26+00:00\",\"dateModified\":\"2024-10-10T10:32:00+00:00\",\"description\":\"L\u00f6wen Apotheke24 - Spezialist f\u00fcr Naturheilkunde - kurze Lieferzeit - gratis Lieferung ab 30 \u20ac - Medice: ultrasun Alpine SPF50+ Sonnenschutz 30ml\",\"breadcrumb\":{\"@id\":\"https:\/\/www.loewen-apotheke24.com\/de\/shop\/angebot\/ultrasun-alpine-spf50-sonnenschutz-30ml-14443801\/#breadcrumb\"},\"inLanguage\":\"de\",\"potentialAction\":[{\"@type\":\"ReadAction\",\"target\":[\"https:\/\/www.loewen-apotheke24.com\/de\/shop\/angebot\/ultrasun-alpine-spf50-sonnenschutz-30ml-14443801\/\"]}]},{\"@type\":\"BreadcrumbList\",\"@id\":\"https:\/\/www.loewen-apotheke24.com\/de\/shop\/angebot\/ultrasun-alpine-spf50-sonnenschutz-30ml-14443801\/#breadcrumb\",\"itemListElement\":[{\"@type\":\"ListItem\",\"position\":1,\"name\":\"Shop\",\"item\":\"https:\/\/www.loewen-apotheke24.com\/de\/shop\/\"},{\"@type\":\"ListItem\",\"position\":2,\"name\":\"ultrasun Alpine SPF50+ Sonnenschutz 30ml\"}]},{\"@type\":\"WebSite\",\"@id\":\"https:\/\/www.loewen-apotheke24.com\/de\/#website\",\"url\":\"https:\/\/www.loewen-apotheke24.com\/de\/\",\"name\":\"L\u00f6wen Apotheke24\",\"description\":\"Spezialist f\u00fcr Naturmedizin - Versandapotheke Baden-Baden\",\"publisher\":{\"@id\":\"https:\/\/www.loewen-apotheke24.com\/de\/#organization\"},\"potentialAction\":[{\"@type\":\"SearchAction\",\"target\":{\"@type\":\"EntryPoint\",\"urlTemplate\":\"https:\/\/www.loewen-apotheke24.com\/de\/?s={search_term_string}\"},\"query-input\":\"required name=search_term_string\"}],\"inLanguage\":\"de\"},{\"@type\":\"Organization\",\"@id\":\"https:\/\/www.loewen-apotheke24.com\/de\/#organization\",\"name\":\"L\u00f6wen Apotheke\",\"alternateName\":\"L\u00f6wen Apotheke\",\"url\":\"https:\/\/www.loewen-apotheke24.com\/de\/\",\"logo\":{\"@type\":\"ImageObject\",\"inLanguage\":\"de\",\"@id\":\"https:\/\/www.loewen-apotheke24.com\/de\/#\/schema\/logo\/image\/\",\"url\":\"https:\/\/www.loewen-apotheke24.com\/wp-content\/uploads\/2024\/02\/Logo-Loewen-Apotheke-700x700-1.png\",\"contentUrl\":\"https:\/\/www.loewen-apotheke24.com\/wp-content\/uploads\/2024\/02\/Logo-Loewen-Apotheke-700x700-1.png\",\"width\":700,\"height\":700,\"caption\":\"L\u00f6wen Apotheke\"},\"image\":{\"@id\":\"https:\/\/www.loewen-apotheke24.com\/de\/#\/schema\/logo\/image\/\"}}]}<\/script>\n<!-- \/ Yoast SEO Premium plugin. -->","yoast_head_json":{"title":"ultrasun Alpine SPF50+ Sonnenschutz 30ml - L\u00f6wen Apotheke24","description":"L\u00f6wen Apotheke24 - Spezialist f\u00fcr Naturheilkunde - kurze Lieferzeit - gratis Lieferung ab 30 \u20ac - Medice: ultrasun Alpine SPF50+ Sonnenschutz 30ml","robots":{"index":"index","follow":"follow","max-snippet":"max-snippet:-1","max-image-preview":"max-image-preview:large","max-video-preview":"max-video-preview:-1"},"canonical":"https:\/\/www.loewen-apotheke24.com\/de\/shop\/angebot\/ultrasun-alpine-spf50-sonnenschutz-30ml-14443801\/","og_locale":"de_DE","og_type":"article","og_title":"ultrasun Alpine SPF50+ Sonnenschutz 30ml - L\u00f6wen Apotheke24","og_description":"L\u00f6wen Apotheke24 - Spezialist f\u00fcr Naturheilkunde - kurze Lieferzeit - gratis Lieferung ab 30 \u20ac - Medice: ultrasun Alpine SPF50+ Sonnenschutz 30ml","og_url":"https:\/\/www.loewen-apotheke24.com\/de\/shop\/angebot\/ultrasun-alpine-spf50-sonnenschutz-30ml-14443801\/","og_site_name":"L\u00f6wen Apotheke24","article_modified_time":"2024-10-10T10:32:00+00:00","og_image":[{"width":600,"height":600,"url":"https:\/\/www.loewen-apotheke24.com\/wp-content\/uploads\/2022\/12\/ultrasun-Alpine-SPF50-30ml-Sonnenschutz-Loewen-Apptheke-14443801.webp","type":"image\/webp"}],"twitter_card":"summary_large_image","twitter_misc":{"Gesch\u00e4tzte Lesezeit":"1\u00a0Minute"},"schema":{"@context":"https:\/\/schema.org","@graph":[{"@type":"WebPage","@id":"https:\/\/www.loewen-apotheke24.com\/de\/shop\/angebot\/ultrasun-alpine-spf50-sonnenschutz-30ml-14443801\/","url":"https:\/\/www.loewen-apotheke24.com\/de\/shop\/angebot\/ultrasun-alpine-spf50-sonnenschutz-30ml-14443801\/","name":"ultrasun Alpine SPF50+ Sonnenschutz 30ml - L\u00f6wen Apotheke24","isPartOf":{"@id":"https:\/\/www.loewen-apotheke24.com\/de\/#website"},"datePublished":"2022-12-17T06:23:26+00:00","dateModified":"2024-10-10T10:32:00+00:00","description":"L\u00f6wen Apotheke24 - Spezialist f\u00fcr Naturheilkunde - kurze Lieferzeit - gratis Lieferung ab 30 \u20ac - Medice: ultrasun Alpine SPF50+ Sonnenschutz 30ml","breadcrumb":{"@id":"https:\/\/www.loewen-apotheke24.com\/de\/shop\/angebot\/ultrasun-alpine-spf50-sonnenschutz-30ml-14443801\/#breadcrumb"},"inLanguage":"de","potentialAction":[{"@type":"ReadAction","target":["https:\/\/www.loewen-apotheke24.com\/de\/shop\/angebot\/ultrasun-alpine-spf50-sonnenschutz-30ml-14443801\/"]}]},{"@type":"BreadcrumbList","@id":"https:\/\/www.loewen-apotheke24.com\/de\/shop\/angebot\/ultrasun-alpine-spf50-sonnenschutz-30ml-14443801\/#breadcrumb","itemListElement":[{"@type":"ListItem","position":1,"name":"Shop","item":"https:\/\/www.loewen-apotheke24.com\/de\/shop\/"},{"@type":"ListItem","position":2,"name":"ultrasun Alpine SPF50+ Sonnenschutz 30ml"}]},{"@type":"WebSite","@id":"https:\/\/www.loewen-apotheke24.com\/de\/#website","url":"https:\/\/www.loewen-apotheke24.com\/de\/","name":"L\u00f6wen Apotheke24","description":"Spezialist f\u00fcr Naturmedizin - Versandapotheke Baden-Baden","publisher":{"@id":"https:\/\/www.loewen-apotheke24.com\/de\/#organization"},"potentialAction":[{"@type":"SearchAction","target":{"@type":"EntryPoint","urlTemplate":"https:\/\/www.loewen-apotheke24.com\/de\/?s={search_term_string}"},"query-input":"required name=search_term_string"}],"inLanguage":"de"},{"@type":"Organization","@id":"https:\/\/www.loewen-apotheke24.com\/de\/#organization","name":"L\u00f6wen Apotheke","alternateName":"L\u00f6wen Apotheke","url":"https:\/\/www.loewen-apotheke24.com\/de\/","logo":{"@type":"ImageObject","inLanguage":"de","@id":"https:\/\/www.loewen-apotheke24.com\/de\/#\/schema\/logo\/image\/","url":"https:\/\/www.loewen-apotheke24.com\/wp-content\/uploads\/2024\/02\/Logo-Loewen-Apotheke-700x700-1.png","contentUrl":"https:\/\/www.loewen-apotheke24.com\/wp-content\/uploads\/2024\/02\/Logo-Loewen-Apotheke-700x700-1.png","width":700,"height":700,"caption":"L\u00f6wen Apotheke"},"image":{"@id":"https:\/\/www.loewen-apotheke24.com\/de\/#\/schema\/logo\/image\/"}}]}},"_links":{"self":[{"href":"https:\/\/www.loewen-apotheke24.com\/de\/wp-json\/wp\/v2\/product\/56751"}],"collection":[{"href":"https:\/\/www.loewen-apotheke24.com\/de\/wp-json\/wp\/v2\/product"}],"about":[{"href":"https:\/\/www.loewen-apotheke24.com\/de\/wp-json\/wp\/v2\/types\/product"}],"wp:featuredmedia":[{"embeddable":true,"href":"https:\/\/www.loewen-apotheke24.com\/de\/wp-json\/wp\/v2\/media\/103624"}],"wp:attachment":[{"href":"https:\/\/www.loewen-apotheke24.com\/de\/wp-json\/wp\/v2\/media?parent=56751"}],"wp:term":[{"taxonomy":"product_cat","embeddable":true,"href":"https:\/\/www.loewen-apotheke24.com\/de\/wp-json\/wp\/v2\/product_cat?post=56751"},{"taxonomy":"product_tag","embeddable":true,"href":"https:\/\/www.loewen-apotheke24.com\/de\/wp-json\/wp\/v2\/product_tag?post=56751"}],"curies":[{"name":"wp","href":"https:\/\/api.w.org\/{rel}","templated":true}]}}