{"id":56940,"date":"2022-12-20T15:02:56","date_gmt":"2022-12-20T14:02:56","guid":{"rendered":"https:\/\/www.loewen-apotheke24.com\/?post_type=product&#038;p=56940"},"modified":"2025-02-24T19:53:07","modified_gmt":"2025-02-24T18:53:07","slug":"fluorecare-schnelltest-4in1-sars-cov-2-influenza-ab-rsv-antigene","status":"publish","type":"product","link":"https:\/\/www.loewen-apotheke24.com\/de\/shop\/marke\/fluorecare-schnelltest-4in1-sars-cov-2-influenza-ab-rsv-antigene\/","title":{"rendered":"fluorecare Schnelltest 4in1 SARS-Cov-2, Influenza\u00a0A\/B, RSV"},"content":{"rendered":"<h3 style=\"text-align: left;\">fluorecare Schnelltest 4in1 SARS-Cov-2, Influenza\u00a0A\/B, RSV<\/h3>\n<p>fluorecare Schnelltest 4in1 SARS-Cov-2, Influenza\u00a0A\/B, RSV<\/p>\n<p>Antigen-Schnelltest bei Alpha, Delta &amp; Omicron Varianten, BA.4 und BA.5 und qualitativer Nachweis von SARS-CoV-2, Influenza A\/B und RSV in Nase oder Nasen-Rachenraum f\u00fcr Selbstanwender geeignet.<\/p>\n<ul style=\"list-style-type: square;\">\n<li>4-in-1 Selbsttest<\/li>\n<li>Zuverl\u00e4ssiges Testergebnis in 15 Minuten<\/li>\n<li>SARS-CoV-2 Sensitivit\u00e4t: 92,93 %<\/li>\n<li>SARS-CoV-2 Spezifit\u00e4t: 100 %<\/li>\n<\/ul>\n<p>Produkte f\u00fcr den Anwendungsbereich: <a href=\"https:\/\/www.loewen-apotheke24.com\/de\/product_tag\/antigen-schnelltest\/\">Antigen-Schnelltests<\/a><\/p>\n<p>Andere Kunden interessierten sich auch f\u00fcr Produkte zum Thema: <a href=\"https:\/\/www.loewen-apotheke24.com\/de\/product_tag\/reiseapotheke\/\">Reiseapotheke\u00a0<\/a><\/p>\n<p>Die Apothekerin empfiehlt ihren Kunden bei viraler Infektion: <a href=\"https:\/\/www.loewen-apotheke24.com\/de\/shop\/labo-life\/labo-life-2l-eid-kapseln-30-st\/\">Labo Life 2L EID<\/a> | <a href=\"https:\/\/www.loewen-apotheke24.com\/de\/shop\/angebot\/omni-biotic-pro-vi-5-30x-2g-16907334\/\">Omni-Biotic Pro-Vi<\/a><\/p>\n<p>Informationen auf dieser Website werden ausschlie\u00dflich f\u00fcr informative Zwecke zur Verf\u00fcgung gestellt. Sie ersetzen keinesfalls die Untersuchung und Behandlung durch einen Arzt. Bitte beachten Sie, dass hierdurch weder Diagnosen gestellt noch Therapien eingeleitet werden k\u00f6nnen.<\/p>\n<p>DE: Bestelle in anderen Sprachen <a href=\"https:\/\/lions-pharmacy.com\/fr\/boutique\">FR<\/a> | <a href=\"https:\/\/lions-pharmacy.com\/es\/tienda\">ES<\/a> | <a href=\"https:\/\/lions-pharmacy.com\/it\/negozio\">IT<\/a> auf Lions-Pharmacy.com.<br \/>\nFR: Commande dans d&#8217;autres langues <a href=\"https:\/\/lions-pharmacy.com\/fr\/boutique\">FR<\/a> | <a href=\"https:\/\/lions-pharmacy.com\/es\/tienda\">ES<\/a> | <a href=\"https:\/\/lions-pharmacy.com\/it\/negozio\">IT<\/a> sur Lions-Pharmacy.com.<br \/>\nES: Pedido en otros idiomas <a href=\"https:\/\/lions-pharmacy.com\/fr\/boutique\">FR<\/a> | <a href=\"https:\/\/lions-pharmacy.com\/es\/tienda\">ES<\/a> | <a href=\"https:\/\/lions-pharmacy.com\/it\/negozio\">IT<\/a>en Lions-Pharmacy.com.<br \/>\nIT: Ordina in altre lingue <a href=\"https:\/\/lions-pharmacy.com\/fr\/boutique\">FR<\/a> | <a href=\"https:\/\/lions-pharmacy.com\/es\/tienda\">ES<\/a> | <a href=\"https:\/\/lions-pharmacy.com\/it\/negozio\">IT<\/a> su Lions-Pharmacy.com.<\/p>\n<p>Zu Risiken und Nebenwirkungen lesen Sie die Packungsbeilage und fragen Sie Ihren Arzt oder Apotheker.<\/p>\n","protected":false},"excerpt":{"rendered":"<h2>fluorecare Schnelltest 4in1 SARS-Cov-2, Influenza\u00a0A\/B, RSV<\/h2>\n<p>4in1 Kombi-Schnelltest (Antigene) auf Influenza A\/B + COVID-19 + RSV<\/p>\n<p><strong>PZN<\/strong>: &#8211; (Pharmazentralnummer)<\/p>\n<p><strong>Darreichungsform<\/strong>: Testkit f\u00fcr Nasenabstrichproben, Selbstanwender<\/p>\n<p><strong>Verordnungsart<\/strong>: Rezeptfrei<\/p>\n<p><strong>Hersteller<\/strong>:\u00a0 Shenzhen Microprofit Biotech Co., Ltd.<\/p>\n<p><strong>Packungsgr\u00f6\u00dfe<\/strong>: 5 Stk.<\/p>\n<p><span style=\"color: #ff0000;\"><strong>MDH<\/strong>: 06\/2024<\/span><\/p>\n","protected":false},"featured_media":56942,"template":"","meta":[],"product_cat":[43],"product_tag":[417,346,426,470,422],"yoast_head":"<!-- This site is optimized with the Yoast SEO Premium plugin v21.0 (Yoast SEO v21.0) - https:\/\/yoast.com\/wordpress\/plugins\/seo\/ -->\n<title>fluorecare Schnelltest 4in1 SARS-Cov-2, Influenza\u00a0A\/B, RSV<\/title>\n<meta name=\"description\" content=\"L\u00f6wen Apotheke24 - Spezialist f\u00fcr Naturheilkunde - kurze Lieferzeit - fluorecare Schnelltest 4in1 SARS-Cov-2, Influenza\u00a0A\/B, RSV - Selbsttest\" \/>\n<meta name=\"robots\" content=\"index, follow, max-snippet:-1, max-image-preview:large, max-video-preview:-1\" \/>\n<link rel=\"canonical\" href=\"https:\/\/www.loewen-apotheke24.com\/de\/shop\/marke\/fluorecare-schnelltest-4in1-sars-cov-2-influenza-ab-rsv-antigene\/\" \/>\n<meta property=\"og:locale\" content=\"de_DE\" \/>\n<meta property=\"og:type\" content=\"article\" \/>\n<meta property=\"og:title\" content=\"fluorecare Schnelltest 4in1 SARS-Cov-2, Influenza\u00a0A\/B, RSV\" \/>\n<meta property=\"og:description\" content=\"L\u00f6wen Apotheke24 - Spezialist f\u00fcr Naturheilkunde - kurze Lieferzeit - fluorecare Schnelltest 4in1 SARS-Cov-2, Influenza\u00a0A\/B, RSV - Selbsttest\" \/>\n<meta property=\"og:url\" content=\"https:\/\/www.loewen-apotheke24.com\/de\/shop\/marke\/fluorecare-schnelltest-4in1-sars-cov-2-influenza-ab-rsv-antigene\/\" \/>\n<meta property=\"og:site_name\" content=\"L\u00f6wen Apotheke24\" \/>\n<meta property=\"article:modified_time\" content=\"2025-02-24T18:53:07+00:00\" \/>\n<meta property=\"og:image\" content=\"https:\/\/www.loewen-apotheke24.com\/wp-content\/uploads\/2022\/12\/fluorecare-schnelltest-SARS-CoV-2-Influenza-A-B-RSV-Antigen-Kombi-Test-Loewen-Apptheke.jpg\" \/>\n\t<meta property=\"og:image:width\" content=\"600\" \/>\n\t<meta property=\"og:image:height\" content=\"600\" \/>\n\t<meta property=\"og:image:type\" content=\"image\/jpeg\" \/>\n<meta name=\"twitter:card\" content=\"summary_large_image\" \/>\n<meta name=\"twitter:label1\" content=\"Gesch\u00e4tzte Lesezeit\" \/>\n\t<meta name=\"twitter:data1\" content=\"2\u00a0Minuten\" \/>\n<script type=\"application\/ld+json\" class=\"yoast-schema-graph\">{\"@context\":\"https:\/\/schema.org\",\"@graph\":[{\"@type\":\"WebPage\",\"@id\":\"https:\/\/www.loewen-apotheke24.com\/de\/shop\/marke\/fluorecare-schnelltest-4in1-sars-cov-2-influenza-ab-rsv-antigene\/\",\"url\":\"https:\/\/www.loewen-apotheke24.com\/de\/shop\/marke\/fluorecare-schnelltest-4in1-sars-cov-2-influenza-ab-rsv-antigene\/\",\"name\":\"fluorecare Schnelltest 4in1 SARS-Cov-2, Influenza\u00a0A\/B, RSV\",\"isPartOf\":{\"@id\":\"https:\/\/www.loewen-apotheke24.com\/de\/#website\"},\"datePublished\":\"2022-12-20T14:02:56+00:00\",\"dateModified\":\"2025-02-24T18:53:07+00:00\",\"description\":\"L\u00f6wen Apotheke24 - Spezialist f\u00fcr Naturheilkunde - kurze Lieferzeit - fluorecare Schnelltest 4in1 SARS-Cov-2, Influenza\u00a0A\/B, RSV - Selbsttest\",\"breadcrumb\":{\"@id\":\"https:\/\/www.loewen-apotheke24.com\/de\/shop\/marke\/fluorecare-schnelltest-4in1-sars-cov-2-influenza-ab-rsv-antigene\/#breadcrumb\"},\"inLanguage\":\"de\",\"potentialAction\":[{\"@type\":\"ReadAction\",\"target\":[\"https:\/\/www.loewen-apotheke24.com\/de\/shop\/marke\/fluorecare-schnelltest-4in1-sars-cov-2-influenza-ab-rsv-antigene\/\"]}]},{\"@type\":\"BreadcrumbList\",\"@id\":\"https:\/\/www.loewen-apotheke24.com\/de\/shop\/marke\/fluorecare-schnelltest-4in1-sars-cov-2-influenza-ab-rsv-antigene\/#breadcrumb\",\"itemListElement\":[{\"@type\":\"ListItem\",\"position\":1,\"name\":\"Shop\",\"item\":\"https:\/\/www.loewen-apotheke24.com\/de\/shop\/\"},{\"@type\":\"ListItem\",\"position\":2,\"name\":\"fluorecare Schnelltest 4in1 SARS-Cov-2, Influenza\u00a0A\/B, RSV\"}]},{\"@type\":\"WebSite\",\"@id\":\"https:\/\/www.loewen-apotheke24.com\/de\/#website\",\"url\":\"https:\/\/www.loewen-apotheke24.com\/de\/\",\"name\":\"L\u00f6wen Apotheke24\",\"description\":\"Spezialist f\u00fcr Naturmedizin - Versandapotheke Baden-Baden\",\"publisher\":{\"@id\":\"https:\/\/www.loewen-apotheke24.com\/de\/#organization\"},\"potentialAction\":[{\"@type\":\"SearchAction\",\"target\":{\"@type\":\"EntryPoint\",\"urlTemplate\":\"https:\/\/www.loewen-apotheke24.com\/de\/?s={search_term_string}\"},\"query-input\":\"required name=search_term_string\"}],\"inLanguage\":\"de\"},{\"@type\":\"Organization\",\"@id\":\"https:\/\/www.loewen-apotheke24.com\/de\/#organization\",\"name\":\"L\u00f6wen Apotheke\",\"alternateName\":\"L\u00f6wen Apotheke\",\"url\":\"https:\/\/www.loewen-apotheke24.com\/de\/\",\"logo\":{\"@type\":\"ImageObject\",\"inLanguage\":\"de\",\"@id\":\"https:\/\/www.loewen-apotheke24.com\/de\/#\/schema\/logo\/image\/\",\"url\":\"https:\/\/www.loewen-apotheke24.com\/wp-content\/uploads\/2024\/02\/Logo-Loewen-Apotheke-700x700-1.png\",\"contentUrl\":\"https:\/\/www.loewen-apotheke24.com\/wp-content\/uploads\/2024\/02\/Logo-Loewen-Apotheke-700x700-1.png\",\"width\":700,\"height\":700,\"caption\":\"L\u00f6wen Apotheke\"},\"image\":{\"@id\":\"https:\/\/www.loewen-apotheke24.com\/de\/#\/schema\/logo\/image\/\"}}]}<\/script>\n<!-- \/ Yoast SEO Premium plugin. -->","yoast_head_json":{"title":"fluorecare Schnelltest 4in1 SARS-Cov-2, Influenza\u00a0A\/B, RSV","description":"L\u00f6wen Apotheke24 - Spezialist f\u00fcr Naturheilkunde - kurze Lieferzeit - fluorecare Schnelltest 4in1 SARS-Cov-2, Influenza\u00a0A\/B, RSV - Selbsttest","robots":{"index":"index","follow":"follow","max-snippet":"max-snippet:-1","max-image-preview":"max-image-preview:large","max-video-preview":"max-video-preview:-1"},"canonical":"https:\/\/www.loewen-apotheke24.com\/de\/shop\/marke\/fluorecare-schnelltest-4in1-sars-cov-2-influenza-ab-rsv-antigene\/","og_locale":"de_DE","og_type":"article","og_title":"fluorecare Schnelltest 4in1 SARS-Cov-2, Influenza\u00a0A\/B, RSV","og_description":"L\u00f6wen Apotheke24 - Spezialist f\u00fcr Naturheilkunde - kurze Lieferzeit - fluorecare Schnelltest 4in1 SARS-Cov-2, Influenza\u00a0A\/B, RSV - Selbsttest","og_url":"https:\/\/www.loewen-apotheke24.com\/de\/shop\/marke\/fluorecare-schnelltest-4in1-sars-cov-2-influenza-ab-rsv-antigene\/","og_site_name":"L\u00f6wen Apotheke24","article_modified_time":"2025-02-24T18:53:07+00:00","og_image":[{"width":600,"height":600,"url":"https:\/\/www.loewen-apotheke24.com\/wp-content\/uploads\/2022\/12\/fluorecare-schnelltest-SARS-CoV-2-Influenza-A-B-RSV-Antigen-Kombi-Test-Loewen-Apptheke.jpg","type":"image\/jpeg"}],"twitter_card":"summary_large_image","twitter_misc":{"Gesch\u00e4tzte Lesezeit":"2\u00a0Minuten"},"schema":{"@context":"https:\/\/schema.org","@graph":[{"@type":"WebPage","@id":"https:\/\/www.loewen-apotheke24.com\/de\/shop\/marke\/fluorecare-schnelltest-4in1-sars-cov-2-influenza-ab-rsv-antigene\/","url":"https:\/\/www.loewen-apotheke24.com\/de\/shop\/marke\/fluorecare-schnelltest-4in1-sars-cov-2-influenza-ab-rsv-antigene\/","name":"fluorecare Schnelltest 4in1 SARS-Cov-2, Influenza\u00a0A\/B, RSV","isPartOf":{"@id":"https:\/\/www.loewen-apotheke24.com\/de\/#website"},"datePublished":"2022-12-20T14:02:56+00:00","dateModified":"2025-02-24T18:53:07+00:00","description":"L\u00f6wen Apotheke24 - Spezialist f\u00fcr Naturheilkunde - kurze Lieferzeit - fluorecare Schnelltest 4in1 SARS-Cov-2, Influenza\u00a0A\/B, RSV - Selbsttest","breadcrumb":{"@id":"https:\/\/www.loewen-apotheke24.com\/de\/shop\/marke\/fluorecare-schnelltest-4in1-sars-cov-2-influenza-ab-rsv-antigene\/#breadcrumb"},"inLanguage":"de","potentialAction":[{"@type":"ReadAction","target":["https:\/\/www.loewen-apotheke24.com\/de\/shop\/marke\/fluorecare-schnelltest-4in1-sars-cov-2-influenza-ab-rsv-antigene\/"]}]},{"@type":"BreadcrumbList","@id":"https:\/\/www.loewen-apotheke24.com\/de\/shop\/marke\/fluorecare-schnelltest-4in1-sars-cov-2-influenza-ab-rsv-antigene\/#breadcrumb","itemListElement":[{"@type":"ListItem","position":1,"name":"Shop","item":"https:\/\/www.loewen-apotheke24.com\/de\/shop\/"},{"@type":"ListItem","position":2,"name":"fluorecare Schnelltest 4in1 SARS-Cov-2, Influenza\u00a0A\/B, RSV"}]},{"@type":"WebSite","@id":"https:\/\/www.loewen-apotheke24.com\/de\/#website","url":"https:\/\/www.loewen-apotheke24.com\/de\/","name":"L\u00f6wen Apotheke24","description":"Spezialist f\u00fcr Naturmedizin - Versandapotheke Baden-Baden","publisher":{"@id":"https:\/\/www.loewen-apotheke24.com\/de\/#organization"},"potentialAction":[{"@type":"SearchAction","target":{"@type":"EntryPoint","urlTemplate":"https:\/\/www.loewen-apotheke24.com\/de\/?s={search_term_string}"},"query-input":"required name=search_term_string"}],"inLanguage":"de"},{"@type":"Organization","@id":"https:\/\/www.loewen-apotheke24.com\/de\/#organization","name":"L\u00f6wen Apotheke","alternateName":"L\u00f6wen Apotheke","url":"https:\/\/www.loewen-apotheke24.com\/de\/","logo":{"@type":"ImageObject","inLanguage":"de","@id":"https:\/\/www.loewen-apotheke24.com\/de\/#\/schema\/logo\/image\/","url":"https:\/\/www.loewen-apotheke24.com\/wp-content\/uploads\/2024\/02\/Logo-Loewen-Apotheke-700x700-1.png","contentUrl":"https:\/\/www.loewen-apotheke24.com\/wp-content\/uploads\/2024\/02\/Logo-Loewen-Apotheke-700x700-1.png","width":700,"height":700,"caption":"L\u00f6wen Apotheke"},"image":{"@id":"https:\/\/www.loewen-apotheke24.com\/de\/#\/schema\/logo\/image\/"}}]}},"_links":{"self":[{"href":"https:\/\/www.loewen-apotheke24.com\/de\/wp-json\/wp\/v2\/product\/56940"}],"collection":[{"href":"https:\/\/www.loewen-apotheke24.com\/de\/wp-json\/wp\/v2\/product"}],"about":[{"href":"https:\/\/www.loewen-apotheke24.com\/de\/wp-json\/wp\/v2\/types\/product"}],"wp:featuredmedia":[{"embeddable":true,"href":"https:\/\/www.loewen-apotheke24.com\/de\/wp-json\/wp\/v2\/media\/56942"}],"wp:attachment":[{"href":"https:\/\/www.loewen-apotheke24.com\/de\/wp-json\/wp\/v2\/media?parent=56940"}],"wp:term":[{"taxonomy":"product_cat","embeddable":true,"href":"https:\/\/www.loewen-apotheke24.com\/de\/wp-json\/wp\/v2\/product_cat?post=56940"},{"taxonomy":"product_tag","embeddable":true,"href":"https:\/\/www.loewen-apotheke24.com\/de\/wp-json\/wp\/v2\/product_tag?post=56940"}],"curies":[{"name":"wp","href":"https:\/\/api.w.org\/{rel}","templated":true}]}}