{"id":56967,"date":"2022-12-20T21:14:12","date_gmt":"2022-12-20T20:14:12","guid":{"rendered":"https:\/\/www.loewen-apotheke24.com\/?post_type=product&#038;p=56967"},"modified":"2025-09-15T15:11:03","modified_gmt":"2025-09-15T14:11:03","slug":"mucosolvan-kindersaft-30-mg-5-ml-100ml-02807988","status":"publish","type":"product","link":"https:\/\/www.loewen-apotheke24.com\/de\/shop\/angebot\/mucosolvan-kindersaft-30-mg-5-ml-100ml-02807988\/","title":{"rendered":"Mucosolvan Kindersaft 30mg &#8211; 100ml"},"content":{"rendered":"<h3 style=\"text-align: left;\">Mucosolvan Kindersaft 30mg<\/h3>\n<p>Mucosolvan Kindersaft l\u00f6st den z\u00e4hen Hustenschleim transportiert schonend den gel\u00f6sten Schleim ab und sch\u00fctzt die Bronchien vor neuem Hustenschleim. Der Kindersaft Mucosolvan mit leckerem Waldbeergeschmack ist auch f\u00fcr Diabetiker geeignet, da ohne Zucker ohne Alkohol und ohne Farbstoffe.<\/p>\n<ul style=\"list-style-type: square;\">\n<li>Befreit die Bronchien und erleichtert das Abhusten<\/li>\n<li>Mit leckerem Waldbeergeschmack<\/li>\n<li>Ohne Zucker Alkohol und Farbstoffe<\/li>\n<\/ul>\n<div>\n<p>Das Pr\u00e4parat ist ein Arzneimittel zur Schleiml\u00f6sung bei Atemwegserkrankungen mit z\u00e4hem Schleim. Es wird zur Schleim l\u00f6senden Behandlung bei akuten und chronischen Erkrankungen der Bronchien und der Lunge mit z\u00e4hem Schleim angewendet.<\/p>\n<p>Weitere Produktdetails zu <a href=\"https:\/\/www.mucosolvan.de\/produkte\/mucosolvan\/\" target=\"_blank\" rel=\"noopener\">MUCOSOLVAN<\/a> Kindersaft finden Sie beim Hersteller: <a href=\"https:\/\/www.mucosolvan.de\/produkte\/mucosolvan\/\" target=\"_blank\" rel=\"noopener\">MUCOSOLVAN<\/a><\/p>\n<p>Andere Kunden interessierten sich auch f\u00fcr Produkte zum Thema: <a href=\"https:\/\/www.loewen-apotheke24.com\/de\/product_tag\/fieber\/\">Fieber &amp; Schmerzen<\/a> |\u00a0 <a href=\"https:\/\/www.loewen-apotheke24.com\/de\/product_tag\/reiseapotheke\/\">Reiseapotheke\u00a0<\/a><\/p>\n<p>Informationen auf dieser Website werden ausschlie\u00dflich f\u00fcr informative Zwecke zur Verf\u00fcgung gestellt. Sie ersetzen keinesfalls die Untersuchung und Behandlung durch einen Arzt. Bitte beachten Sie, dass hierdurch weder Diagnosen gestellt noch Therapien eingeleitet werden k\u00f6nnen. <a href=\"https:\/\/www.mucosolvan.de\/storage\/app\/media\/pdf\/mucosolvan_kindersaft_30_mg_5.pdf\" target=\"_blank\" rel=\"noopener\">Beipackzettel<\/a><\/p>\n<p>DE: Bestelle in anderen Sprachen <a href=\"https:\/\/lions-pharmacy.com\/fr\/boutique\">FR<\/a> | <a href=\"https:\/\/lions-pharmacy.com\/es\/tienda\">ES<\/a> | <a href=\"https:\/\/lions-pharmacy.com\/it\/negozio\">IT<\/a> auf Lions-Pharmacy.com.<br \/>\nFR: Commande dans d&#8217;autres langues <a href=\"https:\/\/lions-pharmacy.com\/fr\/boutique\">FR<\/a> | <a href=\"https:\/\/lions-pharmacy.com\/es\/tienda\">ES<\/a> | <a href=\"https:\/\/lions-pharmacy.com\/it\/negozio\">IT<\/a> sur Lions-Pharmacy.com.<br \/>\nES: Pedido en otros idiomas <a href=\"https:\/\/lions-pharmacy.com\/fr\/boutique\">FR<\/a> | <a href=\"https:\/\/lions-pharmacy.com\/es\/tienda\">ES<\/a> | <a href=\"https:\/\/lions-pharmacy.com\/it\/negozio\">IT<\/a>en Lions-Pharmacy.com.<br \/>\nIT: Ordina in altre lingue <a href=\"https:\/\/lions-pharmacy.com\/fr\/boutique\">FR<\/a> | <a href=\"https:\/\/lions-pharmacy.com\/es\/tienda\">ES<\/a> | <a href=\"https:\/\/lions-pharmacy.com\/it\/negozio\">IT<\/a> su Lions-Pharmacy.com.<\/p>\n<p>Zu Risiken und Nebenwirkungen lesen Sie die Packungsbeilage und fragen Sie Ihren Arzt oder Apotheker.<\/p>\n<\/div>\n","protected":false},"excerpt":{"rendered":"<h2 style=\"text-align: left;\">Mucosolvan Kindersaft 30mg &#8211; 100ml<\/h2>\n<p>Mucosolvan Kundersaft l\u00f6st den z\u00e4hen Hustenschleim transportiert schonend den gel\u00f6sten Schleim ab und sch\u00fctzt die Bronchien vor neuem Hustenschleim. 30 mg\/5 ml.<\/p>\n<p><strong>PZN<\/strong>: 02807988 (Pharmazentralnummer)<\/p>\n<p><strong>Darreichungsform<\/strong>: Saft<\/p>\n<p><strong>Verordnungsart<\/strong>: Rezeptfrei<\/p>\n<p><strong>Hersteller<\/strong>: A. Nattermann &amp; Cie GmbH<\/p>\n<p><strong>Packungsgr\u00f6\u00dfe<\/strong>: 100ml<\/p>\n","protected":false},"featured_media":103808,"template":"","meta":[],"product_cat":[13,43],"product_tag":[270,470,456],"yoast_head":"<!-- This site is optimized with the Yoast SEO Premium plugin v21.0 (Yoast SEO v21.0) - https:\/\/yoast.com\/wordpress\/plugins\/seo\/ -->\n<title>Mucosolvan Kindersaft 30mg - 100ml bestellen - L\u00f6wen Apotheke24<\/title>\n<meta name=\"description\" content=\"L\u00f6wen Apotheke24 - Spezialist f\u00fcr Naturheilkunde - kurze Lieferzeit - gratis Lieferung ab 30 \u20ac - Medice: Mucosolvan Kindersaft 30mg - 100ml\" \/>\n<meta name=\"robots\" content=\"index, follow, max-snippet:-1, max-image-preview:large, max-video-preview:-1\" \/>\n<link rel=\"canonical\" href=\"https:\/\/www.loewen-apotheke24.com\/de\/shop\/angebot\/mucosolvan-kindersaft-30-mg-5-ml-100ml-02807988\/\" \/>\n<meta property=\"og:locale\" content=\"de_DE\" \/>\n<meta property=\"og:type\" content=\"article\" \/>\n<meta property=\"og:title\" content=\"Mucosolvan Kindersaft 30mg - 100ml bestellen - L\u00f6wen Apotheke24\" \/>\n<meta property=\"og:description\" content=\"L\u00f6wen Apotheke24 - Spezialist f\u00fcr Naturheilkunde - kurze Lieferzeit - gratis Lieferung ab 30 \u20ac - Medice: Mucosolvan Kindersaft 30mg - 100ml\" \/>\n<meta property=\"og:url\" content=\"https:\/\/www.loewen-apotheke24.com\/de\/shop\/angebot\/mucosolvan-kindersaft-30-mg-5-ml-100ml-02807988\/\" \/>\n<meta property=\"og:site_name\" content=\"L\u00f6wen Apotheke24\" \/>\n<meta property=\"article:modified_time\" content=\"2025-09-15T14:11:03+00:00\" \/>\n<meta property=\"og:image\" content=\"https:\/\/www.loewen-apotheke24.com\/wp-content\/uploads\/2022\/12\/MUCOSOLVAN-Kindersaft-30-mg-5-ml-100ml-02807988.webp\" \/>\n\t<meta property=\"og:image:width\" content=\"600\" \/>\n\t<meta property=\"og:image:height\" content=\"600\" \/>\n\t<meta property=\"og:image:type\" content=\"image\/webp\" \/>\n<meta name=\"twitter:card\" content=\"summary_large_image\" \/>\n<meta name=\"twitter:label1\" content=\"Gesch\u00e4tzte Lesezeit\" \/>\n\t<meta name=\"twitter:data1\" content=\"2\u00a0Minuten\" \/>\n<script type=\"application\/ld+json\" class=\"yoast-schema-graph\">{\"@context\":\"https:\/\/schema.org\",\"@graph\":[{\"@type\":\"WebPage\",\"@id\":\"https:\/\/www.loewen-apotheke24.com\/de\/shop\/angebot\/mucosolvan-kindersaft-30-mg-5-ml-100ml-02807988\/\",\"url\":\"https:\/\/www.loewen-apotheke24.com\/de\/shop\/angebot\/mucosolvan-kindersaft-30-mg-5-ml-100ml-02807988\/\",\"name\":\"Mucosolvan Kindersaft 30mg - 100ml bestellen - L\u00f6wen Apotheke24\",\"isPartOf\":{\"@id\":\"https:\/\/www.loewen-apotheke24.com\/de\/#website\"},\"datePublished\":\"2022-12-20T20:14:12+00:00\",\"dateModified\":\"2025-09-15T14:11:03+00:00\",\"description\":\"L\u00f6wen Apotheke24 - Spezialist f\u00fcr Naturheilkunde - kurze Lieferzeit - gratis Lieferung ab 30 \u20ac - Medice: Mucosolvan Kindersaft 30mg - 100ml\",\"breadcrumb\":{\"@id\":\"https:\/\/www.loewen-apotheke24.com\/de\/shop\/angebot\/mucosolvan-kindersaft-30-mg-5-ml-100ml-02807988\/#breadcrumb\"},\"inLanguage\":\"de\",\"potentialAction\":[{\"@type\":\"ReadAction\",\"target\":[\"https:\/\/www.loewen-apotheke24.com\/de\/shop\/angebot\/mucosolvan-kindersaft-30-mg-5-ml-100ml-02807988\/\"]}]},{\"@type\":\"BreadcrumbList\",\"@id\":\"https:\/\/www.loewen-apotheke24.com\/de\/shop\/angebot\/mucosolvan-kindersaft-30-mg-5-ml-100ml-02807988\/#breadcrumb\",\"itemListElement\":[{\"@type\":\"ListItem\",\"position\":1,\"name\":\"Shop\",\"item\":\"https:\/\/www.loewen-apotheke24.com\/de\/shop\/\"},{\"@type\":\"ListItem\",\"position\":2,\"name\":\"Mucosolvan Kindersaft 30mg &#8211; 100ml\"}]},{\"@type\":\"WebSite\",\"@id\":\"https:\/\/www.loewen-apotheke24.com\/de\/#website\",\"url\":\"https:\/\/www.loewen-apotheke24.com\/de\/\",\"name\":\"L\u00f6wen Apotheke24\",\"description\":\"Spezialist f\u00fcr Naturmedizin - Versandapotheke Baden-Baden\",\"publisher\":{\"@id\":\"https:\/\/www.loewen-apotheke24.com\/de\/#organization\"},\"potentialAction\":[{\"@type\":\"SearchAction\",\"target\":{\"@type\":\"EntryPoint\",\"urlTemplate\":\"https:\/\/www.loewen-apotheke24.com\/de\/?s={search_term_string}\"},\"query-input\":\"required name=search_term_string\"}],\"inLanguage\":\"de\"},{\"@type\":\"Organization\",\"@id\":\"https:\/\/www.loewen-apotheke24.com\/de\/#organization\",\"name\":\"L\u00f6wen Apotheke\",\"alternateName\":\"L\u00f6wen Apotheke\",\"url\":\"https:\/\/www.loewen-apotheke24.com\/de\/\",\"logo\":{\"@type\":\"ImageObject\",\"inLanguage\":\"de\",\"@id\":\"https:\/\/www.loewen-apotheke24.com\/de\/#\/schema\/logo\/image\/\",\"url\":\"https:\/\/www.loewen-apotheke24.com\/wp-content\/uploads\/2024\/02\/Logo-Loewen-Apotheke-700x700-1.png\",\"contentUrl\":\"https:\/\/www.loewen-apotheke24.com\/wp-content\/uploads\/2024\/02\/Logo-Loewen-Apotheke-700x700-1.png\",\"width\":700,\"height\":700,\"caption\":\"L\u00f6wen Apotheke\"},\"image\":{\"@id\":\"https:\/\/www.loewen-apotheke24.com\/de\/#\/schema\/logo\/image\/\"}}]}<\/script>\n<!-- \/ Yoast SEO Premium plugin. -->","yoast_head_json":{"title":"Mucosolvan Kindersaft 30mg - 100ml bestellen - L\u00f6wen Apotheke24","description":"L\u00f6wen Apotheke24 - Spezialist f\u00fcr Naturheilkunde - kurze Lieferzeit - gratis Lieferung ab 30 \u20ac - Medice: Mucosolvan Kindersaft 30mg - 100ml","robots":{"index":"index","follow":"follow","max-snippet":"max-snippet:-1","max-image-preview":"max-image-preview:large","max-video-preview":"max-video-preview:-1"},"canonical":"https:\/\/www.loewen-apotheke24.com\/de\/shop\/angebot\/mucosolvan-kindersaft-30-mg-5-ml-100ml-02807988\/","og_locale":"de_DE","og_type":"article","og_title":"Mucosolvan Kindersaft 30mg - 100ml bestellen - L\u00f6wen Apotheke24","og_description":"L\u00f6wen Apotheke24 - Spezialist f\u00fcr Naturheilkunde - kurze Lieferzeit - gratis Lieferung ab 30 \u20ac - Medice: Mucosolvan Kindersaft 30mg - 100ml","og_url":"https:\/\/www.loewen-apotheke24.com\/de\/shop\/angebot\/mucosolvan-kindersaft-30-mg-5-ml-100ml-02807988\/","og_site_name":"L\u00f6wen Apotheke24","article_modified_time":"2025-09-15T14:11:03+00:00","og_image":[{"width":600,"height":600,"url":"https:\/\/www.loewen-apotheke24.com\/wp-content\/uploads\/2022\/12\/MUCOSOLVAN-Kindersaft-30-mg-5-ml-100ml-02807988.webp","type":"image\/webp"}],"twitter_card":"summary_large_image","twitter_misc":{"Gesch\u00e4tzte Lesezeit":"2\u00a0Minuten"},"schema":{"@context":"https:\/\/schema.org","@graph":[{"@type":"WebPage","@id":"https:\/\/www.loewen-apotheke24.com\/de\/shop\/angebot\/mucosolvan-kindersaft-30-mg-5-ml-100ml-02807988\/","url":"https:\/\/www.loewen-apotheke24.com\/de\/shop\/angebot\/mucosolvan-kindersaft-30-mg-5-ml-100ml-02807988\/","name":"Mucosolvan Kindersaft 30mg - 100ml bestellen - L\u00f6wen Apotheke24","isPartOf":{"@id":"https:\/\/www.loewen-apotheke24.com\/de\/#website"},"datePublished":"2022-12-20T20:14:12+00:00","dateModified":"2025-09-15T14:11:03+00:00","description":"L\u00f6wen Apotheke24 - Spezialist f\u00fcr Naturheilkunde - kurze Lieferzeit - gratis Lieferung ab 30 \u20ac - Medice: Mucosolvan Kindersaft 30mg - 100ml","breadcrumb":{"@id":"https:\/\/www.loewen-apotheke24.com\/de\/shop\/angebot\/mucosolvan-kindersaft-30-mg-5-ml-100ml-02807988\/#breadcrumb"},"inLanguage":"de","potentialAction":[{"@type":"ReadAction","target":["https:\/\/www.loewen-apotheke24.com\/de\/shop\/angebot\/mucosolvan-kindersaft-30-mg-5-ml-100ml-02807988\/"]}]},{"@type":"BreadcrumbList","@id":"https:\/\/www.loewen-apotheke24.com\/de\/shop\/angebot\/mucosolvan-kindersaft-30-mg-5-ml-100ml-02807988\/#breadcrumb","itemListElement":[{"@type":"ListItem","position":1,"name":"Shop","item":"https:\/\/www.loewen-apotheke24.com\/de\/shop\/"},{"@type":"ListItem","position":2,"name":"Mucosolvan Kindersaft 30mg &#8211; 100ml"}]},{"@type":"WebSite","@id":"https:\/\/www.loewen-apotheke24.com\/de\/#website","url":"https:\/\/www.loewen-apotheke24.com\/de\/","name":"L\u00f6wen Apotheke24","description":"Spezialist f\u00fcr Naturmedizin - Versandapotheke Baden-Baden","publisher":{"@id":"https:\/\/www.loewen-apotheke24.com\/de\/#organization"},"potentialAction":[{"@type":"SearchAction","target":{"@type":"EntryPoint","urlTemplate":"https:\/\/www.loewen-apotheke24.com\/de\/?s={search_term_string}"},"query-input":"required name=search_term_string"}],"inLanguage":"de"},{"@type":"Organization","@id":"https:\/\/www.loewen-apotheke24.com\/de\/#organization","name":"L\u00f6wen Apotheke","alternateName":"L\u00f6wen Apotheke","url":"https:\/\/www.loewen-apotheke24.com\/de\/","logo":{"@type":"ImageObject","inLanguage":"de","@id":"https:\/\/www.loewen-apotheke24.com\/de\/#\/schema\/logo\/image\/","url":"https:\/\/www.loewen-apotheke24.com\/wp-content\/uploads\/2024\/02\/Logo-Loewen-Apotheke-700x700-1.png","contentUrl":"https:\/\/www.loewen-apotheke24.com\/wp-content\/uploads\/2024\/02\/Logo-Loewen-Apotheke-700x700-1.png","width":700,"height":700,"caption":"L\u00f6wen Apotheke"},"image":{"@id":"https:\/\/www.loewen-apotheke24.com\/de\/#\/schema\/logo\/image\/"}}]}},"_links":{"self":[{"href":"https:\/\/www.loewen-apotheke24.com\/de\/wp-json\/wp\/v2\/product\/56967"}],"collection":[{"href":"https:\/\/www.loewen-apotheke24.com\/de\/wp-json\/wp\/v2\/product"}],"about":[{"href":"https:\/\/www.loewen-apotheke24.com\/de\/wp-json\/wp\/v2\/types\/product"}],"wp:featuredmedia":[{"embeddable":true,"href":"https:\/\/www.loewen-apotheke24.com\/de\/wp-json\/wp\/v2\/media\/103808"}],"wp:attachment":[{"href":"https:\/\/www.loewen-apotheke24.com\/de\/wp-json\/wp\/v2\/media?parent=56967"}],"wp:term":[{"taxonomy":"product_cat","embeddable":true,"href":"https:\/\/www.loewen-apotheke24.com\/de\/wp-json\/wp\/v2\/product_cat?post=56967"},{"taxonomy":"product_tag","embeddable":true,"href":"https:\/\/www.loewen-apotheke24.com\/de\/wp-json\/wp\/v2\/product_tag?post=56967"}],"curies":[{"name":"wp","href":"https:\/\/api.w.org\/{rel}","templated":true}]}}