{"id":56980,"date":"2022-12-21T06:05:47","date_gmt":"2022-12-21T05:05:47","guid":{"rendered":"https:\/\/www.loewen-apotheke24.com\/?post_type=product&#038;p=56980"},"modified":"2025-01-10T16:30:22","modified_gmt":"2025-01-10T15:30:22","slug":"orthomol-hair-intense-60-16563662","status":"publish","type":"product","link":"https:\/\/www.loewen-apotheke24.com\/de\/shop\/angebot\/orthomol-hair-intense-60-16563662\/","title":{"rendered":"Orthomol Hair Intense 60 St."},"content":{"rendered":"<h3 style=\"text-align: left;\">Orthomol Hair Intense<\/h3>\n<p>Orthomol Hair Intense ist ein Nahrungserg\u00e4nzungsmittel. Mit Selen, Biotin und Zink als Beitrag zum Erhalt normaler Haare und weiteren Mikron\u00e4hrstoffen.<\/p>\n<p>Produkte der Firma Orthomol: Wegbereiter der orthomolekularen Ern\u00e4hrungsmedizin in Deutschland. Das Unternehmen entwickelt und vertreibt seit \u00fcber 30 Jahren ausgewogen dosierte und f\u00fcr verschiedene Anwendungsgebiete zusammengesetzte Mikron\u00e4hrstoffkombinationen. Das sind Mikron\u00e4hrstoff-Kombinationen auf Basis der orthomolekularen Medizin.<\/p>\n<p>Weitere Produktdetails zu Orthomol Hair Intense finden Sie beim Hersteller: <a href=\"https:\/\/www.orthomol.com\/de-de\/produkte\/schoenheit\/orthomol-hair-intense\" target=\"_blank\" rel=\"noopener\">orthomol<\/a><\/p>\n<p>Die Apothekerin empfiehlt ihren Kunden bei viraler Infektion:\u00a0<a href=\"https:\/\/www.loewen-apotheke24.com\/de\/shop\/labo-life\/labo-life-2l-eid-kapseln-30-st\/\">Labo Life 2L EID<\/a> | Omni-Biotic<\/p>\n<p>Andere Kunden interessierten sich auch f\u00fcr Produkte zum Thema: <a href=\"https:\/\/www.loewen-apotheke24.com\/de\/product_tag\/corona\/\">Haarausfall | Immunsystem St\u00e4rkung nach Corona\u00a0<\/a><\/p>\n<p>Informationen auf dieser Website werden ausschlie\u00dflich f\u00fcr informative Zwecke zur Verf\u00fcgung gestellt. Sie ersetzen keinesfalls die Untersuchung und Behandlung durch einen Arzt. Bitte beachten Sie, dass hierdurch weder Diagnosen gestellt noch Therapien eingeleitet werden k\u00f6nnen. Nahrungserg\u00e4nzungsmittel. Die empfohlene Verzehrmenge pro Tag darf nicht \u00fcberschritten werden.<\/p>\n<p>DE: Bestelle in anderen Sprachen <a href=\"https:\/\/lions-pharmacy.com\/fr\/boutique\">FR<\/a> | <a href=\"https:\/\/lions-pharmacy.com\/es\/tienda\">ES<\/a> | <a href=\"https:\/\/lions-pharmacy.com\/it\/negozio\">IT<\/a> auf Lions-Pharmacy.com.<br \/>\nFR: Commande dans d&#8217;autres langues <a href=\"https:\/\/lions-pharmacy.com\/fr\/boutique\">FR<\/a> | <a href=\"https:\/\/lions-pharmacy.com\/es\/tienda\">ES<\/a> | <a href=\"https:\/\/lions-pharmacy.com\/it\/negozio\">IT<\/a> sur Lions-Pharmacy.com.<br \/>\nES: Pedido en otros idiomas <a href=\"https:\/\/lions-pharmacy.com\/fr\/boutique\">FR<\/a> | <a href=\"https:\/\/lions-pharmacy.com\/es\/tienda\">ES<\/a> | <a href=\"https:\/\/lions-pharmacy.com\/it\/negozio\">IT<\/a>en Lions-Pharmacy.com.<br \/>\nIT: Ordina in altre lingue <a href=\"https:\/\/lions-pharmacy.com\/fr\/boutique\">FR<\/a> | <a href=\"https:\/\/lions-pharmacy.com\/es\/tienda\">ES<\/a> | <a href=\"https:\/\/lions-pharmacy.com\/it\/negozio\">IT<\/a> su Lions-Pharmacy.com.<\/p>\n<p>Zu Risiken und Nebenwirkungen lesen Sie die Packungsbeilage und fragen Sie Ihren Arzt oder Apotheker.<\/p>\n","protected":false},"excerpt":{"rendered":"<h2>Orthomol Hair Intense 60 St.<\/h2>\n<p>Orthomol Hair Intense ist ein Nahrungserg\u00e4nzungsmittel. Mit Selen, Biotin und Zink als Beitrag zum Erhalt normaler Haare und weiteren Mikron\u00e4hrstoffen.<\/p>\n<p><strong>PZN<\/strong>: 16563662 (Pharmazentralnummer)<\/p>\n<p><strong>Darreichungsform<\/strong>: Kapseln<\/p>\n<p><strong>Verordnungsart<\/strong>: Rezeptfrei<\/p>\n<p><strong>Marke<\/strong>: orthomol<\/p>\n<p><strong>Hersteller<\/strong>: Orthomol pharmazeutische Vertriebs GmbH, Langenfeld.<\/p>\n<p><strong>Packungsgr\u00f6\u00dfe<\/strong>: 60 St.<\/p>\n","protected":false},"featured_media":103602,"template":"","meta":[],"product_cat":[13,351],"product_tag":[402,433,354,469],"yoast_head":"<!-- This site is optimized with the Yoast SEO Premium plugin v21.0 (Yoast SEO v21.0) - https:\/\/yoast.com\/wordpress\/plugins\/seo\/ -->\n<title>Orthomol Hair Intense kaufen - L\u00f6wen Apotheke24<\/title>\n<meta name=\"description\" content=\"L\u00f6wen Apotheke24 - Spezialist f\u00fcr Naturheilkunde - kurze Lieferzeit - gratis Lieferung ab 30 \u20ac - ORTHOMOL Hair intense 30 Kapseln\" \/>\n<meta name=\"robots\" content=\"index, follow, max-snippet:-1, max-image-preview:large, max-video-preview:-1\" \/>\n<link rel=\"canonical\" href=\"https:\/\/www.loewen-apotheke24.com\/de\/shop\/angebot\/orthomol-hair-intense-60-16563662\/\" \/>\n<meta property=\"og:locale\" content=\"de_DE\" \/>\n<meta property=\"og:type\" content=\"article\" \/>\n<meta property=\"og:title\" content=\"Orthomol Hair Intense kaufen - L\u00f6wen Apotheke24\" \/>\n<meta property=\"og:description\" content=\"L\u00f6wen Apotheke24 - Spezialist f\u00fcr Naturheilkunde - kurze Lieferzeit - gratis Lieferung ab 30 \u20ac - ORTHOMOL Hair intense 30 Kapseln\" \/>\n<meta property=\"og:url\" content=\"https:\/\/www.loewen-apotheke24.com\/de\/shop\/angebot\/orthomol-hair-intense-60-16563662\/\" \/>\n<meta property=\"og:site_name\" content=\"L\u00f6wen Apotheke24\" \/>\n<meta property=\"article:modified_time\" content=\"2025-01-10T15:30:22+00:00\" \/>\n<meta property=\"og:image\" content=\"https:\/\/www.loewen-apotheke24.com\/wp-content\/uploads\/2022\/12\/Orthomol-Hair-Intense-16866061-Loewen-Apotheke.webp\" \/>\n\t<meta property=\"og:image:width\" content=\"600\" \/>\n\t<meta property=\"og:image:height\" content=\"600\" \/>\n\t<meta property=\"og:image:type\" content=\"image\/webp\" \/>\n<meta name=\"twitter:card\" content=\"summary_large_image\" \/>\n<meta name=\"twitter:label1\" content=\"Gesch\u00e4tzte Lesezeit\" \/>\n\t<meta name=\"twitter:data1\" content=\"2\u00a0Minuten\" \/>\n<script type=\"application\/ld+json\" class=\"yoast-schema-graph\">{\"@context\":\"https:\/\/schema.org\",\"@graph\":[{\"@type\":\"WebPage\",\"@id\":\"https:\/\/www.loewen-apotheke24.com\/de\/shop\/angebot\/orthomol-hair-intense-60-16563662\/\",\"url\":\"https:\/\/www.loewen-apotheke24.com\/de\/shop\/angebot\/orthomol-hair-intense-60-16563662\/\",\"name\":\"Orthomol Hair Intense kaufen - L\u00f6wen Apotheke24\",\"isPartOf\":{\"@id\":\"https:\/\/www.loewen-apotheke24.com\/de\/#website\"},\"datePublished\":\"2022-12-21T05:05:47+00:00\",\"dateModified\":\"2025-01-10T15:30:22+00:00\",\"description\":\"L\u00f6wen Apotheke24 - Spezialist f\u00fcr Naturheilkunde - kurze Lieferzeit - gratis Lieferung ab 30 \u20ac - ORTHOMOL Hair intense 30 Kapseln\",\"breadcrumb\":{\"@id\":\"https:\/\/www.loewen-apotheke24.com\/de\/shop\/angebot\/orthomol-hair-intense-60-16563662\/#breadcrumb\"},\"inLanguage\":\"de\",\"potentialAction\":[{\"@type\":\"ReadAction\",\"target\":[\"https:\/\/www.loewen-apotheke24.com\/de\/shop\/angebot\/orthomol-hair-intense-60-16563662\/\"]}]},{\"@type\":\"BreadcrumbList\",\"@id\":\"https:\/\/www.loewen-apotheke24.com\/de\/shop\/angebot\/orthomol-hair-intense-60-16563662\/#breadcrumb\",\"itemListElement\":[{\"@type\":\"ListItem\",\"position\":1,\"name\":\"Shop\",\"item\":\"https:\/\/www.loewen-apotheke24.com\/de\/shop\/\"},{\"@type\":\"ListItem\",\"position\":2,\"name\":\"Orthomol Hair Intense 60 St.\"}]},{\"@type\":\"WebSite\",\"@id\":\"https:\/\/www.loewen-apotheke24.com\/de\/#website\",\"url\":\"https:\/\/www.loewen-apotheke24.com\/de\/\",\"name\":\"L\u00f6wen Apotheke24\",\"description\":\"Spezialist f\u00fcr Naturmedizin - Versandapotheke Baden-Baden\",\"publisher\":{\"@id\":\"https:\/\/www.loewen-apotheke24.com\/de\/#organization\"},\"potentialAction\":[{\"@type\":\"SearchAction\",\"target\":{\"@type\":\"EntryPoint\",\"urlTemplate\":\"https:\/\/www.loewen-apotheke24.com\/de\/?s={search_term_string}\"},\"query-input\":\"required name=search_term_string\"}],\"inLanguage\":\"de\"},{\"@type\":\"Organization\",\"@id\":\"https:\/\/www.loewen-apotheke24.com\/de\/#organization\",\"name\":\"L\u00f6wen Apotheke\",\"alternateName\":\"L\u00f6wen Apotheke\",\"url\":\"https:\/\/www.loewen-apotheke24.com\/de\/\",\"logo\":{\"@type\":\"ImageObject\",\"inLanguage\":\"de\",\"@id\":\"https:\/\/www.loewen-apotheke24.com\/de\/#\/schema\/logo\/image\/\",\"url\":\"https:\/\/www.loewen-apotheke24.com\/wp-content\/uploads\/2024\/02\/Logo-Loewen-Apotheke-700x700-1.png\",\"contentUrl\":\"https:\/\/www.loewen-apotheke24.com\/wp-content\/uploads\/2024\/02\/Logo-Loewen-Apotheke-700x700-1.png\",\"width\":700,\"height\":700,\"caption\":\"L\u00f6wen Apotheke\"},\"image\":{\"@id\":\"https:\/\/www.loewen-apotheke24.com\/de\/#\/schema\/logo\/image\/\"}}]}<\/script>\n<!-- \/ Yoast SEO Premium plugin. -->","yoast_head_json":{"title":"Orthomol Hair Intense kaufen - L\u00f6wen Apotheke24","description":"L\u00f6wen Apotheke24 - Spezialist f\u00fcr Naturheilkunde - kurze Lieferzeit - gratis Lieferung ab 30 \u20ac - ORTHOMOL Hair intense 30 Kapseln","robots":{"index":"index","follow":"follow","max-snippet":"max-snippet:-1","max-image-preview":"max-image-preview:large","max-video-preview":"max-video-preview:-1"},"canonical":"https:\/\/www.loewen-apotheke24.com\/de\/shop\/angebot\/orthomol-hair-intense-60-16563662\/","og_locale":"de_DE","og_type":"article","og_title":"Orthomol Hair Intense kaufen - L\u00f6wen Apotheke24","og_description":"L\u00f6wen Apotheke24 - Spezialist f\u00fcr Naturheilkunde - kurze Lieferzeit - gratis Lieferung ab 30 \u20ac - ORTHOMOL Hair intense 30 Kapseln","og_url":"https:\/\/www.loewen-apotheke24.com\/de\/shop\/angebot\/orthomol-hair-intense-60-16563662\/","og_site_name":"L\u00f6wen Apotheke24","article_modified_time":"2025-01-10T15:30:22+00:00","og_image":[{"width":600,"height":600,"url":"https:\/\/www.loewen-apotheke24.com\/wp-content\/uploads\/2022\/12\/Orthomol-Hair-Intense-16866061-Loewen-Apotheke.webp","type":"image\/webp"}],"twitter_card":"summary_large_image","twitter_misc":{"Gesch\u00e4tzte Lesezeit":"2\u00a0Minuten"},"schema":{"@context":"https:\/\/schema.org","@graph":[{"@type":"WebPage","@id":"https:\/\/www.loewen-apotheke24.com\/de\/shop\/angebot\/orthomol-hair-intense-60-16563662\/","url":"https:\/\/www.loewen-apotheke24.com\/de\/shop\/angebot\/orthomol-hair-intense-60-16563662\/","name":"Orthomol Hair Intense kaufen - L\u00f6wen Apotheke24","isPartOf":{"@id":"https:\/\/www.loewen-apotheke24.com\/de\/#website"},"datePublished":"2022-12-21T05:05:47+00:00","dateModified":"2025-01-10T15:30:22+00:00","description":"L\u00f6wen Apotheke24 - Spezialist f\u00fcr Naturheilkunde - kurze Lieferzeit - gratis Lieferung ab 30 \u20ac - ORTHOMOL Hair intense 30 Kapseln","breadcrumb":{"@id":"https:\/\/www.loewen-apotheke24.com\/de\/shop\/angebot\/orthomol-hair-intense-60-16563662\/#breadcrumb"},"inLanguage":"de","potentialAction":[{"@type":"ReadAction","target":["https:\/\/www.loewen-apotheke24.com\/de\/shop\/angebot\/orthomol-hair-intense-60-16563662\/"]}]},{"@type":"BreadcrumbList","@id":"https:\/\/www.loewen-apotheke24.com\/de\/shop\/angebot\/orthomol-hair-intense-60-16563662\/#breadcrumb","itemListElement":[{"@type":"ListItem","position":1,"name":"Shop","item":"https:\/\/www.loewen-apotheke24.com\/de\/shop\/"},{"@type":"ListItem","position":2,"name":"Orthomol Hair Intense 60 St."}]},{"@type":"WebSite","@id":"https:\/\/www.loewen-apotheke24.com\/de\/#website","url":"https:\/\/www.loewen-apotheke24.com\/de\/","name":"L\u00f6wen Apotheke24","description":"Spezialist f\u00fcr Naturmedizin - Versandapotheke Baden-Baden","publisher":{"@id":"https:\/\/www.loewen-apotheke24.com\/de\/#organization"},"potentialAction":[{"@type":"SearchAction","target":{"@type":"EntryPoint","urlTemplate":"https:\/\/www.loewen-apotheke24.com\/de\/?s={search_term_string}"},"query-input":"required name=search_term_string"}],"inLanguage":"de"},{"@type":"Organization","@id":"https:\/\/www.loewen-apotheke24.com\/de\/#organization","name":"L\u00f6wen Apotheke","alternateName":"L\u00f6wen Apotheke","url":"https:\/\/www.loewen-apotheke24.com\/de\/","logo":{"@type":"ImageObject","inLanguage":"de","@id":"https:\/\/www.loewen-apotheke24.com\/de\/#\/schema\/logo\/image\/","url":"https:\/\/www.loewen-apotheke24.com\/wp-content\/uploads\/2024\/02\/Logo-Loewen-Apotheke-700x700-1.png","contentUrl":"https:\/\/www.loewen-apotheke24.com\/wp-content\/uploads\/2024\/02\/Logo-Loewen-Apotheke-700x700-1.png","width":700,"height":700,"caption":"L\u00f6wen Apotheke"},"image":{"@id":"https:\/\/www.loewen-apotheke24.com\/de\/#\/schema\/logo\/image\/"}}]}},"_links":{"self":[{"href":"https:\/\/www.loewen-apotheke24.com\/de\/wp-json\/wp\/v2\/product\/56980"}],"collection":[{"href":"https:\/\/www.loewen-apotheke24.com\/de\/wp-json\/wp\/v2\/product"}],"about":[{"href":"https:\/\/www.loewen-apotheke24.com\/de\/wp-json\/wp\/v2\/types\/product"}],"wp:featuredmedia":[{"embeddable":true,"href":"https:\/\/www.loewen-apotheke24.com\/de\/wp-json\/wp\/v2\/media\/103602"}],"wp:attachment":[{"href":"https:\/\/www.loewen-apotheke24.com\/de\/wp-json\/wp\/v2\/media?parent=56980"}],"wp:term":[{"taxonomy":"product_cat","embeddable":true,"href":"https:\/\/www.loewen-apotheke24.com\/de\/wp-json\/wp\/v2\/product_cat?post=56980"},{"taxonomy":"product_tag","embeddable":true,"href":"https:\/\/www.loewen-apotheke24.com\/de\/wp-json\/wp\/v2\/product_tag?post=56980"}],"curies":[{"name":"wp","href":"https:\/\/api.w.org\/{rel}","templated":true}]}}