{"id":56984,"date":"2022-12-21T06:49:36","date_gmt":"2022-12-21T05:49:36","guid":{"rendered":"https:\/\/www.loewen-apotheke24.com\/?post_type=product&#038;p=56984"},"modified":"2025-09-15T15:17:17","modified_gmt":"2025-09-15T14:17:17","slug":"omni-biotic-pro-vi-5-30x-2g-16907334","status":"publish","type":"product","link":"https:\/\/www.loewen-apotheke24.com\/de\/shop\/angebot\/omni-biotic-pro-vi-5-30x-2g-16907334\/","title":{"rendered":"OMNI BiOTiC Pro-Vi 5 (30x 2g)"},"content":{"rendered":"<h3 style=\"text-align: left;\">OMNI BiOTiC Pro-Vi 5<\/h3>\n<p>Eine Anwendung von OMNi-BiOTiC Pro-Vi 5 kann die Abwehrkr\u00e4fte des K\u00f6rpers verbessern, kann bei Vitamin- und N\u00e4hrstoffdefiziten unterst\u00fctzen. Nahrungserg\u00e4nzungsmittel mit hochaktiven Darmsymbionten und Vitamin D zur Unterst\u00fctzung der Abwehrkr\u00e4fte des K\u00f6rpers.<\/p>\n<p>Unser Immunsystem und der Darm als seine Zentrale sind t\u00e4glich mit Herausforderungen durch krankmachende Keime, wie Viren und andere Erreger, ung\u00fcnstige Ern\u00e4hrung und daraus resultierende Vitamin- und N\u00e4hrstoffdefizite konfrontiert. Dies kann sich sowohl auf die Bakterienbesiedlung im Darm als auch auf unsere Abwehrkraft negativ auswirken.<\/p>\n<p>Weitere Produktdetails finden Sie beim Hersteller Allergosan unter: <a href=\"https:\/\/www.allergosan.com\/de\/unsere-produkte\/omni-biotic\/\" target=\"_blank\" rel=\"noopener\">Omni-Biotic<\/a><br \/>\nAlternativer Produktname: Omnibiotic Pro-Vi 5<\/p>\n<p>Andere Kunden interessierten sich auch f\u00fcr Produkte zum Thema: <a href=\"https:\/\/www.loewen-apotheke24.com\/de\/product_tag\/corona\/\">Haarausfall |Immunsystem St\u00e4rkung nach Corona\u00a0<\/a> |\u00a0 <a href=\"https:\/\/www.loewen-apotheke24.com\/de\/product_tag\/vitamin\/\">Vitamine<\/a>\u00a0 |\u00a0\u00a0<a href=\"https:\/\/www.loewen-apotheke24.com\/de\/product_tag\/reiseapotheke\/\">Reiseapotheke<\/a><\/p>\n<p>Die Apothekerin empfiehlt ihren Kunden bei viraler Infektion:\u00a0<a href=\"https:\/\/www.loewen-apotheke24.com\/de\/shop\/labo-life\/labo-life-2l-eid-kapseln-30-st\/\">Labo Life 2L EID<\/a><\/p>\n<p>Informationen auf dieser Website werden ausschlie\u00dflich f\u00fcr informative Zwecke zur Verf\u00fcgung gestellt. Sie ersetzen keinesfalls die Untersuchung und Behandlung durch einen Arzt. Bitte beachten Sie, dass hierdurch weder Diagnosen gestellt noch Therapien eingeleitet werden k\u00f6nnen. Nahrungserg\u00e4nzungsmittel. Die empfohlene Verzehrmenge pro Tag darf nicht \u00fcberschritten werden.<\/p>\n<p>Zu Risiken und Nebenwirkungen lesen Sie die Packungsbeilage und fragen Sie Ihren Arzt oder Apotheker.<\/p>\n<h3>Rezept | E-Rezept vorhanden?<\/h3>\n<p>Reichen Sie jetzt Ihr E-Rezept ein. Nutzen Sie unsere\u00a0<a href=\"https:\/\/e-rezept-app.de\/shop-rezept\" target=\"_blank\" rel=\"noopener\">E-Rezept<\/a>\u00a0App. Und wir schenken Ihnen die Versandkosten in Deutschland!<\/p>\n","protected":false},"excerpt":{"rendered":"<h2>OMNI BiOTiC Pro-Vi 5 &#8211; 30x 2g<\/h2>\n<p>Nahrungserg\u00e4nzungsmittel mit hochaktiven Darmsymbionten und Vitamin D zur Unterst\u00fctzung der Abwehrkr\u00e4fte des K\u00f6rpers.<\/p>\n<p><strong>PZN<\/strong>: 16907334 (Pharmazentralnummer)<\/p>\n<p><strong>Darreichungsform<\/strong>: Pulver \/ Beutel<\/p>\n<p><strong>Verordnungsart<\/strong>: Rezeptfrei<\/p>\n<p><strong>Marke<\/strong>: OMNI BiOTiC<\/p>\n<p><strong>Hersteller<\/strong>: INSTITUT ALLERGOSAN Deutschland (privat) GmbH<\/p>\n<p><strong>Packungsgr\u00f6\u00dfe<\/strong>: 30 St.<\/p>\n","protected":false},"featured_media":103598,"template":"","meta":[],"product_cat":[13,43,970],"product_tag":[402,28,433,354,170,265,233,469],"yoast_head":"<!-- This site is optimized with the Yoast SEO Premium plugin v21.0 (Yoast SEO v21.0) - https:\/\/yoast.com\/wordpress\/plugins\/seo\/ -->\n<title>OMNI BiOTiC Pro-Vi 5 kaufen - L\u00f6wen Apotheke24<\/title>\n<meta name=\"description\" content=\"L\u00f6wen Apotheke24 - Spezialist f\u00fcr Naturheilkunde - kurze Lieferzeit - gratis Lieferung ab 30 \u20ac - OMNI BiOTiC Pro-Vi 5 - 30x 2g\" \/>\n<meta name=\"robots\" content=\"index, follow, max-snippet:-1, max-image-preview:large, max-video-preview:-1\" \/>\n<link rel=\"canonical\" href=\"https:\/\/www.loewen-apotheke24.com\/de\/shop\/angebot\/omni-biotic-pro-vi-5-30x-2g-16907334\/\" \/>\n<meta property=\"og:locale\" content=\"de_DE\" \/>\n<meta property=\"og:type\" content=\"article\" \/>\n<meta property=\"og:title\" content=\"OMNI BiOTiC Pro-Vi 5 kaufen - L\u00f6wen Apotheke24\" \/>\n<meta property=\"og:description\" content=\"L\u00f6wen Apotheke24 - Spezialist f\u00fcr Naturheilkunde - kurze Lieferzeit - gratis Lieferung ab 30 \u20ac - OMNI BiOTiC Pro-Vi 5 - 30x 2g\" \/>\n<meta property=\"og:url\" content=\"https:\/\/www.loewen-apotheke24.com\/de\/shop\/angebot\/omni-biotic-pro-vi-5-30x-2g-16907334\/\" \/>\n<meta property=\"og:site_name\" content=\"L\u00f6wen Apotheke24\" \/>\n<meta property=\"article:modified_time\" content=\"2025-09-15T14:17:17+00:00\" \/>\n<meta property=\"og:image\" content=\"https:\/\/www.loewen-apotheke24.com\/wp-content\/uploads\/2022\/12\/OMNI-Biotic-Pro-vi-5-Pulver-Beutel-30x-2g-16907334-1.webp\" \/>\n\t<meta property=\"og:image:width\" content=\"600\" \/>\n\t<meta property=\"og:image:height\" content=\"600\" \/>\n\t<meta property=\"og:image:type\" content=\"image\/webp\" \/>\n<meta name=\"twitter:card\" content=\"summary_large_image\" \/>\n<meta name=\"twitter:label1\" content=\"Gesch\u00e4tzte Lesezeit\" \/>\n\t<meta name=\"twitter:data1\" content=\"2\u00a0Minuten\" \/>\n<script type=\"application\/ld+json\" class=\"yoast-schema-graph\">{\"@context\":\"https:\/\/schema.org\",\"@graph\":[{\"@type\":\"WebPage\",\"@id\":\"https:\/\/www.loewen-apotheke24.com\/de\/shop\/angebot\/omni-biotic-pro-vi-5-30x-2g-16907334\/\",\"url\":\"https:\/\/www.loewen-apotheke24.com\/de\/shop\/angebot\/omni-biotic-pro-vi-5-30x-2g-16907334\/\",\"name\":\"OMNI BiOTiC Pro-Vi 5 kaufen - L\u00f6wen Apotheke24\",\"isPartOf\":{\"@id\":\"https:\/\/www.loewen-apotheke24.com\/de\/#website\"},\"datePublished\":\"2022-12-21T05:49:36+00:00\",\"dateModified\":\"2025-09-15T14:17:17+00:00\",\"description\":\"L\u00f6wen Apotheke24 - Spezialist f\u00fcr Naturheilkunde - kurze Lieferzeit - gratis Lieferung ab 30 \u20ac - OMNI BiOTiC Pro-Vi 5 - 30x 2g\",\"breadcrumb\":{\"@id\":\"https:\/\/www.loewen-apotheke24.com\/de\/shop\/angebot\/omni-biotic-pro-vi-5-30x-2g-16907334\/#breadcrumb\"},\"inLanguage\":\"de\",\"potentialAction\":[{\"@type\":\"ReadAction\",\"target\":[\"https:\/\/www.loewen-apotheke24.com\/de\/shop\/angebot\/omni-biotic-pro-vi-5-30x-2g-16907334\/\"]}]},{\"@type\":\"BreadcrumbList\",\"@id\":\"https:\/\/www.loewen-apotheke24.com\/de\/shop\/angebot\/omni-biotic-pro-vi-5-30x-2g-16907334\/#breadcrumb\",\"itemListElement\":[{\"@type\":\"ListItem\",\"position\":1,\"name\":\"Shop\",\"item\":\"https:\/\/www.loewen-apotheke24.com\/de\/shop\/\"},{\"@type\":\"ListItem\",\"position\":2,\"name\":\"OMNI BiOTiC Pro-Vi 5 (30x 2g)\"}]},{\"@type\":\"WebSite\",\"@id\":\"https:\/\/www.loewen-apotheke24.com\/de\/#website\",\"url\":\"https:\/\/www.loewen-apotheke24.com\/de\/\",\"name\":\"L\u00f6wen Apotheke24\",\"description\":\"Spezialist f\u00fcr Naturmedizin - Versandapotheke Baden-Baden\",\"publisher\":{\"@id\":\"https:\/\/www.loewen-apotheke24.com\/de\/#organization\"},\"potentialAction\":[{\"@type\":\"SearchAction\",\"target\":{\"@type\":\"EntryPoint\",\"urlTemplate\":\"https:\/\/www.loewen-apotheke24.com\/de\/?s={search_term_string}\"},\"query-input\":\"required name=search_term_string\"}],\"inLanguage\":\"de\"},{\"@type\":\"Organization\",\"@id\":\"https:\/\/www.loewen-apotheke24.com\/de\/#organization\",\"name\":\"L\u00f6wen Apotheke\",\"alternateName\":\"L\u00f6wen Apotheke\",\"url\":\"https:\/\/www.loewen-apotheke24.com\/de\/\",\"logo\":{\"@type\":\"ImageObject\",\"inLanguage\":\"de\",\"@id\":\"https:\/\/www.loewen-apotheke24.com\/de\/#\/schema\/logo\/image\/\",\"url\":\"https:\/\/www.loewen-apotheke24.com\/wp-content\/uploads\/2024\/02\/Logo-Loewen-Apotheke-700x700-1.png\",\"contentUrl\":\"https:\/\/www.loewen-apotheke24.com\/wp-content\/uploads\/2024\/02\/Logo-Loewen-Apotheke-700x700-1.png\",\"width\":700,\"height\":700,\"caption\":\"L\u00f6wen Apotheke\"},\"image\":{\"@id\":\"https:\/\/www.loewen-apotheke24.com\/de\/#\/schema\/logo\/image\/\"}}]}<\/script>\n<!-- \/ Yoast SEO Premium plugin. -->","yoast_head_json":{"title":"OMNI BiOTiC Pro-Vi 5 kaufen - L\u00f6wen Apotheke24","description":"L\u00f6wen Apotheke24 - Spezialist f\u00fcr Naturheilkunde - kurze Lieferzeit - gratis Lieferung ab 30 \u20ac - OMNI BiOTiC Pro-Vi 5 - 30x 2g","robots":{"index":"index","follow":"follow","max-snippet":"max-snippet:-1","max-image-preview":"max-image-preview:large","max-video-preview":"max-video-preview:-1"},"canonical":"https:\/\/www.loewen-apotheke24.com\/de\/shop\/angebot\/omni-biotic-pro-vi-5-30x-2g-16907334\/","og_locale":"de_DE","og_type":"article","og_title":"OMNI BiOTiC Pro-Vi 5 kaufen - L\u00f6wen Apotheke24","og_description":"L\u00f6wen Apotheke24 - Spezialist f\u00fcr Naturheilkunde - kurze Lieferzeit - gratis Lieferung ab 30 \u20ac - OMNI BiOTiC Pro-Vi 5 - 30x 2g","og_url":"https:\/\/www.loewen-apotheke24.com\/de\/shop\/angebot\/omni-biotic-pro-vi-5-30x-2g-16907334\/","og_site_name":"L\u00f6wen Apotheke24","article_modified_time":"2025-09-15T14:17:17+00:00","og_image":[{"width":600,"height":600,"url":"https:\/\/www.loewen-apotheke24.com\/wp-content\/uploads\/2022\/12\/OMNI-Biotic-Pro-vi-5-Pulver-Beutel-30x-2g-16907334-1.webp","type":"image\/webp"}],"twitter_card":"summary_large_image","twitter_misc":{"Gesch\u00e4tzte Lesezeit":"2\u00a0Minuten"},"schema":{"@context":"https:\/\/schema.org","@graph":[{"@type":"WebPage","@id":"https:\/\/www.loewen-apotheke24.com\/de\/shop\/angebot\/omni-biotic-pro-vi-5-30x-2g-16907334\/","url":"https:\/\/www.loewen-apotheke24.com\/de\/shop\/angebot\/omni-biotic-pro-vi-5-30x-2g-16907334\/","name":"OMNI BiOTiC Pro-Vi 5 kaufen - L\u00f6wen Apotheke24","isPartOf":{"@id":"https:\/\/www.loewen-apotheke24.com\/de\/#website"},"datePublished":"2022-12-21T05:49:36+00:00","dateModified":"2025-09-15T14:17:17+00:00","description":"L\u00f6wen Apotheke24 - Spezialist f\u00fcr Naturheilkunde - kurze Lieferzeit - gratis Lieferung ab 30 \u20ac - OMNI BiOTiC Pro-Vi 5 - 30x 2g","breadcrumb":{"@id":"https:\/\/www.loewen-apotheke24.com\/de\/shop\/angebot\/omni-biotic-pro-vi-5-30x-2g-16907334\/#breadcrumb"},"inLanguage":"de","potentialAction":[{"@type":"ReadAction","target":["https:\/\/www.loewen-apotheke24.com\/de\/shop\/angebot\/omni-biotic-pro-vi-5-30x-2g-16907334\/"]}]},{"@type":"BreadcrumbList","@id":"https:\/\/www.loewen-apotheke24.com\/de\/shop\/angebot\/omni-biotic-pro-vi-5-30x-2g-16907334\/#breadcrumb","itemListElement":[{"@type":"ListItem","position":1,"name":"Shop","item":"https:\/\/www.loewen-apotheke24.com\/de\/shop\/"},{"@type":"ListItem","position":2,"name":"OMNI BiOTiC Pro-Vi 5 (30x 2g)"}]},{"@type":"WebSite","@id":"https:\/\/www.loewen-apotheke24.com\/de\/#website","url":"https:\/\/www.loewen-apotheke24.com\/de\/","name":"L\u00f6wen Apotheke24","description":"Spezialist f\u00fcr Naturmedizin - Versandapotheke Baden-Baden","publisher":{"@id":"https:\/\/www.loewen-apotheke24.com\/de\/#organization"},"potentialAction":[{"@type":"SearchAction","target":{"@type":"EntryPoint","urlTemplate":"https:\/\/www.loewen-apotheke24.com\/de\/?s={search_term_string}"},"query-input":"required name=search_term_string"}],"inLanguage":"de"},{"@type":"Organization","@id":"https:\/\/www.loewen-apotheke24.com\/de\/#organization","name":"L\u00f6wen Apotheke","alternateName":"L\u00f6wen Apotheke","url":"https:\/\/www.loewen-apotheke24.com\/de\/","logo":{"@type":"ImageObject","inLanguage":"de","@id":"https:\/\/www.loewen-apotheke24.com\/de\/#\/schema\/logo\/image\/","url":"https:\/\/www.loewen-apotheke24.com\/wp-content\/uploads\/2024\/02\/Logo-Loewen-Apotheke-700x700-1.png","contentUrl":"https:\/\/www.loewen-apotheke24.com\/wp-content\/uploads\/2024\/02\/Logo-Loewen-Apotheke-700x700-1.png","width":700,"height":700,"caption":"L\u00f6wen Apotheke"},"image":{"@id":"https:\/\/www.loewen-apotheke24.com\/de\/#\/schema\/logo\/image\/"}}]}},"_links":{"self":[{"href":"https:\/\/www.loewen-apotheke24.com\/de\/wp-json\/wp\/v2\/product\/56984"}],"collection":[{"href":"https:\/\/www.loewen-apotheke24.com\/de\/wp-json\/wp\/v2\/product"}],"about":[{"href":"https:\/\/www.loewen-apotheke24.com\/de\/wp-json\/wp\/v2\/types\/product"}],"wp:featuredmedia":[{"embeddable":true,"href":"https:\/\/www.loewen-apotheke24.com\/de\/wp-json\/wp\/v2\/media\/103598"}],"wp:attachment":[{"href":"https:\/\/www.loewen-apotheke24.com\/de\/wp-json\/wp\/v2\/media?parent=56984"}],"wp:term":[{"taxonomy":"product_cat","embeddable":true,"href":"https:\/\/www.loewen-apotheke24.com\/de\/wp-json\/wp\/v2\/product_cat?post=56984"},{"taxonomy":"product_tag","embeddable":true,"href":"https:\/\/www.loewen-apotheke24.com\/de\/wp-json\/wp\/v2\/product_tag?post=56984"}],"curies":[{"name":"wp","href":"https:\/\/api.w.org\/{rel}","templated":true}]}}