{"id":570,"date":"2017-05-26T11:20:30","date_gmt":"2017-05-26T10:20:30","guid":{"rendered":"https:\/\/www.loewen-apotheke24.com\/?post_type=product&#038;p=570"},"modified":"2025-01-24T19:08:17","modified_gmt":"2025-01-24T18:08:17","slug":"mein-schuessler-salz-abnehm-set-phase-i-und-phase-ii-abnehmset","status":"publish","type":"product","link":"https:\/\/www.loewen-apotheke24.com\/de\/shop\/mein-schuessler-salz\/mein-schuessler-salz-abnehm-set-phase-i-und-phase-ii-abnehmset\/","title":{"rendered":"Mein Sch\u00fcssler Salz &#8211; Abnehmen-Set"},"content":{"rendered":"<h2>Mein Sch\u00fcssler Salz Abnehmen &#8211; Set<\/h2>\n<p>Mein Sch\u00fcssler Salz Abnehmen-Set. Unser Set, Phase I und Phase II. 8-w\u00f6chige Vitalkur Basen-Formel (2 x 400 g Dose) + 10g Gomeda C 30 Globuli (inkl. Anwendungsvorschlag)<\/p>\n<p>Die Herstellung erfolgt im Rahmen einer rezepturm\u00e4\u00dfigen Einzelanfertigung speziell auf Ihre individuelle Bestellung.<\/p>\n<p>Weitere Produkte des Hersteller: <a href=\"https:\/\/www.loewen-apotheke24.com\/de\/product_cat\/mein-schuessler-salz\/\">MeinSch\u00fcsslerSalz<\/a><br \/>\nWeitere Produktinformationen beim <a href=\"https:\/\/meinschuesslersalz.de\/\" target=\"_blank\" rel=\"noopener noreferrer\">Hersteller<\/a><\/p>\n<p style=\"text-align: left;\">\u00dcber Mein Sch\u00fcssler Salz:\u00a0Mein Sch\u00fcssler Salz: 100% individuell &#8211; Ihre ganz pers\u00f6nliche Mischung. Webseite: <a href=\"https:\/\/meinschuesslersalz.de\/\" target=\"_blank\" rel=\"noopener noreferrer\">https:\/\/meinschuesslersalz.de\/<\/a><\/p>\n<p>&#8211; 100% individuell \u2013 Made in Germany<\/p>\n<p>&#8211; Vereinfachte Einnahme \u2013 nur eine Mischung<\/p>\n<p>&#8211; Wohltuend \u2013 Kein trockener Mund<\/p>\n<p>Die 12 Sch\u00fcssler Salze schenken uns eine nachhaltige Regeneration. Die heilenden Salze, die der Oldenburger Arzt Dr. Wilhelm Heinrich Sch\u00fcssler (1821-1898) entdeckte, bringen den Menschen physisch, geistig und seelisch in Einklang mit sich selbst, gleichen gest\u00f6rte Stoffwechselprozesse wieder aus und halten den Organismus in Schwung. Die zw\u00f6lf \u201eSalze des Lebens\u201c wirken ganzheitlich, k\u00f6nnen jede einzelne Zelle stimulieren. Sie bewirken eine schnelle, nachhaltige Regeneration und dauerhafte Gesundheit.<\/p>\n<p>Zu Risiken und Nebenwirkungen lesen Sie die Packungsbeilage und fragen Sie Ihren Arzt oder Apotheker.<\/p>\n","protected":false},"excerpt":{"rendered":"<h2 style=\"text-align: left;\">Mein Sch\u00fcssler Salz \u2013 Abnehm-Set, Phase I und Phase II<\/h2>\n<p>Mein Sch\u00fcssler Salz Abnehmen. Unser Set, Phase I und Phase II.\u00a08-w\u00f6chige Vitalkur Basen-Formel (2 x 400 g Dose) + 10g Gomeda C 30 Globuli (inkl. Anwendungsvorschlag).\u00a0Die Herstellung erfolgt im Rahmen einer rezepturm\u00e4\u00dfigen Einzelanfertigung speziell auf Ihre individuelle Bestellung.<\/p>\n<p><strong>Darreichungsform<\/strong>: Pulver<\/p>\n<p><strong>Verordnungsart<\/strong>: Rezeptfrei<\/p>\n<p><strong>Marke<\/strong>: <a href=\"https:\/\/www.loewen-apotheke24.com\/de\/product_cat\/mein-schuessler-salz\/\">MeinSch\u00fcsslerSalz<\/a><\/p>\n<p><strong>Hersteller<\/strong>: L\u00f6wen Apotheke Baden-Baden<\/p>\n","protected":false},"featured_media":22446,"template":"","meta":[],"product_cat":[89,87],"product_tag":[402,28,136,135,134,137,469],"yoast_head":"<!-- This site is optimized with the Yoast SEO Premium plugin v21.0 (Yoast SEO v21.0) - https:\/\/yoast.com\/wordpress\/plugins\/seo\/ -->\n<title>Mein Sch\u00fcssler Salz - Abnehmen-Set<\/title>\n<meta name=\"description\" content=\"L\u00f6wen Apotheke24 - Spezialist f\u00fcr Naturheilkunde - Weltweiter Versand - kurze Lieferzeit - gratis Lieferung ab 30 \u20ac - Sch\u00fcssler Salz - Abnehmen - Set\" \/>\n<meta name=\"robots\" content=\"index, follow, max-snippet:-1, max-image-preview:large, max-video-preview:-1\" \/>\n<link rel=\"canonical\" href=\"https:\/\/www.loewen-apotheke24.com\/de\/shop\/mein-schuessler-salz\/mein-schuessler-salz-abnehm-set-phase-i-und-phase-ii-abnehmset\/\" \/>\n<meta property=\"og:locale\" content=\"de_DE\" \/>\n<meta property=\"og:type\" content=\"article\" \/>\n<meta property=\"og:title\" content=\"Mein Sch\u00fcssler Salz - Abnehmen-Set\" \/>\n<meta property=\"og:description\" content=\"L\u00f6wen Apotheke24 - Spezialist f\u00fcr Naturheilkunde - Weltweiter Versand - kurze Lieferzeit - gratis Lieferung ab 30 \u20ac - Sch\u00fcssler Salz - Abnehmen - Set\" \/>\n<meta property=\"og:url\" content=\"https:\/\/www.loewen-apotheke24.com\/de\/shop\/mein-schuessler-salz\/mein-schuessler-salz-abnehm-set-phase-i-und-phase-ii-abnehmset\/\" \/>\n<meta property=\"og:site_name\" content=\"L\u00f6wen Apotheke24\" \/>\n<meta property=\"article:modified_time\" content=\"2025-01-24T18:08:17+00:00\" \/>\n<meta property=\"og:image\" content=\"https:\/\/www.loewen-apotheke24.com\/wp-content\/uploads\/2018\/09\/Mein-Schuessler-Salz_oS.jpg\" \/>\n\t<meta property=\"og:image:width\" content=\"600\" \/>\n\t<meta property=\"og:image:height\" content=\"600\" \/>\n\t<meta property=\"og:image:type\" content=\"image\/jpeg\" \/>\n<meta name=\"twitter:card\" content=\"summary_large_image\" \/>\n<meta name=\"twitter:label1\" content=\"Gesch\u00e4tzte Lesezeit\" \/>\n\t<meta name=\"twitter:data1\" content=\"1\u00a0Minute\" \/>\n<script type=\"application\/ld+json\" class=\"yoast-schema-graph\">{\"@context\":\"https:\/\/schema.org\",\"@graph\":[{\"@type\":\"WebPage\",\"@id\":\"https:\/\/www.loewen-apotheke24.com\/de\/shop\/mein-schuessler-salz\/mein-schuessler-salz-abnehm-set-phase-i-und-phase-ii-abnehmset\/\",\"url\":\"https:\/\/www.loewen-apotheke24.com\/de\/shop\/mein-schuessler-salz\/mein-schuessler-salz-abnehm-set-phase-i-und-phase-ii-abnehmset\/\",\"name\":\"Mein Sch\u00fcssler Salz - Abnehmen-Set\",\"isPartOf\":{\"@id\":\"https:\/\/www.loewen-apotheke24.com\/de\/#website\"},\"datePublished\":\"2017-05-26T10:20:30+00:00\",\"dateModified\":\"2025-01-24T18:08:17+00:00\",\"description\":\"L\u00f6wen Apotheke24 - Spezialist f\u00fcr Naturheilkunde - Weltweiter Versand - kurze Lieferzeit - gratis Lieferung ab 30 \u20ac - Sch\u00fcssler Salz - Abnehmen - Set\",\"breadcrumb\":{\"@id\":\"https:\/\/www.loewen-apotheke24.com\/de\/shop\/mein-schuessler-salz\/mein-schuessler-salz-abnehm-set-phase-i-und-phase-ii-abnehmset\/#breadcrumb\"},\"inLanguage\":\"de\",\"potentialAction\":[{\"@type\":\"ReadAction\",\"target\":[\"https:\/\/www.loewen-apotheke24.com\/de\/shop\/mein-schuessler-salz\/mein-schuessler-salz-abnehm-set-phase-i-und-phase-ii-abnehmset\/\"]}]},{\"@type\":\"BreadcrumbList\",\"@id\":\"https:\/\/www.loewen-apotheke24.com\/de\/shop\/mein-schuessler-salz\/mein-schuessler-salz-abnehm-set-phase-i-und-phase-ii-abnehmset\/#breadcrumb\",\"itemListElement\":[{\"@type\":\"ListItem\",\"position\":1,\"name\":\"Shop\",\"item\":\"https:\/\/www.loewen-apotheke24.com\/de\/shop\/\"},{\"@type\":\"ListItem\",\"position\":2,\"name\":\"Mein Sch\u00fcssler Salz &#8211; Abnehmen-Set\"}]},{\"@type\":\"WebSite\",\"@id\":\"https:\/\/www.loewen-apotheke24.com\/de\/#website\",\"url\":\"https:\/\/www.loewen-apotheke24.com\/de\/\",\"name\":\"L\u00f6wen Apotheke24\",\"description\":\"Spezialist f\u00fcr Naturmedizin - Versandapotheke Baden-Baden\",\"publisher\":{\"@id\":\"https:\/\/www.loewen-apotheke24.com\/de\/#organization\"},\"potentialAction\":[{\"@type\":\"SearchAction\",\"target\":{\"@type\":\"EntryPoint\",\"urlTemplate\":\"https:\/\/www.loewen-apotheke24.com\/de\/?s={search_term_string}\"},\"query-input\":\"required name=search_term_string\"}],\"inLanguage\":\"de\"},{\"@type\":\"Organization\",\"@id\":\"https:\/\/www.loewen-apotheke24.com\/de\/#organization\",\"name\":\"L\u00f6wen Apotheke\",\"alternateName\":\"L\u00f6wen Apotheke\",\"url\":\"https:\/\/www.loewen-apotheke24.com\/de\/\",\"logo\":{\"@type\":\"ImageObject\",\"inLanguage\":\"de\",\"@id\":\"https:\/\/www.loewen-apotheke24.com\/de\/#\/schema\/logo\/image\/\",\"url\":\"https:\/\/www.loewen-apotheke24.com\/wp-content\/uploads\/2024\/02\/Logo-Loewen-Apotheke-700x700-1.png\",\"contentUrl\":\"https:\/\/www.loewen-apotheke24.com\/wp-content\/uploads\/2024\/02\/Logo-Loewen-Apotheke-700x700-1.png\",\"width\":700,\"height\":700,\"caption\":\"L\u00f6wen Apotheke\"},\"image\":{\"@id\":\"https:\/\/www.loewen-apotheke24.com\/de\/#\/schema\/logo\/image\/\"}}]}<\/script>\n<!-- \/ Yoast SEO Premium plugin. -->","yoast_head_json":{"title":"Mein Sch\u00fcssler Salz - Abnehmen-Set","description":"L\u00f6wen Apotheke24 - Spezialist f\u00fcr Naturheilkunde - Weltweiter Versand - kurze Lieferzeit - gratis Lieferung ab 30 \u20ac - Sch\u00fcssler Salz - Abnehmen - Set","robots":{"index":"index","follow":"follow","max-snippet":"max-snippet:-1","max-image-preview":"max-image-preview:large","max-video-preview":"max-video-preview:-1"},"canonical":"https:\/\/www.loewen-apotheke24.com\/de\/shop\/mein-schuessler-salz\/mein-schuessler-salz-abnehm-set-phase-i-und-phase-ii-abnehmset\/","og_locale":"de_DE","og_type":"article","og_title":"Mein Sch\u00fcssler Salz - Abnehmen-Set","og_description":"L\u00f6wen Apotheke24 - Spezialist f\u00fcr Naturheilkunde - Weltweiter Versand - kurze Lieferzeit - gratis Lieferung ab 30 \u20ac - Sch\u00fcssler Salz - Abnehmen - Set","og_url":"https:\/\/www.loewen-apotheke24.com\/de\/shop\/mein-schuessler-salz\/mein-schuessler-salz-abnehm-set-phase-i-und-phase-ii-abnehmset\/","og_site_name":"L\u00f6wen Apotheke24","article_modified_time":"2025-01-24T18:08:17+00:00","og_image":[{"width":600,"height":600,"url":"https:\/\/www.loewen-apotheke24.com\/wp-content\/uploads\/2018\/09\/Mein-Schuessler-Salz_oS.jpg","type":"image\/jpeg"}],"twitter_card":"summary_large_image","twitter_misc":{"Gesch\u00e4tzte Lesezeit":"1\u00a0Minute"},"schema":{"@context":"https:\/\/schema.org","@graph":[{"@type":"WebPage","@id":"https:\/\/www.loewen-apotheke24.com\/de\/shop\/mein-schuessler-salz\/mein-schuessler-salz-abnehm-set-phase-i-und-phase-ii-abnehmset\/","url":"https:\/\/www.loewen-apotheke24.com\/de\/shop\/mein-schuessler-salz\/mein-schuessler-salz-abnehm-set-phase-i-und-phase-ii-abnehmset\/","name":"Mein Sch\u00fcssler Salz - Abnehmen-Set","isPartOf":{"@id":"https:\/\/www.loewen-apotheke24.com\/de\/#website"},"datePublished":"2017-05-26T10:20:30+00:00","dateModified":"2025-01-24T18:08:17+00:00","description":"L\u00f6wen Apotheke24 - Spezialist f\u00fcr Naturheilkunde - Weltweiter Versand - kurze Lieferzeit - gratis Lieferung ab 30 \u20ac - Sch\u00fcssler Salz - Abnehmen - Set","breadcrumb":{"@id":"https:\/\/www.loewen-apotheke24.com\/de\/shop\/mein-schuessler-salz\/mein-schuessler-salz-abnehm-set-phase-i-und-phase-ii-abnehmset\/#breadcrumb"},"inLanguage":"de","potentialAction":[{"@type":"ReadAction","target":["https:\/\/www.loewen-apotheke24.com\/de\/shop\/mein-schuessler-salz\/mein-schuessler-salz-abnehm-set-phase-i-und-phase-ii-abnehmset\/"]}]},{"@type":"BreadcrumbList","@id":"https:\/\/www.loewen-apotheke24.com\/de\/shop\/mein-schuessler-salz\/mein-schuessler-salz-abnehm-set-phase-i-und-phase-ii-abnehmset\/#breadcrumb","itemListElement":[{"@type":"ListItem","position":1,"name":"Shop","item":"https:\/\/www.loewen-apotheke24.com\/de\/shop\/"},{"@type":"ListItem","position":2,"name":"Mein Sch\u00fcssler Salz &#8211; Abnehmen-Set"}]},{"@type":"WebSite","@id":"https:\/\/www.loewen-apotheke24.com\/de\/#website","url":"https:\/\/www.loewen-apotheke24.com\/de\/","name":"L\u00f6wen Apotheke24","description":"Spezialist f\u00fcr Naturmedizin - Versandapotheke Baden-Baden","publisher":{"@id":"https:\/\/www.loewen-apotheke24.com\/de\/#organization"},"potentialAction":[{"@type":"SearchAction","target":{"@type":"EntryPoint","urlTemplate":"https:\/\/www.loewen-apotheke24.com\/de\/?s={search_term_string}"},"query-input":"required name=search_term_string"}],"inLanguage":"de"},{"@type":"Organization","@id":"https:\/\/www.loewen-apotheke24.com\/de\/#organization","name":"L\u00f6wen Apotheke","alternateName":"L\u00f6wen Apotheke","url":"https:\/\/www.loewen-apotheke24.com\/de\/","logo":{"@type":"ImageObject","inLanguage":"de","@id":"https:\/\/www.loewen-apotheke24.com\/de\/#\/schema\/logo\/image\/","url":"https:\/\/www.loewen-apotheke24.com\/wp-content\/uploads\/2024\/02\/Logo-Loewen-Apotheke-700x700-1.png","contentUrl":"https:\/\/www.loewen-apotheke24.com\/wp-content\/uploads\/2024\/02\/Logo-Loewen-Apotheke-700x700-1.png","width":700,"height":700,"caption":"L\u00f6wen Apotheke"},"image":{"@id":"https:\/\/www.loewen-apotheke24.com\/de\/#\/schema\/logo\/image\/"}}]}},"_links":{"self":[{"href":"https:\/\/www.loewen-apotheke24.com\/de\/wp-json\/wp\/v2\/product\/570"}],"collection":[{"href":"https:\/\/www.loewen-apotheke24.com\/de\/wp-json\/wp\/v2\/product"}],"about":[{"href":"https:\/\/www.loewen-apotheke24.com\/de\/wp-json\/wp\/v2\/types\/product"}],"wp:featuredmedia":[{"embeddable":true,"href":"https:\/\/www.loewen-apotheke24.com\/de\/wp-json\/wp\/v2\/media\/22446"}],"wp:attachment":[{"href":"https:\/\/www.loewen-apotheke24.com\/de\/wp-json\/wp\/v2\/media?parent=570"}],"wp:term":[{"taxonomy":"product_cat","embeddable":true,"href":"https:\/\/www.loewen-apotheke24.com\/de\/wp-json\/wp\/v2\/product_cat?post=570"},{"taxonomy":"product_tag","embeddable":true,"href":"https:\/\/www.loewen-apotheke24.com\/de\/wp-json\/wp\/v2\/product_tag?post=570"}],"curies":[{"name":"wp","href":"https:\/\/api.w.org\/{rel}","templated":true}]}}