{"id":57778,"date":"2023-01-11T10:15:18","date_gmt":"2023-01-11T09:15:18","guid":{"rendered":"https:\/\/www.loewen-apotheke24.com\/?post_type=product&#038;p=57778"},"modified":"2025-12-11T07:12:42","modified_gmt":"2025-12-11T06:12:42","slug":"grippostad-complex-ass-20-16903477","status":"publish","type":"product","link":"https:\/\/www.loewen-apotheke24.com\/de\/shop\/angebot\/grippostad-complex-ass-20-16903477\/","title":{"rendered":"Grippostad Complex ASS"},"content":{"rendered":"<h3 style=\"text-align: left;\">Grippostad Complex ASS<\/h3>\n<p>Grippostad Complex ASS Granulat: Schnupfen und grippale Infekte kommen in der Regel mit \u00e4u\u00dferst unangenehmen Beschwerden daher. Wenn die Nase verstopft und wie so oft erk\u00e4ltungsbedingte Schmerzen und Fieber dazu kommen, kann der Alltag zur echten Herausforderung werden. Grippostad Complex kann zur symptomatischen Behandlung von Schleimhautschwellungen der Nase und der Nebenh\u00f6hlen sowie Schnupfen mit Schmerzen und Fieber in Folge eines grippalen Infektes angewendet werden. Die Wirkstoffkombination besteht aus 30mg Pseudoephedrinhydrochlorid, das durch ein schnelles Abschwellen der Schleimh\u00e4ute in Nase und Nasennebenh\u00f6hlen f\u00fcr Linderung der verstopften Nase sorgen kann und 500mg Acetylsalicyls\u00e4ure (ASS), die erk\u00e4ltungsbedingte Schmerzen lindert, Entz\u00fcndungen hemmt und das Fieber senkt.<\/p>\n<p>Das praktische Trinkgranulat kann ganz einfach auch in kaltem Wasser aufgel\u00f6st werden. Zu Beginn der Anwendung k\u00f6nnen 2 Portionsbeutel eingenommen werden, danach je nach Bedarf alle 4 bis 8 Stunden ein weiterer. Pro Tag d\u00fcrfen nicht mehr als 6 Beutel eingenommen werden.<\/p>\n<p>Warum Grippostad Complex?\u00a0Schnelle Wirkung gegen Schnupfen, erk\u00e4ltungsbedingte Schmerzen und Fieber Trinkgranulat in praktischen Portionsbeuteln zur einfachen Anwendung.<br \/>\nF\u00fcr Veganer geeignet.<\/p>\n<p>Weitere Produktdetails finden Sie beim Hersteller<a href=\"https:\/\/www.grippostad.de\/erkaeltungsmittel\/grippostad-c-stickpack-trinkgranulat\"> Stada &#8211; Grippostad.<\/a><\/p>\n<p>Zur Gebrauchsanweisung <a href=\"https:\/\/www.loewen-apotheke24.com\/wp-content\/uploads\/2022\/06\/grippostad_c_gra_sd_de_webgi_9262902_1711.pdf\" target=\"_blank\" rel=\"noopener\">Grippostad\u00ae C Stickpack<\/a><\/p>\n<p>Informationen auf dieser Website werden ausschlie\u00dflich f\u00fcr informative Zwecke zur Verf\u00fcgung gestellt. Sie ersetzen keinesfalls die Untersuchung und Behandlung durch einen Arzt. Bitte beachten Sie, dass hierdurch weder Diagnosen gestellt noch Therapien eingeleitet werden k\u00f6nnen.<\/p>\n<p>Zu Risiken und Nebenwirkungen lesen Sie die Packungsbeilage und fragen Sie Ihren Arzt oder Apotheker.<\/p>\n","protected":false},"excerpt":{"rendered":"<h2>Grippostad Complex ASS 20 St.<\/h2>\n<p>Grippostad Complex. Stark bei Schnupfen mit erk\u00e4ltungsbedingten Schmerzen.<\/p>\n<p><strong>PZN<\/strong>: 16903477 (Pharmazentralnummer)<\/p>\n<p><strong>Darreichungsform<\/strong>: Granulat<\/p>\n<p><strong>Verordnungsart<\/strong>: Rezeptfrei<\/p>\n<p><strong>Hersteller<\/strong>:\u00a0<a href=\"https:\/\/www.loewen-apotheke24.com\/de\/product_tag\/stada\/\">STADA Arzneimittel AG<\/a> \/ EurimPharm Arzneimittel GmbH<\/p>\n<p><strong>Marke:<\/strong> <a href=\"https:\/\/www.loewen-apotheke24.com\/de\/product_tag\/grippostad\/\">Grippostad\u00ae<\/a><\/p>\n<p><strong>Packungsgr\u00f6\u00dfe<\/strong>: 20 St\u00fcck<\/p>\n","protected":false},"featured_media":46220,"template":"","meta":[],"product_cat":[13,476],"product_tag":[426,475,461,474,469],"yoast_head":"<!-- This site is optimized with the Yoast SEO Premium plugin v21.0 (Yoast SEO v21.0) - https:\/\/yoast.com\/wordpress\/plugins\/seo\/ -->\n<title>Grippostad Complex ASS - L\u00f6wen Apotheke24<\/title>\n<meta name=\"description\" content=\"L\u00f6wen Apotheke24 - Spezialist f\u00fcr Naturheilkunde - kurze Lieferzeit - Grippostad Complex ASS 20 St. von Stada bei grippalen Infekten &amp; Erk\u00e4ltungen\" \/>\n<meta name=\"robots\" content=\"index, follow, max-snippet:-1, max-image-preview:large, max-video-preview:-1\" \/>\n<link rel=\"canonical\" href=\"https:\/\/www.loewen-apotheke24.com\/de\/shop\/angebot\/grippostad-complex-ass-20-16903477\/\" \/>\n<meta property=\"og:locale\" content=\"de_DE\" \/>\n<meta property=\"og:type\" content=\"article\" \/>\n<meta property=\"og:title\" content=\"Grippostad Complex ASS - L\u00f6wen Apotheke24\" \/>\n<meta property=\"og:description\" content=\"L\u00f6wen Apotheke24 - Spezialist f\u00fcr Naturheilkunde - kurze Lieferzeit - Grippostad Complex ASS 20 St. von Stada bei grippalen Infekten &amp; Erk\u00e4ltungen\" \/>\n<meta property=\"og:url\" content=\"https:\/\/www.loewen-apotheke24.com\/de\/shop\/angebot\/grippostad-complex-ass-20-16903477\/\" \/>\n<meta property=\"og:site_name\" content=\"L\u00f6wen Apotheke24\" \/>\n<meta property=\"article:modified_time\" content=\"2025-12-11T06:12:42+00:00\" \/>\n<meta property=\"og:image\" content=\"https:\/\/www.loewen-apotheke24.com\/wp-content\/uploads\/2022\/06\/Grippostad-Complex-ass-stada.jpg\" \/>\n\t<meta property=\"og:image:width\" content=\"600\" \/>\n\t<meta property=\"og:image:height\" content=\"600\" \/>\n\t<meta property=\"og:image:type\" content=\"image\/jpeg\" \/>\n<meta name=\"twitter:card\" content=\"summary_large_image\" \/>\n<meta name=\"twitter:label1\" content=\"Gesch\u00e4tzte Lesezeit\" \/>\n\t<meta name=\"twitter:data1\" content=\"2\u00a0Minuten\" \/>\n<script type=\"application\/ld+json\" class=\"yoast-schema-graph\">{\"@context\":\"https:\/\/schema.org\",\"@graph\":[{\"@type\":\"WebPage\",\"@id\":\"https:\/\/www.loewen-apotheke24.com\/de\/shop\/angebot\/grippostad-complex-ass-20-16903477\/\",\"url\":\"https:\/\/www.loewen-apotheke24.com\/de\/shop\/angebot\/grippostad-complex-ass-20-16903477\/\",\"name\":\"Grippostad Complex ASS - L\u00f6wen Apotheke24\",\"isPartOf\":{\"@id\":\"https:\/\/www.loewen-apotheke24.com\/de\/#website\"},\"datePublished\":\"2023-01-11T09:15:18+00:00\",\"dateModified\":\"2025-12-11T06:12:42+00:00\",\"description\":\"L\u00f6wen Apotheke24 - Spezialist f\u00fcr Naturheilkunde - kurze Lieferzeit - Grippostad Complex ASS 20 St. von Stada bei grippalen Infekten & Erk\u00e4ltungen\",\"breadcrumb\":{\"@id\":\"https:\/\/www.loewen-apotheke24.com\/de\/shop\/angebot\/grippostad-complex-ass-20-16903477\/#breadcrumb\"},\"inLanguage\":\"de\",\"potentialAction\":[{\"@type\":\"ReadAction\",\"target\":[\"https:\/\/www.loewen-apotheke24.com\/de\/shop\/angebot\/grippostad-complex-ass-20-16903477\/\"]}]},{\"@type\":\"BreadcrumbList\",\"@id\":\"https:\/\/www.loewen-apotheke24.com\/de\/shop\/angebot\/grippostad-complex-ass-20-16903477\/#breadcrumb\",\"itemListElement\":[{\"@type\":\"ListItem\",\"position\":1,\"name\":\"Shop\",\"item\":\"https:\/\/www.loewen-apotheke24.com\/de\/shop\/\"},{\"@type\":\"ListItem\",\"position\":2,\"name\":\"Grippostad Complex ASS\"}]},{\"@type\":\"WebSite\",\"@id\":\"https:\/\/www.loewen-apotheke24.com\/de\/#website\",\"url\":\"https:\/\/www.loewen-apotheke24.com\/de\/\",\"name\":\"L\u00f6wen Apotheke24\",\"description\":\"Spezialist f\u00fcr Naturmedizin - Versandapotheke Baden-Baden\",\"publisher\":{\"@id\":\"https:\/\/www.loewen-apotheke24.com\/de\/#organization\"},\"potentialAction\":[{\"@type\":\"SearchAction\",\"target\":{\"@type\":\"EntryPoint\",\"urlTemplate\":\"https:\/\/www.loewen-apotheke24.com\/de\/?s={search_term_string}\"},\"query-input\":\"required name=search_term_string\"}],\"inLanguage\":\"de\"},{\"@type\":\"Organization\",\"@id\":\"https:\/\/www.loewen-apotheke24.com\/de\/#organization\",\"name\":\"L\u00f6wen Apotheke\",\"alternateName\":\"L\u00f6wen Apotheke\",\"url\":\"https:\/\/www.loewen-apotheke24.com\/de\/\",\"logo\":{\"@type\":\"ImageObject\",\"inLanguage\":\"de\",\"@id\":\"https:\/\/www.loewen-apotheke24.com\/de\/#\/schema\/logo\/image\/\",\"url\":\"https:\/\/www.loewen-apotheke24.com\/wp-content\/uploads\/2024\/02\/Logo-Loewen-Apotheke-700x700-1.png\",\"contentUrl\":\"https:\/\/www.loewen-apotheke24.com\/wp-content\/uploads\/2024\/02\/Logo-Loewen-Apotheke-700x700-1.png\",\"width\":700,\"height\":700,\"caption\":\"L\u00f6wen Apotheke\"},\"image\":{\"@id\":\"https:\/\/www.loewen-apotheke24.com\/de\/#\/schema\/logo\/image\/\"}}]}<\/script>\n<!-- \/ Yoast SEO Premium plugin. -->","yoast_head_json":{"title":"Grippostad Complex ASS - L\u00f6wen Apotheke24","description":"L\u00f6wen Apotheke24 - Spezialist f\u00fcr Naturheilkunde - kurze Lieferzeit - Grippostad Complex ASS 20 St. von Stada bei grippalen Infekten & Erk\u00e4ltungen","robots":{"index":"index","follow":"follow","max-snippet":"max-snippet:-1","max-image-preview":"max-image-preview:large","max-video-preview":"max-video-preview:-1"},"canonical":"https:\/\/www.loewen-apotheke24.com\/de\/shop\/angebot\/grippostad-complex-ass-20-16903477\/","og_locale":"de_DE","og_type":"article","og_title":"Grippostad Complex ASS - L\u00f6wen Apotheke24","og_description":"L\u00f6wen Apotheke24 - Spezialist f\u00fcr Naturheilkunde - kurze Lieferzeit - Grippostad Complex ASS 20 St. von Stada bei grippalen Infekten & Erk\u00e4ltungen","og_url":"https:\/\/www.loewen-apotheke24.com\/de\/shop\/angebot\/grippostad-complex-ass-20-16903477\/","og_site_name":"L\u00f6wen Apotheke24","article_modified_time":"2025-12-11T06:12:42+00:00","og_image":[{"width":600,"height":600,"url":"https:\/\/www.loewen-apotheke24.com\/wp-content\/uploads\/2022\/06\/Grippostad-Complex-ass-stada.jpg","type":"image\/jpeg"}],"twitter_card":"summary_large_image","twitter_misc":{"Gesch\u00e4tzte Lesezeit":"2\u00a0Minuten"},"schema":{"@context":"https:\/\/schema.org","@graph":[{"@type":"WebPage","@id":"https:\/\/www.loewen-apotheke24.com\/de\/shop\/angebot\/grippostad-complex-ass-20-16903477\/","url":"https:\/\/www.loewen-apotheke24.com\/de\/shop\/angebot\/grippostad-complex-ass-20-16903477\/","name":"Grippostad Complex ASS - L\u00f6wen Apotheke24","isPartOf":{"@id":"https:\/\/www.loewen-apotheke24.com\/de\/#website"},"datePublished":"2023-01-11T09:15:18+00:00","dateModified":"2025-12-11T06:12:42+00:00","description":"L\u00f6wen Apotheke24 - Spezialist f\u00fcr Naturheilkunde - kurze Lieferzeit - Grippostad Complex ASS 20 St. von Stada bei grippalen Infekten & Erk\u00e4ltungen","breadcrumb":{"@id":"https:\/\/www.loewen-apotheke24.com\/de\/shop\/angebot\/grippostad-complex-ass-20-16903477\/#breadcrumb"},"inLanguage":"de","potentialAction":[{"@type":"ReadAction","target":["https:\/\/www.loewen-apotheke24.com\/de\/shop\/angebot\/grippostad-complex-ass-20-16903477\/"]}]},{"@type":"BreadcrumbList","@id":"https:\/\/www.loewen-apotheke24.com\/de\/shop\/angebot\/grippostad-complex-ass-20-16903477\/#breadcrumb","itemListElement":[{"@type":"ListItem","position":1,"name":"Shop","item":"https:\/\/www.loewen-apotheke24.com\/de\/shop\/"},{"@type":"ListItem","position":2,"name":"Grippostad Complex ASS"}]},{"@type":"WebSite","@id":"https:\/\/www.loewen-apotheke24.com\/de\/#website","url":"https:\/\/www.loewen-apotheke24.com\/de\/","name":"L\u00f6wen Apotheke24","description":"Spezialist f\u00fcr Naturmedizin - Versandapotheke Baden-Baden","publisher":{"@id":"https:\/\/www.loewen-apotheke24.com\/de\/#organization"},"potentialAction":[{"@type":"SearchAction","target":{"@type":"EntryPoint","urlTemplate":"https:\/\/www.loewen-apotheke24.com\/de\/?s={search_term_string}"},"query-input":"required name=search_term_string"}],"inLanguage":"de"},{"@type":"Organization","@id":"https:\/\/www.loewen-apotheke24.com\/de\/#organization","name":"L\u00f6wen Apotheke","alternateName":"L\u00f6wen Apotheke","url":"https:\/\/www.loewen-apotheke24.com\/de\/","logo":{"@type":"ImageObject","inLanguage":"de","@id":"https:\/\/www.loewen-apotheke24.com\/de\/#\/schema\/logo\/image\/","url":"https:\/\/www.loewen-apotheke24.com\/wp-content\/uploads\/2024\/02\/Logo-Loewen-Apotheke-700x700-1.png","contentUrl":"https:\/\/www.loewen-apotheke24.com\/wp-content\/uploads\/2024\/02\/Logo-Loewen-Apotheke-700x700-1.png","width":700,"height":700,"caption":"L\u00f6wen Apotheke"},"image":{"@id":"https:\/\/www.loewen-apotheke24.com\/de\/#\/schema\/logo\/image\/"}}]}},"_links":{"self":[{"href":"https:\/\/www.loewen-apotheke24.com\/de\/wp-json\/wp\/v2\/product\/57778"}],"collection":[{"href":"https:\/\/www.loewen-apotheke24.com\/de\/wp-json\/wp\/v2\/product"}],"about":[{"href":"https:\/\/www.loewen-apotheke24.com\/de\/wp-json\/wp\/v2\/types\/product"}],"wp:featuredmedia":[{"embeddable":true,"href":"https:\/\/www.loewen-apotheke24.com\/de\/wp-json\/wp\/v2\/media\/46220"}],"wp:attachment":[{"href":"https:\/\/www.loewen-apotheke24.com\/de\/wp-json\/wp\/v2\/media?parent=57778"}],"wp:term":[{"taxonomy":"product_cat","embeddable":true,"href":"https:\/\/www.loewen-apotheke24.com\/de\/wp-json\/wp\/v2\/product_cat?post=57778"},{"taxonomy":"product_tag","embeddable":true,"href":"https:\/\/www.loewen-apotheke24.com\/de\/wp-json\/wp\/v2\/product_tag?post=57778"}],"curies":[{"name":"wp","href":"https:\/\/api.w.org\/{rel}","templated":true}]}}