{"id":58011,"date":"2023-01-15T17:34:55","date_gmt":"2023-01-15T16:34:55","guid":{"rendered":"https:\/\/www.loewen-apotheke24.com\/?post_type=product&#038;p=58011"},"modified":"2026-03-17T14:18:33","modified_gmt":"2026-03-17T13:18:33","slug":"allegra-allergietabletten-20mg-20-st-18113578","status":"publish","type":"product","link":"https:\/\/www.loewen-apotheke24.com\/de\/shop\/marke\/allegra-allergietabletten-20mg-20-st-18113578\/","title":{"rendered":"Allegra Allergietabletten 20mg\u00a050 St."},"content":{"rendered":"<h3 style=\"text-align: left;\">Allegra Allergietabletten 20 mg Tabletten<\/h3>\n<p>Allegra Allergietabletten 20mg &#8211; zur Linderung der Beschwerden, die bei Heuschnupfen (sogenannte \u201esaisonale allergische Rhinitis\u201c) auftreten. Anwendung bei Erwachsenen und Jugendlichen ab 12 Jahren. Diese Beschwerden sind beispielsweise Niesen, eine juckende, rinnende oder verstopfte Nase und juckende, ger\u00f6tete und tr\u00e4nende Augen.<\/p>\n<p>Der Wirkstoff hilft bei Allergien und stillt den Juckreiz. Er unterdr\u00fcckt die Wirkung der k\u00f6rpereigenen Substanz Histamni, indem er sie von ihren Bindungsstellen verdr\u00e4ngt. Histamin spielt als Gewebshormon und Art Botenstoff eine wichtige Rolle bei der Entstehung von Entz\u00fcndungen und allergischen Reaktionen. Die Blockade seiner Bindungsstellen unterbricht den allergischen Reaktionsablauf.<\/p>\n<p>Anwenungsgebiete: Allergischer Schnupfen mit gleichzeitigem Auftreten von Bindehautentz\u00fcndung, z.B. Heuschnupfen, Hausstauballergie. Nesselausschlag<\/p>\n<p style=\"text-align: left;\"><strong>Allegra Allergietabletten 20mg &#8211; Wirkstoffe<\/strong>: <strong>Bilastin\u00a0<\/strong><\/p>\n<p>Bilastin (Bitosen\u00ae) ist ein weiteres nicht-sedierendes, langwirksames Antihistaminikum mit einer selektiven antagonistischen Affinit\u00e4t f\u00fcr den peripheren H1-Rezeptor, das zur symptomatischen Behandlung der allergischen Rhinokonjunktivitis (saisonal und perennial) und Urtikaria indiziert ist.<\/p>\n<p>Weitere Produktdetails finden Sie beim Hersteller der Allegra Allergietabletten 20mg 50 ST., Sanofi-Aventis GmbH oder <a href=\"https:\/\/www.apotheken-umschau.de\/medikamente\/beipackzettel\/allegra-allergietabletten-20-mg-tabletten-18113489.html\">hier.<\/a><\/p>\n<p>Das Produkt wird derzeit nur in \u00d6sterreich von uns vertrieben.<\/p>\n<p>Weitere Produkte f\u00fcr den Anwendungsbereich: <a href=\"https:\/\/www.loewen-apotheke24.com\/de\/product_tag\/allergie\/\">Allergie &amp; Asthma<\/a><\/p>\n<p>Zum Beipackzettel.<a href=\"https:\/\/www.loewen-apotheke24.com\/wp-content\/uploads\/2022\/10\/Produktinformation_18113489.pdf\">Produktinformation<\/a><\/p>\n<p>Zu Risiken und Nebenwirkungen lesen Sie die Packungsbeilage und fragen Sie Ihren Arzt oder Apotheker.<\/p>\n","protected":false},"excerpt":{"rendered":"<h2>Allegra Allergietabletten 20mg 50 St.<\/h2>\n<p>Zur Linderung der Beschwerden, die bei Heuschnupfen (sogenannte \u201esaisonale allergische Rhinitis\u201c) auftreten.<\/p>\n<p><strong>PZN<\/strong>: 18113578 (Pharmazentralnummer)<\/p>\n<p><strong>Darreichungsform<\/strong>: Tabletten<\/p>\n<p><strong>Verordnungsart<\/strong>: Rezeptfrei<\/p>\n<p><strong>Hersteller<\/strong>:\u00a0 Sanofi-Aventis GmbH, A. Nattermann &amp; Cie GmbH, Frankfurt am Main<\/p>\n<p><strong>Packungsgr\u00f6\u00dfe<\/strong>: 50 St\u00fcck<\/p>\n","protected":false},"featured_media":103616,"template":"","meta":[],"product_cat":[43],"product_tag":[383],"yoast_head":"<!-- This site is optimized with the Yoast SEO Premium plugin v21.0 (Yoast SEO v21.0) - https:\/\/yoast.com\/wordpress\/plugins\/seo\/ -->\n<title>Allegra Allergietabletten 20mg\u00a050 St.<\/title>\n<meta name=\"description\" content=\"L\u00f6wen Apotheke24 - Spezialist f\u00fcr Naturheilkunde - kurze Lieferzeit - gratis Lieferung ab 30 \u20ac - Allegra Allergietabletten 20mg\u00a050 St.\" \/>\n<meta name=\"robots\" content=\"index, follow, max-snippet:-1, max-image-preview:large, max-video-preview:-1\" \/>\n<link rel=\"canonical\" href=\"https:\/\/www.loewen-apotheke24.com\/de\/shop\/marke\/allegra-allergietabletten-20mg-20-st-18113578\/\" \/>\n<meta property=\"og:locale\" content=\"de_DE\" \/>\n<meta property=\"og:type\" content=\"article\" \/>\n<meta property=\"og:title\" content=\"Allegra Allergietabletten 20mg\u00a050 St.\" \/>\n<meta property=\"og:description\" content=\"L\u00f6wen Apotheke24 - Spezialist f\u00fcr Naturheilkunde - kurze Lieferzeit - gratis Lieferung ab 30 \u20ac - Allegra Allergietabletten 20mg\u00a050 St.\" \/>\n<meta property=\"og:url\" content=\"https:\/\/www.loewen-apotheke24.com\/de\/shop\/marke\/allegra-allergietabletten-20mg-20-st-18113578\/\" \/>\n<meta property=\"og:site_name\" content=\"L\u00f6wen Apotheke24\" \/>\n<meta property=\"article:modified_time\" content=\"2026-03-17T13:18:33+00:00\" \/>\n<meta property=\"og:image\" content=\"https:\/\/www.loewen-apotheke24.com\/wp-content\/uploads\/2024\/06\/allergra-allergietabletten-50-st-loewen-apotheke-sanofi.webp\" \/>\n\t<meta property=\"og:image:width\" content=\"600\" \/>\n\t<meta property=\"og:image:height\" content=\"600\" \/>\n\t<meta property=\"og:image:type\" content=\"image\/webp\" \/>\n<meta name=\"twitter:card\" content=\"summary_large_image\" \/>\n<meta name=\"twitter:label1\" content=\"Gesch\u00e4tzte Lesezeit\" \/>\n\t<meta name=\"twitter:data1\" content=\"2\u00a0Minuten\" \/>\n<script type=\"application\/ld+json\" class=\"yoast-schema-graph\">{\"@context\":\"https:\/\/schema.org\",\"@graph\":[{\"@type\":\"WebPage\",\"@id\":\"https:\/\/www.loewen-apotheke24.com\/de\/shop\/marke\/allegra-allergietabletten-20mg-20-st-18113578\/\",\"url\":\"https:\/\/www.loewen-apotheke24.com\/de\/shop\/marke\/allegra-allergietabletten-20mg-20-st-18113578\/\",\"name\":\"Allegra Allergietabletten 20mg\u00a050 St.\",\"isPartOf\":{\"@id\":\"https:\/\/www.loewen-apotheke24.com\/de\/#website\"},\"datePublished\":\"2023-01-15T16:34:55+00:00\",\"dateModified\":\"2026-03-17T13:18:33+00:00\",\"description\":\"L\u00f6wen Apotheke24 - Spezialist f\u00fcr Naturheilkunde - kurze Lieferzeit - gratis Lieferung ab 30 \u20ac - Allegra Allergietabletten 20mg\u00a050 St.\",\"breadcrumb\":{\"@id\":\"https:\/\/www.loewen-apotheke24.com\/de\/shop\/marke\/allegra-allergietabletten-20mg-20-st-18113578\/#breadcrumb\"},\"inLanguage\":\"de\",\"potentialAction\":[{\"@type\":\"ReadAction\",\"target\":[\"https:\/\/www.loewen-apotheke24.com\/de\/shop\/marke\/allegra-allergietabletten-20mg-20-st-18113578\/\"]}]},{\"@type\":\"BreadcrumbList\",\"@id\":\"https:\/\/www.loewen-apotheke24.com\/de\/shop\/marke\/allegra-allergietabletten-20mg-20-st-18113578\/#breadcrumb\",\"itemListElement\":[{\"@type\":\"ListItem\",\"position\":1,\"name\":\"Shop\",\"item\":\"https:\/\/www.loewen-apotheke24.com\/de\/shop\/\"},{\"@type\":\"ListItem\",\"position\":2,\"name\":\"Allegra Allergietabletten 20mg\u00a050 St.\"}]},{\"@type\":\"WebSite\",\"@id\":\"https:\/\/www.loewen-apotheke24.com\/de\/#website\",\"url\":\"https:\/\/www.loewen-apotheke24.com\/de\/\",\"name\":\"L\u00f6wen Apotheke24\",\"description\":\"Spezialist f\u00fcr Naturmedizin - Versandapotheke Baden-Baden\",\"publisher\":{\"@id\":\"https:\/\/www.loewen-apotheke24.com\/de\/#organization\"},\"potentialAction\":[{\"@type\":\"SearchAction\",\"target\":{\"@type\":\"EntryPoint\",\"urlTemplate\":\"https:\/\/www.loewen-apotheke24.com\/de\/?s={search_term_string}\"},\"query-input\":\"required name=search_term_string\"}],\"inLanguage\":\"de\"},{\"@type\":\"Organization\",\"@id\":\"https:\/\/www.loewen-apotheke24.com\/de\/#organization\",\"name\":\"L\u00f6wen Apotheke\",\"alternateName\":\"L\u00f6wen Apotheke\",\"url\":\"https:\/\/www.loewen-apotheke24.com\/de\/\",\"logo\":{\"@type\":\"ImageObject\",\"inLanguage\":\"de\",\"@id\":\"https:\/\/www.loewen-apotheke24.com\/de\/#\/schema\/logo\/image\/\",\"url\":\"https:\/\/www.loewen-apotheke24.com\/wp-content\/uploads\/2024\/02\/Logo-Loewen-Apotheke-700x700-1.png\",\"contentUrl\":\"https:\/\/www.loewen-apotheke24.com\/wp-content\/uploads\/2024\/02\/Logo-Loewen-Apotheke-700x700-1.png\",\"width\":700,\"height\":700,\"caption\":\"L\u00f6wen Apotheke\"},\"image\":{\"@id\":\"https:\/\/www.loewen-apotheke24.com\/de\/#\/schema\/logo\/image\/\"}}]}<\/script>\n<!-- \/ Yoast SEO Premium plugin. -->","yoast_head_json":{"title":"Allegra Allergietabletten 20mg\u00a050 St.","description":"L\u00f6wen Apotheke24 - Spezialist f\u00fcr Naturheilkunde - kurze Lieferzeit - gratis Lieferung ab 30 \u20ac - Allegra Allergietabletten 20mg\u00a050 St.","robots":{"index":"index","follow":"follow","max-snippet":"max-snippet:-1","max-image-preview":"max-image-preview:large","max-video-preview":"max-video-preview:-1"},"canonical":"https:\/\/www.loewen-apotheke24.com\/de\/shop\/marke\/allegra-allergietabletten-20mg-20-st-18113578\/","og_locale":"de_DE","og_type":"article","og_title":"Allegra Allergietabletten 20mg\u00a050 St.","og_description":"L\u00f6wen Apotheke24 - Spezialist f\u00fcr Naturheilkunde - kurze Lieferzeit - gratis Lieferung ab 30 \u20ac - Allegra Allergietabletten 20mg\u00a050 St.","og_url":"https:\/\/www.loewen-apotheke24.com\/de\/shop\/marke\/allegra-allergietabletten-20mg-20-st-18113578\/","og_site_name":"L\u00f6wen Apotheke24","article_modified_time":"2026-03-17T13:18:33+00:00","og_image":[{"width":600,"height":600,"url":"https:\/\/www.loewen-apotheke24.com\/wp-content\/uploads\/2024\/06\/allergra-allergietabletten-50-st-loewen-apotheke-sanofi.webp","type":"image\/webp"}],"twitter_card":"summary_large_image","twitter_misc":{"Gesch\u00e4tzte Lesezeit":"2\u00a0Minuten"},"schema":{"@context":"https:\/\/schema.org","@graph":[{"@type":"WebPage","@id":"https:\/\/www.loewen-apotheke24.com\/de\/shop\/marke\/allegra-allergietabletten-20mg-20-st-18113578\/","url":"https:\/\/www.loewen-apotheke24.com\/de\/shop\/marke\/allegra-allergietabletten-20mg-20-st-18113578\/","name":"Allegra Allergietabletten 20mg\u00a050 St.","isPartOf":{"@id":"https:\/\/www.loewen-apotheke24.com\/de\/#website"},"datePublished":"2023-01-15T16:34:55+00:00","dateModified":"2026-03-17T13:18:33+00:00","description":"L\u00f6wen Apotheke24 - Spezialist f\u00fcr Naturheilkunde - kurze Lieferzeit - gratis Lieferung ab 30 \u20ac - Allegra Allergietabletten 20mg\u00a050 St.","breadcrumb":{"@id":"https:\/\/www.loewen-apotheke24.com\/de\/shop\/marke\/allegra-allergietabletten-20mg-20-st-18113578\/#breadcrumb"},"inLanguage":"de","potentialAction":[{"@type":"ReadAction","target":["https:\/\/www.loewen-apotheke24.com\/de\/shop\/marke\/allegra-allergietabletten-20mg-20-st-18113578\/"]}]},{"@type":"BreadcrumbList","@id":"https:\/\/www.loewen-apotheke24.com\/de\/shop\/marke\/allegra-allergietabletten-20mg-20-st-18113578\/#breadcrumb","itemListElement":[{"@type":"ListItem","position":1,"name":"Shop","item":"https:\/\/www.loewen-apotheke24.com\/de\/shop\/"},{"@type":"ListItem","position":2,"name":"Allegra Allergietabletten 20mg\u00a050 St."}]},{"@type":"WebSite","@id":"https:\/\/www.loewen-apotheke24.com\/de\/#website","url":"https:\/\/www.loewen-apotheke24.com\/de\/","name":"L\u00f6wen Apotheke24","description":"Spezialist f\u00fcr Naturmedizin - Versandapotheke Baden-Baden","publisher":{"@id":"https:\/\/www.loewen-apotheke24.com\/de\/#organization"},"potentialAction":[{"@type":"SearchAction","target":{"@type":"EntryPoint","urlTemplate":"https:\/\/www.loewen-apotheke24.com\/de\/?s={search_term_string}"},"query-input":"required name=search_term_string"}],"inLanguage":"de"},{"@type":"Organization","@id":"https:\/\/www.loewen-apotheke24.com\/de\/#organization","name":"L\u00f6wen Apotheke","alternateName":"L\u00f6wen Apotheke","url":"https:\/\/www.loewen-apotheke24.com\/de\/","logo":{"@type":"ImageObject","inLanguage":"de","@id":"https:\/\/www.loewen-apotheke24.com\/de\/#\/schema\/logo\/image\/","url":"https:\/\/www.loewen-apotheke24.com\/wp-content\/uploads\/2024\/02\/Logo-Loewen-Apotheke-700x700-1.png","contentUrl":"https:\/\/www.loewen-apotheke24.com\/wp-content\/uploads\/2024\/02\/Logo-Loewen-Apotheke-700x700-1.png","width":700,"height":700,"caption":"L\u00f6wen Apotheke"},"image":{"@id":"https:\/\/www.loewen-apotheke24.com\/de\/#\/schema\/logo\/image\/"}}]}},"_links":{"self":[{"href":"https:\/\/www.loewen-apotheke24.com\/de\/wp-json\/wp\/v2\/product\/58011"}],"collection":[{"href":"https:\/\/www.loewen-apotheke24.com\/de\/wp-json\/wp\/v2\/product"}],"about":[{"href":"https:\/\/www.loewen-apotheke24.com\/de\/wp-json\/wp\/v2\/types\/product"}],"wp:featuredmedia":[{"embeddable":true,"href":"https:\/\/www.loewen-apotheke24.com\/de\/wp-json\/wp\/v2\/media\/103616"}],"wp:attachment":[{"href":"https:\/\/www.loewen-apotheke24.com\/de\/wp-json\/wp\/v2\/media?parent=58011"}],"wp:term":[{"taxonomy":"product_cat","embeddable":true,"href":"https:\/\/www.loewen-apotheke24.com\/de\/wp-json\/wp\/v2\/product_cat?post=58011"},{"taxonomy":"product_tag","embeddable":true,"href":"https:\/\/www.loewen-apotheke24.com\/de\/wp-json\/wp\/v2\/product_tag?post=58011"}],"curies":[{"name":"wp","href":"https:\/\/api.w.org\/{rel}","templated":true}]}}