{"id":63043,"date":"2023-04-02T07:43:18","date_gmt":"2023-04-02T06:43:18","guid":{"rendered":"https:\/\/www.loewen-apotheke24.com\/?post_type=product&#038;p=63043"},"modified":"2026-04-19T08:11:35","modified_gmt":"2026-04-19T07:11:35","slug":"wobenzym-tabletten-800-st-13751860","status":"publish","type":"product","link":"https:\/\/www.loewen-apotheke24.com\/de\/shop\/angebot\/wobenzym-tabletten-800-st-13751860\/","title":{"rendered":"WOBENZYM Tabletten 800 St."},"content":{"rendered":"<h3 style=\"text-align: left;\">WOBENZYM Tabletten 800 St. &#8211; magensaftresistente Tabletten<\/h3>\n<p>Wobenzym Tabletten 800 St bei Gelenk- und Muskelbeschwerden durch Verletzungen oder Arthrose. Die spezielle Enzymkombination in Wobenzym bei Beschwerden, deren Ursache auf einen entz\u00fcndlichen Prozess zur\u00fcckzuf\u00fchren ist. Im Gegensatz zu herk\u00f6mmlichen antirheumatischen und entz\u00fcndungshemmenden Mitteln beschleunigt Wobenzym den Selbstheilungsprozess des K\u00f6rpers, statt die Entz\u00fcndung einfach nur zu unterdr\u00fccken.<\/p>\n<p>Zur Unterst\u00fctzung des Immunsystems.<\/p>\n<p>Die besondere Enzymkraft des Arzneimittels geht an die Entz\u00fcndung als Ursache der Schmerzen und f\u00f6rdert die Heilung auf nat\u00fcrliche Weise. Es hilft Ihnen, das Leben auf nat\u00fcrliche Weise aktiv zu gestalten und zu genie\u00dfen. Nahrungserg\u00e4nzungsmittel sind kein Ersatz f\u00fcr eine abwechslungsreiche und ausgewogene Ern\u00e4hrung oder eine gesunde Lebensweise. \u00dcberschreiten Sie nicht die empfohlene Tagesdosis.<\/p>\n<p>Weitere Produktdetails beim <a href=\"https:\/\/www.wobenzym.de\/\" target=\"_blank\" rel=\"noopener\">Hersteller<\/a>.<\/p>\n<p>Andere Produkte der Kategorie <a href=\"https:\/\/www.loewen-apotheke24.com\/de\/product_tag\/entzuendung\/\">hier.<\/a><\/p>\n<p>Zu Risiken und Nebenwirkungen lesen Sie die Packungsbeilage und fragen Sie Ihren Arzt oder Apotheker.<\/p>\n","protected":false},"excerpt":{"rendered":"<h2>WOBENZYM magensaftresistente Tabletten<\/h2>\n<p>WOBENZYM magensaftresistente Tabletten zur unterst\u00fctzenden Behandlung von Erwachsenen bei Schwellungen, Entz\u00fcndungen oder Schmerzen. Zur Unterst\u00fctzung des Immunsystems.<\/p>\n<p><strong>PZN<\/strong>: 13751860 (Pharmazentralnummer)<\/p>\n<p><strong>Darreichungsform<\/strong>: Tabletten<\/p>\n<p><strong>Verordnungsart<\/strong>: Rezeptfrei<\/p>\n<p><strong>Marke<\/strong>: WOBENZYM<\/p>\n<p><strong>Hersteller<\/strong>:\u00a0 MUCOS Pharma GmbH &amp; Co. KG<\/p>\n<p><strong>Packungsgr\u00f6\u00dfe<\/strong>: 800 St\u00fcck<\/p>\n","protected":false},"featured_media":103587,"template":"","meta":[],"product_cat":[13,43,1011],"product_tag":[402,433,254,988,215,426,473,214,469],"yoast_head":"<!-- This site is optimized with the Yoast SEO Premium plugin v21.0 (Yoast SEO v21.0) - https:\/\/yoast.com\/wordpress\/plugins\/seo\/ -->\n<title>WOBENZYM Tabletten 800 St. - g\u00fcnstig kaufen in der Apotheke<\/title>\n<meta name=\"description\" content=\"Wobenzym vom Spezialisten f\u00fcr Naturheilkunde: kurze Lieferzeit. Zur Unterst\u00fctzung bei Entz\u00fcndungen und des Immunsystems - WOBENZYM Tabletten 800 St.\" \/>\n<meta name=\"robots\" content=\"index, follow, max-snippet:-1, max-image-preview:large, max-video-preview:-1\" \/>\n<link rel=\"canonical\" href=\"https:\/\/www.loewen-apotheke24.com\/de\/shop\/angebot\/wobenzym-tabletten-800-st-13751860\/\" \/>\n<meta property=\"og:locale\" content=\"de_DE\" \/>\n<meta property=\"og:type\" content=\"article\" \/>\n<meta property=\"og:title\" content=\"WOBENZYM Tabletten 800 St. - g\u00fcnstig kaufen in der Apotheke\" \/>\n<meta property=\"og:description\" content=\"Wobenzym vom Spezialisten f\u00fcr Naturheilkunde: kurze Lieferzeit. Zur Unterst\u00fctzung bei Entz\u00fcndungen und des Immunsystems - WOBENZYM Tabletten 800 St.\" \/>\n<meta property=\"og:url\" content=\"https:\/\/www.loewen-apotheke24.com\/de\/shop\/angebot\/wobenzym-tabletten-800-st-13751860\/\" \/>\n<meta property=\"og:site_name\" content=\"L\u00f6wen Apotheke24\" \/>\n<meta property=\"article:modified_time\" content=\"2026-04-19T07:11:35+00:00\" \/>\n<meta property=\"og:image\" content=\"https:\/\/www.loewen-apotheke24.com\/wp-content\/uploads\/2023\/04\/WOBENZYM-Tabletten-800-St-13751860.webp\" \/>\n\t<meta property=\"og:image:width\" content=\"600\" \/>\n\t<meta property=\"og:image:height\" content=\"600\" \/>\n\t<meta property=\"og:image:type\" content=\"image\/webp\" \/>\n<meta name=\"twitter:card\" content=\"summary_large_image\" \/>\n<meta name=\"twitter:label1\" content=\"Gesch\u00e4tzte Lesezeit\" \/>\n\t<meta name=\"twitter:data1\" content=\"1\u00a0Minute\" \/>\n<script type=\"application\/ld+json\" class=\"yoast-schema-graph\">{\"@context\":\"https:\/\/schema.org\",\"@graph\":[{\"@type\":\"WebPage\",\"@id\":\"https:\/\/www.loewen-apotheke24.com\/de\/shop\/angebot\/wobenzym-tabletten-800-st-13751860\/\",\"url\":\"https:\/\/www.loewen-apotheke24.com\/de\/shop\/angebot\/wobenzym-tabletten-800-st-13751860\/\",\"name\":\"WOBENZYM Tabletten 800 St. - g\u00fcnstig kaufen in der Apotheke\",\"isPartOf\":{\"@id\":\"https:\/\/www.loewen-apotheke24.com\/de\/#website\"},\"datePublished\":\"2023-04-02T06:43:18+00:00\",\"dateModified\":\"2026-04-19T07:11:35+00:00\",\"description\":\"Wobenzym vom Spezialisten f\u00fcr Naturheilkunde: kurze Lieferzeit. Zur Unterst\u00fctzung bei Entz\u00fcndungen und des Immunsystems - WOBENZYM Tabletten 800 St.\",\"breadcrumb\":{\"@id\":\"https:\/\/www.loewen-apotheke24.com\/de\/shop\/angebot\/wobenzym-tabletten-800-st-13751860\/#breadcrumb\"},\"inLanguage\":\"de\",\"potentialAction\":[{\"@type\":\"ReadAction\",\"target\":[\"https:\/\/www.loewen-apotheke24.com\/de\/shop\/angebot\/wobenzym-tabletten-800-st-13751860\/\"]}]},{\"@type\":\"BreadcrumbList\",\"@id\":\"https:\/\/www.loewen-apotheke24.com\/de\/shop\/angebot\/wobenzym-tabletten-800-st-13751860\/#breadcrumb\",\"itemListElement\":[{\"@type\":\"ListItem\",\"position\":1,\"name\":\"Shop\",\"item\":\"https:\/\/www.loewen-apotheke24.com\/de\/shop\/\"},{\"@type\":\"ListItem\",\"position\":2,\"name\":\"WOBENZYM Tabletten 800 St.\"}]},{\"@type\":\"WebSite\",\"@id\":\"https:\/\/www.loewen-apotheke24.com\/de\/#website\",\"url\":\"https:\/\/www.loewen-apotheke24.com\/de\/\",\"name\":\"L\u00f6wen Apotheke24\",\"description\":\"Spezialist f\u00fcr Naturmedizin - Versandapotheke Baden-Baden\",\"publisher\":{\"@id\":\"https:\/\/www.loewen-apotheke24.com\/de\/#organization\"},\"potentialAction\":[{\"@type\":\"SearchAction\",\"target\":{\"@type\":\"EntryPoint\",\"urlTemplate\":\"https:\/\/www.loewen-apotheke24.com\/de\/?s={search_term_string}\"},\"query-input\":\"required name=search_term_string\"}],\"inLanguage\":\"de\"},{\"@type\":\"Organization\",\"@id\":\"https:\/\/www.loewen-apotheke24.com\/de\/#organization\",\"name\":\"L\u00f6wen Apotheke\",\"alternateName\":\"L\u00f6wen Apotheke\",\"url\":\"https:\/\/www.loewen-apotheke24.com\/de\/\",\"logo\":{\"@type\":\"ImageObject\",\"inLanguage\":\"de\",\"@id\":\"https:\/\/www.loewen-apotheke24.com\/de\/#\/schema\/logo\/image\/\",\"url\":\"https:\/\/www.loewen-apotheke24.com\/wp-content\/uploads\/2024\/02\/Logo-Loewen-Apotheke-700x700-1.png\",\"contentUrl\":\"https:\/\/www.loewen-apotheke24.com\/wp-content\/uploads\/2024\/02\/Logo-Loewen-Apotheke-700x700-1.png\",\"width\":700,\"height\":700,\"caption\":\"L\u00f6wen Apotheke\"},\"image\":{\"@id\":\"https:\/\/www.loewen-apotheke24.com\/de\/#\/schema\/logo\/image\/\"}}]}<\/script>\n<!-- \/ Yoast SEO Premium plugin. -->","yoast_head_json":{"title":"WOBENZYM Tabletten 800 St. - g\u00fcnstig kaufen in der Apotheke","description":"Wobenzym vom Spezialisten f\u00fcr Naturheilkunde: kurze Lieferzeit. Zur Unterst\u00fctzung bei Entz\u00fcndungen und des Immunsystems - WOBENZYM Tabletten 800 St.","robots":{"index":"index","follow":"follow","max-snippet":"max-snippet:-1","max-image-preview":"max-image-preview:large","max-video-preview":"max-video-preview:-1"},"canonical":"https:\/\/www.loewen-apotheke24.com\/de\/shop\/angebot\/wobenzym-tabletten-800-st-13751860\/","og_locale":"de_DE","og_type":"article","og_title":"WOBENZYM Tabletten 800 St. - g\u00fcnstig kaufen in der Apotheke","og_description":"Wobenzym vom Spezialisten f\u00fcr Naturheilkunde: kurze Lieferzeit. Zur Unterst\u00fctzung bei Entz\u00fcndungen und des Immunsystems - WOBENZYM Tabletten 800 St.","og_url":"https:\/\/www.loewen-apotheke24.com\/de\/shop\/angebot\/wobenzym-tabletten-800-st-13751860\/","og_site_name":"L\u00f6wen Apotheke24","article_modified_time":"2026-04-19T07:11:35+00:00","og_image":[{"width":600,"height":600,"url":"https:\/\/www.loewen-apotheke24.com\/wp-content\/uploads\/2023\/04\/WOBENZYM-Tabletten-800-St-13751860.webp","type":"image\/webp"}],"twitter_card":"summary_large_image","twitter_misc":{"Gesch\u00e4tzte Lesezeit":"1\u00a0Minute"},"schema":{"@context":"https:\/\/schema.org","@graph":[{"@type":"WebPage","@id":"https:\/\/www.loewen-apotheke24.com\/de\/shop\/angebot\/wobenzym-tabletten-800-st-13751860\/","url":"https:\/\/www.loewen-apotheke24.com\/de\/shop\/angebot\/wobenzym-tabletten-800-st-13751860\/","name":"WOBENZYM Tabletten 800 St. - g\u00fcnstig kaufen in der Apotheke","isPartOf":{"@id":"https:\/\/www.loewen-apotheke24.com\/de\/#website"},"datePublished":"2023-04-02T06:43:18+00:00","dateModified":"2026-04-19T07:11:35+00:00","description":"Wobenzym vom Spezialisten f\u00fcr Naturheilkunde: kurze Lieferzeit. Zur Unterst\u00fctzung bei Entz\u00fcndungen und des Immunsystems - WOBENZYM Tabletten 800 St.","breadcrumb":{"@id":"https:\/\/www.loewen-apotheke24.com\/de\/shop\/angebot\/wobenzym-tabletten-800-st-13751860\/#breadcrumb"},"inLanguage":"de","potentialAction":[{"@type":"ReadAction","target":["https:\/\/www.loewen-apotheke24.com\/de\/shop\/angebot\/wobenzym-tabletten-800-st-13751860\/"]}]},{"@type":"BreadcrumbList","@id":"https:\/\/www.loewen-apotheke24.com\/de\/shop\/angebot\/wobenzym-tabletten-800-st-13751860\/#breadcrumb","itemListElement":[{"@type":"ListItem","position":1,"name":"Shop","item":"https:\/\/www.loewen-apotheke24.com\/de\/shop\/"},{"@type":"ListItem","position":2,"name":"WOBENZYM Tabletten 800 St."}]},{"@type":"WebSite","@id":"https:\/\/www.loewen-apotheke24.com\/de\/#website","url":"https:\/\/www.loewen-apotheke24.com\/de\/","name":"L\u00f6wen Apotheke24","description":"Spezialist f\u00fcr Naturmedizin - Versandapotheke Baden-Baden","publisher":{"@id":"https:\/\/www.loewen-apotheke24.com\/de\/#organization"},"potentialAction":[{"@type":"SearchAction","target":{"@type":"EntryPoint","urlTemplate":"https:\/\/www.loewen-apotheke24.com\/de\/?s={search_term_string}"},"query-input":"required name=search_term_string"}],"inLanguage":"de"},{"@type":"Organization","@id":"https:\/\/www.loewen-apotheke24.com\/de\/#organization","name":"L\u00f6wen Apotheke","alternateName":"L\u00f6wen Apotheke","url":"https:\/\/www.loewen-apotheke24.com\/de\/","logo":{"@type":"ImageObject","inLanguage":"de","@id":"https:\/\/www.loewen-apotheke24.com\/de\/#\/schema\/logo\/image\/","url":"https:\/\/www.loewen-apotheke24.com\/wp-content\/uploads\/2024\/02\/Logo-Loewen-Apotheke-700x700-1.png","contentUrl":"https:\/\/www.loewen-apotheke24.com\/wp-content\/uploads\/2024\/02\/Logo-Loewen-Apotheke-700x700-1.png","width":700,"height":700,"caption":"L\u00f6wen Apotheke"},"image":{"@id":"https:\/\/www.loewen-apotheke24.com\/de\/#\/schema\/logo\/image\/"}}]}},"_links":{"self":[{"href":"https:\/\/www.loewen-apotheke24.com\/de\/wp-json\/wp\/v2\/product\/63043"}],"collection":[{"href":"https:\/\/www.loewen-apotheke24.com\/de\/wp-json\/wp\/v2\/product"}],"about":[{"href":"https:\/\/www.loewen-apotheke24.com\/de\/wp-json\/wp\/v2\/types\/product"}],"wp:featuredmedia":[{"embeddable":true,"href":"https:\/\/www.loewen-apotheke24.com\/de\/wp-json\/wp\/v2\/media\/103587"}],"wp:attachment":[{"href":"https:\/\/www.loewen-apotheke24.com\/de\/wp-json\/wp\/v2\/media?parent=63043"}],"wp:term":[{"taxonomy":"product_cat","embeddable":true,"href":"https:\/\/www.loewen-apotheke24.com\/de\/wp-json\/wp\/v2\/product_cat?post=63043"},{"taxonomy":"product_tag","embeddable":true,"href":"https:\/\/www.loewen-apotheke24.com\/de\/wp-json\/wp\/v2\/product_tag?post=63043"}],"curies":[{"name":"wp","href":"https:\/\/api.w.org\/{rel}","templated":true}]}}