{"id":64130,"date":"2023-04-17T20:25:37","date_gmt":"2023-04-17T19:25:37","guid":{"rendered":"https:\/\/www.loewen-apotheke24.com\/?post_type=product&#038;p=64130"},"modified":"2026-03-22T08:42:15","modified_gmt":"2026-03-22T07:42:15","slug":"perenterol-forte-250-mg-kapseln-50-st-04796875","status":"publish","type":"product","link":"https:\/\/www.loewen-apotheke24.com\/de\/shop\/angebot\/perenterol-forte-250-mg-kapseln-50-st-04796875\/","title":{"rendered":"Perenterol forte 250 mg Kapseln &#8211; 50 St."},"content":{"rendered":"<h3 style=\"text-align: left;\">Perenterol forte 250 mg Kapseln<\/h3>\n<p>Perenterol forte 250 mg Kapseln: Bei akutem Durchfall. Bindet die Erreger und scheidet sie aus. Stabilisiert die Darmflora und regeneriert den Darm.<\/p>\n<p>Perenterol hat sich als zuverl\u00e4ssige und nat\u00fcrliche Hilfe bei Durchfall bew\u00e4hrt. Das Arzneimittel eignet sich sowohl zur Behandlung von akutem Durchfall sowie zur Vorbeugung (bei Reisen) und kann bei Erwachsenen und Kindern ab 2 Jahren eingesetzt werden. Perenterol forte ist auch zur Behandlung von Antibiotika-bedingtem Durchfall (AAD) geeignet.<\/p>\n<p>Das gut vertr\u00e4gliche Arzneimittel mit dem nat\u00fcrlichen Wirkstoff Probiotikum auf Basis von Saccharomyces boulardii (Arznei-Hefe) wirkt effektiv gegen Diarrh\u00f6 und hilft, Erreger aus dem K\u00f6rper auszuschleusen.<\/p>\n<p>Weitere Produktdetails zu Perenterol forte 250 mg Kapseln finden Sie beim Hersteller: <a href=\"https:\/\/www.medigel.de\/\" target=\"_blank\" rel=\"noopener\">MEDICE Arzneimittel P\u00fctter GmbH&amp;Co.KG<\/a><\/p>\n<p>Andere Kunden interessierten sich auch f\u00fcr Produkte zum Thema: <a href=\"https:\/\/www.loewen-apotheke24.com\/de\/product_tag\/durchfall\/\">Magen, Darm, Durchfall<\/a>\u00a0 |\u00a0 <a href=\"https:\/\/www.loewen-apotheke24.com\/de\/product_tag\/reiseapotheke\/\">Reiseapotheke\u00a0<\/a><\/p>\n<p>Informationen auf dieser Website werden ausschlie\u00dflich f\u00fcr informative Zwecke zur Verf\u00fcgung gestellt. Sie ersetzen keinesfalls die Untersuchung und Behandlung durch einen Arzt. Bitte beachten Sie, dass hierdurch weder Diagnosen gestellt noch Therapien eingeleitet werden k\u00f6nnen.<\/p>\n<p>Zu Risiken und Nebenwirkungen lesen Sie die Packungsbeilage und fragen Sie Ihren Arzt oder Apotheker.<\/p>\n<h3>Rezept | E-Rezept vorhanden?<\/h3>\n<p>Reichen Sie jetzt Ihr E-Rezept ein. Nutzen Sie unsere\u00a0<a href=\"https:\/\/e-rezept-app.de\/shop-rezept\" target=\"_blank\" rel=\"noopener\">E-Rezept<\/a>\u00a0App. Und wir schenken Ihnen die Versandkosten bei Lieferung in Deutschland!<\/p>\n","protected":false},"excerpt":{"rendered":"<h2>Perenterol forte 250 mg Kapseln &#8211; 50 St.<\/h2>\n<p>Bei akutem Durchfall. Bindet die Erreger und scheidet sie aus. Stabilisiert die Darmflora und regeneriert den Darm.<\/p>\n<p><strong>PZN<\/strong>: 04796875 (Pharmazentralnummer)<\/p>\n<p><strong>Darreichungsform<\/strong>: Kapseln<\/p>\n<p><strong>Verordnungsart<\/strong>: Rezeptfrei<\/p>\n<p><strong>Hersteller<\/strong>: MEDICE Arzneimittel P\u00fctter GmbH&amp;Co.KG<\/p>\n<p><strong>Packungsgr\u00f6\u00dfe<\/strong>: 50 St.<\/p>\n","protected":false},"featured_media":103805,"template":"","meta":[],"product_cat":[13,927],"product_tag":[483,470],"yoast_head":"<!-- This site is optimized with the Yoast SEO Premium plugin v21.0 (Yoast SEO v21.0) - https:\/\/yoast.com\/wordpress\/plugins\/seo\/ -->\n<title>Perenterol forte 250 mg Kapseln - 50 St. | bei akutem Durchfall.<\/title>\n<meta name=\"description\" content=\"Perenterol forte 250 mg Kapseln - 50 St. bei Ihrer deutschen Online-Apotheke g\u00fcnstig bestellen. Verf\u00fcgbarkeit: kurzfristig lieferbar. Schneller Versand.\" \/>\n<meta name=\"robots\" content=\"index, follow, max-snippet:-1, max-image-preview:large, max-video-preview:-1\" \/>\n<link rel=\"canonical\" href=\"https:\/\/www.loewen-apotheke24.com\/de\/shop\/angebot\/perenterol-forte-250-mg-kapseln-50-st-04796875\/\" \/>\n<meta property=\"og:locale\" content=\"de_DE\" \/>\n<meta property=\"og:type\" content=\"article\" \/>\n<meta property=\"og:title\" content=\"Perenterol forte 250 mg Kapseln - 50 St. | bei akutem Durchfall.\" \/>\n<meta property=\"og:description\" content=\"Perenterol forte 250 mg Kapseln - 50 St. bei Ihrer deutschen Online-Apotheke g\u00fcnstig bestellen. Verf\u00fcgbarkeit: kurzfristig lieferbar. Schneller Versand.\" \/>\n<meta property=\"og:url\" content=\"https:\/\/www.loewen-apotheke24.com\/de\/shop\/angebot\/perenterol-forte-250-mg-kapseln-50-st-04796875\/\" \/>\n<meta property=\"og:site_name\" content=\"L\u00f6wen Apotheke24\" \/>\n<meta property=\"article:modified_time\" content=\"2026-03-22T07:42:15+00:00\" \/>\n<meta property=\"og:image\" content=\"https:\/\/www.loewen-apotheke24.com\/wp-content\/uploads\/2023\/04\/Perenterol-forte-250-mg-Kapseln-04796875-Medice_Arzneimittel.webp\" \/>\n\t<meta property=\"og:image:width\" content=\"600\" \/>\n\t<meta property=\"og:image:height\" content=\"600\" \/>\n\t<meta property=\"og:image:type\" content=\"image\/webp\" \/>\n<meta name=\"twitter:card\" content=\"summary_large_image\" \/>\n<meta name=\"twitter:label1\" content=\"Gesch\u00e4tzte Lesezeit\" \/>\n\t<meta name=\"twitter:data1\" content=\"2\u00a0Minuten\" \/>\n<script type=\"application\/ld+json\" class=\"yoast-schema-graph\">{\"@context\":\"https:\/\/schema.org\",\"@graph\":[{\"@type\":\"WebPage\",\"@id\":\"https:\/\/www.loewen-apotheke24.com\/de\/shop\/angebot\/perenterol-forte-250-mg-kapseln-50-st-04796875\/\",\"url\":\"https:\/\/www.loewen-apotheke24.com\/de\/shop\/angebot\/perenterol-forte-250-mg-kapseln-50-st-04796875\/\",\"name\":\"Perenterol forte 250 mg Kapseln - 50 St. | bei akutem Durchfall.\",\"isPartOf\":{\"@id\":\"https:\/\/www.loewen-apotheke24.com\/de\/#website\"},\"datePublished\":\"2023-04-17T19:25:37+00:00\",\"dateModified\":\"2026-03-22T07:42:15+00:00\",\"description\":\"Perenterol forte 250 mg Kapseln - 50 St. bei Ihrer deutschen Online-Apotheke g\u00fcnstig bestellen. Verf\u00fcgbarkeit: kurzfristig lieferbar. Schneller Versand.\",\"breadcrumb\":{\"@id\":\"https:\/\/www.loewen-apotheke24.com\/de\/shop\/angebot\/perenterol-forte-250-mg-kapseln-50-st-04796875\/#breadcrumb\"},\"inLanguage\":\"de\",\"potentialAction\":[{\"@type\":\"ReadAction\",\"target\":[\"https:\/\/www.loewen-apotheke24.com\/de\/shop\/angebot\/perenterol-forte-250-mg-kapseln-50-st-04796875\/\"]}]},{\"@type\":\"BreadcrumbList\",\"@id\":\"https:\/\/www.loewen-apotheke24.com\/de\/shop\/angebot\/perenterol-forte-250-mg-kapseln-50-st-04796875\/#breadcrumb\",\"itemListElement\":[{\"@type\":\"ListItem\",\"position\":1,\"name\":\"Shop\",\"item\":\"https:\/\/www.loewen-apotheke24.com\/de\/shop\/\"},{\"@type\":\"ListItem\",\"position\":2,\"name\":\"Perenterol forte 250 mg Kapseln &#8211; 50 St.\"}]},{\"@type\":\"WebSite\",\"@id\":\"https:\/\/www.loewen-apotheke24.com\/de\/#website\",\"url\":\"https:\/\/www.loewen-apotheke24.com\/de\/\",\"name\":\"L\u00f6wen Apotheke24\",\"description\":\"Spezialist f\u00fcr Naturmedizin - Versandapotheke Baden-Baden\",\"publisher\":{\"@id\":\"https:\/\/www.loewen-apotheke24.com\/de\/#organization\"},\"potentialAction\":[{\"@type\":\"SearchAction\",\"target\":{\"@type\":\"EntryPoint\",\"urlTemplate\":\"https:\/\/www.loewen-apotheke24.com\/de\/?s={search_term_string}\"},\"query-input\":\"required name=search_term_string\"}],\"inLanguage\":\"de\"},{\"@type\":\"Organization\",\"@id\":\"https:\/\/www.loewen-apotheke24.com\/de\/#organization\",\"name\":\"L\u00f6wen Apotheke\",\"alternateName\":\"L\u00f6wen Apotheke\",\"url\":\"https:\/\/www.loewen-apotheke24.com\/de\/\",\"logo\":{\"@type\":\"ImageObject\",\"inLanguage\":\"de\",\"@id\":\"https:\/\/www.loewen-apotheke24.com\/de\/#\/schema\/logo\/image\/\",\"url\":\"https:\/\/www.loewen-apotheke24.com\/wp-content\/uploads\/2024\/02\/Logo-Loewen-Apotheke-700x700-1.png\",\"contentUrl\":\"https:\/\/www.loewen-apotheke24.com\/wp-content\/uploads\/2024\/02\/Logo-Loewen-Apotheke-700x700-1.png\",\"width\":700,\"height\":700,\"caption\":\"L\u00f6wen Apotheke\"},\"image\":{\"@id\":\"https:\/\/www.loewen-apotheke24.com\/de\/#\/schema\/logo\/image\/\"}}]}<\/script>\n<!-- \/ Yoast SEO Premium plugin. -->","yoast_head_json":{"title":"Perenterol forte 250 mg Kapseln - 50 St. | bei akutem Durchfall.","description":"Perenterol forte 250 mg Kapseln - 50 St. bei Ihrer deutschen Online-Apotheke g\u00fcnstig bestellen. Verf\u00fcgbarkeit: kurzfristig lieferbar. Schneller Versand.","robots":{"index":"index","follow":"follow","max-snippet":"max-snippet:-1","max-image-preview":"max-image-preview:large","max-video-preview":"max-video-preview:-1"},"canonical":"https:\/\/www.loewen-apotheke24.com\/de\/shop\/angebot\/perenterol-forte-250-mg-kapseln-50-st-04796875\/","og_locale":"de_DE","og_type":"article","og_title":"Perenterol forte 250 mg Kapseln - 50 St. | bei akutem Durchfall.","og_description":"Perenterol forte 250 mg Kapseln - 50 St. bei Ihrer deutschen Online-Apotheke g\u00fcnstig bestellen. Verf\u00fcgbarkeit: kurzfristig lieferbar. Schneller Versand.","og_url":"https:\/\/www.loewen-apotheke24.com\/de\/shop\/angebot\/perenterol-forte-250-mg-kapseln-50-st-04796875\/","og_site_name":"L\u00f6wen Apotheke24","article_modified_time":"2026-03-22T07:42:15+00:00","og_image":[{"width":600,"height":600,"url":"https:\/\/www.loewen-apotheke24.com\/wp-content\/uploads\/2023\/04\/Perenterol-forte-250-mg-Kapseln-04796875-Medice_Arzneimittel.webp","type":"image\/webp"}],"twitter_card":"summary_large_image","twitter_misc":{"Gesch\u00e4tzte Lesezeit":"2\u00a0Minuten"},"schema":{"@context":"https:\/\/schema.org","@graph":[{"@type":"WebPage","@id":"https:\/\/www.loewen-apotheke24.com\/de\/shop\/angebot\/perenterol-forte-250-mg-kapseln-50-st-04796875\/","url":"https:\/\/www.loewen-apotheke24.com\/de\/shop\/angebot\/perenterol-forte-250-mg-kapseln-50-st-04796875\/","name":"Perenterol forte 250 mg Kapseln - 50 St. | bei akutem Durchfall.","isPartOf":{"@id":"https:\/\/www.loewen-apotheke24.com\/de\/#website"},"datePublished":"2023-04-17T19:25:37+00:00","dateModified":"2026-03-22T07:42:15+00:00","description":"Perenterol forte 250 mg Kapseln - 50 St. bei Ihrer deutschen Online-Apotheke g\u00fcnstig bestellen. Verf\u00fcgbarkeit: kurzfristig lieferbar. Schneller Versand.","breadcrumb":{"@id":"https:\/\/www.loewen-apotheke24.com\/de\/shop\/angebot\/perenterol-forte-250-mg-kapseln-50-st-04796875\/#breadcrumb"},"inLanguage":"de","potentialAction":[{"@type":"ReadAction","target":["https:\/\/www.loewen-apotheke24.com\/de\/shop\/angebot\/perenterol-forte-250-mg-kapseln-50-st-04796875\/"]}]},{"@type":"BreadcrumbList","@id":"https:\/\/www.loewen-apotheke24.com\/de\/shop\/angebot\/perenterol-forte-250-mg-kapseln-50-st-04796875\/#breadcrumb","itemListElement":[{"@type":"ListItem","position":1,"name":"Shop","item":"https:\/\/www.loewen-apotheke24.com\/de\/shop\/"},{"@type":"ListItem","position":2,"name":"Perenterol forte 250 mg Kapseln &#8211; 50 St."}]},{"@type":"WebSite","@id":"https:\/\/www.loewen-apotheke24.com\/de\/#website","url":"https:\/\/www.loewen-apotheke24.com\/de\/","name":"L\u00f6wen Apotheke24","description":"Spezialist f\u00fcr Naturmedizin - Versandapotheke Baden-Baden","publisher":{"@id":"https:\/\/www.loewen-apotheke24.com\/de\/#organization"},"potentialAction":[{"@type":"SearchAction","target":{"@type":"EntryPoint","urlTemplate":"https:\/\/www.loewen-apotheke24.com\/de\/?s={search_term_string}"},"query-input":"required name=search_term_string"}],"inLanguage":"de"},{"@type":"Organization","@id":"https:\/\/www.loewen-apotheke24.com\/de\/#organization","name":"L\u00f6wen Apotheke","alternateName":"L\u00f6wen Apotheke","url":"https:\/\/www.loewen-apotheke24.com\/de\/","logo":{"@type":"ImageObject","inLanguage":"de","@id":"https:\/\/www.loewen-apotheke24.com\/de\/#\/schema\/logo\/image\/","url":"https:\/\/www.loewen-apotheke24.com\/wp-content\/uploads\/2024\/02\/Logo-Loewen-Apotheke-700x700-1.png","contentUrl":"https:\/\/www.loewen-apotheke24.com\/wp-content\/uploads\/2024\/02\/Logo-Loewen-Apotheke-700x700-1.png","width":700,"height":700,"caption":"L\u00f6wen Apotheke"},"image":{"@id":"https:\/\/www.loewen-apotheke24.com\/de\/#\/schema\/logo\/image\/"}}]}},"_links":{"self":[{"href":"https:\/\/www.loewen-apotheke24.com\/de\/wp-json\/wp\/v2\/product\/64130"}],"collection":[{"href":"https:\/\/www.loewen-apotheke24.com\/de\/wp-json\/wp\/v2\/product"}],"about":[{"href":"https:\/\/www.loewen-apotheke24.com\/de\/wp-json\/wp\/v2\/types\/product"}],"wp:featuredmedia":[{"embeddable":true,"href":"https:\/\/www.loewen-apotheke24.com\/de\/wp-json\/wp\/v2\/media\/103805"}],"wp:attachment":[{"href":"https:\/\/www.loewen-apotheke24.com\/de\/wp-json\/wp\/v2\/media?parent=64130"}],"wp:term":[{"taxonomy":"product_cat","embeddable":true,"href":"https:\/\/www.loewen-apotheke24.com\/de\/wp-json\/wp\/v2\/product_cat?post=64130"},{"taxonomy":"product_tag","embeddable":true,"href":"https:\/\/www.loewen-apotheke24.com\/de\/wp-json\/wp\/v2\/product_tag?post=64130"}],"curies":[{"name":"wp","href":"https:\/\/api.w.org\/{rel}","templated":true}]}}