{"id":64135,"date":"2023-04-17T20:33:16","date_gmt":"2023-04-17T19:33:16","guid":{"rendered":"https:\/\/www.loewen-apotheke24.com\/?post_type=product&#038;p=64135"},"modified":"2025-07-25T14:07:04","modified_gmt":"2025-07-25T13:07:04","slug":"cystinol-akut-dragees-100-st","status":"publish","type":"product","link":"https:\/\/www.loewen-apotheke24.com\/de\/shop\/medice\/cystinol-akut-dragees-100-st\/","title":{"rendered":"Cystinol akut Dragees &#8211; 100 St."},"content":{"rendered":"<h3 style=\"text-align: left;\">Cystinol akut Dragees<\/h3>\n<p>Pflanzliches Arzneimittel bei akuter Blasenentz\u00fcndung &#8211; Cystinol akut Dragees. Breite antibakterielle Wirkung gegen die h\u00e4ufigsten Erreger von Harnwegsinfekten. Beschleunigt den Heilungsverlauf, keine Resistenzbildung<\/p>\n<p>Weitere Produktdetails finden Sie beim Hersteller: <a href=\"https:\/\/www.medigel.de\/\" target=\"_blank\" rel=\"noopener\">MEDICE Arzneimittel P\u00fctter GmbH&amp;Co.KG<\/a><\/p>\n<p>Andere Kunden interessierten sich auch f\u00fcr Produkte zum Thema: <a href=\"https:\/\/www.loewen-apotheke24.com\/de\/product_tag\/niere-prostata\/\">Niere &#8211; Blasenentz\u00fcndung\u00a0<\/a> |\u00a0 <a href=\"https:\/\/www.loewen-apotheke24.com\/de\/product_tag\/reiseapotheke\/\">Reiseapotheke\u00a0<\/a><\/p>\n<p>Informationen auf dieser Website werden ausschlie\u00dflich f\u00fcr informative Zwecke zur Verf\u00fcgung gestellt. Sie ersetzen keinesfalls die Untersuchung und Behandlung durch einen Arzt. Bitte beachten Sie, dass hierdurch weder Diagnosen gestellt noch Therapien eingeleitet werden k\u00f6nnen.<\/p>\n<p>DE: Bestelle Cystinol akut in anderen Sprachen <a href=\"https:\/\/lions-pharmacy.com\/fr\/boutique\">FR<\/a> | <a href=\"https:\/\/lions-pharmacy.com\/es\/tienda\">ES<\/a> | <a href=\"https:\/\/lions-pharmacy.com\/it\/negozio\">IT<\/a> auf Lions-Pharmacy.com.<br \/>\nFR: Commande dans d&#8217;autres langues <a href=\"https:\/\/lions-pharmacy.com\/fr\/boutique\">FR<\/a> | <a href=\"https:\/\/lions-pharmacy.com\/es\/tienda\">ES<\/a> | <a href=\"https:\/\/lions-pharmacy.com\/it\/negozio\">IT<\/a> sur Lions-Pharmacy.com.<br \/>\nES: Pedido en otros idiomas <a href=\"https:\/\/lions-pharmacy.com\/fr\/boutique\">FR<\/a> | <a href=\"https:\/\/lions-pharmacy.com\/es\/tienda\">ES<\/a> | <a href=\"https:\/\/lions-pharmacy.com\/it\/negozio\">IT<\/a>en Lions-Pharmacy.com.<br \/>\nIT: Ordina in altre lingue <a href=\"https:\/\/lions-pharmacy.com\/fr\/boutique\">FR<\/a> | <a href=\"https:\/\/lions-pharmacy.com\/es\/tienda\">ES<\/a> | <a href=\"https:\/\/lions-pharmacy.com\/it\/negozio\">IT<\/a> su Lions-Pharmacy.com.<\/p>\n<p>Zu Risiken und Nebenwirkungen lesen Sie die Packungsbeilage und fragen Sie Ihren Arzt oder Apotheker.<\/p>\n","protected":false},"excerpt":{"rendered":"<h2>Cystinol akut Dragees &#8211; 100 St.<\/h2>\n<p>Pflanzliches Arzneimittel bei akuter Blasenentz\u00fcndung.<\/p>\n<p><strong>PZN<\/strong>: 07126744 (Pharmazentralnummer)<\/p>\n<p><strong>Darreichungsform<\/strong>: Kapseln<\/p>\n<p><strong>Verordnungsart<\/strong>: Rezeptfrei<\/p>\n<p><strong>Hersteller<\/strong>: MEDICE Arzneimittel P\u00fctter GmbH&amp;Co.KG<\/p>\n<p><strong>Packungsgr\u00f6\u00dfe<\/strong>: 100 St.<\/p>\n","protected":false},"featured_media":103799,"template":"","meta":[],"product_cat":[927],"product_tag":[471,472,470],"yoast_head":"<!-- This site is optimized with the Yoast SEO Premium plugin v21.0 (Yoast SEO v21.0) - https:\/\/yoast.com\/wordpress\/plugins\/seo\/ -->\n<title>Cystinol akut Dragees - 100 St. g\u00fcnstig kaufen - L\u00f6wen Apotheke24<\/title>\n<meta name=\"description\" content=\"Ihr Spezialist f\u00fcr Naturheilkunde. Versand mit DHL, kurze Lieferzeit &amp; versandkostenfrei ab 30\u20ac. Cystinol akut Dragees - 100 St. - PZN: 07126744. Auf Lager.\" \/>\n<meta name=\"robots\" content=\"index, follow, max-snippet:-1, max-image-preview:large, max-video-preview:-1\" \/>\n<link rel=\"canonical\" href=\"https:\/\/www.loewen-apotheke24.com\/de\/shop\/medice\/cystinol-akut-dragees-100-st\/\" \/>\n<meta property=\"og:locale\" content=\"de_DE\" \/>\n<meta property=\"og:type\" content=\"article\" \/>\n<meta property=\"og:title\" content=\"Cystinol akut Dragees - 100 St. g\u00fcnstig kaufen - L\u00f6wen Apotheke24\" \/>\n<meta property=\"og:description\" content=\"Ihr Spezialist f\u00fcr Naturheilkunde. Versand mit DHL, kurze Lieferzeit &amp; versandkostenfrei ab 30\u20ac. Cystinol akut Dragees - 100 St. - PZN: 07126744. Auf Lager.\" \/>\n<meta property=\"og:url\" content=\"https:\/\/www.loewen-apotheke24.com\/de\/shop\/medice\/cystinol-akut-dragees-100-st\/\" \/>\n<meta property=\"og:site_name\" content=\"L\u00f6wen Apotheke24\" \/>\n<meta property=\"article:modified_time\" content=\"2025-07-25T13:07:04+00:00\" \/>\n<meta property=\"og:image\" content=\"https:\/\/www.loewen-apotheke24.com\/wp-content\/uploads\/2023\/04\/Cystinol-akut-Dragees-100-St-07126744-Medice_Arzneimittel.webp\" \/>\n\t<meta property=\"og:image:width\" content=\"600\" \/>\n\t<meta property=\"og:image:height\" content=\"600\" \/>\n\t<meta property=\"og:image:type\" content=\"image\/webp\" \/>\n<meta name=\"twitter:card\" content=\"summary_large_image\" \/>\n<meta name=\"twitter:label1\" content=\"Gesch\u00e4tzte Lesezeit\" \/>\n\t<meta name=\"twitter:data1\" content=\"1\u00a0Minute\" \/>\n<script type=\"application\/ld+json\" class=\"yoast-schema-graph\">{\"@context\":\"https:\/\/schema.org\",\"@graph\":[{\"@type\":\"WebPage\",\"@id\":\"https:\/\/www.loewen-apotheke24.com\/de\/shop\/medice\/cystinol-akut-dragees-100-st\/\",\"url\":\"https:\/\/www.loewen-apotheke24.com\/de\/shop\/medice\/cystinol-akut-dragees-100-st\/\",\"name\":\"Cystinol akut Dragees - 100 St. g\u00fcnstig kaufen - L\u00f6wen Apotheke24\",\"isPartOf\":{\"@id\":\"https:\/\/www.loewen-apotheke24.com\/de\/#website\"},\"datePublished\":\"2023-04-17T19:33:16+00:00\",\"dateModified\":\"2025-07-25T13:07:04+00:00\",\"description\":\"Ihr Spezialist f\u00fcr Naturheilkunde. Versand mit DHL, kurze Lieferzeit & versandkostenfrei ab 30\u20ac. Cystinol akut Dragees - 100 St. - PZN: 07126744. Auf Lager.\",\"breadcrumb\":{\"@id\":\"https:\/\/www.loewen-apotheke24.com\/de\/shop\/medice\/cystinol-akut-dragees-100-st\/#breadcrumb\"},\"inLanguage\":\"de\",\"potentialAction\":[{\"@type\":\"ReadAction\",\"target\":[\"https:\/\/www.loewen-apotheke24.com\/de\/shop\/medice\/cystinol-akut-dragees-100-st\/\"]}]},{\"@type\":\"BreadcrumbList\",\"@id\":\"https:\/\/www.loewen-apotheke24.com\/de\/shop\/medice\/cystinol-akut-dragees-100-st\/#breadcrumb\",\"itemListElement\":[{\"@type\":\"ListItem\",\"position\":1,\"name\":\"Shop\",\"item\":\"https:\/\/www.loewen-apotheke24.com\/de\/shop\/\"},{\"@type\":\"ListItem\",\"position\":2,\"name\":\"Cystinol akut Dragees &#8211; 100 St.\"}]},{\"@type\":\"WebSite\",\"@id\":\"https:\/\/www.loewen-apotheke24.com\/de\/#website\",\"url\":\"https:\/\/www.loewen-apotheke24.com\/de\/\",\"name\":\"L\u00f6wen Apotheke24\",\"description\":\"Spezialist f\u00fcr Naturmedizin - Versandapotheke Baden-Baden\",\"publisher\":{\"@id\":\"https:\/\/www.loewen-apotheke24.com\/de\/#organization\"},\"potentialAction\":[{\"@type\":\"SearchAction\",\"target\":{\"@type\":\"EntryPoint\",\"urlTemplate\":\"https:\/\/www.loewen-apotheke24.com\/de\/?s={search_term_string}\"},\"query-input\":\"required name=search_term_string\"}],\"inLanguage\":\"de\"},{\"@type\":\"Organization\",\"@id\":\"https:\/\/www.loewen-apotheke24.com\/de\/#organization\",\"name\":\"L\u00f6wen Apotheke\",\"alternateName\":\"L\u00f6wen Apotheke\",\"url\":\"https:\/\/www.loewen-apotheke24.com\/de\/\",\"logo\":{\"@type\":\"ImageObject\",\"inLanguage\":\"de\",\"@id\":\"https:\/\/www.loewen-apotheke24.com\/de\/#\/schema\/logo\/image\/\",\"url\":\"https:\/\/www.loewen-apotheke24.com\/wp-content\/uploads\/2024\/02\/Logo-Loewen-Apotheke-700x700-1.png\",\"contentUrl\":\"https:\/\/www.loewen-apotheke24.com\/wp-content\/uploads\/2024\/02\/Logo-Loewen-Apotheke-700x700-1.png\",\"width\":700,\"height\":700,\"caption\":\"L\u00f6wen Apotheke\"},\"image\":{\"@id\":\"https:\/\/www.loewen-apotheke24.com\/de\/#\/schema\/logo\/image\/\"}}]}<\/script>\n<!-- \/ Yoast SEO Premium plugin. -->","yoast_head_json":{"title":"Cystinol akut Dragees - 100 St. g\u00fcnstig kaufen - L\u00f6wen Apotheke24","description":"Ihr Spezialist f\u00fcr Naturheilkunde. Versand mit DHL, kurze Lieferzeit & versandkostenfrei ab 30\u20ac. Cystinol akut Dragees - 100 St. - PZN: 07126744. Auf Lager.","robots":{"index":"index","follow":"follow","max-snippet":"max-snippet:-1","max-image-preview":"max-image-preview:large","max-video-preview":"max-video-preview:-1"},"canonical":"https:\/\/www.loewen-apotheke24.com\/de\/shop\/medice\/cystinol-akut-dragees-100-st\/","og_locale":"de_DE","og_type":"article","og_title":"Cystinol akut Dragees - 100 St. g\u00fcnstig kaufen - L\u00f6wen Apotheke24","og_description":"Ihr Spezialist f\u00fcr Naturheilkunde. Versand mit DHL, kurze Lieferzeit & versandkostenfrei ab 30\u20ac. Cystinol akut Dragees - 100 St. - PZN: 07126744. Auf Lager.","og_url":"https:\/\/www.loewen-apotheke24.com\/de\/shop\/medice\/cystinol-akut-dragees-100-st\/","og_site_name":"L\u00f6wen Apotheke24","article_modified_time":"2025-07-25T13:07:04+00:00","og_image":[{"width":600,"height":600,"url":"https:\/\/www.loewen-apotheke24.com\/wp-content\/uploads\/2023\/04\/Cystinol-akut-Dragees-100-St-07126744-Medice_Arzneimittel.webp","type":"image\/webp"}],"twitter_card":"summary_large_image","twitter_misc":{"Gesch\u00e4tzte Lesezeit":"1\u00a0Minute"},"schema":{"@context":"https:\/\/schema.org","@graph":[{"@type":"WebPage","@id":"https:\/\/www.loewen-apotheke24.com\/de\/shop\/medice\/cystinol-akut-dragees-100-st\/","url":"https:\/\/www.loewen-apotheke24.com\/de\/shop\/medice\/cystinol-akut-dragees-100-st\/","name":"Cystinol akut Dragees - 100 St. g\u00fcnstig kaufen - L\u00f6wen Apotheke24","isPartOf":{"@id":"https:\/\/www.loewen-apotheke24.com\/de\/#website"},"datePublished":"2023-04-17T19:33:16+00:00","dateModified":"2025-07-25T13:07:04+00:00","description":"Ihr Spezialist f\u00fcr Naturheilkunde. Versand mit DHL, kurze Lieferzeit & versandkostenfrei ab 30\u20ac. Cystinol akut Dragees - 100 St. - PZN: 07126744. Auf Lager.","breadcrumb":{"@id":"https:\/\/www.loewen-apotheke24.com\/de\/shop\/medice\/cystinol-akut-dragees-100-st\/#breadcrumb"},"inLanguage":"de","potentialAction":[{"@type":"ReadAction","target":["https:\/\/www.loewen-apotheke24.com\/de\/shop\/medice\/cystinol-akut-dragees-100-st\/"]}]},{"@type":"BreadcrumbList","@id":"https:\/\/www.loewen-apotheke24.com\/de\/shop\/medice\/cystinol-akut-dragees-100-st\/#breadcrumb","itemListElement":[{"@type":"ListItem","position":1,"name":"Shop","item":"https:\/\/www.loewen-apotheke24.com\/de\/shop\/"},{"@type":"ListItem","position":2,"name":"Cystinol akut Dragees &#8211; 100 St."}]},{"@type":"WebSite","@id":"https:\/\/www.loewen-apotheke24.com\/de\/#website","url":"https:\/\/www.loewen-apotheke24.com\/de\/","name":"L\u00f6wen Apotheke24","description":"Spezialist f\u00fcr Naturmedizin - Versandapotheke Baden-Baden","publisher":{"@id":"https:\/\/www.loewen-apotheke24.com\/de\/#organization"},"potentialAction":[{"@type":"SearchAction","target":{"@type":"EntryPoint","urlTemplate":"https:\/\/www.loewen-apotheke24.com\/de\/?s={search_term_string}"},"query-input":"required name=search_term_string"}],"inLanguage":"de"},{"@type":"Organization","@id":"https:\/\/www.loewen-apotheke24.com\/de\/#organization","name":"L\u00f6wen Apotheke","alternateName":"L\u00f6wen Apotheke","url":"https:\/\/www.loewen-apotheke24.com\/de\/","logo":{"@type":"ImageObject","inLanguage":"de","@id":"https:\/\/www.loewen-apotheke24.com\/de\/#\/schema\/logo\/image\/","url":"https:\/\/www.loewen-apotheke24.com\/wp-content\/uploads\/2024\/02\/Logo-Loewen-Apotheke-700x700-1.png","contentUrl":"https:\/\/www.loewen-apotheke24.com\/wp-content\/uploads\/2024\/02\/Logo-Loewen-Apotheke-700x700-1.png","width":700,"height":700,"caption":"L\u00f6wen Apotheke"},"image":{"@id":"https:\/\/www.loewen-apotheke24.com\/de\/#\/schema\/logo\/image\/"}}]}},"_links":{"self":[{"href":"https:\/\/www.loewen-apotheke24.com\/de\/wp-json\/wp\/v2\/product\/64135"}],"collection":[{"href":"https:\/\/www.loewen-apotheke24.com\/de\/wp-json\/wp\/v2\/product"}],"about":[{"href":"https:\/\/www.loewen-apotheke24.com\/de\/wp-json\/wp\/v2\/types\/product"}],"wp:featuredmedia":[{"embeddable":true,"href":"https:\/\/www.loewen-apotheke24.com\/de\/wp-json\/wp\/v2\/media\/103799"}],"wp:attachment":[{"href":"https:\/\/www.loewen-apotheke24.com\/de\/wp-json\/wp\/v2\/media?parent=64135"}],"wp:term":[{"taxonomy":"product_cat","embeddable":true,"href":"https:\/\/www.loewen-apotheke24.com\/de\/wp-json\/wp\/v2\/product_cat?post=64135"},{"taxonomy":"product_tag","embeddable":true,"href":"https:\/\/www.loewen-apotheke24.com\/de\/wp-json\/wp\/v2\/product_tag?post=64135"}],"curies":[{"name":"wp","href":"https:\/\/api.w.org\/{rel}","templated":true}]}}