{"id":65530,"date":"2023-05-06T08:11:07","date_gmt":"2023-05-06T07:11:07","guid":{"rendered":"https:\/\/www.loewen-apotheke24.com\/?post_type=product&#038;p=65530"},"modified":"2026-03-30T18:55:11","modified_gmt":"2026-03-30T17:55:11","slug":"hashimoto-vitalis-kapseln-60-st-18681124","status":"publish","type":"product","link":"https:\/\/www.loewen-apotheke24.com\/de\/shop\/angebot\/hashimoto-vitalis-kapseln-60-st-18681124\/","title":{"rendered":"Hashimoto Vitalis Kapseln &#8211; 60 St."},"content":{"rendered":"<h3 style=\"text-align: left;\">Hashimoto Vitalis Kapseln<\/h3>\n<p style=\"text-align: left;\">Zur Unterst\u00fctzung der normalen Schilddr\u00fcsenfunktion, mit Vitaminen, L-Tyrosin, Mikroorganismen, Mineralstoffen, Coenzym Q10 und Pflanzenextrakten &#8211; Hashimoto Vitalis Kapseln.<\/p>\n<p>Das Produkt Hashimoto Vitalis enth\u00e4lt: Magnesium, Selen, Q10, Resvertol, Ashwagandha, Vitamin D, Vitamin B6, Vitamin B129, Fols\u00e4ure, Vitamin C, Mangan, Kupfer, Zink, Chrom. diverse Lactobacilien.<\/p>\n<p>Hersteller &amp; Vertrieb: Belvita GmbH, Deutschland<\/p>\n<h4>Was ist Hashimoto-Thyreoiditis?<\/h4>\n<p>Bei der sogenannten Hashimoto-Thyreoiditis ist die Schilddr\u00fcse chronisch entz\u00fcndet. Die Ursache ist eine Autoimmunreaktion. Sie f\u00fchrt oft dazu, dass die Dr\u00fcse nicht mehr ausreichend Hormone produziert. Zu Beginn der Erkrankung ist durch die Entz\u00fcndung vor\u00fcbergehend eine Schilddr\u00fcsen\u00fcberfunktion m\u00f6glich. <a href=\"https:\/\/www.hashimoto-thyreoiditis.de\/\" target=\"_blank\" rel=\"noopener\">Mehr dazu<\/a> (Externe Webseite)<\/p>\n<p>Andere Kunden interessierten sich auch f\u00fcr Produkte zum Thema: <a href=\"https:\/\/www.loewen-apotheke24.com\/de\/product_tag\/vitamine-mineralien\/\">Entz\u00fcndungen<\/a>\u00a0 | <a href=\"https:\/\/www.loewen-apotheke24.com\/de\/product_tag\/das-immunsystem\/\">Immunsystem<\/a> | Schilddr\u00fcse<\/p>\n<p>Informationen auf dieser Website zu den Hashimoto Vitalis Kapseln werden ausschlie\u00dflich f\u00fcr informative Zwecke zur Verf\u00fcgung gestellt. Sie ersetzen keinesfalls die Untersuchung und Behandlung durch einen Arzt.<br \/>\nBitte beachten Sie, dass hierdurch weder Diagnosen gestellt noch Therapien eingeleitet werden k\u00f6nnen.<\/p>\n<p>Zu Risiken und Nebenwirkungen lesen Sie die Packungsbeilage und fragen Sie Ihren Arzt oder Apotheker.<\/p>\n","protected":false},"excerpt":{"rendered":"<h2 style=\"text-align: left;\">Hashimoto Vitalis Kapseln 60 St.<\/h2>\n<p>Zur Unterst\u00fctzung der normalen Schilddr\u00fcsenfunktion, mit Vitaminen, Mineralstoffen, Coenzym Q10 und Pflanzenextrakten<\/p>\n<p><strong>PZN<\/strong>: 18681124 (Pharmazentralnummer)<\/p>\n<p><strong>Darreichungsform<\/strong>: Kapseln<\/p>\n<p><strong>Verordnungsart<\/strong>: Rezeptfrei<\/p>\n<p><strong>Hersteller<\/strong>: Belvita GmbH, Baden-Baden, Deutschland<\/p>\n<p><strong>Packungsgr\u00f6\u00dfe<\/strong>: 60 St.<\/p>\n<p><span style=\"color: #ff0000;\">MDH: Mai 2026<\/span><\/p>\n","protected":false},"featured_media":65563,"template":"","meta":[],"product_cat":[13,89,43],"product_tag":[934],"yoast_head":"<!-- This site is optimized with the Yoast SEO Premium plugin v21.0 (Yoast SEO v21.0) - https:\/\/yoast.com\/wordpress\/plugins\/seo\/ -->\n<title>Hashimoto Vitalis Kapseln - 60 St. - L\u00f6wen Apotheke24<\/title>\n<meta name=\"description\" content=\"Ihr Spezialist f\u00fcr Naturheilkunde. Versand mit DHL, kurze Lieferzeit &amp; versandkostenfrei ab 30\u20ac. Hashimoto Vitalis Kapseln 60 St. - PZN: 18681124. Auf Lager\" \/>\n<meta name=\"robots\" content=\"index, follow, max-snippet:-1, max-image-preview:large, max-video-preview:-1\" \/>\n<link rel=\"canonical\" href=\"https:\/\/www.loewen-apotheke24.com\/de\/shop\/angebot\/hashimoto-vitalis-kapseln-60-st-18681124\/\" \/>\n<meta property=\"og:locale\" content=\"de_DE\" \/>\n<meta property=\"og:type\" content=\"article\" \/>\n<meta property=\"og:title\" content=\"Hashimoto Vitalis Kapseln - 60 St. - L\u00f6wen Apotheke24\" \/>\n<meta property=\"og:description\" content=\"Ihr Spezialist f\u00fcr Naturheilkunde. Versand mit DHL, kurze Lieferzeit &amp; versandkostenfrei ab 30\u20ac. Hashimoto Vitalis Kapseln 60 St. - PZN: 18681124. Auf Lager\" \/>\n<meta property=\"og:url\" content=\"https:\/\/www.loewen-apotheke24.com\/de\/shop\/angebot\/hashimoto-vitalis-kapseln-60-st-18681124\/\" \/>\n<meta property=\"og:site_name\" content=\"L\u00f6wen Apotheke24\" \/>\n<meta property=\"article:modified_time\" content=\"2026-03-30T17:55:11+00:00\" \/>\n<meta property=\"og:image\" content=\"https:\/\/www.loewen-apotheke24.com\/wp-content\/uploads\/2023\/05\/hashimoto-vitalis-schilddruese-pzn-18681124.jpg\" \/>\n\t<meta property=\"og:image:width\" content=\"600\" \/>\n\t<meta property=\"og:image:height\" content=\"600\" \/>\n\t<meta property=\"og:image:type\" content=\"image\/jpeg\" \/>\n<meta name=\"twitter:card\" content=\"summary_large_image\" \/>\n<meta name=\"twitter:label1\" content=\"Gesch\u00e4tzte Lesezeit\" \/>\n\t<meta name=\"twitter:data1\" content=\"1\u00a0Minute\" \/>\n<script type=\"application\/ld+json\" class=\"yoast-schema-graph\">{\"@context\":\"https:\/\/schema.org\",\"@graph\":[{\"@type\":\"WebPage\",\"@id\":\"https:\/\/www.loewen-apotheke24.com\/de\/shop\/angebot\/hashimoto-vitalis-kapseln-60-st-18681124\/\",\"url\":\"https:\/\/www.loewen-apotheke24.com\/de\/shop\/angebot\/hashimoto-vitalis-kapseln-60-st-18681124\/\",\"name\":\"Hashimoto Vitalis Kapseln - 60 St. - L\u00f6wen Apotheke24\",\"isPartOf\":{\"@id\":\"https:\/\/www.loewen-apotheke24.com\/de\/#website\"},\"datePublished\":\"2023-05-06T07:11:07+00:00\",\"dateModified\":\"2026-03-30T17:55:11+00:00\",\"description\":\"Ihr Spezialist f\u00fcr Naturheilkunde. Versand mit DHL, kurze Lieferzeit & versandkostenfrei ab 30\u20ac. Hashimoto Vitalis Kapseln 60 St. - PZN: 18681124. Auf Lager\",\"breadcrumb\":{\"@id\":\"https:\/\/www.loewen-apotheke24.com\/de\/shop\/angebot\/hashimoto-vitalis-kapseln-60-st-18681124\/#breadcrumb\"},\"inLanguage\":\"de\",\"potentialAction\":[{\"@type\":\"ReadAction\",\"target\":[\"https:\/\/www.loewen-apotheke24.com\/de\/shop\/angebot\/hashimoto-vitalis-kapseln-60-st-18681124\/\"]}]},{\"@type\":\"BreadcrumbList\",\"@id\":\"https:\/\/www.loewen-apotheke24.com\/de\/shop\/angebot\/hashimoto-vitalis-kapseln-60-st-18681124\/#breadcrumb\",\"itemListElement\":[{\"@type\":\"ListItem\",\"position\":1,\"name\":\"Shop\",\"item\":\"https:\/\/www.loewen-apotheke24.com\/de\/shop\/\"},{\"@type\":\"ListItem\",\"position\":2,\"name\":\"Hashimoto Vitalis Kapseln &#8211; 60 St.\"}]},{\"@type\":\"WebSite\",\"@id\":\"https:\/\/www.loewen-apotheke24.com\/de\/#website\",\"url\":\"https:\/\/www.loewen-apotheke24.com\/de\/\",\"name\":\"L\u00f6wen Apotheke24\",\"description\":\"Spezialist f\u00fcr Naturmedizin - Versandapotheke Baden-Baden\",\"publisher\":{\"@id\":\"https:\/\/www.loewen-apotheke24.com\/de\/#organization\"},\"potentialAction\":[{\"@type\":\"SearchAction\",\"target\":{\"@type\":\"EntryPoint\",\"urlTemplate\":\"https:\/\/www.loewen-apotheke24.com\/de\/?s={search_term_string}\"},\"query-input\":\"required name=search_term_string\"}],\"inLanguage\":\"de\"},{\"@type\":\"Organization\",\"@id\":\"https:\/\/www.loewen-apotheke24.com\/de\/#organization\",\"name\":\"L\u00f6wen Apotheke\",\"alternateName\":\"L\u00f6wen Apotheke\",\"url\":\"https:\/\/www.loewen-apotheke24.com\/de\/\",\"logo\":{\"@type\":\"ImageObject\",\"inLanguage\":\"de\",\"@id\":\"https:\/\/www.loewen-apotheke24.com\/de\/#\/schema\/logo\/image\/\",\"url\":\"https:\/\/www.loewen-apotheke24.com\/wp-content\/uploads\/2024\/02\/Logo-Loewen-Apotheke-700x700-1.png\",\"contentUrl\":\"https:\/\/www.loewen-apotheke24.com\/wp-content\/uploads\/2024\/02\/Logo-Loewen-Apotheke-700x700-1.png\",\"width\":700,\"height\":700,\"caption\":\"L\u00f6wen Apotheke\"},\"image\":{\"@id\":\"https:\/\/www.loewen-apotheke24.com\/de\/#\/schema\/logo\/image\/\"}}]}<\/script>\n<!-- \/ Yoast SEO Premium plugin. -->","yoast_head_json":{"title":"Hashimoto Vitalis Kapseln - 60 St. - L\u00f6wen Apotheke24","description":"Ihr Spezialist f\u00fcr Naturheilkunde. Versand mit DHL, kurze Lieferzeit & versandkostenfrei ab 30\u20ac. Hashimoto Vitalis Kapseln 60 St. - PZN: 18681124. Auf Lager","robots":{"index":"index","follow":"follow","max-snippet":"max-snippet:-1","max-image-preview":"max-image-preview:large","max-video-preview":"max-video-preview:-1"},"canonical":"https:\/\/www.loewen-apotheke24.com\/de\/shop\/angebot\/hashimoto-vitalis-kapseln-60-st-18681124\/","og_locale":"de_DE","og_type":"article","og_title":"Hashimoto Vitalis Kapseln - 60 St. - L\u00f6wen Apotheke24","og_description":"Ihr Spezialist f\u00fcr Naturheilkunde. Versand mit DHL, kurze Lieferzeit & versandkostenfrei ab 30\u20ac. Hashimoto Vitalis Kapseln 60 St. - PZN: 18681124. Auf Lager","og_url":"https:\/\/www.loewen-apotheke24.com\/de\/shop\/angebot\/hashimoto-vitalis-kapseln-60-st-18681124\/","og_site_name":"L\u00f6wen Apotheke24","article_modified_time":"2026-03-30T17:55:11+00:00","og_image":[{"width":600,"height":600,"url":"https:\/\/www.loewen-apotheke24.com\/wp-content\/uploads\/2023\/05\/hashimoto-vitalis-schilddruese-pzn-18681124.jpg","type":"image\/jpeg"}],"twitter_card":"summary_large_image","twitter_misc":{"Gesch\u00e4tzte Lesezeit":"1\u00a0Minute"},"schema":{"@context":"https:\/\/schema.org","@graph":[{"@type":"WebPage","@id":"https:\/\/www.loewen-apotheke24.com\/de\/shop\/angebot\/hashimoto-vitalis-kapseln-60-st-18681124\/","url":"https:\/\/www.loewen-apotheke24.com\/de\/shop\/angebot\/hashimoto-vitalis-kapseln-60-st-18681124\/","name":"Hashimoto Vitalis Kapseln - 60 St. - L\u00f6wen Apotheke24","isPartOf":{"@id":"https:\/\/www.loewen-apotheke24.com\/de\/#website"},"datePublished":"2023-05-06T07:11:07+00:00","dateModified":"2026-03-30T17:55:11+00:00","description":"Ihr Spezialist f\u00fcr Naturheilkunde. Versand mit DHL, kurze Lieferzeit & versandkostenfrei ab 30\u20ac. Hashimoto Vitalis Kapseln 60 St. - PZN: 18681124. Auf Lager","breadcrumb":{"@id":"https:\/\/www.loewen-apotheke24.com\/de\/shop\/angebot\/hashimoto-vitalis-kapseln-60-st-18681124\/#breadcrumb"},"inLanguage":"de","potentialAction":[{"@type":"ReadAction","target":["https:\/\/www.loewen-apotheke24.com\/de\/shop\/angebot\/hashimoto-vitalis-kapseln-60-st-18681124\/"]}]},{"@type":"BreadcrumbList","@id":"https:\/\/www.loewen-apotheke24.com\/de\/shop\/angebot\/hashimoto-vitalis-kapseln-60-st-18681124\/#breadcrumb","itemListElement":[{"@type":"ListItem","position":1,"name":"Shop","item":"https:\/\/www.loewen-apotheke24.com\/de\/shop\/"},{"@type":"ListItem","position":2,"name":"Hashimoto Vitalis Kapseln &#8211; 60 St."}]},{"@type":"WebSite","@id":"https:\/\/www.loewen-apotheke24.com\/de\/#website","url":"https:\/\/www.loewen-apotheke24.com\/de\/","name":"L\u00f6wen Apotheke24","description":"Spezialist f\u00fcr Naturmedizin - Versandapotheke Baden-Baden","publisher":{"@id":"https:\/\/www.loewen-apotheke24.com\/de\/#organization"},"potentialAction":[{"@type":"SearchAction","target":{"@type":"EntryPoint","urlTemplate":"https:\/\/www.loewen-apotheke24.com\/de\/?s={search_term_string}"},"query-input":"required name=search_term_string"}],"inLanguage":"de"},{"@type":"Organization","@id":"https:\/\/www.loewen-apotheke24.com\/de\/#organization","name":"L\u00f6wen Apotheke","alternateName":"L\u00f6wen Apotheke","url":"https:\/\/www.loewen-apotheke24.com\/de\/","logo":{"@type":"ImageObject","inLanguage":"de","@id":"https:\/\/www.loewen-apotheke24.com\/de\/#\/schema\/logo\/image\/","url":"https:\/\/www.loewen-apotheke24.com\/wp-content\/uploads\/2024\/02\/Logo-Loewen-Apotheke-700x700-1.png","contentUrl":"https:\/\/www.loewen-apotheke24.com\/wp-content\/uploads\/2024\/02\/Logo-Loewen-Apotheke-700x700-1.png","width":700,"height":700,"caption":"L\u00f6wen Apotheke"},"image":{"@id":"https:\/\/www.loewen-apotheke24.com\/de\/#\/schema\/logo\/image\/"}}]}},"_links":{"self":[{"href":"https:\/\/www.loewen-apotheke24.com\/de\/wp-json\/wp\/v2\/product\/65530"}],"collection":[{"href":"https:\/\/www.loewen-apotheke24.com\/de\/wp-json\/wp\/v2\/product"}],"about":[{"href":"https:\/\/www.loewen-apotheke24.com\/de\/wp-json\/wp\/v2\/types\/product"}],"wp:featuredmedia":[{"embeddable":true,"href":"https:\/\/www.loewen-apotheke24.com\/de\/wp-json\/wp\/v2\/media\/65563"}],"wp:attachment":[{"href":"https:\/\/www.loewen-apotheke24.com\/de\/wp-json\/wp\/v2\/media?parent=65530"}],"wp:term":[{"taxonomy":"product_cat","embeddable":true,"href":"https:\/\/www.loewen-apotheke24.com\/de\/wp-json\/wp\/v2\/product_cat?post=65530"},{"taxonomy":"product_tag","embeddable":true,"href":"https:\/\/www.loewen-apotheke24.com\/de\/wp-json\/wp\/v2\/product_tag?post=65530"}],"curies":[{"name":"wp","href":"https:\/\/api.w.org\/{rel}","templated":true}]}}