{"id":68274,"date":"2023-06-15T14:55:05","date_gmt":"2023-06-15T13:55:05","guid":{"rendered":"https:\/\/www.loewen-apotheke24.com\/?post_type=product&#038;p=68274"},"modified":"2025-07-23T19:47:47","modified_gmt":"2025-07-23T18:47:47","slug":"prosta-check-screen-selbsttest-vedalab-18376183","status":"publish","type":"product","link":"https:\/\/www.loewen-apotheke24.com\/de\/shop\/marke\/prosta-check-screen-selbsttest-vedalab-18376183\/","title":{"rendered":"Prosta-Check Selbsttest"},"content":{"rendered":"<h3>Prosta-Check Selbsttest<\/h3>\n<p>Ein Prostata-Check Selbsttest ist ein wichtiger Teil der Pr\u00e4vention von Prostatakrebs und kann bei der Fr\u00fcherkennung von Prostataerkrankungen helfen. Der Schnelltest zur \u00dcberwachung der Prostata Gesundheit. Vorsorge f\u00fcr den Mann.<\/p>\n<p>Hinweise zur Anwendung: Der Test ist einfach durchzuf\u00fchren und beinhaltet klare Schritte zur Selbstanwendung.<\/p>\n<p>Beginnen Sie mit dem Waschen Ihrer H\u00e4nde, bereiten Sie das Testkit vor und verwenden Sie die mitgelieferte Lanzette, um einen Blutstropfen zu gewinnen. Das Blut wird dann in das Testger\u00e4t gegeben und mit einem Verd\u00fcnnungsmittel vermischt.<\/p>\n<ul>\n<li>Einfach und diskret: Dieser Prostata-Check Selbsttest kann bequem und diskret zu Hause durchgef\u00fchrt werden, was Ihnen Zeit und den Gang zum Arzt erspart.<br \/>\nSchnelle und zuverl\u00e4ssige Ergebnisse: Innerhalb von 10 Minuten wissen Sie, ob ein erh\u00f6hter PSA-Wert vorliegt, was ein fr\u00fcher Indikator f\u00fcr Prostata-Probleme sein kann.<\/li>\n<li>Sicherheit und Hygiene: Der Test ist hygienisch und sicher in der Anwendung. Aus Hygienegr\u00fcnden wird empfohlen, ein Kondom w\u00e4hrend des Tests zu verwenden.<\/li>\n<\/ul>\n<p>VEDALAB ist ein franz\u00f6sisches Privatunternehmen das 1991 gegr\u00fcndet wurde. VEDALAB widmet sich der Entwicklung, Produktion und Vermarktung von in vitro\u00a0immundiagnostischen Schnelltests. Als Marktf\u00fchrer konzentriert sich VEDALAB auf die internationale Expansion durch den Aufbau langfristiger Partnerschaften\u00a0mit zuverl\u00e4ssigen und vertrauensw\u00fcrdigen Distributoren weltweit. VEDALAB baut seine ohnehin schon breite Produktpalette kontinuierlich aus und ist heute der\u00a0gr\u00f6\u00dfte echte Hersteller von Schnelltests in Europa.<\/p>\n<p>Weitere Produktdetails finden sie beim Hersteller: veda.Lab.Frankreich<\/p>\n<p>Andere Kunden interessierten sich auch f\u00fcr Produkte zum Thema: <a href=\"https:\/\/www.loewen-apotheke24.com\/de\/product_tag\/durchfall\/\">Magen, Darm, Durchfall<\/a>\u00a0 |\u00a0 <a href=\"https:\/\/www.loewen-apotheke24.com\/de\/product_tag\/reiseapotheke\/\">Reiseapotheke<\/a><\/p>\n<p>Zu Risiken und Nebenwirkungen lesen Sie die Packungsbeilage und fragen Sie Ihren Arzt oder Apotheker.<\/p>\n<p class=\"TypographyPresentation TypographyPresentation--medium RichText3-paragraph--withVSpacingNormal RichText3-paragraph HighlightSol HighlightSol--buildingBlock\"><strong>Fragen zum Produkt? Wir sind f\u00fcr Sie da!<\/strong><\/p>\n<p class=\"TypographyPresentation TypographyPresentation--medium RichText3-paragraph--withVSpacingNormal RichText3-paragraph HighlightSol HighlightSol--buildingBlock\">Unsere verantwortliche Apothekerin\u00a0<strong>Dr. Sandra Hoff<\/strong>\u00a0und ihr Team beraten Sie gerne pers\u00f6nlich \u2013 telefonisch oder per E-Mail. Als\u00a0<strong>echte Apotheke vor Ort<\/strong>\u00a0und\u00a0<strong>zugelassene Versandapotheke<\/strong>\u00a0bieten wir Ihnen kompetente Unterst\u00fctzung, besonders in den Bereichen\u00a0<a href=\"https:\/\/www.loewen-apotheke24.com\/de\/product_tag\/naturheilmittel\/\"><strong>Naturheilkunde<\/strong><\/a>\u00a0und\u00a0<a href=\"https:\/\/www.loewen-apotheke24.com\/de\/product_tag\/vitamine-mineralien-nahrungsergaenzung\/\"><strong>Nahrungserg\u00e4nzungsmittel<\/strong><\/a>, hier Produkte von\u00a0<a href=\"https:\/\/www.loewen-apotheke24.com\/de\/product_cat\/vitorgan\/\">vitOrgan Arzneimittel<\/a>\u00a0und\u00a0<a href=\"https:\/\/www.loewen-apotheke24.com\/de\/product_cat\/labo-life\/\">Labo Life<\/a>.<br \/>\n<a href=\"https:\/\/versandhandel.dimdi.de\/websearch\/servlet\/Gate;jsessionid=0D29D15655BE1174E9178A340E8FE6BC?accessid=dimdi_var&amp;term=3c387956690121ccc8763184f052b93f\" target=\"_blank\" rel=\"noopener\">Zum Eintrag im Versandhandelsregister<\/a><\/p>\n","protected":false},"excerpt":{"rendered":"<h2>Bluttest zur Bestimmung der Prostata Gesundheit<\/h2>\n<p>Prosta Check Selbsttest &#8211;\u00a0Schnelltest zum Nachweis des Prostata-spezifischen Antigens im Vollblut<\/p>\n<p><strong>PZN<\/strong>: 18376183<\/p>\n<p><strong>Verordnungsart<\/strong>: rezeptfrei<\/p>\n<p><strong>Darreichungsform<\/strong> &#8211;<\/p>\n<p><strong>Hersteller<\/strong>: veda.Lab Frankreich<\/p>\n<p><strong>Packungsgr\u00f6\u00dfe:<\/strong> 1 Stk.<\/p>\n","protected":false},"featured_media":68282,"template":"","meta":[],"product_cat":[43],"product_tag":[971,422,497],"yoast_head":"<!-- This site is optimized with the Yoast SEO Premium plugin v21.0 (Yoast SEO v21.0) - https:\/\/yoast.com\/wordpress\/plugins\/seo\/ -->\n<title>Prosta-Check Selbsttest - L\u00f6wen Apotheke24<\/title>\n<meta name=\"description\" content=\"L\u00f6wen Apotheke24 - Spezialist f\u00fcr Naturheilkunde - Weltweiter Versand - kurze Lieferzeit - gratis Lieferung ab 30 \u20ac - Prosta-Check\" \/>\n<meta name=\"robots\" content=\"index, follow, max-snippet:-1, max-image-preview:large, max-video-preview:-1\" \/>\n<link rel=\"canonical\" href=\"https:\/\/www.loewen-apotheke24.com\/de\/shop\/marke\/prosta-check-screen-selbsttest-vedalab-18376183\/\" \/>\n<meta property=\"og:locale\" content=\"de_DE\" \/>\n<meta property=\"og:type\" content=\"article\" \/>\n<meta property=\"og:title\" content=\"Prosta-Check Selbsttest - L\u00f6wen Apotheke24\" \/>\n<meta property=\"og:description\" content=\"L\u00f6wen Apotheke24 - Spezialist f\u00fcr Naturheilkunde - Weltweiter Versand - kurze Lieferzeit - gratis Lieferung ab 30 \u20ac - Prosta-Check\" \/>\n<meta property=\"og:url\" content=\"https:\/\/www.loewen-apotheke24.com\/de\/shop\/marke\/prosta-check-screen-selbsttest-vedalab-18376183\/\" \/>\n<meta property=\"og:site_name\" content=\"L\u00f6wen Apotheke24\" \/>\n<meta property=\"article:modified_time\" content=\"2025-07-23T18:47:47+00:00\" \/>\n<meta property=\"og:image\" content=\"https:\/\/www.loewen-apotheke24.com\/wp-content\/uploads\/2023\/06\/Prostacheck.jpg\" \/>\n\t<meta property=\"og:image:width\" content=\"600\" \/>\n\t<meta property=\"og:image:height\" content=\"600\" \/>\n\t<meta property=\"og:image:type\" content=\"image\/jpeg\" \/>\n<meta name=\"twitter:card\" content=\"summary_large_image\" \/>\n<meta name=\"twitter:label1\" content=\"Gesch\u00e4tzte Lesezeit\" \/>\n\t<meta name=\"twitter:data1\" content=\"2\u00a0Minuten\" \/>\n<script type=\"application\/ld+json\" class=\"yoast-schema-graph\">{\"@context\":\"https:\/\/schema.org\",\"@graph\":[{\"@type\":\"WebPage\",\"@id\":\"https:\/\/www.loewen-apotheke24.com\/de\/shop\/marke\/prosta-check-screen-selbsttest-vedalab-18376183\/\",\"url\":\"https:\/\/www.loewen-apotheke24.com\/de\/shop\/marke\/prosta-check-screen-selbsttest-vedalab-18376183\/\",\"name\":\"Prosta-Check Selbsttest - L\u00f6wen Apotheke24\",\"isPartOf\":{\"@id\":\"https:\/\/www.loewen-apotheke24.com\/de\/#website\"},\"datePublished\":\"2023-06-15T13:55:05+00:00\",\"dateModified\":\"2025-07-23T18:47:47+00:00\",\"description\":\"L\u00f6wen Apotheke24 - Spezialist f\u00fcr Naturheilkunde - Weltweiter Versand - kurze Lieferzeit - gratis Lieferung ab 30 \u20ac - Prosta-Check\",\"breadcrumb\":{\"@id\":\"https:\/\/www.loewen-apotheke24.com\/de\/shop\/marke\/prosta-check-screen-selbsttest-vedalab-18376183\/#breadcrumb\"},\"inLanguage\":\"de\",\"potentialAction\":[{\"@type\":\"ReadAction\",\"target\":[\"https:\/\/www.loewen-apotheke24.com\/de\/shop\/marke\/prosta-check-screen-selbsttest-vedalab-18376183\/\"]}]},{\"@type\":\"BreadcrumbList\",\"@id\":\"https:\/\/www.loewen-apotheke24.com\/de\/shop\/marke\/prosta-check-screen-selbsttest-vedalab-18376183\/#breadcrumb\",\"itemListElement\":[{\"@type\":\"ListItem\",\"position\":1,\"name\":\"Shop\",\"item\":\"https:\/\/www.loewen-apotheke24.com\/de\/shop\/\"},{\"@type\":\"ListItem\",\"position\":2,\"name\":\"Prosta-Check Selbsttest\"}]},{\"@type\":\"WebSite\",\"@id\":\"https:\/\/www.loewen-apotheke24.com\/de\/#website\",\"url\":\"https:\/\/www.loewen-apotheke24.com\/de\/\",\"name\":\"L\u00f6wen Apotheke24\",\"description\":\"Spezialist f\u00fcr Naturmedizin - Versandapotheke Baden-Baden\",\"publisher\":{\"@id\":\"https:\/\/www.loewen-apotheke24.com\/de\/#organization\"},\"potentialAction\":[{\"@type\":\"SearchAction\",\"target\":{\"@type\":\"EntryPoint\",\"urlTemplate\":\"https:\/\/www.loewen-apotheke24.com\/de\/?s={search_term_string}\"},\"query-input\":\"required name=search_term_string\"}],\"inLanguage\":\"de\"},{\"@type\":\"Organization\",\"@id\":\"https:\/\/www.loewen-apotheke24.com\/de\/#organization\",\"name\":\"L\u00f6wen Apotheke\",\"alternateName\":\"L\u00f6wen Apotheke\",\"url\":\"https:\/\/www.loewen-apotheke24.com\/de\/\",\"logo\":{\"@type\":\"ImageObject\",\"inLanguage\":\"de\",\"@id\":\"https:\/\/www.loewen-apotheke24.com\/de\/#\/schema\/logo\/image\/\",\"url\":\"https:\/\/www.loewen-apotheke24.com\/wp-content\/uploads\/2024\/02\/Logo-Loewen-Apotheke-700x700-1.png\",\"contentUrl\":\"https:\/\/www.loewen-apotheke24.com\/wp-content\/uploads\/2024\/02\/Logo-Loewen-Apotheke-700x700-1.png\",\"width\":700,\"height\":700,\"caption\":\"L\u00f6wen Apotheke\"},\"image\":{\"@id\":\"https:\/\/www.loewen-apotheke24.com\/de\/#\/schema\/logo\/image\/\"}}]}<\/script>\n<!-- \/ Yoast SEO Premium plugin. -->","yoast_head_json":{"title":"Prosta-Check Selbsttest - L\u00f6wen Apotheke24","description":"L\u00f6wen Apotheke24 - Spezialist f\u00fcr Naturheilkunde - Weltweiter Versand - kurze Lieferzeit - gratis Lieferung ab 30 \u20ac - Prosta-Check","robots":{"index":"index","follow":"follow","max-snippet":"max-snippet:-1","max-image-preview":"max-image-preview:large","max-video-preview":"max-video-preview:-1"},"canonical":"https:\/\/www.loewen-apotheke24.com\/de\/shop\/marke\/prosta-check-screen-selbsttest-vedalab-18376183\/","og_locale":"de_DE","og_type":"article","og_title":"Prosta-Check Selbsttest - L\u00f6wen Apotheke24","og_description":"L\u00f6wen Apotheke24 - Spezialist f\u00fcr Naturheilkunde - Weltweiter Versand - kurze Lieferzeit - gratis Lieferung ab 30 \u20ac - Prosta-Check","og_url":"https:\/\/www.loewen-apotheke24.com\/de\/shop\/marke\/prosta-check-screen-selbsttest-vedalab-18376183\/","og_site_name":"L\u00f6wen Apotheke24","article_modified_time":"2025-07-23T18:47:47+00:00","og_image":[{"width":600,"height":600,"url":"https:\/\/www.loewen-apotheke24.com\/wp-content\/uploads\/2023\/06\/Prostacheck.jpg","type":"image\/jpeg"}],"twitter_card":"summary_large_image","twitter_misc":{"Gesch\u00e4tzte Lesezeit":"2\u00a0Minuten"},"schema":{"@context":"https:\/\/schema.org","@graph":[{"@type":"WebPage","@id":"https:\/\/www.loewen-apotheke24.com\/de\/shop\/marke\/prosta-check-screen-selbsttest-vedalab-18376183\/","url":"https:\/\/www.loewen-apotheke24.com\/de\/shop\/marke\/prosta-check-screen-selbsttest-vedalab-18376183\/","name":"Prosta-Check Selbsttest - L\u00f6wen Apotheke24","isPartOf":{"@id":"https:\/\/www.loewen-apotheke24.com\/de\/#website"},"datePublished":"2023-06-15T13:55:05+00:00","dateModified":"2025-07-23T18:47:47+00:00","description":"L\u00f6wen Apotheke24 - Spezialist f\u00fcr Naturheilkunde - Weltweiter Versand - kurze Lieferzeit - gratis Lieferung ab 30 \u20ac - Prosta-Check","breadcrumb":{"@id":"https:\/\/www.loewen-apotheke24.com\/de\/shop\/marke\/prosta-check-screen-selbsttest-vedalab-18376183\/#breadcrumb"},"inLanguage":"de","potentialAction":[{"@type":"ReadAction","target":["https:\/\/www.loewen-apotheke24.com\/de\/shop\/marke\/prosta-check-screen-selbsttest-vedalab-18376183\/"]}]},{"@type":"BreadcrumbList","@id":"https:\/\/www.loewen-apotheke24.com\/de\/shop\/marke\/prosta-check-screen-selbsttest-vedalab-18376183\/#breadcrumb","itemListElement":[{"@type":"ListItem","position":1,"name":"Shop","item":"https:\/\/www.loewen-apotheke24.com\/de\/shop\/"},{"@type":"ListItem","position":2,"name":"Prosta-Check Selbsttest"}]},{"@type":"WebSite","@id":"https:\/\/www.loewen-apotheke24.com\/de\/#website","url":"https:\/\/www.loewen-apotheke24.com\/de\/","name":"L\u00f6wen Apotheke24","description":"Spezialist f\u00fcr Naturmedizin - Versandapotheke Baden-Baden","publisher":{"@id":"https:\/\/www.loewen-apotheke24.com\/de\/#organization"},"potentialAction":[{"@type":"SearchAction","target":{"@type":"EntryPoint","urlTemplate":"https:\/\/www.loewen-apotheke24.com\/de\/?s={search_term_string}"},"query-input":"required name=search_term_string"}],"inLanguage":"de"},{"@type":"Organization","@id":"https:\/\/www.loewen-apotheke24.com\/de\/#organization","name":"L\u00f6wen Apotheke","alternateName":"L\u00f6wen Apotheke","url":"https:\/\/www.loewen-apotheke24.com\/de\/","logo":{"@type":"ImageObject","inLanguage":"de","@id":"https:\/\/www.loewen-apotheke24.com\/de\/#\/schema\/logo\/image\/","url":"https:\/\/www.loewen-apotheke24.com\/wp-content\/uploads\/2024\/02\/Logo-Loewen-Apotheke-700x700-1.png","contentUrl":"https:\/\/www.loewen-apotheke24.com\/wp-content\/uploads\/2024\/02\/Logo-Loewen-Apotheke-700x700-1.png","width":700,"height":700,"caption":"L\u00f6wen Apotheke"},"image":{"@id":"https:\/\/www.loewen-apotheke24.com\/de\/#\/schema\/logo\/image\/"}}]}},"_links":{"self":[{"href":"https:\/\/www.loewen-apotheke24.com\/de\/wp-json\/wp\/v2\/product\/68274"}],"collection":[{"href":"https:\/\/www.loewen-apotheke24.com\/de\/wp-json\/wp\/v2\/product"}],"about":[{"href":"https:\/\/www.loewen-apotheke24.com\/de\/wp-json\/wp\/v2\/types\/product"}],"wp:featuredmedia":[{"embeddable":true,"href":"https:\/\/www.loewen-apotheke24.com\/de\/wp-json\/wp\/v2\/media\/68282"}],"wp:attachment":[{"href":"https:\/\/www.loewen-apotheke24.com\/de\/wp-json\/wp\/v2\/media?parent=68274"}],"wp:term":[{"taxonomy":"product_cat","embeddable":true,"href":"https:\/\/www.loewen-apotheke24.com\/de\/wp-json\/wp\/v2\/product_cat?post=68274"},{"taxonomy":"product_tag","embeddable":true,"href":"https:\/\/www.loewen-apotheke24.com\/de\/wp-json\/wp\/v2\/product_tag?post=68274"}],"curies":[{"name":"wp","href":"https:\/\/api.w.org\/{rel}","templated":true}]}}