{"id":7032,"date":"2019-01-30T10:56:10","date_gmt":"2019-01-30T09:56:10","guid":{"rendered":"https:\/\/www.loewen-apotheke24.com\/?post_type=product&#038;p=7032"},"modified":"2025-09-15T12:31:42","modified_gmt":"2025-09-15T11:31:42","slug":"blue-m-mundspray-15ml","status":"publish","type":"product","link":"https:\/\/www.loewen-apotheke24.com\/de\/shop\/angebot\/blue-m-mundspray-15ml\/","title":{"rendered":"Blue m Mundspray 15ml"},"content":{"rendered":"<h3>Blue m Mundspray 15ml<\/h3>\n<p>Die Formel des <strong>blue m Mundsprays<\/strong> sorgt daf\u00fcr, dass Ihr Atem durch das Abt\u00f6ten von Keimen, die Mundgeruch entstehen lassen, und das Entfernen von anhaltendem Nachgeschmack sofort erfrischt wird. Es h\u00e4lt Ihren Mundraum nicht nur frisch und sauber, sondern tr\u00e4gt zus\u00e4tzlich dazu bei, die Entstehung von Zahnbel\u00e4gen auf nat\u00fcrlichen Z\u00e4hnen und Implantaten zu verhindern und hilft bei aufkommenden Halsschmerzen.<\/p>\n<p>Das blue m Mundspray mit Pfefferminzgeschmack hat die ideale Gr\u00f6\u00dfe, um es in der Hand- oder Hosentasche zu verstauen &#8211; es eignet sich perfekt zum schnellen Auffrischen und l\u00e4sst Sie jederzeit und an jedem Ort wieder befreit durchatmen.<\/p>\n<p><strong>Sorgen Sie mit Hilfe der Wirkungskraft von Sauerstoff dauerhaft f\u00fcr ein frisches Mundgef\u00fchl:<\/strong><\/p>\n<ul>\n<li>Erfrischendes Mundspray.<\/li>\n<li>Taschengr\u00f6\u00dfe.<\/li>\n<li>Hilft wirksam bei aufkommenden Halsschmerzen.<\/li>\n<li>F\u00f6rdert Atemfrische.<\/li>\n<li>Sorgt f\u00fcr eine stabile Mundhygiene.<\/li>\n<li>Antibakterielle Wirkung f\u00fcr eine gesunde Mundflora.<\/li>\n<li>F\u00f6rdert das Gleichgewicht von Enzymen und Mikroorganismen im Mund.<\/li>\n<li>Durchgehend nat\u00fcrliche Formel ohne sch\u00e4dliche Chemikalien, k\u00fcnstliche Aromen oder Konservierungsstoffe (enth\u00e4lt kein Fluorid, Parabene, Sulfate).<\/li>\n<\/ul>\n<p>Andere Kunden interessierten sich auch f\u00fcr Produkte zum Thema:\u00a0<a href=\"https:\/\/www.loewen-apotheke24.com\/de\/product_tag\/entzuendung\/\">Entz\u00fcndung<\/a>\u00a0|\u00a0<a href=\"https:\/\/www.loewen-apotheke24.com\/de\/product_tag\/das-immunsystem\/\" rel=\"tag\">Immunsystem<\/a>\u00a0|\u00a0<a href=\"https:\/\/www.loewen-apotheke24.com\/de\/product_tag\/vitamine-mineralien-nahrungsergaenzung\/\" rel=\"tag\">Vitamine &amp; Mineralien; Nahrungserg\u00e4nzung<\/a><\/p>\n<p>Zu Risiken und Nebenwirkungen lesen Sie die Packungsbeilage und fragen Sie Ihren Arzt oder Apotheker.<\/p>\n<div class=\"TypographyPresentation TypographyPresentation--medium RichText3-paragraph--withVSpacingNormal RichText3-paragraph HighlightSol HighlightSol--buildingBlock\"><strong>Expertentipp aus der Apotheke:<\/strong><\/div>\n<div class=\"TypographyPresentation TypographyPresentation--medium RichText3-paragraph--withVSpacingNormal RichText3-paragraph HighlightSol HighlightSol--buildingBlock\">Unsere Apothekerin empfiehlt bei Infekten: <a href=\"https:\/\/www.loewen-apotheke24.com\/de\/shop\/angebot\/orthomol-immun-trinflaeschchen-30\/\">Orthomol Immun Trinkfl\u00e4schchen 30 St<\/a>. \u2013 bew\u00e4hrt und gezielt wirksam.<\/div>\n<div class=\"TypographyPresentation TypographyPresentation--medium RichText3-paragraph--withVSpacingNormal RichText3-paragraph HighlightSol HighlightSol--buildingBlock\"><\/div>\n<div class=\"TypographyPresentation TypographyPresentation--medium RichText3-paragraph--withVSpacingNormal RichText3-paragraph HighlightSol HighlightSol--buildingBlock\"><strong>Informationen:<\/strong><\/div>\n<div class=\"TypographyPresentation TypographyPresentation--medium RichText3-paragraph--withVSpacingNormal RichText3-paragraph HighlightSol HighlightSol--buildingBlock\">Die Informationen auf dieser Website werden ausschlie\u00dflich f\u00fcr informative Zwecke zur Verf\u00fcgung gestellt. Sie ersetzen keinesfalls die Untersuchung und Behandlung durch einen Arzt.<\/div>\n<div class=\"TypographyPresentation TypographyPresentation--medium RichText3-paragraph--withVSpacingNormal RichText3-paragraph HighlightSol HighlightSol--buildingBlock\">Nahrungserg\u00e4nzungsmittel sind kein Ersatz f\u00fcr eine ausgewogene und abwechslungsreiche Ern\u00e4hrung und eine gesunde Lebensweise.<\/div>\n<div class=\"TypographyPresentation TypographyPresentation--medium RichText3-paragraph--withVSpacingNormal RichText3-paragraph HighlightSol HighlightSol--buildingBlock\">Zu Risiken und Nebenwirkungen lesen Sie die Packungsbeilage und fragen Sie Ihren Arzt oder Apotheker.<\/div>\n<div><\/div>\n<div class=\"TypographyPresentation TypographyPresentation--medium RichText3-paragraph--withVSpacingNormal RichText3-paragraph HighlightSol HighlightSol--buildingBlock\"><strong>Rezept | E\u2011Rezept vorhanden?<\/strong><\/div>\n<div class=\"TypographyPresentation TypographyPresentation--medium RichText3-paragraph--withVSpacingNormal RichText3-paragraph HighlightSol HighlightSol--buildingBlock\">Reichen Sie jetzt Ihr E\u2011Rezept ein. Nutzen Sie unsere <a class=\"PrimaryLink HighlightSol HighlightSol--core LinkBase\" href=\"https:\/\/e-rezept-app.de\/shop-rezept\" target=\"_blank\" rel=\"noreferrer noopener\">E\u2011Rezept App<\/a>.<\/div>\n","protected":false},"excerpt":{"rendered":"<h2 class=\"product_title entry-title\">Blue m Mundspray 15ml<\/h2>\n<p><strong>PZN<\/strong>:\u00a0 12486002 (Pharmazentralnummer)<\/p>\n<p><strong>Darreichungsform<\/strong>: Creme \u2013 75ml<\/p>\n<p><strong>Verordnungsart<\/strong>: Rezeptfrei<\/p>\n<p><strong>Marke<\/strong>: Blue M<\/p>\n<p><strong>Hersteller<\/strong>: dentalline GmbH &amp; Co. KG<\/p>\n<p>Andere Produkt &amp; Packungsgr\u00f6\u00dfen:\u00a0<a href=\"https:\/\/www.loewen-apotheke24.com\/de\/product_tag\/bluem\/\">Blue M<\/a><\/p>\n","protected":false},"featured_media":25208,"template":"","meta":[],"product_cat":[13,89,43],"product_tag":[335,337,339,338,336],"yoast_head":"<!-- This site is optimized with the Yoast SEO Premium plugin v21.0 (Yoast SEO v21.0) - https:\/\/yoast.com\/wordpress\/plugins\/seo\/ -->\n<title>Blue m Mundspray 15ml g\u00fcnstig kaufen<\/title>\n<meta name=\"description\" content=\"Blue m Mundspray 15ml bei Ihrer deutschen Online-Apotheke g\u00fcnstig bestellen. Schneller Versand und sichere Bestellung. Verf\u00fcgbarkeit: sofort lieferbar.\" \/>\n<meta name=\"robots\" content=\"index, follow, max-snippet:-1, max-image-preview:large, max-video-preview:-1\" \/>\n<link rel=\"canonical\" href=\"https:\/\/www.loewen-apotheke24.com\/de\/shop\/angebot\/blue-m-mundspray-15ml\/\" \/>\n<meta property=\"og:locale\" content=\"de_DE\" \/>\n<meta property=\"og:type\" content=\"article\" \/>\n<meta property=\"og:title\" content=\"Blue m Mundspray 15ml g\u00fcnstig kaufen\" \/>\n<meta property=\"og:description\" content=\"Blue m Mundspray 15ml bei Ihrer deutschen Online-Apotheke g\u00fcnstig bestellen. Schneller Versand und sichere Bestellung. Verf\u00fcgbarkeit: sofort lieferbar.\" \/>\n<meta property=\"og:url\" content=\"https:\/\/www.loewen-apotheke24.com\/de\/shop\/angebot\/blue-m-mundspray-15ml\/\" \/>\n<meta property=\"og:site_name\" content=\"L\u00f6wen Apotheke24\" \/>\n<meta property=\"article:modified_time\" content=\"2025-09-15T11:31:42+00:00\" \/>\n<meta property=\"og:image\" content=\"https:\/\/www.loewen-apotheke24.com\/wp-content\/uploads\/2019\/01\/blue-m-mund-spray.jpg\" \/>\n\t<meta property=\"og:image:width\" content=\"600\" \/>\n\t<meta property=\"og:image:height\" content=\"600\" \/>\n\t<meta property=\"og:image:type\" content=\"image\/jpeg\" \/>\n<meta name=\"twitter:card\" content=\"summary_large_image\" \/>\n<meta name=\"twitter:label1\" content=\"Gesch\u00e4tzte Lesezeit\" \/>\n\t<meta name=\"twitter:data1\" content=\"2\u00a0Minuten\" \/>\n<script type=\"application\/ld+json\" class=\"yoast-schema-graph\">{\"@context\":\"https:\/\/schema.org\",\"@graph\":[{\"@type\":\"WebPage\",\"@id\":\"https:\/\/www.loewen-apotheke24.com\/de\/shop\/angebot\/blue-m-mundspray-15ml\/\",\"url\":\"https:\/\/www.loewen-apotheke24.com\/de\/shop\/angebot\/blue-m-mundspray-15ml\/\",\"name\":\"Blue m Mundspray 15ml g\u00fcnstig kaufen\",\"isPartOf\":{\"@id\":\"https:\/\/www.loewen-apotheke24.com\/de\/#website\"},\"datePublished\":\"2019-01-30T09:56:10+00:00\",\"dateModified\":\"2025-09-15T11:31:42+00:00\",\"description\":\"Blue m Mundspray 15ml bei Ihrer deutschen Online-Apotheke g\u00fcnstig bestellen. Schneller Versand und sichere Bestellung. Verf\u00fcgbarkeit: sofort lieferbar.\",\"breadcrumb\":{\"@id\":\"https:\/\/www.loewen-apotheke24.com\/de\/shop\/angebot\/blue-m-mundspray-15ml\/#breadcrumb\"},\"inLanguage\":\"de\",\"potentialAction\":[{\"@type\":\"ReadAction\",\"target\":[\"https:\/\/www.loewen-apotheke24.com\/de\/shop\/angebot\/blue-m-mundspray-15ml\/\"]}]},{\"@type\":\"BreadcrumbList\",\"@id\":\"https:\/\/www.loewen-apotheke24.com\/de\/shop\/angebot\/blue-m-mundspray-15ml\/#breadcrumb\",\"itemListElement\":[{\"@type\":\"ListItem\",\"position\":1,\"name\":\"Shop\",\"item\":\"https:\/\/www.loewen-apotheke24.com\/de\/shop\/\"},{\"@type\":\"ListItem\",\"position\":2,\"name\":\"Blue m Mundspray 15ml\"}]},{\"@type\":\"WebSite\",\"@id\":\"https:\/\/www.loewen-apotheke24.com\/de\/#website\",\"url\":\"https:\/\/www.loewen-apotheke24.com\/de\/\",\"name\":\"L\u00f6wen Apotheke24\",\"description\":\"Spezialist f\u00fcr Naturmedizin - Versandapotheke Baden-Baden\",\"publisher\":{\"@id\":\"https:\/\/www.loewen-apotheke24.com\/de\/#organization\"},\"potentialAction\":[{\"@type\":\"SearchAction\",\"target\":{\"@type\":\"EntryPoint\",\"urlTemplate\":\"https:\/\/www.loewen-apotheke24.com\/de\/?s={search_term_string}\"},\"query-input\":\"required name=search_term_string\"}],\"inLanguage\":\"de\"},{\"@type\":\"Organization\",\"@id\":\"https:\/\/www.loewen-apotheke24.com\/de\/#organization\",\"name\":\"L\u00f6wen Apotheke\",\"alternateName\":\"L\u00f6wen Apotheke\",\"url\":\"https:\/\/www.loewen-apotheke24.com\/de\/\",\"logo\":{\"@type\":\"ImageObject\",\"inLanguage\":\"de\",\"@id\":\"https:\/\/www.loewen-apotheke24.com\/de\/#\/schema\/logo\/image\/\",\"url\":\"https:\/\/www.loewen-apotheke24.com\/wp-content\/uploads\/2024\/02\/Logo-Loewen-Apotheke-700x700-1.png\",\"contentUrl\":\"https:\/\/www.loewen-apotheke24.com\/wp-content\/uploads\/2024\/02\/Logo-Loewen-Apotheke-700x700-1.png\",\"width\":700,\"height\":700,\"caption\":\"L\u00f6wen Apotheke\"},\"image\":{\"@id\":\"https:\/\/www.loewen-apotheke24.com\/de\/#\/schema\/logo\/image\/\"}}]}<\/script>\n<!-- \/ Yoast SEO Premium plugin. -->","yoast_head_json":{"title":"Blue m Mundspray 15ml g\u00fcnstig kaufen","description":"Blue m Mundspray 15ml bei Ihrer deutschen Online-Apotheke g\u00fcnstig bestellen. Schneller Versand und sichere Bestellung. Verf\u00fcgbarkeit: sofort lieferbar.","robots":{"index":"index","follow":"follow","max-snippet":"max-snippet:-1","max-image-preview":"max-image-preview:large","max-video-preview":"max-video-preview:-1"},"canonical":"https:\/\/www.loewen-apotheke24.com\/de\/shop\/angebot\/blue-m-mundspray-15ml\/","og_locale":"de_DE","og_type":"article","og_title":"Blue m Mundspray 15ml g\u00fcnstig kaufen","og_description":"Blue m Mundspray 15ml bei Ihrer deutschen Online-Apotheke g\u00fcnstig bestellen. Schneller Versand und sichere Bestellung. Verf\u00fcgbarkeit: sofort lieferbar.","og_url":"https:\/\/www.loewen-apotheke24.com\/de\/shop\/angebot\/blue-m-mundspray-15ml\/","og_site_name":"L\u00f6wen Apotheke24","article_modified_time":"2025-09-15T11:31:42+00:00","og_image":[{"width":600,"height":600,"url":"https:\/\/www.loewen-apotheke24.com\/wp-content\/uploads\/2019\/01\/blue-m-mund-spray.jpg","type":"image\/jpeg"}],"twitter_card":"summary_large_image","twitter_misc":{"Gesch\u00e4tzte Lesezeit":"2\u00a0Minuten"},"schema":{"@context":"https:\/\/schema.org","@graph":[{"@type":"WebPage","@id":"https:\/\/www.loewen-apotheke24.com\/de\/shop\/angebot\/blue-m-mundspray-15ml\/","url":"https:\/\/www.loewen-apotheke24.com\/de\/shop\/angebot\/blue-m-mundspray-15ml\/","name":"Blue m Mundspray 15ml g\u00fcnstig kaufen","isPartOf":{"@id":"https:\/\/www.loewen-apotheke24.com\/de\/#website"},"datePublished":"2019-01-30T09:56:10+00:00","dateModified":"2025-09-15T11:31:42+00:00","description":"Blue m Mundspray 15ml bei Ihrer deutschen Online-Apotheke g\u00fcnstig bestellen. Schneller Versand und sichere Bestellung. Verf\u00fcgbarkeit: sofort lieferbar.","breadcrumb":{"@id":"https:\/\/www.loewen-apotheke24.com\/de\/shop\/angebot\/blue-m-mundspray-15ml\/#breadcrumb"},"inLanguage":"de","potentialAction":[{"@type":"ReadAction","target":["https:\/\/www.loewen-apotheke24.com\/de\/shop\/angebot\/blue-m-mundspray-15ml\/"]}]},{"@type":"BreadcrumbList","@id":"https:\/\/www.loewen-apotheke24.com\/de\/shop\/angebot\/blue-m-mundspray-15ml\/#breadcrumb","itemListElement":[{"@type":"ListItem","position":1,"name":"Shop","item":"https:\/\/www.loewen-apotheke24.com\/de\/shop\/"},{"@type":"ListItem","position":2,"name":"Blue m Mundspray 15ml"}]},{"@type":"WebSite","@id":"https:\/\/www.loewen-apotheke24.com\/de\/#website","url":"https:\/\/www.loewen-apotheke24.com\/de\/","name":"L\u00f6wen Apotheke24","description":"Spezialist f\u00fcr Naturmedizin - Versandapotheke Baden-Baden","publisher":{"@id":"https:\/\/www.loewen-apotheke24.com\/de\/#organization"},"potentialAction":[{"@type":"SearchAction","target":{"@type":"EntryPoint","urlTemplate":"https:\/\/www.loewen-apotheke24.com\/de\/?s={search_term_string}"},"query-input":"required name=search_term_string"}],"inLanguage":"de"},{"@type":"Organization","@id":"https:\/\/www.loewen-apotheke24.com\/de\/#organization","name":"L\u00f6wen Apotheke","alternateName":"L\u00f6wen Apotheke","url":"https:\/\/www.loewen-apotheke24.com\/de\/","logo":{"@type":"ImageObject","inLanguage":"de","@id":"https:\/\/www.loewen-apotheke24.com\/de\/#\/schema\/logo\/image\/","url":"https:\/\/www.loewen-apotheke24.com\/wp-content\/uploads\/2024\/02\/Logo-Loewen-Apotheke-700x700-1.png","contentUrl":"https:\/\/www.loewen-apotheke24.com\/wp-content\/uploads\/2024\/02\/Logo-Loewen-Apotheke-700x700-1.png","width":700,"height":700,"caption":"L\u00f6wen Apotheke"},"image":{"@id":"https:\/\/www.loewen-apotheke24.com\/de\/#\/schema\/logo\/image\/"}}]}},"_links":{"self":[{"href":"https:\/\/www.loewen-apotheke24.com\/de\/wp-json\/wp\/v2\/product\/7032"}],"collection":[{"href":"https:\/\/www.loewen-apotheke24.com\/de\/wp-json\/wp\/v2\/product"}],"about":[{"href":"https:\/\/www.loewen-apotheke24.com\/de\/wp-json\/wp\/v2\/types\/product"}],"wp:featuredmedia":[{"embeddable":true,"href":"https:\/\/www.loewen-apotheke24.com\/de\/wp-json\/wp\/v2\/media\/25208"}],"wp:attachment":[{"href":"https:\/\/www.loewen-apotheke24.com\/de\/wp-json\/wp\/v2\/media?parent=7032"}],"wp:term":[{"taxonomy":"product_cat","embeddable":true,"href":"https:\/\/www.loewen-apotheke24.com\/de\/wp-json\/wp\/v2\/product_cat?post=7032"},{"taxonomy":"product_tag","embeddable":true,"href":"https:\/\/www.loewen-apotheke24.com\/de\/wp-json\/wp\/v2\/product_tag?post=7032"}],"curies":[{"name":"wp","href":"https:\/\/api.w.org\/{rel}","templated":true}]}}