{"id":7036,"date":"2019-01-30T11:03:47","date_gmt":"2019-01-30T10:03:47","guid":{"rendered":"https:\/\/www.loewen-apotheke24.com\/?post_type=product&#038;p=7036"},"modified":"2025-09-15T12:34:06","modified_gmt":"2025-09-15T11:34:06","slug":"blue-m-sauerstoff-fluid-500ml","status":"publish","type":"product","link":"https:\/\/www.loewen-apotheke24.com\/de\/shop\/angebot\/blue-m-sauerstoff-fluid-500ml\/","title":{"rendered":"Blue m Sauerstoff-Fluid 500ml"},"content":{"rendered":"<h3 style=\"text-align: left;\">Blue m Sauerstoff-Fluid 500ml<\/h3>\n<p>Das hochwirksame <strong>blue m Sauerstoff-Fluid<\/strong> wurde speziell f\u00fcr Patienten mit gr\u00f6\u00dferen Wunden im Mundraum entwickelt z.B. durch Strahlung und\/oder Chemotherapie oder Abreibung unter einer Prothese verursacht. Dieses Produkt enth\u00e4lt keine Geschmacks-, Farb- und Schaumstoffe und sorgt somit f\u00fcr eine sanfte Heilung der gesch\u00e4digten Bereiche.<\/p>\n<p>Das hochwirksame <strong>blue<sup>\u00ae<\/sup>m Sauerstoff-Fluid<\/strong> enth\u00e4lt einen h\u00f6heren Sauerstoffanteil f\u00fcr einen schnelleren Heilungsprozess.<\/p>\n<p><strong>Verbessern Sie den Heilungsprozess mit der Wirkung von Sauerstoff:<\/strong><\/p>\n<ul style=\"list-style-type: square;\">\n<li><span style=\"font-size: 12pt;\">Hochwirksam bei gr\u00f6\u00dferen Wunden im Mundraum.<\/span><\/li>\n<li><span style=\"font-size: 12pt;\">Verbesserte Formel zur Beschleunigung des Heilungsprozesses.<\/span><\/li>\n<li><span style=\"font-size: 12pt;\">Speziell entwickelte, sanfte L\u00f6sung.<\/span><\/li>\n<li><span style=\"font-size: 12pt;\">F\u00f6rdert das Wachstum neuer Blutgef\u00e4\u00dfe.<\/span><\/li>\n<li><span style=\"font-size: 12pt;\">Hilft dabei, die Zellstrukturen um Implantate herum neu aufzubauen, und verhindert somit das Zur\u00fcckgehen des Zahnfleisches. Durch die Kr\u00e4ftigung des Kieferknochens wird sichergestellt, dass die Implantate fest verankert bleiben.<\/span><\/li>\n<li><span style=\"font-size: 12pt;\">Sorgt daf\u00fcr, dass Ihre Z\u00e4hne wei\u00df bleiben und beugt Farbunterschieden zwischen nat\u00fcrlichen Z\u00e4hnen, Verblendungen und Kronen vor, die durch Kaffee-, Tee-, Tabak- und Rotweinkonsum entstehen k\u00f6nnen.<\/span><\/li>\n<li><span style=\"font-size: 12pt;\">Verhindert die Verbreitung von Bakterien und das Entstehen von Infektionen im Zahnfleisch.<\/span><\/li>\n<li><span style=\"font-size: 12pt;\">Enth\u00e4lt kein Fluorid &#8211; somit verringert sich das Risiko, dass Implantate locker werden. Hohe Fluorid-Konzentrationen, wie man sie in herk\u00f6mmlichen Zahncremes findet, greifen die Titanschicht des Implantats an und machen sie br\u00fcchig.<\/span><\/li>\n<li><span style=\"font-size: 12pt;\">Besitzt einen neutralen pH-Wert und enth\u00e4lt keine scheuernden Elemente. Dadurch kann die Oberfl\u00e4che von Z\u00e4hnen oder Implantaten nicht gesch\u00e4digt werden.<\/span><\/li>\n<\/ul>\n<p>Zu Risiken und Nebenwirkungen lesen Sie die Packungsbeilage und fragen Sie Ihren Arzt oder Apotheker.<\/p>\n","protected":false},"excerpt":{"rendered":"<h2 style=\"text-align: left;\">Blue m Sauerstoff-Fluid 500ml<\/h2>\n<p><strong>PZN<\/strong>:\u00a0 12485936 (Pharmazentralnummer)<\/p>\n<p><strong>Darreichungsform<\/strong>: Fluid<\/p>\n<p><strong>Verordnungsart<\/strong>: Rezeptfrei<\/p>\n<p><strong>Marke<\/strong>: Blue M<\/p>\n<p><strong>Hersteller<\/strong>: dentalline GmbH &amp; Co. KG<\/p>\n<p>Andere Produkt &amp; Packungsgr\u00f6\u00dfen: <a href=\"https:\/\/www.loewen-apotheke24.com\/de\/product_tag\/bluem\/\">Blue M<\/a><\/p>\n","protected":false},"featured_media":25210,"template":"","meta":[],"product_cat":[13,89],"product_tag":[335,337,339,338,336],"yoast_head":"<!-- This site is optimized with the Yoast SEO Premium plugin v21.0 (Yoast SEO v21.0) - https:\/\/yoast.com\/wordpress\/plugins\/seo\/ -->\n<title>Blue m Sauerstoff-Fluid 500ml kaufen<\/title>\n<meta name=\"description\" content=\"L\u00f6wen Apotheke24 - Spezialist f\u00fcr Naturheilkunde - Weltweiter Versand - kurze Lieferzeit - gratis Lieferung ab 30 \u20ac - Blue m Sauerstoff-Fluid 500ml\" \/>\n<meta name=\"robots\" content=\"index, follow, max-snippet:-1, max-image-preview:large, max-video-preview:-1\" \/>\n<link rel=\"canonical\" href=\"https:\/\/www.loewen-apotheke24.com\/de\/shop\/angebot\/blue-m-sauerstoff-fluid-500ml\/\" \/>\n<meta property=\"og:locale\" content=\"de_DE\" \/>\n<meta property=\"og:type\" content=\"article\" \/>\n<meta property=\"og:title\" content=\"Blue m Sauerstoff-Fluid 500ml kaufen\" \/>\n<meta property=\"og:description\" content=\"L\u00f6wen Apotheke24 - Spezialist f\u00fcr Naturheilkunde - Weltweiter Versand - kurze Lieferzeit - gratis Lieferung ab 30 \u20ac - Blue m Sauerstoff-Fluid 500ml\" \/>\n<meta property=\"og:url\" content=\"https:\/\/www.loewen-apotheke24.com\/de\/shop\/angebot\/blue-m-sauerstoff-fluid-500ml\/\" \/>\n<meta property=\"og:site_name\" content=\"L\u00f6wen Apotheke24\" \/>\n<meta property=\"article:modified_time\" content=\"2025-09-15T11:34:06+00:00\" \/>\n<meta property=\"og:image\" content=\"https:\/\/www.loewen-apotheke24.com\/wp-content\/uploads\/2019\/01\/blue-m-oxygen-fluid.jpg\" \/>\n\t<meta property=\"og:image:width\" content=\"600\" \/>\n\t<meta property=\"og:image:height\" content=\"600\" \/>\n\t<meta property=\"og:image:type\" content=\"image\/jpeg\" \/>\n<meta name=\"twitter:card\" content=\"summary_large_image\" \/>\n<meta name=\"twitter:label1\" content=\"Gesch\u00e4tzte Lesezeit\" \/>\n\t<meta name=\"twitter:data1\" content=\"2\u00a0Minuten\" \/>\n<script type=\"application\/ld+json\" class=\"yoast-schema-graph\">{\"@context\":\"https:\/\/schema.org\",\"@graph\":[{\"@type\":\"WebPage\",\"@id\":\"https:\/\/www.loewen-apotheke24.com\/de\/shop\/angebot\/blue-m-sauerstoff-fluid-500ml\/\",\"url\":\"https:\/\/www.loewen-apotheke24.com\/de\/shop\/angebot\/blue-m-sauerstoff-fluid-500ml\/\",\"name\":\"Blue m Sauerstoff-Fluid 500ml kaufen\",\"isPartOf\":{\"@id\":\"https:\/\/www.loewen-apotheke24.com\/de\/#website\"},\"datePublished\":\"2019-01-30T10:03:47+00:00\",\"dateModified\":\"2025-09-15T11:34:06+00:00\",\"description\":\"L\u00f6wen Apotheke24 - Spezialist f\u00fcr Naturheilkunde - Weltweiter Versand - kurze Lieferzeit - gratis Lieferung ab 30 \u20ac - Blue m Sauerstoff-Fluid 500ml\",\"breadcrumb\":{\"@id\":\"https:\/\/www.loewen-apotheke24.com\/de\/shop\/angebot\/blue-m-sauerstoff-fluid-500ml\/#breadcrumb\"},\"inLanguage\":\"de\",\"potentialAction\":[{\"@type\":\"ReadAction\",\"target\":[\"https:\/\/www.loewen-apotheke24.com\/de\/shop\/angebot\/blue-m-sauerstoff-fluid-500ml\/\"]}]},{\"@type\":\"BreadcrumbList\",\"@id\":\"https:\/\/www.loewen-apotheke24.com\/de\/shop\/angebot\/blue-m-sauerstoff-fluid-500ml\/#breadcrumb\",\"itemListElement\":[{\"@type\":\"ListItem\",\"position\":1,\"name\":\"Shop\",\"item\":\"https:\/\/www.loewen-apotheke24.com\/de\/shop\/\"},{\"@type\":\"ListItem\",\"position\":2,\"name\":\"Blue m Sauerstoff-Fluid 500ml\"}]},{\"@type\":\"WebSite\",\"@id\":\"https:\/\/www.loewen-apotheke24.com\/de\/#website\",\"url\":\"https:\/\/www.loewen-apotheke24.com\/de\/\",\"name\":\"L\u00f6wen Apotheke24\",\"description\":\"Spezialist f\u00fcr Naturmedizin - Versandapotheke Baden-Baden\",\"publisher\":{\"@id\":\"https:\/\/www.loewen-apotheke24.com\/de\/#organization\"},\"potentialAction\":[{\"@type\":\"SearchAction\",\"target\":{\"@type\":\"EntryPoint\",\"urlTemplate\":\"https:\/\/www.loewen-apotheke24.com\/de\/?s={search_term_string}\"},\"query-input\":\"required name=search_term_string\"}],\"inLanguage\":\"de\"},{\"@type\":\"Organization\",\"@id\":\"https:\/\/www.loewen-apotheke24.com\/de\/#organization\",\"name\":\"L\u00f6wen Apotheke\",\"alternateName\":\"L\u00f6wen Apotheke\",\"url\":\"https:\/\/www.loewen-apotheke24.com\/de\/\",\"logo\":{\"@type\":\"ImageObject\",\"inLanguage\":\"de\",\"@id\":\"https:\/\/www.loewen-apotheke24.com\/de\/#\/schema\/logo\/image\/\",\"url\":\"https:\/\/www.loewen-apotheke24.com\/wp-content\/uploads\/2024\/02\/Logo-Loewen-Apotheke-700x700-1.png\",\"contentUrl\":\"https:\/\/www.loewen-apotheke24.com\/wp-content\/uploads\/2024\/02\/Logo-Loewen-Apotheke-700x700-1.png\",\"width\":700,\"height\":700,\"caption\":\"L\u00f6wen Apotheke\"},\"image\":{\"@id\":\"https:\/\/www.loewen-apotheke24.com\/de\/#\/schema\/logo\/image\/\"}}]}<\/script>\n<!-- \/ Yoast SEO Premium plugin. -->","yoast_head_json":{"title":"Blue m Sauerstoff-Fluid 500ml kaufen","description":"L\u00f6wen Apotheke24 - Spezialist f\u00fcr Naturheilkunde - Weltweiter Versand - kurze Lieferzeit - gratis Lieferung ab 30 \u20ac - Blue m Sauerstoff-Fluid 500ml","robots":{"index":"index","follow":"follow","max-snippet":"max-snippet:-1","max-image-preview":"max-image-preview:large","max-video-preview":"max-video-preview:-1"},"canonical":"https:\/\/www.loewen-apotheke24.com\/de\/shop\/angebot\/blue-m-sauerstoff-fluid-500ml\/","og_locale":"de_DE","og_type":"article","og_title":"Blue m Sauerstoff-Fluid 500ml kaufen","og_description":"L\u00f6wen Apotheke24 - Spezialist f\u00fcr Naturheilkunde - Weltweiter Versand - kurze Lieferzeit - gratis Lieferung ab 30 \u20ac - Blue m Sauerstoff-Fluid 500ml","og_url":"https:\/\/www.loewen-apotheke24.com\/de\/shop\/angebot\/blue-m-sauerstoff-fluid-500ml\/","og_site_name":"L\u00f6wen Apotheke24","article_modified_time":"2025-09-15T11:34:06+00:00","og_image":[{"width":600,"height":600,"url":"https:\/\/www.loewen-apotheke24.com\/wp-content\/uploads\/2019\/01\/blue-m-oxygen-fluid.jpg","type":"image\/jpeg"}],"twitter_card":"summary_large_image","twitter_misc":{"Gesch\u00e4tzte Lesezeit":"2\u00a0Minuten"},"schema":{"@context":"https:\/\/schema.org","@graph":[{"@type":"WebPage","@id":"https:\/\/www.loewen-apotheke24.com\/de\/shop\/angebot\/blue-m-sauerstoff-fluid-500ml\/","url":"https:\/\/www.loewen-apotheke24.com\/de\/shop\/angebot\/blue-m-sauerstoff-fluid-500ml\/","name":"Blue m Sauerstoff-Fluid 500ml kaufen","isPartOf":{"@id":"https:\/\/www.loewen-apotheke24.com\/de\/#website"},"datePublished":"2019-01-30T10:03:47+00:00","dateModified":"2025-09-15T11:34:06+00:00","description":"L\u00f6wen Apotheke24 - Spezialist f\u00fcr Naturheilkunde - Weltweiter Versand - kurze Lieferzeit - gratis Lieferung ab 30 \u20ac - Blue m Sauerstoff-Fluid 500ml","breadcrumb":{"@id":"https:\/\/www.loewen-apotheke24.com\/de\/shop\/angebot\/blue-m-sauerstoff-fluid-500ml\/#breadcrumb"},"inLanguage":"de","potentialAction":[{"@type":"ReadAction","target":["https:\/\/www.loewen-apotheke24.com\/de\/shop\/angebot\/blue-m-sauerstoff-fluid-500ml\/"]}]},{"@type":"BreadcrumbList","@id":"https:\/\/www.loewen-apotheke24.com\/de\/shop\/angebot\/blue-m-sauerstoff-fluid-500ml\/#breadcrumb","itemListElement":[{"@type":"ListItem","position":1,"name":"Shop","item":"https:\/\/www.loewen-apotheke24.com\/de\/shop\/"},{"@type":"ListItem","position":2,"name":"Blue m Sauerstoff-Fluid 500ml"}]},{"@type":"WebSite","@id":"https:\/\/www.loewen-apotheke24.com\/de\/#website","url":"https:\/\/www.loewen-apotheke24.com\/de\/","name":"L\u00f6wen Apotheke24","description":"Spezialist f\u00fcr Naturmedizin - Versandapotheke Baden-Baden","publisher":{"@id":"https:\/\/www.loewen-apotheke24.com\/de\/#organization"},"potentialAction":[{"@type":"SearchAction","target":{"@type":"EntryPoint","urlTemplate":"https:\/\/www.loewen-apotheke24.com\/de\/?s={search_term_string}"},"query-input":"required name=search_term_string"}],"inLanguage":"de"},{"@type":"Organization","@id":"https:\/\/www.loewen-apotheke24.com\/de\/#organization","name":"L\u00f6wen Apotheke","alternateName":"L\u00f6wen Apotheke","url":"https:\/\/www.loewen-apotheke24.com\/de\/","logo":{"@type":"ImageObject","inLanguage":"de","@id":"https:\/\/www.loewen-apotheke24.com\/de\/#\/schema\/logo\/image\/","url":"https:\/\/www.loewen-apotheke24.com\/wp-content\/uploads\/2024\/02\/Logo-Loewen-Apotheke-700x700-1.png","contentUrl":"https:\/\/www.loewen-apotheke24.com\/wp-content\/uploads\/2024\/02\/Logo-Loewen-Apotheke-700x700-1.png","width":700,"height":700,"caption":"L\u00f6wen Apotheke"},"image":{"@id":"https:\/\/www.loewen-apotheke24.com\/de\/#\/schema\/logo\/image\/"}}]}},"_links":{"self":[{"href":"https:\/\/www.loewen-apotheke24.com\/de\/wp-json\/wp\/v2\/product\/7036"}],"collection":[{"href":"https:\/\/www.loewen-apotheke24.com\/de\/wp-json\/wp\/v2\/product"}],"about":[{"href":"https:\/\/www.loewen-apotheke24.com\/de\/wp-json\/wp\/v2\/types\/product"}],"wp:featuredmedia":[{"embeddable":true,"href":"https:\/\/www.loewen-apotheke24.com\/de\/wp-json\/wp\/v2\/media\/25210"}],"wp:attachment":[{"href":"https:\/\/www.loewen-apotheke24.com\/de\/wp-json\/wp\/v2\/media?parent=7036"}],"wp:term":[{"taxonomy":"product_cat","embeddable":true,"href":"https:\/\/www.loewen-apotheke24.com\/de\/wp-json\/wp\/v2\/product_cat?post=7036"},{"taxonomy":"product_tag","embeddable":true,"href":"https:\/\/www.loewen-apotheke24.com\/de\/wp-json\/wp\/v2\/product_tag?post=7036"}],"curies":[{"name":"wp","href":"https:\/\/api.w.org\/{rel}","templated":true}]}}