{"id":7041,"date":"2019-01-30T11:08:37","date_gmt":"2019-01-30T10:08:37","guid":{"rendered":"https:\/\/www.loewen-apotheke24.com\/?post_type=product&#038;p=7041"},"modified":"2025-12-23T06:36:56","modified_gmt":"2025-12-23T05:36:56","slug":"blue-m-zahncreme-implant-care-75ml","status":"publish","type":"product","link":"https:\/\/www.loewen-apotheke24.com\/de\/shop\/angebot\/blue-m-zahncreme-implant-care-75ml\/","title":{"rendered":"Blue m Zahncreme Implant Care 75ml"},"content":{"rendered":"<h4>Blue m Zahncreme Implant Care 75ml<\/h4>\n<p><strong>blue m Zahncreme Implant<\/strong> bietet die beste Pflege, um daf\u00fcr zu sorgen, dass Z\u00e4hne und Implantate gesund bleiben. Die Formel der Zahncreme enth\u00e4lt einen hohen Anteil an Sauerstoff, der tief in das Zahnfleisch eindringt und somit die Zahnfleischtaschen um die Z\u00e4hne und Implantate herum sauber und frei von <strong>sch\u00e4dlichen Bakterien<\/strong> h\u00e4lt. <strong>blue m Zahncreme<\/strong> enth\u00e4lt zudem Aktivsubstanzen, von denen einige aus <strong>Honigenzymen<\/strong> gewonnen werden. Diese haben eine antiseptische, desinfizierende und entz\u00fcndungshemmende Wirkung auf den Mundraum.<\/p>\n<p>Durch die einzigartige Formel von <strong>blue<sup>\u00ae<\/sup>m Zahncreme<\/strong> bekommen Ihre Z\u00e4hne, Implantate und Ihr Zahnfleisch die bestm\u00f6gliche Reinigung und Pflege. <strong>blue<sup>\u00ae<\/sup>m<\/strong> bek\u00e4mpft wirksam Bakterien, die zur Entstehung von Zahnbel\u00e4gen beitragen, und sorgt somit daf\u00fcr, dass Ihr Zahnfleisch in optimalem Zustand bleibt.<\/p>\n<p><strong>Eine wirksame Innovation mit schneller Wirkung:<\/strong><\/p>\n<ul>\n<li><span style=\"font-size: 10pt;\">F\u00f6rdert das Wachstum neuer Blutgef\u00e4\u00dfe.<\/span><\/li>\n<li><span style=\"font-size: 10pt;\">Hilft dabei, die Zellstrukturen um Implantate herum neu aufzubauen, und verhindert somit das Zur\u00fcckgehen des Zahnfleisches. Durch die Kr\u00e4ftigung des Kieferknochens wird sichergestellt, dass die Implantate fest verankert bleiben.<\/span><\/li>\n<li><span style=\"font-size: 10pt;\">Sorgt daf\u00fcr, dass Ihre Z\u00e4hne wei\u00df bleiben und beugt Farbunterschieden zwischen nat\u00fcrlichen Z\u00e4hnen, Verblendungen und Kronen vor, die durch Kaffee-, Tee-, Tabak- und Rotweinkonsum entstehen k\u00f6nnen.<\/span><\/li>\n<li><span style=\"font-size: 10pt;\">Verhindert die Verbreitung von Bakterien und das Entstehen von Infektionen im Zahnfleisch.<\/span><\/li>\n<li><span style=\"font-size: 10pt;\">Enth\u00e4lt kein Fluorid &#8211; somit verringert sich das Risiko, dass Implantate locker werden. Hohe Fluorid-Konzentrationen, wie man sie in herk\u00f6mmlichen Zahncremes findet, greifen die Titanschicht des Implantats an und machen sie br\u00fcchig.<\/span><\/li>\n<li><span style=\"font-size: 10pt;\">Besitzt einen neutralen pH-Wert und enth\u00e4lt keine abrasiven Elemente. Dadurch kann die Oberfl\u00e4che von Z\u00e4hnen oder Implantaten nicht gesch\u00e4digt werden.<\/span><br \/>\n<span style=\"font-size: 10pt;\">RDA-Wert <strong>blue<sup>\u00ae<\/sup>m Zahncreme<\/strong>: 25 = Sehr geringe n\u00fctzliche Scheuerkraft, greift den Zahnschmelz nicht an.<\/span><\/li>\n<\/ul>\n<p>Zu Risiken und Nebenwirkungen lesen Sie die Packungsbeilage und fragen Sie Ihren Arzt oder Apotheker.<\/p>\n","protected":false},"excerpt":{"rendered":"<h3 style=\"text-align: left;\">Blue m Zahncreme Implant Care 75ml<\/h3>\n<p><strong>PZN<\/strong>:\u00a0 <span class=\"sku_wrapper\"><span class=\"sku\">12485959<\/span><\/span>\u00a0 (Pharmazentralnummer)<\/p>\n<p><strong>Darreichungsform<\/strong>: Creme &#8211; 75ml<\/p>\n<p><strong>Verordnungsart<\/strong>: Rezeptfrei<\/p>\n<p><strong>Marke<\/strong>: Blue M<\/p>\n<p><strong>Hersteller<\/strong>: dentalline GmbH &amp; Co. KG<\/p>\n<p>Andere Produkt &amp; Packungsgr\u00f6\u00dfen: <a href=\"https:\/\/www.loewen-apotheke24.com\/de\/product_tag\/bluem\/\">Blue M<\/a><\/p>\n","protected":false},"featured_media":25209,"template":"","meta":[],"product_cat":[13,89,43],"product_tag":[335,337,339,338,336],"yoast_head":"<!-- This site is optimized with the Yoast SEO Premium plugin v21.0 (Yoast SEO v21.0) - https:\/\/yoast.com\/wordpress\/plugins\/seo\/ -->\n<title>Blue m Zahncreme Implant Care 75ml kaufen<\/title>\n<meta name=\"description\" content=\"L\u00f6wen Apotheke24 - Spezialist f\u00fcr Naturheilkunde - Weltweiter Versand - kurze Lieferzeit - gratis Lieferung ab 30 \u20ac - Blue M Zahncreme Implant Care 75 ml\" \/>\n<meta name=\"robots\" content=\"index, follow, max-snippet:-1, max-image-preview:large, max-video-preview:-1\" \/>\n<link rel=\"canonical\" href=\"https:\/\/www.loewen-apotheke24.com\/de\/shop\/angebot\/blue-m-zahncreme-implant-care-75ml\/\" \/>\n<meta property=\"og:locale\" content=\"de_DE\" \/>\n<meta property=\"og:type\" content=\"article\" \/>\n<meta property=\"og:title\" content=\"Blue m Zahncreme Implant Care 75ml kaufen\" \/>\n<meta property=\"og:description\" content=\"L\u00f6wen Apotheke24 - Spezialist f\u00fcr Naturheilkunde - Weltweiter Versand - kurze Lieferzeit - gratis Lieferung ab 30 \u20ac - Blue M Zahncreme Implant Care 75 ml\" \/>\n<meta property=\"og:url\" content=\"https:\/\/www.loewen-apotheke24.com\/de\/shop\/angebot\/blue-m-zahncreme-implant-care-75ml\/\" \/>\n<meta property=\"og:site_name\" content=\"L\u00f6wen Apotheke24\" \/>\n<meta property=\"article:modified_time\" content=\"2025-12-23T05:36:56+00:00\" \/>\n<meta property=\"og:image\" content=\"https:\/\/www.loewen-apotheke24.com\/wp-content\/uploads\/2019\/01\/blue-m-zahnpglege.jpg\" \/>\n\t<meta property=\"og:image:width\" content=\"600\" \/>\n\t<meta property=\"og:image:height\" content=\"600\" \/>\n\t<meta property=\"og:image:type\" content=\"image\/jpeg\" \/>\n<meta name=\"twitter:card\" content=\"summary_large_image\" \/>\n<meta name=\"twitter:label1\" content=\"Gesch\u00e4tzte Lesezeit\" \/>\n\t<meta name=\"twitter:data1\" content=\"2\u00a0Minuten\" \/>\n<script type=\"application\/ld+json\" class=\"yoast-schema-graph\">{\"@context\":\"https:\/\/schema.org\",\"@graph\":[{\"@type\":\"WebPage\",\"@id\":\"https:\/\/www.loewen-apotheke24.com\/de\/shop\/angebot\/blue-m-zahncreme-implant-care-75ml\/\",\"url\":\"https:\/\/www.loewen-apotheke24.com\/de\/shop\/angebot\/blue-m-zahncreme-implant-care-75ml\/\",\"name\":\"Blue m Zahncreme Implant Care 75ml kaufen\",\"isPartOf\":{\"@id\":\"https:\/\/www.loewen-apotheke24.com\/de\/#website\"},\"datePublished\":\"2019-01-30T10:08:37+00:00\",\"dateModified\":\"2025-12-23T05:36:56+00:00\",\"description\":\"L\u00f6wen Apotheke24 - Spezialist f\u00fcr Naturheilkunde - Weltweiter Versand - kurze Lieferzeit - gratis Lieferung ab 30 \u20ac - Blue M Zahncreme Implant Care 75 ml\",\"breadcrumb\":{\"@id\":\"https:\/\/www.loewen-apotheke24.com\/de\/shop\/angebot\/blue-m-zahncreme-implant-care-75ml\/#breadcrumb\"},\"inLanguage\":\"de\",\"potentialAction\":[{\"@type\":\"ReadAction\",\"target\":[\"https:\/\/www.loewen-apotheke24.com\/de\/shop\/angebot\/blue-m-zahncreme-implant-care-75ml\/\"]}]},{\"@type\":\"BreadcrumbList\",\"@id\":\"https:\/\/www.loewen-apotheke24.com\/de\/shop\/angebot\/blue-m-zahncreme-implant-care-75ml\/#breadcrumb\",\"itemListElement\":[{\"@type\":\"ListItem\",\"position\":1,\"name\":\"Shop\",\"item\":\"https:\/\/www.loewen-apotheke24.com\/de\/shop\/\"},{\"@type\":\"ListItem\",\"position\":2,\"name\":\"Blue m Zahncreme Implant Care 75ml\"}]},{\"@type\":\"WebSite\",\"@id\":\"https:\/\/www.loewen-apotheke24.com\/de\/#website\",\"url\":\"https:\/\/www.loewen-apotheke24.com\/de\/\",\"name\":\"L\u00f6wen Apotheke24\",\"description\":\"Spezialist f\u00fcr Naturmedizin - Versandapotheke Baden-Baden\",\"publisher\":{\"@id\":\"https:\/\/www.loewen-apotheke24.com\/de\/#organization\"},\"potentialAction\":[{\"@type\":\"SearchAction\",\"target\":{\"@type\":\"EntryPoint\",\"urlTemplate\":\"https:\/\/www.loewen-apotheke24.com\/de\/?s={search_term_string}\"},\"query-input\":\"required name=search_term_string\"}],\"inLanguage\":\"de\"},{\"@type\":\"Organization\",\"@id\":\"https:\/\/www.loewen-apotheke24.com\/de\/#organization\",\"name\":\"L\u00f6wen Apotheke\",\"alternateName\":\"L\u00f6wen Apotheke\",\"url\":\"https:\/\/www.loewen-apotheke24.com\/de\/\",\"logo\":{\"@type\":\"ImageObject\",\"inLanguage\":\"de\",\"@id\":\"https:\/\/www.loewen-apotheke24.com\/de\/#\/schema\/logo\/image\/\",\"url\":\"https:\/\/www.loewen-apotheke24.com\/wp-content\/uploads\/2024\/02\/Logo-Loewen-Apotheke-700x700-1.png\",\"contentUrl\":\"https:\/\/www.loewen-apotheke24.com\/wp-content\/uploads\/2024\/02\/Logo-Loewen-Apotheke-700x700-1.png\",\"width\":700,\"height\":700,\"caption\":\"L\u00f6wen Apotheke\"},\"image\":{\"@id\":\"https:\/\/www.loewen-apotheke24.com\/de\/#\/schema\/logo\/image\/\"}}]}<\/script>\n<!-- \/ Yoast SEO Premium plugin. -->","yoast_head_json":{"title":"Blue m Zahncreme Implant Care 75ml kaufen","description":"L\u00f6wen Apotheke24 - Spezialist f\u00fcr Naturheilkunde - Weltweiter Versand - kurze Lieferzeit - gratis Lieferung ab 30 \u20ac - Blue M Zahncreme Implant Care 75 ml","robots":{"index":"index","follow":"follow","max-snippet":"max-snippet:-1","max-image-preview":"max-image-preview:large","max-video-preview":"max-video-preview:-1"},"canonical":"https:\/\/www.loewen-apotheke24.com\/de\/shop\/angebot\/blue-m-zahncreme-implant-care-75ml\/","og_locale":"de_DE","og_type":"article","og_title":"Blue m Zahncreme Implant Care 75ml kaufen","og_description":"L\u00f6wen Apotheke24 - Spezialist f\u00fcr Naturheilkunde - Weltweiter Versand - kurze Lieferzeit - gratis Lieferung ab 30 \u20ac - Blue M Zahncreme Implant Care 75 ml","og_url":"https:\/\/www.loewen-apotheke24.com\/de\/shop\/angebot\/blue-m-zahncreme-implant-care-75ml\/","og_site_name":"L\u00f6wen Apotheke24","article_modified_time":"2025-12-23T05:36:56+00:00","og_image":[{"width":600,"height":600,"url":"https:\/\/www.loewen-apotheke24.com\/wp-content\/uploads\/2019\/01\/blue-m-zahnpglege.jpg","type":"image\/jpeg"}],"twitter_card":"summary_large_image","twitter_misc":{"Gesch\u00e4tzte Lesezeit":"2\u00a0Minuten"},"schema":{"@context":"https:\/\/schema.org","@graph":[{"@type":"WebPage","@id":"https:\/\/www.loewen-apotheke24.com\/de\/shop\/angebot\/blue-m-zahncreme-implant-care-75ml\/","url":"https:\/\/www.loewen-apotheke24.com\/de\/shop\/angebot\/blue-m-zahncreme-implant-care-75ml\/","name":"Blue m Zahncreme Implant Care 75ml kaufen","isPartOf":{"@id":"https:\/\/www.loewen-apotheke24.com\/de\/#website"},"datePublished":"2019-01-30T10:08:37+00:00","dateModified":"2025-12-23T05:36:56+00:00","description":"L\u00f6wen Apotheke24 - Spezialist f\u00fcr Naturheilkunde - Weltweiter Versand - kurze Lieferzeit - gratis Lieferung ab 30 \u20ac - Blue M Zahncreme Implant Care 75 ml","breadcrumb":{"@id":"https:\/\/www.loewen-apotheke24.com\/de\/shop\/angebot\/blue-m-zahncreme-implant-care-75ml\/#breadcrumb"},"inLanguage":"de","potentialAction":[{"@type":"ReadAction","target":["https:\/\/www.loewen-apotheke24.com\/de\/shop\/angebot\/blue-m-zahncreme-implant-care-75ml\/"]}]},{"@type":"BreadcrumbList","@id":"https:\/\/www.loewen-apotheke24.com\/de\/shop\/angebot\/blue-m-zahncreme-implant-care-75ml\/#breadcrumb","itemListElement":[{"@type":"ListItem","position":1,"name":"Shop","item":"https:\/\/www.loewen-apotheke24.com\/de\/shop\/"},{"@type":"ListItem","position":2,"name":"Blue m Zahncreme Implant Care 75ml"}]},{"@type":"WebSite","@id":"https:\/\/www.loewen-apotheke24.com\/de\/#website","url":"https:\/\/www.loewen-apotheke24.com\/de\/","name":"L\u00f6wen Apotheke24","description":"Spezialist f\u00fcr Naturmedizin - Versandapotheke Baden-Baden","publisher":{"@id":"https:\/\/www.loewen-apotheke24.com\/de\/#organization"},"potentialAction":[{"@type":"SearchAction","target":{"@type":"EntryPoint","urlTemplate":"https:\/\/www.loewen-apotheke24.com\/de\/?s={search_term_string}"},"query-input":"required name=search_term_string"}],"inLanguage":"de"},{"@type":"Organization","@id":"https:\/\/www.loewen-apotheke24.com\/de\/#organization","name":"L\u00f6wen Apotheke","alternateName":"L\u00f6wen Apotheke","url":"https:\/\/www.loewen-apotheke24.com\/de\/","logo":{"@type":"ImageObject","inLanguage":"de","@id":"https:\/\/www.loewen-apotheke24.com\/de\/#\/schema\/logo\/image\/","url":"https:\/\/www.loewen-apotheke24.com\/wp-content\/uploads\/2024\/02\/Logo-Loewen-Apotheke-700x700-1.png","contentUrl":"https:\/\/www.loewen-apotheke24.com\/wp-content\/uploads\/2024\/02\/Logo-Loewen-Apotheke-700x700-1.png","width":700,"height":700,"caption":"L\u00f6wen Apotheke"},"image":{"@id":"https:\/\/www.loewen-apotheke24.com\/de\/#\/schema\/logo\/image\/"}}]}},"_links":{"self":[{"href":"https:\/\/www.loewen-apotheke24.com\/de\/wp-json\/wp\/v2\/product\/7041"}],"collection":[{"href":"https:\/\/www.loewen-apotheke24.com\/de\/wp-json\/wp\/v2\/product"}],"about":[{"href":"https:\/\/www.loewen-apotheke24.com\/de\/wp-json\/wp\/v2\/types\/product"}],"wp:featuredmedia":[{"embeddable":true,"href":"https:\/\/www.loewen-apotheke24.com\/de\/wp-json\/wp\/v2\/media\/25209"}],"wp:attachment":[{"href":"https:\/\/www.loewen-apotheke24.com\/de\/wp-json\/wp\/v2\/media?parent=7041"}],"wp:term":[{"taxonomy":"product_cat","embeddable":true,"href":"https:\/\/www.loewen-apotheke24.com\/de\/wp-json\/wp\/v2\/product_cat?post=7041"},{"taxonomy":"product_tag","embeddable":true,"href":"https:\/\/www.loewen-apotheke24.com\/de\/wp-json\/wp\/v2\/product_tag?post=7041"}],"curies":[{"name":"wp","href":"https:\/\/api.w.org\/{rel}","templated":true}]}}