{"id":7045,"date":"2019-01-30T11:55:23","date_gmt":"2019-01-30T10:55:23","guid":{"rendered":"https:\/\/www.loewen-apotheke24.com\/?post_type=product&#038;p=7045"},"modified":"2026-03-02T07:04:06","modified_gmt":"2026-03-02T06:04:06","slug":"pascorbin-injektionsflaschen-75g-20x50ml","status":"publish","type":"product","link":"https:\/\/www.loewen-apotheke24.com\/de\/shop\/marke\/pascorbin-injektionsflaschen-75g-20x50ml\/","title":{"rendered":"PASCORBIN Injektionsflaschen 7.5g\/50ml (20 Stk.)"},"content":{"rendered":"<h3 style=\"text-align: left;\">PASCORBIN Injektionsflaschen 7.5g\/50ML<\/h3>\n<p>PASCORBIN Injektionsflaschen 7.5g\/50ML: Diese einzig zugelassene Vitamin-C-Hochdosis-Infusion <a href=\"https:\/\/www.loewen-apotheke24.com\/de\/shop\/angebot\/pascorbin-7-5g-50ml-10-st-injektionsflaschen\/\">PASCORBIN<\/a> in Deutschland und anderen europ\u00e4ischen L\u00e4ndern. Pascorbin gelangt direkt in die Blutbahn und versorgt umgehend mit Vitamin C. Zur Therapie von klinischen Vitamin-C-Mangelzust\u00e4nden, die ern\u00e4hrungsm\u00e4\u00dfig nicht behoben oder oral substituiert werden k\u00f6nnen.<\/p>\n<p><strong>Wirkstoff PASCORBIN 7.5 g\/50ML<\/strong>: Ascorbins\u00e4ure 150 mg pro ml Injektionsl\u00f6sung.<\/p>\n<p>Weitere Pascorbin Produktdetails zu PASCORBIN Injektionsflaschen 7.5 g\/50ML beim\u00a0 <a href=\"https:\/\/www.pascoe.de\/\" target=\"_blank\" rel=\"noopener\">Hersteller Pascoe pharmazeutische Pr\u00e4parate GmbH<\/a>.<br \/>\nAndere Kunden interessierten sich auch f\u00fcr Produkte zum Thema: <a href=\"https:\/\/www.loewen-apotheke24.com\/de\/product_tag\/vitamine-mineralien\/\">Mineralstoffe<\/a> |\u00a0<a href=\"https:\/\/www.loewen-apotheke24.com\/de\/product_tag\/entzuendung\/\">Entz\u00fcndung<\/a><\/p>\n<p>Zum Pascoe-Portfolio geh\u00f6ren rund 200 Produkte. Dazu geh\u00f6ren pflanzliche Arzneimittel, Hochdosis-Vitaminpr\u00e4parate, hom\u00f6opathische Komplexmittel und Nahrungserg\u00e4nzungsmittel. Dabei ber\u00fccksichtigt die Vielfalt an Arzneimitteln die komplexen Anforderungen an Gesundheits-Produkte. Der Erfolg gibt auch international Recht: In \u00fcber 30 L\u00e4nder weltweit werden unsere Produkte exportiert, Tendenz steigend.<\/p>\n<p>Informationen auf dieser Website werden ausschlie\u00dflich f\u00fcr informative Zwecke zur Verf\u00fcgung gestellt. Sie ersetzen keinesfalls die Untersuchung und Behandlung durch einen Arzt. Bitte beachten Sie, dass hierdurch weder Diagnosen gestellt noch Therapien eingeleitet werden k\u00f6nnen.<\/p>\n<p>Zu Risiken und Nebenwirkungen lesen Sie die Packungsbeilage und fragen Sie Ihren Arzt oder Apotheker. Beachten Sie die Informationen im Beipackzettel.<\/p>\n<h3 style=\"text-align: left;\">Rezept | E-Rezept vorhanden?<\/h3>\n<p>Reichen Sie jetzt Ihr E-Rezept ein. Nutzen Sie unsere\u00a0<a href=\"https:\/\/e-rezept-app.de\/shop-rezept\" target=\"_blank\" rel=\"noopener\">E-Rezept<\/a>\u00a0App. Und wir schenken Ihnen die Versandkosten!<\/p>\n","protected":false},"excerpt":{"rendered":"<h2 style=\"text-align: left;\">PASCORBIN 7.5g\/50ML Injektionsflaschen &#8211; Sparpack 20 Stk<\/h2>\n<p>Ascorbins\u00e4ure als Injektionsl\u00f6sung &#8211; Zur Anwendung bei Erwachsenen und Kindern.<\/p>\n<p><strong>PZN<\/strong>:\u00a0 00581310 (Pharmazentralnummer)<\/p>\n<p><strong>Darreichung:<\/strong> Injektionsl\u00f6sung<\/p>\n<p><strong>Marke<\/strong>: PASCORBIN<\/p>\n<p><strong>Hersteller<\/strong>: Pascoe pharmazeutische Pr\u00e4parate GmbH<\/p>\n<p><strong>Packungsgr\u00f6\u00dfe<\/strong>: 20 Packungen a 50ml<\/p>\n","protected":false},"featured_media":103810,"template":"","meta":[],"product_cat":[43,965],"product_tag":[263,169,251,170,265,233,447,469],"yoast_head":"<!-- This site is optimized with the Yoast SEO Premium plugin v21.0 (Yoast SEO v21.0) - https:\/\/yoast.com\/wordpress\/plugins\/seo\/ -->\n<title>PASCORBIN Injektionsflaschen 7.5g\/50ml - 20 Stk.<\/title>\n<meta name=\"description\" content=\"Ihr Spezialist f\u00fcr Naturheilkunde. Wir bieten: Weltweiten Versand, kurze Lieferzeit &amp; gratis ab 30 \u20ac. Pascoe: PASCORBIN Injektionsflaschen 7.5g\/50ml 20 Stk.\" \/>\n<meta name=\"robots\" content=\"index, follow, max-snippet:-1, max-image-preview:large, max-video-preview:-1\" \/>\n<link rel=\"canonical\" href=\"https:\/\/www.loewen-apotheke24.com\/de\/shop\/marke\/pascorbin-injektionsflaschen-75g-20x50ml\/\" \/>\n<meta property=\"og:locale\" content=\"de_DE\" \/>\n<meta property=\"og:type\" content=\"article\" \/>\n<meta property=\"og:title\" content=\"PASCORBIN Injektionsflaschen 7.5g\/50ml - 20 Stk.\" \/>\n<meta property=\"og:description\" content=\"Ihr Spezialist f\u00fcr Naturheilkunde. Wir bieten: Weltweiten Versand, kurze Lieferzeit &amp; gratis ab 30 \u20ac. Pascoe: PASCORBIN Injektionsflaschen 7.5g\/50ml 20 Stk.\" \/>\n<meta property=\"og:url\" content=\"https:\/\/www.loewen-apotheke24.com\/de\/shop\/marke\/pascorbin-injektionsflaschen-75g-20x50ml\/\" \/>\n<meta property=\"og:site_name\" content=\"L\u00f6wen Apotheke24\" \/>\n<meta property=\"article:modified_time\" content=\"2026-03-02T06:04:06+00:00\" \/>\n<meta property=\"og:image\" content=\"https:\/\/www.loewen-apotheke24.com\/wp-content\/uploads\/2019\/01\/Pascrobin-Injektionsflaschen-Loewen-Apotheke-Natuerliche-Heilmittel.webp\" \/>\n\t<meta property=\"og:image:width\" content=\"600\" \/>\n\t<meta property=\"og:image:height\" content=\"600\" \/>\n\t<meta property=\"og:image:type\" content=\"image\/webp\" \/>\n<meta name=\"twitter:card\" content=\"summary_large_image\" \/>\n<meta name=\"twitter:label1\" content=\"Gesch\u00e4tzte Lesezeit\" \/>\n\t<meta name=\"twitter:data1\" content=\"2\u00a0Minuten\" \/>\n<script type=\"application\/ld+json\" class=\"yoast-schema-graph\">{\"@context\":\"https:\/\/schema.org\",\"@graph\":[{\"@type\":\"WebPage\",\"@id\":\"https:\/\/www.loewen-apotheke24.com\/de\/shop\/marke\/pascorbin-injektionsflaschen-75g-20x50ml\/\",\"url\":\"https:\/\/www.loewen-apotheke24.com\/de\/shop\/marke\/pascorbin-injektionsflaschen-75g-20x50ml\/\",\"name\":\"PASCORBIN Injektionsflaschen 7.5g\/50ml - 20 Stk.\",\"isPartOf\":{\"@id\":\"https:\/\/www.loewen-apotheke24.com\/de\/#website\"},\"datePublished\":\"2019-01-30T10:55:23+00:00\",\"dateModified\":\"2026-03-02T06:04:06+00:00\",\"description\":\"Ihr Spezialist f\u00fcr Naturheilkunde. Wir bieten: Weltweiten Versand, kurze Lieferzeit & gratis ab 30 \u20ac. Pascoe: PASCORBIN Injektionsflaschen 7.5g\/50ml 20 Stk.\",\"breadcrumb\":{\"@id\":\"https:\/\/www.loewen-apotheke24.com\/de\/shop\/marke\/pascorbin-injektionsflaschen-75g-20x50ml\/#breadcrumb\"},\"inLanguage\":\"de\",\"potentialAction\":[{\"@type\":\"ReadAction\",\"target\":[\"https:\/\/www.loewen-apotheke24.com\/de\/shop\/marke\/pascorbin-injektionsflaschen-75g-20x50ml\/\"]}]},{\"@type\":\"BreadcrumbList\",\"@id\":\"https:\/\/www.loewen-apotheke24.com\/de\/shop\/marke\/pascorbin-injektionsflaschen-75g-20x50ml\/#breadcrumb\",\"itemListElement\":[{\"@type\":\"ListItem\",\"position\":1,\"name\":\"Shop\",\"item\":\"https:\/\/www.loewen-apotheke24.com\/de\/shop\/\"},{\"@type\":\"ListItem\",\"position\":2,\"name\":\"PASCORBIN Injektionsflaschen 7.5g\/50ml (20 Stk.)\"}]},{\"@type\":\"WebSite\",\"@id\":\"https:\/\/www.loewen-apotheke24.com\/de\/#website\",\"url\":\"https:\/\/www.loewen-apotheke24.com\/de\/\",\"name\":\"L\u00f6wen Apotheke24\",\"description\":\"Spezialist f\u00fcr Naturmedizin - Versandapotheke Baden-Baden\",\"publisher\":{\"@id\":\"https:\/\/www.loewen-apotheke24.com\/de\/#organization\"},\"potentialAction\":[{\"@type\":\"SearchAction\",\"target\":{\"@type\":\"EntryPoint\",\"urlTemplate\":\"https:\/\/www.loewen-apotheke24.com\/de\/?s={search_term_string}\"},\"query-input\":\"required name=search_term_string\"}],\"inLanguage\":\"de\"},{\"@type\":\"Organization\",\"@id\":\"https:\/\/www.loewen-apotheke24.com\/de\/#organization\",\"name\":\"L\u00f6wen Apotheke\",\"alternateName\":\"L\u00f6wen Apotheke\",\"url\":\"https:\/\/www.loewen-apotheke24.com\/de\/\",\"logo\":{\"@type\":\"ImageObject\",\"inLanguage\":\"de\",\"@id\":\"https:\/\/www.loewen-apotheke24.com\/de\/#\/schema\/logo\/image\/\",\"url\":\"https:\/\/www.loewen-apotheke24.com\/wp-content\/uploads\/2024\/02\/Logo-Loewen-Apotheke-700x700-1.png\",\"contentUrl\":\"https:\/\/www.loewen-apotheke24.com\/wp-content\/uploads\/2024\/02\/Logo-Loewen-Apotheke-700x700-1.png\",\"width\":700,\"height\":700,\"caption\":\"L\u00f6wen Apotheke\"},\"image\":{\"@id\":\"https:\/\/www.loewen-apotheke24.com\/de\/#\/schema\/logo\/image\/\"}}]}<\/script>\n<!-- \/ Yoast SEO Premium plugin. -->","yoast_head_json":{"title":"PASCORBIN Injektionsflaschen 7.5g\/50ml - 20 Stk.","description":"Ihr Spezialist f\u00fcr Naturheilkunde. Wir bieten: Weltweiten Versand, kurze Lieferzeit & gratis ab 30 \u20ac. Pascoe: PASCORBIN Injektionsflaschen 7.5g\/50ml 20 Stk.","robots":{"index":"index","follow":"follow","max-snippet":"max-snippet:-1","max-image-preview":"max-image-preview:large","max-video-preview":"max-video-preview:-1"},"canonical":"https:\/\/www.loewen-apotheke24.com\/de\/shop\/marke\/pascorbin-injektionsflaschen-75g-20x50ml\/","og_locale":"de_DE","og_type":"article","og_title":"PASCORBIN Injektionsflaschen 7.5g\/50ml - 20 Stk.","og_description":"Ihr Spezialist f\u00fcr Naturheilkunde. Wir bieten: Weltweiten Versand, kurze Lieferzeit & gratis ab 30 \u20ac. Pascoe: PASCORBIN Injektionsflaschen 7.5g\/50ml 20 Stk.","og_url":"https:\/\/www.loewen-apotheke24.com\/de\/shop\/marke\/pascorbin-injektionsflaschen-75g-20x50ml\/","og_site_name":"L\u00f6wen Apotheke24","article_modified_time":"2026-03-02T06:04:06+00:00","og_image":[{"width":600,"height":600,"url":"https:\/\/www.loewen-apotheke24.com\/wp-content\/uploads\/2019\/01\/Pascrobin-Injektionsflaschen-Loewen-Apotheke-Natuerliche-Heilmittel.webp","type":"image\/webp"}],"twitter_card":"summary_large_image","twitter_misc":{"Gesch\u00e4tzte Lesezeit":"2\u00a0Minuten"},"schema":{"@context":"https:\/\/schema.org","@graph":[{"@type":"WebPage","@id":"https:\/\/www.loewen-apotheke24.com\/de\/shop\/marke\/pascorbin-injektionsflaschen-75g-20x50ml\/","url":"https:\/\/www.loewen-apotheke24.com\/de\/shop\/marke\/pascorbin-injektionsflaschen-75g-20x50ml\/","name":"PASCORBIN Injektionsflaschen 7.5g\/50ml - 20 Stk.","isPartOf":{"@id":"https:\/\/www.loewen-apotheke24.com\/de\/#website"},"datePublished":"2019-01-30T10:55:23+00:00","dateModified":"2026-03-02T06:04:06+00:00","description":"Ihr Spezialist f\u00fcr Naturheilkunde. Wir bieten: Weltweiten Versand, kurze Lieferzeit & gratis ab 30 \u20ac. Pascoe: PASCORBIN Injektionsflaschen 7.5g\/50ml 20 Stk.","breadcrumb":{"@id":"https:\/\/www.loewen-apotheke24.com\/de\/shop\/marke\/pascorbin-injektionsflaschen-75g-20x50ml\/#breadcrumb"},"inLanguage":"de","potentialAction":[{"@type":"ReadAction","target":["https:\/\/www.loewen-apotheke24.com\/de\/shop\/marke\/pascorbin-injektionsflaschen-75g-20x50ml\/"]}]},{"@type":"BreadcrumbList","@id":"https:\/\/www.loewen-apotheke24.com\/de\/shop\/marke\/pascorbin-injektionsflaschen-75g-20x50ml\/#breadcrumb","itemListElement":[{"@type":"ListItem","position":1,"name":"Shop","item":"https:\/\/www.loewen-apotheke24.com\/de\/shop\/"},{"@type":"ListItem","position":2,"name":"PASCORBIN Injektionsflaschen 7.5g\/50ml (20 Stk.)"}]},{"@type":"WebSite","@id":"https:\/\/www.loewen-apotheke24.com\/de\/#website","url":"https:\/\/www.loewen-apotheke24.com\/de\/","name":"L\u00f6wen Apotheke24","description":"Spezialist f\u00fcr Naturmedizin - Versandapotheke Baden-Baden","publisher":{"@id":"https:\/\/www.loewen-apotheke24.com\/de\/#organization"},"potentialAction":[{"@type":"SearchAction","target":{"@type":"EntryPoint","urlTemplate":"https:\/\/www.loewen-apotheke24.com\/de\/?s={search_term_string}"},"query-input":"required name=search_term_string"}],"inLanguage":"de"},{"@type":"Organization","@id":"https:\/\/www.loewen-apotheke24.com\/de\/#organization","name":"L\u00f6wen Apotheke","alternateName":"L\u00f6wen Apotheke","url":"https:\/\/www.loewen-apotheke24.com\/de\/","logo":{"@type":"ImageObject","inLanguage":"de","@id":"https:\/\/www.loewen-apotheke24.com\/de\/#\/schema\/logo\/image\/","url":"https:\/\/www.loewen-apotheke24.com\/wp-content\/uploads\/2024\/02\/Logo-Loewen-Apotheke-700x700-1.png","contentUrl":"https:\/\/www.loewen-apotheke24.com\/wp-content\/uploads\/2024\/02\/Logo-Loewen-Apotheke-700x700-1.png","width":700,"height":700,"caption":"L\u00f6wen Apotheke"},"image":{"@id":"https:\/\/www.loewen-apotheke24.com\/de\/#\/schema\/logo\/image\/"}}]}},"_links":{"self":[{"href":"https:\/\/www.loewen-apotheke24.com\/de\/wp-json\/wp\/v2\/product\/7045"}],"collection":[{"href":"https:\/\/www.loewen-apotheke24.com\/de\/wp-json\/wp\/v2\/product"}],"about":[{"href":"https:\/\/www.loewen-apotheke24.com\/de\/wp-json\/wp\/v2\/types\/product"}],"wp:featuredmedia":[{"embeddable":true,"href":"https:\/\/www.loewen-apotheke24.com\/de\/wp-json\/wp\/v2\/media\/103810"}],"wp:attachment":[{"href":"https:\/\/www.loewen-apotheke24.com\/de\/wp-json\/wp\/v2\/media?parent=7045"}],"wp:term":[{"taxonomy":"product_cat","embeddable":true,"href":"https:\/\/www.loewen-apotheke24.com\/de\/wp-json\/wp\/v2\/product_cat?post=7045"},{"taxonomy":"product_tag","embeddable":true,"href":"https:\/\/www.loewen-apotheke24.com\/de\/wp-json\/wp\/v2\/product_tag?post=7045"}],"curies":[{"name":"wp","href":"https:\/\/api.w.org\/{rel}","templated":true}]}}