{"id":7047,"date":"2019-01-30T11:57:16","date_gmt":"2019-01-30T10:57:16","guid":{"rendered":"https:\/\/www.loewen-apotheke24.com\/?post_type=product&#038;p=7047"},"modified":"2026-04-13T04:29:17","modified_gmt":"2026-04-13T03:29:17","slug":"pascorbin-injektionsloesung-7-5g-60x50ml","status":"publish","type":"product","link":"https:\/\/www.loewen-apotheke24.com\/de\/shop\/marke\/pascorbin-injektionsloesung-7-5g-60x50ml\/","title":{"rendered":"PASCORBIN Injektionsl\u00f6sung 7.5g \/ 60x50ml"},"content":{"rendered":"<h3 style=\"text-align: left;\">PASCORBIN Injektionsl\u00f6sung 7.5 g \/ 50ml<\/h3>\n<p>PASCORBIN Injektionsl\u00f6sung 7.5 g \/ 50ml in Injektionsflaschen.<\/p>\n<p>Diese einzig zugelassene Vitamin-C-Hochdosis-Infusion in Deutschland und anderen europ\u00e4ischen L\u00e4ndern. Pascorbin gelangt direkt in die Blutbahn und versorgt umgehend mit Vitamin C wird\u00a0 zur Therapie von klinischen Vitamin-C-Mangelzust\u00e4nden, die ern\u00e4hrungsm\u00e4\u00dfig nicht behoben oder oral substituiert werden k\u00f6nnen, eingesetzt.<\/p>\n<p style=\"text-align: left;\"><strong>PASCORBIN Injektionsl\u00f6sung 7.5 g Wirkstoff:<\/strong> Ascorbins\u00e4ure 150 mg pro ml Injektionsl\u00f6sung.<\/p>\n<p>Weitere Pascorbin Produktdetails zu PASCORBIN 7.5 g \/ 50ML beim\u00a0 <a href=\"https:\/\/www.pascoe.de\/\" target=\"_blank\" rel=\"noopener\">Hersteller Pascoe pharmazeutische Pr\u00e4parate GmbH<\/a>.<\/p>\n<p>Andere Kunden interessierten sich auch f\u00fcr Produkte zum Thema: <a href=\"https:\/\/www.loewen-apotheke24.com\/de\/product_tag\/vitamine-mineralien\/\">Mineralstoffe<\/a>\u00a0|\u00a0<a href=\"https:\/\/www.loewen-apotheke24.com\/de\/product_tag\/entzuendung\/\">Entz\u00fcndung<\/a><\/p>\n<p>Zum Pascoe-Portfolio geh\u00f6ren rund 200 Produkte unter anderem pflanzliche Arzneimittel, Hochdosis-Vitaminpr\u00e4parate, hom\u00f6opathische Komplexmittel und Nahrungserg\u00e4nzungsmittel. Dabei ber\u00fccksichtigt die Vielfalt an Arzneimitteln die komplexen Anforderungen an Gesundheits-Produkte. Der Erfolg gibt auch international Recht: In \u00fcber 30 L\u00e4nder weltweit werden unsere Produkte exportiert, Tendenz steigend.<\/p>\n<p>Informationen auf dieser Website werden ausschlie\u00dflich f\u00fcr informative Zwecke zur Verf\u00fcgung gestellt und ersetzen keinesfalls die Untersuchung und Behandlung durch einen Arzt. Bitte beachten Sie, dass hierdurch weder Diagnosen gestellt noch Therapien eingeleitet werden k\u00f6nnen. Beachten Sie die Informationen im Beipackzettel PASCORBIN 7.5 g \/ 50ML.<\/p>\n<p>Zu Risiken und Nebenwirkungen lesen Sie die Packungsbeilage und fragen Sie Ihre \u00c4rztin, Ihren Arzt oder in Ihrer Apotheke.<\/p>\n<h3 style=\"text-align: left;\">Rezept oder E-Rezept einl\u00f6sen:<\/h3>\n<p>Sie haben ein Rezept oder E-Rezept? Reichen Sie es bequem \u00fcber unsere\u00a0<a class=\"ProsemirrorEditor-link\" href=\"https:\/\/e-rezept-app.de\/shop-rezept\">E-Rezept<\/a>\u00a0App ein \u2013 auch Privatrezepte f\u00fcr Selbstzahler sind m\u00f6glich. Schnell, sicher und einfach.<\/p>\n<h3 class=\"TypographyPresentation TypographyPresentation--medium RichText3-paragraph--withVSpacingNormal RichText3-paragraph HighlightSol HighlightSol--buildingBlock\" style=\"text-align: left;\">Fragen zum Produkt? Wir sind f\u00fcr Sie da!<\/h3>\n<p class=\"TypographyPresentation TypographyPresentation--medium RichText3-paragraph--withVSpacingNormal RichText3-paragraph HighlightSol HighlightSol--buildingBlock\">Unsere verantwortliche Apothekerin\u00a0<strong>Dr. Sandra Hoff<\/strong>\u00a0und ihr Team beraten Sie gerne pers\u00f6nlich \u2013 telefonisch oder per E-Mail. Als\u00a0<strong>echte Apotheke vor Ort<\/strong>\u00a0und\u00a0<strong>zugelassene Versandapotheke<\/strong>\u00a0bieten wir Ihnen kompetente Unterst\u00fctzung, besonders in den Bereichen\u00a0<a href=\"https:\/\/www.loewen-apotheke24.com\/de\/product_tag\/naturheilmittel\/\">Naturheilkunde<\/a>\u00a0und\u00a0<a href=\"https:\/\/www.loewen-apotheke24.com\/de\/product_tag\/vitamine-mineralien-nahrungsergaenzung\/\">Nahrungserg\u00e4nzungsmittel<\/a>. Unsere Erlaubnis finden Sie als\u00a0<a href=\"https:\/\/versandhandel.dimdi.de\/websearch\/servlet\/Gate;jsessionid=0D29D15655BE1174E9178A340E8FE6BC?accessid=dimdi_var&amp;term=3c387956690121ccc8763184f052b93f\" target=\"_blank\" rel=\"noopener\">Eintrag im Versandhandelsregister.<\/a><\/p>\n","protected":false},"excerpt":{"rendered":"<div class=\"rating__wrap\">\n<h2 class=\"rating__stars rating__stars--regular rating__url\" style=\"text-align: left;\" data-rating-value=\"4.75\">PASCORBIN Injektionsl\u00f6sung 7.5G 50ml &#8211; 60x Sparpack<\/h2>\n<\/div>\n<p>Ascorbins\u00e4ure als Injektionsl\u00f6sung &#8211; Zur Anwendung bei Erwachsenen und Kindern.<\/p>\n<p><strong>PZN<\/strong>:\u00a0 00581310 (Pharmazentralnummer)<\/p>\n<p><strong>Darreichung:<\/strong> Injektionsl\u00f6sung<\/p>\n<p><strong>Marke<\/strong>: Pascorbin<\/p>\n<p><strong>Hersteller<\/strong>: Pascoe pharmazeutische Pr\u00e4parate GmbH<\/p>\n<p><strong>Packungsgr\u00f6\u00dfe<\/strong>: 60 Packungen a 50ml\u00a0 &#8211; <span style=\"color: #ff0000;\">Sparpack (ggf. 3 Einheiten a 20 Stk.)<\/span><\/p>\n","protected":false},"featured_media":108705,"template":"","meta":[],"product_cat":[43,965],"product_tag":[448,447,469],"yoast_head":"<!-- This site is optimized with the Yoast SEO Premium plugin v21.0 (Yoast SEO v21.0) - https:\/\/yoast.com\/wordpress\/plugins\/seo\/ -->\n<title>PASCORBIN Injektionsl\u00f6sung 7.5 g \/ 50ml &gt;&gt; g\u00fcnstig kaufen<\/title>\n<meta name=\"description\" content=\"PASCORBIN Injektionsl\u00f6sung 7.5g \/ 60x50ml bei Ihrer deutschen Online-Apotheke g\u00fcnstig bestellen. Hersteller: Pascoe. Verf\u00fcgbarkeit: kurzfristig lieferbar.\" \/>\n<meta name=\"robots\" content=\"index, follow, max-snippet:-1, max-image-preview:large, max-video-preview:-1\" \/>\n<link rel=\"canonical\" href=\"https:\/\/www.loewen-apotheke24.com\/de\/shop\/marke\/pascorbin-injektionsloesung-7-5g-60x50ml\/\" \/>\n<meta property=\"og:locale\" content=\"de_DE\" \/>\n<meta property=\"og:type\" content=\"article\" \/>\n<meta property=\"og:title\" content=\"PASCORBIN Injektionsl\u00f6sung 7.5 g \/ 50ml &gt;&gt; g\u00fcnstig kaufen\" \/>\n<meta property=\"og:description\" content=\"PASCORBIN Injektionsl\u00f6sung 7.5g \/ 60x50ml bei Ihrer deutschen Online-Apotheke g\u00fcnstig bestellen. Hersteller: Pascoe. Verf\u00fcgbarkeit: kurzfristig lieferbar.\" \/>\n<meta property=\"og:url\" content=\"https:\/\/www.loewen-apotheke24.com\/de\/shop\/marke\/pascorbin-injektionsloesung-7-5g-60x50ml\/\" \/>\n<meta property=\"og:site_name\" content=\"L\u00f6wen Apotheke24\" \/>\n<meta property=\"article:modified_time\" content=\"2026-04-13T03:29:17+00:00\" \/>\n<meta property=\"og:image\" content=\"https:\/\/www.loewen-apotheke24.com\/wp-content\/uploads\/2019\/01\/PASCORBIN-7.5g-Injektionsloesung-7.5g-50ml-Pascoe-PZN-00581310-Loewen-Apotheke24.webp\" \/>\n\t<meta property=\"og:image:width\" content=\"600\" \/>\n\t<meta property=\"og:image:height\" content=\"600\" \/>\n\t<meta property=\"og:image:type\" content=\"image\/webp\" \/>\n<meta name=\"twitter:card\" content=\"summary_large_image\" \/>\n<meta name=\"twitter:label1\" content=\"Gesch\u00e4tzte Lesezeit\" \/>\n\t<meta name=\"twitter:data1\" content=\"2\u00a0Minuten\" \/>\n<script type=\"application\/ld+json\" class=\"yoast-schema-graph\">{\"@context\":\"https:\/\/schema.org\",\"@graph\":[{\"@type\":\"WebPage\",\"@id\":\"https:\/\/www.loewen-apotheke24.com\/de\/shop\/marke\/pascorbin-injektionsloesung-7-5g-60x50ml\/\",\"url\":\"https:\/\/www.loewen-apotheke24.com\/de\/shop\/marke\/pascorbin-injektionsloesung-7-5g-60x50ml\/\",\"name\":\"PASCORBIN Injektionsl\u00f6sung 7.5 g \/ 50ml >> g\u00fcnstig kaufen\",\"isPartOf\":{\"@id\":\"https:\/\/www.loewen-apotheke24.com\/de\/#website\"},\"datePublished\":\"2019-01-30T10:57:16+00:00\",\"dateModified\":\"2026-04-13T03:29:17+00:00\",\"description\":\"PASCORBIN Injektionsl\u00f6sung 7.5g \/ 60x50ml bei Ihrer deutschen Online-Apotheke g\u00fcnstig bestellen. Hersteller: Pascoe. Verf\u00fcgbarkeit: kurzfristig lieferbar.\",\"breadcrumb\":{\"@id\":\"https:\/\/www.loewen-apotheke24.com\/de\/shop\/marke\/pascorbin-injektionsloesung-7-5g-60x50ml\/#breadcrumb\"},\"inLanguage\":\"de\",\"potentialAction\":[{\"@type\":\"ReadAction\",\"target\":[\"https:\/\/www.loewen-apotheke24.com\/de\/shop\/marke\/pascorbin-injektionsloesung-7-5g-60x50ml\/\"]}]},{\"@type\":\"BreadcrumbList\",\"@id\":\"https:\/\/www.loewen-apotheke24.com\/de\/shop\/marke\/pascorbin-injektionsloesung-7-5g-60x50ml\/#breadcrumb\",\"itemListElement\":[{\"@type\":\"ListItem\",\"position\":1,\"name\":\"Shop\",\"item\":\"https:\/\/www.loewen-apotheke24.com\/de\/shop\/\"},{\"@type\":\"ListItem\",\"position\":2,\"name\":\"PASCORBIN Injektionsl\u00f6sung 7.5g \/ 60x50ml\"}]},{\"@type\":\"WebSite\",\"@id\":\"https:\/\/www.loewen-apotheke24.com\/de\/#website\",\"url\":\"https:\/\/www.loewen-apotheke24.com\/de\/\",\"name\":\"L\u00f6wen Apotheke24\",\"description\":\"Spezialist f\u00fcr Naturmedizin - Versandapotheke Baden-Baden\",\"publisher\":{\"@id\":\"https:\/\/www.loewen-apotheke24.com\/de\/#organization\"},\"potentialAction\":[{\"@type\":\"SearchAction\",\"target\":{\"@type\":\"EntryPoint\",\"urlTemplate\":\"https:\/\/www.loewen-apotheke24.com\/de\/?s={search_term_string}\"},\"query-input\":\"required name=search_term_string\"}],\"inLanguage\":\"de\"},{\"@type\":\"Organization\",\"@id\":\"https:\/\/www.loewen-apotheke24.com\/de\/#organization\",\"name\":\"L\u00f6wen Apotheke\",\"alternateName\":\"L\u00f6wen Apotheke\",\"url\":\"https:\/\/www.loewen-apotheke24.com\/de\/\",\"logo\":{\"@type\":\"ImageObject\",\"inLanguage\":\"de\",\"@id\":\"https:\/\/www.loewen-apotheke24.com\/de\/#\/schema\/logo\/image\/\",\"url\":\"https:\/\/www.loewen-apotheke24.com\/wp-content\/uploads\/2024\/02\/Logo-Loewen-Apotheke-700x700-1.png\",\"contentUrl\":\"https:\/\/www.loewen-apotheke24.com\/wp-content\/uploads\/2024\/02\/Logo-Loewen-Apotheke-700x700-1.png\",\"width\":700,\"height\":700,\"caption\":\"L\u00f6wen Apotheke\"},\"image\":{\"@id\":\"https:\/\/www.loewen-apotheke24.com\/de\/#\/schema\/logo\/image\/\"}}]}<\/script>\n<!-- \/ Yoast SEO Premium plugin. -->","yoast_head_json":{"title":"PASCORBIN Injektionsl\u00f6sung 7.5 g \/ 50ml >> g\u00fcnstig kaufen","description":"PASCORBIN Injektionsl\u00f6sung 7.5g \/ 60x50ml bei Ihrer deutschen Online-Apotheke g\u00fcnstig bestellen. Hersteller: Pascoe. Verf\u00fcgbarkeit: kurzfristig lieferbar.","robots":{"index":"index","follow":"follow","max-snippet":"max-snippet:-1","max-image-preview":"max-image-preview:large","max-video-preview":"max-video-preview:-1"},"canonical":"https:\/\/www.loewen-apotheke24.com\/de\/shop\/marke\/pascorbin-injektionsloesung-7-5g-60x50ml\/","og_locale":"de_DE","og_type":"article","og_title":"PASCORBIN Injektionsl\u00f6sung 7.5 g \/ 50ml >> g\u00fcnstig kaufen","og_description":"PASCORBIN Injektionsl\u00f6sung 7.5g \/ 60x50ml bei Ihrer deutschen Online-Apotheke g\u00fcnstig bestellen. Hersteller: Pascoe. Verf\u00fcgbarkeit: kurzfristig lieferbar.","og_url":"https:\/\/www.loewen-apotheke24.com\/de\/shop\/marke\/pascorbin-injektionsloesung-7-5g-60x50ml\/","og_site_name":"L\u00f6wen Apotheke24","article_modified_time":"2026-04-13T03:29:17+00:00","og_image":[{"width":600,"height":600,"url":"https:\/\/www.loewen-apotheke24.com\/wp-content\/uploads\/2019\/01\/PASCORBIN-7.5g-Injektionsloesung-7.5g-50ml-Pascoe-PZN-00581310-Loewen-Apotheke24.webp","type":"image\/webp"}],"twitter_card":"summary_large_image","twitter_misc":{"Gesch\u00e4tzte Lesezeit":"2\u00a0Minuten"},"schema":{"@context":"https:\/\/schema.org","@graph":[{"@type":"WebPage","@id":"https:\/\/www.loewen-apotheke24.com\/de\/shop\/marke\/pascorbin-injektionsloesung-7-5g-60x50ml\/","url":"https:\/\/www.loewen-apotheke24.com\/de\/shop\/marke\/pascorbin-injektionsloesung-7-5g-60x50ml\/","name":"PASCORBIN Injektionsl\u00f6sung 7.5 g \/ 50ml >> g\u00fcnstig kaufen","isPartOf":{"@id":"https:\/\/www.loewen-apotheke24.com\/de\/#website"},"datePublished":"2019-01-30T10:57:16+00:00","dateModified":"2026-04-13T03:29:17+00:00","description":"PASCORBIN Injektionsl\u00f6sung 7.5g \/ 60x50ml bei Ihrer deutschen Online-Apotheke g\u00fcnstig bestellen. Hersteller: Pascoe. Verf\u00fcgbarkeit: kurzfristig lieferbar.","breadcrumb":{"@id":"https:\/\/www.loewen-apotheke24.com\/de\/shop\/marke\/pascorbin-injektionsloesung-7-5g-60x50ml\/#breadcrumb"},"inLanguage":"de","potentialAction":[{"@type":"ReadAction","target":["https:\/\/www.loewen-apotheke24.com\/de\/shop\/marke\/pascorbin-injektionsloesung-7-5g-60x50ml\/"]}]},{"@type":"BreadcrumbList","@id":"https:\/\/www.loewen-apotheke24.com\/de\/shop\/marke\/pascorbin-injektionsloesung-7-5g-60x50ml\/#breadcrumb","itemListElement":[{"@type":"ListItem","position":1,"name":"Shop","item":"https:\/\/www.loewen-apotheke24.com\/de\/shop\/"},{"@type":"ListItem","position":2,"name":"PASCORBIN Injektionsl\u00f6sung 7.5g \/ 60x50ml"}]},{"@type":"WebSite","@id":"https:\/\/www.loewen-apotheke24.com\/de\/#website","url":"https:\/\/www.loewen-apotheke24.com\/de\/","name":"L\u00f6wen Apotheke24","description":"Spezialist f\u00fcr Naturmedizin - Versandapotheke Baden-Baden","publisher":{"@id":"https:\/\/www.loewen-apotheke24.com\/de\/#organization"},"potentialAction":[{"@type":"SearchAction","target":{"@type":"EntryPoint","urlTemplate":"https:\/\/www.loewen-apotheke24.com\/de\/?s={search_term_string}"},"query-input":"required name=search_term_string"}],"inLanguage":"de"},{"@type":"Organization","@id":"https:\/\/www.loewen-apotheke24.com\/de\/#organization","name":"L\u00f6wen Apotheke","alternateName":"L\u00f6wen Apotheke","url":"https:\/\/www.loewen-apotheke24.com\/de\/","logo":{"@type":"ImageObject","inLanguage":"de","@id":"https:\/\/www.loewen-apotheke24.com\/de\/#\/schema\/logo\/image\/","url":"https:\/\/www.loewen-apotheke24.com\/wp-content\/uploads\/2024\/02\/Logo-Loewen-Apotheke-700x700-1.png","contentUrl":"https:\/\/www.loewen-apotheke24.com\/wp-content\/uploads\/2024\/02\/Logo-Loewen-Apotheke-700x700-1.png","width":700,"height":700,"caption":"L\u00f6wen Apotheke"},"image":{"@id":"https:\/\/www.loewen-apotheke24.com\/de\/#\/schema\/logo\/image\/"}}]}},"_links":{"self":[{"href":"https:\/\/www.loewen-apotheke24.com\/de\/wp-json\/wp\/v2\/product\/7047"}],"collection":[{"href":"https:\/\/www.loewen-apotheke24.com\/de\/wp-json\/wp\/v2\/product"}],"about":[{"href":"https:\/\/www.loewen-apotheke24.com\/de\/wp-json\/wp\/v2\/types\/product"}],"wp:featuredmedia":[{"embeddable":true,"href":"https:\/\/www.loewen-apotheke24.com\/de\/wp-json\/wp\/v2\/media\/108705"}],"wp:attachment":[{"href":"https:\/\/www.loewen-apotheke24.com\/de\/wp-json\/wp\/v2\/media?parent=7047"}],"wp:term":[{"taxonomy":"product_cat","embeddable":true,"href":"https:\/\/www.loewen-apotheke24.com\/de\/wp-json\/wp\/v2\/product_cat?post=7047"},{"taxonomy":"product_tag","embeddable":true,"href":"https:\/\/www.loewen-apotheke24.com\/de\/wp-json\/wp\/v2\/product_tag?post=7047"}],"curies":[{"name":"wp","href":"https:\/\/api.w.org\/{rel}","templated":true}]}}