{"id":74339,"date":"2023-09-12T10:17:04","date_gmt":"2023-09-12T09:17:04","guid":{"rendered":"https:\/\/www.loewen-apotheke24.com\/?post_type=product&#038;p=74339"},"modified":"2026-03-12T08:16:29","modified_gmt":"2026-03-12T07:16:29","slug":"neyvit-nr-42-gefaessschutz-18307408","status":"publish","type":"product","link":"https:\/\/www.loewen-apotheke24.com\/de\/shop\/vitorgan\/neyvit-nr-42-gefaessschutz-18307408\/","title":{"rendered":"NeyVit Nr.42 Gef\u00e4\u00dfschutz"},"content":{"rendered":"<h3 style=\"text-align: left;\">NeyVit Nr.42 Gef\u00e4\u00dfschutz<\/h3>\n<p>NeyVit Nr.42 Gef\u00e4\u00dfschutz &#8211; mit Organextrakten und Rutin. Mit Vitamin C: Tr\u00e4gt zu einer normalen Funktion der Blutgef\u00e4\u00dfe bei.<\/p>\n<p>Die von vitOrgan zur biomolekularen Therapie angebotenen organhom\u00f6opathischen Pr\u00e4parate nutzen nat\u00fcrliche regulatorisch und metabolisch wirkende organische Substanzen, um aus dem Gleichgewicht geratene Prozesse physiologisch wieder zu normalisieren. Nach dem Prinzip \u201eHerz heilt Herz, Niere heilt Niere, Organ heilt Organ\u201c gilt es, die Kraft geschw\u00e4chter Zellen durch gezielte Regulation zu wecken.<\/p>\n<p>Das umfangreiche Portfolio bietet Ihnen hochwertige, registrierte Arzneimittel f\u00fcr die ganzheitliche Behandlung von Beschwerden von A wie Allergien bis Z wie Zirrhose. Erg\u00e4nzt wird das Angebot durch nat\u00fcrliche Kosmetika, Nahrungserg\u00e4nzungsmittel, Haarwuchsmittel sowie Bachbl\u00fcten-Organkomplexe unserer Tochterunternehmen Regena Ney und Innovapharm.<\/p>\n<p>Angaben vom Hersteller vitOrgan zum Produkt NeyVit Nr.42 Gef\u00e4\u00dfschutz: <a href=\"https:\/\/vitorgan.de\/produkte\/nahrungsergaenzungspraeparate\/augennahrung\/\" target=\"_blank\" rel=\"noopener noreferrer\">zur Webseite<\/a><br \/>\nAndere Produkte von <a href=\"https:\/\/www.loewen-apotheke24.com\/de\/product_cat\/vitorgan\/\">vitOrgan<\/a><\/p>\n<p>Zu Risiken und Nebenwirkungen lesen Sie die Packungsbeilage und fragen Sie Ihren Arzt oder Apotheker.<\/p>\n<p class=\"TypographyPresentation TypographyPresentation--medium RichText3-paragraph--withVSpacingNormal RichText3-paragraph HighlightSol HighlightSol--buildingBlock\"><strong>Fragen zum Produkt? Wir sind f\u00fcr Sie da!<\/strong><\/p>\n<p class=\"TypographyPresentation TypographyPresentation--medium RichText3-paragraph--withVSpacingNormal RichText3-paragraph HighlightSol HighlightSol--buildingBlock\">Unsere verantwortliche Apothekerin\u00a0<strong>Dr. Sandra Hoff<\/strong>\u00a0und ihr Team beraten Sie gerne pers\u00f6nlich \u2013 telefonisch oder per E-Mail. Als\u00a0<strong>echte Apotheke vor Ort<\/strong>\u00a0und\u00a0<strong>zugelassene Versandapotheke<\/strong>\u00a0bieten wir Ihnen kompetente Unterst\u00fctzung, besonders in den Bereichen\u00a0<a href=\"https:\/\/www.loewen-apotheke24.com\/de\/product_tag\/naturheilmittel\/\"><strong>Naturheilkunde<\/strong><\/a>\u00a0und\u00a0<a href=\"https:\/\/www.loewen-apotheke24.com\/de\/product_tag\/vitamine-mineralien-nahrungsergaenzung\/\"><strong>Nahrungserg\u00e4nzungsmittel<\/strong><\/a>.<br \/>\n<a href=\"https:\/\/versandhandel.dimdi.de\/websearch\/servlet\/Gate;jsessionid=0D29D15655BE1174E9178A340E8FE6BC?accessid=dimdi_var&amp;term=3c387956690121ccc8763184f052b93f\" target=\"_blank\" rel=\"noopener\">Zum Eintrag im Versandhandelsregister<\/a><\/p>\n","protected":false},"excerpt":{"rendered":"<h2 style=\"text-align: left;\">NeyVit Nr.42 Gef\u00e4\u00dfschutz &#8211; 60 St.<\/h2>\n<p>Mit Organextrakten und Rutin. Mit Vitamin C: Tr\u00e4gt zu einer normalen Funktion der Blutgef\u00e4\u00dfe bei.<\/p>\n<p><strong>PZN<\/strong>: 18307408 (Pharmazentralnummer)<\/p>\n<p><strong>Darreichungsform<\/strong>:\u00a0 Tabletten<\/p>\n<p><strong>Packungsgr\u00f6\u00dfe<\/strong>:\u00a0 60 St.<\/p>\n<p><strong>Marke<\/strong>: <a href=\"https:\/\/www.loewen-apotheke24.com\/de\/product_tag\/vitorgan\/\">vitorgan<\/a><\/p>\n<p><strong>Hersteller<\/strong>: vitOrgan GmbH &amp; Co.KG<\/p>\n","protected":false},"featured_media":108486,"template":"","meta":[],"product_cat":[12],"product_tag":[97],"yoast_head":"<!-- This site is optimized with the Yoast SEO Premium plugin v21.0 (Yoast SEO v21.0) - https:\/\/yoast.com\/wordpress\/plugins\/seo\/ -->\n<title>NeyVit Nr.42 Gef\u00e4\u00dfschutz | vitOrgan g\u00fcnstig kaufen<\/title>\n<meta name=\"description\" content=\"NeyVit Nr.42 Gef\u00e4\u00dfschutz bei Ihrer deutschen Online-Apotheke g\u00fcnstig bestellen. Hersteller: Vitorgan Arzneimittel GmbH. Verf\u00fcgbarkeit: sofort lieferbar.\" \/>\n<meta name=\"robots\" content=\"index, follow, max-snippet:-1, max-image-preview:large, max-video-preview:-1\" \/>\n<link rel=\"canonical\" href=\"https:\/\/www.loewen-apotheke24.com\/de\/shop\/vitorgan\/neyvit-nr-42-gefaessschutz-18307408\/\" \/>\n<meta property=\"og:locale\" content=\"de_DE\" \/>\n<meta property=\"og:type\" content=\"article\" \/>\n<meta property=\"og:title\" content=\"NeyVit Nr.42 Gef\u00e4\u00dfschutz | vitOrgan g\u00fcnstig kaufen\" \/>\n<meta property=\"og:description\" content=\"NeyVit Nr.42 Gef\u00e4\u00dfschutz bei Ihrer deutschen Online-Apotheke g\u00fcnstig bestellen. Hersteller: Vitorgan Arzneimittel GmbH. Verf\u00fcgbarkeit: sofort lieferbar.\" \/>\n<meta property=\"og:url\" content=\"https:\/\/www.loewen-apotheke24.com\/de\/shop\/vitorgan\/neyvit-nr-42-gefaessschutz-18307408\/\" \/>\n<meta property=\"og:site_name\" content=\"L\u00f6wen Apotheke24\" \/>\n<meta property=\"article:modified_time\" content=\"2026-03-12T07:16:29+00:00\" \/>\n<meta property=\"og:image\" content=\"https:\/\/www.loewen-apotheke24.com\/wp-content\/uploads\/2023\/09\/NeyVit-Nr.-42-Gefaessschutz-18307408-vitOrgan-Arzneimittel-Loewen-Apotheke-1.webp\" \/>\n\t<meta property=\"og:image:width\" content=\"600\" \/>\n\t<meta property=\"og:image:height\" content=\"600\" \/>\n\t<meta property=\"og:image:type\" content=\"image\/webp\" \/>\n<meta name=\"twitter:card\" content=\"summary_large_image\" \/>\n<meta name=\"twitter:label1\" content=\"Gesch\u00e4tzte Lesezeit\" \/>\n\t<meta name=\"twitter:data1\" content=\"2\u00a0Minuten\" \/>\n<script type=\"application\/ld+json\" class=\"yoast-schema-graph\">{\"@context\":\"https:\/\/schema.org\",\"@graph\":[{\"@type\":\"WebPage\",\"@id\":\"https:\/\/www.loewen-apotheke24.com\/de\/shop\/vitorgan\/neyvit-nr-42-gefaessschutz-18307408\/\",\"url\":\"https:\/\/www.loewen-apotheke24.com\/de\/shop\/vitorgan\/neyvit-nr-42-gefaessschutz-18307408\/\",\"name\":\"NeyVit Nr.42 Gef\u00e4\u00dfschutz | vitOrgan g\u00fcnstig kaufen\",\"isPartOf\":{\"@id\":\"https:\/\/www.loewen-apotheke24.com\/de\/#website\"},\"datePublished\":\"2023-09-12T09:17:04+00:00\",\"dateModified\":\"2026-03-12T07:16:29+00:00\",\"description\":\"NeyVit Nr.42 Gef\u00e4\u00dfschutz bei Ihrer deutschen Online-Apotheke g\u00fcnstig bestellen. Hersteller: Vitorgan Arzneimittel GmbH. Verf\u00fcgbarkeit: sofort lieferbar.\",\"breadcrumb\":{\"@id\":\"https:\/\/www.loewen-apotheke24.com\/de\/shop\/vitorgan\/neyvit-nr-42-gefaessschutz-18307408\/#breadcrumb\"},\"inLanguage\":\"de\",\"potentialAction\":[{\"@type\":\"ReadAction\",\"target\":[\"https:\/\/www.loewen-apotheke24.com\/de\/shop\/vitorgan\/neyvit-nr-42-gefaessschutz-18307408\/\"]}]},{\"@type\":\"BreadcrumbList\",\"@id\":\"https:\/\/www.loewen-apotheke24.com\/de\/shop\/vitorgan\/neyvit-nr-42-gefaessschutz-18307408\/#breadcrumb\",\"itemListElement\":[{\"@type\":\"ListItem\",\"position\":1,\"name\":\"Shop\",\"item\":\"https:\/\/www.loewen-apotheke24.com\/de\/shop\/\"},{\"@type\":\"ListItem\",\"position\":2,\"name\":\"NeyVit Nr.42 Gef\u00e4\u00dfschutz\"}]},{\"@type\":\"WebSite\",\"@id\":\"https:\/\/www.loewen-apotheke24.com\/de\/#website\",\"url\":\"https:\/\/www.loewen-apotheke24.com\/de\/\",\"name\":\"L\u00f6wen Apotheke24\",\"description\":\"Spezialist f\u00fcr Naturmedizin - Versandapotheke Baden-Baden\",\"publisher\":{\"@id\":\"https:\/\/www.loewen-apotheke24.com\/de\/#organization\"},\"potentialAction\":[{\"@type\":\"SearchAction\",\"target\":{\"@type\":\"EntryPoint\",\"urlTemplate\":\"https:\/\/www.loewen-apotheke24.com\/de\/?s={search_term_string}\"},\"query-input\":\"required name=search_term_string\"}],\"inLanguage\":\"de\"},{\"@type\":\"Organization\",\"@id\":\"https:\/\/www.loewen-apotheke24.com\/de\/#organization\",\"name\":\"L\u00f6wen Apotheke\",\"alternateName\":\"L\u00f6wen Apotheke\",\"url\":\"https:\/\/www.loewen-apotheke24.com\/de\/\",\"logo\":{\"@type\":\"ImageObject\",\"inLanguage\":\"de\",\"@id\":\"https:\/\/www.loewen-apotheke24.com\/de\/#\/schema\/logo\/image\/\",\"url\":\"https:\/\/www.loewen-apotheke24.com\/wp-content\/uploads\/2024\/02\/Logo-Loewen-Apotheke-700x700-1.png\",\"contentUrl\":\"https:\/\/www.loewen-apotheke24.com\/wp-content\/uploads\/2024\/02\/Logo-Loewen-Apotheke-700x700-1.png\",\"width\":700,\"height\":700,\"caption\":\"L\u00f6wen Apotheke\"},\"image\":{\"@id\":\"https:\/\/www.loewen-apotheke24.com\/de\/#\/schema\/logo\/image\/\"}}]}<\/script>\n<!-- \/ Yoast SEO Premium plugin. -->","yoast_head_json":{"title":"NeyVit Nr.42 Gef\u00e4\u00dfschutz | vitOrgan g\u00fcnstig kaufen","description":"NeyVit Nr.42 Gef\u00e4\u00dfschutz bei Ihrer deutschen Online-Apotheke g\u00fcnstig bestellen. Hersteller: Vitorgan Arzneimittel GmbH. Verf\u00fcgbarkeit: sofort lieferbar.","robots":{"index":"index","follow":"follow","max-snippet":"max-snippet:-1","max-image-preview":"max-image-preview:large","max-video-preview":"max-video-preview:-1"},"canonical":"https:\/\/www.loewen-apotheke24.com\/de\/shop\/vitorgan\/neyvit-nr-42-gefaessschutz-18307408\/","og_locale":"de_DE","og_type":"article","og_title":"NeyVit Nr.42 Gef\u00e4\u00dfschutz | vitOrgan g\u00fcnstig kaufen","og_description":"NeyVit Nr.42 Gef\u00e4\u00dfschutz bei Ihrer deutschen Online-Apotheke g\u00fcnstig bestellen. Hersteller: Vitorgan Arzneimittel GmbH. Verf\u00fcgbarkeit: sofort lieferbar.","og_url":"https:\/\/www.loewen-apotheke24.com\/de\/shop\/vitorgan\/neyvit-nr-42-gefaessschutz-18307408\/","og_site_name":"L\u00f6wen Apotheke24","article_modified_time":"2026-03-12T07:16:29+00:00","og_image":[{"width":600,"height":600,"url":"https:\/\/www.loewen-apotheke24.com\/wp-content\/uploads\/2023\/09\/NeyVit-Nr.-42-Gefaessschutz-18307408-vitOrgan-Arzneimittel-Loewen-Apotheke-1.webp","type":"image\/webp"}],"twitter_card":"summary_large_image","twitter_misc":{"Gesch\u00e4tzte Lesezeit":"2\u00a0Minuten"},"schema":{"@context":"https:\/\/schema.org","@graph":[{"@type":"WebPage","@id":"https:\/\/www.loewen-apotheke24.com\/de\/shop\/vitorgan\/neyvit-nr-42-gefaessschutz-18307408\/","url":"https:\/\/www.loewen-apotheke24.com\/de\/shop\/vitorgan\/neyvit-nr-42-gefaessschutz-18307408\/","name":"NeyVit Nr.42 Gef\u00e4\u00dfschutz | vitOrgan g\u00fcnstig kaufen","isPartOf":{"@id":"https:\/\/www.loewen-apotheke24.com\/de\/#website"},"datePublished":"2023-09-12T09:17:04+00:00","dateModified":"2026-03-12T07:16:29+00:00","description":"NeyVit Nr.42 Gef\u00e4\u00dfschutz bei Ihrer deutschen Online-Apotheke g\u00fcnstig bestellen. Hersteller: Vitorgan Arzneimittel GmbH. Verf\u00fcgbarkeit: sofort lieferbar.","breadcrumb":{"@id":"https:\/\/www.loewen-apotheke24.com\/de\/shop\/vitorgan\/neyvit-nr-42-gefaessschutz-18307408\/#breadcrumb"},"inLanguage":"de","potentialAction":[{"@type":"ReadAction","target":["https:\/\/www.loewen-apotheke24.com\/de\/shop\/vitorgan\/neyvit-nr-42-gefaessschutz-18307408\/"]}]},{"@type":"BreadcrumbList","@id":"https:\/\/www.loewen-apotheke24.com\/de\/shop\/vitorgan\/neyvit-nr-42-gefaessschutz-18307408\/#breadcrumb","itemListElement":[{"@type":"ListItem","position":1,"name":"Shop","item":"https:\/\/www.loewen-apotheke24.com\/de\/shop\/"},{"@type":"ListItem","position":2,"name":"NeyVit Nr.42 Gef\u00e4\u00dfschutz"}]},{"@type":"WebSite","@id":"https:\/\/www.loewen-apotheke24.com\/de\/#website","url":"https:\/\/www.loewen-apotheke24.com\/de\/","name":"L\u00f6wen Apotheke24","description":"Spezialist f\u00fcr Naturmedizin - Versandapotheke Baden-Baden","publisher":{"@id":"https:\/\/www.loewen-apotheke24.com\/de\/#organization"},"potentialAction":[{"@type":"SearchAction","target":{"@type":"EntryPoint","urlTemplate":"https:\/\/www.loewen-apotheke24.com\/de\/?s={search_term_string}"},"query-input":"required name=search_term_string"}],"inLanguage":"de"},{"@type":"Organization","@id":"https:\/\/www.loewen-apotheke24.com\/de\/#organization","name":"L\u00f6wen Apotheke","alternateName":"L\u00f6wen Apotheke","url":"https:\/\/www.loewen-apotheke24.com\/de\/","logo":{"@type":"ImageObject","inLanguage":"de","@id":"https:\/\/www.loewen-apotheke24.com\/de\/#\/schema\/logo\/image\/","url":"https:\/\/www.loewen-apotheke24.com\/wp-content\/uploads\/2024\/02\/Logo-Loewen-Apotheke-700x700-1.png","contentUrl":"https:\/\/www.loewen-apotheke24.com\/wp-content\/uploads\/2024\/02\/Logo-Loewen-Apotheke-700x700-1.png","width":700,"height":700,"caption":"L\u00f6wen Apotheke"},"image":{"@id":"https:\/\/www.loewen-apotheke24.com\/de\/#\/schema\/logo\/image\/"}}]}},"_links":{"self":[{"href":"https:\/\/www.loewen-apotheke24.com\/de\/wp-json\/wp\/v2\/product\/74339"}],"collection":[{"href":"https:\/\/www.loewen-apotheke24.com\/de\/wp-json\/wp\/v2\/product"}],"about":[{"href":"https:\/\/www.loewen-apotheke24.com\/de\/wp-json\/wp\/v2\/types\/product"}],"wp:featuredmedia":[{"embeddable":true,"href":"https:\/\/www.loewen-apotheke24.com\/de\/wp-json\/wp\/v2\/media\/108486"}],"wp:attachment":[{"href":"https:\/\/www.loewen-apotheke24.com\/de\/wp-json\/wp\/v2\/media?parent=74339"}],"wp:term":[{"taxonomy":"product_cat","embeddable":true,"href":"https:\/\/www.loewen-apotheke24.com\/de\/wp-json\/wp\/v2\/product_cat?post=74339"},{"taxonomy":"product_tag","embeddable":true,"href":"https:\/\/www.loewen-apotheke24.com\/de\/wp-json\/wp\/v2\/product_tag?post=74339"}],"curies":[{"name":"wp","href":"https:\/\/api.w.org\/{rel}","templated":true}]}}