{"id":74602,"date":"2023-09-14T19:37:26","date_gmt":"2023-09-14T18:37:26","guid":{"rendered":"https:\/\/www.loewen-apotheke24.com\/?post_type=product&#038;p=74602"},"modified":"2026-03-01T06:46:12","modified_gmt":"2026-03-01T05:46:12","slug":"lasea-weichkapseln-56-st-5489632","status":"publish","type":"product","link":"https:\/\/www.loewen-apotheke24.com\/de\/shop\/angebot\/lasea-weichkapseln-56-st-5489632\/","title":{"rendered":"Lasea Weichkapseln 56 St."},"content":{"rendered":"<h3 style=\"text-align: left;\">Lasea<\/h3>\n<p>Lasea bei innerer Unruhe, Angstgef\u00fchlen und daraus resultierenden Schlafst\u00f6rungen. Beruhigt und verbessert so den Schlaf,\u00a0macht weder abh\u00e4ngig noch tags\u00fcber m\u00fcde, mit dem speziellen Arzneilavendel\u00f6l Silexan: hilft gegen Unruhe.<\/p>\n<p>Hektik, Hetze, Hamsterrad: Stress im Job, Stress zu Hause, Stress in der Freizeit \u2013 mehr und mehr Menschen f\u00fchlen sich den Anforderungen des Alltags kaum noch gewachsen. Hinzu kommen \u00c4ngste um die Gesundheit, die aktuelle Lebenssituation oder die eigene Existenz, die einen nicht mehr zur Ruhe kommen lassen. \u00dcber einen gewissen Zeitraum k\u00f6nnen K\u00f6rper und Seele zwar auch gr\u00f6\u00dfte Herausforderungen meistern. Aber wenn das Leben auf der \u00dcberholspur zum Dauerzustand wird, zeigt sich das mit typischen Beschwerden: Unruhe, Angstzust\u00e4nde, st\u00e4ndige Anspannung, erh\u00f6hte Reizbarkeit, Schreckhaftigkeit, Schlafst\u00f6rungen und nerv\u00f6se Magenbeschwerden sind dann m\u00f6gliche Folgen. Bei innerer Unruhe und Angstgef\u00fchlen bietet Arzneilavendel wertvolle Hilfe.<\/p>\n<h3 style=\"text-align: left;\">Mit dem Arzneilavendel gegen innere Unruhe und permanente Anspannung.<\/h3>\n<p>Weitere Produktdetails zu Lasea Weichkapseln finden Sie beim Hersteller: <a href=\"https:\/\/www.lasea.de\/\" target=\"_blank\" rel=\"noopener\">Dr. Willmar Schwabe GmbH &amp; Co. KG<\/a><\/p>\n<p>Andere Kunden interessierten sich auch f\u00fcr Produkte zum Thema: <a href=\"https:\/\/www.loewen-apotheke24.com\/de\/product_tag\/unruhe\/\">Schlafst\u00f6rungen, Unruhe<\/a> |\u00a0 <a href=\"https:\/\/www.loewen-apotheke24.com\/de\/product_tag\/reiseapotheke\/\">Reiseapotheke\u00a0<\/a><\/p>\n<p>Informationen auf dieser Website werden ausschlie\u00dflich f\u00fcr informative Zwecke zur Verf\u00fcgung gestellt. Sie ersetzen keinesfalls die Untersuchung und Behandlung durch einen Arzt. Bitte beachten Sie, dass hierdurch weder Diagnosen gestellt noch Therapien eingeleitet werden k\u00f6nnen.<\/p>\n<p>Zu Risiken und Nebenwirkungen lesen Sie die Packungsbeilage und fragen Sie Ihren Arzt oder Apotheker.<\/p>\n<p class=\"TypographyPresentation TypographyPresentation--medium RichText3-paragraph--withVSpacingNormal RichText3-paragraph HighlightSol HighlightSol--buildingBlock\"><strong>Fragen zum Produkt? Wir sind f\u00fcr Sie da!<\/strong><\/p>\n<p class=\"TypographyPresentation TypographyPresentation--medium RichText3-paragraph--withVSpacingNormal RichText3-paragraph HighlightSol HighlightSol--buildingBlock\">Unsere verantwortliche Apothekerin\u00a0<strong>Dr. Sandra Hoff<\/strong>\u00a0und ihr Team beraten Sie gerne pers\u00f6nlich \u2013 telefonisch oder per E-Mail. Als\u00a0<strong>echte Apotheke vor Ort<\/strong>\u00a0und\u00a0<strong>zugelassene Versandapotheke<\/strong>\u00a0bieten wir Ihnen kompetente Unterst\u00fctzung, besonders in den Bereichen\u00a0<a href=\"https:\/\/www.loewen-apotheke24.com\/de\/product_tag\/naturheilmittel\/\"><strong>Naturheilkunde<\/strong><\/a>\u00a0und\u00a0<a href=\"https:\/\/www.loewen-apotheke24.com\/de\/product_tag\/vitamine-mineralien-nahrungsergaenzung\/\"><strong>Nahrungserg\u00e4nzungsmittel<\/strong><\/a>.<br \/>\n<a href=\"https:\/\/versandhandel.dimdi.de\/websearch\/servlet\/Gate;jsessionid=0D29D15655BE1174E9178A340E8FE6BC?accessid=dimdi_var&amp;term=3c387956690121ccc8763184f052b93f\" target=\"_blank\" rel=\"noopener\">Zum Eintrag im Versandhandelsregister<\/a><\/p>\n","protected":false},"excerpt":{"rendered":"<h2>Lasea Weichkapseln 56 St.<\/h2>\n<p>Lasea bei innerer Unruhe, Angstgef\u00fchlen und daraus resultierenden Schlafst\u00f6rungen.<\/p>\n<p><strong>PZN<\/strong>: 05489632 (Pharmazentralnummer)<\/p>\n<p><strong>Darreichungsform<\/strong>: Kapseln<\/p>\n<p><strong>Verordnungsart<\/strong>: Rezeptfrei<\/p>\n<p><strong>Hersteller<\/strong>: Dr. Willmar Schwabe GmbH &amp; Co. KG<\/p>\n<p><strong>Packungsgr\u00f6\u00dfe<\/strong>: 56 St.<\/p>\n","protected":false},"featured_media":103190,"template":"","meta":[],"product_cat":[13,358,43],"product_tag":[170,360,198,199],"yoast_head":"<!-- This site is optimized with the Yoast SEO Premium plugin v21.0 (Yoast SEO v21.0) - https:\/\/yoast.com\/wordpress\/plugins\/seo\/ -->\n<title>Lasea Weichkapseln 56 St. - L\u00f6wen Apotheke24 - g\u00fcnstig kaufen<\/title>\n<meta name=\"description\" content=\"Ihr Spezialist f\u00fcr Naturheilkunde. Kurze Lieferzeit und gratis Lieferung ab 30 \u20ac - Dr. Schabe; Lasea\u00a0Weichkapseln. Bei Unruhe, Schafst\u00f6rungen.\" \/>\n<meta name=\"robots\" content=\"index, follow, max-snippet:-1, max-image-preview:large, max-video-preview:-1\" \/>\n<link rel=\"canonical\" href=\"https:\/\/www.loewen-apotheke24.com\/de\/shop\/angebot\/lasea-weichkapseln-56-st-5489632\/\" \/>\n<meta property=\"og:locale\" content=\"de_DE\" \/>\n<meta property=\"og:type\" content=\"article\" \/>\n<meta property=\"og:title\" content=\"Lasea Weichkapseln 56 St. - L\u00f6wen Apotheke24 - g\u00fcnstig kaufen\" \/>\n<meta property=\"og:description\" content=\"Ihr Spezialist f\u00fcr Naturheilkunde. Kurze Lieferzeit und gratis Lieferung ab 30 \u20ac - Dr. Schabe; Lasea\u00a0Weichkapseln. Bei Unruhe, Schafst\u00f6rungen.\" \/>\n<meta property=\"og:url\" content=\"https:\/\/www.loewen-apotheke24.com\/de\/shop\/angebot\/lasea-weichkapseln-56-st-5489632\/\" \/>\n<meta property=\"og:site_name\" content=\"L\u00f6wen Apotheke24\" \/>\n<meta property=\"article:modified_time\" content=\"2026-03-01T05:46:12+00:00\" \/>\n<meta property=\"og:image\" content=\"https:\/\/www.loewen-apotheke24.com\/wp-content\/uploads\/2023\/09\/Lasea-Weichkapseln-Dr-W-Schabe-PZN-05489632-Loewen-Apotheke24-1.webp\" \/>\n\t<meta property=\"og:image:width\" content=\"600\" \/>\n\t<meta property=\"og:image:height\" content=\"600\" \/>\n\t<meta property=\"og:image:type\" content=\"image\/webp\" \/>\n<meta name=\"twitter:card\" content=\"summary_large_image\" \/>\n<meta name=\"twitter:label1\" content=\"Gesch\u00e4tzte Lesezeit\" \/>\n\t<meta name=\"twitter:data1\" content=\"2\u00a0Minuten\" \/>\n<script type=\"application\/ld+json\" class=\"yoast-schema-graph\">{\"@context\":\"https:\/\/schema.org\",\"@graph\":[{\"@type\":\"WebPage\",\"@id\":\"https:\/\/www.loewen-apotheke24.com\/de\/shop\/angebot\/lasea-weichkapseln-56-st-5489632\/\",\"url\":\"https:\/\/www.loewen-apotheke24.com\/de\/shop\/angebot\/lasea-weichkapseln-56-st-5489632\/\",\"name\":\"Lasea Weichkapseln 56 St. - L\u00f6wen Apotheke24 - g\u00fcnstig kaufen\",\"isPartOf\":{\"@id\":\"https:\/\/www.loewen-apotheke24.com\/de\/#website\"},\"datePublished\":\"2023-09-14T18:37:26+00:00\",\"dateModified\":\"2026-03-01T05:46:12+00:00\",\"description\":\"Ihr Spezialist f\u00fcr Naturheilkunde. Kurze Lieferzeit und gratis Lieferung ab 30 \u20ac - Dr. Schabe; Lasea\u00a0Weichkapseln. Bei Unruhe, Schafst\u00f6rungen.\",\"breadcrumb\":{\"@id\":\"https:\/\/www.loewen-apotheke24.com\/de\/shop\/angebot\/lasea-weichkapseln-56-st-5489632\/#breadcrumb\"},\"inLanguage\":\"de\",\"potentialAction\":[{\"@type\":\"ReadAction\",\"target\":[\"https:\/\/www.loewen-apotheke24.com\/de\/shop\/angebot\/lasea-weichkapseln-56-st-5489632\/\"]}]},{\"@type\":\"BreadcrumbList\",\"@id\":\"https:\/\/www.loewen-apotheke24.com\/de\/shop\/angebot\/lasea-weichkapseln-56-st-5489632\/#breadcrumb\",\"itemListElement\":[{\"@type\":\"ListItem\",\"position\":1,\"name\":\"Shop\",\"item\":\"https:\/\/www.loewen-apotheke24.com\/de\/shop\/\"},{\"@type\":\"ListItem\",\"position\":2,\"name\":\"Lasea Weichkapseln 56 St.\"}]},{\"@type\":\"WebSite\",\"@id\":\"https:\/\/www.loewen-apotheke24.com\/de\/#website\",\"url\":\"https:\/\/www.loewen-apotheke24.com\/de\/\",\"name\":\"L\u00f6wen Apotheke24\",\"description\":\"Spezialist f\u00fcr Naturmedizin - Versandapotheke Baden-Baden\",\"publisher\":{\"@id\":\"https:\/\/www.loewen-apotheke24.com\/de\/#organization\"},\"potentialAction\":[{\"@type\":\"SearchAction\",\"target\":{\"@type\":\"EntryPoint\",\"urlTemplate\":\"https:\/\/www.loewen-apotheke24.com\/de\/?s={search_term_string}\"},\"query-input\":\"required name=search_term_string\"}],\"inLanguage\":\"de\"},{\"@type\":\"Organization\",\"@id\":\"https:\/\/www.loewen-apotheke24.com\/de\/#organization\",\"name\":\"L\u00f6wen Apotheke\",\"alternateName\":\"L\u00f6wen Apotheke\",\"url\":\"https:\/\/www.loewen-apotheke24.com\/de\/\",\"logo\":{\"@type\":\"ImageObject\",\"inLanguage\":\"de\",\"@id\":\"https:\/\/www.loewen-apotheke24.com\/de\/#\/schema\/logo\/image\/\",\"url\":\"https:\/\/www.loewen-apotheke24.com\/wp-content\/uploads\/2024\/02\/Logo-Loewen-Apotheke-700x700-1.png\",\"contentUrl\":\"https:\/\/www.loewen-apotheke24.com\/wp-content\/uploads\/2024\/02\/Logo-Loewen-Apotheke-700x700-1.png\",\"width\":700,\"height\":700,\"caption\":\"L\u00f6wen Apotheke\"},\"image\":{\"@id\":\"https:\/\/www.loewen-apotheke24.com\/de\/#\/schema\/logo\/image\/\"}}]}<\/script>\n<!-- \/ Yoast SEO Premium plugin. -->","yoast_head_json":{"title":"Lasea Weichkapseln 56 St. - L\u00f6wen Apotheke24 - g\u00fcnstig kaufen","description":"Ihr Spezialist f\u00fcr Naturheilkunde. Kurze Lieferzeit und gratis Lieferung ab 30 \u20ac - Dr. Schabe; Lasea\u00a0Weichkapseln. Bei Unruhe, Schafst\u00f6rungen.","robots":{"index":"index","follow":"follow","max-snippet":"max-snippet:-1","max-image-preview":"max-image-preview:large","max-video-preview":"max-video-preview:-1"},"canonical":"https:\/\/www.loewen-apotheke24.com\/de\/shop\/angebot\/lasea-weichkapseln-56-st-5489632\/","og_locale":"de_DE","og_type":"article","og_title":"Lasea Weichkapseln 56 St. - L\u00f6wen Apotheke24 - g\u00fcnstig kaufen","og_description":"Ihr Spezialist f\u00fcr Naturheilkunde. Kurze Lieferzeit und gratis Lieferung ab 30 \u20ac - Dr. Schabe; Lasea\u00a0Weichkapseln. Bei Unruhe, Schafst\u00f6rungen.","og_url":"https:\/\/www.loewen-apotheke24.com\/de\/shop\/angebot\/lasea-weichkapseln-56-st-5489632\/","og_site_name":"L\u00f6wen Apotheke24","article_modified_time":"2026-03-01T05:46:12+00:00","og_image":[{"width":600,"height":600,"url":"https:\/\/www.loewen-apotheke24.com\/wp-content\/uploads\/2023\/09\/Lasea-Weichkapseln-Dr-W-Schabe-PZN-05489632-Loewen-Apotheke24-1.webp","type":"image\/webp"}],"twitter_card":"summary_large_image","twitter_misc":{"Gesch\u00e4tzte Lesezeit":"2\u00a0Minuten"},"schema":{"@context":"https:\/\/schema.org","@graph":[{"@type":"WebPage","@id":"https:\/\/www.loewen-apotheke24.com\/de\/shop\/angebot\/lasea-weichkapseln-56-st-5489632\/","url":"https:\/\/www.loewen-apotheke24.com\/de\/shop\/angebot\/lasea-weichkapseln-56-st-5489632\/","name":"Lasea Weichkapseln 56 St. - L\u00f6wen Apotheke24 - g\u00fcnstig kaufen","isPartOf":{"@id":"https:\/\/www.loewen-apotheke24.com\/de\/#website"},"datePublished":"2023-09-14T18:37:26+00:00","dateModified":"2026-03-01T05:46:12+00:00","description":"Ihr Spezialist f\u00fcr Naturheilkunde. Kurze Lieferzeit und gratis Lieferung ab 30 \u20ac - Dr. Schabe; Lasea\u00a0Weichkapseln. Bei Unruhe, Schafst\u00f6rungen.","breadcrumb":{"@id":"https:\/\/www.loewen-apotheke24.com\/de\/shop\/angebot\/lasea-weichkapseln-56-st-5489632\/#breadcrumb"},"inLanguage":"de","potentialAction":[{"@type":"ReadAction","target":["https:\/\/www.loewen-apotheke24.com\/de\/shop\/angebot\/lasea-weichkapseln-56-st-5489632\/"]}]},{"@type":"BreadcrumbList","@id":"https:\/\/www.loewen-apotheke24.com\/de\/shop\/angebot\/lasea-weichkapseln-56-st-5489632\/#breadcrumb","itemListElement":[{"@type":"ListItem","position":1,"name":"Shop","item":"https:\/\/www.loewen-apotheke24.com\/de\/shop\/"},{"@type":"ListItem","position":2,"name":"Lasea Weichkapseln 56 St."}]},{"@type":"WebSite","@id":"https:\/\/www.loewen-apotheke24.com\/de\/#website","url":"https:\/\/www.loewen-apotheke24.com\/de\/","name":"L\u00f6wen Apotheke24","description":"Spezialist f\u00fcr Naturmedizin - Versandapotheke Baden-Baden","publisher":{"@id":"https:\/\/www.loewen-apotheke24.com\/de\/#organization"},"potentialAction":[{"@type":"SearchAction","target":{"@type":"EntryPoint","urlTemplate":"https:\/\/www.loewen-apotheke24.com\/de\/?s={search_term_string}"},"query-input":"required name=search_term_string"}],"inLanguage":"de"},{"@type":"Organization","@id":"https:\/\/www.loewen-apotheke24.com\/de\/#organization","name":"L\u00f6wen Apotheke","alternateName":"L\u00f6wen Apotheke","url":"https:\/\/www.loewen-apotheke24.com\/de\/","logo":{"@type":"ImageObject","inLanguage":"de","@id":"https:\/\/www.loewen-apotheke24.com\/de\/#\/schema\/logo\/image\/","url":"https:\/\/www.loewen-apotheke24.com\/wp-content\/uploads\/2024\/02\/Logo-Loewen-Apotheke-700x700-1.png","contentUrl":"https:\/\/www.loewen-apotheke24.com\/wp-content\/uploads\/2024\/02\/Logo-Loewen-Apotheke-700x700-1.png","width":700,"height":700,"caption":"L\u00f6wen Apotheke"},"image":{"@id":"https:\/\/www.loewen-apotheke24.com\/de\/#\/schema\/logo\/image\/"}}]}},"_links":{"self":[{"href":"https:\/\/www.loewen-apotheke24.com\/de\/wp-json\/wp\/v2\/product\/74602"}],"collection":[{"href":"https:\/\/www.loewen-apotheke24.com\/de\/wp-json\/wp\/v2\/product"}],"about":[{"href":"https:\/\/www.loewen-apotheke24.com\/de\/wp-json\/wp\/v2\/types\/product"}],"wp:featuredmedia":[{"embeddable":true,"href":"https:\/\/www.loewen-apotheke24.com\/de\/wp-json\/wp\/v2\/media\/103190"}],"wp:attachment":[{"href":"https:\/\/www.loewen-apotheke24.com\/de\/wp-json\/wp\/v2\/media?parent=74602"}],"wp:term":[{"taxonomy":"product_cat","embeddable":true,"href":"https:\/\/www.loewen-apotheke24.com\/de\/wp-json\/wp\/v2\/product_cat?post=74602"},{"taxonomy":"product_tag","embeddable":true,"href":"https:\/\/www.loewen-apotheke24.com\/de\/wp-json\/wp\/v2\/product_tag?post=74602"}],"curies":[{"name":"wp","href":"https:\/\/api.w.org\/{rel}","templated":true}]}}