{"id":74720,"date":"2023-09-16T22:07:56","date_gmt":"2023-09-16T21:07:56","guid":{"rendered":"https:\/\/www.loewen-apotheke24.com\/?post_type=product&#038;p=74720"},"modified":"2026-02-24T20:43:31","modified_gmt":"2026-02-24T19:43:31","slug":"umckaloabo-fluessig-100-ml-00930673","status":"publish","type":"product","link":"https:\/\/www.loewen-apotheke24.com\/de\/shop\/schwabe\/umckaloabo-fluessig-100-ml-00930673\/","title":{"rendered":"Umckaloabo fl\u00fcssig 100 ml"},"content":{"rendered":"<h3 style=\"text-align: left;\">Umckaloabo fl\u00fcssig 100 ml<\/h3>\n<p>In der Therapie von Atemwegsinfekten wie der akuten Bronchitis mit ihren typischen Beschwerden ist besonders wichtig: Nicht allein die Symptome behandeln, sondern vor allem die verursachenden Krankheitserreger mit einem gut geeigneten Medikament bek\u00e4mpfen. Genau hier setzt Umckaloabo an. Der spezielle Wirkstoff EPs\u00ae 7630 des Medikaments wirkt gezielt gegen die Ursache des Infekts.Das pflanzliche Anti-Infektivum bei akuter Bronchitis<\/p>\n<ul style=\"list-style-type: square;\">\n<li>Umckaloabo\u00ae wirkt gezielt gegen die Ursache des Infekts.<\/li>\n<li>Es bek\u00e4mpft die Krankheitserreger,\u00a0lindert die Symptome und beschleunigt die Heilung<\/li>\n<li>Rein pflanzlich und gut vertr\u00e4glich<\/li>\n<li>F\u00fcr die ganze Familie (ab 1 Jahr1)<\/li>\n<\/ul>\n<p>Hier finden Sie weitere Informationen zum Produkt und <a href=\"https:\/\/www.umckaloabo.de\/de\/umckaloabo-produkte\/umckaloabo-tropfen\" target=\"_blank\" rel=\"noopener\">Hersteller Dr. Schwabe<\/a><\/p>\n<p>Die Dr. Willmar Schwabe GmbH &amp; Co. KG ist das Mutterunternehmen der Schwabe-Gruppe und wird auch als Unternehmensgruppe Schwabe oder Schwabe-Konzern bezeichnet. Das Pharmaunternehmen wurde 1865 in Leipzig gegr\u00fcndet. Der Hauptsitz wurde 1946 nach Karlsruhe verlegt. Schwerpunkt des Konzerns ist die Gesundheits- und die pharmazeutische Industrie mit einer Spezialisierung auf Heilpflanzenkunde und Hom\u00f6opathie beruhende Fertigarzneimittel, den Phytopharmaka bzw. Hom\u00f6opathika, Nahrungserg\u00e4nzungsmittel heilpflanzlichen Ursprungs sowie Zusatzleistungen f\u00fcr eine ganzheitliche Gesundheitsvorsorge und Selbsthilfe, wie z. B. Trainingsprogramme f\u00fcr mentale und k\u00f6rperliche Fitness. Dazu geh\u00f6ren u.a. die Marken Tebonin, Umckaloabo.<\/p>\n<p>Andere Produkte von <a href=\"https:\/\/www.loewen-apotheke24.com\/de\/product_cat\/schwabe\/\">Dr. Schwabe im Sortiment<\/a><\/p>\n<p>Zu Risiken und Nebenwirkungen lesen Sie die Packungsbeilage und fragen Sie Ihren Arzt oder Apotheker.<\/p>\n<p class=\"TypographyPresentation TypographyPresentation--medium RichText3-paragraph--withVSpacingNormal RichText3-paragraph HighlightSol HighlightSol--buildingBlock\"><strong>Fragen zum Produkt? Wir sind f\u00fcr Sie da!<\/strong><\/p>\n<p class=\"TypographyPresentation TypographyPresentation--medium RichText3-paragraph--withVSpacingNormal RichText3-paragraph HighlightSol HighlightSol--buildingBlock\">Unsere verantwortliche Apothekerin\u00a0<strong>Dr. Sandra Hoff<\/strong>\u00a0und ihr Team beraten Sie gerne pers\u00f6nlich \u2013 telefonisch oder per E-Mail. Als\u00a0<strong>echte Apotheke vor Ort<\/strong>\u00a0und\u00a0<strong>zugelassene Versandapotheke<\/strong>\u00a0bieten wir Ihnen kompetente Unterst\u00fctzung, besonders in den Bereichen\u00a0<a href=\"https:\/\/www.loewen-apotheke24.com\/de\/product_tag\/naturheilmittel\/\"><strong>Naturheilkunde<\/strong><\/a>\u00a0und\u00a0<a href=\"https:\/\/www.loewen-apotheke24.com\/de\/product_tag\/vitamine-mineralien-nahrungsergaenzung\/\"><strong>Nahrungserg\u00e4nzungsmittel<\/strong><\/a>, hier Produkte von\u00a0<a href=\"https:\/\/www.loewen-apotheke24.com\/de\/product_cat\/vitorgan\/\">vitOrgan Arzneimittel<\/a>\u00a0und\u00a0<a href=\"https:\/\/www.loewen-apotheke24.com\/de\/product_cat\/labo-life\/\">Labo Life<\/a>.<br \/>\n<a href=\"https:\/\/versandhandel.dimdi.de\/websearch\/servlet\/Gate;jsessionid=0D29D15655BE1174E9178A340E8FE6BC?accessid=dimdi_var&amp;term=3c387956690121ccc8763184f052b93f\" target=\"_blank\" rel=\"noopener\">Eintrag im Versandhandelsregister<\/a><\/p>\n","protected":false},"excerpt":{"rendered":"<h2 style=\"text-align: left;\">Umckaloabo fl\u00fcssig 100 ml<\/h2>\n<div class=\"rating__wrap\">\n<p>Umckaloabo fl\u00fcssig. Das pflanzliche Anti-Infektivum bei akuter Bronchitis<\/p>\n<p><strong>PZN<\/strong>: 00930673 (Pharmazentralnummer)<\/p>\n<p><strong>Darreichungsform<\/strong>: Tropfen &#8211; 100ml<\/p>\n<p><strong>Verordnungsart<\/strong>: Rezeptfrei<\/p>\n<p><strong>Marke<\/strong>: <a href=\"https:\/\/www.umckaloabo.de\/de\" target=\"_blank\" rel=\"noopener\">Umckaloabo\u00a0<\/a>\u00ae<\/p>\n<p><strong>Hersteller<\/strong>: <a href=\"https:\/\/www.loewen-apotheke24.com\/de\/product_cat\/schwabe\/\">Dr.Willmar Schwabe GmbH &amp; Co.KG<\/a><\/p>\n<\/div>\n","protected":false},"featured_media":103631,"template":"","meta":[],"product_cat":[358],"product_tag":[266,433,359,426,170,360,467],"yoast_head":"<!-- This site is optimized with the Yoast SEO Premium plugin v21.0 (Yoast SEO v21.0) - https:\/\/yoast.com\/wordpress\/plugins\/seo\/ -->\n<title>Umckaloabo fl\u00fcssig 100 ml kaufen | L\u00f6wen Apotheke24<\/title>\n<meta name=\"description\" content=\"Ihr Spezialist f\u00fcr Naturheilkunde. Kurze Lieferzeit mit DHL - gratis Lieferung ab 30 \u20ac - Umckaloabo fl\u00fcssig 100 ml g\u00fcnstig kaufen.\" \/>\n<meta name=\"robots\" content=\"index, follow, max-snippet:-1, max-image-preview:large, max-video-preview:-1\" \/>\n<link rel=\"canonical\" href=\"https:\/\/www.loewen-apotheke24.com\/de\/shop\/schwabe\/umckaloabo-fluessig-100-ml-00930673\/\" \/>\n<meta property=\"og:locale\" content=\"de_DE\" \/>\n<meta property=\"og:type\" content=\"article\" \/>\n<meta property=\"og:title\" content=\"Umckaloabo fl\u00fcssig 100 ml kaufen | L\u00f6wen Apotheke24\" \/>\n<meta property=\"og:description\" content=\"Ihr Spezialist f\u00fcr Naturheilkunde. Kurze Lieferzeit mit DHL - gratis Lieferung ab 30 \u20ac - Umckaloabo fl\u00fcssig 100 ml g\u00fcnstig kaufen.\" \/>\n<meta property=\"og:url\" content=\"https:\/\/www.loewen-apotheke24.com\/de\/shop\/schwabe\/umckaloabo-fluessig-100-ml-00930673\/\" \/>\n<meta property=\"og:site_name\" content=\"L\u00f6wen Apotheke24\" \/>\n<meta property=\"article:modified_time\" content=\"2026-02-24T19:43:31+00:00\" \/>\n<meta property=\"og:image\" content=\"https:\/\/www.loewen-apotheke24.com\/wp-content\/uploads\/2023\/09\/Umckaloabo-fluessig-tropfen-dr-schwabe.webp\" \/>\n\t<meta property=\"og:image:width\" content=\"600\" \/>\n\t<meta property=\"og:image:height\" content=\"600\" \/>\n\t<meta property=\"og:image:type\" content=\"image\/webp\" \/>\n<meta name=\"twitter:card\" content=\"summary_large_image\" \/>\n<meta name=\"twitter:label1\" content=\"Gesch\u00e4tzte Lesezeit\" \/>\n\t<meta name=\"twitter:data1\" content=\"2\u00a0Minuten\" \/>\n<script type=\"application\/ld+json\" class=\"yoast-schema-graph\">{\"@context\":\"https:\/\/schema.org\",\"@graph\":[{\"@type\":\"WebPage\",\"@id\":\"https:\/\/www.loewen-apotheke24.com\/de\/shop\/schwabe\/umckaloabo-fluessig-100-ml-00930673\/\",\"url\":\"https:\/\/www.loewen-apotheke24.com\/de\/shop\/schwabe\/umckaloabo-fluessig-100-ml-00930673\/\",\"name\":\"Umckaloabo fl\u00fcssig 100 ml kaufen | L\u00f6wen Apotheke24\",\"isPartOf\":{\"@id\":\"https:\/\/www.loewen-apotheke24.com\/de\/#website\"},\"datePublished\":\"2023-09-16T21:07:56+00:00\",\"dateModified\":\"2026-02-24T19:43:31+00:00\",\"description\":\"Ihr Spezialist f\u00fcr Naturheilkunde. Kurze Lieferzeit mit DHL - gratis Lieferung ab 30 \u20ac - Umckaloabo fl\u00fcssig 100 ml g\u00fcnstig kaufen.\",\"breadcrumb\":{\"@id\":\"https:\/\/www.loewen-apotheke24.com\/de\/shop\/schwabe\/umckaloabo-fluessig-100-ml-00930673\/#breadcrumb\"},\"inLanguage\":\"de\",\"potentialAction\":[{\"@type\":\"ReadAction\",\"target\":[\"https:\/\/www.loewen-apotheke24.com\/de\/shop\/schwabe\/umckaloabo-fluessig-100-ml-00930673\/\"]}]},{\"@type\":\"BreadcrumbList\",\"@id\":\"https:\/\/www.loewen-apotheke24.com\/de\/shop\/schwabe\/umckaloabo-fluessig-100-ml-00930673\/#breadcrumb\",\"itemListElement\":[{\"@type\":\"ListItem\",\"position\":1,\"name\":\"Shop\",\"item\":\"https:\/\/www.loewen-apotheke24.com\/de\/shop\/\"},{\"@type\":\"ListItem\",\"position\":2,\"name\":\"Umckaloabo fl\u00fcssig 100 ml\"}]},{\"@type\":\"WebSite\",\"@id\":\"https:\/\/www.loewen-apotheke24.com\/de\/#website\",\"url\":\"https:\/\/www.loewen-apotheke24.com\/de\/\",\"name\":\"L\u00f6wen Apotheke24\",\"description\":\"Spezialist f\u00fcr Naturmedizin - Versandapotheke Baden-Baden\",\"publisher\":{\"@id\":\"https:\/\/www.loewen-apotheke24.com\/de\/#organization\"},\"potentialAction\":[{\"@type\":\"SearchAction\",\"target\":{\"@type\":\"EntryPoint\",\"urlTemplate\":\"https:\/\/www.loewen-apotheke24.com\/de\/?s={search_term_string}\"},\"query-input\":\"required name=search_term_string\"}],\"inLanguage\":\"de\"},{\"@type\":\"Organization\",\"@id\":\"https:\/\/www.loewen-apotheke24.com\/de\/#organization\",\"name\":\"L\u00f6wen Apotheke\",\"alternateName\":\"L\u00f6wen Apotheke\",\"url\":\"https:\/\/www.loewen-apotheke24.com\/de\/\",\"logo\":{\"@type\":\"ImageObject\",\"inLanguage\":\"de\",\"@id\":\"https:\/\/www.loewen-apotheke24.com\/de\/#\/schema\/logo\/image\/\",\"url\":\"https:\/\/www.loewen-apotheke24.com\/wp-content\/uploads\/2024\/02\/Logo-Loewen-Apotheke-700x700-1.png\",\"contentUrl\":\"https:\/\/www.loewen-apotheke24.com\/wp-content\/uploads\/2024\/02\/Logo-Loewen-Apotheke-700x700-1.png\",\"width\":700,\"height\":700,\"caption\":\"L\u00f6wen Apotheke\"},\"image\":{\"@id\":\"https:\/\/www.loewen-apotheke24.com\/de\/#\/schema\/logo\/image\/\"}}]}<\/script>\n<!-- \/ Yoast SEO Premium plugin. -->","yoast_head_json":{"title":"Umckaloabo fl\u00fcssig 100 ml kaufen | L\u00f6wen Apotheke24","description":"Ihr Spezialist f\u00fcr Naturheilkunde. Kurze Lieferzeit mit DHL - gratis Lieferung ab 30 \u20ac - Umckaloabo fl\u00fcssig 100 ml g\u00fcnstig kaufen.","robots":{"index":"index","follow":"follow","max-snippet":"max-snippet:-1","max-image-preview":"max-image-preview:large","max-video-preview":"max-video-preview:-1"},"canonical":"https:\/\/www.loewen-apotheke24.com\/de\/shop\/schwabe\/umckaloabo-fluessig-100-ml-00930673\/","og_locale":"de_DE","og_type":"article","og_title":"Umckaloabo fl\u00fcssig 100 ml kaufen | L\u00f6wen Apotheke24","og_description":"Ihr Spezialist f\u00fcr Naturheilkunde. Kurze Lieferzeit mit DHL - gratis Lieferung ab 30 \u20ac - Umckaloabo fl\u00fcssig 100 ml g\u00fcnstig kaufen.","og_url":"https:\/\/www.loewen-apotheke24.com\/de\/shop\/schwabe\/umckaloabo-fluessig-100-ml-00930673\/","og_site_name":"L\u00f6wen Apotheke24","article_modified_time":"2026-02-24T19:43:31+00:00","og_image":[{"width":600,"height":600,"url":"https:\/\/www.loewen-apotheke24.com\/wp-content\/uploads\/2023\/09\/Umckaloabo-fluessig-tropfen-dr-schwabe.webp","type":"image\/webp"}],"twitter_card":"summary_large_image","twitter_misc":{"Gesch\u00e4tzte Lesezeit":"2\u00a0Minuten"},"schema":{"@context":"https:\/\/schema.org","@graph":[{"@type":"WebPage","@id":"https:\/\/www.loewen-apotheke24.com\/de\/shop\/schwabe\/umckaloabo-fluessig-100-ml-00930673\/","url":"https:\/\/www.loewen-apotheke24.com\/de\/shop\/schwabe\/umckaloabo-fluessig-100-ml-00930673\/","name":"Umckaloabo fl\u00fcssig 100 ml kaufen | L\u00f6wen Apotheke24","isPartOf":{"@id":"https:\/\/www.loewen-apotheke24.com\/de\/#website"},"datePublished":"2023-09-16T21:07:56+00:00","dateModified":"2026-02-24T19:43:31+00:00","description":"Ihr Spezialist f\u00fcr Naturheilkunde. Kurze Lieferzeit mit DHL - gratis Lieferung ab 30 \u20ac - Umckaloabo fl\u00fcssig 100 ml g\u00fcnstig kaufen.","breadcrumb":{"@id":"https:\/\/www.loewen-apotheke24.com\/de\/shop\/schwabe\/umckaloabo-fluessig-100-ml-00930673\/#breadcrumb"},"inLanguage":"de","potentialAction":[{"@type":"ReadAction","target":["https:\/\/www.loewen-apotheke24.com\/de\/shop\/schwabe\/umckaloabo-fluessig-100-ml-00930673\/"]}]},{"@type":"BreadcrumbList","@id":"https:\/\/www.loewen-apotheke24.com\/de\/shop\/schwabe\/umckaloabo-fluessig-100-ml-00930673\/#breadcrumb","itemListElement":[{"@type":"ListItem","position":1,"name":"Shop","item":"https:\/\/www.loewen-apotheke24.com\/de\/shop\/"},{"@type":"ListItem","position":2,"name":"Umckaloabo fl\u00fcssig 100 ml"}]},{"@type":"WebSite","@id":"https:\/\/www.loewen-apotheke24.com\/de\/#website","url":"https:\/\/www.loewen-apotheke24.com\/de\/","name":"L\u00f6wen Apotheke24","description":"Spezialist f\u00fcr Naturmedizin - Versandapotheke Baden-Baden","publisher":{"@id":"https:\/\/www.loewen-apotheke24.com\/de\/#organization"},"potentialAction":[{"@type":"SearchAction","target":{"@type":"EntryPoint","urlTemplate":"https:\/\/www.loewen-apotheke24.com\/de\/?s={search_term_string}"},"query-input":"required name=search_term_string"}],"inLanguage":"de"},{"@type":"Organization","@id":"https:\/\/www.loewen-apotheke24.com\/de\/#organization","name":"L\u00f6wen Apotheke","alternateName":"L\u00f6wen Apotheke","url":"https:\/\/www.loewen-apotheke24.com\/de\/","logo":{"@type":"ImageObject","inLanguage":"de","@id":"https:\/\/www.loewen-apotheke24.com\/de\/#\/schema\/logo\/image\/","url":"https:\/\/www.loewen-apotheke24.com\/wp-content\/uploads\/2024\/02\/Logo-Loewen-Apotheke-700x700-1.png","contentUrl":"https:\/\/www.loewen-apotheke24.com\/wp-content\/uploads\/2024\/02\/Logo-Loewen-Apotheke-700x700-1.png","width":700,"height":700,"caption":"L\u00f6wen Apotheke"},"image":{"@id":"https:\/\/www.loewen-apotheke24.com\/de\/#\/schema\/logo\/image\/"}}]}},"_links":{"self":[{"href":"https:\/\/www.loewen-apotheke24.com\/de\/wp-json\/wp\/v2\/product\/74720"}],"collection":[{"href":"https:\/\/www.loewen-apotheke24.com\/de\/wp-json\/wp\/v2\/product"}],"about":[{"href":"https:\/\/www.loewen-apotheke24.com\/de\/wp-json\/wp\/v2\/types\/product"}],"wp:featuredmedia":[{"embeddable":true,"href":"https:\/\/www.loewen-apotheke24.com\/de\/wp-json\/wp\/v2\/media\/103631"}],"wp:attachment":[{"href":"https:\/\/www.loewen-apotheke24.com\/de\/wp-json\/wp\/v2\/media?parent=74720"}],"wp:term":[{"taxonomy":"product_cat","embeddable":true,"href":"https:\/\/www.loewen-apotheke24.com\/de\/wp-json\/wp\/v2\/product_cat?post=74720"},{"taxonomy":"product_tag","embeddable":true,"href":"https:\/\/www.loewen-apotheke24.com\/de\/wp-json\/wp\/v2\/product_tag?post=74720"}],"curies":[{"name":"wp","href":"https:\/\/api.w.org\/{rel}","templated":true}]}}