{"id":755,"date":"2017-08-08T13:58:40","date_gmt":"2017-08-08T12:58:40","guid":{"rendered":"https:\/\/www.loewen-apotheke24.com\/?post_type=product&#038;p=755"},"modified":"2025-08-21T11:44:23","modified_gmt":"2025-08-21T10:44:23","slug":"neyfama-nr-60-d7-ampullen-5x2ml","status":"publish","type":"product","link":"https:\/\/www.loewen-apotheke24.com\/de\/shop\/vitorgan\/neyfama-nr-60-d7-ampullen-5x2ml\/","title":{"rendered":"Neyfama Nr.60 D7 Ampullen 5x2ml"},"content":{"rendered":"<h3 style=\"text-align: left;\">Neyfama Nr.60 D7 Ampullen 5x2ml<\/h3>\n<p>&#8222;Corpus luteum, Testes, Gland. supraren., Hepar, Lien, Pancreas, Mamma lact., glan parathyreoidea,. Thymus, Cor, Ren&#8220; &#8211; Neyfama Nr.60 D7 Ampullen.<\/p>\n<p>Die von vitOrgan zur biomolekularen Therapie angebotenen organhom\u00f6opathischen Pr\u00e4parate nutzen nat\u00fcrliche regulatorisch und metaboliscNeyfama Nr.60 D7 Ampullen 5x2mlh wirkende organische Substanzen, um aus dem Gleichgewicht geratene Prozesse physiologisch wieder zu normalisieren. Nach dem Prinzip \u201eHerz heilt Herz, Niere heilt Niere, Organ.<\/p>\n<p>Das umfangreiche Portfolio bietet hochwertige, registrierte Arzneimittel f\u00fcr die ganzheitliche Behandlung von Beschwerden von A wie Allergien bis Z wie Zirrhose. Erg\u00e4nzt wird das Angebot durch nat\u00fcrliche Kosmetika, Nahrungserg\u00e4nzungsmittel, Haarwuchsmittel sowie Bachbl\u00fcten-Organkomplexe unserer Tochterunternehmen Regena Ney und Innovapharm.<\/p>\n<p>Angaben vom Hersteller vitOrgan \u2013\u00a0<a href=\"https:\/\/vitorgan.de\/produkte\/nahrungsergaenzungspraeparate\/augennahrung\/\" target=\"_blank\" rel=\"noopener noreferrer\">zur Webseite<\/a><br \/>\nAndere Produkte von\u00a0<a href=\"https:\/\/www.loewen-apotheke24.com\/de\/product_cat\/vitorgan\/\">vitOrgan<\/a><\/p>\n<p>Zu Risiken und Nebenwirkungen lesen Sie die Packungsbeilage und fragen Sie Ihren Arzt oder Apotheker.<\/p>\n","protected":false},"excerpt":{"rendered":"<h3 style=\"text-align: left;\">Neyfama Nr.60 D7 Ampullen 5x2ml<\/h3>\n<p>&#8222;Corpus luteum, Testes, Gland. supraren., Hepar, Lien, Pancreas, Mamma lact., glan parathyreoidea,. Thymus, Cor, Ren&#8220;<\/p>\n<p><strong>PZN<\/strong>: 06487084 (Pharmazentralnummer)<\/p>\n<p><strong>Darreichungsform<\/strong>:\u00a0 Tropfen<\/p>\n<p><strong>Packungsgr\u00f6\u00dfe<\/strong>:\u00a0 5x2ml<\/p>\n<p><strong>Marke<\/strong>:\u00a0<a href=\"https:\/\/www.loewen-apotheke24.com\/de\/product_tag\/vitorgan\/\">vitorgan<\/a><\/p>\n<p><strong>Hersteller<\/strong>: vitOrgan GmbH &amp; Co.KG<\/p>\n","protected":false},"featured_media":4479,"template":"","meta":[],"product_cat":[12],"product_tag":[96,97],"yoast_head":"<!-- This site is optimized with the Yoast SEO Premium plugin v21.0 (Yoast SEO v21.0) - https:\/\/yoast.com\/wordpress\/plugins\/seo\/ -->\n<title>Neyfama Nr.60 D7 Ampullen 5x2ml - L\u00f6wen Apotheke24<\/title>\n<meta name=\"description\" content=\"L\u00f6wen Apotheke24 aus Baden-Baden, DE - kurze Lieferzeit - gratis Lieferung ab 30 \u20ac - Spezialist f\u00fcr Naturheilkunde - Neyfama Nr.60 D7 Ampullen 5x2ml\" \/>\n<meta name=\"robots\" content=\"index, follow, max-snippet:-1, max-image-preview:large, max-video-preview:-1\" \/>\n<link rel=\"canonical\" href=\"https:\/\/www.loewen-apotheke24.com\/de\/shop\/vitorgan\/neyfama-nr-60-d7-ampullen-5x2ml\/\" \/>\n<meta property=\"og:locale\" content=\"de_DE\" \/>\n<meta property=\"og:type\" content=\"article\" \/>\n<meta property=\"og:title\" content=\"Neyfama Nr.60 D7 Ampullen 5x2ml - L\u00f6wen Apotheke24\" \/>\n<meta property=\"og:description\" content=\"L\u00f6wen Apotheke24 aus Baden-Baden, DE - kurze Lieferzeit - gratis Lieferung ab 30 \u20ac - Spezialist f\u00fcr Naturheilkunde - Neyfama Nr.60 D7 Ampullen 5x2ml\" \/>\n<meta property=\"og:url\" content=\"https:\/\/www.loewen-apotheke24.com\/de\/shop\/vitorgan\/neyfama-nr-60-d7-ampullen-5x2ml\/\" \/>\n<meta property=\"og:site_name\" content=\"L\u00f6wen Apotheke24\" \/>\n<meta property=\"article:modified_time\" content=\"2025-08-21T10:44:23+00:00\" \/>\n<meta property=\"og:image\" content=\"https:\/\/www.loewen-apotheke24.com\/wp-content\/uploads\/2017\/08\/51_60_D7.jpg\" \/>\n\t<meta property=\"og:image:width\" content=\"1920\" \/>\n\t<meta property=\"og:image:height\" content=\"1280\" \/>\n\t<meta property=\"og:image:type\" content=\"image\/jpeg\" \/>\n<meta name=\"twitter:card\" content=\"summary_large_image\" \/>\n<meta name=\"twitter:label1\" content=\"Gesch\u00e4tzte Lesezeit\" \/>\n\t<meta name=\"twitter:data1\" content=\"1\u00a0Minute\" \/>\n<script type=\"application\/ld+json\" class=\"yoast-schema-graph\">{\"@context\":\"https:\/\/schema.org\",\"@graph\":[{\"@type\":\"WebPage\",\"@id\":\"https:\/\/www.loewen-apotheke24.com\/de\/shop\/vitorgan\/neyfama-nr-60-d7-ampullen-5x2ml\/\",\"url\":\"https:\/\/www.loewen-apotheke24.com\/de\/shop\/vitorgan\/neyfama-nr-60-d7-ampullen-5x2ml\/\",\"name\":\"Neyfama Nr.60 D7 Ampullen 5x2ml - L\u00f6wen Apotheke24\",\"isPartOf\":{\"@id\":\"https:\/\/www.loewen-apotheke24.com\/de\/#website\"},\"datePublished\":\"2017-08-08T12:58:40+00:00\",\"dateModified\":\"2025-08-21T10:44:23+00:00\",\"description\":\"L\u00f6wen Apotheke24 aus Baden-Baden, DE - kurze Lieferzeit - gratis Lieferung ab 30 \u20ac - Spezialist f\u00fcr Naturheilkunde - Neyfama Nr.60 D7 Ampullen 5x2ml\",\"breadcrumb\":{\"@id\":\"https:\/\/www.loewen-apotheke24.com\/de\/shop\/vitorgan\/neyfama-nr-60-d7-ampullen-5x2ml\/#breadcrumb\"},\"inLanguage\":\"de\",\"potentialAction\":[{\"@type\":\"ReadAction\",\"target\":[\"https:\/\/www.loewen-apotheke24.com\/de\/shop\/vitorgan\/neyfama-nr-60-d7-ampullen-5x2ml\/\"]}]},{\"@type\":\"BreadcrumbList\",\"@id\":\"https:\/\/www.loewen-apotheke24.com\/de\/shop\/vitorgan\/neyfama-nr-60-d7-ampullen-5x2ml\/#breadcrumb\",\"itemListElement\":[{\"@type\":\"ListItem\",\"position\":1,\"name\":\"Shop\",\"item\":\"https:\/\/www.loewen-apotheke24.com\/de\/shop\/\"},{\"@type\":\"ListItem\",\"position\":2,\"name\":\"Neyfama Nr.60 D7 Ampullen 5x2ml\"}]},{\"@type\":\"WebSite\",\"@id\":\"https:\/\/www.loewen-apotheke24.com\/de\/#website\",\"url\":\"https:\/\/www.loewen-apotheke24.com\/de\/\",\"name\":\"L\u00f6wen Apotheke24\",\"description\":\"Spezialist f\u00fcr Naturmedizin - Versandapotheke Baden-Baden\",\"publisher\":{\"@id\":\"https:\/\/www.loewen-apotheke24.com\/de\/#organization\"},\"potentialAction\":[{\"@type\":\"SearchAction\",\"target\":{\"@type\":\"EntryPoint\",\"urlTemplate\":\"https:\/\/www.loewen-apotheke24.com\/de\/?s={search_term_string}\"},\"query-input\":\"required name=search_term_string\"}],\"inLanguage\":\"de\"},{\"@type\":\"Organization\",\"@id\":\"https:\/\/www.loewen-apotheke24.com\/de\/#organization\",\"name\":\"L\u00f6wen Apotheke\",\"alternateName\":\"L\u00f6wen Apotheke\",\"url\":\"https:\/\/www.loewen-apotheke24.com\/de\/\",\"logo\":{\"@type\":\"ImageObject\",\"inLanguage\":\"de\",\"@id\":\"https:\/\/www.loewen-apotheke24.com\/de\/#\/schema\/logo\/image\/\",\"url\":\"https:\/\/www.loewen-apotheke24.com\/wp-content\/uploads\/2024\/02\/Logo-Loewen-Apotheke-700x700-1.png\",\"contentUrl\":\"https:\/\/www.loewen-apotheke24.com\/wp-content\/uploads\/2024\/02\/Logo-Loewen-Apotheke-700x700-1.png\",\"width\":700,\"height\":700,\"caption\":\"L\u00f6wen Apotheke\"},\"image\":{\"@id\":\"https:\/\/www.loewen-apotheke24.com\/de\/#\/schema\/logo\/image\/\"}}]}<\/script>\n<!-- \/ Yoast SEO Premium plugin. -->","yoast_head_json":{"title":"Neyfama Nr.60 D7 Ampullen 5x2ml - L\u00f6wen Apotheke24","description":"L\u00f6wen Apotheke24 aus Baden-Baden, DE - kurze Lieferzeit - gratis Lieferung ab 30 \u20ac - Spezialist f\u00fcr Naturheilkunde - Neyfama Nr.60 D7 Ampullen 5x2ml","robots":{"index":"index","follow":"follow","max-snippet":"max-snippet:-1","max-image-preview":"max-image-preview:large","max-video-preview":"max-video-preview:-1"},"canonical":"https:\/\/www.loewen-apotheke24.com\/de\/shop\/vitorgan\/neyfama-nr-60-d7-ampullen-5x2ml\/","og_locale":"de_DE","og_type":"article","og_title":"Neyfama Nr.60 D7 Ampullen 5x2ml - L\u00f6wen Apotheke24","og_description":"L\u00f6wen Apotheke24 aus Baden-Baden, DE - kurze Lieferzeit - gratis Lieferung ab 30 \u20ac - Spezialist f\u00fcr Naturheilkunde - Neyfama Nr.60 D7 Ampullen 5x2ml","og_url":"https:\/\/www.loewen-apotheke24.com\/de\/shop\/vitorgan\/neyfama-nr-60-d7-ampullen-5x2ml\/","og_site_name":"L\u00f6wen Apotheke24","article_modified_time":"2025-08-21T10:44:23+00:00","og_image":[{"width":1920,"height":1280,"url":"https:\/\/www.loewen-apotheke24.com\/wp-content\/uploads\/2017\/08\/51_60_D7.jpg","type":"image\/jpeg"}],"twitter_card":"summary_large_image","twitter_misc":{"Gesch\u00e4tzte Lesezeit":"1\u00a0Minute"},"schema":{"@context":"https:\/\/schema.org","@graph":[{"@type":"WebPage","@id":"https:\/\/www.loewen-apotheke24.com\/de\/shop\/vitorgan\/neyfama-nr-60-d7-ampullen-5x2ml\/","url":"https:\/\/www.loewen-apotheke24.com\/de\/shop\/vitorgan\/neyfama-nr-60-d7-ampullen-5x2ml\/","name":"Neyfama Nr.60 D7 Ampullen 5x2ml - L\u00f6wen Apotheke24","isPartOf":{"@id":"https:\/\/www.loewen-apotheke24.com\/de\/#website"},"datePublished":"2017-08-08T12:58:40+00:00","dateModified":"2025-08-21T10:44:23+00:00","description":"L\u00f6wen Apotheke24 aus Baden-Baden, DE - kurze Lieferzeit - gratis Lieferung ab 30 \u20ac - Spezialist f\u00fcr Naturheilkunde - Neyfama Nr.60 D7 Ampullen 5x2ml","breadcrumb":{"@id":"https:\/\/www.loewen-apotheke24.com\/de\/shop\/vitorgan\/neyfama-nr-60-d7-ampullen-5x2ml\/#breadcrumb"},"inLanguage":"de","potentialAction":[{"@type":"ReadAction","target":["https:\/\/www.loewen-apotheke24.com\/de\/shop\/vitorgan\/neyfama-nr-60-d7-ampullen-5x2ml\/"]}]},{"@type":"BreadcrumbList","@id":"https:\/\/www.loewen-apotheke24.com\/de\/shop\/vitorgan\/neyfama-nr-60-d7-ampullen-5x2ml\/#breadcrumb","itemListElement":[{"@type":"ListItem","position":1,"name":"Shop","item":"https:\/\/www.loewen-apotheke24.com\/de\/shop\/"},{"@type":"ListItem","position":2,"name":"Neyfama Nr.60 D7 Ampullen 5x2ml"}]},{"@type":"WebSite","@id":"https:\/\/www.loewen-apotheke24.com\/de\/#website","url":"https:\/\/www.loewen-apotheke24.com\/de\/","name":"L\u00f6wen Apotheke24","description":"Spezialist f\u00fcr Naturmedizin - Versandapotheke Baden-Baden","publisher":{"@id":"https:\/\/www.loewen-apotheke24.com\/de\/#organization"},"potentialAction":[{"@type":"SearchAction","target":{"@type":"EntryPoint","urlTemplate":"https:\/\/www.loewen-apotheke24.com\/de\/?s={search_term_string}"},"query-input":"required name=search_term_string"}],"inLanguage":"de"},{"@type":"Organization","@id":"https:\/\/www.loewen-apotheke24.com\/de\/#organization","name":"L\u00f6wen Apotheke","alternateName":"L\u00f6wen Apotheke","url":"https:\/\/www.loewen-apotheke24.com\/de\/","logo":{"@type":"ImageObject","inLanguage":"de","@id":"https:\/\/www.loewen-apotheke24.com\/de\/#\/schema\/logo\/image\/","url":"https:\/\/www.loewen-apotheke24.com\/wp-content\/uploads\/2024\/02\/Logo-Loewen-Apotheke-700x700-1.png","contentUrl":"https:\/\/www.loewen-apotheke24.com\/wp-content\/uploads\/2024\/02\/Logo-Loewen-Apotheke-700x700-1.png","width":700,"height":700,"caption":"L\u00f6wen Apotheke"},"image":{"@id":"https:\/\/www.loewen-apotheke24.com\/de\/#\/schema\/logo\/image\/"}}]}},"_links":{"self":[{"href":"https:\/\/www.loewen-apotheke24.com\/de\/wp-json\/wp\/v2\/product\/755"}],"collection":[{"href":"https:\/\/www.loewen-apotheke24.com\/de\/wp-json\/wp\/v2\/product"}],"about":[{"href":"https:\/\/www.loewen-apotheke24.com\/de\/wp-json\/wp\/v2\/types\/product"}],"wp:featuredmedia":[{"embeddable":true,"href":"https:\/\/www.loewen-apotheke24.com\/de\/wp-json\/wp\/v2\/media\/4479"}],"wp:attachment":[{"href":"https:\/\/www.loewen-apotheke24.com\/de\/wp-json\/wp\/v2\/media?parent=755"}],"wp:term":[{"taxonomy":"product_cat","embeddable":true,"href":"https:\/\/www.loewen-apotheke24.com\/de\/wp-json\/wp\/v2\/product_cat?post=755"},{"taxonomy":"product_tag","embeddable":true,"href":"https:\/\/www.loewen-apotheke24.com\/de\/wp-json\/wp\/v2\/product_tag?post=755"}],"curies":[{"name":"wp","href":"https:\/\/api.w.org\/{rel}","templated":true}]}}