{"id":76705,"date":"2023-10-14T05:04:25","date_gmt":"2023-10-14T04:04:25","guid":{"rendered":"https:\/\/www.loewen-apotheke24.com\/?post_type=product&#038;p=76705"},"modified":"2025-05-07T14:32:26","modified_gmt":"2025-05-07T13:32:26","slug":"carmenthin-bei-verdauungsstoerungen-10327618","status":"publish","type":"product","link":"https:\/\/www.loewen-apotheke24.com\/de\/shop\/angebot\/carmenthin-bei-verdauungsstoerungen-10327618\/","title":{"rendered":"Carmenthin bei Verdauungsst\u00f6rungen"},"content":{"rendered":"<h3 style=\"text-align: left;\">Carmenthin Weichkapseln 42 St.<\/h3>\n<p>Carmenthin wirkt bei Bauchkr\u00e4mpfen, Bl\u00e4hungen und V\u00f6llegef\u00fchl.<\/p>\n<p>Ob Bl\u00e4hungen oder V\u00f6llegef\u00fchl, Bl\u00e4hbauch oder Bauchschmerzen: Magen-Darm-Probleme geh\u00f6ren zu den h\u00e4ufigsten Alltagsbeschwerden. Im Berufs- und Familienalltag geht es meist hektisch zu. Oft wird nebenbei gegessen und auf fett- und zuckerreichen Fastfood-Mahlzeiten zur\u00fcckgegriffen. Wenn dann auch noch Erfolgs- und Termindruck und zu wenig Bewegung hinzukommen, schl\u00e4gt uns der Alltag h\u00e4ufig auf Magen und Darm. Die Folgen sind Verdauungsbeschwerden wie Bl\u00e4hungen, V\u00f6llegef\u00fchl oder Bauchschmerzen.<\/p>\n<p>Weitere Produktdetails zu Carmenthin Weichkapseln finden Sie beim Hersteller: <a href=\"https:\/\/www.carmenthin.de\" target=\"_blank\" rel=\"noopener\">Dr. Willmar Schwabe GmbH &amp; Co. KG<\/a><\/p>\n<p>Andere Kunden interessierten sich auch f\u00fcr Produkte zum Thema: <a href=\"https:\/\/www.loewen-apotheke24.com\/de\/product_tag\/blaehungen\/\">Verdauung, Bl\u00e4hungen<\/a> |\u00a0 <a href=\"https:\/\/www.loewen-apotheke24.com\/de\/product_tag\/reiseapotheke\/\">Reiseapotheke\u00a0<\/a><\/p>\n<p>Informationen auf dieser Website werden ausschlie\u00dflich f\u00fcr informative Zwecke zur Verf\u00fcgung gestellt. Sie ersetzen keinesfalls die Untersuchung und Behandlung durch einen Arzt. Bitte beachten Sie, dass hierdurch weder Diagnosen gestellt noch Therapien eingeleitet werden k\u00f6nnen.<\/p>\n<p>Zu Risiken und Nebenwirkungen lesen Sie die Packungsbeilage und fragen Sie Ihren Arzt oder Apotheker.<\/p>\n","protected":false},"excerpt":{"rendered":"<h2>Carmenthin Weichkapseln 42 St.<\/h2>\n<p>Carmenthin\u00ae wirkt bei Bauchkr\u00e4mpfen, Bl\u00e4hungen und V\u00f6llegef\u00fchl<\/p>\n<p><strong>PZN<\/strong>: 10327618 (Pharmazentralnummer)<\/p>\n<p><strong>Darreichungsform<\/strong>: Kapseln<\/p>\n<p><strong>Verordnungsart<\/strong>: Rezeptfrei<\/p>\n<p><strong>Hersteller<\/strong>: Dr. Willmar Schwabe GmbH &amp; Co. KG<\/p>\n<p><strong>Packungsgr\u00f6\u00dfe<\/strong>: 42 St.<\/p>\n","protected":false},"featured_media":103186,"template":"","meta":[],"product_cat":[13,358,43],"product_tag":[257,170,360,933],"yoast_head":"<!-- This site is optimized with the Yoast SEO Premium plugin v21.0 (Yoast SEO v21.0) - https:\/\/yoast.com\/wordpress\/plugins\/seo\/ -->\n<title>Carmenthin bei Verdauungsst\u00f6rungen - L\u00f6wen Apotheke24 - g\u00fcnstig kaufen<\/title>\n<meta name=\"description\" content=\"Ihr Spezialist f\u00fcr Naturheilkunde. Kurze Lieferzeit und gratis Lieferung ab 30 \u20ac - Dr. Schabe; Carmenthin Weichkapseln. Bei Verdauungsst\u00f6rungen\" \/>\n<meta name=\"robots\" content=\"index, follow, max-snippet:-1, max-image-preview:large, max-video-preview:-1\" \/>\n<link rel=\"canonical\" href=\"https:\/\/www.loewen-apotheke24.com\/de\/shop\/angebot\/carmenthin-bei-verdauungsstoerungen-10327618\/\" \/>\n<meta property=\"og:locale\" content=\"de_DE\" \/>\n<meta property=\"og:type\" content=\"article\" \/>\n<meta property=\"og:title\" content=\"Carmenthin bei Verdauungsst\u00f6rungen - L\u00f6wen Apotheke24 - g\u00fcnstig kaufen\" \/>\n<meta property=\"og:description\" content=\"Ihr Spezialist f\u00fcr Naturheilkunde. Kurze Lieferzeit und gratis Lieferung ab 30 \u20ac - Dr. Schabe; Carmenthin Weichkapseln. Bei Verdauungsst\u00f6rungen\" \/>\n<meta property=\"og:url\" content=\"https:\/\/www.loewen-apotheke24.com\/de\/shop\/angebot\/carmenthin-bei-verdauungsstoerungen-10327618\/\" \/>\n<meta property=\"og:site_name\" content=\"L\u00f6wen Apotheke24\" \/>\n<meta property=\"article:modified_time\" content=\"2025-05-07T13:32:26+00:00\" \/>\n<meta property=\"og:image\" content=\"https:\/\/www.loewen-apotheke24.com\/wp-content\/uploads\/2023\/10\/Carmenthin-Verdauung-Blaehungen-Dr-W-Schabe-PZN-10327618-Loewen-Apotheke24.webp\" \/>\n\t<meta property=\"og:image:width\" content=\"600\" \/>\n\t<meta property=\"og:image:height\" content=\"600\" \/>\n\t<meta property=\"og:image:type\" content=\"image\/webp\" \/>\n<meta name=\"twitter:card\" content=\"summary_large_image\" \/>\n<meta name=\"twitter:label1\" content=\"Gesch\u00e4tzte Lesezeit\" \/>\n\t<meta name=\"twitter:data1\" content=\"1\u00a0Minute\" \/>\n<script type=\"application\/ld+json\" class=\"yoast-schema-graph\">{\"@context\":\"https:\/\/schema.org\",\"@graph\":[{\"@type\":\"WebPage\",\"@id\":\"https:\/\/www.loewen-apotheke24.com\/de\/shop\/angebot\/carmenthin-bei-verdauungsstoerungen-10327618\/\",\"url\":\"https:\/\/www.loewen-apotheke24.com\/de\/shop\/angebot\/carmenthin-bei-verdauungsstoerungen-10327618\/\",\"name\":\"Carmenthin bei Verdauungsst\u00f6rungen - L\u00f6wen Apotheke24 - g\u00fcnstig kaufen\",\"isPartOf\":{\"@id\":\"https:\/\/www.loewen-apotheke24.com\/de\/#website\"},\"datePublished\":\"2023-10-14T04:04:25+00:00\",\"dateModified\":\"2025-05-07T13:32:26+00:00\",\"description\":\"Ihr Spezialist f\u00fcr Naturheilkunde. Kurze Lieferzeit und gratis Lieferung ab 30 \u20ac - Dr. Schabe; Carmenthin Weichkapseln. Bei Verdauungsst\u00f6rungen\",\"breadcrumb\":{\"@id\":\"https:\/\/www.loewen-apotheke24.com\/de\/shop\/angebot\/carmenthin-bei-verdauungsstoerungen-10327618\/#breadcrumb\"},\"inLanguage\":\"de\",\"potentialAction\":[{\"@type\":\"ReadAction\",\"target\":[\"https:\/\/www.loewen-apotheke24.com\/de\/shop\/angebot\/carmenthin-bei-verdauungsstoerungen-10327618\/\"]}]},{\"@type\":\"BreadcrumbList\",\"@id\":\"https:\/\/www.loewen-apotheke24.com\/de\/shop\/angebot\/carmenthin-bei-verdauungsstoerungen-10327618\/#breadcrumb\",\"itemListElement\":[{\"@type\":\"ListItem\",\"position\":1,\"name\":\"Shop\",\"item\":\"https:\/\/www.loewen-apotheke24.com\/de\/shop\/\"},{\"@type\":\"ListItem\",\"position\":2,\"name\":\"Carmenthin bei Verdauungsst\u00f6rungen\"}]},{\"@type\":\"WebSite\",\"@id\":\"https:\/\/www.loewen-apotheke24.com\/de\/#website\",\"url\":\"https:\/\/www.loewen-apotheke24.com\/de\/\",\"name\":\"L\u00f6wen Apotheke24\",\"description\":\"Spezialist f\u00fcr Naturmedizin - Versandapotheke Baden-Baden\",\"publisher\":{\"@id\":\"https:\/\/www.loewen-apotheke24.com\/de\/#organization\"},\"potentialAction\":[{\"@type\":\"SearchAction\",\"target\":{\"@type\":\"EntryPoint\",\"urlTemplate\":\"https:\/\/www.loewen-apotheke24.com\/de\/?s={search_term_string}\"},\"query-input\":\"required name=search_term_string\"}],\"inLanguage\":\"de\"},{\"@type\":\"Organization\",\"@id\":\"https:\/\/www.loewen-apotheke24.com\/de\/#organization\",\"name\":\"L\u00f6wen Apotheke\",\"alternateName\":\"L\u00f6wen Apotheke\",\"url\":\"https:\/\/www.loewen-apotheke24.com\/de\/\",\"logo\":{\"@type\":\"ImageObject\",\"inLanguage\":\"de\",\"@id\":\"https:\/\/www.loewen-apotheke24.com\/de\/#\/schema\/logo\/image\/\",\"url\":\"https:\/\/www.loewen-apotheke24.com\/wp-content\/uploads\/2024\/02\/Logo-Loewen-Apotheke-700x700-1.png\",\"contentUrl\":\"https:\/\/www.loewen-apotheke24.com\/wp-content\/uploads\/2024\/02\/Logo-Loewen-Apotheke-700x700-1.png\",\"width\":700,\"height\":700,\"caption\":\"L\u00f6wen Apotheke\"},\"image\":{\"@id\":\"https:\/\/www.loewen-apotheke24.com\/de\/#\/schema\/logo\/image\/\"}}]}<\/script>\n<!-- \/ Yoast SEO Premium plugin. -->","yoast_head_json":{"title":"Carmenthin bei Verdauungsst\u00f6rungen - L\u00f6wen Apotheke24 - g\u00fcnstig kaufen","description":"Ihr Spezialist f\u00fcr Naturheilkunde. Kurze Lieferzeit und gratis Lieferung ab 30 \u20ac - Dr. Schabe; Carmenthin Weichkapseln. Bei Verdauungsst\u00f6rungen","robots":{"index":"index","follow":"follow","max-snippet":"max-snippet:-1","max-image-preview":"max-image-preview:large","max-video-preview":"max-video-preview:-1"},"canonical":"https:\/\/www.loewen-apotheke24.com\/de\/shop\/angebot\/carmenthin-bei-verdauungsstoerungen-10327618\/","og_locale":"de_DE","og_type":"article","og_title":"Carmenthin bei Verdauungsst\u00f6rungen - L\u00f6wen Apotheke24 - g\u00fcnstig kaufen","og_description":"Ihr Spezialist f\u00fcr Naturheilkunde. Kurze Lieferzeit und gratis Lieferung ab 30 \u20ac - Dr. Schabe; Carmenthin Weichkapseln. Bei Verdauungsst\u00f6rungen","og_url":"https:\/\/www.loewen-apotheke24.com\/de\/shop\/angebot\/carmenthin-bei-verdauungsstoerungen-10327618\/","og_site_name":"L\u00f6wen Apotheke24","article_modified_time":"2025-05-07T13:32:26+00:00","og_image":[{"width":600,"height":600,"url":"https:\/\/www.loewen-apotheke24.com\/wp-content\/uploads\/2023\/10\/Carmenthin-Verdauung-Blaehungen-Dr-W-Schabe-PZN-10327618-Loewen-Apotheke24.webp","type":"image\/webp"}],"twitter_card":"summary_large_image","twitter_misc":{"Gesch\u00e4tzte Lesezeit":"1\u00a0Minute"},"schema":{"@context":"https:\/\/schema.org","@graph":[{"@type":"WebPage","@id":"https:\/\/www.loewen-apotheke24.com\/de\/shop\/angebot\/carmenthin-bei-verdauungsstoerungen-10327618\/","url":"https:\/\/www.loewen-apotheke24.com\/de\/shop\/angebot\/carmenthin-bei-verdauungsstoerungen-10327618\/","name":"Carmenthin bei Verdauungsst\u00f6rungen - L\u00f6wen Apotheke24 - g\u00fcnstig kaufen","isPartOf":{"@id":"https:\/\/www.loewen-apotheke24.com\/de\/#website"},"datePublished":"2023-10-14T04:04:25+00:00","dateModified":"2025-05-07T13:32:26+00:00","description":"Ihr Spezialist f\u00fcr Naturheilkunde. Kurze Lieferzeit und gratis Lieferung ab 30 \u20ac - Dr. Schabe; Carmenthin Weichkapseln. Bei Verdauungsst\u00f6rungen","breadcrumb":{"@id":"https:\/\/www.loewen-apotheke24.com\/de\/shop\/angebot\/carmenthin-bei-verdauungsstoerungen-10327618\/#breadcrumb"},"inLanguage":"de","potentialAction":[{"@type":"ReadAction","target":["https:\/\/www.loewen-apotheke24.com\/de\/shop\/angebot\/carmenthin-bei-verdauungsstoerungen-10327618\/"]}]},{"@type":"BreadcrumbList","@id":"https:\/\/www.loewen-apotheke24.com\/de\/shop\/angebot\/carmenthin-bei-verdauungsstoerungen-10327618\/#breadcrumb","itemListElement":[{"@type":"ListItem","position":1,"name":"Shop","item":"https:\/\/www.loewen-apotheke24.com\/de\/shop\/"},{"@type":"ListItem","position":2,"name":"Carmenthin bei Verdauungsst\u00f6rungen"}]},{"@type":"WebSite","@id":"https:\/\/www.loewen-apotheke24.com\/de\/#website","url":"https:\/\/www.loewen-apotheke24.com\/de\/","name":"L\u00f6wen Apotheke24","description":"Spezialist f\u00fcr Naturmedizin - Versandapotheke Baden-Baden","publisher":{"@id":"https:\/\/www.loewen-apotheke24.com\/de\/#organization"},"potentialAction":[{"@type":"SearchAction","target":{"@type":"EntryPoint","urlTemplate":"https:\/\/www.loewen-apotheke24.com\/de\/?s={search_term_string}"},"query-input":"required name=search_term_string"}],"inLanguage":"de"},{"@type":"Organization","@id":"https:\/\/www.loewen-apotheke24.com\/de\/#organization","name":"L\u00f6wen Apotheke","alternateName":"L\u00f6wen Apotheke","url":"https:\/\/www.loewen-apotheke24.com\/de\/","logo":{"@type":"ImageObject","inLanguage":"de","@id":"https:\/\/www.loewen-apotheke24.com\/de\/#\/schema\/logo\/image\/","url":"https:\/\/www.loewen-apotheke24.com\/wp-content\/uploads\/2024\/02\/Logo-Loewen-Apotheke-700x700-1.png","contentUrl":"https:\/\/www.loewen-apotheke24.com\/wp-content\/uploads\/2024\/02\/Logo-Loewen-Apotheke-700x700-1.png","width":700,"height":700,"caption":"L\u00f6wen Apotheke"},"image":{"@id":"https:\/\/www.loewen-apotheke24.com\/de\/#\/schema\/logo\/image\/"}}]}},"_links":{"self":[{"href":"https:\/\/www.loewen-apotheke24.com\/de\/wp-json\/wp\/v2\/product\/76705"}],"collection":[{"href":"https:\/\/www.loewen-apotheke24.com\/de\/wp-json\/wp\/v2\/product"}],"about":[{"href":"https:\/\/www.loewen-apotheke24.com\/de\/wp-json\/wp\/v2\/types\/product"}],"wp:featuredmedia":[{"embeddable":true,"href":"https:\/\/www.loewen-apotheke24.com\/de\/wp-json\/wp\/v2\/media\/103186"}],"wp:attachment":[{"href":"https:\/\/www.loewen-apotheke24.com\/de\/wp-json\/wp\/v2\/media?parent=76705"}],"wp:term":[{"taxonomy":"product_cat","embeddable":true,"href":"https:\/\/www.loewen-apotheke24.com\/de\/wp-json\/wp\/v2\/product_cat?post=76705"},{"taxonomy":"product_tag","embeddable":true,"href":"https:\/\/www.loewen-apotheke24.com\/de\/wp-json\/wp\/v2\/product_tag?post=76705"}],"curies":[{"name":"wp","href":"https:\/\/api.w.org\/{rel}","templated":true}]}}