{"id":799,"date":"2017-08-09T06:50:05","date_gmt":"2017-08-09T05:50:05","guid":{"rendered":"https:\/\/www.loewen-apotheke24.com\/?post_type=product&#038;p=799"},"modified":"2026-03-22T08:38:31","modified_gmt":"2026-03-22T07:38:31","slug":"allergostop-kit","status":"publish","type":"product","link":"https:\/\/www.loewen-apotheke24.com\/de\/shop\/vitorgan\/allergostop-kit\/","title":{"rendered":"Allergostop-Kit"},"content":{"rendered":"<h3 style=\"text-align: left;\">Allergostop-Kit<\/h3>\n<p>Allergostop-Kit wurde zur Behandlung von Patienten entwickelt, die nat\u00fcrliche Mittel gegen Allergien bevorzugen. Bei ALLERGOSTOP\u00ae handelt es sich um ein hom\u00f6opathisches Eigenblutprodukt, das auf dem Prinzip der Gegensensibilisierung nach Dr. Theurer basiert und sich die k\u00f6rpereigenen Abwehrkr\u00e4fte zunutze macht. Mit dem Verfahren lassen sich Allergiesymptome lindern und die allergischen Erkrankungen zugleich urs\u00e4chlich behandeln.<\/p>\n<p>Die Therapie eignet sich auch f\u00fcr Patienten, die Allergien schnell loswerden m\u00f6chten. Erste Verbesserungen treten in den meisten F\u00e4llen bereits nach zwei bis drei Behandlungen ein.<\/p>\n<p>Die hom\u00f6opathische Eigenblutbehandlung mit ALLERGOSTOP\u00ae ist gut vertr\u00e4glich und eignet sich f\u00fcr Menschen jeder Altersgruppe. Sie kann neben Allergien vom Soforttyp I auch bei verschiedenen Autoimmunerkrankungen eingesetzt werden.<\/p>\n<p><strong>Allergostop-Kit bestehend aus:<\/strong><\/p>\n<ul style=\"list-style-type: square;\">\n<li>1-mal Serumaktivator, 7ml<\/li>\n<li>11 Durchstechfl\u00e4schchen mit Wasser f\u00fcr Injektionszwecke (9,9 ml), sterile Vials<\/li>\n<li>2-mal Monovette (9ml) mit Monovetten-Kan\u00fcle<\/li>\n<li>1-mal Desinfektionsmittel auf Alkoholbasis, 50ml<\/li>\n<li>1-mal 3-ml-Spritze<\/li>\n<li>10-mal 1-ml-Spritzen mit Feinunterteilung<\/li>\n<li>1-mal Kan\u00fcle, 0,60 x 60mm<\/li>\n<li>Sterile Tupfer<\/li>\n<li>Etiketten zum Beschriften der Gef\u00e4\u00df-Vials<\/li>\n<li>Brosch\u00fcre mit Herstellanleitung<\/li>\n<\/ul>\n<p>Das umfangreiche Produkt-Portfolio von vitOrgan Arzneimittel bietet hochwertige, registrierte Arzneimittel f\u00fcr die ganzheitliche Behandlung von Beschwerden von A wie Allergien bis Z wie Zirrhose. Erg\u00e4nzt wird das Angebot durch nat\u00fcrliche Kosmetika, Nahrungserg\u00e4nzungsmittel, Haarwuchsmittel sowie Bachbl\u00fcten-Organkomplexe unserer Tochterunternehmen Regena Ney und Innovapharm.<\/p>\n<p>Angaben vom Hersteller vitOrgan &#8211; <a href=\"https:\/\/vitorgan.de\/produkte\/nahrungsergaenzungspraeparate\/augennahrung\/\" target=\"_blank\" rel=\"noopener noreferrer\">zur Webseite<\/a><br \/>\nAndere Produkte von <a href=\"https:\/\/www.loewen-apotheke24.com\/de\/product_cat\/vitorgan\/\">vitOrgan<\/a><\/p>\n<p>Zu Risiken und Nebenwirkungen lesen Sie die Packungsbeilage und fragen Sie Ihren Arzt oder Apotheker.<\/p>\n","protected":false},"excerpt":{"rendered":"<h2>Allergostop-Kit<\/h2>\n<p>Allergostop-Kit \u2013 ein hom\u00f6opathisches Eigenblutprodukt zur Behandlung von Soforttyp-Allergien und Autoimmunerkrankungen.<\/p>\n<p><strong>PZN<\/strong>: 11485182 (Pharmazentralnummer)<\/p>\n<p><strong>Packungsgr\u00f6\u00dfe<\/strong>:\u00a0 1 St<\/p>\n<p><strong>Marke<\/strong>:\u00a0<a href=\"https:\/\/www.loewen-apotheke24.com\/de\/product_tag\/vitorgan\/\">vitorgan<\/a><\/p>\n<p><strong>Hersteller<\/strong>: vitOrgan GmbH &amp; Co.KG<\/p>\n","protected":false},"featured_media":15259,"template":"","meta":[],"product_cat":[12],"product_tag":[383,103,96,97],"yoast_head":"<!-- This site is optimized with the Yoast SEO Premium plugin v21.0 (Yoast SEO v21.0) - https:\/\/yoast.com\/wordpress\/plugins\/seo\/ -->\n<title>Allergostop-Kit | L\u00f6wen Apotheke24 | g\u00fcnstig kaufen<\/title>\n<meta name=\"description\" content=\"Online-Apotheke - Spezialist f\u00fcr Naturheilkunde. Schnelle Lieferung, versandkostenfrei ab 30\u20ac. Weltweiter Versand. vitOrgan - Allergostop-Kit. Auf Lager\" \/>\n<meta name=\"robots\" content=\"index, follow, max-snippet:-1, max-image-preview:large, max-video-preview:-1\" \/>\n<link rel=\"canonical\" href=\"https:\/\/www.loewen-apotheke24.com\/de\/shop\/vitorgan\/allergostop-kit\/\" \/>\n<meta property=\"og:locale\" content=\"de_DE\" \/>\n<meta property=\"og:type\" content=\"article\" \/>\n<meta property=\"og:title\" content=\"Allergostop-Kit | L\u00f6wen Apotheke24 | g\u00fcnstig kaufen\" \/>\n<meta property=\"og:description\" content=\"Online-Apotheke - Spezialist f\u00fcr Naturheilkunde. Schnelle Lieferung, versandkostenfrei ab 30\u20ac. Weltweiter Versand. vitOrgan - Allergostop-Kit. Auf Lager\" \/>\n<meta property=\"og:url\" content=\"https:\/\/www.loewen-apotheke24.com\/de\/shop\/vitorgan\/allergostop-kit\/\" \/>\n<meta property=\"og:site_name\" content=\"L\u00f6wen Apotheke24\" \/>\n<meta property=\"article:modified_time\" content=\"2026-03-22T07:38:31+00:00\" \/>\n<meta property=\"og:image\" content=\"https:\/\/www.loewen-apotheke24.com\/wp-content\/uploads\/2017\/08\/Allergostop_Kit.jpg\" \/>\n\t<meta property=\"og:image:width\" content=\"800\" \/>\n\t<meta property=\"og:image:height\" content=\"566\" \/>\n\t<meta property=\"og:image:type\" content=\"image\/jpeg\" \/>\n<meta name=\"twitter:card\" content=\"summary_large_image\" \/>\n<meta name=\"twitter:label1\" content=\"Gesch\u00e4tzte Lesezeit\" \/>\n\t<meta name=\"twitter:data1\" content=\"2\u00a0Minuten\" \/>\n<script type=\"application\/ld+json\" class=\"yoast-schema-graph\">{\"@context\":\"https:\/\/schema.org\",\"@graph\":[{\"@type\":\"WebPage\",\"@id\":\"https:\/\/www.loewen-apotheke24.com\/de\/shop\/vitorgan\/allergostop-kit\/\",\"url\":\"https:\/\/www.loewen-apotheke24.com\/de\/shop\/vitorgan\/allergostop-kit\/\",\"name\":\"Allergostop-Kit | L\u00f6wen Apotheke24 | g\u00fcnstig kaufen\",\"isPartOf\":{\"@id\":\"https:\/\/www.loewen-apotheke24.com\/de\/#website\"},\"datePublished\":\"2017-08-09T05:50:05+00:00\",\"dateModified\":\"2026-03-22T07:38:31+00:00\",\"description\":\"Online-Apotheke - Spezialist f\u00fcr Naturheilkunde. Schnelle Lieferung, versandkostenfrei ab 30\u20ac. Weltweiter Versand. vitOrgan - Allergostop-Kit. Auf Lager\",\"breadcrumb\":{\"@id\":\"https:\/\/www.loewen-apotheke24.com\/de\/shop\/vitorgan\/allergostop-kit\/#breadcrumb\"},\"inLanguage\":\"de\",\"potentialAction\":[{\"@type\":\"ReadAction\",\"target\":[\"https:\/\/www.loewen-apotheke24.com\/de\/shop\/vitorgan\/allergostop-kit\/\"]}]},{\"@type\":\"BreadcrumbList\",\"@id\":\"https:\/\/www.loewen-apotheke24.com\/de\/shop\/vitorgan\/allergostop-kit\/#breadcrumb\",\"itemListElement\":[{\"@type\":\"ListItem\",\"position\":1,\"name\":\"Shop\",\"item\":\"https:\/\/www.loewen-apotheke24.com\/de\/shop\/\"},{\"@type\":\"ListItem\",\"position\":2,\"name\":\"Allergostop-Kit\"}]},{\"@type\":\"WebSite\",\"@id\":\"https:\/\/www.loewen-apotheke24.com\/de\/#website\",\"url\":\"https:\/\/www.loewen-apotheke24.com\/de\/\",\"name\":\"L\u00f6wen Apotheke24\",\"description\":\"Spezialist f\u00fcr Naturmedizin - Versandapotheke Baden-Baden\",\"publisher\":{\"@id\":\"https:\/\/www.loewen-apotheke24.com\/de\/#organization\"},\"potentialAction\":[{\"@type\":\"SearchAction\",\"target\":{\"@type\":\"EntryPoint\",\"urlTemplate\":\"https:\/\/www.loewen-apotheke24.com\/de\/?s={search_term_string}\"},\"query-input\":\"required name=search_term_string\"}],\"inLanguage\":\"de\"},{\"@type\":\"Organization\",\"@id\":\"https:\/\/www.loewen-apotheke24.com\/de\/#organization\",\"name\":\"L\u00f6wen Apotheke\",\"alternateName\":\"L\u00f6wen Apotheke\",\"url\":\"https:\/\/www.loewen-apotheke24.com\/de\/\",\"logo\":{\"@type\":\"ImageObject\",\"inLanguage\":\"de\",\"@id\":\"https:\/\/www.loewen-apotheke24.com\/de\/#\/schema\/logo\/image\/\",\"url\":\"https:\/\/www.loewen-apotheke24.com\/wp-content\/uploads\/2024\/02\/Logo-Loewen-Apotheke-700x700-1.png\",\"contentUrl\":\"https:\/\/www.loewen-apotheke24.com\/wp-content\/uploads\/2024\/02\/Logo-Loewen-Apotheke-700x700-1.png\",\"width\":700,\"height\":700,\"caption\":\"L\u00f6wen Apotheke\"},\"image\":{\"@id\":\"https:\/\/www.loewen-apotheke24.com\/de\/#\/schema\/logo\/image\/\"}}]}<\/script>\n<!-- \/ Yoast SEO Premium plugin. -->","yoast_head_json":{"title":"Allergostop-Kit | L\u00f6wen Apotheke24 | g\u00fcnstig kaufen","description":"Online-Apotheke - Spezialist f\u00fcr Naturheilkunde. Schnelle Lieferung, versandkostenfrei ab 30\u20ac. Weltweiter Versand. vitOrgan - Allergostop-Kit. Auf Lager","robots":{"index":"index","follow":"follow","max-snippet":"max-snippet:-1","max-image-preview":"max-image-preview:large","max-video-preview":"max-video-preview:-1"},"canonical":"https:\/\/www.loewen-apotheke24.com\/de\/shop\/vitorgan\/allergostop-kit\/","og_locale":"de_DE","og_type":"article","og_title":"Allergostop-Kit | L\u00f6wen Apotheke24 | g\u00fcnstig kaufen","og_description":"Online-Apotheke - Spezialist f\u00fcr Naturheilkunde. Schnelle Lieferung, versandkostenfrei ab 30\u20ac. Weltweiter Versand. vitOrgan - Allergostop-Kit. Auf Lager","og_url":"https:\/\/www.loewen-apotheke24.com\/de\/shop\/vitorgan\/allergostop-kit\/","og_site_name":"L\u00f6wen Apotheke24","article_modified_time":"2026-03-22T07:38:31+00:00","og_image":[{"width":800,"height":566,"url":"https:\/\/www.loewen-apotheke24.com\/wp-content\/uploads\/2017\/08\/Allergostop_Kit.jpg","type":"image\/jpeg"}],"twitter_card":"summary_large_image","twitter_misc":{"Gesch\u00e4tzte Lesezeit":"2\u00a0Minuten"},"schema":{"@context":"https:\/\/schema.org","@graph":[{"@type":"WebPage","@id":"https:\/\/www.loewen-apotheke24.com\/de\/shop\/vitorgan\/allergostop-kit\/","url":"https:\/\/www.loewen-apotheke24.com\/de\/shop\/vitorgan\/allergostop-kit\/","name":"Allergostop-Kit | L\u00f6wen Apotheke24 | g\u00fcnstig kaufen","isPartOf":{"@id":"https:\/\/www.loewen-apotheke24.com\/de\/#website"},"datePublished":"2017-08-09T05:50:05+00:00","dateModified":"2026-03-22T07:38:31+00:00","description":"Online-Apotheke - Spezialist f\u00fcr Naturheilkunde. Schnelle Lieferung, versandkostenfrei ab 30\u20ac. Weltweiter Versand. vitOrgan - Allergostop-Kit. Auf Lager","breadcrumb":{"@id":"https:\/\/www.loewen-apotheke24.com\/de\/shop\/vitorgan\/allergostop-kit\/#breadcrumb"},"inLanguage":"de","potentialAction":[{"@type":"ReadAction","target":["https:\/\/www.loewen-apotheke24.com\/de\/shop\/vitorgan\/allergostop-kit\/"]}]},{"@type":"BreadcrumbList","@id":"https:\/\/www.loewen-apotheke24.com\/de\/shop\/vitorgan\/allergostop-kit\/#breadcrumb","itemListElement":[{"@type":"ListItem","position":1,"name":"Shop","item":"https:\/\/www.loewen-apotheke24.com\/de\/shop\/"},{"@type":"ListItem","position":2,"name":"Allergostop-Kit"}]},{"@type":"WebSite","@id":"https:\/\/www.loewen-apotheke24.com\/de\/#website","url":"https:\/\/www.loewen-apotheke24.com\/de\/","name":"L\u00f6wen Apotheke24","description":"Spezialist f\u00fcr Naturmedizin - Versandapotheke Baden-Baden","publisher":{"@id":"https:\/\/www.loewen-apotheke24.com\/de\/#organization"},"potentialAction":[{"@type":"SearchAction","target":{"@type":"EntryPoint","urlTemplate":"https:\/\/www.loewen-apotheke24.com\/de\/?s={search_term_string}"},"query-input":"required name=search_term_string"}],"inLanguage":"de"},{"@type":"Organization","@id":"https:\/\/www.loewen-apotheke24.com\/de\/#organization","name":"L\u00f6wen Apotheke","alternateName":"L\u00f6wen Apotheke","url":"https:\/\/www.loewen-apotheke24.com\/de\/","logo":{"@type":"ImageObject","inLanguage":"de","@id":"https:\/\/www.loewen-apotheke24.com\/de\/#\/schema\/logo\/image\/","url":"https:\/\/www.loewen-apotheke24.com\/wp-content\/uploads\/2024\/02\/Logo-Loewen-Apotheke-700x700-1.png","contentUrl":"https:\/\/www.loewen-apotheke24.com\/wp-content\/uploads\/2024\/02\/Logo-Loewen-Apotheke-700x700-1.png","width":700,"height":700,"caption":"L\u00f6wen Apotheke"},"image":{"@id":"https:\/\/www.loewen-apotheke24.com\/de\/#\/schema\/logo\/image\/"}}]}},"_links":{"self":[{"href":"https:\/\/www.loewen-apotheke24.com\/de\/wp-json\/wp\/v2\/product\/799"}],"collection":[{"href":"https:\/\/www.loewen-apotheke24.com\/de\/wp-json\/wp\/v2\/product"}],"about":[{"href":"https:\/\/www.loewen-apotheke24.com\/de\/wp-json\/wp\/v2\/types\/product"}],"wp:featuredmedia":[{"embeddable":true,"href":"https:\/\/www.loewen-apotheke24.com\/de\/wp-json\/wp\/v2\/media\/15259"}],"wp:attachment":[{"href":"https:\/\/www.loewen-apotheke24.com\/de\/wp-json\/wp\/v2\/media?parent=799"}],"wp:term":[{"taxonomy":"product_cat","embeddable":true,"href":"https:\/\/www.loewen-apotheke24.com\/de\/wp-json\/wp\/v2\/product_cat?post=799"},{"taxonomy":"product_tag","embeddable":true,"href":"https:\/\/www.loewen-apotheke24.com\/de\/wp-json\/wp\/v2\/product_tag?post=799"}],"curies":[{"name":"wp","href":"https:\/\/api.w.org\/{rel}","templated":true}]}}