{"id":809,"date":"2017-08-09T08:21:32","date_gmt":"2017-08-09T07:21:32","guid":{"rendered":"https:\/\/www.loewen-apotheke24.com\/?post_type=product&#038;p=809"},"modified":"2025-09-10T15:05:22","modified_gmt":"2025-09-10T14:05:22","slug":"innovapharm-h-tropfen-15ml","status":"publish","type":"product","link":"https:\/\/www.loewen-apotheke24.com\/de\/shop\/vitorgan\/innovapharm-h-tropfen-15ml\/","title":{"rendered":"Innovapharm H Tropfen 15ml"},"content":{"rendered":"<h3 style=\"text-align: left;\">Innovapharm H Tropfen 15ml<\/h3>\n<p>&#8222;Bachbl\u00fcten mit Organextrakt&#8220; &#8211; Innovapharm H Tropfen.<\/p>\n<p>Die Tropfenmischungen des Hauses Innovapharm wurden von Dr. med. K. G. Theurer mit Bachbl\u00fcten und speziell aufbereiteten Organextrakten f\u00fcr die jeweiligen Gef\u00fchlssituationen zusammengestellt. Der speziell aufbereitete Organextrakt ist wohltuend f\u00fcr Herz, Leber, Nieren und den gesamten Organismus.<\/p>\n<p>Zum Prinzip:<br \/>\nDie Bachbl\u00fcten-Organkomplexe sprechen den &#8222;\u00e4therischen-feinstofflichen Leib&#8220; des Menschen an &#8211; die biomolekularen Organextrakte sprechen den &#8222;somatischen Leib&#8220; an, indem sie die involvierten Organe kr\u00e4ftigen.<\/p>\n<p>Angaben zu Innovapharm H vom Hersteller vitOrgan \u2013 <a href=\"https:\/\/vitorgan.de\/produkte\/nahrungsergaenzungspraeparate\/augennahrung\/\" target=\"_blank\" rel=\"noopener noreferrer\">zur Webseite<\/a><br \/>\nAndere Produkte von\u00a0<a href=\"https:\/\/www.loewen-apotheke24.com\/de\/product_cat\/vitorgan\/\">vitOrgan<\/a><\/p>\n<p>Zu Risiken und Nebenwirkungen lesen Sie die Packungsbeilage und fragen Sie Ihren Arzt oder Apotheker.<\/p>\n<p>DE: Bestelle in anderen Sprachen <a href=\"https:\/\/lions-pharmacy.com\/fr\/product-category\/vitorgan-fr\" target=\"_blank\" rel=\"noopener\">FR<\/a> | <a href=\"https:\/\/lions-pharmacy.com\/es\/categoria-producto\/vitorgan-es\" target=\"_blank\" rel=\"noopener\">ES<\/a> | <a href=\"https:\/\/lions-pharmacy.com\/it\/product-category\/vitorgan-it\" target=\"_blank\" rel=\"noopener\">IT<\/a> auf Lions-Pharmacy.com.<br \/>\nFR: Commande dans d&#8217;autres langues <a href=\"https:\/\/lions-pharmacy.com\/fr\/product-category\/vitorgan-fr\" target=\"_blank\" rel=\"noopener\">FR<\/a> | <a href=\"https:\/\/lions-pharmacy.com\/es\/categoria-producto\/vitorgan-es\" target=\"_blank\" rel=\"noopener\">ES<\/a> | <a href=\"https:\/\/lions-pharmacy.com\/it\/product-category\/vitorgan-it\" target=\"_blank\" rel=\"noopener\">IT<\/a> sur Lions-Pharmacy.com.<br \/>\nES: Pedido en otros idiomas <a href=\"https:\/\/lions-pharmacy.com\/fr\/product-category\/vitorgan-fr\" target=\"_blank\" rel=\"noopener\">FR<\/a> | <a href=\"https:\/\/lions-pharmacy.com\/es\/categoria-producto\/vitorgan-es\" target=\"_blank\" rel=\"noopener\">ES<\/a> | <a href=\"https:\/\/lions-pharmacy.com\/it\/product-category\/vitorgan-it\" target=\"_blank\" rel=\"noopener\">IT<\/a>\u00a0 en Lions-Pharmacy.com.<br \/>\nIT: Ordina in altre lingue <a href=\"https:\/\/lions-pharmacy.com\/fr\/product-category\/vitorgan-fr\" target=\"_blank\" rel=\"noopener\">FR<\/a> | <a href=\"https:\/\/lions-pharmacy.com\/es\/categoria-producto\/vitorgan-es\" target=\"_blank\" rel=\"noopener\">ES<\/a> | <a href=\"https:\/\/lions-pharmacy.com\/it\/product-category\/vitorgan-it\" target=\"_blank\" rel=\"noopener\">IT<\/a>\u00a0 su Lions-Pharmacy.com.<\/p>\n","protected":false},"excerpt":{"rendered":"<h2>Innovapharm H Tropfen 15ml<\/h2>\n<p>&#8222;Bachbl\u00fcten mit Organextrakt&#8220;<\/p>\n<p><strong>PZN<\/strong>: 10526269 (Pharmazentralnummer)<\/p>\n<p><strong>Darreichungsform<\/strong>:\u00a0 Tropfen<\/p>\n<p><strong>Packungsgr\u00f6\u00dfe<\/strong>:\u00a0 15ml<\/p>\n<p><strong>Marke<\/strong>:\u00a0<a href=\"https:\/\/www.loewen-apotheke24.com\/de\/product_tag\/vitorgan\/\">vitorgan<\/a><\/p>\n<p><strong>Hersteller<\/strong>: vitOrgan GmbH &amp; Co.KG<\/p>\n","protected":false},"featured_media":15258,"template":"","meta":[],"product_cat":[12],"product_tag":[105,104,97],"yoast_head":"<!-- This site is optimized with the Yoast SEO Premium plugin v21.0 (Yoast SEO v21.0) - https:\/\/yoast.com\/wordpress\/plugins\/seo\/ -->\n<title>Innovapharm H Tropfen 15ml bestellen | L\u00f6wen Apotheke24<\/title>\n<meta name=\"description\" content=\"L\u00f6wen Apotheke24 aus Baden-Baden, DE - kurze Lieferzeit - gratis Lieferung ab 30 \u20ac - Spezialist f\u00fcr Naturheilkunde - Innovapharm H Tropfen 15ml\" \/>\n<meta name=\"robots\" content=\"index, follow, max-snippet:-1, max-image-preview:large, max-video-preview:-1\" \/>\n<link rel=\"canonical\" href=\"https:\/\/www.loewen-apotheke24.com\/de\/shop\/vitorgan\/innovapharm-h-tropfen-15ml\/\" \/>\n<meta property=\"og:locale\" content=\"de_DE\" \/>\n<meta property=\"og:type\" content=\"article\" \/>\n<meta property=\"og:title\" content=\"Innovapharm H Tropfen 15ml bestellen | L\u00f6wen Apotheke24\" \/>\n<meta property=\"og:description\" content=\"L\u00f6wen Apotheke24 aus Baden-Baden, DE - kurze Lieferzeit - gratis Lieferung ab 30 \u20ac - Spezialist f\u00fcr Naturheilkunde - Innovapharm H Tropfen 15ml\" \/>\n<meta property=\"og:url\" content=\"https:\/\/www.loewen-apotheke24.com\/de\/shop\/vitorgan\/innovapharm-h-tropfen-15ml\/\" \/>\n<meta property=\"og:site_name\" content=\"L\u00f6wen Apotheke24\" \/>\n<meta property=\"article:modified_time\" content=\"2025-09-10T14:05:22+00:00\" \/>\n<meta property=\"og:image\" content=\"https:\/\/www.loewen-apotheke24.com\/wp-content\/uploads\/2017\/08\/h_tropfen.jpg\" \/>\n\t<meta property=\"og:image:width\" content=\"1000\" \/>\n\t<meta property=\"og:image:height\" content=\"1500\" \/>\n\t<meta property=\"og:image:type\" content=\"image\/jpeg\" \/>\n<meta name=\"twitter:card\" content=\"summary_large_image\" \/>\n<meta name=\"twitter:label1\" content=\"Gesch\u00e4tzte Lesezeit\" \/>\n\t<meta name=\"twitter:data1\" content=\"1\u00a0Minute\" \/>\n<script type=\"application\/ld+json\" class=\"yoast-schema-graph\">{\"@context\":\"https:\/\/schema.org\",\"@graph\":[{\"@type\":\"WebPage\",\"@id\":\"https:\/\/www.loewen-apotheke24.com\/de\/shop\/vitorgan\/innovapharm-h-tropfen-15ml\/\",\"url\":\"https:\/\/www.loewen-apotheke24.com\/de\/shop\/vitorgan\/innovapharm-h-tropfen-15ml\/\",\"name\":\"Innovapharm H Tropfen 15ml bestellen | L\u00f6wen Apotheke24\",\"isPartOf\":{\"@id\":\"https:\/\/www.loewen-apotheke24.com\/de\/#website\"},\"datePublished\":\"2017-08-09T07:21:32+00:00\",\"dateModified\":\"2025-09-10T14:05:22+00:00\",\"description\":\"L\u00f6wen Apotheke24 aus Baden-Baden, DE - kurze Lieferzeit - gratis Lieferung ab 30 \u20ac - Spezialist f\u00fcr Naturheilkunde - Innovapharm H Tropfen 15ml\",\"breadcrumb\":{\"@id\":\"https:\/\/www.loewen-apotheke24.com\/de\/shop\/vitorgan\/innovapharm-h-tropfen-15ml\/#breadcrumb\"},\"inLanguage\":\"de\",\"potentialAction\":[{\"@type\":\"ReadAction\",\"target\":[\"https:\/\/www.loewen-apotheke24.com\/de\/shop\/vitorgan\/innovapharm-h-tropfen-15ml\/\"]}]},{\"@type\":\"BreadcrumbList\",\"@id\":\"https:\/\/www.loewen-apotheke24.com\/de\/shop\/vitorgan\/innovapharm-h-tropfen-15ml\/#breadcrumb\",\"itemListElement\":[{\"@type\":\"ListItem\",\"position\":1,\"name\":\"Shop\",\"item\":\"https:\/\/www.loewen-apotheke24.com\/de\/shop\/\"},{\"@type\":\"ListItem\",\"position\":2,\"name\":\"Innovapharm H Tropfen 15ml\"}]},{\"@type\":\"WebSite\",\"@id\":\"https:\/\/www.loewen-apotheke24.com\/de\/#website\",\"url\":\"https:\/\/www.loewen-apotheke24.com\/de\/\",\"name\":\"L\u00f6wen Apotheke24\",\"description\":\"Spezialist f\u00fcr Naturmedizin - Versandapotheke Baden-Baden\",\"publisher\":{\"@id\":\"https:\/\/www.loewen-apotheke24.com\/de\/#organization\"},\"potentialAction\":[{\"@type\":\"SearchAction\",\"target\":{\"@type\":\"EntryPoint\",\"urlTemplate\":\"https:\/\/www.loewen-apotheke24.com\/de\/?s={search_term_string}\"},\"query-input\":\"required name=search_term_string\"}],\"inLanguage\":\"de\"},{\"@type\":\"Organization\",\"@id\":\"https:\/\/www.loewen-apotheke24.com\/de\/#organization\",\"name\":\"L\u00f6wen Apotheke\",\"alternateName\":\"L\u00f6wen Apotheke\",\"url\":\"https:\/\/www.loewen-apotheke24.com\/de\/\",\"logo\":{\"@type\":\"ImageObject\",\"inLanguage\":\"de\",\"@id\":\"https:\/\/www.loewen-apotheke24.com\/de\/#\/schema\/logo\/image\/\",\"url\":\"https:\/\/www.loewen-apotheke24.com\/wp-content\/uploads\/2024\/02\/Logo-Loewen-Apotheke-700x700-1.png\",\"contentUrl\":\"https:\/\/www.loewen-apotheke24.com\/wp-content\/uploads\/2024\/02\/Logo-Loewen-Apotheke-700x700-1.png\",\"width\":700,\"height\":700,\"caption\":\"L\u00f6wen Apotheke\"},\"image\":{\"@id\":\"https:\/\/www.loewen-apotheke24.com\/de\/#\/schema\/logo\/image\/\"}}]}<\/script>\n<!-- \/ Yoast SEO Premium plugin. -->","yoast_head_json":{"title":"Innovapharm H Tropfen 15ml bestellen | L\u00f6wen Apotheke24","description":"L\u00f6wen Apotheke24 aus Baden-Baden, DE - kurze Lieferzeit - gratis Lieferung ab 30 \u20ac - Spezialist f\u00fcr Naturheilkunde - Innovapharm H Tropfen 15ml","robots":{"index":"index","follow":"follow","max-snippet":"max-snippet:-1","max-image-preview":"max-image-preview:large","max-video-preview":"max-video-preview:-1"},"canonical":"https:\/\/www.loewen-apotheke24.com\/de\/shop\/vitorgan\/innovapharm-h-tropfen-15ml\/","og_locale":"de_DE","og_type":"article","og_title":"Innovapharm H Tropfen 15ml bestellen | L\u00f6wen Apotheke24","og_description":"L\u00f6wen Apotheke24 aus Baden-Baden, DE - kurze Lieferzeit - gratis Lieferung ab 30 \u20ac - Spezialist f\u00fcr Naturheilkunde - Innovapharm H Tropfen 15ml","og_url":"https:\/\/www.loewen-apotheke24.com\/de\/shop\/vitorgan\/innovapharm-h-tropfen-15ml\/","og_site_name":"L\u00f6wen Apotheke24","article_modified_time":"2025-09-10T14:05:22+00:00","og_image":[{"width":1000,"height":1500,"url":"https:\/\/www.loewen-apotheke24.com\/wp-content\/uploads\/2017\/08\/h_tropfen.jpg","type":"image\/jpeg"}],"twitter_card":"summary_large_image","twitter_misc":{"Gesch\u00e4tzte Lesezeit":"1\u00a0Minute"},"schema":{"@context":"https:\/\/schema.org","@graph":[{"@type":"WebPage","@id":"https:\/\/www.loewen-apotheke24.com\/de\/shop\/vitorgan\/innovapharm-h-tropfen-15ml\/","url":"https:\/\/www.loewen-apotheke24.com\/de\/shop\/vitorgan\/innovapharm-h-tropfen-15ml\/","name":"Innovapharm H Tropfen 15ml bestellen | L\u00f6wen Apotheke24","isPartOf":{"@id":"https:\/\/www.loewen-apotheke24.com\/de\/#website"},"datePublished":"2017-08-09T07:21:32+00:00","dateModified":"2025-09-10T14:05:22+00:00","description":"L\u00f6wen Apotheke24 aus Baden-Baden, DE - kurze Lieferzeit - gratis Lieferung ab 30 \u20ac - Spezialist f\u00fcr Naturheilkunde - Innovapharm H Tropfen 15ml","breadcrumb":{"@id":"https:\/\/www.loewen-apotheke24.com\/de\/shop\/vitorgan\/innovapharm-h-tropfen-15ml\/#breadcrumb"},"inLanguage":"de","potentialAction":[{"@type":"ReadAction","target":["https:\/\/www.loewen-apotheke24.com\/de\/shop\/vitorgan\/innovapharm-h-tropfen-15ml\/"]}]},{"@type":"BreadcrumbList","@id":"https:\/\/www.loewen-apotheke24.com\/de\/shop\/vitorgan\/innovapharm-h-tropfen-15ml\/#breadcrumb","itemListElement":[{"@type":"ListItem","position":1,"name":"Shop","item":"https:\/\/www.loewen-apotheke24.com\/de\/shop\/"},{"@type":"ListItem","position":2,"name":"Innovapharm H Tropfen 15ml"}]},{"@type":"WebSite","@id":"https:\/\/www.loewen-apotheke24.com\/de\/#website","url":"https:\/\/www.loewen-apotheke24.com\/de\/","name":"L\u00f6wen Apotheke24","description":"Spezialist f\u00fcr Naturmedizin - Versandapotheke Baden-Baden","publisher":{"@id":"https:\/\/www.loewen-apotheke24.com\/de\/#organization"},"potentialAction":[{"@type":"SearchAction","target":{"@type":"EntryPoint","urlTemplate":"https:\/\/www.loewen-apotheke24.com\/de\/?s={search_term_string}"},"query-input":"required name=search_term_string"}],"inLanguage":"de"},{"@type":"Organization","@id":"https:\/\/www.loewen-apotheke24.com\/de\/#organization","name":"L\u00f6wen Apotheke","alternateName":"L\u00f6wen Apotheke","url":"https:\/\/www.loewen-apotheke24.com\/de\/","logo":{"@type":"ImageObject","inLanguage":"de","@id":"https:\/\/www.loewen-apotheke24.com\/de\/#\/schema\/logo\/image\/","url":"https:\/\/www.loewen-apotheke24.com\/wp-content\/uploads\/2024\/02\/Logo-Loewen-Apotheke-700x700-1.png","contentUrl":"https:\/\/www.loewen-apotheke24.com\/wp-content\/uploads\/2024\/02\/Logo-Loewen-Apotheke-700x700-1.png","width":700,"height":700,"caption":"L\u00f6wen Apotheke"},"image":{"@id":"https:\/\/www.loewen-apotheke24.com\/de\/#\/schema\/logo\/image\/"}}]}},"_links":{"self":[{"href":"https:\/\/www.loewen-apotheke24.com\/de\/wp-json\/wp\/v2\/product\/809"}],"collection":[{"href":"https:\/\/www.loewen-apotheke24.com\/de\/wp-json\/wp\/v2\/product"}],"about":[{"href":"https:\/\/www.loewen-apotheke24.com\/de\/wp-json\/wp\/v2\/types\/product"}],"wp:featuredmedia":[{"embeddable":true,"href":"https:\/\/www.loewen-apotheke24.com\/de\/wp-json\/wp\/v2\/media\/15258"}],"wp:attachment":[{"href":"https:\/\/www.loewen-apotheke24.com\/de\/wp-json\/wp\/v2\/media?parent=809"}],"wp:term":[{"taxonomy":"product_cat","embeddable":true,"href":"https:\/\/www.loewen-apotheke24.com\/de\/wp-json\/wp\/v2\/product_cat?post=809"},{"taxonomy":"product_tag","embeddable":true,"href":"https:\/\/www.loewen-apotheke24.com\/de\/wp-json\/wp\/v2\/product_tag?post=809"}],"curies":[{"name":"wp","href":"https:\/\/api.w.org\/{rel}","templated":true}]}}