{"id":841,"date":"2017-08-08T13:43:30","date_gmt":"2017-08-08T12:43:30","guid":{"rendered":"https:\/\/www.loewen-apotheke24.com\/?post_type=product&#038;p=841"},"modified":"2026-03-25T05:53:26","modified_gmt":"2026-03-25T04:53:26","slug":"neyopon-nr-52-d7-10x5x2ml","status":"publish","type":"product","link":"https:\/\/www.loewen-apotheke24.com\/de\/shop\/vitorgan\/neyopon-nr-52-d7-10x5x2ml\/","title":{"rendered":"Neyopon Nr.52 D7 Klinikpackung Ampullen 10x5x2ml"},"content":{"rendered":"<h3 style=\"text-align: left;\">Neyopon Nr.52 D7 Klinikpackung Ampullen<\/h3>\n<p style=\"text-align: left;\">&#8222;Retina, Chorioidea, Nervus opticus&#8220; &#8211; Neyopon Nr.52 D7 Klinikpackung Ampullen.<\/p>\n<p style=\"text-align: left;\">Die von vitOrgan zur biomolekularen Therapie angebotenen organhom\u00f6opathischen Pr\u00e4parate nutzen nat\u00fcrliche regulatorisch und metabolisch wirkende organische Substanzen, um aus dem Gleichgewicht geratene Prozesse physiologisch wieder zu normalisieren. Nach dem Prinzip \u201eHerz heilt Herz, Niere heilt Niere, Organ heilt Organ\u201c gilt es, die Kraft geschw\u00e4chter Zellen durch gezielte Regulation zu wecken.<\/p>\n<p>Die Biomolekulare vitOrgan-Therapie ist eine Erfolgstherapie. Sie schl\u00e4gt die Br\u00fccke zwischen der so genannten Schulmedizin und den Naturheilverfahren. Dabei nutzt sie nutzt die nat\u00fcrlichen regulatorisch und metabolisch wirkenden Substanzen, die bei Mensch und Tier gleicherma\u00dfen vorhanden sind, um bei einer Krankheit aus dem Gleichgewicht geratene Prozesse physiologisch wieder zu normalisieren \u2013 und damit den Patienten nicht nur symptomatisch, sondern kausal zu behandeln. Nicht blockieren, sondern regulieren. Das ist das zentrale Prinzip der vitOrgan-Therapie, die durch ihre vernetzte und ganzheitliche Denkweise den Menschen in seiner Ganzheit behandelt.<\/p>\n<p style=\"text-align: left;\">Angaben vom Hersteller vitOrgan &#8211; <a href=\"https:\/\/vitorgan.de\/produkte\/nahrungsergaenzungspraeparate\/augennahrung\/\" target=\"_blank\" rel=\"noopener noreferrer\">zur Webseite<\/a><br \/>\nAndere Produkte von <a href=\"https:\/\/www.loewen-apotheke24.com\/de\/product_cat\/vitorgan\/\">vitOrgan<\/a><\/p>\n<p style=\"text-align: left;\">Zu Risiken und Nebenwirkungen lesen Sie die Packungsbeilage und fragen Sie Ihren Arzt oder Apotheker.<\/p>\n","protected":false},"excerpt":{"rendered":"<h2 style=\"text-align: left;\">Neyopon Nr.52 D7 Klinikpackung Ampullen 10x5x2ml (10 Packungen a 5x2ml)<\/h2>\n<p style=\"text-align: left;\"><strong>PZN<\/strong>: 06486995 (Pharmazentralnummer)<\/p>\n<p style=\"text-align: left;\"><strong>Darreichungsform<\/strong>:\u00a0 Ampullen<\/p>\n<p style=\"text-align: left;\"><strong>Packungsgr\u00f6\u00dfe<\/strong>: 10x5x2ml<\/p>\n<p style=\"text-align: left;\"><strong>Marke<\/strong>: <a href=\"https:\/\/www.loewen-apotheke24.com\/de\/product_tag\/vitorgan\/\">vitorgan<\/a><\/p>\n<p style=\"text-align: left;\"><strong>Hersteller<\/strong>: vitOrgan GmbH &amp; Co.KG<\/p>\n<p><strong>MDH<\/strong>: 08\/2026<\/p>\n","protected":false},"featured_media":69005,"template":"","meta":[],"product_cat":[12],"product_tag":[106,96,97],"yoast_head":"<!-- This site is optimized with the Yoast SEO Premium plugin v21.0 (Yoast SEO v21.0) - https:\/\/yoast.com\/wordpress\/plugins\/seo\/ -->\n<title>Neyopon Nr.52 D7 Klinikpackung Ampullen 10x5x2ml kaufen<\/title>\n<meta name=\"description\" content=\"L\u00f6wen Apotheke24 - Spezialist f\u00fcr Naturheilkunde - Weltweiter Versand - kurze Lieferzeit - Neyopon Nr.52 D7 Klinikpackung Ampullen 10x5x2ml\" \/>\n<meta name=\"robots\" content=\"index, follow, max-snippet:-1, max-image-preview:large, max-video-preview:-1\" \/>\n<link rel=\"canonical\" href=\"https:\/\/www.loewen-apotheke24.com\/de\/shop\/vitorgan\/neyopon-nr-52-d7-10x5x2ml\/\" \/>\n<meta property=\"og:locale\" content=\"de_DE\" \/>\n<meta property=\"og:type\" content=\"article\" \/>\n<meta property=\"og:title\" content=\"Neyopon Nr.52 D7 Klinikpackung Ampullen 10x5x2ml kaufen\" \/>\n<meta property=\"og:description\" content=\"L\u00f6wen Apotheke24 - Spezialist f\u00fcr Naturheilkunde - Weltweiter Versand - kurze Lieferzeit - Neyopon Nr.52 D7 Klinikpackung Ampullen 10x5x2ml\" \/>\n<meta property=\"og:url\" content=\"https:\/\/www.loewen-apotheke24.com\/de\/shop\/vitorgan\/neyopon-nr-52-d7-10x5x2ml\/\" \/>\n<meta property=\"og:site_name\" content=\"L\u00f6wen Apotheke24\" \/>\n<meta property=\"article:modified_time\" content=\"2026-03-25T04:53:26+00:00\" \/>\n<meta property=\"og:image\" content=\"https:\/\/www.loewen-apotheke24.com\/wp-content\/uploads\/2023\/06\/neyopon-nr.-52-D7-neyopon-nr.52-vitorgan-loewen-apotheke24.webp\" \/>\n\t<meta property=\"og:image:width\" content=\"600\" \/>\n\t<meta property=\"og:image:height\" content=\"600\" \/>\n\t<meta property=\"og:image:type\" content=\"image\/webp\" \/>\n<meta name=\"twitter:card\" content=\"summary_large_image\" \/>\n<meta name=\"twitter:label1\" content=\"Gesch\u00e4tzte Lesezeit\" \/>\n\t<meta name=\"twitter:data1\" content=\"1\u00a0Minute\" \/>\n<script type=\"application\/ld+json\" class=\"yoast-schema-graph\">{\"@context\":\"https:\/\/schema.org\",\"@graph\":[{\"@type\":\"WebPage\",\"@id\":\"https:\/\/www.loewen-apotheke24.com\/de\/shop\/vitorgan\/neyopon-nr-52-d7-10x5x2ml\/\",\"url\":\"https:\/\/www.loewen-apotheke24.com\/de\/shop\/vitorgan\/neyopon-nr-52-d7-10x5x2ml\/\",\"name\":\"Neyopon Nr.52 D7 Klinikpackung Ampullen 10x5x2ml kaufen\",\"isPartOf\":{\"@id\":\"https:\/\/www.loewen-apotheke24.com\/de\/#website\"},\"datePublished\":\"2017-08-08T12:43:30+00:00\",\"dateModified\":\"2026-03-25T04:53:26+00:00\",\"description\":\"L\u00f6wen Apotheke24 - Spezialist f\u00fcr Naturheilkunde - Weltweiter Versand - kurze Lieferzeit - Neyopon Nr.52 D7 Klinikpackung Ampullen 10x5x2ml\",\"breadcrumb\":{\"@id\":\"https:\/\/www.loewen-apotheke24.com\/de\/shop\/vitorgan\/neyopon-nr-52-d7-10x5x2ml\/#breadcrumb\"},\"inLanguage\":\"de\",\"potentialAction\":[{\"@type\":\"ReadAction\",\"target\":[\"https:\/\/www.loewen-apotheke24.com\/de\/shop\/vitorgan\/neyopon-nr-52-d7-10x5x2ml\/\"]}]},{\"@type\":\"BreadcrumbList\",\"@id\":\"https:\/\/www.loewen-apotheke24.com\/de\/shop\/vitorgan\/neyopon-nr-52-d7-10x5x2ml\/#breadcrumb\",\"itemListElement\":[{\"@type\":\"ListItem\",\"position\":1,\"name\":\"Shop\",\"item\":\"https:\/\/www.loewen-apotheke24.com\/de\/shop\/\"},{\"@type\":\"ListItem\",\"position\":2,\"name\":\"Neyopon Nr.52 D7 Klinikpackung Ampullen 10x5x2ml\"}]},{\"@type\":\"WebSite\",\"@id\":\"https:\/\/www.loewen-apotheke24.com\/de\/#website\",\"url\":\"https:\/\/www.loewen-apotheke24.com\/de\/\",\"name\":\"L\u00f6wen Apotheke24\",\"description\":\"Spezialist f\u00fcr Naturmedizin - Versandapotheke Baden-Baden\",\"publisher\":{\"@id\":\"https:\/\/www.loewen-apotheke24.com\/de\/#organization\"},\"potentialAction\":[{\"@type\":\"SearchAction\",\"target\":{\"@type\":\"EntryPoint\",\"urlTemplate\":\"https:\/\/www.loewen-apotheke24.com\/de\/?s={search_term_string}\"},\"query-input\":\"required name=search_term_string\"}],\"inLanguage\":\"de\"},{\"@type\":\"Organization\",\"@id\":\"https:\/\/www.loewen-apotheke24.com\/de\/#organization\",\"name\":\"L\u00f6wen Apotheke\",\"alternateName\":\"L\u00f6wen Apotheke\",\"url\":\"https:\/\/www.loewen-apotheke24.com\/de\/\",\"logo\":{\"@type\":\"ImageObject\",\"inLanguage\":\"de\",\"@id\":\"https:\/\/www.loewen-apotheke24.com\/de\/#\/schema\/logo\/image\/\",\"url\":\"https:\/\/www.loewen-apotheke24.com\/wp-content\/uploads\/2024\/02\/Logo-Loewen-Apotheke-700x700-1.png\",\"contentUrl\":\"https:\/\/www.loewen-apotheke24.com\/wp-content\/uploads\/2024\/02\/Logo-Loewen-Apotheke-700x700-1.png\",\"width\":700,\"height\":700,\"caption\":\"L\u00f6wen Apotheke\"},\"image\":{\"@id\":\"https:\/\/www.loewen-apotheke24.com\/de\/#\/schema\/logo\/image\/\"}}]}<\/script>\n<!-- \/ Yoast SEO Premium plugin. -->","yoast_head_json":{"title":"Neyopon Nr.52 D7 Klinikpackung Ampullen 10x5x2ml kaufen","description":"L\u00f6wen Apotheke24 - Spezialist f\u00fcr Naturheilkunde - Weltweiter Versand - kurze Lieferzeit - Neyopon Nr.52 D7 Klinikpackung Ampullen 10x5x2ml","robots":{"index":"index","follow":"follow","max-snippet":"max-snippet:-1","max-image-preview":"max-image-preview:large","max-video-preview":"max-video-preview:-1"},"canonical":"https:\/\/www.loewen-apotheke24.com\/de\/shop\/vitorgan\/neyopon-nr-52-d7-10x5x2ml\/","og_locale":"de_DE","og_type":"article","og_title":"Neyopon Nr.52 D7 Klinikpackung Ampullen 10x5x2ml kaufen","og_description":"L\u00f6wen Apotheke24 - Spezialist f\u00fcr Naturheilkunde - Weltweiter Versand - kurze Lieferzeit - Neyopon Nr.52 D7 Klinikpackung Ampullen 10x5x2ml","og_url":"https:\/\/www.loewen-apotheke24.com\/de\/shop\/vitorgan\/neyopon-nr-52-d7-10x5x2ml\/","og_site_name":"L\u00f6wen Apotheke24","article_modified_time":"2026-03-25T04:53:26+00:00","og_image":[{"width":600,"height":600,"url":"https:\/\/www.loewen-apotheke24.com\/wp-content\/uploads\/2023\/06\/neyopon-nr.-52-D7-neyopon-nr.52-vitorgan-loewen-apotheke24.webp","type":"image\/webp"}],"twitter_card":"summary_large_image","twitter_misc":{"Gesch\u00e4tzte Lesezeit":"1\u00a0Minute"},"schema":{"@context":"https:\/\/schema.org","@graph":[{"@type":"WebPage","@id":"https:\/\/www.loewen-apotheke24.com\/de\/shop\/vitorgan\/neyopon-nr-52-d7-10x5x2ml\/","url":"https:\/\/www.loewen-apotheke24.com\/de\/shop\/vitorgan\/neyopon-nr-52-d7-10x5x2ml\/","name":"Neyopon Nr.52 D7 Klinikpackung Ampullen 10x5x2ml kaufen","isPartOf":{"@id":"https:\/\/www.loewen-apotheke24.com\/de\/#website"},"datePublished":"2017-08-08T12:43:30+00:00","dateModified":"2026-03-25T04:53:26+00:00","description":"L\u00f6wen Apotheke24 - Spezialist f\u00fcr Naturheilkunde - Weltweiter Versand - kurze Lieferzeit - Neyopon Nr.52 D7 Klinikpackung Ampullen 10x5x2ml","breadcrumb":{"@id":"https:\/\/www.loewen-apotheke24.com\/de\/shop\/vitorgan\/neyopon-nr-52-d7-10x5x2ml\/#breadcrumb"},"inLanguage":"de","potentialAction":[{"@type":"ReadAction","target":["https:\/\/www.loewen-apotheke24.com\/de\/shop\/vitorgan\/neyopon-nr-52-d7-10x5x2ml\/"]}]},{"@type":"BreadcrumbList","@id":"https:\/\/www.loewen-apotheke24.com\/de\/shop\/vitorgan\/neyopon-nr-52-d7-10x5x2ml\/#breadcrumb","itemListElement":[{"@type":"ListItem","position":1,"name":"Shop","item":"https:\/\/www.loewen-apotheke24.com\/de\/shop\/"},{"@type":"ListItem","position":2,"name":"Neyopon Nr.52 D7 Klinikpackung Ampullen 10x5x2ml"}]},{"@type":"WebSite","@id":"https:\/\/www.loewen-apotheke24.com\/de\/#website","url":"https:\/\/www.loewen-apotheke24.com\/de\/","name":"L\u00f6wen Apotheke24","description":"Spezialist f\u00fcr Naturmedizin - Versandapotheke Baden-Baden","publisher":{"@id":"https:\/\/www.loewen-apotheke24.com\/de\/#organization"},"potentialAction":[{"@type":"SearchAction","target":{"@type":"EntryPoint","urlTemplate":"https:\/\/www.loewen-apotheke24.com\/de\/?s={search_term_string}"},"query-input":"required name=search_term_string"}],"inLanguage":"de"},{"@type":"Organization","@id":"https:\/\/www.loewen-apotheke24.com\/de\/#organization","name":"L\u00f6wen Apotheke","alternateName":"L\u00f6wen Apotheke","url":"https:\/\/www.loewen-apotheke24.com\/de\/","logo":{"@type":"ImageObject","inLanguage":"de","@id":"https:\/\/www.loewen-apotheke24.com\/de\/#\/schema\/logo\/image\/","url":"https:\/\/www.loewen-apotheke24.com\/wp-content\/uploads\/2024\/02\/Logo-Loewen-Apotheke-700x700-1.png","contentUrl":"https:\/\/www.loewen-apotheke24.com\/wp-content\/uploads\/2024\/02\/Logo-Loewen-Apotheke-700x700-1.png","width":700,"height":700,"caption":"L\u00f6wen Apotheke"},"image":{"@id":"https:\/\/www.loewen-apotheke24.com\/de\/#\/schema\/logo\/image\/"}}]}},"_links":{"self":[{"href":"https:\/\/www.loewen-apotheke24.com\/de\/wp-json\/wp\/v2\/product\/841"}],"collection":[{"href":"https:\/\/www.loewen-apotheke24.com\/de\/wp-json\/wp\/v2\/product"}],"about":[{"href":"https:\/\/www.loewen-apotheke24.com\/de\/wp-json\/wp\/v2\/types\/product"}],"wp:featuredmedia":[{"embeddable":true,"href":"https:\/\/www.loewen-apotheke24.com\/de\/wp-json\/wp\/v2\/media\/69005"}],"wp:attachment":[{"href":"https:\/\/www.loewen-apotheke24.com\/de\/wp-json\/wp\/v2\/media?parent=841"}],"wp:term":[{"taxonomy":"product_cat","embeddable":true,"href":"https:\/\/www.loewen-apotheke24.com\/de\/wp-json\/wp\/v2\/product_cat?post=841"},{"taxonomy":"product_tag","embeddable":true,"href":"https:\/\/www.loewen-apotheke24.com\/de\/wp-json\/wp\/v2\/product_tag?post=841"}],"curies":[{"name":"wp","href":"https:\/\/api.w.org\/{rel}","templated":true}]}}