{"id":86166,"date":"2024-02-02T14:12:05","date_gmt":"2024-02-02T13:12:05","guid":{"rendered":"https:\/\/www.loewen-apotheke24.com\/?post_type=product&#038;p=86166"},"modified":"2025-07-18T22:41:20","modified_gmt":"2025-07-18T21:41:20","slug":"orthomol-neuroprotect-90-st-18847228","status":"publish","type":"product","link":"https:\/\/www.loewen-apotheke24.com\/de\/shop\/angebot\/orthomol-neuroprotect-90-st-18847228\/","title":{"rendered":"Orthomol Neuroprotect 90 St. &#8211; PZN 18847228"},"content":{"rendered":"<h3 style=\"text-align: left;\">Orthomol Neuro 90 St. | PZN 19440931<\/h3>\n<p>PZN 19440931 &#8211; Orthomol Neuro 90 St.<\/p>\n<p>Wichtige Mikron\u00e4hrstoffe f\u00fcr die normale Funktion des Nervensystems. Nahrungserg\u00e4nzungsmittel sind kein Ersatz f\u00fcr eine ausgewogene und abwechslungsreiche Ern\u00e4hrung und eine gesunde Lebensweise. Wichtige Mikron\u00e4hrstoffe f\u00fcr die normale Funktion des Nervensystems. Mit Uridinmonophosphat (UMP) und Cytidinmonophosphat (CMP).<\/p>\n<p>T\u00e4glich 1 Kapsel vorzugsweise mit viel Fl\u00fcssigkeit einnehmen.<\/p>\n<p>Orthomol Neuroprotect enth\u00e4lt:<\/p>\n<ul>\n<li>Vitamin B1, Vitamin B6, Vitamin B12 und Fols\u00e4ure<\/li>\n<li>Magnesium<\/li>\n<li>Uridinmonophosphat (UMP) und Cytidinmonophosphat (CMP)<\/li>\n<\/ul>\n<p>Orthomol ist Wegbereiter der orthomolekularen Ern\u00e4hrungsmedizin in Deutschland. Seit \u00fcber 30 Jahren entwickelt und vertreibt Orthomol ausgewogen dosierte und f\u00fcr verschiedene Anwendungsgebiete zusammengesetzte Mikron\u00e4hrstoff-Kombinationen. Zum Hersteller <a href=\"https:\/\/www.orthomol.com\/de-de\/produkte\/gehirn-nerven-energiestoffwechsel\/orthomol-vital-f\" target=\"_blank\" rel=\"noopener noreferrer\">orthomol<\/a>.<\/p>\n<p>Weitere Produkte des Herstellers: <a href=\"https:\/\/www.loewen-apotheke24.com\/de\/product_cat\/orthomol\/\">Orthomol<\/a>.<br \/>\nBeipackzettel zu <a href=\"https:\/\/www.loewen-apotheke24.com\/wp-content\/uploads\/2024\/02\/Orthomol-Neuroprotect-BPZ.pdf\">Orthomol Neuroprotect<\/a> (PZN 18847228) hier herunterladen. (PDF Reader)<\/p>\n<p>Andere Kunden interessierten sich auch f\u00fcr Produkte zum Thema:\u00a0<a href=\"https:\/\/www.loewen-apotheke24.com\/de\/product_tag\/unruhe\/\">Schlafst\u00f6rungen, Unruhe<\/a><\/p>\n<p>Informationen auf dieser Website werden ausschlie\u00dflich f\u00fcr informative Zwecke zur Verf\u00fcgung gestellt. Sie ersetzen keinesfalls die Untersuchung und Behandlung durch einen Arzt. Bitte beachten Sie, dass hierdurch weder Diagnosen gestellt noch Therapien eingeleitet werden k\u00f6nnen.<\/p>\n<p>Zu Risiken und Nebenwirkungen lesen Sie die Packungsbeilage und fragen Sie Ihre \u00c4rztin, Ihren Arzt oder in Ihrer Apotheke.<\/p>\n<p><strong>Rezept | E-Rezept vorhanden?<\/strong><\/p>\n<p>Reichen Sie jetzt Ihr E-Rezept bei uns ein. Nutzen Sie dazu unsere\u00a0<a class=\"ProsemirrorEditor-link\" href=\"https:\/\/e-rezept-app.de\/shop-rezept\">E-Rezept<\/a>\u00a0App. Und wir schenken Ihnen die Versandkosten innerhalb Deutschlands!<\/p>\n<p class=\"TypographyPresentation TypographyPresentation--medium RichText3-paragraph--withVSpacingNormal RichText3-paragraph HighlightSol HighlightSol--buildingBlock\"><strong>Fragen zum Produkt? Wir sind f\u00fcr Sie da!<\/strong><\/p>\n<p class=\"TypographyPresentation TypographyPresentation--medium RichText3-paragraph--withVSpacingNormal RichText3-paragraph HighlightSol HighlightSol--buildingBlock\">Unsere verantwortliche Apothekerin\u00a0<strong>Dr. Sandra Hoff<\/strong>\u00a0und ihr Team beraten Sie gerne pers\u00f6nlich \u2013 telefonisch oder per E-Mail. Als\u00a0<strong>echte Apotheke vor Ort<\/strong>\u00a0und\u00a0<strong>zugelassene Versandapotheke<\/strong>\u00a0bieten wir Ihnen kompetente Unterst\u00fctzung, besonders in den Bereichen\u00a0<a href=\"https:\/\/www.loewen-apotheke24.com\/de\/product_tag\/naturheilmittel\/\"><strong>Naturheilkunde<\/strong><\/a>\u00a0und\u00a0<a href=\"https:\/\/www.loewen-apotheke24.com\/de\/product_tag\/vitamine-mineralien-nahrungsergaenzung\/\"><strong>Nahrungserg\u00e4nzungsmittel<\/strong><\/a>, hier Produkte von <a href=\"https:\/\/www.loewen-apotheke24.com\/de\/product_cat\/vitorgan\/\">vitOrgan Arzneimittel<\/a> und <a href=\"https:\/\/www.loewen-apotheke24.com\/de\/product_cat\/labo-life\/\">Labo Life<\/a>.<br \/>\n<a href=\"https:\/\/versandhandel.dimdi.de\/websearch\/servlet\/Gate;jsessionid=0D29D15655BE1174E9178A340E8FE6BC?accessid=dimdi_var&amp;term=3c387956690121ccc8763184f052b93f\" target=\"_blank\" rel=\"noopener\">Eintrag im Versandhandelsregister<\/a><\/p>\n","protected":false},"excerpt":{"rendered":"<h2>Orthomol Neuroprotect 90 St.<\/h2>\n<p>Orthomol Neuroprotect Kapseln enthalten wichtige Mikron\u00e4hrstoffe f\u00fcr die normale Funktion des Nervensystems.<\/p>\n<p><strong>PZN<\/strong>: 18847228 (Pharmazentralnummer)<\/p>\n<p><strong>Darreichungsform<\/strong>: Kapseln<\/p>\n<p><strong>Verordnungsart<\/strong>: Rezeptfrei<\/p>\n<p><strong>Marke<\/strong>: orthomol<\/p>\n<p><strong>Hersteller<\/strong>:\u00a0 <a href=\"https:\/\/www.loewen-apotheke24.com\/de\/product_cat\/orthomol\/\">orthomol<\/a><\/p>\n<p><strong>Packungsgr\u00f6\u00dfe<\/strong>: 90 St.<\/p>\n","protected":false},"featured_media":106305,"template":"","meta":[],"product_cat":[13,351],"product_tag":[354,199,365],"yoast_head":"<!-- This site is optimized with the Yoast SEO Premium plugin v21.0 (Yoast SEO v21.0) - https:\/\/yoast.com\/wordpress\/plugins\/seo\/ -->\n<title>PZN 18847228 | Orthomol Neuroprotect 90 St. - hier kaufen<\/title>\n<meta name=\"description\" content=\"L\u00f6wen Apotheke24 - Spezialist f\u00fcr Naturheilkunde - Weltweiter Versand und gratis Lieferung ab 30 \u20ac in DE. PZN 18847228 | Orthomol Neuroprotect 90 St.\" \/>\n<meta name=\"robots\" content=\"index, follow, max-snippet:-1, max-image-preview:large, max-video-preview:-1\" \/>\n<link rel=\"canonical\" href=\"https:\/\/www.loewen-apotheke24.com\/de\/shop\/angebot\/orthomol-neuroprotect-90-st-18847228\/\" \/>\n<meta property=\"og:locale\" content=\"de_DE\" \/>\n<meta property=\"og:type\" content=\"article\" \/>\n<meta property=\"og:title\" content=\"PZN 18847228 | Orthomol Neuroprotect 90 St. - hier kaufen\" \/>\n<meta property=\"og:description\" content=\"L\u00f6wen Apotheke24 - Spezialist f\u00fcr Naturheilkunde - Weltweiter Versand und gratis Lieferung ab 30 \u20ac in DE. PZN 18847228 | Orthomol Neuroprotect 90 St.\" \/>\n<meta property=\"og:url\" content=\"https:\/\/www.loewen-apotheke24.com\/de\/shop\/angebot\/orthomol-neuroprotect-90-st-18847228\/\" \/>\n<meta property=\"og:site_name\" content=\"L\u00f6wen Apotheke24\" \/>\n<meta property=\"article:modified_time\" content=\"2025-07-18T21:41:20+00:00\" \/>\n<meta property=\"og:image\" content=\"https:\/\/www.loewen-apotheke24.com\/wp-content\/uploads\/2024\/02\/Orthomol-neuroprotect-90.webp\" \/>\n\t<meta property=\"og:image:width\" content=\"600\" \/>\n\t<meta property=\"og:image:height\" content=\"600\" \/>\n\t<meta property=\"og:image:type\" content=\"image\/webp\" \/>\n<meta name=\"twitter:card\" content=\"summary_large_image\" \/>\n<meta name=\"twitter:label1\" content=\"Gesch\u00e4tzte Lesezeit\" \/>\n\t<meta name=\"twitter:data1\" content=\"2\u00a0Minuten\" \/>\n<script type=\"application\/ld+json\" class=\"yoast-schema-graph\">{\"@context\":\"https:\/\/schema.org\",\"@graph\":[{\"@type\":\"WebPage\",\"@id\":\"https:\/\/www.loewen-apotheke24.com\/de\/shop\/angebot\/orthomol-neuroprotect-90-st-18847228\/\",\"url\":\"https:\/\/www.loewen-apotheke24.com\/de\/shop\/angebot\/orthomol-neuroprotect-90-st-18847228\/\",\"name\":\"PZN 18847228 | Orthomol Neuroprotect 90 St. - hier kaufen\",\"isPartOf\":{\"@id\":\"https:\/\/www.loewen-apotheke24.com\/de\/#website\"},\"datePublished\":\"2024-02-02T13:12:05+00:00\",\"dateModified\":\"2025-07-18T21:41:20+00:00\",\"description\":\"L\u00f6wen Apotheke24 - Spezialist f\u00fcr Naturheilkunde - Weltweiter Versand und gratis Lieferung ab 30 \u20ac in DE. PZN 18847228 | Orthomol Neuroprotect 90 St.\",\"breadcrumb\":{\"@id\":\"https:\/\/www.loewen-apotheke24.com\/de\/shop\/angebot\/orthomol-neuroprotect-90-st-18847228\/#breadcrumb\"},\"inLanguage\":\"de\",\"potentialAction\":[{\"@type\":\"ReadAction\",\"target\":[\"https:\/\/www.loewen-apotheke24.com\/de\/shop\/angebot\/orthomol-neuroprotect-90-st-18847228\/\"]}]},{\"@type\":\"BreadcrumbList\",\"@id\":\"https:\/\/www.loewen-apotheke24.com\/de\/shop\/angebot\/orthomol-neuroprotect-90-st-18847228\/#breadcrumb\",\"itemListElement\":[{\"@type\":\"ListItem\",\"position\":1,\"name\":\"Shop\",\"item\":\"https:\/\/www.loewen-apotheke24.com\/de\/shop\/\"},{\"@type\":\"ListItem\",\"position\":2,\"name\":\"Orthomol Neuroprotect 90 St. &#8211; PZN 18847228\"}]},{\"@type\":\"WebSite\",\"@id\":\"https:\/\/www.loewen-apotheke24.com\/de\/#website\",\"url\":\"https:\/\/www.loewen-apotheke24.com\/de\/\",\"name\":\"L\u00f6wen Apotheke24\",\"description\":\"Spezialist f\u00fcr Naturmedizin - Versandapotheke Baden-Baden\",\"publisher\":{\"@id\":\"https:\/\/www.loewen-apotheke24.com\/de\/#organization\"},\"potentialAction\":[{\"@type\":\"SearchAction\",\"target\":{\"@type\":\"EntryPoint\",\"urlTemplate\":\"https:\/\/www.loewen-apotheke24.com\/de\/?s={search_term_string}\"},\"query-input\":\"required name=search_term_string\"}],\"inLanguage\":\"de\"},{\"@type\":\"Organization\",\"@id\":\"https:\/\/www.loewen-apotheke24.com\/de\/#organization\",\"name\":\"L\u00f6wen Apotheke\",\"alternateName\":\"L\u00f6wen Apotheke\",\"url\":\"https:\/\/www.loewen-apotheke24.com\/de\/\",\"logo\":{\"@type\":\"ImageObject\",\"inLanguage\":\"de\",\"@id\":\"https:\/\/www.loewen-apotheke24.com\/de\/#\/schema\/logo\/image\/\",\"url\":\"https:\/\/www.loewen-apotheke24.com\/wp-content\/uploads\/2024\/02\/Logo-Loewen-Apotheke-700x700-1.png\",\"contentUrl\":\"https:\/\/www.loewen-apotheke24.com\/wp-content\/uploads\/2024\/02\/Logo-Loewen-Apotheke-700x700-1.png\",\"width\":700,\"height\":700,\"caption\":\"L\u00f6wen Apotheke\"},\"image\":{\"@id\":\"https:\/\/www.loewen-apotheke24.com\/de\/#\/schema\/logo\/image\/\"}}]}<\/script>\n<!-- \/ Yoast SEO Premium plugin. -->","yoast_head_json":{"title":"PZN 18847228 | Orthomol Neuroprotect 90 St. - hier kaufen","description":"L\u00f6wen Apotheke24 - Spezialist f\u00fcr Naturheilkunde - Weltweiter Versand und gratis Lieferung ab 30 \u20ac in DE. PZN 18847228 | Orthomol Neuroprotect 90 St.","robots":{"index":"index","follow":"follow","max-snippet":"max-snippet:-1","max-image-preview":"max-image-preview:large","max-video-preview":"max-video-preview:-1"},"canonical":"https:\/\/www.loewen-apotheke24.com\/de\/shop\/angebot\/orthomol-neuroprotect-90-st-18847228\/","og_locale":"de_DE","og_type":"article","og_title":"PZN 18847228 | Orthomol Neuroprotect 90 St. - hier kaufen","og_description":"L\u00f6wen Apotheke24 - Spezialist f\u00fcr Naturheilkunde - Weltweiter Versand und gratis Lieferung ab 30 \u20ac in DE. PZN 18847228 | Orthomol Neuroprotect 90 St.","og_url":"https:\/\/www.loewen-apotheke24.com\/de\/shop\/angebot\/orthomol-neuroprotect-90-st-18847228\/","og_site_name":"L\u00f6wen Apotheke24","article_modified_time":"2025-07-18T21:41:20+00:00","og_image":[{"width":600,"height":600,"url":"https:\/\/www.loewen-apotheke24.com\/wp-content\/uploads\/2024\/02\/Orthomol-neuroprotect-90.webp","type":"image\/webp"}],"twitter_card":"summary_large_image","twitter_misc":{"Gesch\u00e4tzte Lesezeit":"2\u00a0Minuten"},"schema":{"@context":"https:\/\/schema.org","@graph":[{"@type":"WebPage","@id":"https:\/\/www.loewen-apotheke24.com\/de\/shop\/angebot\/orthomol-neuroprotect-90-st-18847228\/","url":"https:\/\/www.loewen-apotheke24.com\/de\/shop\/angebot\/orthomol-neuroprotect-90-st-18847228\/","name":"PZN 18847228 | Orthomol Neuroprotect 90 St. - hier kaufen","isPartOf":{"@id":"https:\/\/www.loewen-apotheke24.com\/de\/#website"},"datePublished":"2024-02-02T13:12:05+00:00","dateModified":"2025-07-18T21:41:20+00:00","description":"L\u00f6wen Apotheke24 - Spezialist f\u00fcr Naturheilkunde - Weltweiter Versand und gratis Lieferung ab 30 \u20ac in DE. PZN 18847228 | Orthomol Neuroprotect 90 St.","breadcrumb":{"@id":"https:\/\/www.loewen-apotheke24.com\/de\/shop\/angebot\/orthomol-neuroprotect-90-st-18847228\/#breadcrumb"},"inLanguage":"de","potentialAction":[{"@type":"ReadAction","target":["https:\/\/www.loewen-apotheke24.com\/de\/shop\/angebot\/orthomol-neuroprotect-90-st-18847228\/"]}]},{"@type":"BreadcrumbList","@id":"https:\/\/www.loewen-apotheke24.com\/de\/shop\/angebot\/orthomol-neuroprotect-90-st-18847228\/#breadcrumb","itemListElement":[{"@type":"ListItem","position":1,"name":"Shop","item":"https:\/\/www.loewen-apotheke24.com\/de\/shop\/"},{"@type":"ListItem","position":2,"name":"Orthomol Neuroprotect 90 St. &#8211; PZN 18847228"}]},{"@type":"WebSite","@id":"https:\/\/www.loewen-apotheke24.com\/de\/#website","url":"https:\/\/www.loewen-apotheke24.com\/de\/","name":"L\u00f6wen Apotheke24","description":"Spezialist f\u00fcr Naturmedizin - Versandapotheke Baden-Baden","publisher":{"@id":"https:\/\/www.loewen-apotheke24.com\/de\/#organization"},"potentialAction":[{"@type":"SearchAction","target":{"@type":"EntryPoint","urlTemplate":"https:\/\/www.loewen-apotheke24.com\/de\/?s={search_term_string}"},"query-input":"required name=search_term_string"}],"inLanguage":"de"},{"@type":"Organization","@id":"https:\/\/www.loewen-apotheke24.com\/de\/#organization","name":"L\u00f6wen Apotheke","alternateName":"L\u00f6wen Apotheke","url":"https:\/\/www.loewen-apotheke24.com\/de\/","logo":{"@type":"ImageObject","inLanguage":"de","@id":"https:\/\/www.loewen-apotheke24.com\/de\/#\/schema\/logo\/image\/","url":"https:\/\/www.loewen-apotheke24.com\/wp-content\/uploads\/2024\/02\/Logo-Loewen-Apotheke-700x700-1.png","contentUrl":"https:\/\/www.loewen-apotheke24.com\/wp-content\/uploads\/2024\/02\/Logo-Loewen-Apotheke-700x700-1.png","width":700,"height":700,"caption":"L\u00f6wen Apotheke"},"image":{"@id":"https:\/\/www.loewen-apotheke24.com\/de\/#\/schema\/logo\/image\/"}}]}},"_links":{"self":[{"href":"https:\/\/www.loewen-apotheke24.com\/de\/wp-json\/wp\/v2\/product\/86166"}],"collection":[{"href":"https:\/\/www.loewen-apotheke24.com\/de\/wp-json\/wp\/v2\/product"}],"about":[{"href":"https:\/\/www.loewen-apotheke24.com\/de\/wp-json\/wp\/v2\/types\/product"}],"wp:featuredmedia":[{"embeddable":true,"href":"https:\/\/www.loewen-apotheke24.com\/de\/wp-json\/wp\/v2\/media\/106305"}],"wp:attachment":[{"href":"https:\/\/www.loewen-apotheke24.com\/de\/wp-json\/wp\/v2\/media?parent=86166"}],"wp:term":[{"taxonomy":"product_cat","embeddable":true,"href":"https:\/\/www.loewen-apotheke24.com\/de\/wp-json\/wp\/v2\/product_cat?post=86166"},{"taxonomy":"product_tag","embeddable":true,"href":"https:\/\/www.loewen-apotheke24.com\/de\/wp-json\/wp\/v2\/product_tag?post=86166"}],"curies":[{"name":"wp","href":"https:\/\/api.w.org\/{rel}","templated":true}]}}