{"id":86179,"date":"2024-02-02T15:40:04","date_gmt":"2024-02-02T14:40:04","guid":{"rendered":"https:\/\/www.loewen-apotheke24.com\/?post_type=product&#038;p=86179"},"modified":"2025-01-23T12:41:53","modified_gmt":"2025-01-23T11:41:53","slug":"orthomol-neuroprotect-30-st-18847211","status":"publish","type":"product","link":"https:\/\/www.loewen-apotheke24.com\/de\/shop\/angebot\/orthomol-neuroprotect-30-st-18847211\/","title":{"rendered":"Orthomol Neuro 30 St."},"content":{"rendered":"<h3 style=\"text-align: left;\">Orthomol Neuro 30 St.<\/h3>\n<p style=\"text-align: left;\">Orthomol Neuroprotect 30 St. enth\u00e4lt wichtige Mikron\u00e4hrstoffe f\u00fcr die normale Funktion des Nervensystems. Nahrungserg\u00e4nzungsmittel sind kein Ersatz f\u00fcr eine ausgewogene und abwechslungsreiche Ern\u00e4hrung und eine gesunde Lebensweise.<\/p>\n<p>T\u00e4glich 1 Kapsel vorzugsweise mit viel Fl\u00fcssigkeit einnehmen.<\/p>\n<p>Orthomol Neuroprotect enth\u00e4lt:<\/p>\n<ul>\n<li>Vitamin B1, Vitamin B6, Vitamin B12 und Fols\u00e4ure<\/li>\n<li>Magnesium<\/li>\n<li>Uridinmonophosphat (UMP) und Cytidinmonophosphat (CMP)<\/li>\n<\/ul>\n<p>Orthomol ist Wegbereiter der orthomolekularen Ern\u00e4hrungsmedizin in Deutschland. Seit \u00fcber 30 Jahren entwickelt und vertreibt Orthomol ausgewogen dosierte und f\u00fcr verschiedene Anwendungsgebiete zusammengesetzte Mikron\u00e4hrstoff-Kombinationen.<\/p>\n<p>Weitere Produkte des Herstellers <a href=\"https:\/\/www.loewen-apotheke24.com\/de\/product_cat\/orthomol\/\">Orthomol<\/a><br \/>\nBeipackzettel zu <a href=\"https:\/\/www.loewen-apotheke24.com\/wp-content\/uploads\/2024\/02\/Orthomol-Neuroprotect-BPZ.pdf\">Orthomol Neuroprotect 30 St.<\/a> hier herunterladen. (PDF Reader)<\/p>\n<p>Andere Kunden interessierten sich auch f\u00fcr Produkte zum Thema:\u00a0<a href=\"https:\/\/www.loewen-apotheke24.com\/de\/product_tag\/unruhe\/\">Schlafst\u00f6rungen, Unruhe<\/a> | <a href=\"https:\/\/www.loewen-apotheke24.com\/de\/product_tag\/entzuendung\/\">Entz\u00fcndung\u00a0<\/a>|\u00a0<a href=\"https:\/\/www.loewen-apotheke24.com\/de\/product_tag\/abnehmen\/\">Fitness<\/a>\u00a0|\u00a0<a href=\"https:\/\/www.loewen-apotheke24.com\/de\/product_tag\/reiseapotheke\/\">Reiseapotheke<\/a><\/p>\n<p>Informationen auf dieser Website werden ausschlie\u00dflich f\u00fcr informative Zwecke zur Verf\u00fcgung gestellt. Sie ersetzen keinesfalls die Untersuchung und Behandlung durch einen Arzt. Bitte beachten Sie, dass hierdurch weder Diagnosen gestellt noch Therapien eingeleitet werden k\u00f6nnen.<\/p>\n<p>Zu Risiken und Nebenwirkungen lesen Sie die Packungsbeilage und fragen Sie Ihren Arzt oder Apotheker.<\/p>\n<h3 style=\"text-align: left;\">Rezept | E-Rezept vorhanden?<\/h3>\n<p>Reichen Sie jetzt Ihr E-Rezept ein. Nutzen Sie unsere\u00a0<a href=\"https:\/\/e-rezept-app.de\/shop-rezept\" target=\"_blank\" rel=\"noopener\">E-Rezept<\/a> App. Und wir schenken Ihnen die Versandkosten bei Lieferung in Deutschland!<\/p>\n<p>&nbsp;<\/p>\n","protected":false},"excerpt":{"rendered":"<h2>Orthomol Neuroprotect 30 St.<\/h2>\n<p>Orthomol Neuroprotect Kapseln enthalten wichtige Mikron\u00e4hrstoffe f\u00fcr die normale Funktion des Nervensystems.<\/p>\n<p><strong>PZN<\/strong>: 18847211 (Pharmazentralnummer)<\/p>\n<p><strong>Darreichungsform<\/strong>: Kapseln<\/p>\n<p><strong>Verordnungsart<\/strong>: Rezeptfrei<\/p>\n<p><strong>Marke<\/strong>: orthomol<\/p>\n<p><strong>Hersteller<\/strong>: <a href=\"https:\/\/www.loewen-apotheke24.com\/de\/product_cat\/orthomol\/\">orthomol<\/a><\/p>\n<p><strong>Packungsgr\u00f6\u00dfe<\/strong>: 30 St.<\/p>\n","protected":false},"featured_media":106299,"template":"","meta":[],"product_cat":[13,351],"product_tag":[354,139,265,199,365,233,469],"yoast_head":"<!-- This site is optimized with the Yoast SEO Premium plugin v21.0 (Yoast SEO v21.0) - https:\/\/yoast.com\/wordpress\/plugins\/seo\/ -->\n<title>Orthomol Neuroprotect 30 St. | PZN 18847211 &gt; hier kaufen<\/title>\n<meta name=\"description\" content=\"L\u00f6wen Apotheke24 - Spezialist f\u00fcr Naturheilkunde - Weltweiter Versand und gratis Lieferung ab 30 \u20ac in DE. PZN 18847211| Orthomol Neuroprotect 30 St.\" \/>\n<meta name=\"robots\" content=\"index, follow, max-snippet:-1, max-image-preview:large, max-video-preview:-1\" \/>\n<link rel=\"canonical\" href=\"https:\/\/www.loewen-apotheke24.com\/de\/shop\/angebot\/orthomol-neuroprotect-30-st-18847211\/\" \/>\n<meta property=\"og:locale\" content=\"de_DE\" \/>\n<meta property=\"og:type\" content=\"article\" \/>\n<meta property=\"og:title\" content=\"Orthomol Neuroprotect 30 St. | PZN 18847211 &gt; hier kaufen\" \/>\n<meta property=\"og:description\" content=\"L\u00f6wen Apotheke24 - Spezialist f\u00fcr Naturheilkunde - Weltweiter Versand und gratis Lieferung ab 30 \u20ac in DE. PZN 18847211| Orthomol Neuroprotect 30 St.\" \/>\n<meta property=\"og:url\" content=\"https:\/\/www.loewen-apotheke24.com\/de\/shop\/angebot\/orthomol-neuroprotect-30-st-18847211\/\" \/>\n<meta property=\"og:site_name\" content=\"L\u00f6wen Apotheke24\" \/>\n<meta property=\"article:modified_time\" content=\"2025-01-23T11:41:53+00:00\" \/>\n<meta property=\"og:image\" content=\"https:\/\/www.loewen-apotheke24.com\/wp-content\/uploads\/2024\/02\/orthomol-neuroprotect.webp\" \/>\n\t<meta property=\"og:image:width\" content=\"600\" \/>\n\t<meta property=\"og:image:height\" content=\"600\" \/>\n\t<meta property=\"og:image:type\" content=\"image\/webp\" \/>\n<meta name=\"twitter:card\" content=\"summary_large_image\" \/>\n<meta name=\"twitter:label1\" content=\"Gesch\u00e4tzte Lesezeit\" \/>\n\t<meta name=\"twitter:data1\" content=\"2\u00a0Minuten\" \/>\n<script type=\"application\/ld+json\" class=\"yoast-schema-graph\">{\"@context\":\"https:\/\/schema.org\",\"@graph\":[{\"@type\":\"WebPage\",\"@id\":\"https:\/\/www.loewen-apotheke24.com\/de\/shop\/angebot\/orthomol-neuroprotect-30-st-18847211\/\",\"url\":\"https:\/\/www.loewen-apotheke24.com\/de\/shop\/angebot\/orthomol-neuroprotect-30-st-18847211\/\",\"name\":\"Orthomol Neuroprotect 30 St. | PZN 18847211 > hier kaufen\",\"isPartOf\":{\"@id\":\"https:\/\/www.loewen-apotheke24.com\/de\/#website\"},\"datePublished\":\"2024-02-02T14:40:04+00:00\",\"dateModified\":\"2025-01-23T11:41:53+00:00\",\"description\":\"L\u00f6wen Apotheke24 - Spezialist f\u00fcr Naturheilkunde - Weltweiter Versand und gratis Lieferung ab 30 \u20ac in DE. PZN 18847211| Orthomol Neuroprotect 30 St.\",\"breadcrumb\":{\"@id\":\"https:\/\/www.loewen-apotheke24.com\/de\/shop\/angebot\/orthomol-neuroprotect-30-st-18847211\/#breadcrumb\"},\"inLanguage\":\"de\",\"potentialAction\":[{\"@type\":\"ReadAction\",\"target\":[\"https:\/\/www.loewen-apotheke24.com\/de\/shop\/angebot\/orthomol-neuroprotect-30-st-18847211\/\"]}]},{\"@type\":\"BreadcrumbList\",\"@id\":\"https:\/\/www.loewen-apotheke24.com\/de\/shop\/angebot\/orthomol-neuroprotect-30-st-18847211\/#breadcrumb\",\"itemListElement\":[{\"@type\":\"ListItem\",\"position\":1,\"name\":\"Shop\",\"item\":\"https:\/\/www.loewen-apotheke24.com\/de\/shop\/\"},{\"@type\":\"ListItem\",\"position\":2,\"name\":\"Orthomol Neuro 30 St.\"}]},{\"@type\":\"WebSite\",\"@id\":\"https:\/\/www.loewen-apotheke24.com\/de\/#website\",\"url\":\"https:\/\/www.loewen-apotheke24.com\/de\/\",\"name\":\"L\u00f6wen Apotheke24\",\"description\":\"Spezialist f\u00fcr Naturmedizin - Versandapotheke Baden-Baden\",\"publisher\":{\"@id\":\"https:\/\/www.loewen-apotheke24.com\/de\/#organization\"},\"potentialAction\":[{\"@type\":\"SearchAction\",\"target\":{\"@type\":\"EntryPoint\",\"urlTemplate\":\"https:\/\/www.loewen-apotheke24.com\/de\/?s={search_term_string}\"},\"query-input\":\"required name=search_term_string\"}],\"inLanguage\":\"de\"},{\"@type\":\"Organization\",\"@id\":\"https:\/\/www.loewen-apotheke24.com\/de\/#organization\",\"name\":\"L\u00f6wen Apotheke\",\"alternateName\":\"L\u00f6wen Apotheke\",\"url\":\"https:\/\/www.loewen-apotheke24.com\/de\/\",\"logo\":{\"@type\":\"ImageObject\",\"inLanguage\":\"de\",\"@id\":\"https:\/\/www.loewen-apotheke24.com\/de\/#\/schema\/logo\/image\/\",\"url\":\"https:\/\/www.loewen-apotheke24.com\/wp-content\/uploads\/2024\/02\/Logo-Loewen-Apotheke-700x700-1.png\",\"contentUrl\":\"https:\/\/www.loewen-apotheke24.com\/wp-content\/uploads\/2024\/02\/Logo-Loewen-Apotheke-700x700-1.png\",\"width\":700,\"height\":700,\"caption\":\"L\u00f6wen Apotheke\"},\"image\":{\"@id\":\"https:\/\/www.loewen-apotheke24.com\/de\/#\/schema\/logo\/image\/\"}}]}<\/script>\n<!-- \/ Yoast SEO Premium plugin. -->","yoast_head_json":{"title":"Orthomol Neuroprotect 30 St. | PZN 18847211 > hier kaufen","description":"L\u00f6wen Apotheke24 - Spezialist f\u00fcr Naturheilkunde - Weltweiter Versand und gratis Lieferung ab 30 \u20ac in DE. PZN 18847211| Orthomol Neuroprotect 30 St.","robots":{"index":"index","follow":"follow","max-snippet":"max-snippet:-1","max-image-preview":"max-image-preview:large","max-video-preview":"max-video-preview:-1"},"canonical":"https:\/\/www.loewen-apotheke24.com\/de\/shop\/angebot\/orthomol-neuroprotect-30-st-18847211\/","og_locale":"de_DE","og_type":"article","og_title":"Orthomol Neuroprotect 30 St. | PZN 18847211 > hier kaufen","og_description":"L\u00f6wen Apotheke24 - Spezialist f\u00fcr Naturheilkunde - Weltweiter Versand und gratis Lieferung ab 30 \u20ac in DE. PZN 18847211| Orthomol Neuroprotect 30 St.","og_url":"https:\/\/www.loewen-apotheke24.com\/de\/shop\/angebot\/orthomol-neuroprotect-30-st-18847211\/","og_site_name":"L\u00f6wen Apotheke24","article_modified_time":"2025-01-23T11:41:53+00:00","og_image":[{"width":600,"height":600,"url":"https:\/\/www.loewen-apotheke24.com\/wp-content\/uploads\/2024\/02\/orthomol-neuroprotect.webp","type":"image\/webp"}],"twitter_card":"summary_large_image","twitter_misc":{"Gesch\u00e4tzte Lesezeit":"2\u00a0Minuten"},"schema":{"@context":"https:\/\/schema.org","@graph":[{"@type":"WebPage","@id":"https:\/\/www.loewen-apotheke24.com\/de\/shop\/angebot\/orthomol-neuroprotect-30-st-18847211\/","url":"https:\/\/www.loewen-apotheke24.com\/de\/shop\/angebot\/orthomol-neuroprotect-30-st-18847211\/","name":"Orthomol Neuroprotect 30 St. | PZN 18847211 > hier kaufen","isPartOf":{"@id":"https:\/\/www.loewen-apotheke24.com\/de\/#website"},"datePublished":"2024-02-02T14:40:04+00:00","dateModified":"2025-01-23T11:41:53+00:00","description":"L\u00f6wen Apotheke24 - Spezialist f\u00fcr Naturheilkunde - Weltweiter Versand und gratis Lieferung ab 30 \u20ac in DE. PZN 18847211| Orthomol Neuroprotect 30 St.","breadcrumb":{"@id":"https:\/\/www.loewen-apotheke24.com\/de\/shop\/angebot\/orthomol-neuroprotect-30-st-18847211\/#breadcrumb"},"inLanguage":"de","potentialAction":[{"@type":"ReadAction","target":["https:\/\/www.loewen-apotheke24.com\/de\/shop\/angebot\/orthomol-neuroprotect-30-st-18847211\/"]}]},{"@type":"BreadcrumbList","@id":"https:\/\/www.loewen-apotheke24.com\/de\/shop\/angebot\/orthomol-neuroprotect-30-st-18847211\/#breadcrumb","itemListElement":[{"@type":"ListItem","position":1,"name":"Shop","item":"https:\/\/www.loewen-apotheke24.com\/de\/shop\/"},{"@type":"ListItem","position":2,"name":"Orthomol Neuro 30 St."}]},{"@type":"WebSite","@id":"https:\/\/www.loewen-apotheke24.com\/de\/#website","url":"https:\/\/www.loewen-apotheke24.com\/de\/","name":"L\u00f6wen Apotheke24","description":"Spezialist f\u00fcr Naturmedizin - Versandapotheke Baden-Baden","publisher":{"@id":"https:\/\/www.loewen-apotheke24.com\/de\/#organization"},"potentialAction":[{"@type":"SearchAction","target":{"@type":"EntryPoint","urlTemplate":"https:\/\/www.loewen-apotheke24.com\/de\/?s={search_term_string}"},"query-input":"required name=search_term_string"}],"inLanguage":"de"},{"@type":"Organization","@id":"https:\/\/www.loewen-apotheke24.com\/de\/#organization","name":"L\u00f6wen Apotheke","alternateName":"L\u00f6wen Apotheke","url":"https:\/\/www.loewen-apotheke24.com\/de\/","logo":{"@type":"ImageObject","inLanguage":"de","@id":"https:\/\/www.loewen-apotheke24.com\/de\/#\/schema\/logo\/image\/","url":"https:\/\/www.loewen-apotheke24.com\/wp-content\/uploads\/2024\/02\/Logo-Loewen-Apotheke-700x700-1.png","contentUrl":"https:\/\/www.loewen-apotheke24.com\/wp-content\/uploads\/2024\/02\/Logo-Loewen-Apotheke-700x700-1.png","width":700,"height":700,"caption":"L\u00f6wen Apotheke"},"image":{"@id":"https:\/\/www.loewen-apotheke24.com\/de\/#\/schema\/logo\/image\/"}}]}},"_links":{"self":[{"href":"https:\/\/www.loewen-apotheke24.com\/de\/wp-json\/wp\/v2\/product\/86179"}],"collection":[{"href":"https:\/\/www.loewen-apotheke24.com\/de\/wp-json\/wp\/v2\/product"}],"about":[{"href":"https:\/\/www.loewen-apotheke24.com\/de\/wp-json\/wp\/v2\/types\/product"}],"wp:featuredmedia":[{"embeddable":true,"href":"https:\/\/www.loewen-apotheke24.com\/de\/wp-json\/wp\/v2\/media\/106299"}],"wp:attachment":[{"href":"https:\/\/www.loewen-apotheke24.com\/de\/wp-json\/wp\/v2\/media?parent=86179"}],"wp:term":[{"taxonomy":"product_cat","embeddable":true,"href":"https:\/\/www.loewen-apotheke24.com\/de\/wp-json\/wp\/v2\/product_cat?post=86179"},{"taxonomy":"product_tag","embeddable":true,"href":"https:\/\/www.loewen-apotheke24.com\/de\/wp-json\/wp\/v2\/product_tag?post=86179"}],"curies":[{"name":"wp","href":"https:\/\/api.w.org\/{rel}","templated":true}]}}