{"id":904,"date":"2017-08-09T06:27:00","date_gmt":"2017-08-09T05:27:00","guid":{"rendered":"https:\/\/www.loewen-apotheke24.com\/?post_type=product&#038;p=904"},"modified":"2026-03-23T22:13:26","modified_gmt":"2026-03-23T21:13:26","slug":"neydil-nr7-d4-pro-vet-10x5x2ml","status":"publish","type":"product","link":"https:\/\/www.loewen-apotheke24.com\/de\/shop\/vitorgan\/neydil-nr7-d4-pro-vet-10x5x2ml\/","title":{"rendered":"Neydil Nr.7 D4 pro vet. Klinikpackung Ampullen 10x5x2ml"},"content":{"rendered":"<h3 style=\"text-align: left;\">Neydil Nr.7 D4 pro vet. Klinikpackung Ampullen<\/h3>\n<p>&#8222;Ren&#8220; &#8211; Neydil Nr.7 D4 pro vet. Klinikpackung Ampullen.<\/p>\n<p style=\"text-align: left;\">Die Biomolekulare vitOrgan-Therapie ist eine Erfolgstherapie. Sie schl\u00e4gt die Br\u00fccke zwischen der so genannten Schulmedizin und den Naturheilverfahren. Dabei nutzt sie nutzt die nat\u00fcrlichen regulatorisch und metabolisch wirkenden Substanzen, die bei Mensch und Tier gleicherma\u00dfen vorhanden sind, um bei einer Krankheit aus dem Gleichgewicht geratene Prozesse physiologisch wieder zu normalisieren \u2013 und damit den Patienten nicht nur symptomatisch, sondern kausal zu behandeln. Nicht blockieren, sondern regulieren. Das ist das zentrale Prinzip der vitOrgan-Therapie, die durch ihre vernetzte und ganzheitliche Denkweise den Menschen in seiner Ganzheit behandelt.<\/p>\n<p>Das umfangreiche Portfolio bietet Ihnen hochwertige, registrierte Arzneimittel f\u00fcr die ganzheitliche Behandlung von Beschwerden von A wie Allergien bis Z wie Zirrhose. Erg\u00e4nzt wird das Angebot durch nat\u00fcrliche Kosmetika, Nahrungserg\u00e4nzungsmittel, Haarwuchsmittel sowie Bachbl\u00fcten-Organkomplexe unserer Tochterunternehmen Regena Ney und Innovapharm.<\/p>\n<p>Angaben vom Hersteller vitOrgan zu Neydil Nr.7 D4 &#8211; <a href=\"https:\/\/vitorgan.de\/produkte\/nahrungsergaenzungspraeparate\/augennahrung\/\" target=\"_blank\" rel=\"noopener noreferrer\">zur Webseite<\/a><br \/>\nAndere Produkte von <a href=\"https:\/\/www.loewen-apotheke24.com\/de\/product_cat\/vitorgan\/\">vitOrgan<\/a><\/p>\n<p>Die auf dieser Website bereitgestellten Informationen dienen ausschlie\u00dflich der allgemeinen Information. Sie ersetzen nicht die fachliche Beratung, Diagnose oder Behandlung durch einen Arzt. Nahrungserg\u00e4nzungsmittel sind kein Ersatz f\u00fcr eine ausgewogene Ern\u00e4hrung. Bitte \u00fcberschreiten Sie nicht die empfohlene t\u00e4gliche Verzehrmenge.<\/p>\n<p>Zu Risiken und Nebenwirkungen lesen Sie die Packungsbeilage und fragen Sie Ihren Arzt oder Apotheker.<\/p>\n<h3 style=\"text-align: left;\">Fragen zum Produkt? Wir sind f\u00fcr Sie da!<\/h3>\n<div>Unsere verantwortliche Apothekerin\u00a0Dr. Sandra Hoff\u00a0und ihr Team beraten Sie gerne pers\u00f6nlich \u2013 telefonisch oder per E-Mail. Als\u00a0<a href=\"https:\/\/www.loewen-apotheke24.com\/de\/loewen-apotheke\/\">echte Apotheke vor Ort<\/a>\u00a0und\u00a0<a href=\"https:\/\/versandhandel.dimdi.de\/websearch\/servlet\/Gate;jsessionid=0D29D15655BE1174E9178A340E8FE6BC?accessid=dimdi_var&amp;term=3c387956690121ccc8763184f052b93f\" target=\"_blank\" rel=\"noopener\">zugelassene Versandapotheke<\/a>\u00a0bieten wir Ihnen kompetente Unterst\u00fctzung, besonders in den Bereichen\u00a0<a href=\"https:\/\/www.loewen-apotheke24.com\/de\/product_tag\/naturheilmittel\/\">Naturheilkunde\u00a0<\/a>und\u00a0<a href=\"https:\/\/www.loewen-apotheke24.com\/de\/product_tag\/vitamine-mineralien-nahrungsergaenzung\/\">Nahrungserg\u00e4nzungsmittel<\/a>, hier Produkte von <a href=\"https:\/\/www.loewen-apotheke24.com\/de\/product_cat\/vitorgan\/\">vitOrgan Arzneimittel<\/a> und <a href=\"https:\/\/www.loewen-apotheke24.com\/de\/product_cat\/labo-life\/\">Labo Life.<\/a> <a href=\"https:\/\/versandhandel.dimdi.de\/websearch\/servlet\/Gate;jsessionid=0D29D15655BE1174E9178A340E8FE6BC?accessid=dimdi_var&amp;term=3c387956690121ccc8763184f052b93f\" target=\"_blank\" rel=\"noopener\">Zum Eintrag im Versandhandelsregister<\/a>.<\/div>\n<h3 style=\"text-align: left;\">Rezept oder E-Rezept einl\u00f6sen:<\/h3>\n<p>Sie haben ein Rezept oder E-Rezept? Reichen Sie es bequem \u00fcber unsere <a href=\"https:\/\/e-rezept-app.de\/shop-rezept\" target=\"_blank\" rel=\"noreferrer noopener\">E-Rezept<\/a>\u00a0 App ein \u2013 auch Privatrezepte f\u00fcr Selbstzahler sind m\u00f6glich. Schnell, sicher und einfach.<\/p>\n","protected":false},"excerpt":{"rendered":"<h2 style=\"text-align: left;\">Neydil Nr.7 D4 pro vet. Klinikpackung Ampullen (10 Packungen a 5x2ml)<\/h2>\n<p><strong>PZN<\/strong>: 06487836 (Pharmazentralnummer)<\/p>\n<p><strong>Darreichungsform<\/strong>:\u00a0 Ampullen<\/p>\n<p><strong>Packungsgr\u00f6\u00dfe<\/strong>:\u00a0 10x5x2ml<\/p>\n<p><strong>Marke<\/strong>: <a href=\"https:\/\/www.loewen-apotheke24.com\/de\/product_tag\/vitorgan\/\">vitorgan<\/a><\/p>\n<p><strong>Hersteller<\/strong>: vitOrgan GmbH &amp; Co.KG<\/p>\n","protected":false},"featured_media":4439,"template":"","meta":[],"product_cat":[12],"product_tag":[96,102,100,995,484,996,97],"yoast_head":"<!-- This site is optimized with the Yoast SEO Premium plugin v21.0 (Yoast SEO v21.0) - https:\/\/yoast.com\/wordpress\/plugins\/seo\/ -->\n<title>Neydil Nr.7 D4 pro vet. Klinikpackung Ampullen 10x5x2ml<\/title>\n<meta name=\"description\" content=\"Neydil Nr.7 D4 pro vet. Klinikpackung Ampullen 10x5x2ml bei Ihrer deutschen Online-Apotheke g\u00fcnstig bestellen. Hersteller: Vitorgan Arzneimittel GmbH.\" \/>\n<meta name=\"robots\" content=\"index, follow, max-snippet:-1, max-image-preview:large, max-video-preview:-1\" \/>\n<link rel=\"canonical\" href=\"https:\/\/www.loewen-apotheke24.com\/de\/shop\/vitorgan\/neydil-nr7-d4-pro-vet-10x5x2ml\/\" \/>\n<meta property=\"og:locale\" content=\"de_DE\" \/>\n<meta property=\"og:type\" content=\"article\" \/>\n<meta property=\"og:title\" content=\"Neydil Nr.7 D4 pro vet. Klinikpackung Ampullen 10x5x2ml\" \/>\n<meta property=\"og:description\" content=\"Neydil Nr.7 D4 pro vet. Klinikpackung Ampullen 10x5x2ml bei Ihrer deutschen Online-Apotheke g\u00fcnstig bestellen. Hersteller: Vitorgan Arzneimittel GmbH.\" \/>\n<meta property=\"og:url\" content=\"https:\/\/www.loewen-apotheke24.com\/de\/shop\/vitorgan\/neydil-nr7-d4-pro-vet-10x5x2ml\/\" \/>\n<meta property=\"og:site_name\" content=\"L\u00f6wen Apotheke24\" \/>\n<meta property=\"article:modified_time\" content=\"2026-03-23T21:13:26+00:00\" \/>\n<meta property=\"og:image\" content=\"https:\/\/www.loewen-apotheke24.com\/wp-content\/uploads\/2017\/08\/92_7_D4.jpg\" \/>\n\t<meta property=\"og:image:width\" content=\"1920\" \/>\n\t<meta property=\"og:image:height\" content=\"1280\" \/>\n\t<meta property=\"og:image:type\" content=\"image\/jpeg\" \/>\n<meta name=\"twitter:card\" content=\"summary_large_image\" \/>\n<meta name=\"twitter:label1\" content=\"Gesch\u00e4tzte Lesezeit\" \/>\n\t<meta name=\"twitter:data1\" content=\"2\u00a0Minuten\" \/>\n<script type=\"application\/ld+json\" class=\"yoast-schema-graph\">{\"@context\":\"https:\/\/schema.org\",\"@graph\":[{\"@type\":\"WebPage\",\"@id\":\"https:\/\/www.loewen-apotheke24.com\/de\/shop\/vitorgan\/neydil-nr7-d4-pro-vet-10x5x2ml\/\",\"url\":\"https:\/\/www.loewen-apotheke24.com\/de\/shop\/vitorgan\/neydil-nr7-d4-pro-vet-10x5x2ml\/\",\"name\":\"Neydil Nr.7 D4 pro vet. Klinikpackung Ampullen 10x5x2ml\",\"isPartOf\":{\"@id\":\"https:\/\/www.loewen-apotheke24.com\/de\/#website\"},\"datePublished\":\"2017-08-09T05:27:00+00:00\",\"dateModified\":\"2026-03-23T21:13:26+00:00\",\"description\":\"Neydil Nr.7 D4 pro vet. Klinikpackung Ampullen 10x5x2ml bei Ihrer deutschen Online-Apotheke g\u00fcnstig bestellen. Hersteller: Vitorgan Arzneimittel GmbH.\",\"breadcrumb\":{\"@id\":\"https:\/\/www.loewen-apotheke24.com\/de\/shop\/vitorgan\/neydil-nr7-d4-pro-vet-10x5x2ml\/#breadcrumb\"},\"inLanguage\":\"de\",\"potentialAction\":[{\"@type\":\"ReadAction\",\"target\":[\"https:\/\/www.loewen-apotheke24.com\/de\/shop\/vitorgan\/neydil-nr7-d4-pro-vet-10x5x2ml\/\"]}]},{\"@type\":\"BreadcrumbList\",\"@id\":\"https:\/\/www.loewen-apotheke24.com\/de\/shop\/vitorgan\/neydil-nr7-d4-pro-vet-10x5x2ml\/#breadcrumb\",\"itemListElement\":[{\"@type\":\"ListItem\",\"position\":1,\"name\":\"Shop\",\"item\":\"https:\/\/www.loewen-apotheke24.com\/de\/shop\/\"},{\"@type\":\"ListItem\",\"position\":2,\"name\":\"Neydil Nr.7 D4 pro vet. Klinikpackung Ampullen 10x5x2ml\"}]},{\"@type\":\"WebSite\",\"@id\":\"https:\/\/www.loewen-apotheke24.com\/de\/#website\",\"url\":\"https:\/\/www.loewen-apotheke24.com\/de\/\",\"name\":\"L\u00f6wen Apotheke24\",\"description\":\"Spezialist f\u00fcr Naturmedizin - Versandapotheke Baden-Baden\",\"publisher\":{\"@id\":\"https:\/\/www.loewen-apotheke24.com\/de\/#organization\"},\"potentialAction\":[{\"@type\":\"SearchAction\",\"target\":{\"@type\":\"EntryPoint\",\"urlTemplate\":\"https:\/\/www.loewen-apotheke24.com\/de\/?s={search_term_string}\"},\"query-input\":\"required name=search_term_string\"}],\"inLanguage\":\"de\"},{\"@type\":\"Organization\",\"@id\":\"https:\/\/www.loewen-apotheke24.com\/de\/#organization\",\"name\":\"L\u00f6wen Apotheke\",\"alternateName\":\"L\u00f6wen Apotheke\",\"url\":\"https:\/\/www.loewen-apotheke24.com\/de\/\",\"logo\":{\"@type\":\"ImageObject\",\"inLanguage\":\"de\",\"@id\":\"https:\/\/www.loewen-apotheke24.com\/de\/#\/schema\/logo\/image\/\",\"url\":\"https:\/\/www.loewen-apotheke24.com\/wp-content\/uploads\/2024\/02\/Logo-Loewen-Apotheke-700x700-1.png\",\"contentUrl\":\"https:\/\/www.loewen-apotheke24.com\/wp-content\/uploads\/2024\/02\/Logo-Loewen-Apotheke-700x700-1.png\",\"width\":700,\"height\":700,\"caption\":\"L\u00f6wen Apotheke\"},\"image\":{\"@id\":\"https:\/\/www.loewen-apotheke24.com\/de\/#\/schema\/logo\/image\/\"}}]}<\/script>\n<!-- \/ Yoast SEO Premium plugin. -->","yoast_head_json":{"title":"Neydil Nr.7 D4 pro vet. Klinikpackung Ampullen 10x5x2ml","description":"Neydil Nr.7 D4 pro vet. Klinikpackung Ampullen 10x5x2ml bei Ihrer deutschen Online-Apotheke g\u00fcnstig bestellen. Hersteller: Vitorgan Arzneimittel GmbH.","robots":{"index":"index","follow":"follow","max-snippet":"max-snippet:-1","max-image-preview":"max-image-preview:large","max-video-preview":"max-video-preview:-1"},"canonical":"https:\/\/www.loewen-apotheke24.com\/de\/shop\/vitorgan\/neydil-nr7-d4-pro-vet-10x5x2ml\/","og_locale":"de_DE","og_type":"article","og_title":"Neydil Nr.7 D4 pro vet. Klinikpackung Ampullen 10x5x2ml","og_description":"Neydil Nr.7 D4 pro vet. Klinikpackung Ampullen 10x5x2ml bei Ihrer deutschen Online-Apotheke g\u00fcnstig bestellen. Hersteller: Vitorgan Arzneimittel GmbH.","og_url":"https:\/\/www.loewen-apotheke24.com\/de\/shop\/vitorgan\/neydil-nr7-d4-pro-vet-10x5x2ml\/","og_site_name":"L\u00f6wen Apotheke24","article_modified_time":"2026-03-23T21:13:26+00:00","og_image":[{"width":1920,"height":1280,"url":"https:\/\/www.loewen-apotheke24.com\/wp-content\/uploads\/2017\/08\/92_7_D4.jpg","type":"image\/jpeg"}],"twitter_card":"summary_large_image","twitter_misc":{"Gesch\u00e4tzte Lesezeit":"2\u00a0Minuten"},"schema":{"@context":"https:\/\/schema.org","@graph":[{"@type":"WebPage","@id":"https:\/\/www.loewen-apotheke24.com\/de\/shop\/vitorgan\/neydil-nr7-d4-pro-vet-10x5x2ml\/","url":"https:\/\/www.loewen-apotheke24.com\/de\/shop\/vitorgan\/neydil-nr7-d4-pro-vet-10x5x2ml\/","name":"Neydil Nr.7 D4 pro vet. Klinikpackung Ampullen 10x5x2ml","isPartOf":{"@id":"https:\/\/www.loewen-apotheke24.com\/de\/#website"},"datePublished":"2017-08-09T05:27:00+00:00","dateModified":"2026-03-23T21:13:26+00:00","description":"Neydil Nr.7 D4 pro vet. Klinikpackung Ampullen 10x5x2ml bei Ihrer deutschen Online-Apotheke g\u00fcnstig bestellen. Hersteller: Vitorgan Arzneimittel GmbH.","breadcrumb":{"@id":"https:\/\/www.loewen-apotheke24.com\/de\/shop\/vitorgan\/neydil-nr7-d4-pro-vet-10x5x2ml\/#breadcrumb"},"inLanguage":"de","potentialAction":[{"@type":"ReadAction","target":["https:\/\/www.loewen-apotheke24.com\/de\/shop\/vitorgan\/neydil-nr7-d4-pro-vet-10x5x2ml\/"]}]},{"@type":"BreadcrumbList","@id":"https:\/\/www.loewen-apotheke24.com\/de\/shop\/vitorgan\/neydil-nr7-d4-pro-vet-10x5x2ml\/#breadcrumb","itemListElement":[{"@type":"ListItem","position":1,"name":"Shop","item":"https:\/\/www.loewen-apotheke24.com\/de\/shop\/"},{"@type":"ListItem","position":2,"name":"Neydil Nr.7 D4 pro vet. Klinikpackung Ampullen 10x5x2ml"}]},{"@type":"WebSite","@id":"https:\/\/www.loewen-apotheke24.com\/de\/#website","url":"https:\/\/www.loewen-apotheke24.com\/de\/","name":"L\u00f6wen Apotheke24","description":"Spezialist f\u00fcr Naturmedizin - Versandapotheke Baden-Baden","publisher":{"@id":"https:\/\/www.loewen-apotheke24.com\/de\/#organization"},"potentialAction":[{"@type":"SearchAction","target":{"@type":"EntryPoint","urlTemplate":"https:\/\/www.loewen-apotheke24.com\/de\/?s={search_term_string}"},"query-input":"required name=search_term_string"}],"inLanguage":"de"},{"@type":"Organization","@id":"https:\/\/www.loewen-apotheke24.com\/de\/#organization","name":"L\u00f6wen Apotheke","alternateName":"L\u00f6wen Apotheke","url":"https:\/\/www.loewen-apotheke24.com\/de\/","logo":{"@type":"ImageObject","inLanguage":"de","@id":"https:\/\/www.loewen-apotheke24.com\/de\/#\/schema\/logo\/image\/","url":"https:\/\/www.loewen-apotheke24.com\/wp-content\/uploads\/2024\/02\/Logo-Loewen-Apotheke-700x700-1.png","contentUrl":"https:\/\/www.loewen-apotheke24.com\/wp-content\/uploads\/2024\/02\/Logo-Loewen-Apotheke-700x700-1.png","width":700,"height":700,"caption":"L\u00f6wen Apotheke"},"image":{"@id":"https:\/\/www.loewen-apotheke24.com\/de\/#\/schema\/logo\/image\/"}}]}},"_links":{"self":[{"href":"https:\/\/www.loewen-apotheke24.com\/de\/wp-json\/wp\/v2\/product\/904"}],"collection":[{"href":"https:\/\/www.loewen-apotheke24.com\/de\/wp-json\/wp\/v2\/product"}],"about":[{"href":"https:\/\/www.loewen-apotheke24.com\/de\/wp-json\/wp\/v2\/types\/product"}],"wp:featuredmedia":[{"embeddable":true,"href":"https:\/\/www.loewen-apotheke24.com\/de\/wp-json\/wp\/v2\/media\/4439"}],"wp:attachment":[{"href":"https:\/\/www.loewen-apotheke24.com\/de\/wp-json\/wp\/v2\/media?parent=904"}],"wp:term":[{"taxonomy":"product_cat","embeddable":true,"href":"https:\/\/www.loewen-apotheke24.com\/de\/wp-json\/wp\/v2\/product_cat?post=904"},{"taxonomy":"product_tag","embeddable":true,"href":"https:\/\/www.loewen-apotheke24.com\/de\/wp-json\/wp\/v2\/product_tag?post=904"}],"curies":[{"name":"wp","href":"https:\/\/api.w.org\/{rel}","templated":true}]}}