{"id":913,"date":"2017-08-09T06:50:05","date_gmt":"2017-08-09T05:50:05","guid":{"rendered":"https:\/\/www.loewen-apotheke24.com\/?post_type=product&#038;p=913"},"modified":"2025-03-11T11:01:58","modified_gmt":"2025-03-11T10:01:58","slug":"neydil-nr68-d4-pro-vet-10x5x2ml","status":"publish","type":"product","link":"https:\/\/www.loewen-apotheke24.com\/de\/shop\/vitorgan\/neydil-nr68-d4-pro-vet-10x5x2ml\/","title":{"rendered":"Neydil Nr.68 D4 pro vet. Klinikpackung Ampullen 10x5x2ml"},"content":{"rendered":"<h3 style=\"text-align: left;\">Neydil Nr.68 D4 pro vet. Klinikpackung Ampullen<\/h3>\n<p style=\"text-align: left;\">Neydil Nr.68 D4 pro vet. Klinikpackung Ampullen: &#8222;Thymus, Hypophysis, Diencephalon, Medulla spinal., Gland. suprarenal., Testes, Hepar, Pancreas, Musculi, Columna vertebral., Articuli, Ren, Placenta, Nucleus pulp. &#8222;<\/p>\n<p>Die von vitOrgan zur biomolekularen Therapie angebotenen organhom\u00f6opathischen Pr\u00e4parate nutzen nat\u00fcrliche regulatorisch und metabolisch wirkende organische Substanzen, um aus dem Gleichgewicht geratene Prozesse physiologisch wieder zu normalisieren. Nach dem Prinzip \u201eHerz heilt Herz, Niere heilt Niere, Organ heilt Organ\u201c gilt es, die Kraft geschw\u00e4chter Zellen durch gezielte Regulation zu wecken.<\/p>\n<p style=\"text-align: left;\">Die Biomolekulare vitOrgan-Therapie ist eine Erfolgstherapie. Sie schl\u00e4gt die Br\u00fccke zwischen der so genannten Schulmedizin und den Naturheilverfahren. Dabei nutzt sie nutzt die nat\u00fcrlichen regulatorisch und metabolisch wirkenden Substanzen, die bei Mensch und Tier gleicherma\u00dfen vorhanden sind, um bei einer Krankheit aus dem Gleichgewicht geratene Prozesse physiologisch wieder zu normalisieren \u2013 und damit den Patienten nicht nur symptomatisch, sondern kausal zu behandeln. Nicht blockieren, sondern regulieren. Das ist das zentrale Prinzip der vitOrgan-Therapie, die durch ihre vernetzte und ganzheitliche Denkweise den Menschen in seiner Ganzheit behandelt.<\/p>\n<p>Angaben vom Hersteller vitOrgan zu Neydil Nr.68 D4 pro vet. <a href=\"https:\/\/vitorgan.de\/produkte\/produkte-veterinaer\/?gad_source=1&amp;gclid=EAIaIQobChMI26_2qdPvigMVXpaDBx26IDeNEAAYASAAEgLrDfD_BwE\" target=\"_blank\" rel=\"noopener noreferrer\">zur Revitorgan &#8211; Veterin\u00e4rprodukte Webseite<\/a><br \/>\nAndere Produkte von <a href=\"https:\/\/www.loewen-apotheke24.com\/de\/product_cat\/vitorgan\/\">vitOrgan<\/a><\/p>\n<p>Informationen auf dieser Website werden ausschlie\u00dflich f\u00fcr informative Zwecke zur Verf\u00fcgung gestellt. Sie ersetzen keinesfalls die Untersuchung und Behandlung durch einen Arzt. Bitte beachten Sie, dass hierdurch weder Diagnosen gestellt noch Therapien eingeleitet werden k\u00f6nnen.<\/p>\n<p>Zu Risiken und Nebenwirkungen lesen Sie die Packungsbeilage und fragen Sie Ihren Arzt oder Apotheker.<\/p>\n","protected":false},"excerpt":{"rendered":"<h2 style=\"text-align: left;\">Neydil Nr.68 D4 pro vet. Klinikpackung Ampullen (10 Packungen a 5x2ml)<\/h2>\n<p><strong>PZN<\/strong>: 06488020 (Pharmazentralnummer)<\/p>\n<p><strong>Darreichungsform<\/strong>:\u00a0 Ampullen<\/p>\n<p><strong>Packungsgr\u00f6\u00dfe<\/strong>:\u00a0 10x5x2ml<\/p>\n<p><strong>Marke<\/strong>: <a href=\"https:\/\/www.loewen-apotheke24.com\/de\/product_tag\/vitorgan\/\">vitorgan<\/a><\/p>\n<p><strong>Hersteller<\/strong>: vitOrgan GmbH &amp; Co.KG<\/p>\n","protected":false},"featured_media":118656,"template":"","meta":[],"product_cat":[12],"product_tag":[106,96,102,995,484,996],"yoast_head":"<!-- This site is optimized with the Yoast SEO Premium plugin v21.0 (Yoast SEO v21.0) - https:\/\/yoast.com\/wordpress\/plugins\/seo\/ -->\n<title>Neydil Nr.68 D4 pro vet. Klinikpackung Ampullen 10x5x2ml<\/title>\n<meta name=\"description\" content=\"Neydil Nr.68 D4 pro vet. Klinikpackung Ampullen 10x5x2ml bei Ihrer deutschen Online-Apotheke g\u00fcnstig bestellen. Hersteller: Vitorgan Arzneimittel GmbH.\" \/>\n<meta name=\"robots\" content=\"index, follow, max-snippet:-1, max-image-preview:large, max-video-preview:-1\" \/>\n<link rel=\"canonical\" href=\"https:\/\/www.loewen-apotheke24.com\/de\/shop\/vitorgan\/neydil-nr68-d4-pro-vet-10x5x2ml\/\" \/>\n<meta property=\"og:locale\" content=\"de_DE\" \/>\n<meta property=\"og:type\" content=\"article\" \/>\n<meta property=\"og:title\" content=\"Neydil Nr.68 D4 pro vet. Klinikpackung Ampullen 10x5x2ml\" \/>\n<meta property=\"og:description\" content=\"Neydil Nr.68 D4 pro vet. Klinikpackung Ampullen 10x5x2ml bei Ihrer deutschen Online-Apotheke g\u00fcnstig bestellen. Hersteller: Vitorgan Arzneimittel GmbH.\" \/>\n<meta property=\"og:url\" content=\"https:\/\/www.loewen-apotheke24.com\/de\/shop\/vitorgan\/neydil-nr68-d4-pro-vet-10x5x2ml\/\" \/>\n<meta property=\"og:site_name\" content=\"L\u00f6wen Apotheke24\" \/>\n<meta property=\"article:modified_time\" content=\"2025-03-11T10:01:58+00:00\" \/>\n<meta property=\"og:image\" content=\"https:\/\/www.loewen-apotheke24.com\/wp-content\/uploads\/2017\/08\/Neydil-Nr.68-D4-pro-vet.-Ampullen-5x2ml-von-vitOrgan-Arzneimittel.-PZN-06488014.-Loewen-Apotheke-Lions-Pharmacy.webp\" \/>\n\t<meta property=\"og:image:width\" content=\"600\" \/>\n\t<meta property=\"og:image:height\" content=\"600\" \/>\n\t<meta property=\"og:image:type\" content=\"image\/webp\" \/>\n<meta name=\"twitter:card\" content=\"summary_large_image\" \/>\n<meta name=\"twitter:label1\" content=\"Gesch\u00e4tzte Lesezeit\" \/>\n\t<meta name=\"twitter:data1\" content=\"2\u00a0Minuten\" \/>\n<script type=\"application\/ld+json\" class=\"yoast-schema-graph\">{\"@context\":\"https:\/\/schema.org\",\"@graph\":[{\"@type\":\"WebPage\",\"@id\":\"https:\/\/www.loewen-apotheke24.com\/de\/shop\/vitorgan\/neydil-nr68-d4-pro-vet-10x5x2ml\/\",\"url\":\"https:\/\/www.loewen-apotheke24.com\/de\/shop\/vitorgan\/neydil-nr68-d4-pro-vet-10x5x2ml\/\",\"name\":\"Neydil Nr.68 D4 pro vet. Klinikpackung Ampullen 10x5x2ml\",\"isPartOf\":{\"@id\":\"https:\/\/www.loewen-apotheke24.com\/de\/#website\"},\"datePublished\":\"2017-08-09T05:50:05+00:00\",\"dateModified\":\"2025-03-11T10:01:58+00:00\",\"description\":\"Neydil Nr.68 D4 pro vet. Klinikpackung Ampullen 10x5x2ml bei Ihrer deutschen Online-Apotheke g\u00fcnstig bestellen. Hersteller: Vitorgan Arzneimittel GmbH.\",\"breadcrumb\":{\"@id\":\"https:\/\/www.loewen-apotheke24.com\/de\/shop\/vitorgan\/neydil-nr68-d4-pro-vet-10x5x2ml\/#breadcrumb\"},\"inLanguage\":\"de\",\"potentialAction\":[{\"@type\":\"ReadAction\",\"target\":[\"https:\/\/www.loewen-apotheke24.com\/de\/shop\/vitorgan\/neydil-nr68-d4-pro-vet-10x5x2ml\/\"]}]},{\"@type\":\"BreadcrumbList\",\"@id\":\"https:\/\/www.loewen-apotheke24.com\/de\/shop\/vitorgan\/neydil-nr68-d4-pro-vet-10x5x2ml\/#breadcrumb\",\"itemListElement\":[{\"@type\":\"ListItem\",\"position\":1,\"name\":\"Shop\",\"item\":\"https:\/\/www.loewen-apotheke24.com\/de\/shop\/\"},{\"@type\":\"ListItem\",\"position\":2,\"name\":\"Neydil Nr.68 D4 pro vet. Klinikpackung Ampullen 10x5x2ml\"}]},{\"@type\":\"WebSite\",\"@id\":\"https:\/\/www.loewen-apotheke24.com\/de\/#website\",\"url\":\"https:\/\/www.loewen-apotheke24.com\/de\/\",\"name\":\"L\u00f6wen Apotheke24\",\"description\":\"Spezialist f\u00fcr Naturmedizin - Versandapotheke Baden-Baden\",\"publisher\":{\"@id\":\"https:\/\/www.loewen-apotheke24.com\/de\/#organization\"},\"potentialAction\":[{\"@type\":\"SearchAction\",\"target\":{\"@type\":\"EntryPoint\",\"urlTemplate\":\"https:\/\/www.loewen-apotheke24.com\/de\/?s={search_term_string}\"},\"query-input\":\"required name=search_term_string\"}],\"inLanguage\":\"de\"},{\"@type\":\"Organization\",\"@id\":\"https:\/\/www.loewen-apotheke24.com\/de\/#organization\",\"name\":\"L\u00f6wen Apotheke\",\"alternateName\":\"L\u00f6wen Apotheke\",\"url\":\"https:\/\/www.loewen-apotheke24.com\/de\/\",\"logo\":{\"@type\":\"ImageObject\",\"inLanguage\":\"de\",\"@id\":\"https:\/\/www.loewen-apotheke24.com\/de\/#\/schema\/logo\/image\/\",\"url\":\"https:\/\/www.loewen-apotheke24.com\/wp-content\/uploads\/2024\/02\/Logo-Loewen-Apotheke-700x700-1.png\",\"contentUrl\":\"https:\/\/www.loewen-apotheke24.com\/wp-content\/uploads\/2024\/02\/Logo-Loewen-Apotheke-700x700-1.png\",\"width\":700,\"height\":700,\"caption\":\"L\u00f6wen Apotheke\"},\"image\":{\"@id\":\"https:\/\/www.loewen-apotheke24.com\/de\/#\/schema\/logo\/image\/\"}}]}<\/script>\n<!-- \/ Yoast SEO Premium plugin. -->","yoast_head_json":{"title":"Neydil Nr.68 D4 pro vet. Klinikpackung Ampullen 10x5x2ml","description":"Neydil Nr.68 D4 pro vet. Klinikpackung Ampullen 10x5x2ml bei Ihrer deutschen Online-Apotheke g\u00fcnstig bestellen. Hersteller: Vitorgan Arzneimittel GmbH.","robots":{"index":"index","follow":"follow","max-snippet":"max-snippet:-1","max-image-preview":"max-image-preview:large","max-video-preview":"max-video-preview:-1"},"canonical":"https:\/\/www.loewen-apotheke24.com\/de\/shop\/vitorgan\/neydil-nr68-d4-pro-vet-10x5x2ml\/","og_locale":"de_DE","og_type":"article","og_title":"Neydil Nr.68 D4 pro vet. Klinikpackung Ampullen 10x5x2ml","og_description":"Neydil Nr.68 D4 pro vet. Klinikpackung Ampullen 10x5x2ml bei Ihrer deutschen Online-Apotheke g\u00fcnstig bestellen. Hersteller: Vitorgan Arzneimittel GmbH.","og_url":"https:\/\/www.loewen-apotheke24.com\/de\/shop\/vitorgan\/neydil-nr68-d4-pro-vet-10x5x2ml\/","og_site_name":"L\u00f6wen Apotheke24","article_modified_time":"2025-03-11T10:01:58+00:00","og_image":[{"width":600,"height":600,"url":"https:\/\/www.loewen-apotheke24.com\/wp-content\/uploads\/2017\/08\/Neydil-Nr.68-D4-pro-vet.-Ampullen-5x2ml-von-vitOrgan-Arzneimittel.-PZN-06488014.-Loewen-Apotheke-Lions-Pharmacy.webp","type":"image\/webp"}],"twitter_card":"summary_large_image","twitter_misc":{"Gesch\u00e4tzte Lesezeit":"2\u00a0Minuten"},"schema":{"@context":"https:\/\/schema.org","@graph":[{"@type":"WebPage","@id":"https:\/\/www.loewen-apotheke24.com\/de\/shop\/vitorgan\/neydil-nr68-d4-pro-vet-10x5x2ml\/","url":"https:\/\/www.loewen-apotheke24.com\/de\/shop\/vitorgan\/neydil-nr68-d4-pro-vet-10x5x2ml\/","name":"Neydil Nr.68 D4 pro vet. Klinikpackung Ampullen 10x5x2ml","isPartOf":{"@id":"https:\/\/www.loewen-apotheke24.com\/de\/#website"},"datePublished":"2017-08-09T05:50:05+00:00","dateModified":"2025-03-11T10:01:58+00:00","description":"Neydil Nr.68 D4 pro vet. Klinikpackung Ampullen 10x5x2ml bei Ihrer deutschen Online-Apotheke g\u00fcnstig bestellen. Hersteller: Vitorgan Arzneimittel GmbH.","breadcrumb":{"@id":"https:\/\/www.loewen-apotheke24.com\/de\/shop\/vitorgan\/neydil-nr68-d4-pro-vet-10x5x2ml\/#breadcrumb"},"inLanguage":"de","potentialAction":[{"@type":"ReadAction","target":["https:\/\/www.loewen-apotheke24.com\/de\/shop\/vitorgan\/neydil-nr68-d4-pro-vet-10x5x2ml\/"]}]},{"@type":"BreadcrumbList","@id":"https:\/\/www.loewen-apotheke24.com\/de\/shop\/vitorgan\/neydil-nr68-d4-pro-vet-10x5x2ml\/#breadcrumb","itemListElement":[{"@type":"ListItem","position":1,"name":"Shop","item":"https:\/\/www.loewen-apotheke24.com\/de\/shop\/"},{"@type":"ListItem","position":2,"name":"Neydil Nr.68 D4 pro vet. Klinikpackung Ampullen 10x5x2ml"}]},{"@type":"WebSite","@id":"https:\/\/www.loewen-apotheke24.com\/de\/#website","url":"https:\/\/www.loewen-apotheke24.com\/de\/","name":"L\u00f6wen Apotheke24","description":"Spezialist f\u00fcr Naturmedizin - Versandapotheke Baden-Baden","publisher":{"@id":"https:\/\/www.loewen-apotheke24.com\/de\/#organization"},"potentialAction":[{"@type":"SearchAction","target":{"@type":"EntryPoint","urlTemplate":"https:\/\/www.loewen-apotheke24.com\/de\/?s={search_term_string}"},"query-input":"required name=search_term_string"}],"inLanguage":"de"},{"@type":"Organization","@id":"https:\/\/www.loewen-apotheke24.com\/de\/#organization","name":"L\u00f6wen Apotheke","alternateName":"L\u00f6wen Apotheke","url":"https:\/\/www.loewen-apotheke24.com\/de\/","logo":{"@type":"ImageObject","inLanguage":"de","@id":"https:\/\/www.loewen-apotheke24.com\/de\/#\/schema\/logo\/image\/","url":"https:\/\/www.loewen-apotheke24.com\/wp-content\/uploads\/2024\/02\/Logo-Loewen-Apotheke-700x700-1.png","contentUrl":"https:\/\/www.loewen-apotheke24.com\/wp-content\/uploads\/2024\/02\/Logo-Loewen-Apotheke-700x700-1.png","width":700,"height":700,"caption":"L\u00f6wen Apotheke"},"image":{"@id":"https:\/\/www.loewen-apotheke24.com\/de\/#\/schema\/logo\/image\/"}}]}},"_links":{"self":[{"href":"https:\/\/www.loewen-apotheke24.com\/de\/wp-json\/wp\/v2\/product\/913"}],"collection":[{"href":"https:\/\/www.loewen-apotheke24.com\/de\/wp-json\/wp\/v2\/product"}],"about":[{"href":"https:\/\/www.loewen-apotheke24.com\/de\/wp-json\/wp\/v2\/types\/product"}],"wp:featuredmedia":[{"embeddable":true,"href":"https:\/\/www.loewen-apotheke24.com\/de\/wp-json\/wp\/v2\/media\/118656"}],"wp:attachment":[{"href":"https:\/\/www.loewen-apotheke24.com\/de\/wp-json\/wp\/v2\/media?parent=913"}],"wp:term":[{"taxonomy":"product_cat","embeddable":true,"href":"https:\/\/www.loewen-apotheke24.com\/de\/wp-json\/wp\/v2\/product_cat?post=913"},{"taxonomy":"product_tag","embeddable":true,"href":"https:\/\/www.loewen-apotheke24.com\/de\/wp-json\/wp\/v2\/product_tag?post=913"}],"curies":[{"name":"wp","href":"https:\/\/api.w.org\/{rel}","templated":true}]}}