{"id":924,"date":"2017-08-09T19:30:20","date_gmt":"2017-08-09T18:30:20","guid":{"rendered":"https:\/\/www.loewen-apotheke24.com\/?post_type=product&#038;p=924"},"modified":"2024-02-27T19:46:53","modified_gmt":"2024-02-27T18:46:53","slug":"aponormin-nr-65-d8-oraltropfen-individual-rezeptur-15ml","status":"publish","type":"product","link":"https:\/\/www.loewen-apotheke24.com\/de\/shop\/loewen-apotheke\/aponormin-nr-65-d8-oraltropfen-individual-rezeptur-15ml\/","title":{"rendered":"Aponormin Nr.65 D8 Oraltropfen Individual-Rezeptur 15ml"},"content":{"rendered":"<h3 style=\"text-align: left;\">Aponormin Nr.65 D8 Oraltropfen Individual-Rezeptur 15ml<\/h3>\n<p>&#8222;ehemals Neynormin D7 Oral&#8220; Aponormin Nr.65 D8 Oraltropfen <a href=\"https:\/\/www.loewen-apotheke24.com\/de\/product_tag\/individualrezeptur\/\">Individual-Rezeptur<\/a>.<\/p>\n<p>Die Herstellung erfolgt im Rahmen einer rezepturm\u00e4\u00dfigen Einzelanfertigung speziell auf Ihre individuelle Bestellung. Die <a href=\"https:\/\/www.loewen-apotheke24.com\/de\/product_cat\/loewen-apotheke\/\">L\u00f6wen Apotheke Baden-Baden<\/a>, stellt aus Fertigarzneimitteln der Firma vitOrgan, Individualrezepturen in D8 her,\u00a0entsprechend der Rezepturen, der nicht mehr hergestellten Linguale.<\/p>\n<p>Die Herstellung erfolgt im Rahmen einer rezepturm\u00e4\u00dfigen Einzelanfertigung speziell auf Ihre individuelle Bestellung.<\/p>\n<p>Weitere Produktdetails und Produktgr\u00f6\u00dfen finden Sie beim Hersteller: <a href=\"https:\/\/www.loewen-apotheke24.com\/de\/product_cat\/loewen-apotheke\/\">L\u00f6wen Apotheke Baden-Baden<\/a> oder beim Partner: <a href=\"https:\/\/www.loewen-apotheke24.com\/de\/product_cat\/vitorgan\/\">vitOrgan<\/a><\/p>\n<p>Andere Kunden interessierten sich auch f\u00fcr Produkte zum Thema: <a href=\"https:\/\/www.loewen-apotheke24.com\/de\/product_tag\/unruhe\/\">Schlafst\u00f6rungen, Unruhe<\/a>\u00a0|\u00a0\u00a0<a href=\"https:\/\/www.loewen-apotheke24.com\/de\/product_tag\/reiseapotheke\/\">Reiseapotheke\u00a0<\/a><\/p>\n<p>Informationen auf dieser Website werden ausschlie\u00dflich f\u00fcr informative Zwecke zur Verf\u00fcgung gestellt. Sie ersetzen keinesfalls die Untersuchung und Behandlung durch einen Arzt. Bitte beachten Sie, dass hierdurch weder Diagnosen gestellt noch Therapien eingeleitet werden k\u00f6nnen.<\/p>\n<p>Zu Risiken und Nebenwirkungen lesen Sie die Packungsbeilage und fragen Sie Ihren Arzt oder Apotheker.<\/p>\n<h3 style=\"text-align: left;\">Rezept | E-Rezept vorhanden?<\/h3>\n<p>Reichen Sie jetzt Ihr E-Rezept ein. Nutzen Sie unsere\u00a0<a href=\"https:\/\/e-rezept-app.de\/shop-rezept\" target=\"_blank\" rel=\"noopener\">E-Rezept<\/a>\u00a0App. Und wir schenken Ihnen die Versandkosten!<\/p>\n","protected":false},"excerpt":{"rendered":"<h2 style=\"text-align: left;\">Aponormin Nr.65 D8 Oraltropfen Individual-Rezeptur 15ml<\/h2>\n<p>&#8222;ehemals Neynormin D7 Oral&#8220;<\/p>\n<p>Die L\u00f6wen Apotheke Baden-Baden, stellt aus Fertigarzneimitteln der Firma vitOrgan, Individualrezepturen in D8 her,\u00a0entsprechend der Rezepturen, der nicht mehr hergestellten Linguale.<\/p>\n<div>\n<p><strong>PZN<\/strong>:\u00a0 \u2013 (Pharmazentralnummer)<\/p>\n<p><strong>Darreichungsform<\/strong>: Tropfen<\/p>\n<p><strong>Verordnungsart<\/strong>: Rezeptfrei<\/p>\n<p><strong>Marke<\/strong>: <a href=\"https:\/\/www.loewen-apotheke24.com\/de\/product_cat\/loewen-apotheke\/\">L\u00f6wen Apotheke<\/a><\/p>\n<\/div>\n","protected":false},"featured_media":88271,"template":"","meta":[],"product_cat":[89],"product_tag":[74,110,109],"yoast_head":"<!-- This site is optimized with the Yoast SEO Premium plugin v21.0 (Yoast SEO v21.0) - https:\/\/yoast.com\/wordpress\/plugins\/seo\/ -->\n<title>Aponormin Nr.65 D8 Oraltropfen Individual-Rezeptur 15ml<\/title>\n<meta name=\"description\" content=\"L\u00f6wen Apotheke24 aus Baden-Baden, DE - kurze Lieferzeit - Spezialist f\u00fcr Naturheilkunde - Aponormin Nr.65 D8 Oraltropfen Individual-Rezeptur 15ml\" \/>\n<meta name=\"robots\" content=\"index, follow, max-snippet:-1, max-image-preview:large, max-video-preview:-1\" \/>\n<link rel=\"canonical\" href=\"https:\/\/www.loewen-apotheke24.com\/de\/shop\/loewen-apotheke\/aponormin-nr-65-d8-oraltropfen-individual-rezeptur-15ml\/\" \/>\n<meta property=\"og:locale\" content=\"de_DE\" \/>\n<meta property=\"og:type\" content=\"article\" \/>\n<meta property=\"og:title\" content=\"Aponormin Nr.65 D8 Oraltropfen Individual-Rezeptur 15ml\" \/>\n<meta property=\"og:description\" content=\"L\u00f6wen Apotheke24 aus Baden-Baden, DE - kurze Lieferzeit - Spezialist f\u00fcr Naturheilkunde - Aponormin Nr.65 D8 Oraltropfen Individual-Rezeptur 15ml\" \/>\n<meta property=\"og:url\" content=\"https:\/\/www.loewen-apotheke24.com\/de\/shop\/loewen-apotheke\/aponormin-nr-65-d8-oraltropfen-individual-rezeptur-15ml\/\" \/>\n<meta property=\"og:site_name\" content=\"L\u00f6wen Apotheke24\" \/>\n<meta property=\"article:modified_time\" content=\"2024-02-27T18:46:53+00:00\" \/>\n<meta property=\"og:image\" content=\"https:\/\/www.loewen-apotheke24.com\/wp-content\/uploads\/2017\/08\/Indivuidual-Herstellungen-Loewen-Apotheke-vitOrgan.webp\" \/>\n\t<meta property=\"og:image:width\" content=\"600\" \/>\n\t<meta property=\"og:image:height\" content=\"600\" \/>\n\t<meta property=\"og:image:type\" content=\"image\/webp\" \/>\n<meta name=\"twitter:card\" content=\"summary_large_image\" \/>\n<meta name=\"twitter:label1\" content=\"Gesch\u00e4tzte Lesezeit\" \/>\n\t<meta name=\"twitter:data1\" content=\"1\u00a0Minute\" \/>\n<script type=\"application\/ld+json\" class=\"yoast-schema-graph\">{\"@context\":\"https:\/\/schema.org\",\"@graph\":[{\"@type\":\"WebPage\",\"@id\":\"https:\/\/www.loewen-apotheke24.com\/de\/shop\/loewen-apotheke\/aponormin-nr-65-d8-oraltropfen-individual-rezeptur-15ml\/\",\"url\":\"https:\/\/www.loewen-apotheke24.com\/de\/shop\/loewen-apotheke\/aponormin-nr-65-d8-oraltropfen-individual-rezeptur-15ml\/\",\"name\":\"Aponormin Nr.65 D8 Oraltropfen Individual-Rezeptur 15ml\",\"isPartOf\":{\"@id\":\"https:\/\/www.loewen-apotheke24.com\/de\/#website\"},\"datePublished\":\"2017-08-09T18:30:20+00:00\",\"dateModified\":\"2024-02-27T18:46:53+00:00\",\"description\":\"L\u00f6wen Apotheke24 aus Baden-Baden, DE - kurze Lieferzeit - Spezialist f\u00fcr Naturheilkunde - Aponormin Nr.65 D8 Oraltropfen Individual-Rezeptur 15ml\",\"breadcrumb\":{\"@id\":\"https:\/\/www.loewen-apotheke24.com\/de\/shop\/loewen-apotheke\/aponormin-nr-65-d8-oraltropfen-individual-rezeptur-15ml\/#breadcrumb\"},\"inLanguage\":\"de\",\"potentialAction\":[{\"@type\":\"ReadAction\",\"target\":[\"https:\/\/www.loewen-apotheke24.com\/de\/shop\/loewen-apotheke\/aponormin-nr-65-d8-oraltropfen-individual-rezeptur-15ml\/\"]}]},{\"@type\":\"BreadcrumbList\",\"@id\":\"https:\/\/www.loewen-apotheke24.com\/de\/shop\/loewen-apotheke\/aponormin-nr-65-d8-oraltropfen-individual-rezeptur-15ml\/#breadcrumb\",\"itemListElement\":[{\"@type\":\"ListItem\",\"position\":1,\"name\":\"Shop\",\"item\":\"https:\/\/www.loewen-apotheke24.com\/de\/shop\/\"},{\"@type\":\"ListItem\",\"position\":2,\"name\":\"Aponormin Nr.65 D8 Oraltropfen Individual-Rezeptur 15ml\"}]},{\"@type\":\"WebSite\",\"@id\":\"https:\/\/www.loewen-apotheke24.com\/de\/#website\",\"url\":\"https:\/\/www.loewen-apotheke24.com\/de\/\",\"name\":\"L\u00f6wen Apotheke24\",\"description\":\"Spezialist f\u00fcr Naturmedizin - Versandapotheke Baden-Baden\",\"publisher\":{\"@id\":\"https:\/\/www.loewen-apotheke24.com\/de\/#organization\"},\"potentialAction\":[{\"@type\":\"SearchAction\",\"target\":{\"@type\":\"EntryPoint\",\"urlTemplate\":\"https:\/\/www.loewen-apotheke24.com\/de\/?s={search_term_string}\"},\"query-input\":\"required name=search_term_string\"}],\"inLanguage\":\"de\"},{\"@type\":\"Organization\",\"@id\":\"https:\/\/www.loewen-apotheke24.com\/de\/#organization\",\"name\":\"L\u00f6wen Apotheke\",\"alternateName\":\"L\u00f6wen Apotheke\",\"url\":\"https:\/\/www.loewen-apotheke24.com\/de\/\",\"logo\":{\"@type\":\"ImageObject\",\"inLanguage\":\"de\",\"@id\":\"https:\/\/www.loewen-apotheke24.com\/de\/#\/schema\/logo\/image\/\",\"url\":\"https:\/\/www.loewen-apotheke24.com\/wp-content\/uploads\/2024\/02\/Logo-Loewen-Apotheke-700x700-1.png\",\"contentUrl\":\"https:\/\/www.loewen-apotheke24.com\/wp-content\/uploads\/2024\/02\/Logo-Loewen-Apotheke-700x700-1.png\",\"width\":700,\"height\":700,\"caption\":\"L\u00f6wen Apotheke\"},\"image\":{\"@id\":\"https:\/\/www.loewen-apotheke24.com\/de\/#\/schema\/logo\/image\/\"}}]}<\/script>\n<!-- \/ Yoast SEO Premium plugin. -->","yoast_head_json":{"title":"Aponormin Nr.65 D8 Oraltropfen Individual-Rezeptur 15ml","description":"L\u00f6wen Apotheke24 aus Baden-Baden, DE - kurze Lieferzeit - Spezialist f\u00fcr Naturheilkunde - Aponormin Nr.65 D8 Oraltropfen Individual-Rezeptur 15ml","robots":{"index":"index","follow":"follow","max-snippet":"max-snippet:-1","max-image-preview":"max-image-preview:large","max-video-preview":"max-video-preview:-1"},"canonical":"https:\/\/www.loewen-apotheke24.com\/de\/shop\/loewen-apotheke\/aponormin-nr-65-d8-oraltropfen-individual-rezeptur-15ml\/","og_locale":"de_DE","og_type":"article","og_title":"Aponormin Nr.65 D8 Oraltropfen Individual-Rezeptur 15ml","og_description":"L\u00f6wen Apotheke24 aus Baden-Baden, DE - kurze Lieferzeit - Spezialist f\u00fcr Naturheilkunde - Aponormin Nr.65 D8 Oraltropfen Individual-Rezeptur 15ml","og_url":"https:\/\/www.loewen-apotheke24.com\/de\/shop\/loewen-apotheke\/aponormin-nr-65-d8-oraltropfen-individual-rezeptur-15ml\/","og_site_name":"L\u00f6wen Apotheke24","article_modified_time":"2024-02-27T18:46:53+00:00","og_image":[{"width":600,"height":600,"url":"https:\/\/www.loewen-apotheke24.com\/wp-content\/uploads\/2017\/08\/Indivuidual-Herstellungen-Loewen-Apotheke-vitOrgan.webp","type":"image\/webp"}],"twitter_card":"summary_large_image","twitter_misc":{"Gesch\u00e4tzte Lesezeit":"1\u00a0Minute"},"schema":{"@context":"https:\/\/schema.org","@graph":[{"@type":"WebPage","@id":"https:\/\/www.loewen-apotheke24.com\/de\/shop\/loewen-apotheke\/aponormin-nr-65-d8-oraltropfen-individual-rezeptur-15ml\/","url":"https:\/\/www.loewen-apotheke24.com\/de\/shop\/loewen-apotheke\/aponormin-nr-65-d8-oraltropfen-individual-rezeptur-15ml\/","name":"Aponormin Nr.65 D8 Oraltropfen Individual-Rezeptur 15ml","isPartOf":{"@id":"https:\/\/www.loewen-apotheke24.com\/de\/#website"},"datePublished":"2017-08-09T18:30:20+00:00","dateModified":"2024-02-27T18:46:53+00:00","description":"L\u00f6wen Apotheke24 aus Baden-Baden, DE - kurze Lieferzeit - Spezialist f\u00fcr Naturheilkunde - Aponormin Nr.65 D8 Oraltropfen Individual-Rezeptur 15ml","breadcrumb":{"@id":"https:\/\/www.loewen-apotheke24.com\/de\/shop\/loewen-apotheke\/aponormin-nr-65-d8-oraltropfen-individual-rezeptur-15ml\/#breadcrumb"},"inLanguage":"de","potentialAction":[{"@type":"ReadAction","target":["https:\/\/www.loewen-apotheke24.com\/de\/shop\/loewen-apotheke\/aponormin-nr-65-d8-oraltropfen-individual-rezeptur-15ml\/"]}]},{"@type":"BreadcrumbList","@id":"https:\/\/www.loewen-apotheke24.com\/de\/shop\/loewen-apotheke\/aponormin-nr-65-d8-oraltropfen-individual-rezeptur-15ml\/#breadcrumb","itemListElement":[{"@type":"ListItem","position":1,"name":"Shop","item":"https:\/\/www.loewen-apotheke24.com\/de\/shop\/"},{"@type":"ListItem","position":2,"name":"Aponormin Nr.65 D8 Oraltropfen Individual-Rezeptur 15ml"}]},{"@type":"WebSite","@id":"https:\/\/www.loewen-apotheke24.com\/de\/#website","url":"https:\/\/www.loewen-apotheke24.com\/de\/","name":"L\u00f6wen Apotheke24","description":"Spezialist f\u00fcr Naturmedizin - Versandapotheke Baden-Baden","publisher":{"@id":"https:\/\/www.loewen-apotheke24.com\/de\/#organization"},"potentialAction":[{"@type":"SearchAction","target":{"@type":"EntryPoint","urlTemplate":"https:\/\/www.loewen-apotheke24.com\/de\/?s={search_term_string}"},"query-input":"required name=search_term_string"}],"inLanguage":"de"},{"@type":"Organization","@id":"https:\/\/www.loewen-apotheke24.com\/de\/#organization","name":"L\u00f6wen Apotheke","alternateName":"L\u00f6wen Apotheke","url":"https:\/\/www.loewen-apotheke24.com\/de\/","logo":{"@type":"ImageObject","inLanguage":"de","@id":"https:\/\/www.loewen-apotheke24.com\/de\/#\/schema\/logo\/image\/","url":"https:\/\/www.loewen-apotheke24.com\/wp-content\/uploads\/2024\/02\/Logo-Loewen-Apotheke-700x700-1.png","contentUrl":"https:\/\/www.loewen-apotheke24.com\/wp-content\/uploads\/2024\/02\/Logo-Loewen-Apotheke-700x700-1.png","width":700,"height":700,"caption":"L\u00f6wen Apotheke"},"image":{"@id":"https:\/\/www.loewen-apotheke24.com\/de\/#\/schema\/logo\/image\/"}}]}},"_links":{"self":[{"href":"https:\/\/www.loewen-apotheke24.com\/de\/wp-json\/wp\/v2\/product\/924"}],"collection":[{"href":"https:\/\/www.loewen-apotheke24.com\/de\/wp-json\/wp\/v2\/product"}],"about":[{"href":"https:\/\/www.loewen-apotheke24.com\/de\/wp-json\/wp\/v2\/types\/product"}],"wp:featuredmedia":[{"embeddable":true,"href":"https:\/\/www.loewen-apotheke24.com\/de\/wp-json\/wp\/v2\/media\/88271"}],"wp:attachment":[{"href":"https:\/\/www.loewen-apotheke24.com\/de\/wp-json\/wp\/v2\/media?parent=924"}],"wp:term":[{"taxonomy":"product_cat","embeddable":true,"href":"https:\/\/www.loewen-apotheke24.com\/de\/wp-json\/wp\/v2\/product_cat?post=924"},{"taxonomy":"product_tag","embeddable":true,"href":"https:\/\/www.loewen-apotheke24.com\/de\/wp-json\/wp\/v2\/product_tag?post=924"}],"curies":[{"name":"wp","href":"https:\/\/api.w.org\/{rel}","templated":true}]}}