{"id":940,"date":"2017-08-10T07:43:27","date_gmt":"2017-08-10T06:43:27","guid":{"rendered":"https:\/\/www.loewen-apotheke24.com\/?post_type=product&#038;p=940"},"modified":"2025-12-11T08:44:40","modified_gmt":"2025-12-11T07:44:40","slug":"labo-life-2l-cl-1-kapseln-30-st","status":"publish","type":"product","link":"https:\/\/www.loewen-apotheke24.com\/de\/shop\/labo-life\/labo-life-2l-cl-1-kapseln-30-st\/","title":{"rendered":"Labo Life 2L CL-1 Kapseln 30 St."},"content":{"rendered":"<h2>Labo Life 2L CL-1 Kapseln 30 St.<\/h2>\n<p>Die L\u00f6wen Apotheke importiert f\u00fcr Sie Labo Life 2L CL-1 Kapseln und alle Pr\u00e4parate der Firma Labo Life Belgium auf Ihren Wunsch.<\/p>\n<p>Die Mikroimmuntherapie ist eine immunmodulierende Behandlung. Die mit denselben Botenstoffen arbeitet wie das Immunsystem (z.B. Zytokine, Hormone, Wachstumsfaktoren, Nukleins\u00e4uren), um Informationen an den Organismus zu senden und die Immunantwort wieder korrekt \u201eeinzustellen\u201c. Das hei\u00dft, ihr Ziel ist die Wiederherstellung der korrekten Kommunikation zwischen den Zellen des Immunsystems. Sie will diesen Zellen helfen, ihre urspr\u00fcngliche F\u00e4higkeit, uns gegen Angreifer zu verteidigen, wiederzugewinnen bzw. ihre Reaktion zu bremsen, wenn diese \u00fcbertrieben ist.<\/p>\n<p>Im Unterschied zu der klassischen Immuntherapie werden in den Pr\u00e4paraten der Mikroimmuntherapie eine Vielzahl von Immunsubstanzen (sogenannte \u201eBotenstoffe\u201c) eingesetzt. Diese werden in niedrigen Konzentrationen (Mikrodosen) in einem Verd\u00fcnnungs-\/Dynamisierungsprozess zubereitet, was ihre gute Vertr\u00e4glichkeit gew\u00e4hrleistet. Au\u00dferdem k\u00f6nnen sich die verwendeten Konzentrationen auch im selben Pr\u00e4parat unterscheiden, je nachdem, ob die Substanzen auf den Organismus eine stimulierende, modulierende oder hemmende Wirkung aus\u00fcben sollen. Analog zu den nat\u00fcrlichen Vorg\u00e4ngen im Organismus werden die Substanzen in einer bestimmten Sequenz, einer pr\u00e4zisen Reihenfolge, verabreicht.<\/p>\n<p>Die Mikroimmuntherapie kann ein starker Partner bei der Behandlung von akuten wie chronischen Krankheiten sein, bei denen das Immunsystem aus dem Gleichgewicht ger\u00e4t. So sind in diesem Rahmen Infektionskrankheiten, onkologische Erkrankungen und Autoimmunerkrankungen zu nennen.<\/p>\n<p>Alternative Produktbezeichnung: Labolife 2L CL 1, 2LCL1<\/p>\n<p>Zum Hersteller:\u00a0<a href=\"https:\/\/www.labolife.com\/de\" target=\"_blank\" rel=\"noopener noreferrer\">Labo Life<\/a><br \/>\nAndere Produkte von Labo Life finden Sie\u00a0<a href=\"https:\/\/www.loewen-apotheke24.com\/de\/product_cat\/labo-life\/\">hier<\/a>.<\/p>\n<p>Zu Risiken und Nebenwirkungen lesen Sie die Packungsbeilage und fragen Sie Ihren Arzt oder Apotheker.<\/p>\n<p>Dieses Arzneimittel haben wir nicht vorr\u00e4tig d\u00fcrfen es aber f\u00fcr Sie importieren. Dadurch entsteht eine verl\u00e4ngerte Lieferzeit und die R\u00fcckgabe ist ausgeschlossen. Weitere Infos erhalten Sie in unserem Kundenservice.\u00a0 Kundenbetreuung.<\/p>\n<h3 style=\"text-align: left;\">Fragen zum Produkt? Wir sind f\u00fcr Sie da!<\/h3>\n<p>Unsere verantwortliche Apothekerin\u00a0Dr. Sandra Hoff\u00a0und ihr Team beraten Sie gerne pers\u00f6nlich \u2013 telefonisch oder per E-Mail. Als\u00a0<a href=\"https:\/\/www.loewen-apotheke24.com\/de\/loewen-apotheke\/\">echte Apotheke vor Ort<\/a>\u00a0und\u00a0<a href=\"https:\/\/versandhandel.dimdi.de\/websearch\/servlet\/Gate;jsessionid=0D29D15655BE1174E9178A340E8FE6BC?accessid=dimdi_var&amp;term=3c387956690121ccc8763184f052b93f\" target=\"_blank\" rel=\"noopener\">zugelassene Versandapotheke<\/a>\u00a0bieten wir Ihnen kompetente Unterst\u00fctzung, besonders in den Bereichen\u00a0<a href=\"https:\/\/www.loewen-apotheke24.com\/de\/product_tag\/naturheilmittel\/\">Naturheilkunde\u00a0<\/a>und\u00a0<a href=\"https:\/\/www.loewen-apotheke24.com\/de\/product_tag\/vitamine-mineralien-nahrungsergaenzung\/\">Nahrungserg\u00e4nzungsmittel<\/a>, hier Produkte von\u00a0<a href=\"https:\/\/www.loewen-apotheke24.com\/de\/product_cat\/vitorgan\/\">vitOrgan Arzneimittel<\/a>\u00a0und\u00a0<a href=\"https:\/\/www.loewen-apotheke24.com\/de\/product_cat\/labo-life\/\">Labo Life.<\/a> Zum <a class=\"PrimaryLink HighlightSol HighlightSol--core LinkBase\" href=\"https:\/\/versandhandel.dimdi.de\/websearch\/servlet\/Gate;jsessionid=0D29D15655BE1174E9178A340E8FE6BC?accessid=dimdi_var&amp;term=3c387956690121ccc8763184f052b93f\" target=\"_blank\" rel=\"noreferrer noopener\">Eintrag im Versandhandelsregister<\/a>.<\/p>\n<h3 class=\"TypographyPresentation TypographyPresentation--medium RichText3-paragraph--withVSpacingNormal RichText3-paragraph HighlightSol HighlightSol--buildingBlock\" style=\"text-align: left;\">Rezept oder E-Rezept einl\u00f6sen:<\/h3>\n<div class=\"TypographyPresentation TypographyPresentation--medium RichText3-paragraph--withVSpacingNormal RichText3-paragraph HighlightSol HighlightSol--buildingBlock\">Sie haben ein Rezept oder E-Rezept? Reichen Sie es bequem \u00fcber unsere <a class=\"PrimaryLink HighlightSol HighlightSol--core LinkBase\" href=\"https:\/\/e-rezept-app.de\/shop-rezept\" target=\"_blank\" rel=\"noreferrer noopener\">E-Rezept<\/a>\u00a0 App ein \u2013 auch Privatrezepte f\u00fcr Selbstzahler sind m\u00f6glich. Schnell, sicher und einfach.<\/div>\n","protected":false},"excerpt":{"rendered":"<h2 style=\"text-align: left;\">Labo Life 2L CL-1 Kapseln 30 St.<\/h2>\n<p>Die L\u00f6wen Apotheke importiert f\u00fcr Sie alle Pr\u00e4parate der Firma Labo Life Belgium auf Ihren Wunsch.<\/p>\n<p><strong>PZN<\/strong>:\u00a0 \u2013 (Pharmazentralnummer)<\/p>\n<p><strong>Darreichungsform<\/strong>: Kapseln \u2013 30 St\u00fcck<\/p>\n<p><strong>Verordnungsart<\/strong>: Rezeptfrei<\/p>\n<p><strong>Marke<\/strong>: Labo Life<\/p>\n<p><strong>Hersteller<\/strong>:\u00a0<a href=\"https:\/\/www.labolife.com\/de\" target=\"_blank\" rel=\"noopener noreferrer\">Labo Life<\/a><\/p>\n<p>Andere Produkte von Labo Life finden Sie\u00a0<a href=\"https:\/\/www.loewen-apotheke24.com\/de\/product_cat\/labo-life\/\">hier<\/a>.<\/p>\n","protected":false},"featured_media":149291,"template":"","meta":[],"product_cat":[90],"product_tag":[131,133,132],"yoast_head":"<!-- This site is optimized with the Yoast SEO Premium plugin v21.0 (Yoast SEO v21.0) - https:\/\/yoast.com\/wordpress\/plugins\/seo\/ -->\n<title>Labo Life 2L CL-1 Kapseln 30 St. kaufen | L\u00f6wen Apotheke24<\/title>\n<meta name=\"description\" content=\"L\u00f6wen Apotheke24 - Spezialist f\u00fcr Naturheilkunde - Weltweiter Versand - kurze Lieferzeit - gratis Lieferung ab 30 \u20ac - Labo Life 2L CL-1 Kapseln | 2LCL-1\" \/>\n<meta name=\"robots\" content=\"index, follow, max-snippet:-1, max-image-preview:large, max-video-preview:-1\" \/>\n<link rel=\"canonical\" href=\"https:\/\/www.loewen-apotheke24.com\/de\/shop\/labo-life\/labo-life-2l-cl-1-kapseln-30-st\/\" \/>\n<meta property=\"og:locale\" content=\"de_DE\" \/>\n<meta property=\"og:type\" content=\"article\" \/>\n<meta property=\"og:title\" content=\"Labo Life 2L CL-1 Kapseln 30 St. kaufen | L\u00f6wen Apotheke24\" \/>\n<meta property=\"og:description\" content=\"L\u00f6wen Apotheke24 - Spezialist f\u00fcr Naturheilkunde - Weltweiter Versand - kurze Lieferzeit - gratis Lieferung ab 30 \u20ac - Labo Life 2L CL-1 Kapseln | 2LCL-1\" \/>\n<meta property=\"og:url\" content=\"https:\/\/www.loewen-apotheke24.com\/de\/shop\/labo-life\/labo-life-2l-cl-1-kapseln-30-st\/\" \/>\n<meta property=\"og:site_name\" content=\"L\u00f6wen Apotheke24\" \/>\n<meta property=\"article:modified_time\" content=\"2025-12-11T07:44:40+00:00\" \/>\n<meta property=\"og:image\" content=\"https:\/\/www.loewen-apotheke24.com\/wp-content\/uploads\/2025\/11\/2LCL1_Labo-Life_Loewen-Apotheke24.webp\" \/>\n\t<meta property=\"og:image:width\" content=\"600\" \/>\n\t<meta property=\"og:image:height\" content=\"600\" \/>\n\t<meta property=\"og:image:type\" content=\"image\/webp\" \/>\n<meta name=\"twitter:card\" content=\"summary_large_image\" \/>\n<meta name=\"twitter:label1\" content=\"Gesch\u00e4tzte Lesezeit\" \/>\n\t<meta name=\"twitter:data1\" content=\"3\u00a0Minuten\" \/>\n<script type=\"application\/ld+json\" class=\"yoast-schema-graph\">{\"@context\":\"https:\/\/schema.org\",\"@graph\":[{\"@type\":\"WebPage\",\"@id\":\"https:\/\/www.loewen-apotheke24.com\/de\/shop\/labo-life\/labo-life-2l-cl-1-kapseln-30-st\/\",\"url\":\"https:\/\/www.loewen-apotheke24.com\/de\/shop\/labo-life\/labo-life-2l-cl-1-kapseln-30-st\/\",\"name\":\"Labo Life 2L CL-1 Kapseln 30 St. kaufen | L\u00f6wen Apotheke24\",\"isPartOf\":{\"@id\":\"https:\/\/www.loewen-apotheke24.com\/de\/#website\"},\"datePublished\":\"2017-08-10T06:43:27+00:00\",\"dateModified\":\"2025-12-11T07:44:40+00:00\",\"description\":\"L\u00f6wen Apotheke24 - Spezialist f\u00fcr Naturheilkunde - Weltweiter Versand - kurze Lieferzeit - gratis Lieferung ab 30 \u20ac - Labo Life 2L CL-1 Kapseln | 2LCL-1\",\"breadcrumb\":{\"@id\":\"https:\/\/www.loewen-apotheke24.com\/de\/shop\/labo-life\/labo-life-2l-cl-1-kapseln-30-st\/#breadcrumb\"},\"inLanguage\":\"de\",\"potentialAction\":[{\"@type\":\"ReadAction\",\"target\":[\"https:\/\/www.loewen-apotheke24.com\/de\/shop\/labo-life\/labo-life-2l-cl-1-kapseln-30-st\/\"]}]},{\"@type\":\"BreadcrumbList\",\"@id\":\"https:\/\/www.loewen-apotheke24.com\/de\/shop\/labo-life\/labo-life-2l-cl-1-kapseln-30-st\/#breadcrumb\",\"itemListElement\":[{\"@type\":\"ListItem\",\"position\":1,\"name\":\"Shop\",\"item\":\"https:\/\/www.loewen-apotheke24.com\/de\/shop\/\"},{\"@type\":\"ListItem\",\"position\":2,\"name\":\"Labo Life 2L CL-1 Kapseln 30 St.\"}]},{\"@type\":\"WebSite\",\"@id\":\"https:\/\/www.loewen-apotheke24.com\/de\/#website\",\"url\":\"https:\/\/www.loewen-apotheke24.com\/de\/\",\"name\":\"L\u00f6wen Apotheke24\",\"description\":\"Spezialist f\u00fcr Naturmedizin - Versandapotheke Baden-Baden\",\"publisher\":{\"@id\":\"https:\/\/www.loewen-apotheke24.com\/de\/#organization\"},\"potentialAction\":[{\"@type\":\"SearchAction\",\"target\":{\"@type\":\"EntryPoint\",\"urlTemplate\":\"https:\/\/www.loewen-apotheke24.com\/de\/?s={search_term_string}\"},\"query-input\":\"required name=search_term_string\"}],\"inLanguage\":\"de\"},{\"@type\":\"Organization\",\"@id\":\"https:\/\/www.loewen-apotheke24.com\/de\/#organization\",\"name\":\"L\u00f6wen Apotheke\",\"alternateName\":\"L\u00f6wen Apotheke\",\"url\":\"https:\/\/www.loewen-apotheke24.com\/de\/\",\"logo\":{\"@type\":\"ImageObject\",\"inLanguage\":\"de\",\"@id\":\"https:\/\/www.loewen-apotheke24.com\/de\/#\/schema\/logo\/image\/\",\"url\":\"https:\/\/www.loewen-apotheke24.com\/wp-content\/uploads\/2024\/02\/Logo-Loewen-Apotheke-700x700-1.png\",\"contentUrl\":\"https:\/\/www.loewen-apotheke24.com\/wp-content\/uploads\/2024\/02\/Logo-Loewen-Apotheke-700x700-1.png\",\"width\":700,\"height\":700,\"caption\":\"L\u00f6wen Apotheke\"},\"image\":{\"@id\":\"https:\/\/www.loewen-apotheke24.com\/de\/#\/schema\/logo\/image\/\"}}]}<\/script>\n<!-- \/ Yoast SEO Premium plugin. -->","yoast_head_json":{"title":"Labo Life 2L CL-1 Kapseln 30 St. kaufen | L\u00f6wen Apotheke24","description":"L\u00f6wen Apotheke24 - Spezialist f\u00fcr Naturheilkunde - Weltweiter Versand - kurze Lieferzeit - gratis Lieferung ab 30 \u20ac - Labo Life 2L CL-1 Kapseln | 2LCL-1","robots":{"index":"index","follow":"follow","max-snippet":"max-snippet:-1","max-image-preview":"max-image-preview:large","max-video-preview":"max-video-preview:-1"},"canonical":"https:\/\/www.loewen-apotheke24.com\/de\/shop\/labo-life\/labo-life-2l-cl-1-kapseln-30-st\/","og_locale":"de_DE","og_type":"article","og_title":"Labo Life 2L CL-1 Kapseln 30 St. kaufen | L\u00f6wen Apotheke24","og_description":"L\u00f6wen Apotheke24 - Spezialist f\u00fcr Naturheilkunde - Weltweiter Versand - kurze Lieferzeit - gratis Lieferung ab 30 \u20ac - Labo Life 2L CL-1 Kapseln | 2LCL-1","og_url":"https:\/\/www.loewen-apotheke24.com\/de\/shop\/labo-life\/labo-life-2l-cl-1-kapseln-30-st\/","og_site_name":"L\u00f6wen Apotheke24","article_modified_time":"2025-12-11T07:44:40+00:00","og_image":[{"width":600,"height":600,"url":"https:\/\/www.loewen-apotheke24.com\/wp-content\/uploads\/2025\/11\/2LCL1_Labo-Life_Loewen-Apotheke24.webp","type":"image\/webp"}],"twitter_card":"summary_large_image","twitter_misc":{"Gesch\u00e4tzte Lesezeit":"3\u00a0Minuten"},"schema":{"@context":"https:\/\/schema.org","@graph":[{"@type":"WebPage","@id":"https:\/\/www.loewen-apotheke24.com\/de\/shop\/labo-life\/labo-life-2l-cl-1-kapseln-30-st\/","url":"https:\/\/www.loewen-apotheke24.com\/de\/shop\/labo-life\/labo-life-2l-cl-1-kapseln-30-st\/","name":"Labo Life 2L CL-1 Kapseln 30 St. kaufen | L\u00f6wen Apotheke24","isPartOf":{"@id":"https:\/\/www.loewen-apotheke24.com\/de\/#website"},"datePublished":"2017-08-10T06:43:27+00:00","dateModified":"2025-12-11T07:44:40+00:00","description":"L\u00f6wen Apotheke24 - Spezialist f\u00fcr Naturheilkunde - Weltweiter Versand - kurze Lieferzeit - gratis Lieferung ab 30 \u20ac - Labo Life 2L CL-1 Kapseln | 2LCL-1","breadcrumb":{"@id":"https:\/\/www.loewen-apotheke24.com\/de\/shop\/labo-life\/labo-life-2l-cl-1-kapseln-30-st\/#breadcrumb"},"inLanguage":"de","potentialAction":[{"@type":"ReadAction","target":["https:\/\/www.loewen-apotheke24.com\/de\/shop\/labo-life\/labo-life-2l-cl-1-kapseln-30-st\/"]}]},{"@type":"BreadcrumbList","@id":"https:\/\/www.loewen-apotheke24.com\/de\/shop\/labo-life\/labo-life-2l-cl-1-kapseln-30-st\/#breadcrumb","itemListElement":[{"@type":"ListItem","position":1,"name":"Shop","item":"https:\/\/www.loewen-apotheke24.com\/de\/shop\/"},{"@type":"ListItem","position":2,"name":"Labo Life 2L CL-1 Kapseln 30 St."}]},{"@type":"WebSite","@id":"https:\/\/www.loewen-apotheke24.com\/de\/#website","url":"https:\/\/www.loewen-apotheke24.com\/de\/","name":"L\u00f6wen Apotheke24","description":"Spezialist f\u00fcr Naturmedizin - Versandapotheke Baden-Baden","publisher":{"@id":"https:\/\/www.loewen-apotheke24.com\/de\/#organization"},"potentialAction":[{"@type":"SearchAction","target":{"@type":"EntryPoint","urlTemplate":"https:\/\/www.loewen-apotheke24.com\/de\/?s={search_term_string}"},"query-input":"required name=search_term_string"}],"inLanguage":"de"},{"@type":"Organization","@id":"https:\/\/www.loewen-apotheke24.com\/de\/#organization","name":"L\u00f6wen Apotheke","alternateName":"L\u00f6wen Apotheke","url":"https:\/\/www.loewen-apotheke24.com\/de\/","logo":{"@type":"ImageObject","inLanguage":"de","@id":"https:\/\/www.loewen-apotheke24.com\/de\/#\/schema\/logo\/image\/","url":"https:\/\/www.loewen-apotheke24.com\/wp-content\/uploads\/2024\/02\/Logo-Loewen-Apotheke-700x700-1.png","contentUrl":"https:\/\/www.loewen-apotheke24.com\/wp-content\/uploads\/2024\/02\/Logo-Loewen-Apotheke-700x700-1.png","width":700,"height":700,"caption":"L\u00f6wen Apotheke"},"image":{"@id":"https:\/\/www.loewen-apotheke24.com\/de\/#\/schema\/logo\/image\/"}}]}},"_links":{"self":[{"href":"https:\/\/www.loewen-apotheke24.com\/de\/wp-json\/wp\/v2\/product\/940"}],"collection":[{"href":"https:\/\/www.loewen-apotheke24.com\/de\/wp-json\/wp\/v2\/product"}],"about":[{"href":"https:\/\/www.loewen-apotheke24.com\/de\/wp-json\/wp\/v2\/types\/product"}],"wp:featuredmedia":[{"embeddable":true,"href":"https:\/\/www.loewen-apotheke24.com\/de\/wp-json\/wp\/v2\/media\/149291"}],"wp:attachment":[{"href":"https:\/\/www.loewen-apotheke24.com\/de\/wp-json\/wp\/v2\/media?parent=940"}],"wp:term":[{"taxonomy":"product_cat","embeddable":true,"href":"https:\/\/www.loewen-apotheke24.com\/de\/wp-json\/wp\/v2\/product_cat?post=940"},{"taxonomy":"product_tag","embeddable":true,"href":"https:\/\/www.loewen-apotheke24.com\/de\/wp-json\/wp\/v2\/product_tag?post=940"}],"curies":[{"name":"wp","href":"https:\/\/api.w.org\/{rel}","templated":true}]}}