{"id":987,"date":"2017-08-10T11:17:44","date_gmt":"2017-08-10T10:17:44","guid":{"rendered":"https:\/\/www.loewen-apotheke24.com\/?post_type=product&#038;p=987"},"modified":"2025-11-04T17:14:19","modified_gmt":"2025-11-04T16:14:19","slug":"regena-neygeront-plus-kapseln-60-st","status":"publish","type":"product","link":"https:\/\/www.loewen-apotheke24.com\/de\/shop\/vitorgan\/regena-neygeront-plus-kapseln-60-st\/","title":{"rendered":"Regena Neygeront plus Kapseln 60 St."},"content":{"rendered":"<h2 style=\"text-align: left;\">Regena Neygeront plus Kapseln 60 St.<\/h2>\n<div style=\"text-align: left;\">\n<p>Regena Neygeront plus Kapseln &#8211; Nahrungserg\u00e4nzungsmittel.<\/p>\n<p>Wahre Sch\u00f6nheit kommt von innen, doch Attraktivit\u00e4t m\u00f6chte jeder auch gern deutlich sichtbar nach au\u00dfen tragen. Das gelingt am besten mit biomolekularen Faktoren, die der Zellregeneration dienen. vitOrgan ist hier Spezialist in Forschung und Entwicklung, und die \u201esch\u00f6ne Tochter\u201c Regena Ney Cosmetic kann aus dem Vollen sch\u00f6pfen. Vor allem soll die Nat\u00fcrlichkeit bewahrt werden, und deshalb gilt auch bei der Neuentwicklung die besondere Aufmerksamkeit den ausgew\u00e4hlten Inhaltsstoffen.<\/p>\n<p>Die in Regena Ney GERONT\u00ae plus enthaltenen Vitamine spielen eine zentrale Rolle f\u00fcr Konzentration und geistige Leistungsf\u00e4higkeit.<\/p>\n<p>Die Vitamine B6, B12 und Vitamin C sind wichtig f\u00fcr die Funktion des Nervensystems und unterst\u00fctzen die Ged\u00e4chtnisleistung. Sie tragen zu einem normalen Energiestoffwechsel, einer normalen Funktion des Immunsystems, einer normalen Bildung roter Blutk\u00f6rperchen\u00a0und normaler psychischen Funktion bei. Des Weiteren unterst\u00fctzen sie die Verringerung von M\u00fcdigkeit und Erm\u00fcdung. Regena Ney GERONT\u00ae plus mit seinen vielen nat\u00fcrlichen Antioxidantien hilft dem K\u00f6rper, sich vor freien Radikalen zu sch\u00fctzen und beim Abbau von\u00a0Medikamenten und anderen k\u00f6rperfremden Substanzen mitzuwirken.<\/p>\n<\/div>\n<div style=\"text-align: left;\">\n<p style=\"text-align: left;\"><a href=\"https:\/\/vitorgan.de\/produkte\/\">Hier<\/a> finden sie weitere Informationen zum Produkt<\/p>\n<p style=\"text-align: left;\">weitere Produkte &amp; Packungsgr\u00f6\u00dfen finden sie hier : <a href=\"https:\/\/www.loewen-apotheke24.com\/de\/product_cat\/vitorgan\/\">vitOrgan<\/a><\/p>\n<p style=\"text-align: left;\">Zu Risiken und Nebenwirkungen lesen Sie die Packungsbeilage und fragen Sie Ihren Arzt oder Apotheker.<\/p>\n<\/div>\n","protected":false},"excerpt":{"rendered":"<h3 style=\"text-align: left;\">Regena Neygeront plus Kapseln 60 St.<\/h3>\n<p>Nahrungserg\u00e4nzungsmittel<\/p>\n<p><strong>PZN<\/strong>: 09542406 (Pharmazentralnummer)<\/p>\n<p><strong>Darreichungsform<\/strong>:\u00a0 Kapseln<\/p>\n<p><strong>Packungsgr\u00f6\u00dfe<\/strong>:\u00a0 60 St<\/p>\n<p><strong>Marke<\/strong>: <a href=\"https:\/\/www.loewen-apotheke24.com\/de\/product_tag\/vitorgan\/\">vitorgan<\/a><\/p>\n<p><strong>Hersteller<\/strong>: vitOrgan GmbH &amp; Co.KG<\/p>\n","protected":false},"featured_media":109015,"template":"","meta":[],"product_cat":[12],"product_tag":[139,96,140,97],"yoast_head":"<!-- This site is optimized with the Yoast SEO Premium plugin v21.0 (Yoast SEO v21.0) - https:\/\/yoast.com\/wordpress\/plugins\/seo\/ -->\n<title>Regena Neygeront plus Kapseln 60 St.<\/title>\n<meta name=\"description\" content=\"L\u00f6wen Apotheke24 - Spezialist f\u00fcr Naturheilkunde - Weltweiter Versand - kurze Lieferzeit - gratis Lieferung ab 30 \u20ac - Regena Neygeront plus Kapseln 60 St.\" \/>\n<meta name=\"robots\" content=\"index, follow, max-snippet:-1, max-image-preview:large, max-video-preview:-1\" \/>\n<link rel=\"canonical\" href=\"https:\/\/www.loewen-apotheke24.com\/de\/shop\/vitorgan\/regena-neygeront-plus-kapseln-60-st\/\" \/>\n<meta property=\"og:locale\" content=\"de_DE\" \/>\n<meta property=\"og:type\" content=\"article\" \/>\n<meta property=\"og:title\" content=\"Regena Neygeront plus Kapseln 60 St.\" \/>\n<meta property=\"og:description\" content=\"L\u00f6wen Apotheke24 - Spezialist f\u00fcr Naturheilkunde - Weltweiter Versand - kurze Lieferzeit - gratis Lieferung ab 30 \u20ac - Regena Neygeront plus Kapseln 60 St.\" \/>\n<meta property=\"og:url\" content=\"https:\/\/www.loewen-apotheke24.com\/de\/shop\/vitorgan\/regena-neygeront-plus-kapseln-60-st\/\" \/>\n<meta property=\"og:site_name\" content=\"L\u00f6wen Apotheke24\" \/>\n<meta property=\"article:modified_time\" content=\"2025-11-04T16:14:19+00:00\" \/>\n<meta property=\"og:image\" content=\"https:\/\/www.loewen-apotheke24.com\/wp-content\/uploads\/2017\/08\/Regena-Ney-Geront-Plus_freigestellt.webp\" \/>\n\t<meta property=\"og:image:width\" content=\"2000\" \/>\n\t<meta property=\"og:image:height\" content=\"2000\" \/>\n\t<meta property=\"og:image:type\" content=\"image\/webp\" \/>\n<meta name=\"twitter:card\" content=\"summary_large_image\" \/>\n<meta name=\"twitter:label1\" content=\"Gesch\u00e4tzte Lesezeit\" \/>\n\t<meta name=\"twitter:data1\" content=\"2\u00a0Minuten\" \/>\n<script type=\"application\/ld+json\" class=\"yoast-schema-graph\">{\"@context\":\"https:\/\/schema.org\",\"@graph\":[{\"@type\":\"WebPage\",\"@id\":\"https:\/\/www.loewen-apotheke24.com\/de\/shop\/vitorgan\/regena-neygeront-plus-kapseln-60-st\/\",\"url\":\"https:\/\/www.loewen-apotheke24.com\/de\/shop\/vitorgan\/regena-neygeront-plus-kapseln-60-st\/\",\"name\":\"Regena Neygeront plus Kapseln 60 St.\",\"isPartOf\":{\"@id\":\"https:\/\/www.loewen-apotheke24.com\/de\/#website\"},\"datePublished\":\"2017-08-10T10:17:44+00:00\",\"dateModified\":\"2025-11-04T16:14:19+00:00\",\"description\":\"L\u00f6wen Apotheke24 - Spezialist f\u00fcr Naturheilkunde - Weltweiter Versand - kurze Lieferzeit - gratis Lieferung ab 30 \u20ac - Regena Neygeront plus Kapseln 60 St.\",\"breadcrumb\":{\"@id\":\"https:\/\/www.loewen-apotheke24.com\/de\/shop\/vitorgan\/regena-neygeront-plus-kapseln-60-st\/#breadcrumb\"},\"inLanguage\":\"de\",\"potentialAction\":[{\"@type\":\"ReadAction\",\"target\":[\"https:\/\/www.loewen-apotheke24.com\/de\/shop\/vitorgan\/regena-neygeront-plus-kapseln-60-st\/\"]}]},{\"@type\":\"BreadcrumbList\",\"@id\":\"https:\/\/www.loewen-apotheke24.com\/de\/shop\/vitorgan\/regena-neygeront-plus-kapseln-60-st\/#breadcrumb\",\"itemListElement\":[{\"@type\":\"ListItem\",\"position\":1,\"name\":\"Shop\",\"item\":\"https:\/\/www.loewen-apotheke24.com\/de\/shop\/\"},{\"@type\":\"ListItem\",\"position\":2,\"name\":\"Regena Neygeront plus Kapseln 60 St.\"}]},{\"@type\":\"WebSite\",\"@id\":\"https:\/\/www.loewen-apotheke24.com\/de\/#website\",\"url\":\"https:\/\/www.loewen-apotheke24.com\/de\/\",\"name\":\"L\u00f6wen Apotheke24\",\"description\":\"Spezialist f\u00fcr Naturmedizin - Versandapotheke Baden-Baden\",\"publisher\":{\"@id\":\"https:\/\/www.loewen-apotheke24.com\/de\/#organization\"},\"potentialAction\":[{\"@type\":\"SearchAction\",\"target\":{\"@type\":\"EntryPoint\",\"urlTemplate\":\"https:\/\/www.loewen-apotheke24.com\/de\/?s={search_term_string}\"},\"query-input\":\"required name=search_term_string\"}],\"inLanguage\":\"de\"},{\"@type\":\"Organization\",\"@id\":\"https:\/\/www.loewen-apotheke24.com\/de\/#organization\",\"name\":\"L\u00f6wen Apotheke\",\"alternateName\":\"L\u00f6wen Apotheke\",\"url\":\"https:\/\/www.loewen-apotheke24.com\/de\/\",\"logo\":{\"@type\":\"ImageObject\",\"inLanguage\":\"de\",\"@id\":\"https:\/\/www.loewen-apotheke24.com\/de\/#\/schema\/logo\/image\/\",\"url\":\"https:\/\/www.loewen-apotheke24.com\/wp-content\/uploads\/2024\/02\/Logo-Loewen-Apotheke-700x700-1.png\",\"contentUrl\":\"https:\/\/www.loewen-apotheke24.com\/wp-content\/uploads\/2024\/02\/Logo-Loewen-Apotheke-700x700-1.png\",\"width\":700,\"height\":700,\"caption\":\"L\u00f6wen Apotheke\"},\"image\":{\"@id\":\"https:\/\/www.loewen-apotheke24.com\/de\/#\/schema\/logo\/image\/\"}}]}<\/script>\n<!-- \/ Yoast SEO Premium plugin. -->","yoast_head_json":{"title":"Regena Neygeront plus Kapseln 60 St.","description":"L\u00f6wen Apotheke24 - Spezialist f\u00fcr Naturheilkunde - Weltweiter Versand - kurze Lieferzeit - gratis Lieferung ab 30 \u20ac - Regena Neygeront plus Kapseln 60 St.","robots":{"index":"index","follow":"follow","max-snippet":"max-snippet:-1","max-image-preview":"max-image-preview:large","max-video-preview":"max-video-preview:-1"},"canonical":"https:\/\/www.loewen-apotheke24.com\/de\/shop\/vitorgan\/regena-neygeront-plus-kapseln-60-st\/","og_locale":"de_DE","og_type":"article","og_title":"Regena Neygeront plus Kapseln 60 St.","og_description":"L\u00f6wen Apotheke24 - Spezialist f\u00fcr Naturheilkunde - Weltweiter Versand - kurze Lieferzeit - gratis Lieferung ab 30 \u20ac - Regena Neygeront plus Kapseln 60 St.","og_url":"https:\/\/www.loewen-apotheke24.com\/de\/shop\/vitorgan\/regena-neygeront-plus-kapseln-60-st\/","og_site_name":"L\u00f6wen Apotheke24","article_modified_time":"2025-11-04T16:14:19+00:00","og_image":[{"width":2000,"height":2000,"url":"https:\/\/www.loewen-apotheke24.com\/wp-content\/uploads\/2017\/08\/Regena-Ney-Geront-Plus_freigestellt.webp","type":"image\/webp"}],"twitter_card":"summary_large_image","twitter_misc":{"Gesch\u00e4tzte Lesezeit":"2\u00a0Minuten"},"schema":{"@context":"https:\/\/schema.org","@graph":[{"@type":"WebPage","@id":"https:\/\/www.loewen-apotheke24.com\/de\/shop\/vitorgan\/regena-neygeront-plus-kapseln-60-st\/","url":"https:\/\/www.loewen-apotheke24.com\/de\/shop\/vitorgan\/regena-neygeront-plus-kapseln-60-st\/","name":"Regena Neygeront plus Kapseln 60 St.","isPartOf":{"@id":"https:\/\/www.loewen-apotheke24.com\/de\/#website"},"datePublished":"2017-08-10T10:17:44+00:00","dateModified":"2025-11-04T16:14:19+00:00","description":"L\u00f6wen Apotheke24 - Spezialist f\u00fcr Naturheilkunde - Weltweiter Versand - kurze Lieferzeit - gratis Lieferung ab 30 \u20ac - Regena Neygeront plus Kapseln 60 St.","breadcrumb":{"@id":"https:\/\/www.loewen-apotheke24.com\/de\/shop\/vitorgan\/regena-neygeront-plus-kapseln-60-st\/#breadcrumb"},"inLanguage":"de","potentialAction":[{"@type":"ReadAction","target":["https:\/\/www.loewen-apotheke24.com\/de\/shop\/vitorgan\/regena-neygeront-plus-kapseln-60-st\/"]}]},{"@type":"BreadcrumbList","@id":"https:\/\/www.loewen-apotheke24.com\/de\/shop\/vitorgan\/regena-neygeront-plus-kapseln-60-st\/#breadcrumb","itemListElement":[{"@type":"ListItem","position":1,"name":"Shop","item":"https:\/\/www.loewen-apotheke24.com\/de\/shop\/"},{"@type":"ListItem","position":2,"name":"Regena Neygeront plus Kapseln 60 St."}]},{"@type":"WebSite","@id":"https:\/\/www.loewen-apotheke24.com\/de\/#website","url":"https:\/\/www.loewen-apotheke24.com\/de\/","name":"L\u00f6wen Apotheke24","description":"Spezialist f\u00fcr Naturmedizin - Versandapotheke Baden-Baden","publisher":{"@id":"https:\/\/www.loewen-apotheke24.com\/de\/#organization"},"potentialAction":[{"@type":"SearchAction","target":{"@type":"EntryPoint","urlTemplate":"https:\/\/www.loewen-apotheke24.com\/de\/?s={search_term_string}"},"query-input":"required name=search_term_string"}],"inLanguage":"de"},{"@type":"Organization","@id":"https:\/\/www.loewen-apotheke24.com\/de\/#organization","name":"L\u00f6wen Apotheke","alternateName":"L\u00f6wen Apotheke","url":"https:\/\/www.loewen-apotheke24.com\/de\/","logo":{"@type":"ImageObject","inLanguage":"de","@id":"https:\/\/www.loewen-apotheke24.com\/de\/#\/schema\/logo\/image\/","url":"https:\/\/www.loewen-apotheke24.com\/wp-content\/uploads\/2024\/02\/Logo-Loewen-Apotheke-700x700-1.png","contentUrl":"https:\/\/www.loewen-apotheke24.com\/wp-content\/uploads\/2024\/02\/Logo-Loewen-Apotheke-700x700-1.png","width":700,"height":700,"caption":"L\u00f6wen Apotheke"},"image":{"@id":"https:\/\/www.loewen-apotheke24.com\/de\/#\/schema\/logo\/image\/"}}]}},"_links":{"self":[{"href":"https:\/\/www.loewen-apotheke24.com\/de\/wp-json\/wp\/v2\/product\/987"}],"collection":[{"href":"https:\/\/www.loewen-apotheke24.com\/de\/wp-json\/wp\/v2\/product"}],"about":[{"href":"https:\/\/www.loewen-apotheke24.com\/de\/wp-json\/wp\/v2\/types\/product"}],"wp:featuredmedia":[{"embeddable":true,"href":"https:\/\/www.loewen-apotheke24.com\/de\/wp-json\/wp\/v2\/media\/109015"}],"wp:attachment":[{"href":"https:\/\/www.loewen-apotheke24.com\/de\/wp-json\/wp\/v2\/media?parent=987"}],"wp:term":[{"taxonomy":"product_cat","embeddable":true,"href":"https:\/\/www.loewen-apotheke24.com\/de\/wp-json\/wp\/v2\/product_cat?post=987"},{"taxonomy":"product_tag","embeddable":true,"href":"https:\/\/www.loewen-apotheke24.com\/de\/wp-json\/wp\/v2\/product_tag?post=987"}],"curies":[{"name":"wp","href":"https:\/\/api.w.org\/{rel}","templated":true}]}}