{"id":995,"date":"2017-08-10T12:11:08","date_gmt":"2017-08-10T11:11:08","guid":{"rendered":"https:\/\/www.loewen-apotheke24.com\/?post_type=product&#038;p=995"},"modified":"2025-11-04T17:22:22","modified_gmt":"2025-11-04T16:22:22","slug":"neyskin-cutana-cream-m-coenzym-q10-50ml","status":"publish","type":"product","link":"https:\/\/www.loewen-apotheke24.com\/de\/shop\/vitorgan\/neyskin-cutana-cream-m-coenzym-q10-50ml\/","title":{"rendered":"Neyskin Cutana Cream m. Coenzym Q10 50ml"},"content":{"rendered":"<h2>Neyskin Cutana Cream m. Coenzym Q10<\/h2>\n<p>Neyskin Cutana Cream m. Coenzym Q10.<\/p>\n<ul>\n<li>Naturreines \u00e4therisches Kamillen\u00f6l enth\u00e4lt das entz\u00fcndungshemmende Bisabolol, beruhigt und pflegt die Haut, feuchtigkeitsbindende Faktoren wirken der Hautalterung entgegen.<\/li>\n<li>Calendula\u00f6l stimuliert die dermatologische Regulation, beruhigt die Haut und bereitet sie optimal f\u00fcr die anschlie\u00dfende Regenerationsphase vor.<\/li>\n<li>Lemongras sorgt f\u00fcr ein erfrischendes Hautgef\u00fchl und f\u00fcr eine gut durchfeuchtete Haut.<\/li>\n<li>Zellextrakte \u2013 speziell aufbereitet unterst\u00fctzen sie die Kraft der Zellerneuerung durch ihre repair\u00adstimulierenden Mechanismen und beugen einer vorzeitigen Hautalterung vor.<\/li>\n<\/ul>\n<div>\n<p>Der Alterungsprozess jeder Haut beginnt mit Feuchtigkeitsverlust. F\u00e4ltchen enstehen, die Haut verliert an Elastizit\u00e4t und Spannkraft. Sch\u00e4dliche Umwelteinfl\u00fcsse und freie Radikale beschleunigen das Altern. Die Haut wird spr\u00f6de, rissig, faltig und schlaff.<\/p>\n<\/div>\n<div>Mit den speziell aufbereiteten Zellextrakten der Regena Ney Natur-Wirkstoffpflege k\u00f6nnen wir die Repairmechanismen der Haut unterst\u00fctzen. Damit aktivieren wir die gesunden hauteigenen Vorg\u00e4nge und st\u00e4rken die Hautzellen.<\/div>\n<div>Die Natur-Wirkstoffkosmetik wurde von uns nach patentierten Verfahren entwickelt und ist eine Innovation in der Dermatologie. Die einzigartigen Zellextrakte in der Natur-Wirkstoffpflege unterst\u00fctzen die Haut in allen Phasen ihrer Erneuerung und st\u00e4rken sie gegen die Folgen von Alterung und sch\u00e4dlichen Umwelteinfl\u00fcssen.<\/div>\n<div>\n<p>100 % nat\u00fcrliche Hautpflege f\u00fcr ganz spezielle Hautbed\u00fcrfnisse.<\/p>\n<p>Zum Hersteller: <a href=\"https:\/\/vitorgan.de\/\" target=\"_blank\" rel=\"noopener noreferrer\">vitOrgan Arzneimittel GmbH<\/a><\/p>\n<p>Zu Risiken und Nebenwirkungen lesen Sie die Packungsbeilage und fragen Sie Ihren Arzt oder Apotheker.<\/p>\n<\/div>\n","protected":false},"excerpt":{"rendered":"<h2 style=\"text-align: left;\">Neyskin Cutana Cream m. Coenzym Q10 50ml<\/h2>\n<div class=\"ce-bodytext\">\n<p><strong>PZN:<\/strong>\u00a0 07193427 (Pharmazentralnummer)<\/p>\n<p><strong>Darreichungsform<\/strong>: Salbe<\/p>\n<p><strong>Verordnungsart<\/strong>: Rezeptfrei<\/p>\n<p><strong>Marke:<\/strong> NeySkin<\/p>\n<p><strong>Hersteller<\/strong>: <a href=\"https:\/\/vitorgan.de\/\" target=\"_blank\" rel=\"noopener noreferrer\">vitOrgan Arzneimittel GmbH<\/a><\/p>\n<\/div>\n","protected":false},"featured_media":114584,"template":"","meta":[],"product_cat":[12],"product_tag":[158,153,157,162],"yoast_head":"<!-- This site is optimized with the Yoast SEO Premium plugin v21.0 (Yoast SEO v21.0) - https:\/\/yoast.com\/wordpress\/plugins\/seo\/ -->\n<title>Neyskin Cutana Cream m. Coenzym Q10 50ml<\/title>\n<meta name=\"description\" content=\"L\u00f6wen Apotheke24 - Spezialist f\u00fcr Naturheilkunde - kurze Lieferzeit - gratis Lieferung ab 30 \u20ac. vitOrgan, Labo Life. Neyskin Cutana Cream m. Coenzym Q10\" \/>\n<meta name=\"robots\" content=\"index, follow, max-snippet:-1, max-image-preview:large, max-video-preview:-1\" \/>\n<link rel=\"canonical\" href=\"https:\/\/www.loewen-apotheke24.com\/de\/shop\/vitorgan\/neyskin-cutana-cream-m-coenzym-q10-50ml\/\" \/>\n<meta property=\"og:locale\" content=\"de_DE\" \/>\n<meta property=\"og:type\" content=\"article\" \/>\n<meta property=\"og:title\" content=\"Neyskin Cutana Cream m. Coenzym Q10 50ml\" \/>\n<meta property=\"og:description\" content=\"L\u00f6wen Apotheke24 - Spezialist f\u00fcr Naturheilkunde - kurze Lieferzeit - gratis Lieferung ab 30 \u20ac. vitOrgan, Labo Life. Neyskin Cutana Cream m. Coenzym Q10\" \/>\n<meta property=\"og:url\" content=\"https:\/\/www.loewen-apotheke24.com\/de\/shop\/vitorgan\/neyskin-cutana-cream-m-coenzym-q10-50ml\/\" \/>\n<meta property=\"og:site_name\" content=\"L\u00f6wen Apotheke24\" \/>\n<meta property=\"article:modified_time\" content=\"2025-11-04T16:22:22+00:00\" \/>\n<meta property=\"og:image\" content=\"https:\/\/www.loewen-apotheke24.com\/wp-content\/uploads\/2017\/08\/Neyskin-Cutana-Vitorgan-PZN07193427-Loewenapotheke24.webp\" \/>\n\t<meta property=\"og:image:width\" content=\"600\" \/>\n\t<meta property=\"og:image:height\" content=\"600\" \/>\n\t<meta property=\"og:image:type\" content=\"image\/webp\" \/>\n<meta name=\"twitter:card\" content=\"summary_large_image\" \/>\n<meta name=\"twitter:label1\" content=\"Gesch\u00e4tzte Lesezeit\" \/>\n\t<meta name=\"twitter:data1\" content=\"2\u00a0Minuten\" \/>\n<script type=\"application\/ld+json\" class=\"yoast-schema-graph\">{\"@context\":\"https:\/\/schema.org\",\"@graph\":[{\"@type\":\"WebPage\",\"@id\":\"https:\/\/www.loewen-apotheke24.com\/de\/shop\/vitorgan\/neyskin-cutana-cream-m-coenzym-q10-50ml\/\",\"url\":\"https:\/\/www.loewen-apotheke24.com\/de\/shop\/vitorgan\/neyskin-cutana-cream-m-coenzym-q10-50ml\/\",\"name\":\"Neyskin Cutana Cream m. Coenzym Q10 50ml\",\"isPartOf\":{\"@id\":\"https:\/\/www.loewen-apotheke24.com\/de\/#website\"},\"datePublished\":\"2017-08-10T11:11:08+00:00\",\"dateModified\":\"2025-11-04T16:22:22+00:00\",\"description\":\"L\u00f6wen Apotheke24 - Spezialist f\u00fcr Naturheilkunde - kurze Lieferzeit - gratis Lieferung ab 30 \u20ac. vitOrgan, Labo Life. Neyskin Cutana Cream m. Coenzym Q10\",\"breadcrumb\":{\"@id\":\"https:\/\/www.loewen-apotheke24.com\/de\/shop\/vitorgan\/neyskin-cutana-cream-m-coenzym-q10-50ml\/#breadcrumb\"},\"inLanguage\":\"de\",\"potentialAction\":[{\"@type\":\"ReadAction\",\"target\":[\"https:\/\/www.loewen-apotheke24.com\/de\/shop\/vitorgan\/neyskin-cutana-cream-m-coenzym-q10-50ml\/\"]}]},{\"@type\":\"BreadcrumbList\",\"@id\":\"https:\/\/www.loewen-apotheke24.com\/de\/shop\/vitorgan\/neyskin-cutana-cream-m-coenzym-q10-50ml\/#breadcrumb\",\"itemListElement\":[{\"@type\":\"ListItem\",\"position\":1,\"name\":\"Shop\",\"item\":\"https:\/\/www.loewen-apotheke24.com\/de\/shop\/\"},{\"@type\":\"ListItem\",\"position\":2,\"name\":\"Neyskin Cutana Cream m. Coenzym Q10 50ml\"}]},{\"@type\":\"WebSite\",\"@id\":\"https:\/\/www.loewen-apotheke24.com\/de\/#website\",\"url\":\"https:\/\/www.loewen-apotheke24.com\/de\/\",\"name\":\"L\u00f6wen Apotheke24\",\"description\":\"Spezialist f\u00fcr Naturmedizin - Versandapotheke Baden-Baden\",\"publisher\":{\"@id\":\"https:\/\/www.loewen-apotheke24.com\/de\/#organization\"},\"potentialAction\":[{\"@type\":\"SearchAction\",\"target\":{\"@type\":\"EntryPoint\",\"urlTemplate\":\"https:\/\/www.loewen-apotheke24.com\/de\/?s={search_term_string}\"},\"query-input\":\"required name=search_term_string\"}],\"inLanguage\":\"de\"},{\"@type\":\"Organization\",\"@id\":\"https:\/\/www.loewen-apotheke24.com\/de\/#organization\",\"name\":\"L\u00f6wen Apotheke\",\"alternateName\":\"L\u00f6wen Apotheke\",\"url\":\"https:\/\/www.loewen-apotheke24.com\/de\/\",\"logo\":{\"@type\":\"ImageObject\",\"inLanguage\":\"de\",\"@id\":\"https:\/\/www.loewen-apotheke24.com\/de\/#\/schema\/logo\/image\/\",\"url\":\"https:\/\/www.loewen-apotheke24.com\/wp-content\/uploads\/2024\/02\/Logo-Loewen-Apotheke-700x700-1.png\",\"contentUrl\":\"https:\/\/www.loewen-apotheke24.com\/wp-content\/uploads\/2024\/02\/Logo-Loewen-Apotheke-700x700-1.png\",\"width\":700,\"height\":700,\"caption\":\"L\u00f6wen Apotheke\"},\"image\":{\"@id\":\"https:\/\/www.loewen-apotheke24.com\/de\/#\/schema\/logo\/image\/\"}}]}<\/script>\n<!-- \/ Yoast SEO Premium plugin. -->","yoast_head_json":{"title":"Neyskin Cutana Cream m. Coenzym Q10 50ml","description":"L\u00f6wen Apotheke24 - Spezialist f\u00fcr Naturheilkunde - kurze Lieferzeit - gratis Lieferung ab 30 \u20ac. vitOrgan, Labo Life. Neyskin Cutana Cream m. Coenzym Q10","robots":{"index":"index","follow":"follow","max-snippet":"max-snippet:-1","max-image-preview":"max-image-preview:large","max-video-preview":"max-video-preview:-1"},"canonical":"https:\/\/www.loewen-apotheke24.com\/de\/shop\/vitorgan\/neyskin-cutana-cream-m-coenzym-q10-50ml\/","og_locale":"de_DE","og_type":"article","og_title":"Neyskin Cutana Cream m. Coenzym Q10 50ml","og_description":"L\u00f6wen Apotheke24 - Spezialist f\u00fcr Naturheilkunde - kurze Lieferzeit - gratis Lieferung ab 30 \u20ac. vitOrgan, Labo Life. Neyskin Cutana Cream m. Coenzym Q10","og_url":"https:\/\/www.loewen-apotheke24.com\/de\/shop\/vitorgan\/neyskin-cutana-cream-m-coenzym-q10-50ml\/","og_site_name":"L\u00f6wen Apotheke24","article_modified_time":"2025-11-04T16:22:22+00:00","og_image":[{"width":600,"height":600,"url":"https:\/\/www.loewen-apotheke24.com\/wp-content\/uploads\/2017\/08\/Neyskin-Cutana-Vitorgan-PZN07193427-Loewenapotheke24.webp","type":"image\/webp"}],"twitter_card":"summary_large_image","twitter_misc":{"Gesch\u00e4tzte Lesezeit":"2\u00a0Minuten"},"schema":{"@context":"https:\/\/schema.org","@graph":[{"@type":"WebPage","@id":"https:\/\/www.loewen-apotheke24.com\/de\/shop\/vitorgan\/neyskin-cutana-cream-m-coenzym-q10-50ml\/","url":"https:\/\/www.loewen-apotheke24.com\/de\/shop\/vitorgan\/neyskin-cutana-cream-m-coenzym-q10-50ml\/","name":"Neyskin Cutana Cream m. Coenzym Q10 50ml","isPartOf":{"@id":"https:\/\/www.loewen-apotheke24.com\/de\/#website"},"datePublished":"2017-08-10T11:11:08+00:00","dateModified":"2025-11-04T16:22:22+00:00","description":"L\u00f6wen Apotheke24 - Spezialist f\u00fcr Naturheilkunde - kurze Lieferzeit - gratis Lieferung ab 30 \u20ac. vitOrgan, Labo Life. Neyskin Cutana Cream m. Coenzym Q10","breadcrumb":{"@id":"https:\/\/www.loewen-apotheke24.com\/de\/shop\/vitorgan\/neyskin-cutana-cream-m-coenzym-q10-50ml\/#breadcrumb"},"inLanguage":"de","potentialAction":[{"@type":"ReadAction","target":["https:\/\/www.loewen-apotheke24.com\/de\/shop\/vitorgan\/neyskin-cutana-cream-m-coenzym-q10-50ml\/"]}]},{"@type":"BreadcrumbList","@id":"https:\/\/www.loewen-apotheke24.com\/de\/shop\/vitorgan\/neyskin-cutana-cream-m-coenzym-q10-50ml\/#breadcrumb","itemListElement":[{"@type":"ListItem","position":1,"name":"Shop","item":"https:\/\/www.loewen-apotheke24.com\/de\/shop\/"},{"@type":"ListItem","position":2,"name":"Neyskin Cutana Cream m. Coenzym Q10 50ml"}]},{"@type":"WebSite","@id":"https:\/\/www.loewen-apotheke24.com\/de\/#website","url":"https:\/\/www.loewen-apotheke24.com\/de\/","name":"L\u00f6wen Apotheke24","description":"Spezialist f\u00fcr Naturmedizin - Versandapotheke Baden-Baden","publisher":{"@id":"https:\/\/www.loewen-apotheke24.com\/de\/#organization"},"potentialAction":[{"@type":"SearchAction","target":{"@type":"EntryPoint","urlTemplate":"https:\/\/www.loewen-apotheke24.com\/de\/?s={search_term_string}"},"query-input":"required name=search_term_string"}],"inLanguage":"de"},{"@type":"Organization","@id":"https:\/\/www.loewen-apotheke24.com\/de\/#organization","name":"L\u00f6wen Apotheke","alternateName":"L\u00f6wen Apotheke","url":"https:\/\/www.loewen-apotheke24.com\/de\/","logo":{"@type":"ImageObject","inLanguage":"de","@id":"https:\/\/www.loewen-apotheke24.com\/de\/#\/schema\/logo\/image\/","url":"https:\/\/www.loewen-apotheke24.com\/wp-content\/uploads\/2024\/02\/Logo-Loewen-Apotheke-700x700-1.png","contentUrl":"https:\/\/www.loewen-apotheke24.com\/wp-content\/uploads\/2024\/02\/Logo-Loewen-Apotheke-700x700-1.png","width":700,"height":700,"caption":"L\u00f6wen Apotheke"},"image":{"@id":"https:\/\/www.loewen-apotheke24.com\/de\/#\/schema\/logo\/image\/"}}]}},"_links":{"self":[{"href":"https:\/\/www.loewen-apotheke24.com\/de\/wp-json\/wp\/v2\/product\/995"}],"collection":[{"href":"https:\/\/www.loewen-apotheke24.com\/de\/wp-json\/wp\/v2\/product"}],"about":[{"href":"https:\/\/www.loewen-apotheke24.com\/de\/wp-json\/wp\/v2\/types\/product"}],"wp:featuredmedia":[{"embeddable":true,"href":"https:\/\/www.loewen-apotheke24.com\/de\/wp-json\/wp\/v2\/media\/114584"}],"wp:attachment":[{"href":"https:\/\/www.loewen-apotheke24.com\/de\/wp-json\/wp\/v2\/media?parent=995"}],"wp:term":[{"taxonomy":"product_cat","embeddable":true,"href":"https:\/\/www.loewen-apotheke24.com\/de\/wp-json\/wp\/v2\/product_cat?post=995"},{"taxonomy":"product_tag","embeddable":true,"href":"https:\/\/www.loewen-apotheke24.com\/de\/wp-json\/wp\/v2\/product_tag?post=995"}],"curies":[{"name":"wp","href":"https:\/\/api.w.org\/{rel}","templated":true}]}}