{"id":51633,"date":"2017-11-21T20:54:03","date_gmt":"2017-11-21T19:54:03","guid":{"rendered":"https:\/\/www.loewen-apotheke24.com\/my-schuessler-salt-powder-mixer\/"},"modified":"2023-11-02T17:57:16","modified_gmt":"2023-11-02T16:57:16","slug":"my-schuessler-salt-powder-mixer","status":"publish","type":"page","link":"https:\/\/www.loewen-apotheke24.com\/en\/my-schuessler-salt-powder-mixer\/","title":{"rendered":"My Schuessler Salt Powder Mixer"},"content":{"rendered":"<h2>Your individual Schuessler salt powder mix<\/h2>\n<h3>The balanced mineral balance as the basis of our health<\/h3>\n<p>Schuessler salt powder mix. According to the theory of the discoverer Dr. Wilhelm Heinrich Sch\u00fc\u00dfler (1821 &#8211; 1898), diseases are caused by disturbances in the mineral balance of the body cells. The administration of homeopathically potentized minerals supports the body and sets impulses for the cells. The Sch\u00fc\u00dfler salts are used to accompany therapies.<\/p>\n<p>Due to the dilution, the minerals enter the cells directly and the cell function normalizes. This is not about replacing missing minerals, but about providing high quality functional agents that activate self-healing.<\/p>\n<h3>Function of the Schuessler salts<\/h3>\n<p>The Sch\u00fcssler salts regulate and harmonize our mineral balance. They cannot compensate for real mineral deficiencies. But you can restore the installation and mineral order in the body. It is important to proceed on a completely individual basis.<\/p>\n<h3><img decoding=\"async\" loading=\"lazy\" class=\" wp-image-22446 alignright\" src=\"https:\/\/www.loewen-apotheke24.com\/wp-content\/uploads\/2018\/09\/Mein-Schuessler-Salz_oS-300x300.jpg\" alt=\"\"My Schuessler Salt\"- Regeneration Formula 400g\" width=\"257\" height=\"257\" srcset=\"https:\/\/www.loewen-apotheke24.com\/wp-content\/uploads\/2018\/09\/Mein-Schuessler-Salz_oS-300x300.jpg 300w, https:\/\/www.loewen-apotheke24.com\/wp-content\/uploads\/2018\/09\/Mein-Schuessler-Salz_oS-100x100.jpg 100w, https:\/\/www.loewen-apotheke24.com\/wp-content\/uploads\/2018\/09\/Mein-Schuessler-Salz_oS-64x64.jpg 64w, https:\/\/www.loewen-apotheke24.com\/wp-content\/uploads\/2018\/09\/Mein-Schuessler-Salz_oS-150x150.jpg 150w, https:\/\/www.loewen-apotheke24.com\/wp-content\/uploads\/2018\/09\/Mein-Schuessler-Salz_oS.jpg 600w\" sizes=\"(max-width: 257px) 100vw, 257px\" \/>Advantages of the individual powder mixture &#8211; My Schuessler Salt Mix<\/h3>\n<ul>\n<li><span style=\"color: #ff6600;\"><br \/>\n  <strong>100% individual<\/strong><br \/>\n<\/span> tailored to your needs &#8211; <strong>without<\/strong> additives<\/li>\n<li><span style=\"color: #ffcc00;\"><br \/>\n  <strong>Easy to take<\/strong><br \/>\n<\/span> Diluted with water<\/li>\n<li>Simple dosage &#8211; only <span style=\"color: #ff0000;\"><br \/>\n  <strong>A powder mixture<\/strong><br \/>\n<\/span> instead of many tablets<\/li>\n<\/ul>\n<p>The L\u00f6wen Apotheke from Baden-Baden, offers you the possibility to compose your very own individual Sch\u00fcssler powder mixture with our Sch\u00fcssler mixer. Your own<a href=\"https:\/\/www.loewen-apotheke24.com\/en\/product_cat\/mein-schuessler-salz-en\/\"> Schuessler salt powder mix<\/a>.<\/p>\n<h3>Step 1 &#8211; Determine personal needs<\/h3>\n<p>The first step is the needs analysis. You can receive this requirement free of charge and without obligation via the online form. The L\u00f6wen Apotheke from Baden-Baden, offers you the possibility to compose your very individual My Schuessler Salt powder mixture yourself with our Schuessler Mixer.<\/p>\n<h3>Step 2 &#8211; Create personal powder mixture<\/h3>\n<p>Choose your own mixture from the 12 basic salts. One package contains 400g of powder for only 42,84\u20ac (mixtures under 400g are automatically increased or decreased to 400g in the appropriate ratio)<\/p>\n<p><a href=\"https:\/\/www.loewen-apotheke24.com\/de\/kontakt\/\">&gt;&gt;  Inquire now<\/a><\/p>\n<p>&nbsp;<\/p>\n","protected":false},"excerpt":{"rendered":"<p>Your individual Schuessler salt powder mix The balanced mineral balance as the basis of our health Schuessler salt powder mix. According to the theory of the discoverer Dr. Wilhelm Heinrich [&hellip;]<\/p>\n","protected":false},"author":1,"featured_media":0,"parent":0,"menu_order":0,"comment_status":"closed","ping_status":"closed","template":"template-fullwidth.php","meta":[],"yoast_head":"<!-- This site is optimized with the Yoast SEO Premium plugin v21.0 (Yoast SEO v21.0) - https:\/\/yoast.com\/wordpress\/plugins\/seo\/ -->\n<title>My Schuessler Salt Powder Mixer<\/title>\n<meta name=\"description\" content=\"L\u00f6wen Apotheke24 - Specialist for Naturopathy - Worldwide shipping - Short delivery time - Your own Sch\u00fcssler Salt Powder Mix\" \/>\n<meta name=\"robots\" content=\"index, follow, max-snippet:-1, max-image-preview:large, max-video-preview:-1\" \/>\n<link rel=\"canonical\" href=\"https:\/\/www.loewen-apotheke24.com\/en\/my-schuessler-salt-powder-mixer\/\" \/>\n<meta property=\"og:locale\" content=\"en_US\" \/>\n<meta property=\"og:type\" content=\"article\" \/>\n<meta property=\"og:title\" content=\"My Schuessler Salt Powder Mixer\" \/>\n<meta property=\"og:description\" content=\"L\u00f6wen Apotheke24 - Specialist for Naturopathy - Worldwide shipping - Short delivery time - Your own Sch\u00fcssler Salt Powder Mix\" \/>\n<meta property=\"og:url\" content=\"https:\/\/www.loewen-apotheke24.com\/en\/my-schuessler-salt-powder-mixer\/\" \/>\n<meta property=\"og:site_name\" content=\"L\u00f6wen Apotheke24\" \/>\n<meta property=\"article:modified_time\" content=\"2023-11-02T16:57:16+00:00\" \/>\n<meta property=\"og:image\" content=\"https:\/\/www.loewen-apotheke24.com\/wp-content\/uploads\/2018\/09\/Mein-Schuessler-Salz_oS-300x300.jpg\" \/>\n<meta name=\"twitter:card\" content=\"summary_large_image\" \/>\n<meta name=\"twitter:label1\" content=\"Est. reading time\" \/>\n\t<meta name=\"twitter:data1\" content=\"2 minutes\" \/>\n<script type=\"application\/ld+json\" class=\"yoast-schema-graph\">{\"@context\":\"https:\/\/schema.org\",\"@graph\":[{\"@type\":\"WebPage\",\"@id\":\"https:\/\/www.loewen-apotheke24.com\/en\/my-schuessler-salt-powder-mixer\/\",\"url\":\"https:\/\/www.loewen-apotheke24.com\/en\/my-schuessler-salt-powder-mixer\/\",\"name\":\"My Schuessler Salt Powder Mixer\",\"isPartOf\":{\"@id\":\"https:\/\/www.loewen-apotheke24.com\/en\/#website\"},\"datePublished\":\"2017-11-21T19:54:03+00:00\",\"dateModified\":\"2023-11-02T16:57:16+00:00\",\"description\":\"L\u00f6wen Apotheke24 - Specialist for Naturopathy - Worldwide shipping - Short delivery time - Your own Sch\u00fcssler Salt Powder Mix\",\"inLanguage\":\"en-US\",\"potentialAction\":[{\"@type\":\"ReadAction\",\"target\":[\"https:\/\/www.loewen-apotheke24.com\/en\/my-schuessler-salt-powder-mixer\/\"]}]},{\"@type\":\"WebSite\",\"@id\":\"https:\/\/www.loewen-apotheke24.com\/en\/#website\",\"url\":\"https:\/\/www.loewen-apotheke24.com\/en\/\",\"name\":\"L\u00f6wen Apotheke24\",\"description\":\"Specialist for Natural Medicine - Mail order pharmacy Baden-Baden[:en]Your Specialist for Natural Medicine - Experts from Baden-Baden, Germany\",\"publisher\":{\"@id\":\"https:\/\/www.loewen-apotheke24.com\/en\/#organization\"},\"potentialAction\":[{\"@type\":\"SearchAction\",\"target\":{\"@type\":\"EntryPoint\",\"urlTemplate\":\"https:\/\/www.loewen-apotheke24.com\/en\/?s={search_term_string}\"},\"query-input\":\"required name=search_term_string\"}],\"inLanguage\":\"en-US\"},{\"@type\":\"Organization\",\"@id\":\"https:\/\/www.loewen-apotheke24.com\/en\/#organization\",\"name\":\"L\u00f6wen Apotheke\",\"alternateName\":\"L\u00f6wen Apotheke\",\"url\":\"https:\/\/www.loewen-apotheke24.com\/en\/\",\"logo\":{\"@type\":\"ImageObject\",\"inLanguage\":\"en-US\",\"@id\":\"https:\/\/www.loewen-apotheke24.com\/en\/#\/schema\/logo\/image\/\",\"url\":\"https:\/\/www.loewen-apotheke24.com\/wp-content\/uploads\/2024\/02\/Logo-Loewen-Apotheke-700x700-1.png\",\"contentUrl\":\"https:\/\/www.loewen-apotheke24.com\/wp-content\/uploads\/2024\/02\/Logo-Loewen-Apotheke-700x700-1.png\",\"width\":700,\"height\":700,\"caption\":\"L\u00f6wen Apotheke\"},\"image\":{\"@id\":\"https:\/\/www.loewen-apotheke24.com\/en\/#\/schema\/logo\/image\/\"}}]}<\/script>\n<!-- \/ Yoast SEO Premium plugin. -->","yoast_head_json":{"title":"My Schuessler Salt Powder Mixer","description":"L\u00f6wen Apotheke24 - Specialist for Naturopathy - Worldwide shipping - Short delivery time - Your own Sch\u00fcssler Salt Powder Mix","robots":{"index":"index","follow":"follow","max-snippet":"max-snippet:-1","max-image-preview":"max-image-preview:large","max-video-preview":"max-video-preview:-1"},"canonical":"https:\/\/www.loewen-apotheke24.com\/en\/my-schuessler-salt-powder-mixer\/","og_locale":"en_US","og_type":"article","og_title":"My Schuessler Salt Powder Mixer","og_description":"L\u00f6wen Apotheke24 - Specialist for Naturopathy - Worldwide shipping - Short delivery time - Your own Sch\u00fcssler Salt Powder Mix","og_url":"https:\/\/www.loewen-apotheke24.com\/en\/my-schuessler-salt-powder-mixer\/","og_site_name":"L\u00f6wen Apotheke24","article_modified_time":"2023-11-02T16:57:16+00:00","og_image":[{"url":"https:\/\/www.loewen-apotheke24.com\/wp-content\/uploads\/2018\/09\/Mein-Schuessler-Salz_oS-300x300.jpg"}],"twitter_card":"summary_large_image","twitter_misc":{"Est. reading time":"2 minutes"},"schema":{"@context":"https:\/\/schema.org","@graph":[{"@type":"WebPage","@id":"https:\/\/www.loewen-apotheke24.com\/en\/my-schuessler-salt-powder-mixer\/","url":"https:\/\/www.loewen-apotheke24.com\/en\/my-schuessler-salt-powder-mixer\/","name":"My Schuessler Salt Powder Mixer","isPartOf":{"@id":"https:\/\/www.loewen-apotheke24.com\/en\/#website"},"datePublished":"2017-11-21T19:54:03+00:00","dateModified":"2023-11-02T16:57:16+00:00","description":"L\u00f6wen Apotheke24 - Specialist for Naturopathy - Worldwide shipping - Short delivery time - Your own Sch\u00fcssler Salt Powder Mix","inLanguage":"en-US","potentialAction":[{"@type":"ReadAction","target":["https:\/\/www.loewen-apotheke24.com\/en\/my-schuessler-salt-powder-mixer\/"]}]},{"@type":"WebSite","@id":"https:\/\/www.loewen-apotheke24.com\/en\/#website","url":"https:\/\/www.loewen-apotheke24.com\/en\/","name":"L\u00f6wen Apotheke24","description":"Specialist for Natural Medicine - Mail order pharmacy Baden-Baden[:en]Your Specialist for Natural Medicine - Experts from Baden-Baden, Germany","publisher":{"@id":"https:\/\/www.loewen-apotheke24.com\/en\/#organization"},"potentialAction":[{"@type":"SearchAction","target":{"@type":"EntryPoint","urlTemplate":"https:\/\/www.loewen-apotheke24.com\/en\/?s={search_term_string}"},"query-input":"required name=search_term_string"}],"inLanguage":"en-US"},{"@type":"Organization","@id":"https:\/\/www.loewen-apotheke24.com\/en\/#organization","name":"L\u00f6wen Apotheke","alternateName":"L\u00f6wen Apotheke","url":"https:\/\/www.loewen-apotheke24.com\/en\/","logo":{"@type":"ImageObject","inLanguage":"en-US","@id":"https:\/\/www.loewen-apotheke24.com\/en\/#\/schema\/logo\/image\/","url":"https:\/\/www.loewen-apotheke24.com\/wp-content\/uploads\/2024\/02\/Logo-Loewen-Apotheke-700x700-1.png","contentUrl":"https:\/\/www.loewen-apotheke24.com\/wp-content\/uploads\/2024\/02\/Logo-Loewen-Apotheke-700x700-1.png","width":700,"height":700,"caption":"L\u00f6wen Apotheke"},"image":{"@id":"https:\/\/www.loewen-apotheke24.com\/en\/#\/schema\/logo\/image\/"}}]}},"_links":{"self":[{"href":"https:\/\/www.loewen-apotheke24.com\/en\/wp-json\/wp\/v2\/pages\/51633"}],"collection":[{"href":"https:\/\/www.loewen-apotheke24.com\/en\/wp-json\/wp\/v2\/pages"}],"about":[{"href":"https:\/\/www.loewen-apotheke24.com\/en\/wp-json\/wp\/v2\/types\/page"}],"author":[{"embeddable":true,"href":"https:\/\/www.loewen-apotheke24.com\/en\/wp-json\/wp\/v2\/users\/1"}],"replies":[{"embeddable":true,"href":"https:\/\/www.loewen-apotheke24.com\/en\/wp-json\/wp\/v2\/comments?post=51633"}],"version-history":[{"count":0,"href":"https:\/\/www.loewen-apotheke24.com\/en\/wp-json\/wp\/v2\/pages\/51633\/revisions"}],"wp:attachment":[{"href":"https:\/\/www.loewen-apotheke24.com\/en\/wp-json\/wp\/v2\/media?parent=51633"}],"curies":[{"name":"wp","href":"https:\/\/api.w.org\/{rel}","templated":true}]}}