{"id":51644,"date":"2017-03-17T11:25:37","date_gmt":"2017-03-17T10:25:37","guid":{"rendered":"https:\/\/www.loewen-apotheke24.com\/lions-pharmacy\/"},"modified":"2025-10-05T06:09:36","modified_gmt":"2025-10-05T05:09:36","slug":"lions-pharmacy","status":"publish","type":"page","link":"https:\/\/www.loewen-apotheke24.com\/en\/lions-pharmacy\/","title":{"rendered":"L\u00f6wen Apotheke"},"content":{"rendered":"<h2>Prooved quality &#8211; L\u00f6wen Apotheke, Baden-Baden.<\/h2>\n<h3>Your natural wedge specialist.<\/h3>\n<p>Our pharmacy is located in the heart of Baden-Baden in the pedestrian zone.<br \/>\nDie L\u00f6wen Apotheke ist eine moderne Apotheke, gleichzeitig m\u00f6chten wir an die Apothekentradition ankn\u00fcpfen.<\/p>\n<p><img decoding=\"async\" loading=\"lazy\" class=\"alignright\" title=\"Your L\u00f6wen Pharmacy in Baden-Baden, pharmacy on site.  \" src=\"https:\/\/e-rezept-app.de\/wp-content\/uploads\/2022\/12\/Lion-Pharmacy-Lowen_Apotheke_Baden_Baden_Geschaft-Store-300x300.jpg\" alt=\"Your L\u00f6wen Pharmacy in Baden-Baden, pharmacy on site.  \" width=\"300\" height=\"300\">We specialize in <a href=\"https:\/\/www.loewen-apotheke24.com\/en\/product_tag\/natural-remedies\/\">naturopathy<\/a> and <a href=\"https:\/\/www.loewen-apotheke24.com\/en\/product_tag\/homeopathy\/\">homeopathy<\/a>. We are particularly interested in the dissemination of biochemistry according to Dr. Sch\u00fcssler. The &#8220;12 life salts&#8221; are becoming more and more popular, as their effect wonderfully complements our treasure trove of medicines.<\/p>\n<p>My concern now is to further develop the biochemistry according to Dr. Sch\u00fcssler and to adapt it to the individual through individual mixtures. Each person has different needs, depending on age, work and \/ or constitution.<\/p>\n<p>Our mixer has been developed according to needs and pharmaceutical knowledge, so you can use it to perform the optimal Schuessler salt therapy.<\/p>\n<p>Zudem sind wir eine anerkannte Versandapotheke, d.h. Sie k\u00f6nnen alle Angebote auch per Versand direkt nach Hause bekommen. By partnering with <strong>Guten Tag Pharmacy<\/strong>, <strong>DMDI<\/strong> &#8216;s seal of quality, the highest standards are ensured.<\/p>\n<p>Zudem sind wir eine anerkannte Versandapotheke, d.h. Sie k\u00f6nnen alle Angebote auch per Versand direkt nach Hause bekommen. We also accept <a href=\"https:\/\/e-rezept-app.de\/e-rezept-app-ein-service-der-loewen-apotheke-ueber-uns\">e-prescriptions<\/a> . We have a dedicated app for this <a href=\"https:\/\/e-rezept-app.de\/e-rezept-app-ein-service-der-loewen-apotheke-ueber-uns\">e-prescription app<\/a> .<\/p>\n<p>By partnering with <strong>Guten Tag Pharmacy<\/strong>, <strong>DMDI<\/strong> &#8216;s seal of quality, the highest standards are ensured.<\/p>\n<h4><\/h4>\n<h4>Comprehensive, individual consulting<\/h4>\n<p>The best for your health is our highest goal. That is why you can count on a wide range of advice and services in our pharmacy. Get to know our scope of services in this area better.<\/p>\n<p>In particular, we would like to assist you in the selection of medications. Also assist with individual recipe requests or changes to existing recipe suggestions with our knowledge.<\/p>\n<p style=\"text-align: left;\"><img decoding=\"async\" loading=\"lazy\" class=\"alignleft wp-image-35325\" src=\"https:\/\/www.loewen-apotheke24.com\/wp-content\/uploads\/2021\/10\/praxis-sandra-hoff-heilpraktiker-apotheke-footer.jpg\" alt=\"Pharmacist, Naturopath, Microimmunotherapy, EBV, Long Covid Consultation\" width=\"209\" height=\"203\" srcset=\"https:\/\/www.loewen-apotheke24.com\/wp-content\/uploads\/2021\/10\/praxis-sandra-hoff-heilpraktiker-apotheke-footer.jpg 302w, https:\/\/www.loewen-apotheke24.com\/wp-content\/uploads\/2021\/10\/praxis-sandra-hoff-heilpraktiker-apotheke-footer-300x293.jpg 300w, https:\/\/www.loewen-apotheke24.com\/wp-content\/uploads\/2021\/10\/praxis-sandra-hoff-heilpraktiker-apotheke-footer-64x62.jpg 64w\" sizes=\"(max-width: 209px) 100vw, 209px\" \/>Sandra Hoff, pharmacist at L\u00f6wen Apotheke.<\/p>\n<blockquote>\n<p style=\"text-align: left;\">My highly qualified team and I are always available to answer your questions in person, by phone or online.<\/p>\n<\/blockquote>\n<p style=\"text-align: left;\">Phone pharmacy: 07221-22 120 | Phone shipping: 07221- 395374<br \/>\nE-mail inquiries to: info@loewen-apotheke24.de<\/p>\n<p data-start=\"121\" data-end=\"506\">Our experienced, multilingual team (German, English, Spanish, Russian) offers you excellent service \u2013 personal, competent and customer-oriented. Thanks to numerous top reviews on <a href=\"https:\/\/share.google\/8k4HG9Di1QlCvhml1\" target=\"_blank\" rel=\"noopener\">Google<\/a> and other platforms, our customers know that they are in the best hands with us.<\/p>\n<p data-start=\"508\" data-end=\"690\">We are here for you:<br data-start=\"528\" data-end=\"531\"><strong data-start=\"531\" data-end=\"554\">Monday to Friday:<\/strong> 8:30 a.m. \u2013 6:30 p.m.<br data-start=\"571\" data-end=\"574\"><strong data-start=\"574\" data-end=\"586\">Saturday:<\/strong> 9:00 a.m. \u2013 1:00 p.m.<br data-start=\"603\" data-end=\"606\"><strong data-start=\"606\" data-end=\"621\">Emergency:<\/strong> Of course, we regularly take on on-call duties.<\/p>\n<h4>The regional messenger and delivery service of L\u00f6wen Apotheke:<\/h4>\n<p>We will be happy to deliver your ordered goods to you personally, free of charge, in the local area. The following postal code areas are considered to be local: 76530, 76531, 76532, 76533, 76534<\/p>\n<p>&nbsp;<\/p>\n<h4 class=\"TypographyPresentation TypographyPresentation--medium RichText3-paragraph--withVSpacingNormal RichText3-paragraph HighlightSol HighlightSol--buildingBlock\">Questions about our services or products? We are here for you!<\/h4>\n<div class=\"TypographyPresentation TypographyPresentation--medium RichText3-paragraph--withVSpacingNormal RichText3-paragraph HighlightSol HighlightSol--buildingBlock\">Our pharmacist in charge, <strong>Dr. Sandra Hoff<\/strong> , and her team will be happy to advise you personally \u2013 by phone or e-mail. As a <strong>real local pharmacy<\/strong> and <strong>approved mail-order pharmacy<\/strong> , we offer you competent support, especially in the areas of <a href=\"https:\/\/www.loewen-apotheke24.com\/en\/product_tag\/natural-remedies\/\"><strong>naturopathy<\/strong> <\/a>and <a href=\"https:\/\/www.loewen-apotheke24.com\/en\/product_tag\/nutritional-supplement\/\"><br \/>\n  <strong>dietary supplements<\/strong><br \/>\n<\/a>.<\/div>\n<div class=\"TypographyPresentation TypographyPresentation--medium RichText3-paragraph--withVSpacingNormal RichText3-paragraph HighlightSol HighlightSol--buildingBlock\"><a class=\"PrimaryLink HighlightSol HighlightSol--core LinkBase\" href=\"https:\/\/versandhandel.dimdi.de\/websearch\/servlet\/Gate;jsessionid=0D29D15655BE1174E9178A340E8FE6BC?accessid=dimdi_var&amp;term=3c387956690121ccc8763184f052b93f\" target=\"_blank\" rel=\"noreferrer noopener\">Entry in the mail order register<\/a><\/div>\n<div><\/div>\n<div><\/div>\n<h4>Our partners:<\/h4>\n<p><img decoding=\"async\" loading=\"lazy\" class=\"alignleft wp-image-72528\" src=\"https:\/\/www.loewen-apotheke24.com\/wp-content\/uploads\/2023\/08\/LA24-Logo-Icon.bmp\" alt=\"LA24 Logo Icon\" width=\"205\" height=\"181\"><\/p>\n<p>&nbsp;<\/p>\n<p>Design, Development and Consulting &#8211; <a href=\"https:\/\/bel-vita.com\/\" target=\"_blank\" rel=\"noopener\">Belvita GmbH<\/a><br \/>\nProduct <a href=\"https:\/\/meinschuesslersalz.de\/\" target=\"_blank\" rel=\"noopener\">MeinSch\u00fcsslerSalz<\/a><br \/>\nProduct <a href=\"https:\/\/hashimoto-vitalis.de\/\" target=\"_blank\" rel=\"noopener\">Hashimoto vitalis<\/a><br \/>\nWebshop International &#8211; <a href=\"https:\/\/lions-pharmacy.com\/\" target=\"_blank\" rel=\"noopener\">www.lions-pharmacy.com<\/a><br \/>\nServices &#8211; <a href=\"https:\/\/e-rezept-app.de\/\" target=\"_blank\" rel=\"noopener\">E-Prescription App <\/a> <\/p>\n<p>&nbsp;<\/p>\n","protected":false},"excerpt":{"rendered":"<p>Prooved quality &#8211; L\u00f6wen Apotheke, Baden-Baden. Your natural wedge specialist. Our pharmacy is located in the heart of Baden-Baden in the pedestrian zone. Die L\u00f6wen Apotheke ist eine moderne Apotheke, [&hellip;]<\/p>\n","protected":false},"author":2,"featured_media":0,"parent":0,"menu_order":0,"comment_status":"closed","ping_status":"closed","template":"template-fullwidth.php","meta":[],"yoast_head":"<!-- This site is optimized with the Yoast SEO Premium plugin v21.0 (Yoast SEO v21.0) - https:\/\/yoast.com\/wordpress\/plugins\/seo\/ -->\n<title>L\u00f6wen Apotheke - Baden-Baden - Pharmacist: Sandra Hoff<\/title>\n<meta name=\"description\" content=\"Your local pharmacy offers: advice, multilingual staff &amp; regional delivery service! Mon to Fri: 8:30 a.m. to 6:30 p.m., Sat: 9:00 a.m. to 1:00 p.m.\" \/>\n<meta name=\"robots\" content=\"index, follow, max-snippet:-1, max-image-preview:large, max-video-preview:-1\" \/>\n<link rel=\"canonical\" href=\"https:\/\/www.loewen-apotheke24.com\/en\/lions-pharmacy\/\" \/>\n<meta property=\"og:locale\" content=\"en_US\" \/>\n<meta property=\"og:type\" content=\"article\" \/>\n<meta property=\"og:title\" content=\"L\u00f6wen Apotheke - Baden-Baden - Pharmacist: Sandra Hoff\" \/>\n<meta property=\"og:description\" content=\"Your local pharmacy offers: advice, multilingual staff &amp; regional delivery service! Mon to Fri: 8:30 a.m. to 6:30 p.m., Sat: 9:00 a.m. to 1:00 p.m.\" \/>\n<meta property=\"og:url\" content=\"https:\/\/www.loewen-apotheke24.com\/en\/lions-pharmacy\/\" \/>\n<meta property=\"og:site_name\" content=\"L\u00f6wen Apotheke24\" \/>\n<meta property=\"article:modified_time\" content=\"2025-10-05T05:09:36+00:00\" \/>\n<meta property=\"og:image\" content=\"https:\/\/e-rezept-app.de\/wp-content\/uploads\/2022\/12\/Lion-Pharmacy-Lowen_Apotheke_Baden_Baden_Geschaft-Store-300x300.jpg\" \/>\n<meta name=\"twitter:card\" content=\"summary_large_image\" \/>\n<meta name=\"twitter:label1\" content=\"Est. reading time\" \/>\n\t<meta name=\"twitter:data1\" content=\"3 minutes\" \/>\n<script type=\"application\/ld+json\" class=\"yoast-schema-graph\">{\"@context\":\"https:\/\/schema.org\",\"@graph\":[{\"@type\":\"WebPage\",\"@id\":\"https:\/\/www.loewen-apotheke24.com\/en\/lions-pharmacy\/\",\"url\":\"https:\/\/www.loewen-apotheke24.com\/en\/lions-pharmacy\/\",\"name\":\"L\u00f6wen Apotheke - Baden-Baden - Pharmacist: Sandra Hoff\",\"isPartOf\":{\"@id\":\"https:\/\/www.loewen-apotheke24.com\/en\/#website\"},\"datePublished\":\"2017-03-17T10:25:37+00:00\",\"dateModified\":\"2025-10-05T05:09:36+00:00\",\"description\":\"Your local pharmacy offers: advice, multilingual staff & regional delivery service! Mon to Fri: 8:30 a.m. to 6:30 p.m., Sat: 9:00 a.m. to 1:00 p.m.\",\"inLanguage\":\"en-US\",\"potentialAction\":[{\"@type\":\"ReadAction\",\"target\":[\"https:\/\/www.loewen-apotheke24.com\/en\/lions-pharmacy\/\"]}]},{\"@type\":\"WebSite\",\"@id\":\"https:\/\/www.loewen-apotheke24.com\/en\/#website\",\"url\":\"https:\/\/www.loewen-apotheke24.com\/en\/\",\"name\":\"L\u00f6wen Apotheke24\",\"description\":\"Specialist for Natural Medicine - Mail order pharmacy Baden-Baden[:en]Your Specialist for Natural Medicine - Experts from Baden-Baden, Germany\",\"publisher\":{\"@id\":\"https:\/\/www.loewen-apotheke24.com\/en\/#organization\"},\"potentialAction\":[{\"@type\":\"SearchAction\",\"target\":{\"@type\":\"EntryPoint\",\"urlTemplate\":\"https:\/\/www.loewen-apotheke24.com\/en\/?s={search_term_string}\"},\"query-input\":\"required name=search_term_string\"}],\"inLanguage\":\"en-US\"},{\"@type\":\"Organization\",\"@id\":\"https:\/\/www.loewen-apotheke24.com\/en\/#organization\",\"name\":\"L\u00f6wen Apotheke\",\"alternateName\":\"L\u00f6wen Apotheke\",\"url\":\"https:\/\/www.loewen-apotheke24.com\/en\/\",\"logo\":{\"@type\":\"ImageObject\",\"inLanguage\":\"en-US\",\"@id\":\"https:\/\/www.loewen-apotheke24.com\/en\/#\/schema\/logo\/image\/\",\"url\":\"https:\/\/www.loewen-apotheke24.com\/wp-content\/uploads\/2024\/02\/Logo-Loewen-Apotheke-700x700-1.png\",\"contentUrl\":\"https:\/\/www.loewen-apotheke24.com\/wp-content\/uploads\/2024\/02\/Logo-Loewen-Apotheke-700x700-1.png\",\"width\":700,\"height\":700,\"caption\":\"L\u00f6wen Apotheke\"},\"image\":{\"@id\":\"https:\/\/www.loewen-apotheke24.com\/en\/#\/schema\/logo\/image\/\"}}]}<\/script>\n<!-- \/ Yoast SEO Premium plugin. -->","yoast_head_json":{"title":"L\u00f6wen Apotheke - Baden-Baden - Pharmacist: Sandra Hoff","description":"Your local pharmacy offers: advice, multilingual staff & regional delivery service! Mon to Fri: 8:30 a.m. to 6:30 p.m., Sat: 9:00 a.m. to 1:00 p.m.","robots":{"index":"index","follow":"follow","max-snippet":"max-snippet:-1","max-image-preview":"max-image-preview:large","max-video-preview":"max-video-preview:-1"},"canonical":"https:\/\/www.loewen-apotheke24.com\/en\/lions-pharmacy\/","og_locale":"en_US","og_type":"article","og_title":"L\u00f6wen Apotheke - Baden-Baden - Pharmacist: Sandra Hoff","og_description":"Your local pharmacy offers: advice, multilingual staff & regional delivery service! Mon to Fri: 8:30 a.m. to 6:30 p.m., Sat: 9:00 a.m. to 1:00 p.m.","og_url":"https:\/\/www.loewen-apotheke24.com\/en\/lions-pharmacy\/","og_site_name":"L\u00f6wen Apotheke24","article_modified_time":"2025-10-05T05:09:36+00:00","og_image":[{"url":"https:\/\/e-rezept-app.de\/wp-content\/uploads\/2022\/12\/Lion-Pharmacy-Lowen_Apotheke_Baden_Baden_Geschaft-Store-300x300.jpg"}],"twitter_card":"summary_large_image","twitter_misc":{"Est. reading time":"3 minutes"},"schema":{"@context":"https:\/\/schema.org","@graph":[{"@type":"WebPage","@id":"https:\/\/www.loewen-apotheke24.com\/en\/lions-pharmacy\/","url":"https:\/\/www.loewen-apotheke24.com\/en\/lions-pharmacy\/","name":"L\u00f6wen Apotheke - Baden-Baden - Pharmacist: Sandra Hoff","isPartOf":{"@id":"https:\/\/www.loewen-apotheke24.com\/en\/#website"},"datePublished":"2017-03-17T10:25:37+00:00","dateModified":"2025-10-05T05:09:36+00:00","description":"Your local pharmacy offers: advice, multilingual staff & regional delivery service! Mon to Fri: 8:30 a.m. to 6:30 p.m., Sat: 9:00 a.m. to 1:00 p.m.","inLanguage":"en-US","potentialAction":[{"@type":"ReadAction","target":["https:\/\/www.loewen-apotheke24.com\/en\/lions-pharmacy\/"]}]},{"@type":"WebSite","@id":"https:\/\/www.loewen-apotheke24.com\/en\/#website","url":"https:\/\/www.loewen-apotheke24.com\/en\/","name":"L\u00f6wen Apotheke24","description":"Specialist for Natural Medicine - Mail order pharmacy Baden-Baden[:en]Your Specialist for Natural Medicine - Experts from Baden-Baden, Germany","publisher":{"@id":"https:\/\/www.loewen-apotheke24.com\/en\/#organization"},"potentialAction":[{"@type":"SearchAction","target":{"@type":"EntryPoint","urlTemplate":"https:\/\/www.loewen-apotheke24.com\/en\/?s={search_term_string}"},"query-input":"required name=search_term_string"}],"inLanguage":"en-US"},{"@type":"Organization","@id":"https:\/\/www.loewen-apotheke24.com\/en\/#organization","name":"L\u00f6wen Apotheke","alternateName":"L\u00f6wen Apotheke","url":"https:\/\/www.loewen-apotheke24.com\/en\/","logo":{"@type":"ImageObject","inLanguage":"en-US","@id":"https:\/\/www.loewen-apotheke24.com\/en\/#\/schema\/logo\/image\/","url":"https:\/\/www.loewen-apotheke24.com\/wp-content\/uploads\/2024\/02\/Logo-Loewen-Apotheke-700x700-1.png","contentUrl":"https:\/\/www.loewen-apotheke24.com\/wp-content\/uploads\/2024\/02\/Logo-Loewen-Apotheke-700x700-1.png","width":700,"height":700,"caption":"L\u00f6wen Apotheke"},"image":{"@id":"https:\/\/www.loewen-apotheke24.com\/en\/#\/schema\/logo\/image\/"}}]}},"_links":{"self":[{"href":"https:\/\/www.loewen-apotheke24.com\/en\/wp-json\/wp\/v2\/pages\/51644"}],"collection":[{"href":"https:\/\/www.loewen-apotheke24.com\/en\/wp-json\/wp\/v2\/pages"}],"about":[{"href":"https:\/\/www.loewen-apotheke24.com\/en\/wp-json\/wp\/v2\/types\/page"}],"author":[{"embeddable":true,"href":"https:\/\/www.loewen-apotheke24.com\/en\/wp-json\/wp\/v2\/users\/2"}],"replies":[{"embeddable":true,"href":"https:\/\/www.loewen-apotheke24.com\/en\/wp-json\/wp\/v2\/comments?post=51644"}],"version-history":[{"count":0,"href":"https:\/\/www.loewen-apotheke24.com\/en\/wp-json\/wp\/v2\/pages\/51644\/revisions"}],"wp:attachment":[{"href":"https:\/\/www.loewen-apotheke24.com\/en\/wp-json\/wp\/v2\/media?parent=51644"}],"curies":[{"name":"wp","href":"https:\/\/api.w.org\/{rel}","templated":true}]}}