{"id":51937,"date":"2021-01-12T19:51:11","date_gmt":"2021-01-12T17:51:11","guid":{"rendered":"https:\/\/www.loewen-apotheke24.com\/corona-schnelltest-baden-baden\/"},"modified":"2023-11-02T17:47:13","modified_gmt":"2023-11-02T16:47:13","slug":"corona-schnelltest-baden-baden","status":"publish","type":"page","link":"https:\/\/www.loewen-apotheke24.com\/en\/corona-schnelltest-baden-baden\/","title":{"rendered":"Corona Schnelltest Baden-Baden"},"content":{"rendered":"<h2>Corona Schnelltest Center &#8211; Antigen Test &#8211; <span style=\"color: #ff0000;\">GESCHLOSSEN<\/span><\/h2>\n<p>Welcome to our test center for the antigen test Baden-Baden. Wie Sie wissen, Tests auf COVID-19 sind ein wichtiges Mittel, um Infektionsf\u00e4lle m\u00f6glichst schnell zu entdecken und die Betroffenen isolieren zu k\u00f6nnen.<\/p>\n<p><img decoding=\"async\" loading=\"lazy\" class=\"wp-image-24889 alignright\" src=\"https:\/\/www.loewen-apotheke24.com\/wp-content\/uploads\/2021\/01\/20210107_222141-e1610054769351.jpg\" alt=\"Corona Schnelltest Baden Baden\" width=\"253\" height=\"110\"><\/p>\n<p>Unser Apotheken Schnelltest Center in der Lichtentaler Str. 3, Eingang in der Rettigstrasse, neben der L\u00f6wen Apotheke steht allen offen. Die Tests werden nach vorheriger Terminabsprache durch geschultes Fachpersonal durchgef\u00fchrt.<\/p>\n<h3><span style=\"color: #ff0000;\">Das Testcenter ist derzeit geschlossen!<\/span><\/h3>\n<p>F\u00fcr die Durchf\u00fchrung der Antigen-Schnelltest werden ab sofort auf Grundlage der neuen, <a href=\"https:\/\/www.loewen-apotheke24.com\/wp-content\/uploads\/2021\/07\/Einwilligung-und-Hinweise-zum-PoC.pdf\">gesetzlichen Bestimmungen personenbezogene Daten erfasst und bis zum <strong>31.12.2024<\/strong> gespeichert<\/a>. Weitere Information zur Durchf\u00fchrung PoC-Antigentestes finden Sie auf der Seite der <a href=\"https:\/\/www.lak-bw.de\/meta\/kontakt.html\" target=\"_blank\" rel=\"noopener noreferrer\">Landesapothekerkammer Baden-W\u00fcrttemberg<\/a>.<\/p>\n<p>Ein PoC-Antigentest auf SARS-CoV-2 sollte ausschlie\u00dflich bei <span style=\"color: #ff0000;\">symptomfreien Patienten<\/span> durchgef\u00fchrt werden. Bei Symptomen, die auf eine Infektion mit COVID 19 hinweisen, sollte ihr Hausarzt den Test vornehmen und ggf. das Gesundheitsamt informieren.<\/p>\n<h4>Here you can find our Antigen Test Center:<\/h4>\n<p><strong>Schnelltest Center Baden-Baden Adresse<\/strong>:<br \/>\nLichtentaler Str. 3 Eingang Rettigstrasse<br \/>\n76530 Baden-Baden<br \/>\nGermany<br \/>\nE-Mail: corona-schnelltest@loewen-apotheke24.de<br \/>\nTelefon: 07221 22120<\/p>\n<p>&nbsp;<\/p>\n<h4>\u00d6ffnungszeiten:<\/h4>\n<h3><span style=\"color: #ff0000;\">Das Testcenter ist derzeit geschlossen!<\/span><\/h3>\n<p>Als weiteren Service bieten wir f\u00fcr Geimpfte und Genesene die Ausstellung der <a href=\"https:\/\/www.loewen-apotheke24.com\/de\/digitaler-impfpass\/\">digitalen Impfzertifikate<\/a> an.<\/p>\n<h4>Hier finden Sie unser Schnelltest Center Baden-Baden:<\/h4>\n<table style=\"border-collapse: collapse; width: 100.556%; height: 308px;\">\n<tbody>\n<tr>\n<td style=\"width: 50%;\"><strong>Schnelltest Center Baden-Baden Adresse<\/strong>:<br \/>\nLichtentaler Str. 3 Eingang Rettigstrasse<br \/>\n76530 Baden-Baden<br \/>\nGermany<br \/>\nE-Mail: corona-schnelltest@loewen-apotheke24.de<br \/>\nTelefon: 07221 22120<strong><br \/>\n\u00d6ffnungszeiten:<\/strong><br \/>\nMo. &#8211; Fr.: 11-17 UhrTermine nach Vereinbarung<\/td>\n<td style=\"width: 50%;\"><\/td>\n<\/tr>\n<\/tbody>\n<\/table>\n<p>&nbsp;<\/p>\n<p>Als weiteren Service bieten wir f\u00fcr Geimpfte und Genesene die Ausstellung der <a href=\"https:\/\/www.loewen-apotheke24.com\/de\/digitaler-impfpass\/\">digitalen Impfzertifikate<\/a> an.<\/p>\n","protected":false},"excerpt":{"rendered":"<p>Corona Schnelltest Center &#8211; Antigen Test &#8211; GESCHLOSSEN Welcome to our test center for the antigen test Baden-Baden. Wie Sie wissen, Tests auf COVID-19 sind ein wichtiges Mittel, um Infektionsf\u00e4lle [&hellip;]<\/p>\n","protected":false},"author":2,"featured_media":0,"parent":0,"menu_order":0,"comment_status":"closed","ping_status":"closed","template":"template-fullwidth.php","meta":[],"yoast_head":"<!-- This site is optimized with the Yoast SEO Premium plugin v21.0 (Yoast SEO v21.0) - https:\/\/yoast.com\/wordpress\/plugins\/seo\/ -->\n<title>Corona Antigen Test Baden-Baden the L\u00f6wen Apotheke24<\/title>\n<meta name=\"description\" content=\"Lichtentaler Str. 3 | Baden-Baden | L\u00f6wen Apotheke Schnelltest Center | Mo.-Fr. 9-18 Uhr | Antigen Test Baden-Baden - geschlossen\" \/>\n<meta name=\"robots\" content=\"index, follow, max-snippet:-1, max-image-preview:large, max-video-preview:-1\" \/>\n<link rel=\"canonical\" href=\"https:\/\/www.loewen-apotheke24.com\/en\/corona-schnelltest-baden-baden\/\" \/>\n<meta property=\"og:locale\" content=\"en_US\" \/>\n<meta property=\"og:type\" content=\"article\" \/>\n<meta property=\"og:title\" content=\"Corona Antigen Test Baden-Baden the L\u00f6wen Apotheke24\" \/>\n<meta property=\"og:description\" content=\"Lichtentaler Str. 3 | Baden-Baden | L\u00f6wen Apotheke Schnelltest Center | Mo.-Fr. 9-18 Uhr | Antigen Test Baden-Baden - geschlossen\" \/>\n<meta property=\"og:url\" content=\"https:\/\/www.loewen-apotheke24.com\/en\/corona-schnelltest-baden-baden\/\" \/>\n<meta property=\"og:site_name\" content=\"L\u00f6wen Apotheke24\" \/>\n<meta property=\"article:modified_time\" content=\"2023-11-02T16:47:13+00:00\" \/>\n<meta property=\"og:image\" content=\"https:\/\/www.loewen-apotheke24.com\/wp-content\/uploads\/2021\/01\/20210107_222141-e1610054769351.jpg\" \/>\n<meta name=\"twitter:card\" content=\"summary_large_image\" \/>\n<meta name=\"twitter:label1\" content=\"Est. reading time\" \/>\n\t<meta name=\"twitter:data1\" content=\"1 minute\" \/>\n<script type=\"application\/ld+json\" class=\"yoast-schema-graph\">{\"@context\":\"https:\/\/schema.org\",\"@graph\":[{\"@type\":\"WebPage\",\"@id\":\"https:\/\/www.loewen-apotheke24.com\/en\/corona-schnelltest-baden-baden\/\",\"url\":\"https:\/\/www.loewen-apotheke24.com\/en\/corona-schnelltest-baden-baden\/\",\"name\":\"Corona Antigen Test Baden-Baden the L\u00f6wen Apotheke24\",\"isPartOf\":{\"@id\":\"https:\/\/www.loewen-apotheke24.com\/en\/#website\"},\"datePublished\":\"2021-01-12T17:51:11+00:00\",\"dateModified\":\"2023-11-02T16:47:13+00:00\",\"description\":\"Lichtentaler Str. 3 | Baden-Baden | L\u00f6wen Apotheke Schnelltest Center | Mo.-Fr. 9-18 Uhr | Antigen Test Baden-Baden - geschlossen\",\"inLanguage\":\"en-US\",\"potentialAction\":[{\"@type\":\"ReadAction\",\"target\":[\"https:\/\/www.loewen-apotheke24.com\/en\/corona-schnelltest-baden-baden\/\"]}]},{\"@type\":\"WebSite\",\"@id\":\"https:\/\/www.loewen-apotheke24.com\/en\/#website\",\"url\":\"https:\/\/www.loewen-apotheke24.com\/en\/\",\"name\":\"L\u00f6wen Apotheke24\",\"description\":\"Specialist for Natural Medicine - Mail order pharmacy Baden-Baden[:en]Your Specialist for Natural Medicine - Experts from Baden-Baden, Germany\",\"publisher\":{\"@id\":\"https:\/\/www.loewen-apotheke24.com\/en\/#organization\"},\"potentialAction\":[{\"@type\":\"SearchAction\",\"target\":{\"@type\":\"EntryPoint\",\"urlTemplate\":\"https:\/\/www.loewen-apotheke24.com\/en\/?s={search_term_string}\"},\"query-input\":\"required name=search_term_string\"}],\"inLanguage\":\"en-US\"},{\"@type\":\"Organization\",\"@id\":\"https:\/\/www.loewen-apotheke24.com\/en\/#organization\",\"name\":\"L\u00f6wen Apotheke\",\"alternateName\":\"L\u00f6wen Apotheke\",\"url\":\"https:\/\/www.loewen-apotheke24.com\/en\/\",\"logo\":{\"@type\":\"ImageObject\",\"inLanguage\":\"en-US\",\"@id\":\"https:\/\/www.loewen-apotheke24.com\/en\/#\/schema\/logo\/image\/\",\"url\":\"https:\/\/www.loewen-apotheke24.com\/wp-content\/uploads\/2024\/02\/Logo-Loewen-Apotheke-700x700-1.png\",\"contentUrl\":\"https:\/\/www.loewen-apotheke24.com\/wp-content\/uploads\/2024\/02\/Logo-Loewen-Apotheke-700x700-1.png\",\"width\":700,\"height\":700,\"caption\":\"L\u00f6wen Apotheke\"},\"image\":{\"@id\":\"https:\/\/www.loewen-apotheke24.com\/en\/#\/schema\/logo\/image\/\"}}]}<\/script>\n<!-- \/ Yoast SEO Premium plugin. -->","yoast_head_json":{"title":"Corona Antigen Test Baden-Baden the L\u00f6wen Apotheke24","description":"Lichtentaler Str. 3 | Baden-Baden | L\u00f6wen Apotheke Schnelltest Center | Mo.-Fr. 9-18 Uhr | Antigen Test Baden-Baden - geschlossen","robots":{"index":"index","follow":"follow","max-snippet":"max-snippet:-1","max-image-preview":"max-image-preview:large","max-video-preview":"max-video-preview:-1"},"canonical":"https:\/\/www.loewen-apotheke24.com\/en\/corona-schnelltest-baden-baden\/","og_locale":"en_US","og_type":"article","og_title":"Corona Antigen Test Baden-Baden the L\u00f6wen Apotheke24","og_description":"Lichtentaler Str. 3 | Baden-Baden | L\u00f6wen Apotheke Schnelltest Center | Mo.-Fr. 9-18 Uhr | Antigen Test Baden-Baden - geschlossen","og_url":"https:\/\/www.loewen-apotheke24.com\/en\/corona-schnelltest-baden-baden\/","og_site_name":"L\u00f6wen Apotheke24","article_modified_time":"2023-11-02T16:47:13+00:00","og_image":[{"url":"https:\/\/www.loewen-apotheke24.com\/wp-content\/uploads\/2021\/01\/20210107_222141-e1610054769351.jpg"}],"twitter_card":"summary_large_image","twitter_misc":{"Est. reading time":"1 minute"},"schema":{"@context":"https:\/\/schema.org","@graph":[{"@type":"WebPage","@id":"https:\/\/www.loewen-apotheke24.com\/en\/corona-schnelltest-baden-baden\/","url":"https:\/\/www.loewen-apotheke24.com\/en\/corona-schnelltest-baden-baden\/","name":"Corona Antigen Test Baden-Baden the L\u00f6wen Apotheke24","isPartOf":{"@id":"https:\/\/www.loewen-apotheke24.com\/en\/#website"},"datePublished":"2021-01-12T17:51:11+00:00","dateModified":"2023-11-02T16:47:13+00:00","description":"Lichtentaler Str. 3 | Baden-Baden | L\u00f6wen Apotheke Schnelltest Center | Mo.-Fr. 9-18 Uhr | Antigen Test Baden-Baden - geschlossen","inLanguage":"en-US","potentialAction":[{"@type":"ReadAction","target":["https:\/\/www.loewen-apotheke24.com\/en\/corona-schnelltest-baden-baden\/"]}]},{"@type":"WebSite","@id":"https:\/\/www.loewen-apotheke24.com\/en\/#website","url":"https:\/\/www.loewen-apotheke24.com\/en\/","name":"L\u00f6wen Apotheke24","description":"Specialist for Natural Medicine - Mail order pharmacy Baden-Baden[:en]Your Specialist for Natural Medicine - Experts from Baden-Baden, Germany","publisher":{"@id":"https:\/\/www.loewen-apotheke24.com\/en\/#organization"},"potentialAction":[{"@type":"SearchAction","target":{"@type":"EntryPoint","urlTemplate":"https:\/\/www.loewen-apotheke24.com\/en\/?s={search_term_string}"},"query-input":"required name=search_term_string"}],"inLanguage":"en-US"},{"@type":"Organization","@id":"https:\/\/www.loewen-apotheke24.com\/en\/#organization","name":"L\u00f6wen Apotheke","alternateName":"L\u00f6wen Apotheke","url":"https:\/\/www.loewen-apotheke24.com\/en\/","logo":{"@type":"ImageObject","inLanguage":"en-US","@id":"https:\/\/www.loewen-apotheke24.com\/en\/#\/schema\/logo\/image\/","url":"https:\/\/www.loewen-apotheke24.com\/wp-content\/uploads\/2024\/02\/Logo-Loewen-Apotheke-700x700-1.png","contentUrl":"https:\/\/www.loewen-apotheke24.com\/wp-content\/uploads\/2024\/02\/Logo-Loewen-Apotheke-700x700-1.png","width":700,"height":700,"caption":"L\u00f6wen Apotheke"},"image":{"@id":"https:\/\/www.loewen-apotheke24.com\/en\/#\/schema\/logo\/image\/"}}]}},"_links":{"self":[{"href":"https:\/\/www.loewen-apotheke24.com\/en\/wp-json\/wp\/v2\/pages\/51937"}],"collection":[{"href":"https:\/\/www.loewen-apotheke24.com\/en\/wp-json\/wp\/v2\/pages"}],"about":[{"href":"https:\/\/www.loewen-apotheke24.com\/en\/wp-json\/wp\/v2\/types\/page"}],"author":[{"embeddable":true,"href":"https:\/\/www.loewen-apotheke24.com\/en\/wp-json\/wp\/v2\/users\/2"}],"replies":[{"embeddable":true,"href":"https:\/\/www.loewen-apotheke24.com\/en\/wp-json\/wp\/v2\/comments?post=51937"}],"version-history":[{"count":0,"href":"https:\/\/www.loewen-apotheke24.com\/en\/wp-json\/wp\/v2\/pages\/51937\/revisions"}],"wp:attachment":[{"href":"https:\/\/www.loewen-apotheke24.com\/en\/wp-json\/wp\/v2\/media?parent=51937"}],"curies":[{"name":"wp","href":"https:\/\/api.w.org\/{rel}","templated":true}]}}