{"id":51939,"date":"2021-06-09T05:57:03","date_gmt":"2021-06-09T04:57:03","guid":{"rendered":"https:\/\/www.loewen-apotheke24.com\/die-immunkarte\/"},"modified":"2023-11-02T17:47:52","modified_gmt":"2023-11-02T16:47:52","slug":"die-immunkarte","status":"publish","type":"page","link":"https:\/\/www.loewen-apotheke24.com\/en\/die-immunkarte\/","title":{"rendered":"Die Immunkarte"},"content":{"rendered":"<h2><img decoding=\"async\" loading=\"lazy\" class=\"alignnone wp-image-32296 size-full\" src=\"https:\/\/www.loewen-apotheke24.com\/wp-content\/uploads\/2021\/06\/immunkarte-eu-neue-version.jpg\" alt=\"immunkarte eu neue version\" width=\"758\" height=\"460\" srcset=\"https:\/\/www.loewen-apotheke24.com\/wp-content\/uploads\/2021\/06\/immunkarte-eu-neue-version.jpg 758w, https:\/\/www.loewen-apotheke24.com\/wp-content\/uploads\/2021\/06\/immunkarte-eu-neue-version-600x364.jpg 600w, https:\/\/www.loewen-apotheke24.com\/wp-content\/uploads\/2021\/06\/immunkarte-eu-neue-version-64x39.jpg 64w, https:\/\/www.loewen-apotheke24.com\/wp-content\/uploads\/2021\/06\/immunkarte-eu-neue-version-300x182.jpg 300w\" sizes=\"(max-width: 758px) 100vw, 758px\" \/><\/h2>\n<h2>Immunkarte &#8211; Offizielle Ausgabestelle Baden-Baden<\/h2>\n<p>Die Immunkarte Covid-19 ist der alltagsfreundliche Corona Impfnachweis und ein praktischer Helfer im Alltag. In wenigen Minuten erstellt. Ohne Wartezeit &#8211; sofortiger Ausdruck in der Apotheke.<\/p>\n<h3><span style=\"color: #ff0000;\">Ab sofort auch bei uns! <\/span><span style=\"color: #ff0000;\">Wir sind offizielle Ausgabestelle. <\/span><\/h3>\n<p>Bei jedem Tr\u00e4ger der verifizierten Immunkarte kann man sicher sein, dass er praktisch keine Gefahr mehr f\u00fcr seine Mitmenschen darstellt sie mit dem Coronavirus zu infizieren. Freiheit. Sicherheit. Solidarit\u00e4t. Mit der Immunkarte Covid-19 verantwortungsbewusst zur\u00fcck in die Normalit\u00e4t!<\/p>\n<p>Als Partner unterst\u00fctzen wir diesen Service.<\/p>\n<p><img decoding=\"async\" loading=\"lazy\" class=\"alignnone wp-image-31825 \" src=\"https:\/\/www.loewen-apotheke24.com\/wp-content\/uploads\/2021\/06\/Loewen-Apotheke-Baden-Baden-Immunkarte-Universelle-Zertifizierung.jpg\" alt=\"L\u00f6wen Apotheke Baden-Baden Immunkarte - Universelle-Zertifizierung\" width=\"625\" height=\"428\" srcset=\"https:\/\/www.loewen-apotheke24.com\/wp-content\/uploads\/2021\/06\/Loewen-Apotheke-Baden-Baden-Immunkarte-Universelle-Zertifizierung.jpg 760w, https:\/\/www.loewen-apotheke24.com\/wp-content\/uploads\/2021\/06\/Loewen-Apotheke-Baden-Baden-Immunkarte-Universelle-Zertifizierung-600x411.jpg 600w, https:\/\/www.loewen-apotheke24.com\/wp-content\/uploads\/2021\/06\/Loewen-Apotheke-Baden-Baden-Immunkarte-Universelle-Zertifizierung-64x44.jpg 64w, https:\/\/www.loewen-apotheke24.com\/wp-content\/uploads\/2021\/06\/Loewen-Apotheke-Baden-Baden-Immunkarte-Universelle-Zertifizierung-300x205.jpg 300w\" sizes=\"(max-width: 625px) 100vw, 625px\" \/><\/p>\n<p>&nbsp;<\/p>\n<h4>Wie funktioniert die Immunkarte Covid-19?<\/h4>\n<p>Ein QR-Code auf der R\u00fcckseite der Karte kann &#8211; z.B. am Eingang eines Restaurants, Shops oder Friseursalons &#8211; einfach gescannt werden und best\u00e4tigt so den Impfstatus seines Tr\u00e4gers.<\/p>\n<ul style=\"list-style-type: square;\">\n<li>Handlicher als herk\u00f6mmlicher Impfpass oder Testergebnis<\/li>\n<li>Einfach zu erkennen und zu \u00fcberpr\u00fcfen<\/li>\n<li>Hoher Grad an F\u00e4lschungssicherheit<\/li>\n<\/ul>\n<p>Zum Herausgeber: <a href=\"https:\/\/immunkarte.de\/\" target=\"_blank\" rel=\"noopener\">immunkarte.de.<\/a> Alle wichtigen Fragen und Antworten zur Immunkarte werden dort beantwortet.<\/p>\n<h4>Wer akzeptiert die Immunkarte als Immunit\u00e4tsnachweis?<\/h4>\n<p>Die aktuellen Corona-Verordnungen des Bundes und der L\u00e4nder besagen, dass bei Menschen, die einen g\u00fcltigen Impfstatus bzw. Genesung nachweisen k\u00f6nnen, kein tagesaktueller negativer Schnelltest mehr notwendig ist. Dieser Nachweis des Impfstatus oder einer Genesung kann schnell und zuverl\u00e4ssig durch die Immunkarte Covid-19 erfolgen.<\/p>\n<p>Wer unter welchen Bedingungen hereingelassen wird, ist jedoch immer die Entscheidung des einzelnen Betreibers, Veranstalters, Unternehmers oder Gastronomen etc. Daher k\u00f6nnen wir nicht f\u00fcr einen generellen Einlass garantieren. Wir sehen aber keinen Grund, warum dieser Nachweis nicht akzeptiert werden sollte.<\/p>\n<p>\u200dBeachte: Insbesondere bei beh\u00f6rdlichen Kontrollen (z.B. an Grenzen oder Flughafen) raten wir jedoch im Moment dazu &#8211; um unangenehme Situation zu vermeiden &#8211; den Impfpass sicherheitshalber in der Tasche mitzuf\u00fchren.<\/p>\n<h4 class=\"schritte_shop\" data-udy-fe=\"text_524496b9,text_-1756511b\">In wenigen Minuten zur Immunkarte Covid-19:<\/h4>\n<p><strong>1. Karte bei uns bestellen<\/strong><br \/>\nKosten 9,90 \u20ac pro Karte. Zahlung in der Apotheke.<\/p>\n<p><strong>2. Dokumente vorlegen<\/strong><br \/>\nZeige einfach in unserer Apotheke deinen Personalausweis und die offiziellen Impfzertifikate vor. Der Service der Apotheke zur Validierung ist f\u00fcr Kunden <span style=\"color: #ff0000;\">kostenfrei<\/span>.<\/p>\n<p><strong>3. Immunkarte erhalten<\/strong><br \/>\nUnsere Team der Apotheke stellt dir daraufhin deine pers\u00f6nliche Immunkarte Covid-19 aus. Fertig.<\/p>\n<h2><img decoding=\"async\" loading=\"lazy\" class=\"alignnone wp-image-32297\" src=\"https:\/\/www.loewen-apotheke24.com\/wp-content\/uploads\/2021\/06\/immunkarte-eu-220x300.jpg\" alt=\"immunkarte eu neue version\" width=\"175\" height=\"239\" srcset=\"https:\/\/www.loewen-apotheke24.com\/wp-content\/uploads\/2021\/06\/immunkarte-eu-220x300.jpg 220w, https:\/\/www.loewen-apotheke24.com\/wp-content\/uploads\/2021\/06\/immunkarte-eu-64x87.jpg 64w, https:\/\/www.loewen-apotheke24.com\/wp-content\/uploads\/2021\/06\/immunkarte-eu.jpg 324w\" sizes=\"(max-width: 175px) 100vw, 175px\" \/><\/h2>\n<p>&nbsp;<\/p>\n<p>&nbsp;<\/p>\n<p>In unsere Apotheke erhalten Sie als weiteren Service, neben dem <a href=\"https:\/\/www.loewen-apotheke24.com\/de\/corona-schnelltest-baden-baden\/\">Corona Schnelltest-Center<\/a> und den <a href=\"https:\/\/www.loewen-apotheke24.com\/en\/product_tag\/corona-rapid-test-protective-articles-en\/\">Corona Laientests<\/a>, nun auch die Immunkarte um den Weg ins normale Leben weiter zu unterst\u00fctzen.<\/p>\n","protected":false},"excerpt":{"rendered":"<p>Immunkarte &#8211; Offizielle Ausgabestelle Baden-Baden Die Immunkarte Covid-19 ist der alltagsfreundliche Corona Impfnachweis und ein praktischer Helfer im Alltag. In wenigen Minuten erstellt. Ohne Wartezeit &#8211; sofortiger Ausdruck in der [&hellip;]<\/p>\n","protected":false},"author":1,"featured_media":51414,"parent":0,"menu_order":0,"comment_status":"closed","ping_status":"closed","template":"template-fullwidth.php","meta":[],"yoast_head":"<!-- This site is optimized with the Yoast SEO Premium plugin v21.0 (Yoast SEO v21.0) - https:\/\/yoast.com\/wordpress\/plugins\/seo\/ -->\n<title>Die Immunkarte<\/title>\n<meta name=\"description\" content=\"L\u00f6wen Apotheke24 - Baden-Baden - Versandapotheke - Corona Schnelltest Center - Die Immunkarte - Partner &amp; Offizielle Ausgabestelle\" \/>\n<meta name=\"robots\" content=\"index, follow, max-snippet:-1, max-image-preview:large, max-video-preview:-1\" \/>\n<link rel=\"canonical\" href=\"https:\/\/www.loewen-apotheke24.com\/en\/die-immunkarte\/\" \/>\n<meta property=\"og:locale\" content=\"en_US\" \/>\n<meta property=\"og:type\" content=\"article\" \/>\n<meta property=\"og:title\" content=\"Die Immunkarte\" \/>\n<meta property=\"og:description\" content=\"L\u00f6wen Apotheke24 - Baden-Baden - Versandapotheke - Corona Schnelltest Center - Die Immunkarte - Partner &amp; Offizielle Ausgabestelle\" \/>\n<meta property=\"og:url\" content=\"https:\/\/www.loewen-apotheke24.com\/en\/die-immunkarte\/\" \/>\n<meta property=\"og:site_name\" content=\"L\u00f6wen Apotheke24\" \/>\n<meta property=\"article:modified_time\" content=\"2023-11-02T16:47:52+00:00\" \/>\n<meta property=\"og:image\" content=\"https:\/\/www.loewen-apotheke24.com\/wp-content\/uploads\/2021\/06\/Immunkarte-Loewen-Apotheke-Offizieller-Partner-Ausgabestelle.jpg\" \/>\n\t<meta property=\"og:image:width\" content=\"400\" \/>\n\t<meta property=\"og:image:height\" content=\"637\" \/>\n\t<meta property=\"og:image:type\" content=\"image\/jpeg\" \/>\n<meta name=\"twitter:card\" content=\"summary_large_image\" \/>\n<meta name=\"twitter:label1\" content=\"Est. reading time\" \/>\n\t<meta name=\"twitter:data1\" content=\"2 minutes\" \/>\n<script type=\"application\/ld+json\" class=\"yoast-schema-graph\">{\"@context\":\"https:\/\/schema.org\",\"@graph\":[{\"@type\":\"WebPage\",\"@id\":\"https:\/\/www.loewen-apotheke24.com\/en\/die-immunkarte\/\",\"url\":\"https:\/\/www.loewen-apotheke24.com\/en\/die-immunkarte\/\",\"name\":\"Die Immunkarte\",\"isPartOf\":{\"@id\":\"https:\/\/www.loewen-apotheke24.com\/en\/#website\"},\"datePublished\":\"2021-06-09T04:57:03+00:00\",\"dateModified\":\"2023-11-02T16:47:52+00:00\",\"description\":\"L\u00f6wen Apotheke24 - Baden-Baden - Versandapotheke - Corona Schnelltest Center - Die Immunkarte - Partner & Offizielle Ausgabestelle\",\"inLanguage\":\"en-US\",\"potentialAction\":[{\"@type\":\"ReadAction\",\"target\":[\"https:\/\/www.loewen-apotheke24.com\/en\/die-immunkarte\/\"]}]},{\"@type\":\"WebSite\",\"@id\":\"https:\/\/www.loewen-apotheke24.com\/en\/#website\",\"url\":\"https:\/\/www.loewen-apotheke24.com\/en\/\",\"name\":\"L\u00f6wen Apotheke24\",\"description\":\"Specialist for Natural Medicine - Mail order pharmacy Baden-Baden[:en]Your Specialist for Natural Medicine - Experts from Baden-Baden, Germany\",\"publisher\":{\"@id\":\"https:\/\/www.loewen-apotheke24.com\/en\/#organization\"},\"potentialAction\":[{\"@type\":\"SearchAction\",\"target\":{\"@type\":\"EntryPoint\",\"urlTemplate\":\"https:\/\/www.loewen-apotheke24.com\/en\/?s={search_term_string}\"},\"query-input\":\"required name=search_term_string\"}],\"inLanguage\":\"en-US\"},{\"@type\":\"Organization\",\"@id\":\"https:\/\/www.loewen-apotheke24.com\/en\/#organization\",\"name\":\"L\u00f6wen Apotheke\",\"alternateName\":\"L\u00f6wen Apotheke\",\"url\":\"https:\/\/www.loewen-apotheke24.com\/en\/\",\"logo\":{\"@type\":\"ImageObject\",\"inLanguage\":\"en-US\",\"@id\":\"https:\/\/www.loewen-apotheke24.com\/en\/#\/schema\/logo\/image\/\",\"url\":\"https:\/\/www.loewen-apotheke24.com\/wp-content\/uploads\/2024\/02\/Logo-Loewen-Apotheke-700x700-1.png\",\"contentUrl\":\"https:\/\/www.loewen-apotheke24.com\/wp-content\/uploads\/2024\/02\/Logo-Loewen-Apotheke-700x700-1.png\",\"width\":700,\"height\":700,\"caption\":\"L\u00f6wen Apotheke\"},\"image\":{\"@id\":\"https:\/\/www.loewen-apotheke24.com\/en\/#\/schema\/logo\/image\/\"}}]}<\/script>\n<!-- \/ Yoast SEO Premium plugin. -->","yoast_head_json":{"title":"Die Immunkarte","description":"L\u00f6wen Apotheke24 - Baden-Baden - Versandapotheke - Corona Schnelltest Center - Die Immunkarte - Partner & Offizielle Ausgabestelle","robots":{"index":"index","follow":"follow","max-snippet":"max-snippet:-1","max-image-preview":"max-image-preview:large","max-video-preview":"max-video-preview:-1"},"canonical":"https:\/\/www.loewen-apotheke24.com\/en\/die-immunkarte\/","og_locale":"en_US","og_type":"article","og_title":"Die Immunkarte","og_description":"L\u00f6wen Apotheke24 - Baden-Baden - Versandapotheke - Corona Schnelltest Center - Die Immunkarte - Partner & Offizielle Ausgabestelle","og_url":"https:\/\/www.loewen-apotheke24.com\/en\/die-immunkarte\/","og_site_name":"L\u00f6wen Apotheke24","article_modified_time":"2023-11-02T16:47:52+00:00","og_image":[{"width":400,"height":637,"url":"https:\/\/www.loewen-apotheke24.com\/wp-content\/uploads\/2021\/06\/Immunkarte-Loewen-Apotheke-Offizieller-Partner-Ausgabestelle.jpg","type":"image\/jpeg"}],"twitter_card":"summary_large_image","twitter_misc":{"Est. reading time":"2 minutes"},"schema":{"@context":"https:\/\/schema.org","@graph":[{"@type":"WebPage","@id":"https:\/\/www.loewen-apotheke24.com\/en\/die-immunkarte\/","url":"https:\/\/www.loewen-apotheke24.com\/en\/die-immunkarte\/","name":"Die Immunkarte","isPartOf":{"@id":"https:\/\/www.loewen-apotheke24.com\/en\/#website"},"datePublished":"2021-06-09T04:57:03+00:00","dateModified":"2023-11-02T16:47:52+00:00","description":"L\u00f6wen Apotheke24 - Baden-Baden - Versandapotheke - Corona Schnelltest Center - Die Immunkarte - Partner & Offizielle Ausgabestelle","inLanguage":"en-US","potentialAction":[{"@type":"ReadAction","target":["https:\/\/www.loewen-apotheke24.com\/en\/die-immunkarte\/"]}]},{"@type":"WebSite","@id":"https:\/\/www.loewen-apotheke24.com\/en\/#website","url":"https:\/\/www.loewen-apotheke24.com\/en\/","name":"L\u00f6wen Apotheke24","description":"Specialist for Natural Medicine - Mail order pharmacy Baden-Baden[:en]Your Specialist for Natural Medicine - Experts from Baden-Baden, Germany","publisher":{"@id":"https:\/\/www.loewen-apotheke24.com\/en\/#organization"},"potentialAction":[{"@type":"SearchAction","target":{"@type":"EntryPoint","urlTemplate":"https:\/\/www.loewen-apotheke24.com\/en\/?s={search_term_string}"},"query-input":"required name=search_term_string"}],"inLanguage":"en-US"},{"@type":"Organization","@id":"https:\/\/www.loewen-apotheke24.com\/en\/#organization","name":"L\u00f6wen Apotheke","alternateName":"L\u00f6wen Apotheke","url":"https:\/\/www.loewen-apotheke24.com\/en\/","logo":{"@type":"ImageObject","inLanguage":"en-US","@id":"https:\/\/www.loewen-apotheke24.com\/en\/#\/schema\/logo\/image\/","url":"https:\/\/www.loewen-apotheke24.com\/wp-content\/uploads\/2024\/02\/Logo-Loewen-Apotheke-700x700-1.png","contentUrl":"https:\/\/www.loewen-apotheke24.com\/wp-content\/uploads\/2024\/02\/Logo-Loewen-Apotheke-700x700-1.png","width":700,"height":700,"caption":"L\u00f6wen Apotheke"},"image":{"@id":"https:\/\/www.loewen-apotheke24.com\/en\/#\/schema\/logo\/image\/"}}]}},"_links":{"self":[{"href":"https:\/\/www.loewen-apotheke24.com\/en\/wp-json\/wp\/v2\/pages\/51939"}],"collection":[{"href":"https:\/\/www.loewen-apotheke24.com\/en\/wp-json\/wp\/v2\/pages"}],"about":[{"href":"https:\/\/www.loewen-apotheke24.com\/en\/wp-json\/wp\/v2\/types\/page"}],"author":[{"embeddable":true,"href":"https:\/\/www.loewen-apotheke24.com\/en\/wp-json\/wp\/v2\/users\/1"}],"replies":[{"embeddable":true,"href":"https:\/\/www.loewen-apotheke24.com\/en\/wp-json\/wp\/v2\/comments?post=51939"}],"version-history":[{"count":0,"href":"https:\/\/www.loewen-apotheke24.com\/en\/wp-json\/wp\/v2\/pages\/51939\/revisions"}],"wp:featuredmedia":[{"embeddable":true,"href":"https:\/\/www.loewen-apotheke24.com\/en\/wp-json\/wp\/v2\/media\/51414"}],"wp:attachment":[{"href":"https:\/\/www.loewen-apotheke24.com\/en\/wp-json\/wp\/v2\/media?parent=51939"}],"curies":[{"name":"wp","href":"https:\/\/api.w.org\/{rel}","templated":true}]}}