{"id":51942,"date":"2022-09-06T14:55:18","date_gmt":"2022-09-06T13:55:18","guid":{"rendered":"https:\/\/www.loewen-apotheke24.com\/jobs-karriere\/"},"modified":"2025-10-05T06:05:54","modified_gmt":"2025-10-05T05:05:54","slug":"jobs-karriere","status":"publish","type":"page","link":"https:\/\/www.loewen-apotheke24.com\/en\/jobs-karriere\/","title":{"rendered":"Jobs &amp; Karriere"},"content":{"rendered":"<h3>Get started with us &#8211; Jobs at L\u00f6wen Apotheke<\/h3>\n<p>Wir suchen Dich. Die L\u00f6wen Apotheke ist eine moderne Apotheke, gleichzeitig m\u00f6chten wir an die Apothekentradition ankn\u00fcpfen. In addition, we are a recognized, international mail-order pharmacy, i.e. You can also receive all offers by shipping directly to your home. Durch die Partnerschaft mit der Guten Tag Apotheke, dem Qualit\u00e4tssiegel der DMDI werden die h\u00f6chsten Standards sicher gestellt.<\/p>\n<p><img decoding=\"async\" loading=\"lazy\" class=\"wp-image-74044 alignnone\" src=\"https:\/\/www.loewen-apotheke24.com\/wp-content\/uploads\/2023\/09\/PTA-gesucht.webp\" alt=\"PTA wanted, L\u00f6wen Apothkeke Baden-Baden\" width=\"600\" height=\"515\" srcset=\"https:\/\/www.loewen-apotheke24.com\/wp-content\/uploads\/2023\/09\/PTA-gesucht.webp 800w, https:\/\/www.loewen-apotheke24.com\/wp-content\/uploads\/2023\/09\/PTA-gesucht-600x515.webp 600w, https:\/\/www.loewen-apotheke24.com\/wp-content\/uploads\/2023\/09\/PTA-gesucht-64x55.webp 64w, https:\/\/www.loewen-apotheke24.com\/wp-content\/uploads\/2023\/09\/PTA-gesucht-300x258.webp 300w, https:\/\/www.loewen-apotheke24.com\/wp-content\/uploads\/2023\/09\/PTA-gesucht-768x660.webp 768w\" sizes=\"(max-width: 600px) 100vw, 600px\" \/><\/p>\n<p>&nbsp;<\/p>\n<h4>Lass uns gemeinsam wachsen<\/h4>\n<p>Wir sind ein innovatives, international ausgerichtetes Start-Up, das rasant w\u00e4chst. Und, wir haben noch einiges vor. Sind gerne vorne dabei wenn es um Online Apotheken Webshops, Lieferservices, E-Rezept und andere innovative Themen geht. There are many exciting jobs out there.<\/p>\n<p>&nbsp;<\/p>\n<h3>Finde deinen passenden Job:<\/h3>\n<h4>\ud83d\udccc FULL-TIME AND PART-TIME PHARMACISTS (m\/f\/d) &gt; <span style=\"color: #ff0000;\">with immediate effect<\/span><\/h4>\n<p>Deine Aufgaben:<\/p>\n<ul>\n<li>Mitglied im F\u00fchrungsteam der Offizin und in bereichs\u00ad\u00fcbergrei\u00adfenden Projektteams<\/li>\n<li>Organisation aller internen Prozesse f\u00fcr einen reibungslosen Ablauf (Personalplanung\/QMS\/ Dokumenta\u00adtion\/Rezeptkon\u00adtrolle etc.)<\/li>\n<li>Mitarbeit im F\u00fchrungsteam des Apothekenverbundes und \u00fcbergreifender Projekte. Z.B. E-Rezept und Versandhandel.<\/li>\n<li>Entwicklung\/Weiterentwicklung von Patienten-Dienst\u00adleistungen<\/li>\n<li>Beratung von Kund:innen und Verkauf von Arzneimitteln<\/li>\n<\/ul>\n<p>Deine Qualifikation:<\/p>\n<ul>\n<li>Deutsche Approbation als Apotheker (m\/w\/d)<\/li>\n<li>Spa\u00df an der Betreuung unserer Kund:innen<\/li>\n<li>Interesse im Raum Baden-Baden\/Karlsruhe zu leben und zu arbeiten<\/li>\n<li>Affinity for digitalization &#8211;<\/li>\n<li>Reliability, flexibility, initiative and the ability to work in a team characterize you<\/li>\n<\/ul>\n<p>&nbsp;<\/p>\n<h4><strong>\ud83d\udccc PCA and PTA in <\/strong>FULL-TIME AND PART-TIME<strong> <\/strong><strong>(m\/f\/d)<\/strong><\/h4>\n<p><img decoding=\"async\" loading=\"lazy\" class=\"wp-image-74047 alignnone\" src=\"https:\/\/www.loewen-apotheke24.com\/wp-content\/uploads\/2023\/09\/PTA-PKA-gesucht.webp\" alt=\"JOBS IN LEUVEN PHARMACY, PTA, PKA, Pharmacist\" width=\"600\" height=\"518\" srcset=\"https:\/\/www.loewen-apotheke24.com\/wp-content\/uploads\/2023\/09\/PTA-PKA-gesucht.webp 801w, https:\/\/www.loewen-apotheke24.com\/wp-content\/uploads\/2023\/09\/PTA-PKA-gesucht-600x518.webp 600w, https:\/\/www.loewen-apotheke24.com\/wp-content\/uploads\/2023\/09\/PTA-PKA-gesucht-64x55.webp 64w, https:\/\/www.loewen-apotheke24.com\/wp-content\/uploads\/2023\/09\/PTA-PKA-gesucht-300x259.webp 300w, https:\/\/www.loewen-apotheke24.com\/wp-content\/uploads\/2023\/09\/PTA-PKA-gesucht-768x663.webp 768w\" sizes=\"(max-width: 600px) 100vw, 600px\" \/><\/p>\n<p>&nbsp;<\/p>\n<p>To strengthen our pharmacy team, we are looking for communicative and reliable team players.<\/p>\n<p>Our employees at the on-site pharmacy are true all-rounders. Egal ob sie Kund:innen beraten, Anliegen bearbeiten oder Fragen beantworten, sie haben immer ein offenes Ohr. Ziel ist es, t\u00e4glich unsere Kund:innen zu begeistern.<\/p>\n<p>Deine Aufgaben:<\/p>\n<ul>\n<li>You look after and accompany our customers.<\/li>\n<li>Du stehst unseren Kunden mit Rat und Tat zur Seite und begegnest ihnen immer mit einem sicheren Gesp\u00fcr f\u00fcr ihre W\u00fcnsche und Bed\u00fcrfnisse.<\/li>\n<li>Digitalization is a focus of our pharmacy &#8211; e-prescriptions are your thing.<\/li>\n<\/ul>\n<p>Deine Qualifikation<\/p>\n<ul>\n<li>You have completed training as a PTA or PCA<\/li>\n<li>Du legst ein hohes Ma\u00df an Sorgfalt, Zuverl\u00e4ssigkeit und eine ausgepr\u00e4gte Servicementalit\u00e4t an den Tag: eine freundliche Art und ein sicheres Gesp\u00fcr f\u00fcr den Umgang mit Menschen.<\/li>\n<li>Kommunikation ist ganz klar deine St\u00e4rke und Leidenschaft, sowohl m\u00fcndlich, als auch schriftlich. Bei dir findet man immer eine Antwort auf .Anfragen und eine passende L\u00f6sung.<\/li>\n<li>You have a quick grasp of workflows, as well as experience in dealing with MS Office programs. Knowledge of pharmaceutical technology.<\/li>\n<li>Du bist ein\/e Teamplayer:in, denn nur zusammen kommen wir weiter!<\/li>\n<li>Interesse im Raum Baden-Baden\/Karlsruhe zu leben und zu arbeiten<\/li>\n<\/ul>\n<p>&nbsp;<\/p>\n<h4><strong>\ud83d\udccc Mitarbeiter:innen Kundenservice Webshop <\/strong>VOLLZEIT UND TEILZEIT<strong> <\/strong><strong>(m\/w\/d)<\/strong><\/h4>\n<p>Zur Verst\u00e4rkung unseres Serviceteams suchen wir kommunikative &amp; zuverl\u00e4ssige Teamplayer:innen.<\/p>\n<p>Unsere Mitarbeiter:innen im Kundenservice sind wahre Multitalente. Egal ob sie Kund:innen beraten, Anliegen bearbeiten oder Fragen beantworten, sie haben immer ein offenes Ohr. Ziel ist es, t\u00e4glich unsere Kund:innen zu begeistern.<\/p>\n<p>Deine Aufgaben:<\/p>\n<ul>\n<li>Du betreust und begleitest unsere Kunden sowie Partner telefonisch (In- und Outbound) als auch schriftlich und bist so wichtigster Kontaktpunkt in der Einhaltung unseres Serviceversprechens.<\/li>\n<li>Du stehst unseren Kunden mit Rat und Tat zur Seite und begegnest ihnen immer mit einem sicheren Gesp\u00fcr f\u00fcr ihre W\u00fcnsche und Bed\u00fcrfnisse.<\/li>\n<li>Die Sicherstellung eines reibungslosen Bestell- und Versandprozesses ist grundlegender Bestandteil deiner Aufgaben.<\/li>\n<li>Der Umgang mit einem serviceorientierten Beschwerde-Management geh\u00f6rt zu deinem Tagesgesch\u00e4ft. Du findest auf Grundlage unserer internen Vorgaben immer eine schnelle und kundenorientierte L\u00f6sung f\u00fcr alle Herausforderungen.<\/li>\n<\/ul>\n<p>Deine Qualifikation<\/p>\n<ul>\n<li>Du hast eine abgeschlossene kaufm\u00e4nnische Ausbildung, idealerweise als PKA aber auch im Einzelhandel oder anderen Serviceberufen \u2013 <strong>Quereinstieg m\u00f6glich!<\/strong><\/li>\n<li>Du legst ein hohes Ma\u00df an Sorgfalt, Zuverl\u00e4ssigkeit und eine ausgepr\u00e4gte Servicementalit\u00e4t an den Tag: eine freundliche Art und ein sicheres Gesp\u00fcr f\u00fcr den Umgang mit Menschen.<\/li>\n<li>Kommunikation ist ganz klar deine St\u00e4rke und Leidenschaft, sowohl m\u00fcndlich, als auch schriftlich. Bei dir findet man immer eine Antwort auf .Anfragen und eine passende L\u00f6sung.<\/li>\n<li>Du hast eine schnelle Auffassungsgabe f\u00fcr Arbeitsabl\u00e4ufe, EDV-Systeme, sowie Erfahrung im Umgang mit MS-Office Programmen. Knowledge of mauve and pharmaceutical technology.<\/li>\n<li>Du hast verhandlungssichere Deutschkenntnisse in Wort und Schrift, weitere Fremdsprachen sind von Vorteil. We are expanding among <a href=\"https:\/\/Lions-Pharmacy.com\" target=\"_blank\" rel=\"noopener\">Lions-Pharmacy.com<\/a>: Spain, France, Italy, &#8230;<\/li>\n<li>Du bist ein\/e Teamplayer:in, denn nur zusammen kommen wir weiter!<\/li>\n<li>Interesse im Raum Baden-Baden\/Karlsruhe zu leben und zu arbeiten<\/li>\n<\/ul>\n<p>&nbsp;<\/p>\n<h3>Unsere L\u00f6wen Apotheke bietet dir:<\/h3>\n<ul>\n<li>Attraktive Verg\u00fctung<\/li>\n<li>Zukunftssicheren Arbeitsplatz<\/li>\n<li>Vielf\u00e4ltige und interessante Aufgaben<\/li>\n<li>Arbeiten in einem professionellen und attraktiven Umfeld<\/li>\n<li>Engagiertes und empathisches Team<\/li>\n<li>Lebendige Apotheke<\/li>\n<li>Leben und arbeiten in einer Gegend mit sehr hoher Lebensqualit\u00e4t<\/li>\n<li>Reliable, independent team players<\/li>\n<\/ul>\n<p>&nbsp;<\/p>\n<h3>Join our team now!<\/h3>\n<p>Sende bitte deine Bewerbungsunterlagen an Sandra Hoff unter: <a href=\"mailto:s.hoff@loewen-apotheke24.de\">s.hoff@loewen-apotheke24.de<\/a><br \/>\noder per Post an: L\u00f6wen Apotheke, Pers\u00f6nlich Sandra Hoff, Lichtentaler Stra\u00dfe 3, 76530 Baden-Baden<\/p>\n<p>Wir freuen uns dich kennenzulernen!<\/p>\n","protected":false},"excerpt":{"rendered":"<p>Get started with us &#8211; Jobs at L\u00f6wen Apotheke Wir suchen Dich. Die L\u00f6wen Apotheke ist eine moderne Apotheke, gleichzeitig m\u00f6chten wir an die Apothekentradition ankn\u00fcpfen. In addition, we are [&hellip;]<\/p>\n","protected":false},"author":1,"featured_media":74042,"parent":0,"menu_order":0,"comment_status":"closed","ping_status":"closed","template":"template-fullwidth.php","meta":[],"yoast_head":"<!-- This site is optimized with the Yoast SEO Premium plugin v21.0 (Yoast SEO v21.0) - https:\/\/yoast.com\/wordpress\/plugins\/seo\/ -->\n<title>Jobs &amp; Karriere - L\u00f6wen Apotheke24 | PKA &amp; PTA wanted. Get started now<\/title>\n<meta name=\"description\" content=\"Finde aktuelle Jobs bei der L\u00f6wen Apotheke, Baden-Baden - PKA - PTA - Apotheker:innen Aushilfskr\u00e4fte f\u00fcr Versand und Lieferdienst\" \/>\n<meta name=\"robots\" content=\"index, follow, max-snippet:-1, max-image-preview:large, max-video-preview:-1\" \/>\n<link rel=\"canonical\" href=\"https:\/\/www.loewen-apotheke24.com\/en\/jobs-karriere\/\" \/>\n<meta property=\"og:locale\" content=\"en_US\" \/>\n<meta property=\"og:type\" content=\"article\" \/>\n<meta property=\"og:title\" content=\"Jobs &amp; Karriere - L\u00f6wen Apotheke24 | PKA &amp; PTA wanted. Get started now\" \/>\n<meta property=\"og:description\" content=\"Finde aktuelle Jobs bei der L\u00f6wen Apotheke, Baden-Baden - PKA - PTA - Apotheker:innen Aushilfskr\u00e4fte f\u00fcr Versand und Lieferdienst\" \/>\n<meta property=\"og:url\" content=\"https:\/\/www.loewen-apotheke24.com\/en\/jobs-karriere\/\" \/>\n<meta property=\"og:site_name\" content=\"L\u00f6wen Apotheke24\" \/>\n<meta property=\"article:modified_time\" content=\"2025-10-05T05:05:54+00:00\" \/>\n<meta property=\"og:image\" content=\"https:\/\/www.loewen-apotheke24.com\/wp-content\/uploads\/2023\/09\/Hero.webp\" \/>\n\t<meta property=\"og:image:width\" content=\"1400\" \/>\n\t<meta property=\"og:image:height\" content=\"903\" \/>\n\t<meta property=\"og:image:type\" content=\"image\/webp\" \/>\n<meta name=\"twitter:card\" content=\"summary_large_image\" \/>\n<meta name=\"twitter:label1\" content=\"Est. reading time\" \/>\n\t<meta name=\"twitter:data1\" content=\"4 minutes\" \/>\n<script type=\"application\/ld+json\" class=\"yoast-schema-graph\">{\"@context\":\"https:\/\/schema.org\",\"@graph\":[{\"@type\":\"WebPage\",\"@id\":\"https:\/\/www.loewen-apotheke24.com\/en\/jobs-karriere\/\",\"url\":\"https:\/\/www.loewen-apotheke24.com\/en\/jobs-karriere\/\",\"name\":\"Jobs &amp; Karriere - L\u00f6wen Apotheke24 | PKA & PTA wanted. Get started now\",\"isPartOf\":{\"@id\":\"https:\/\/www.loewen-apotheke24.com\/en\/#website\"},\"datePublished\":\"2022-09-06T13:55:18+00:00\",\"dateModified\":\"2025-10-05T05:05:54+00:00\",\"description\":\"Finde aktuelle Jobs bei der L\u00f6wen Apotheke, Baden-Baden - PKA - PTA - Apotheker:innen Aushilfskr\u00e4fte f\u00fcr Versand und Lieferdienst\",\"inLanguage\":\"en-US\",\"potentialAction\":[{\"@type\":\"ReadAction\",\"target\":[\"https:\/\/www.loewen-apotheke24.com\/en\/jobs-karriere\/\"]}]},{\"@type\":\"WebSite\",\"@id\":\"https:\/\/www.loewen-apotheke24.com\/en\/#website\",\"url\":\"https:\/\/www.loewen-apotheke24.com\/en\/\",\"name\":\"L\u00f6wen Apotheke24\",\"description\":\"Specialist for Natural Medicine - Mail order pharmacy Baden-Baden[:en]Your Specialist for Natural Medicine - Experts from Baden-Baden, Germany\",\"publisher\":{\"@id\":\"https:\/\/www.loewen-apotheke24.com\/en\/#organization\"},\"potentialAction\":[{\"@type\":\"SearchAction\",\"target\":{\"@type\":\"EntryPoint\",\"urlTemplate\":\"https:\/\/www.loewen-apotheke24.com\/en\/?s={search_term_string}\"},\"query-input\":\"required name=search_term_string\"}],\"inLanguage\":\"en-US\"},{\"@type\":\"Organization\",\"@id\":\"https:\/\/www.loewen-apotheke24.com\/en\/#organization\",\"name\":\"L\u00f6wen Apotheke\",\"alternateName\":\"L\u00f6wen Apotheke\",\"url\":\"https:\/\/www.loewen-apotheke24.com\/en\/\",\"logo\":{\"@type\":\"ImageObject\",\"inLanguage\":\"en-US\",\"@id\":\"https:\/\/www.loewen-apotheke24.com\/en\/#\/schema\/logo\/image\/\",\"url\":\"https:\/\/www.loewen-apotheke24.com\/wp-content\/uploads\/2024\/02\/Logo-Loewen-Apotheke-700x700-1.png\",\"contentUrl\":\"https:\/\/www.loewen-apotheke24.com\/wp-content\/uploads\/2024\/02\/Logo-Loewen-Apotheke-700x700-1.png\",\"width\":700,\"height\":700,\"caption\":\"L\u00f6wen Apotheke\"},\"image\":{\"@id\":\"https:\/\/www.loewen-apotheke24.com\/en\/#\/schema\/logo\/image\/\"}}]}<\/script>\n<!-- \/ Yoast SEO Premium plugin. -->","yoast_head_json":{"title":"Jobs &amp; Karriere - L\u00f6wen Apotheke24 | PKA & PTA wanted. Get started now","description":"Finde aktuelle Jobs bei der L\u00f6wen Apotheke, Baden-Baden - PKA - PTA - Apotheker:innen Aushilfskr\u00e4fte f\u00fcr Versand und Lieferdienst","robots":{"index":"index","follow":"follow","max-snippet":"max-snippet:-1","max-image-preview":"max-image-preview:large","max-video-preview":"max-video-preview:-1"},"canonical":"https:\/\/www.loewen-apotheke24.com\/en\/jobs-karriere\/","og_locale":"en_US","og_type":"article","og_title":"Jobs &amp; Karriere - L\u00f6wen Apotheke24 | PKA & PTA wanted. Get started now","og_description":"Finde aktuelle Jobs bei der L\u00f6wen Apotheke, Baden-Baden - PKA - PTA - Apotheker:innen Aushilfskr\u00e4fte f\u00fcr Versand und Lieferdienst","og_url":"https:\/\/www.loewen-apotheke24.com\/en\/jobs-karriere\/","og_site_name":"L\u00f6wen Apotheke24","article_modified_time":"2025-10-05T05:05:54+00:00","og_image":[{"width":1400,"height":903,"url":"https:\/\/www.loewen-apotheke24.com\/wp-content\/uploads\/2023\/09\/Hero.webp","type":"image\/webp"}],"twitter_card":"summary_large_image","twitter_misc":{"Est. reading time":"4 minutes"},"schema":{"@context":"https:\/\/schema.org","@graph":[{"@type":"WebPage","@id":"https:\/\/www.loewen-apotheke24.com\/en\/jobs-karriere\/","url":"https:\/\/www.loewen-apotheke24.com\/en\/jobs-karriere\/","name":"Jobs &amp; Karriere - L\u00f6wen Apotheke24 | PKA & PTA wanted. Get started now","isPartOf":{"@id":"https:\/\/www.loewen-apotheke24.com\/en\/#website"},"datePublished":"2022-09-06T13:55:18+00:00","dateModified":"2025-10-05T05:05:54+00:00","description":"Finde aktuelle Jobs bei der L\u00f6wen Apotheke, Baden-Baden - PKA - PTA - Apotheker:innen Aushilfskr\u00e4fte f\u00fcr Versand und Lieferdienst","inLanguage":"en-US","potentialAction":[{"@type":"ReadAction","target":["https:\/\/www.loewen-apotheke24.com\/en\/jobs-karriere\/"]}]},{"@type":"WebSite","@id":"https:\/\/www.loewen-apotheke24.com\/en\/#website","url":"https:\/\/www.loewen-apotheke24.com\/en\/","name":"L\u00f6wen Apotheke24","description":"Specialist for Natural Medicine - Mail order pharmacy Baden-Baden[:en]Your Specialist for Natural Medicine - Experts from Baden-Baden, Germany","publisher":{"@id":"https:\/\/www.loewen-apotheke24.com\/en\/#organization"},"potentialAction":[{"@type":"SearchAction","target":{"@type":"EntryPoint","urlTemplate":"https:\/\/www.loewen-apotheke24.com\/en\/?s={search_term_string}"},"query-input":"required name=search_term_string"}],"inLanguage":"en-US"},{"@type":"Organization","@id":"https:\/\/www.loewen-apotheke24.com\/en\/#organization","name":"L\u00f6wen Apotheke","alternateName":"L\u00f6wen Apotheke","url":"https:\/\/www.loewen-apotheke24.com\/en\/","logo":{"@type":"ImageObject","inLanguage":"en-US","@id":"https:\/\/www.loewen-apotheke24.com\/en\/#\/schema\/logo\/image\/","url":"https:\/\/www.loewen-apotheke24.com\/wp-content\/uploads\/2024\/02\/Logo-Loewen-Apotheke-700x700-1.png","contentUrl":"https:\/\/www.loewen-apotheke24.com\/wp-content\/uploads\/2024\/02\/Logo-Loewen-Apotheke-700x700-1.png","width":700,"height":700,"caption":"L\u00f6wen Apotheke"},"image":{"@id":"https:\/\/www.loewen-apotheke24.com\/en\/#\/schema\/logo\/image\/"}}]}},"_links":{"self":[{"href":"https:\/\/www.loewen-apotheke24.com\/en\/wp-json\/wp\/v2\/pages\/51942"}],"collection":[{"href":"https:\/\/www.loewen-apotheke24.com\/en\/wp-json\/wp\/v2\/pages"}],"about":[{"href":"https:\/\/www.loewen-apotheke24.com\/en\/wp-json\/wp\/v2\/types\/page"}],"author":[{"embeddable":true,"href":"https:\/\/www.loewen-apotheke24.com\/en\/wp-json\/wp\/v2\/users\/1"}],"replies":[{"embeddable":true,"href":"https:\/\/www.loewen-apotheke24.com\/en\/wp-json\/wp\/v2\/comments?post=51942"}],"version-history":[{"count":0,"href":"https:\/\/www.loewen-apotheke24.com\/en\/wp-json\/wp\/v2\/pages\/51942\/revisions"}],"wp:featuredmedia":[{"embeddable":true,"href":"https:\/\/www.loewen-apotheke24.com\/en\/wp-json\/wp\/v2\/media\/74042"}],"wp:attachment":[{"href":"https:\/\/www.loewen-apotheke24.com\/en\/wp-json\/wp\/v2\/media?parent=51942"}],"curies":[{"name":"wp","href":"https:\/\/api.w.org\/{rel}","templated":true}]}}