{"id":107467,"date":"2022-10-14T08:56:32","date_gmt":"2022-10-14T07:56:32","guid":{"rendered":"https:\/\/www.loewen-apotheke24.com\/shop\/uncategorized\/biochemistry-pflueger-2-calcium-phosphoricum-d6-drops-100ml\/"},"modified":"2022-10-14T08:56:32","modified_gmt":"2022-10-14T07:56:32","slug":"biochemistry-pflueger-2-calcium-phosphoricum-d6-drops-100ml","status":"publish","type":"product","link":"https:\/\/www.loewen-apotheke24.com\/en\/shop\/pflueger-en\/biochemistry-pflueger-2-calcium-phosphoricum-d6-drops-100ml\/","title":{"rendered":"Biochemistry Pfl\u00fcger 2 Calcium phosphoricum D6 Drops 100ml"},"content":{"rendered":"<h3 style=\"text-align: left;\">Biochemistry Pfl\u00fcger 2 Calcium phosphoricum D6 drops<\/h3>\n<p>The salt of bones and teeth &#8211; Biochemie Pfl\u00fcger 2 Calcium phosphoricum D6 drops.<\/p>\n<p>Depending on requirements, different Schuessler salts are suitable for use. Different means can also be combined.<\/p>\n<p>Homeopathy is known as an efficient alternative to conventional medicine with few side effects or can accompany and support it in a meaningful way. While allopathy, as conventional medicine is also called, focuses on symptom treatment, homeopathy understands symptoms of illness as reactions to causes of disturbances that indicate that the body is trying to regain its balance on its own. Homeopathy founder Samuel Hahnemann called this balance the &#8220;life force&#8221;. Homeopathic remedies provide a powerful healing impulse in this process, which is absorbed by the organism as a whole and responded to in a regulatory manner.<\/p>\n<p>Depending on requirements, different Schuessler salts are suitable for use. Different means can also be combined.<\/p>\n<p><a href=\"https:\/\/www.pflueger.de\/\">Here<\/a> you can find more information about the product<\/p>\n<p>You can find more products and pack sizes here : <a href=\"https:\/\/www.loewen-apotheke24.com\/en\/product_cat\/pflueger-en\/?orderby=popularity\">Pfl\u00fcger<\/a><\/p>\n<p>For risks and side effects, read the leaflet and ask your doctor or pharmacist.<\/p>\n<p>&nbsp;<\/p>\n","protected":false},"excerpt":{"rendered":"<h2 style=\"text-align: left;\">Biochemistry Pfl\u00fcger 2 Calcium phosphoricum D6 Drops 100ml<\/h2>\n<p><strong>PZN:<\/strong> 06323773 (Central Pharmaceutical Number)<\/p>\n<p><strong>Dosage form<\/strong>: drops<\/p>\n<p><strong>Brand<\/strong>: Biochemistry<\/p>\n<p><strong>Manufacturer<\/strong>: <a href=\"https:\/\/www.loewen-apotheke24.com\/de\/product_cat\/pflueger\/?orderby=popularity\">Pfl\u00fcger<\/a><\/p>\n","protected":false},"featured_media":106308,"template":"","meta":[],"product_cat":[524],"product_tag":[748,876,624,766,797,609],"yoast_head":"<!-- This site is optimized with the Yoast SEO Premium plugin v21.0 (Yoast SEO v21.0) - https:\/\/yoast.com\/wordpress\/plugins\/seo\/ -->\n<title>Pfl\u00fcger 2 Calcium phosphoricum - Biochemistry - L\u00f6wen Apotheke24<\/title>\n<meta name=\"description\" content=\"L\u00f6wen Apotheke24 - Pharmacy - Specialist for naturopathy - Worldwide shipping - short delivery time - PayPal - Biochemistry Pfl\u00fcger 2 Calcium phosphoricum D6 Drops 100ml\" \/>\n<meta name=\"robots\" content=\"index, follow, max-snippet:-1, max-image-preview:large, max-video-preview:-1\" \/>\n<link rel=\"canonical\" href=\"https:\/\/www.loewen-apotheke24.com\/en\/shop\/pflueger-en\/biochemistry-pflueger-2-calcium-phosphoricum-d6-drops-100ml\/\" \/>\n<meta property=\"og:locale\" content=\"en_US\" \/>\n<meta property=\"og:type\" content=\"article\" \/>\n<meta property=\"og:title\" content=\"Pfl\u00fcger 2 Calcium phosphoricum - Biochemistry - L\u00f6wen Apotheke24\" \/>\n<meta property=\"og:description\" content=\"L\u00f6wen Apotheke24 - Pharmacy - Specialist for naturopathy - Worldwide shipping - short delivery time - PayPal - Biochemistry Pfl\u00fcger 2 Calcium phosphoricum D6 Drops 100ml\" \/>\n<meta property=\"og:url\" content=\"https:\/\/www.loewen-apotheke24.com\/en\/shop\/pflueger-en\/biochemistry-pflueger-2-calcium-phosphoricum-d6-drops-100ml\/\" \/>\n<meta property=\"og:site_name\" content=\"L\u00f6wen Apotheke24\" \/>\n<meta property=\"og:image\" content=\"https:\/\/www.loewen-apotheke24.com\/wp-content\/uploads\/2022\/10\/Calcium-Phosp.-Pflueger.webp\" \/>\n\t<meta property=\"og:image:width\" content=\"600\" \/>\n\t<meta property=\"og:image:height\" content=\"600\" \/>\n\t<meta property=\"og:image:type\" content=\"image\/webp\" \/>\n<meta name=\"twitter:card\" content=\"summary_large_image\" \/>\n<meta name=\"twitter:label1\" content=\"Est. reading time\" \/>\n\t<meta name=\"twitter:data1\" content=\"1 minute\" \/>\n<script type=\"application\/ld+json\" class=\"yoast-schema-graph\">{\"@context\":\"https:\/\/schema.org\",\"@graph\":[{\"@type\":\"WebPage\",\"@id\":\"https:\/\/www.loewen-apotheke24.com\/en\/shop\/pflueger-en\/biochemistry-pflueger-2-calcium-phosphoricum-d6-drops-100ml\/\",\"url\":\"https:\/\/www.loewen-apotheke24.com\/en\/shop\/pflueger-en\/biochemistry-pflueger-2-calcium-phosphoricum-d6-drops-100ml\/\",\"name\":\"Pfl\u00fcger 2 Calcium phosphoricum - Biochemistry - L\u00f6wen Apotheke24\",\"isPartOf\":{\"@id\":\"https:\/\/www.loewen-apotheke24.com\/en\/#website\"},\"datePublished\":\"2022-10-14T07:56:32+00:00\",\"dateModified\":\"2022-10-14T07:56:32+00:00\",\"description\":\"L\u00f6wen Apotheke24 - Pharmacy - Specialist for naturopathy - Worldwide shipping - short delivery time - PayPal - Biochemistry Pfl\u00fcger 2 Calcium phosphoricum D6 Drops 100ml\",\"breadcrumb\":{\"@id\":\"https:\/\/www.loewen-apotheke24.com\/en\/shop\/pflueger-en\/biochemistry-pflueger-2-calcium-phosphoricum-d6-drops-100ml\/#breadcrumb\"},\"inLanguage\":\"en-US\",\"potentialAction\":[{\"@type\":\"ReadAction\",\"target\":[\"https:\/\/www.loewen-apotheke24.com\/en\/shop\/pflueger-en\/biochemistry-pflueger-2-calcium-phosphoricum-d6-drops-100ml\/\"]}]},{\"@type\":\"BreadcrumbList\",\"@id\":\"https:\/\/www.loewen-apotheke24.com\/en\/shop\/pflueger-en\/biochemistry-pflueger-2-calcium-phosphoricum-d6-drops-100ml\/#breadcrumb\",\"itemListElement\":[{\"@type\":\"ListItem\",\"position\":1,\"name\":\"Shop\",\"item\":\"https:\/\/www.loewen-apotheke24.com\/en\/shop-3\/\"},{\"@type\":\"ListItem\",\"position\":2,\"name\":\"Biochemistry Pfl\u00fcger 2 Calcium phosphoricum D6 Drops 100ml\"}]},{\"@type\":\"WebSite\",\"@id\":\"https:\/\/www.loewen-apotheke24.com\/en\/#website\",\"url\":\"https:\/\/www.loewen-apotheke24.com\/en\/\",\"name\":\"L\u00f6wen Apotheke24\",\"description\":\"Specialist for Natural Medicine - Mail order pharmacy Baden-Baden[:en]Your Specialist for Natural Medicine - Experts from Baden-Baden, Germany\",\"publisher\":{\"@id\":\"https:\/\/www.loewen-apotheke24.com\/en\/#organization\"},\"potentialAction\":[{\"@type\":\"SearchAction\",\"target\":{\"@type\":\"EntryPoint\",\"urlTemplate\":\"https:\/\/www.loewen-apotheke24.com\/en\/?s={search_term_string}\"},\"query-input\":\"required name=search_term_string\"}],\"inLanguage\":\"en-US\"},{\"@type\":\"Organization\",\"@id\":\"https:\/\/www.loewen-apotheke24.com\/en\/#organization\",\"name\":\"L\u00f6wen Apotheke\",\"alternateName\":\"L\u00f6wen Apotheke\",\"url\":\"https:\/\/www.loewen-apotheke24.com\/en\/\",\"logo\":{\"@type\":\"ImageObject\",\"inLanguage\":\"en-US\",\"@id\":\"https:\/\/www.loewen-apotheke24.com\/en\/#\/schema\/logo\/image\/\",\"url\":\"https:\/\/www.loewen-apotheke24.com\/wp-content\/uploads\/2024\/02\/Logo-Loewen-Apotheke-700x700-1.png\",\"contentUrl\":\"https:\/\/www.loewen-apotheke24.com\/wp-content\/uploads\/2024\/02\/Logo-Loewen-Apotheke-700x700-1.png\",\"width\":700,\"height\":700,\"caption\":\"L\u00f6wen Apotheke\"},\"image\":{\"@id\":\"https:\/\/www.loewen-apotheke24.com\/en\/#\/schema\/logo\/image\/\"}}]}<\/script>\n<!-- \/ Yoast SEO Premium plugin. -->","yoast_head_json":{"title":"Pfl\u00fcger 2 Calcium phosphoricum - Biochemistry - L\u00f6wen Apotheke24","description":"L\u00f6wen Apotheke24 - Pharmacy - Specialist for naturopathy - Worldwide shipping - short delivery time - PayPal - Biochemistry Pfl\u00fcger 2 Calcium phosphoricum D6 Drops 100ml","robots":{"index":"index","follow":"follow","max-snippet":"max-snippet:-1","max-image-preview":"max-image-preview:large","max-video-preview":"max-video-preview:-1"},"canonical":"https:\/\/www.loewen-apotheke24.com\/en\/shop\/pflueger-en\/biochemistry-pflueger-2-calcium-phosphoricum-d6-drops-100ml\/","og_locale":"en_US","og_type":"article","og_title":"Pfl\u00fcger 2 Calcium phosphoricum - Biochemistry - L\u00f6wen Apotheke24","og_description":"L\u00f6wen Apotheke24 - Pharmacy - Specialist for naturopathy - Worldwide shipping - short delivery time - PayPal - Biochemistry Pfl\u00fcger 2 Calcium phosphoricum D6 Drops 100ml","og_url":"https:\/\/www.loewen-apotheke24.com\/en\/shop\/pflueger-en\/biochemistry-pflueger-2-calcium-phosphoricum-d6-drops-100ml\/","og_site_name":"L\u00f6wen Apotheke24","og_image":[{"width":600,"height":600,"url":"https:\/\/www.loewen-apotheke24.com\/wp-content\/uploads\/2022\/10\/Calcium-Phosp.-Pflueger.webp","type":"image\/webp"}],"twitter_card":"summary_large_image","twitter_misc":{"Est. reading time":"1 minute"},"schema":{"@context":"https:\/\/schema.org","@graph":[{"@type":"WebPage","@id":"https:\/\/www.loewen-apotheke24.com\/en\/shop\/pflueger-en\/biochemistry-pflueger-2-calcium-phosphoricum-d6-drops-100ml\/","url":"https:\/\/www.loewen-apotheke24.com\/en\/shop\/pflueger-en\/biochemistry-pflueger-2-calcium-phosphoricum-d6-drops-100ml\/","name":"Pfl\u00fcger 2 Calcium phosphoricum - Biochemistry - L\u00f6wen Apotheke24","isPartOf":{"@id":"https:\/\/www.loewen-apotheke24.com\/en\/#website"},"datePublished":"2022-10-14T07:56:32+00:00","dateModified":"2022-10-14T07:56:32+00:00","description":"L\u00f6wen Apotheke24 - Pharmacy - Specialist for naturopathy - Worldwide shipping - short delivery time - PayPal - Biochemistry Pfl\u00fcger 2 Calcium phosphoricum D6 Drops 100ml","breadcrumb":{"@id":"https:\/\/www.loewen-apotheke24.com\/en\/shop\/pflueger-en\/biochemistry-pflueger-2-calcium-phosphoricum-d6-drops-100ml\/#breadcrumb"},"inLanguage":"en-US","potentialAction":[{"@type":"ReadAction","target":["https:\/\/www.loewen-apotheke24.com\/en\/shop\/pflueger-en\/biochemistry-pflueger-2-calcium-phosphoricum-d6-drops-100ml\/"]}]},{"@type":"BreadcrumbList","@id":"https:\/\/www.loewen-apotheke24.com\/en\/shop\/pflueger-en\/biochemistry-pflueger-2-calcium-phosphoricum-d6-drops-100ml\/#breadcrumb","itemListElement":[{"@type":"ListItem","position":1,"name":"Shop","item":"https:\/\/www.loewen-apotheke24.com\/en\/shop-3\/"},{"@type":"ListItem","position":2,"name":"Biochemistry Pfl\u00fcger 2 Calcium phosphoricum D6 Drops 100ml"}]},{"@type":"WebSite","@id":"https:\/\/www.loewen-apotheke24.com\/en\/#website","url":"https:\/\/www.loewen-apotheke24.com\/en\/","name":"L\u00f6wen Apotheke24","description":"Specialist for Natural Medicine - Mail order pharmacy Baden-Baden[:en]Your Specialist for Natural Medicine - Experts from Baden-Baden, Germany","publisher":{"@id":"https:\/\/www.loewen-apotheke24.com\/en\/#organization"},"potentialAction":[{"@type":"SearchAction","target":{"@type":"EntryPoint","urlTemplate":"https:\/\/www.loewen-apotheke24.com\/en\/?s={search_term_string}"},"query-input":"required name=search_term_string"}],"inLanguage":"en-US"},{"@type":"Organization","@id":"https:\/\/www.loewen-apotheke24.com\/en\/#organization","name":"L\u00f6wen Apotheke","alternateName":"L\u00f6wen Apotheke","url":"https:\/\/www.loewen-apotheke24.com\/en\/","logo":{"@type":"ImageObject","inLanguage":"en-US","@id":"https:\/\/www.loewen-apotheke24.com\/en\/#\/schema\/logo\/image\/","url":"https:\/\/www.loewen-apotheke24.com\/wp-content\/uploads\/2024\/02\/Logo-Loewen-Apotheke-700x700-1.png","contentUrl":"https:\/\/www.loewen-apotheke24.com\/wp-content\/uploads\/2024\/02\/Logo-Loewen-Apotheke-700x700-1.png","width":700,"height":700,"caption":"L\u00f6wen Apotheke"},"image":{"@id":"https:\/\/www.loewen-apotheke24.com\/en\/#\/schema\/logo\/image\/"}}]}},"_links":{"self":[{"href":"https:\/\/www.loewen-apotheke24.com\/en\/wp-json\/wp\/v2\/product\/107467"}],"collection":[{"href":"https:\/\/www.loewen-apotheke24.com\/en\/wp-json\/wp\/v2\/product"}],"about":[{"href":"https:\/\/www.loewen-apotheke24.com\/en\/wp-json\/wp\/v2\/types\/product"}],"wp:featuredmedia":[{"embeddable":true,"href":"https:\/\/www.loewen-apotheke24.com\/en\/wp-json\/wp\/v2\/media\/106308"}],"wp:attachment":[{"href":"https:\/\/www.loewen-apotheke24.com\/en\/wp-json\/wp\/v2\/media?parent=107467"}],"wp:term":[{"taxonomy":"product_cat","embeddable":true,"href":"https:\/\/www.loewen-apotheke24.com\/en\/wp-json\/wp\/v2\/product_cat?post=107467"},{"taxonomy":"product_tag","embeddable":true,"href":"https:\/\/www.loewen-apotheke24.com\/en\/wp-json\/wp\/v2\/product_tag?post=107467"}],"curies":[{"name":"wp","href":"https:\/\/api.w.org\/{rel}","templated":true}]}}