{"id":1199,"date":"2017-08-16T13:34:42","date_gmt":"2017-08-16T12:34:42","guid":{"rendered":"https:\/\/www.loewen-apotheke24.com\/?post_type=product&#038;p=1199"},"modified":"2025-09-10T14:45:02","modified_gmt":"2025-09-10T13:45:02","slug":"biochemie-dhu-7-magnesium-phosphoricum-d12-globuli-10g","status":"publish","type":"product","link":"https:\/\/www.loewen-apotheke24.com\/en\/shop\/dhu\/biochemie-dhu-7-magnesium-phosphoricum-d12-globuli-10g\/","title":{"rendered":"Biochemie DHU 7 Magnesium phosphoricum D12 Globuli 10g"},"content":{"rendered":"<h3 style=\"text-align: left;\">Biochemie DHU 7 Magnesium phosphoricum D12 Globuli 10g<\/h3>\n<p class=\"subtitle\">Das Salz der Muskeln und Nerven.<\/p>\n<p class=\"bodytext\">Magnesium phosphoricum ist an der Muskelaktivit\u00e4t beteiligt. Magnesium hat im K\u00f6rper einen besonderen Bezug zur Muskulatur, wo es Nervenimpulse, Energiezufuhr und die Geschmeidigkeit der Muskelfasern regelt.<\/p>\n<p class=\"bodytext\">Die DHU Sch\u00fc\u00dfler-Salze als Globuli zeichnen sich v. a. durch ihre einfache und praktische Einnahme aus. Das wissen v. a. die Eltern von S\u00e4uglingen und kleinen Kindern zu sch\u00e4tzen.\u00a0Auch Allergiker k\u00f6nnen v\u00f6llig sorgenfrei die Sch\u00fc\u00dfler-Salz-Therapie praktizieren, da die Sch\u00fc\u00dfler-Salze als Globuli von DHU frei von Lactose, Gluten und Alkohol sind.\u00a0Als Faustregel gilt: 5 Globuli entsprechen 1 Tablette Sch\u00fc\u00dfler-Salze.<\/p>\n<p>Die DHU bietet ein umfangreiches Sortiment hom\u00f6opathischer Einzelmittel. In bew\u00e4hrter DHU-Qualit\u00e4t, hergestellt streng nach den Vorgaben des hom\u00f6opathischen Arzneibuchs und in sinnvollen Potenzierungen.<\/p>\n<p>Der Begr\u00fcnder der Hom\u00f6opathie Dr. Samuel Hahnemann (1755\u20131843) brachte dieses Prinzip mit dem Satz\u00a0<em>\u201eSimilia similibus curentur\u201c<\/em>\u00a0(lat. \u201e\u00c4hnliches m\u00f6ge durch \u00c4hnliches geheilt werden\u201c) auf den Punkt. Daher r\u00fchrt der Name Hom\u00f6opathie: aus altgriechisch\u00a0<em>h\u00f3moios<\/em>\u00a0(\u201egleichartig, \u00e4hnlich\u201c) und\u00a0<em>p\u00e1thos<\/em>\u00a0(\u201eLeid, Schmerz\u201c) \u2013 also \u201e\u00e4hnliches Leiden\u201c.<\/p>\n<p>Zum Hersteller:\u00a0<a href=\"https:\/\/www.dhu.de\/sortiment\/sortimente\/homoeopathie-original-dhu.html\" target=\"_blank\" rel=\"noopener\">DHU\u00a0<\/a><\/p>\n<p>weitere Produkte &amp; Packungsgr\u00f6\u00dfen:\u00a0<a href=\"https:\/\/www.loewen-apotheke24.com\/en\/product_cat\/dhu-en\/\">DHU\u00a0<\/a><\/p>\n<p>Zu Risiken und Nebenwirkungen lesen Sie die Packungsbeilage und fragen Sie Ihren Arzt oder Apotheker.<\/p>\n","protected":false},"excerpt":{"rendered":"<h3 style=\"text-align: left;\">Biochemie DHU 7 Magnesium phosphoricum D12 Globuli 10g<\/h3>\n<p><strong>PZN:<\/strong>\u00a0 10545924 (Pharmazentralnummer)<\/p>\n<p><strong>Darreichungsform<\/strong>: Globuli<\/p>\n<p><strong>Verordnungsart<\/strong>: Rezeptfrei<\/p>\n<p><strong>Hersteller<\/strong>:\u00a0<a href=\"https:\/\/www.loewen-apotheke24.com\/de\/product_cat\/dhu\/\">DHU<\/a><\/p>\n","protected":false},"featured_media":103878,"template":"","meta":[],"product_cat":[47],"product_tag":[176,177,179,169,178,134],"yoast_head":"<!-- This site is optimized with the Yoast SEO Premium plugin v21.0 (Yoast SEO v21.0) - https:\/\/yoast.com\/wordpress\/plugins\/seo\/ -->\n<title>Biochemie DHU 7 Magnesium phosphoricum D12 Globuli 10g<\/title>\n<meta name=\"description\" content=\"L\u00f6wen Apotheke24 aus Baden-Baden, DE - kurze Lieferzeit - Spezialist f\u00fcr Naturheilkunde - Biochemie DHU 7 Magnesium phosphoricum D12 Globuli 10g\" \/>\n<meta name=\"robots\" content=\"index, follow, max-snippet:-1, max-image-preview:large, max-video-preview:-1\" \/>\n<link rel=\"canonical\" href=\"https:\/\/www.loewen-apotheke24.com\/en\/shop\/dhu\/biochemie-dhu-7-magnesium-phosphoricum-d12-globuli-10g\/\" \/>\n<meta property=\"og:locale\" content=\"en_US\" \/>\n<meta property=\"og:type\" content=\"article\" \/>\n<meta property=\"og:title\" content=\"Biochemie DHU 7 Magnesium phosphoricum D12 Globuli 10g\" \/>\n<meta property=\"og:description\" content=\"L\u00f6wen Apotheke24 aus Baden-Baden, DE - kurze Lieferzeit - Spezialist f\u00fcr Naturheilkunde - Biochemie DHU 7 Magnesium phosphoricum D12 Globuli 10g\" \/>\n<meta property=\"og:url\" content=\"https:\/\/www.loewen-apotheke24.com\/en\/shop\/dhu\/biochemie-dhu-7-magnesium-phosphoricum-d12-globuli-10g\/\" \/>\n<meta property=\"og:site_name\" content=\"L\u00f6wen Apotheke24\" \/>\n<meta property=\"article:modified_time\" content=\"2025-09-10T13:45:02+00:00\" \/>\n<meta property=\"og:image\" content=\"https:\/\/www.loewen-apotheke24.com\/wp-content\/uploads\/2017\/08\/biochemie-dhu-generik-loewen-apotheke24.webp\" \/>\n\t<meta property=\"og:image:width\" content=\"600\" \/>\n\t<meta property=\"og:image:height\" content=\"600\" \/>\n\t<meta property=\"og:image:type\" content=\"image\/webp\" \/>\n<meta name=\"twitter:card\" content=\"summary_large_image\" \/>\n<meta name=\"twitter:label1\" content=\"Est. reading time\" \/>\n\t<meta name=\"twitter:data1\" content=\"2 minutes\" \/>\n<script type=\"application\/ld+json\" class=\"yoast-schema-graph\">{\"@context\":\"https:\/\/schema.org\",\"@graph\":[{\"@type\":\"WebPage\",\"@id\":\"https:\/\/www.loewen-apotheke24.com\/en\/shop\/dhu\/biochemie-dhu-7-magnesium-phosphoricum-d12-globuli-10g\/\",\"url\":\"https:\/\/www.loewen-apotheke24.com\/en\/shop\/dhu\/biochemie-dhu-7-magnesium-phosphoricum-d12-globuli-10g\/\",\"name\":\"Biochemie DHU 7 Magnesium phosphoricum D12 Globuli 10g\",\"isPartOf\":{\"@id\":\"https:\/\/www.loewen-apotheke24.com\/en\/#website\"},\"datePublished\":\"2017-08-16T12:34:42+00:00\",\"dateModified\":\"2025-09-10T13:45:02+00:00\",\"description\":\"L\u00f6wen Apotheke24 aus Baden-Baden, DE - kurze Lieferzeit - Spezialist f\u00fcr Naturheilkunde - Biochemie DHU 7 Magnesium phosphoricum D12 Globuli 10g\",\"breadcrumb\":{\"@id\":\"https:\/\/www.loewen-apotheke24.com\/en\/shop\/dhu\/biochemie-dhu-7-magnesium-phosphoricum-d12-globuli-10g\/#breadcrumb\"},\"inLanguage\":\"en-US\",\"potentialAction\":[{\"@type\":\"ReadAction\",\"target\":[\"https:\/\/www.loewen-apotheke24.com\/en\/shop\/dhu\/biochemie-dhu-7-magnesium-phosphoricum-d12-globuli-10g\/\"]}]},{\"@type\":\"BreadcrumbList\",\"@id\":\"https:\/\/www.loewen-apotheke24.com\/en\/shop\/dhu\/biochemie-dhu-7-magnesium-phosphoricum-d12-globuli-10g\/#breadcrumb\",\"itemListElement\":[{\"@type\":\"ListItem\",\"position\":1,\"name\":\"Shop\",\"item\":\"https:\/\/www.loewen-apotheke24.com\/en\/shop-3\/\"},{\"@type\":\"ListItem\",\"position\":2,\"name\":\"Biochemie DHU 7 Magnesium phosphoricum D12 Globuli 10g\"}]},{\"@type\":\"WebSite\",\"@id\":\"https:\/\/www.loewen-apotheke24.com\/en\/#website\",\"url\":\"https:\/\/www.loewen-apotheke24.com\/en\/\",\"name\":\"L\u00f6wen Apotheke24\",\"description\":\"Specialist for Natural Medicine - Mail order pharmacy Baden-Baden[:en]Your Specialist for Natural Medicine - Experts from Baden-Baden, Germany\",\"publisher\":{\"@id\":\"https:\/\/www.loewen-apotheke24.com\/en\/#organization\"},\"potentialAction\":[{\"@type\":\"SearchAction\",\"target\":{\"@type\":\"EntryPoint\",\"urlTemplate\":\"https:\/\/www.loewen-apotheke24.com\/en\/?s={search_term_string}\"},\"query-input\":\"required name=search_term_string\"}],\"inLanguage\":\"en-US\"},{\"@type\":\"Organization\",\"@id\":\"https:\/\/www.loewen-apotheke24.com\/en\/#organization\",\"name\":\"L\u00f6wen Apotheke\",\"alternateName\":\"L\u00f6wen Apotheke\",\"url\":\"https:\/\/www.loewen-apotheke24.com\/en\/\",\"logo\":{\"@type\":\"ImageObject\",\"inLanguage\":\"en-US\",\"@id\":\"https:\/\/www.loewen-apotheke24.com\/en\/#\/schema\/logo\/image\/\",\"url\":\"https:\/\/www.loewen-apotheke24.com\/wp-content\/uploads\/2024\/02\/Logo-Loewen-Apotheke-700x700-1.png\",\"contentUrl\":\"https:\/\/www.loewen-apotheke24.com\/wp-content\/uploads\/2024\/02\/Logo-Loewen-Apotheke-700x700-1.png\",\"width\":700,\"height\":700,\"caption\":\"L\u00f6wen Apotheke\"},\"image\":{\"@id\":\"https:\/\/www.loewen-apotheke24.com\/en\/#\/schema\/logo\/image\/\"}}]}<\/script>\n<!-- \/ Yoast SEO Premium plugin. -->","yoast_head_json":{"title":"Biochemie DHU 7 Magnesium phosphoricum D12 Globuli 10g","description":"L\u00f6wen Apotheke24 aus Baden-Baden, DE - kurze Lieferzeit - Spezialist f\u00fcr Naturheilkunde - Biochemie DHU 7 Magnesium phosphoricum D12 Globuli 10g","robots":{"index":"index","follow":"follow","max-snippet":"max-snippet:-1","max-image-preview":"max-image-preview:large","max-video-preview":"max-video-preview:-1"},"canonical":"https:\/\/www.loewen-apotheke24.com\/en\/shop\/dhu\/biochemie-dhu-7-magnesium-phosphoricum-d12-globuli-10g\/","og_locale":"en_US","og_type":"article","og_title":"Biochemie DHU 7 Magnesium phosphoricum D12 Globuli 10g","og_description":"L\u00f6wen Apotheke24 aus Baden-Baden, DE - kurze Lieferzeit - Spezialist f\u00fcr Naturheilkunde - Biochemie DHU 7 Magnesium phosphoricum D12 Globuli 10g","og_url":"https:\/\/www.loewen-apotheke24.com\/en\/shop\/dhu\/biochemie-dhu-7-magnesium-phosphoricum-d12-globuli-10g\/","og_site_name":"L\u00f6wen Apotheke24","article_modified_time":"2025-09-10T13:45:02+00:00","og_image":[{"width":600,"height":600,"url":"https:\/\/www.loewen-apotheke24.com\/wp-content\/uploads\/2017\/08\/biochemie-dhu-generik-loewen-apotheke24.webp","type":"image\/webp"}],"twitter_card":"summary_large_image","twitter_misc":{"Est. reading time":"2 minutes"},"schema":{"@context":"https:\/\/schema.org","@graph":[{"@type":"WebPage","@id":"https:\/\/www.loewen-apotheke24.com\/en\/shop\/dhu\/biochemie-dhu-7-magnesium-phosphoricum-d12-globuli-10g\/","url":"https:\/\/www.loewen-apotheke24.com\/en\/shop\/dhu\/biochemie-dhu-7-magnesium-phosphoricum-d12-globuli-10g\/","name":"Biochemie DHU 7 Magnesium phosphoricum D12 Globuli 10g","isPartOf":{"@id":"https:\/\/www.loewen-apotheke24.com\/en\/#website"},"datePublished":"2017-08-16T12:34:42+00:00","dateModified":"2025-09-10T13:45:02+00:00","description":"L\u00f6wen Apotheke24 aus Baden-Baden, DE - kurze Lieferzeit - Spezialist f\u00fcr Naturheilkunde - Biochemie DHU 7 Magnesium phosphoricum D12 Globuli 10g","breadcrumb":{"@id":"https:\/\/www.loewen-apotheke24.com\/en\/shop\/dhu\/biochemie-dhu-7-magnesium-phosphoricum-d12-globuli-10g\/#breadcrumb"},"inLanguage":"en-US","potentialAction":[{"@type":"ReadAction","target":["https:\/\/www.loewen-apotheke24.com\/en\/shop\/dhu\/biochemie-dhu-7-magnesium-phosphoricum-d12-globuli-10g\/"]}]},{"@type":"BreadcrumbList","@id":"https:\/\/www.loewen-apotheke24.com\/en\/shop\/dhu\/biochemie-dhu-7-magnesium-phosphoricum-d12-globuli-10g\/#breadcrumb","itemListElement":[{"@type":"ListItem","position":1,"name":"Shop","item":"https:\/\/www.loewen-apotheke24.com\/en\/shop-3\/"},{"@type":"ListItem","position":2,"name":"Biochemie DHU 7 Magnesium phosphoricum D12 Globuli 10g"}]},{"@type":"WebSite","@id":"https:\/\/www.loewen-apotheke24.com\/en\/#website","url":"https:\/\/www.loewen-apotheke24.com\/en\/","name":"L\u00f6wen Apotheke24","description":"Specialist for Natural Medicine - Mail order pharmacy Baden-Baden[:en]Your Specialist for Natural Medicine - Experts from Baden-Baden, Germany","publisher":{"@id":"https:\/\/www.loewen-apotheke24.com\/en\/#organization"},"potentialAction":[{"@type":"SearchAction","target":{"@type":"EntryPoint","urlTemplate":"https:\/\/www.loewen-apotheke24.com\/en\/?s={search_term_string}"},"query-input":"required name=search_term_string"}],"inLanguage":"en-US"},{"@type":"Organization","@id":"https:\/\/www.loewen-apotheke24.com\/en\/#organization","name":"L\u00f6wen Apotheke","alternateName":"L\u00f6wen Apotheke","url":"https:\/\/www.loewen-apotheke24.com\/en\/","logo":{"@type":"ImageObject","inLanguage":"en-US","@id":"https:\/\/www.loewen-apotheke24.com\/en\/#\/schema\/logo\/image\/","url":"https:\/\/www.loewen-apotheke24.com\/wp-content\/uploads\/2024\/02\/Logo-Loewen-Apotheke-700x700-1.png","contentUrl":"https:\/\/www.loewen-apotheke24.com\/wp-content\/uploads\/2024\/02\/Logo-Loewen-Apotheke-700x700-1.png","width":700,"height":700,"caption":"L\u00f6wen Apotheke"},"image":{"@id":"https:\/\/www.loewen-apotheke24.com\/en\/#\/schema\/logo\/image\/"}}]}},"_links":{"self":[{"href":"https:\/\/www.loewen-apotheke24.com\/en\/wp-json\/wp\/v2\/product\/1199"}],"collection":[{"href":"https:\/\/www.loewen-apotheke24.com\/en\/wp-json\/wp\/v2\/product"}],"about":[{"href":"https:\/\/www.loewen-apotheke24.com\/en\/wp-json\/wp\/v2\/types\/product"}],"wp:featuredmedia":[{"embeddable":true,"href":"https:\/\/www.loewen-apotheke24.com\/en\/wp-json\/wp\/v2\/media\/103878"}],"wp:attachment":[{"href":"https:\/\/www.loewen-apotheke24.com\/en\/wp-json\/wp\/v2\/media?parent=1199"}],"wp:term":[{"taxonomy":"product_cat","embeddable":true,"href":"https:\/\/www.loewen-apotheke24.com\/en\/wp-json\/wp\/v2\/product_cat?post=1199"},{"taxonomy":"product_tag","embeddable":true,"href":"https:\/\/www.loewen-apotheke24.com\/en\/wp-json\/wp\/v2\/product_tag?post=1199"}],"curies":[{"name":"wp","href":"https:\/\/api.w.org\/{rel}","templated":true}]}}