{"id":1326,"date":"2017-08-16T16:56:32","date_gmt":"2017-08-16T15:56:32","guid":{"rendered":"https:\/\/www.loewen-apotheke24.com\/?post_type=product&#038;p=1326"},"modified":"2025-09-11T14:51:13","modified_gmt":"2025-09-11T13:51:13","slug":"biochemie-pflueger-11-silicea-d12-creme-75g","status":"publish","type":"product","link":"https:\/\/www.loewen-apotheke24.com\/en\/shop\/pflueger\/biochemie-pflueger-11-silicea-d12-creme-75g\/","title":{"rendered":"Biochemie Pfl\u00fcger 11 Silicea D4 Creme 75g"},"content":{"rendered":"<h3 style=\"text-align: left;\">Biochemie Pfl\u00fcger 11 Silicea D4 Creme 75g<\/h3>\n<p>Das Salz des Bindegewebes, der Haut, Haare und N\u00e4gel.<\/p>\n<p>Je nach Bedarf bieten sich unterschiedliche Sch\u00fc\u00dfler-Salze zur Anwendung an. Dabei k\u00f6nnen auch verschiedene Mittel miteinander kombiniert werden.<\/p>\n<p>Die Hom\u00f6opathie ist als eine effiziente, nebenwirkungsarme Alternative zur Schulmedizin bekannt oder kann diese sinnvoll begleiten und unterst\u00fctzen. W\u00e4hrend in der Allopathie, wie die\u2008Schulmedizin auch genannt wird, der\u2008Fokus auf der Symptombehandlung liegt, versteht die Hom\u00f6opathie Krankheitssymptome als Reaktionen auf St\u00f6rursachen, die darauf hinweisen, dass der K\u00f6rper versucht, wieder selbstt\u00e4tig in sein Gleichgewicht zu gelangen. Hom\u00f6opathiebegr\u00fcnder Samuel Hahnemann nannte dieses Gleichgewicht die \u201cLebenskraft\u201d. Hom\u00f6opathische Mittel setzen in diesem Prozess einen kraftvollen Heilimpuls, der vom Organismus als Ganzes aufgenommen und regulativ beantwortet wird.<\/p>\n<p>Biochemie Pfl\u00fcger 11 Silicea D12. Je nach Bedarf bieten sich unterschiedliche Sch\u00fc\u00dfler-Salze zur Anwendung an. Dabei k\u00f6nnen auch verschiedene Mittel miteinander kombiniert werden.<\/p>\n<p><a href=\"https:\/\/www.pflueger.de\/\">Hier<\/a>\u00a0finden sie weitere Informationen zum Produkt<\/p>\n<p>weitere Produkte &amp; Packungsgr\u00f6\u00dfen finden sie hier :\u00a0<a href=\"https:\/\/www.loewen-apotheke24.com\/en\/product_cat\/pflueger-en\/?orderby=popularity\">Pfl\u00fcger<\/a><\/p>\n<p>Zu Risiken und Nebenwirkungen lesen Sie die Packungsbeilage und fragen Sie Ihren Arzt oder Apotheker.<\/p>\n","protected":false},"excerpt":{"rendered":"<h2 style=\"text-align: left;\">Biochemie Pfl\u00fcger 11 Silicea D4 Creme 75g<\/h2>\n<p>Das Salz des Bindegewebes, der Haut, Haare und N\u00e4gel<\/p>\n<p><strong>PZN<\/strong>: 05992822 (Pharmazentralnummer)<\/p>\n<p><strong>Darreichungsform<\/strong>:\u00a0 Creme<\/p>\n<p><strong>Marke<\/strong>:\u00a0<a href=\"https:\/\/www.loewen-apotheke24.com\/de\/product_cat\/pflueger\/?orderby=popularity\">Pfl\u00fcger<\/a><\/p>\n<p><strong>Hersteller<\/strong>:\u00a0<a href=\"https:\/\/www.loewen-apotheke24.com\/de\/product_cat\/pflueger\/?orderby=popularity\">Pfl\u00fcger<\/a><\/p>\n","protected":false},"featured_media":46428,"template":"","meta":[],"product_cat":[185],"product_tag":[176,190,169,187,186,178],"yoast_head":"<!-- This site is optimized with the Yoast SEO Premium plugin v21.0 (Yoast SEO v21.0) - https:\/\/yoast.com\/wordpress\/plugins\/seo\/ -->\n<title>Biochemie Pfl\u00fcger 11 Silicea D4 Creme 75g kaufen<\/title>\n<meta name=\"description\" content=\"{:de}L\u00f6wen Apotheke24 aus Baden-Baden, DE - kurze Lieferzeit - Spezialist f\u00fcr Naturheilkunde - Biochemie Pfl\u00fcger 11 Silicea D4 Creme 75g\" \/>\n<meta name=\"robots\" content=\"index, follow, max-snippet:-1, max-image-preview:large, max-video-preview:-1\" \/>\n<link rel=\"canonical\" href=\"https:\/\/www.loewen-apotheke24.com\/en\/shop\/pflueger\/biochemie-pflueger-11-silicea-d12-creme-75g\/\" \/>\n<meta property=\"og:locale\" content=\"en_US\" \/>\n<meta property=\"og:type\" content=\"article\" \/>\n<meta property=\"og:title\" content=\"Biochemie Pfl\u00fcger 11 Silicea D4 Creme 75g kaufen\" \/>\n<meta property=\"og:description\" content=\"{:de}L\u00f6wen Apotheke24 aus Baden-Baden, DE - kurze Lieferzeit - Spezialist f\u00fcr Naturheilkunde - Biochemie Pfl\u00fcger 11 Silicea D4 Creme 75g\" \/>\n<meta property=\"og:url\" content=\"https:\/\/www.loewen-apotheke24.com\/en\/shop\/pflueger\/biochemie-pflueger-11-silicea-d12-creme-75g\/\" \/>\n<meta property=\"og:site_name\" content=\"L\u00f6wen Apotheke24\" \/>\n<meta property=\"article:modified_time\" content=\"2025-09-11T13:51:13+00:00\" \/>\n<meta property=\"og:image\" content=\"https:\/\/www.loewen-apotheke24.com\/wp-content\/uploads\/2017\/08\/BIOCHEMIE-PFLUeGER-CREME.jpg\" \/>\n\t<meta property=\"og:image:width\" content=\"600\" \/>\n\t<meta property=\"og:image:height\" content=\"600\" \/>\n\t<meta property=\"og:image:type\" content=\"image\/jpeg\" \/>\n<meta name=\"twitter:card\" content=\"summary_large_image\" \/>\n<meta name=\"twitter:label1\" content=\"Est. reading time\" \/>\n\t<meta name=\"twitter:data1\" content=\"1 minute\" \/>\n<script type=\"application\/ld+json\" class=\"yoast-schema-graph\">{\"@context\":\"https:\/\/schema.org\",\"@graph\":[{\"@type\":\"WebPage\",\"@id\":\"https:\/\/www.loewen-apotheke24.com\/en\/shop\/pflueger\/biochemie-pflueger-11-silicea-d12-creme-75g\/\",\"url\":\"https:\/\/www.loewen-apotheke24.com\/en\/shop\/pflueger\/biochemie-pflueger-11-silicea-d12-creme-75g\/\",\"name\":\"Biochemie Pfl\u00fcger 11 Silicea D4 Creme 75g kaufen\",\"isPartOf\":{\"@id\":\"https:\/\/www.loewen-apotheke24.com\/en\/#website\"},\"datePublished\":\"2017-08-16T15:56:32+00:00\",\"dateModified\":\"2025-09-11T13:51:13+00:00\",\"description\":\"{:de}L\u00f6wen Apotheke24 aus Baden-Baden, DE - kurze Lieferzeit - Spezialist f\u00fcr Naturheilkunde - Biochemie Pfl\u00fcger 11 Silicea D4 Creme 75g\",\"breadcrumb\":{\"@id\":\"https:\/\/www.loewen-apotheke24.com\/en\/shop\/pflueger\/biochemie-pflueger-11-silicea-d12-creme-75g\/#breadcrumb\"},\"inLanguage\":\"en-US\",\"potentialAction\":[{\"@type\":\"ReadAction\",\"target\":[\"https:\/\/www.loewen-apotheke24.com\/en\/shop\/pflueger\/biochemie-pflueger-11-silicea-d12-creme-75g\/\"]}]},{\"@type\":\"BreadcrumbList\",\"@id\":\"https:\/\/www.loewen-apotheke24.com\/en\/shop\/pflueger\/biochemie-pflueger-11-silicea-d12-creme-75g\/#breadcrumb\",\"itemListElement\":[{\"@type\":\"ListItem\",\"position\":1,\"name\":\"Shop\",\"item\":\"https:\/\/www.loewen-apotheke24.com\/en\/shop-3\/\"},{\"@type\":\"ListItem\",\"position\":2,\"name\":\"Biochemie Pfl\u00fcger 11 Silicea D4 Creme 75g\"}]},{\"@type\":\"WebSite\",\"@id\":\"https:\/\/www.loewen-apotheke24.com\/en\/#website\",\"url\":\"https:\/\/www.loewen-apotheke24.com\/en\/\",\"name\":\"L\u00f6wen Apotheke24\",\"description\":\"Specialist for Natural Medicine - Mail order pharmacy Baden-Baden[:en]Your Specialist for Natural Medicine - Experts from Baden-Baden, Germany\",\"publisher\":{\"@id\":\"https:\/\/www.loewen-apotheke24.com\/en\/#organization\"},\"potentialAction\":[{\"@type\":\"SearchAction\",\"target\":{\"@type\":\"EntryPoint\",\"urlTemplate\":\"https:\/\/www.loewen-apotheke24.com\/en\/?s={search_term_string}\"},\"query-input\":\"required name=search_term_string\"}],\"inLanguage\":\"en-US\"},{\"@type\":\"Organization\",\"@id\":\"https:\/\/www.loewen-apotheke24.com\/en\/#organization\",\"name\":\"L\u00f6wen Apotheke\",\"alternateName\":\"L\u00f6wen Apotheke\",\"url\":\"https:\/\/www.loewen-apotheke24.com\/en\/\",\"logo\":{\"@type\":\"ImageObject\",\"inLanguage\":\"en-US\",\"@id\":\"https:\/\/www.loewen-apotheke24.com\/en\/#\/schema\/logo\/image\/\",\"url\":\"https:\/\/www.loewen-apotheke24.com\/wp-content\/uploads\/2024\/02\/Logo-Loewen-Apotheke-700x700-1.png\",\"contentUrl\":\"https:\/\/www.loewen-apotheke24.com\/wp-content\/uploads\/2024\/02\/Logo-Loewen-Apotheke-700x700-1.png\",\"width\":700,\"height\":700,\"caption\":\"L\u00f6wen Apotheke\"},\"image\":{\"@id\":\"https:\/\/www.loewen-apotheke24.com\/en\/#\/schema\/logo\/image\/\"}}]}<\/script>\n<!-- \/ Yoast SEO Premium plugin. -->","yoast_head_json":{"title":"Biochemie Pfl\u00fcger 11 Silicea D4 Creme 75g kaufen","description":"{:de}L\u00f6wen Apotheke24 aus Baden-Baden, DE - kurze Lieferzeit - Spezialist f\u00fcr Naturheilkunde - Biochemie Pfl\u00fcger 11 Silicea D4 Creme 75g","robots":{"index":"index","follow":"follow","max-snippet":"max-snippet:-1","max-image-preview":"max-image-preview:large","max-video-preview":"max-video-preview:-1"},"canonical":"https:\/\/www.loewen-apotheke24.com\/en\/shop\/pflueger\/biochemie-pflueger-11-silicea-d12-creme-75g\/","og_locale":"en_US","og_type":"article","og_title":"Biochemie Pfl\u00fcger 11 Silicea D4 Creme 75g kaufen","og_description":"{:de}L\u00f6wen Apotheke24 aus Baden-Baden, DE - kurze Lieferzeit - Spezialist f\u00fcr Naturheilkunde - Biochemie Pfl\u00fcger 11 Silicea D4 Creme 75g","og_url":"https:\/\/www.loewen-apotheke24.com\/en\/shop\/pflueger\/biochemie-pflueger-11-silicea-d12-creme-75g\/","og_site_name":"L\u00f6wen Apotheke24","article_modified_time":"2025-09-11T13:51:13+00:00","og_image":[{"width":600,"height":600,"url":"https:\/\/www.loewen-apotheke24.com\/wp-content\/uploads\/2017\/08\/BIOCHEMIE-PFLUeGER-CREME.jpg","type":"image\/jpeg"}],"twitter_card":"summary_large_image","twitter_misc":{"Est. reading time":"1 minute"},"schema":{"@context":"https:\/\/schema.org","@graph":[{"@type":"WebPage","@id":"https:\/\/www.loewen-apotheke24.com\/en\/shop\/pflueger\/biochemie-pflueger-11-silicea-d12-creme-75g\/","url":"https:\/\/www.loewen-apotheke24.com\/en\/shop\/pflueger\/biochemie-pflueger-11-silicea-d12-creme-75g\/","name":"Biochemie Pfl\u00fcger 11 Silicea D4 Creme 75g kaufen","isPartOf":{"@id":"https:\/\/www.loewen-apotheke24.com\/en\/#website"},"datePublished":"2017-08-16T15:56:32+00:00","dateModified":"2025-09-11T13:51:13+00:00","description":"{:de}L\u00f6wen Apotheke24 aus Baden-Baden, DE - kurze Lieferzeit - Spezialist f\u00fcr Naturheilkunde - Biochemie Pfl\u00fcger 11 Silicea D4 Creme 75g","breadcrumb":{"@id":"https:\/\/www.loewen-apotheke24.com\/en\/shop\/pflueger\/biochemie-pflueger-11-silicea-d12-creme-75g\/#breadcrumb"},"inLanguage":"en-US","potentialAction":[{"@type":"ReadAction","target":["https:\/\/www.loewen-apotheke24.com\/en\/shop\/pflueger\/biochemie-pflueger-11-silicea-d12-creme-75g\/"]}]},{"@type":"BreadcrumbList","@id":"https:\/\/www.loewen-apotheke24.com\/en\/shop\/pflueger\/biochemie-pflueger-11-silicea-d12-creme-75g\/#breadcrumb","itemListElement":[{"@type":"ListItem","position":1,"name":"Shop","item":"https:\/\/www.loewen-apotheke24.com\/en\/shop-3\/"},{"@type":"ListItem","position":2,"name":"Biochemie Pfl\u00fcger 11 Silicea D4 Creme 75g"}]},{"@type":"WebSite","@id":"https:\/\/www.loewen-apotheke24.com\/en\/#website","url":"https:\/\/www.loewen-apotheke24.com\/en\/","name":"L\u00f6wen Apotheke24","description":"Specialist for Natural Medicine - Mail order pharmacy Baden-Baden[:en]Your Specialist for Natural Medicine - Experts from Baden-Baden, Germany","publisher":{"@id":"https:\/\/www.loewen-apotheke24.com\/en\/#organization"},"potentialAction":[{"@type":"SearchAction","target":{"@type":"EntryPoint","urlTemplate":"https:\/\/www.loewen-apotheke24.com\/en\/?s={search_term_string}"},"query-input":"required name=search_term_string"}],"inLanguage":"en-US"},{"@type":"Organization","@id":"https:\/\/www.loewen-apotheke24.com\/en\/#organization","name":"L\u00f6wen Apotheke","alternateName":"L\u00f6wen Apotheke","url":"https:\/\/www.loewen-apotheke24.com\/en\/","logo":{"@type":"ImageObject","inLanguage":"en-US","@id":"https:\/\/www.loewen-apotheke24.com\/en\/#\/schema\/logo\/image\/","url":"https:\/\/www.loewen-apotheke24.com\/wp-content\/uploads\/2024\/02\/Logo-Loewen-Apotheke-700x700-1.png","contentUrl":"https:\/\/www.loewen-apotheke24.com\/wp-content\/uploads\/2024\/02\/Logo-Loewen-Apotheke-700x700-1.png","width":700,"height":700,"caption":"L\u00f6wen Apotheke"},"image":{"@id":"https:\/\/www.loewen-apotheke24.com\/en\/#\/schema\/logo\/image\/"}}]}},"_links":{"self":[{"href":"https:\/\/www.loewen-apotheke24.com\/en\/wp-json\/wp\/v2\/product\/1326"}],"collection":[{"href":"https:\/\/www.loewen-apotheke24.com\/en\/wp-json\/wp\/v2\/product"}],"about":[{"href":"https:\/\/www.loewen-apotheke24.com\/en\/wp-json\/wp\/v2\/types\/product"}],"wp:featuredmedia":[{"embeddable":true,"href":"https:\/\/www.loewen-apotheke24.com\/en\/wp-json\/wp\/v2\/media\/46428"}],"wp:attachment":[{"href":"https:\/\/www.loewen-apotheke24.com\/en\/wp-json\/wp\/v2\/media?parent=1326"}],"wp:term":[{"taxonomy":"product_cat","embeddable":true,"href":"https:\/\/www.loewen-apotheke24.com\/en\/wp-json\/wp\/v2\/product_cat?post=1326"},{"taxonomy":"product_tag","embeddable":true,"href":"https:\/\/www.loewen-apotheke24.com\/en\/wp-json\/wp\/v2\/product_tag?post=1326"}],"curies":[{"name":"wp","href":"https:\/\/api.w.org\/{rel}","templated":true}]}}