{"id":1343,"date":"2017-08-16T21:07:02","date_gmt":"2017-08-16T20:07:02","guid":{"rendered":"https:\/\/www.loewen-apotheke24.com\/?post_type=product&#038;p=1343"},"modified":"2025-02-24T19:58:49","modified_gmt":"2025-02-24T18:58:49","slug":"bach-original-bachblueten-rescue-pastillen-cranberry-50g-en","status":"publish","type":"product","link":"https:\/\/www.loewen-apotheke24.com\/en\/shop\/marke\/bach-original-bachblueten-rescue-pastillen-cranberry-50g-en\/","title":{"rendered":"Bach Original Bachbl\u00fcten Rescue Pastillen Cranberry 50g"},"content":{"rendered":"<h2 style=\"text-align: left;\">Bach Original Bachbl\u00fcten Rescue Pastillen Cranberry<\/h2>\n<p>Bach Original Bachbl\u00fcten Rescue Pastillen Cranberry: Original Rescue Produkte werden heute von Verbrauchern in emotional aufregenden Situationen wie z.B. einer Flugreise, einer Pr\u00fcfung, einem Zahnarzttermin oder Herausforderungen in Job und Alltag verwendet. Gelassen und stark durch den Tag.<\/p>\n<p>RESCUE Pastillen enthalten die Bach-Bl\u00fctenmischung RESCUE. Sie eignen sich besonders f\u00fcr Kinder und sind ideal f\u00fcr unterwegs. Wohltuender Genuss in vielen anspruchsvollen Alltagssituationen, wie z.B. in der Schule. Original RESCUE Pastillen gibt es in den fruchtigen Geschmacksrichtungen Schwarze Johannisbeere, Orange-Holunder und Cranberry. Alle Sorten sind alkohol- und zuckerfrei.<\/p>\n<p>Weitere Information finden Sie beim\u00a0<a href=\"https:\/\/www.nelsons.net\/de-de\/unsere-marken\" target=\"_blank\" rel=\"noopener noreferrer\">Hersteller Nelson.<\/a><\/p>\n<p>Andere Produkte der Bl\u00fctenmischung:\u00a0<a href=\"https:\/\/www.loewen-apotheke24.com\/en\/product_tag\/original-bach-en\/\">Bachbl\u00fcten\u00a0<\/a><\/p>\n<p>Zu Risiken und Nebenwirkungen lesen Sie die Packungsbeilage und fragen Sie Ihren Arzt oder Apotheker.<\/p>\n","protected":false},"excerpt":{"rendered":"<h2 style=\"text-align: left;\">Bach Original Bachbl\u00fcten Rescue Pastillen Cranberry 50g<\/h2>\n<p>Bach Original Bachbl\u00fcten Rescue Pastillen Cranberry 50g<\/p>\n<p><strong>PZN<\/strong>: 09704381 (Pharmazentralnummer)<\/p>\n<p><strong>Darreichungsform<\/strong>: Drops<\/p>\n<p><strong>Verordnungsart<\/strong>: Rezeptfrei<\/p>\n<p><strong>Marke<\/strong>:\u00a0<a href=\"https:\/\/www.loewen-apotheke24.com\/de\/product_tag\/original-bach\/\">Orginal Bach Rescue<\/a><\/p>\n<p><strong>Hersteller<\/strong>: Nelsons GmbH<\/p>\n","protected":false},"featured_media":69145,"template":"","meta":[],"product_cat":[43],"product_tag":[105,193,192,470],"yoast_head":"<!-- This site is optimized with the Yoast SEO Premium plugin v21.0 (Yoast SEO v21.0) - https:\/\/yoast.com\/wordpress\/plugins\/seo\/ -->\n<title>Bach Original Bachbl\u00fcten Rescue Pastillen Cranberry 50g<\/title>\n<meta name=\"description\" content=\"L\u00f6wen Apotheke24 - Spezialist f\u00fcr Naturheilkunde - kurze Lieferzeit - gratis Lieferung ab 30 \u20ac - Bach Original Bachbl\u00fcten Rescue Pastillen Cranberry\" \/>\n<meta name=\"robots\" content=\"index, follow, max-snippet:-1, max-image-preview:large, max-video-preview:-1\" \/>\n<link rel=\"canonical\" href=\"https:\/\/www.loewen-apotheke24.com\/en\/shop\/marke\/bach-original-bachblueten-rescue-pastillen-cranberry-50g-en\/\" \/>\n<meta property=\"og:locale\" content=\"en_US\" \/>\n<meta property=\"og:type\" content=\"article\" \/>\n<meta property=\"og:title\" content=\"Bach Original Bachbl\u00fcten Rescue Pastillen Cranberry 50g\" \/>\n<meta property=\"og:description\" content=\"L\u00f6wen Apotheke24 - Spezialist f\u00fcr Naturheilkunde - kurze Lieferzeit - gratis Lieferung ab 30 \u20ac - Bach Original Bachbl\u00fcten Rescue Pastillen Cranberry\" \/>\n<meta property=\"og:url\" content=\"https:\/\/www.loewen-apotheke24.com\/en\/shop\/marke\/bach-original-bachblueten-rescue-pastillen-cranberry-50g-en\/\" \/>\n<meta property=\"og:site_name\" content=\"L\u00f6wen Apotheke24\" \/>\n<meta property=\"article:modified_time\" content=\"2025-02-24T18:58:49+00:00\" \/>\n<meta property=\"og:image\" content=\"https:\/\/www.loewen-apotheke24.com\/wp-content\/uploads\/2018\/01\/Standard-Image-loewen-apotheke24-vitorgan-eigenproduktionen.webp\" \/>\n\t<meta property=\"og:image:width\" content=\"600\" \/>\n\t<meta property=\"og:image:height\" content=\"600\" \/>\n\t<meta property=\"og:image:type\" content=\"image\/webp\" \/>\n<meta name=\"twitter:card\" content=\"summary_large_image\" \/>\n<meta name=\"twitter:label1\" content=\"Est. reading time\" \/>\n\t<meta name=\"twitter:data1\" content=\"1 minute\" \/>\n<script type=\"application\/ld+json\" class=\"yoast-schema-graph\">{\"@context\":\"https:\/\/schema.org\",\"@graph\":[{\"@type\":\"WebPage\",\"@id\":\"https:\/\/www.loewen-apotheke24.com\/en\/shop\/marke\/bach-original-bachblueten-rescue-pastillen-cranberry-50g-en\/\",\"url\":\"https:\/\/www.loewen-apotheke24.com\/en\/shop\/marke\/bach-original-bachblueten-rescue-pastillen-cranberry-50g-en\/\",\"name\":\"Bach Original Bachbl\u00fcten Rescue Pastillen Cranberry 50g\",\"isPartOf\":{\"@id\":\"https:\/\/www.loewen-apotheke24.com\/en\/#website\"},\"datePublished\":\"2017-08-16T20:07:02+00:00\",\"dateModified\":\"2025-02-24T18:58:49+00:00\",\"description\":\"L\u00f6wen Apotheke24 - Spezialist f\u00fcr Naturheilkunde - kurze Lieferzeit - gratis Lieferung ab 30 \u20ac - Bach Original Bachbl\u00fcten Rescue Pastillen Cranberry\",\"breadcrumb\":{\"@id\":\"https:\/\/www.loewen-apotheke24.com\/en\/shop\/marke\/bach-original-bachblueten-rescue-pastillen-cranberry-50g-en\/#breadcrumb\"},\"inLanguage\":\"en-US\",\"potentialAction\":[{\"@type\":\"ReadAction\",\"target\":[\"https:\/\/www.loewen-apotheke24.com\/en\/shop\/marke\/bach-original-bachblueten-rescue-pastillen-cranberry-50g-en\/\"]}]},{\"@type\":\"BreadcrumbList\",\"@id\":\"https:\/\/www.loewen-apotheke24.com\/en\/shop\/marke\/bach-original-bachblueten-rescue-pastillen-cranberry-50g-en\/#breadcrumb\",\"itemListElement\":[{\"@type\":\"ListItem\",\"position\":1,\"name\":\"Shop\",\"item\":\"https:\/\/www.loewen-apotheke24.com\/en\/shop-3\/\"},{\"@type\":\"ListItem\",\"position\":2,\"name\":\"Bach Original Bachbl\u00fcten Rescue Pastillen Cranberry 50g\"}]},{\"@type\":\"WebSite\",\"@id\":\"https:\/\/www.loewen-apotheke24.com\/en\/#website\",\"url\":\"https:\/\/www.loewen-apotheke24.com\/en\/\",\"name\":\"L\u00f6wen Apotheke24\",\"description\":\"Specialist for Natural Medicine - Mail order pharmacy Baden-Baden[:en]Your Specialist for Natural Medicine - Experts from Baden-Baden, Germany\",\"publisher\":{\"@id\":\"https:\/\/www.loewen-apotheke24.com\/en\/#organization\"},\"potentialAction\":[{\"@type\":\"SearchAction\",\"target\":{\"@type\":\"EntryPoint\",\"urlTemplate\":\"https:\/\/www.loewen-apotheke24.com\/en\/?s={search_term_string}\"},\"query-input\":\"required name=search_term_string\"}],\"inLanguage\":\"en-US\"},{\"@type\":\"Organization\",\"@id\":\"https:\/\/www.loewen-apotheke24.com\/en\/#organization\",\"name\":\"L\u00f6wen Apotheke\",\"alternateName\":\"L\u00f6wen Apotheke\",\"url\":\"https:\/\/www.loewen-apotheke24.com\/en\/\",\"logo\":{\"@type\":\"ImageObject\",\"inLanguage\":\"en-US\",\"@id\":\"https:\/\/www.loewen-apotheke24.com\/en\/#\/schema\/logo\/image\/\",\"url\":\"https:\/\/www.loewen-apotheke24.com\/wp-content\/uploads\/2024\/02\/Logo-Loewen-Apotheke-700x700-1.png\",\"contentUrl\":\"https:\/\/www.loewen-apotheke24.com\/wp-content\/uploads\/2024\/02\/Logo-Loewen-Apotheke-700x700-1.png\",\"width\":700,\"height\":700,\"caption\":\"L\u00f6wen Apotheke\"},\"image\":{\"@id\":\"https:\/\/www.loewen-apotheke24.com\/en\/#\/schema\/logo\/image\/\"}}]}<\/script>\n<!-- \/ Yoast SEO Premium plugin. -->","yoast_head_json":{"title":"Bach Original Bachbl\u00fcten Rescue Pastillen Cranberry 50g","description":"L\u00f6wen Apotheke24 - Spezialist f\u00fcr Naturheilkunde - kurze Lieferzeit - gratis Lieferung ab 30 \u20ac - Bach Original Bachbl\u00fcten Rescue Pastillen Cranberry","robots":{"index":"index","follow":"follow","max-snippet":"max-snippet:-1","max-image-preview":"max-image-preview:large","max-video-preview":"max-video-preview:-1"},"canonical":"https:\/\/www.loewen-apotheke24.com\/en\/shop\/marke\/bach-original-bachblueten-rescue-pastillen-cranberry-50g-en\/","og_locale":"en_US","og_type":"article","og_title":"Bach Original Bachbl\u00fcten Rescue Pastillen Cranberry 50g","og_description":"L\u00f6wen Apotheke24 - Spezialist f\u00fcr Naturheilkunde - kurze Lieferzeit - gratis Lieferung ab 30 \u20ac - Bach Original Bachbl\u00fcten Rescue Pastillen Cranberry","og_url":"https:\/\/www.loewen-apotheke24.com\/en\/shop\/marke\/bach-original-bachblueten-rescue-pastillen-cranberry-50g-en\/","og_site_name":"L\u00f6wen Apotheke24","article_modified_time":"2025-02-24T18:58:49+00:00","og_image":[{"width":600,"height":600,"url":"https:\/\/www.loewen-apotheke24.com\/wp-content\/uploads\/2018\/01\/Standard-Image-loewen-apotheke24-vitorgan-eigenproduktionen.webp","type":"image\/webp"}],"twitter_card":"summary_large_image","twitter_misc":{"Est. reading time":"1 minute"},"schema":{"@context":"https:\/\/schema.org","@graph":[{"@type":"WebPage","@id":"https:\/\/www.loewen-apotheke24.com\/en\/shop\/marke\/bach-original-bachblueten-rescue-pastillen-cranberry-50g-en\/","url":"https:\/\/www.loewen-apotheke24.com\/en\/shop\/marke\/bach-original-bachblueten-rescue-pastillen-cranberry-50g-en\/","name":"Bach Original Bachbl\u00fcten Rescue Pastillen Cranberry 50g","isPartOf":{"@id":"https:\/\/www.loewen-apotheke24.com\/en\/#website"},"datePublished":"2017-08-16T20:07:02+00:00","dateModified":"2025-02-24T18:58:49+00:00","description":"L\u00f6wen Apotheke24 - Spezialist f\u00fcr Naturheilkunde - kurze Lieferzeit - gratis Lieferung ab 30 \u20ac - Bach Original Bachbl\u00fcten Rescue Pastillen Cranberry","breadcrumb":{"@id":"https:\/\/www.loewen-apotheke24.com\/en\/shop\/marke\/bach-original-bachblueten-rescue-pastillen-cranberry-50g-en\/#breadcrumb"},"inLanguage":"en-US","potentialAction":[{"@type":"ReadAction","target":["https:\/\/www.loewen-apotheke24.com\/en\/shop\/marke\/bach-original-bachblueten-rescue-pastillen-cranberry-50g-en\/"]}]},{"@type":"BreadcrumbList","@id":"https:\/\/www.loewen-apotheke24.com\/en\/shop\/marke\/bach-original-bachblueten-rescue-pastillen-cranberry-50g-en\/#breadcrumb","itemListElement":[{"@type":"ListItem","position":1,"name":"Shop","item":"https:\/\/www.loewen-apotheke24.com\/en\/shop-3\/"},{"@type":"ListItem","position":2,"name":"Bach Original Bachbl\u00fcten Rescue Pastillen Cranberry 50g"}]},{"@type":"WebSite","@id":"https:\/\/www.loewen-apotheke24.com\/en\/#website","url":"https:\/\/www.loewen-apotheke24.com\/en\/","name":"L\u00f6wen Apotheke24","description":"Specialist for Natural Medicine - Mail order pharmacy Baden-Baden[:en]Your Specialist for Natural Medicine - Experts from Baden-Baden, Germany","publisher":{"@id":"https:\/\/www.loewen-apotheke24.com\/en\/#organization"},"potentialAction":[{"@type":"SearchAction","target":{"@type":"EntryPoint","urlTemplate":"https:\/\/www.loewen-apotheke24.com\/en\/?s={search_term_string}"},"query-input":"required name=search_term_string"}],"inLanguage":"en-US"},{"@type":"Organization","@id":"https:\/\/www.loewen-apotheke24.com\/en\/#organization","name":"L\u00f6wen Apotheke","alternateName":"L\u00f6wen Apotheke","url":"https:\/\/www.loewen-apotheke24.com\/en\/","logo":{"@type":"ImageObject","inLanguage":"en-US","@id":"https:\/\/www.loewen-apotheke24.com\/en\/#\/schema\/logo\/image\/","url":"https:\/\/www.loewen-apotheke24.com\/wp-content\/uploads\/2024\/02\/Logo-Loewen-Apotheke-700x700-1.png","contentUrl":"https:\/\/www.loewen-apotheke24.com\/wp-content\/uploads\/2024\/02\/Logo-Loewen-Apotheke-700x700-1.png","width":700,"height":700,"caption":"L\u00f6wen Apotheke"},"image":{"@id":"https:\/\/www.loewen-apotheke24.com\/en\/#\/schema\/logo\/image\/"}}]}},"_links":{"self":[{"href":"https:\/\/www.loewen-apotheke24.com\/en\/wp-json\/wp\/v2\/product\/1343"}],"collection":[{"href":"https:\/\/www.loewen-apotheke24.com\/en\/wp-json\/wp\/v2\/product"}],"about":[{"href":"https:\/\/www.loewen-apotheke24.com\/en\/wp-json\/wp\/v2\/types\/product"}],"wp:featuredmedia":[{"embeddable":true,"href":"https:\/\/www.loewen-apotheke24.com\/en\/wp-json\/wp\/v2\/media\/69145"}],"wp:attachment":[{"href":"https:\/\/www.loewen-apotheke24.com\/en\/wp-json\/wp\/v2\/media?parent=1343"}],"wp:term":[{"taxonomy":"product_cat","embeddable":true,"href":"https:\/\/www.loewen-apotheke24.com\/en\/wp-json\/wp\/v2\/product_cat?post=1343"},{"taxonomy":"product_tag","embeddable":true,"href":"https:\/\/www.loewen-apotheke24.com\/en\/wp-json\/wp\/v2\/product_tag?post=1343"}],"curies":[{"name":"wp","href":"https:\/\/api.w.org\/{rel}","templated":true}]}}